
{"id":919,"date":"2017-07-10T13:46:07","date_gmt":"2017-07-10T13:46:07","guid":{"rendered":"http:\/\/www.ysb.ca\/housing\/"},"modified":"2022-09-15T11:40:26","modified_gmt":"2022-09-15T15:40:26","slug":"logement","status":"publish","type":"page","link":"https:\/\/www.ysb.ca\/fr\/pour-les-jeunes\/services\/logement\/","title":{"rendered":"Logement"},"content":{"rendered":"<div class=\"wpb-content-wrapper\">[vc_row fullwidth=\u00a0\u00bbtrue\u00a0\u00bb][vc_column]\n        <div class=\"ysb-banner-wrapper\" style=\"background-image: url(https:\/\/www.ysb.ca\/wp-content\/uploads\/2017\/09\/youthservices.jpg);\">\n         \n            <div class=\"ysb-title-wrapper mk-animate-element bottom-to-top mk-in-viewport\" style=\"background-image: url();\">\n\t\t\t\t<h1 class=\"ysb-banner-title\">J'ai besoin d'un logement<\/h1>\n\t\t\t\t\n\t\t\t<\/div>\n         \n        <\/div>[\/vc_column][\/vc_row][vc_row css=\u00a0\u00bb.vc_custom_1507302775462{padding-top: 80px !important;}\u00a0\u00bb][vc_column][vc_column_text css=\u00a0\u00bb.vc_custom_1516897215722{margin-bottom: 0px !important;}\u00a0\u00bb]Le BSJ offre les n\u00e9cessit\u00e9s de subsistance aux jeunes qui ont besoin de nourriture, de v\u00eatements, d\u2019un abri et de soins.[\/vc_column_text][\/vc_column][\/vc_row][vc_row][vc_column][mk_padding_divider size=\u00a0\u00bb24&Prime;][\/vc_column][\/vc_row][vc_row css=\u00a0\u00bb.vc_custom_1507303371671{padding-bottom: 60px !important;}\u00a0\u00bb][vc_column][vc_column_text css=\u00a0\u00bb.vc_custom_1604064433137{margin-bottom: 0px !important;}\u00a0\u00bb]\n<h2><a href=\"\/fr\/services\/services-communautaires-logement\/centre-ville-halte-accueil\/\">Services du centre-ville et la halte-accueil<\/a><\/h2>\n<p>Visitez les <a href=\"\/fr\/services\/services-communautaires-logement\/centre-ville-halte-accueil\/\">Services du centre-ville et la halte-accueil<\/a>. Nous vous fournirons de la nourriture et des v\u00eatements, ainsi que l\u2019acc\u00e8s \u00e0 des services m\u00e9dicaux, \u00e0 des douches, \u00e0 des installations de buanderie et plus encore. Le personnel peut \u00e9galement vous aider \u00e0 trouver un endroit s\u00e9curitaire o\u00f9 passer la nuit.<\/p>\n<p>613-241-7788, poste 300[\/vc_column_text][vc_column_text css=\u00a0\u00bb.vc_custom_1663256405974{margin-bottom: 0px !important;}\u00a0\u00bb]\n<h2><a href=\"\/fr\/services\/services-communautaires-logement\/logement-service-urgence\/\">Service d&rsquo;urgence<\/a><\/h2>\n<p>L&rsquo;<a href=\"\/fr\/services\/services-communautaires-logement\/logement-service-urgence\/abri-jeunes-hommes\/\">Abri d\u2019urgence pour jeunes hommes<\/a> et l&rsquo;<a href=\"\/fr\/services\/services-communautaires-logement\/logement-service-urgence\/abri-jeunes-femmes\/\">Abri d\u2019urgence pour jeunes femmes<\/a> desservent les jeunes \u00e2g\u00e9s de 16 \u00e0 20 ans, 365 jours par ann\u00e9e.<\/p>\n<p><a href=\"\/fr\/services\/services-communautaires-logement\/logement-service-urgence\/abri-jeunes-hommes\/\">Cliquez\u00a0 ici\u00a0 pour obtenir plus de renseignment sur l&rsquo;Abri d\u2019urgence pour jeunes hommes<\/a>, ou communiquez avec eux par t\u00e9lephone au\u00a0 613 907-8975<\/p>\n<p><a href=\"\/fr\/services\/services-communautaires-logement\/logement-service-urgence\/abri-jeunes-femmes\/\">Cliquez ici pour obtenir plus de renseignments sur l&rsquo;Abri d\u2019urgence pour jeunes femmes<\/a>, ou communiquez avec eux par t\u00e9lephone au 613 907-8975 ou 613 789-8220[\/vc_column_text][vc_column_text css=\u00a0\u00bb.vc_custom_1663256419309{margin-bottom: 0px !important;}\u00a0\u00bb]\n<h2><a href=\"\/fr\/services\/services-communautaires-logement\/logement-service-urgence\/logement-long-terme\/\">Programme de logement \u00e0 long terme<\/a><\/h2>\n<p>Les jeunes de 16 \u00e0 21 ans qui ont besoin de soutien pour vivre de fa\u00e7on autonome peuvent obtenir de plus amples renseignements au sujet du programme et comment faire demande soit en cliquant sur le <a href=\"\/fr\/services\/services-communautaires-logement\/logement-service-urgence\/logement-long-terme\/\">lien <\/a>ci-bas, soit en communiquant avec la coordonnatrice du programme en personne \u00e0 l&rsquo;Halte- accueil du centre-ville ou par t\u00e9l\u00e9phone au num\u00e9ro ci-bas.<\/p>\n<p>Cliquez ici pour obtenir plus de renseignment sur le <a href=\"\/fr\/services\/services-communautaires-logement\/logement-service-urgence\/logement-long-terme\/\">Programme de logement \u00e0 long terme<\/a>,\u00a0 ou communiquez avec eux par t\u00e9lephone au\u00a0 613 288-1343, poste 223[\/vc_column_text][vc_column_text css=\u00a0\u00bb.vc_custom_1663256413974{margin-bottom: 0px !important;}\u00a0\u00bb]\n<h2><a href=\"\/fr\/services\/services-communautaires-logement\/\">Programme de logement de transition <\/a><\/h2>\n<p>Le Programme de logement de transition offre, aux jeunes eligibles, des appartements avec services de soutien, mi-autonomes, abordables et partiellement meubl\u00e9s pour une p\u00e9riode maximale de un an.<\/p>\n<p><a href=\"\/fr\/services\/services-communautaires-logement\/logement-service-urgence\/programme-logement-transition-jeunes-hommes\/\">Cliquez ici pour obtenir plus de renseignment sur le Programme de logement pour jeunes hommes<\/a><\/p>\n<p><a href=\"\/fr\/services\/services-communautaires-logement\/logement-service-urgence\/programme-logement-transition-jeunes-femmes\/\">Cliquez ici pour obtenir plus de renseignment sur le Programme de logement pour jeunes femmes<\/a>[\/vc_column_text][vc_column_text css=\u00a0\u00bb.vc_custom_1516897734580{margin-bottom: 0px !important;}\u00a0\u00bb]\n<h2><a href=\"\/fr\/services\/services-communautaires-logement\/clinique-sante-jeunes\/\">Clinique de sant\u00e9 pour les jeunes<\/a><\/h2>\n<p>La <a href=\"\/fr\/services\/services-communautaires-logement\/clinique-sante-jeunes\/\">Clinique de sant\u00e9 pour les jeunes<\/a> est un service sans rendez-vous qui offre un acc\u00e8s facile \u00e0 des services de sant\u00e9 gratuits, comme des cliniques de sant\u00e9 m\u00e9dicale, dentaires et sexuelle. Les jeunes peuvent \u00e9galement obtenir de l\u2019aide pour des probl\u00e8mes de sant\u00e9 mentale et de toxicomanie.<\/p>\n<p><strong>T\u00e9l\u00e9phone :<\/strong> 613 241-7913, poste 222[\/vc_column_text][vc_column_text css=\u00a0\u00bb.vc_custom_1604064447390{margin-bottom: 0px !important;}\u00a0\u00bb]\n<h2><a href=\"\/fr\/services\/services-communautaires-logement\/logement-tutelle\/\">Logement et de tutelle<\/a><\/h2>\n<p>Le programme de <a href=\"\/fr\/services\/services-communautaires-logement\/logement-tutelle\/\">Logement et de tutelle<\/a> aide les jeunes \u00e0 trouver et \u00e0 garder un logement s\u00e9curitaire\u2014nous nous concentrons sur les services d\u2019abri d\u2019urgence, mais nous pouvons \u00e9galement vous aider \u00e0 trouver des solutions \u00e0 long terme.<\/p>\n<p><strong>T\u00e9l\u00e9phone :<\/strong> 613 241-7913, poste 300[\/vc_column_text][vc_column_text css=\u00a0\u00bb.vc_custom_1516897780292{margin-bottom: 0px !important;}\u00a0\u00bb]\n<h2><a href=\"http:\/\/appow.mcss.gov.on.ca\/EligibilityEstimator\/index.aspx?lang=fr_CA\">Estimateur d&rsquo;admissibilit\u00e9 \u00e0 l&rsquo;aide sociale<\/a><\/h2>\n<p>L&rsquo;Ontario offre deux programmes d&rsquo;aide sociale aux personnes qui ont des besoins financiers : Ontario au travailet le Programme ontarien de soutien aux personnes handicap\u00e9es. L&rsquo;estimateur d&rsquo;admissibilit\u00e9 est un moyen rapide de savoir si vous pourriez avoir droit \u00e0 l&rsquo;un ou l&rsquo;autre de ces programmes, ou aux deux. Cela prendra de 2 \u00e0 5 minutes.[\/vc_column_text][\/vc_column][\/vc_row]\n<\/div>","protected":false},"excerpt":{"rendered":"<p>[vc_row fullwidth=\u00a0\u00bbtrue\u00a0\u00bb][vc_column][\/vc_column][\/vc_row][vc_row css=\u00a0\u00bb.vc_custom_1507302775462{padding-top: 80px !important;}\u00a0\u00bb][vc_column][vc_column_text css=\u00a0\u00bb.vc_custom_1516897215722{margin-bottom: 0px !important;}\u00a0\u00bb]Le BSJ offre les n\u00e9cessit\u00e9s de subsistance aux jeunes qui ont besoin de nourriture, de v\u00eatements, d\u2019un abri et de soins.[\/vc_column_text][\/vc_column][\/vc_row][vc_row][vc_column][mk_padding_divider size=\u00a0\u00bb24&Prime;][\/vc_column][\/vc_row][vc_row css=\u00a0\u00bb.vc_custom_1507303371671{padding-bottom: 60px !important;}\u00a0\u00bb][vc_column][vc_column_text css=\u00a0\u00bb.vc_custom_1604064433137{margin-bottom: 0px !important;}\u00a0\u00bb] Services du centre-ville et la halte-accueil Visitez les Services du centre-ville et la halte-accueil. Nous vous fournirons de la nourriture [&hellip;]<\/p>\n","protected":false},"author":1,"featured_media":0,"parent":1741,"menu_order":276,"comment_status":"closed","ping_status":"closed","template":"","meta":{"rs_blank_template":"","rs_page_bg_color":"#ffffff","slide_template_v7":"","footnotes":""},"class_list":["post-919","page","type-page","status-publish","hentry"],"yoast_head":"<!-- This site is optimized with the Yoast SEO plugin v27.3 - https:\/\/yoast.com\/product\/yoast-seo-wordpress\/ -->\n<title>Logement - Youth Services Jeunesse<\/title>\n<meta name=\"robots\" content=\"index, follow, max-snippet:-1, max-image-preview:large, max-video-preview:-1\" \/>\n<link rel=\"canonical\" href=\"https:\/\/www.ysb.ca\/fr\/pour-les-jeunes\/services\/logement\/\" \/>\n<meta property=\"og:locale\" content=\"fr_FR\" \/>\n<meta property=\"og:type\" content=\"article\" \/>\n<meta property=\"og:title\" content=\"Logement - Youth Services Jeunesse\" \/>\n<meta property=\"og:description\" content=\"[vc_row fullwidth=\u00a0\u00bbtrue\u00a0\u00bb][vc_column][\/vc_column][\/vc_row][vc_row css=\u00a0\u00bb.vc_custom_1507302775462{padding-top: 80px !important;}\u00a0\u00bb][vc_column][vc_column_text css=\u00a0\u00bb.vc_custom_1516897215722{margin-bottom: 0px !important;}\u00a0\u00bb]Le BSJ offre les n\u00e9cessit\u00e9s de subsistance aux jeunes qui ont besoin de nourriture, de v\u00eatements, d\u2019un abri et de soins.[\/vc_column_text][\/vc_column][\/vc_row][vc_row][vc_column][mk_padding_divider size=\u00a0\u00bb24&Prime;][\/vc_column][\/vc_row][vc_row css=\u00a0\u00bb.vc_custom_1507303371671{padding-bottom: 60px !important;}\u00a0\u00bb][vc_column][vc_column_text css=\u00a0\u00bb.vc_custom_1604064433137{margin-bottom: 0px !important;}\u00a0\u00bb] Services du centre-ville et la halte-accueil Visitez les Services du centre-ville et la halte-accueil. Nous vous fournirons de la nourriture [&hellip;]\" \/>\n<meta property=\"og:url\" content=\"https:\/\/www.ysb.ca\/fr\/pour-les-jeunes\/services\/logement\/\" \/>\n<meta property=\"og:site_name\" content=\"Youth Services Jeunesse\" \/>\n<meta property=\"article:modified_time\" content=\"2022-09-15T15:40:26+00:00\" \/>\n<meta name=\"twitter:card\" content=\"summary_large_image\" \/>\n<meta name=\"twitter:label1\" content=\"Dur\u00e9e de lecture estim\u00e9e\" \/>\n\t<meta name=\"twitter:data1\" content=\"3 minutes\" \/>\n<script type=\"application\/ld+json\" class=\"yoast-schema-graph\">{\"@context\":\"https:\\\/\\\/schema.org\",\"@graph\":[{\"@type\":\"WebPage\",\"@id\":\"https:\\\/\\\/www.ysb.ca\\\/fr\\\/pour-les-jeunes\\\/services\\\/logement\\\/\",\"url\":\"https:\\\/\\\/www.ysb.ca\\\/fr\\\/pour-les-jeunes\\\/services\\\/logement\\\/\",\"name\":\"Logement - Youth Services Jeunesse\",\"isPartOf\":{\"@id\":\"https:\\\/\\\/www.ysb.ca\\\/fr\\\/#website\"},\"datePublished\":\"2017-07-10T13:46:07+00:00\",\"dateModified\":\"2022-09-15T15:40:26+00:00\",\"breadcrumb\":{\"@id\":\"https:\\\/\\\/www.ysb.ca\\\/fr\\\/pour-les-jeunes\\\/services\\\/logement\\\/#breadcrumb\"},\"inLanguage\":\"fr-FR\",\"potentialAction\":[{\"@type\":\"ReadAction\",\"target\":[\"https:\\\/\\\/www.ysb.ca\\\/fr\\\/pour-les-jeunes\\\/services\\\/logement\\\/\"]}]},{\"@type\":\"BreadcrumbList\",\"@id\":\"https:\\\/\\\/www.ysb.ca\\\/fr\\\/pour-les-jeunes\\\/services\\\/logement\\\/#breadcrumb\",\"itemListElement\":[{\"@type\":\"ListItem\",\"position\":1,\"name\":\"Home\",\"item\":\"https:\\\/\\\/www.ysb.ca\\\/fr\\\/\"},{\"@type\":\"ListItem\",\"position\":2,\"name\":\"Pour les jeunes\",\"item\":\"https:\\\/\\\/www.ysb.ca\\\/fr\\\/pour-les-jeunes\\\/\"},{\"@type\":\"ListItem\",\"position\":3,\"name\":\"Services pour les jeunes\",\"item\":\"https:\\\/\\\/www.ysb.ca\\\/fr\\\/pour-les-jeunes\\\/services\\\/\"},{\"@type\":\"ListItem\",\"position\":4,\"name\":\"Logement\"}]},{\"@type\":\"WebSite\",\"@id\":\"https:\\\/\\\/www.ysb.ca\\\/fr\\\/#website\",\"url\":\"https:\\\/\\\/www.ysb.ca\\\/fr\\\/\",\"name\":\"Youth Services Jeunesse\",\"description\":\"Ottawa Youth Services Jeunesse\",\"publisher\":{\"@id\":\"https:\\\/\\\/www.ysb.ca\\\/fr\\\/#organization\"},\"potentialAction\":[{\"@type\":\"SearchAction\",\"target\":{\"@type\":\"EntryPoint\",\"urlTemplate\":\"https:\\\/\\\/www.ysb.ca\\\/fr\\\/?s={search_term_string}\"},\"query-input\":{\"@type\":\"PropertyValueSpecification\",\"valueRequired\":true,\"valueName\":\"search_term_string\"}}],\"inLanguage\":\"fr-FR\"},{\"@type\":\"Organization\",\"@id\":\"https:\\\/\\\/www.ysb.ca\\\/fr\\\/#organization\",\"name\":\"Youth Services Jeunesse\",\"url\":\"https:\\\/\\\/www.ysb.ca\\\/fr\\\/\",\"logo\":{\"@type\":\"ImageObject\",\"inLanguage\":\"fr-FR\",\"@id\":\"https:\\\/\\\/www.ysb.ca\\\/fr\\\/#\\\/schema\\\/logo\\\/image\\\/\",\"url\":\"https:\\\/\\\/www.ysb.ca\\\/wp-content\\\/uploads\\\/2020\\\/09\\\/ysb-logo.png\",\"contentUrl\":\"https:\\\/\\\/www.ysb.ca\\\/wp-content\\\/uploads\\\/2020\\\/09\\\/ysb-logo.png\",\"width\":238,\"height\":94,\"caption\":\"Youth Services Jeunesse\"},\"image\":{\"@id\":\"https:\\\/\\\/www.ysb.ca\\\/fr\\\/#\\\/schema\\\/logo\\\/image\\\/\"},\"sameAs\":[\"https:\\\/\\\/www.instagram.com\\\/ysb.bsj\\\/\",\"https:\\\/\\\/www.youtube.com\\\/user\\\/YSBOttawa\"]}]}<\/script>\n<!-- \/ Yoast SEO plugin. -->","yoast_head_json":{"title":"Logement - Youth Services Jeunesse","robots":{"index":"index","follow":"follow","max-snippet":"max-snippet:-1","max-image-preview":"max-image-preview:large","max-video-preview":"max-video-preview:-1"},"canonical":"https:\/\/www.ysb.ca\/fr\/pour-les-jeunes\/services\/logement\/","og_locale":"fr_FR","og_type":"article","og_title":"Logement - Youth Services Jeunesse","og_description":"[vc_row fullwidth=\u00a0\u00bbtrue\u00a0\u00bb][vc_column][\/vc_column][\/vc_row][vc_row css=\u00a0\u00bb.vc_custom_1507302775462{padding-top: 80px !important;}\u00a0\u00bb][vc_column][vc_column_text css=\u00a0\u00bb.vc_custom_1516897215722{margin-bottom: 0px !important;}\u00a0\u00bb]Le BSJ offre les n\u00e9cessit\u00e9s de subsistance aux jeunes qui ont besoin de nourriture, de v\u00eatements, d\u2019un abri et de soins.[\/vc_column_text][\/vc_column][\/vc_row][vc_row][vc_column][mk_padding_divider size=\u00a0\u00bb24&Prime;][\/vc_column][\/vc_row][vc_row css=\u00a0\u00bb.vc_custom_1507303371671{padding-bottom: 60px !important;}\u00a0\u00bb][vc_column][vc_column_text css=\u00a0\u00bb.vc_custom_1604064433137{margin-bottom: 0px !important;}\u00a0\u00bb] Services du centre-ville et la halte-accueil Visitez les Services du centre-ville et la halte-accueil. Nous vous fournirons de la nourriture [&hellip;]","og_url":"https:\/\/www.ysb.ca\/fr\/pour-les-jeunes\/services\/logement\/","og_site_name":"Youth Services Jeunesse","article_modified_time":"2022-09-15T15:40:26+00:00","twitter_card":"summary_large_image","twitter_misc":{"Dur\u00e9e de lecture estim\u00e9e":"3 minutes"},"schema":{"@context":"https:\/\/schema.org","@graph":[{"@type":"WebPage","@id":"https:\/\/www.ysb.ca\/fr\/pour-les-jeunes\/services\/logement\/","url":"https:\/\/www.ysb.ca\/fr\/pour-les-jeunes\/services\/logement\/","name":"Logement - Youth Services Jeunesse","isPartOf":{"@id":"https:\/\/www.ysb.ca\/fr\/#website"},"datePublished":"2017-07-10T13:46:07+00:00","dateModified":"2022-09-15T15:40:26+00:00","breadcrumb":{"@id":"https:\/\/www.ysb.ca\/fr\/pour-les-jeunes\/services\/logement\/#breadcrumb"},"inLanguage":"fr-FR","potentialAction":[{"@type":"ReadAction","target":["https:\/\/www.ysb.ca\/fr\/pour-les-jeunes\/services\/logement\/"]}]},{"@type":"BreadcrumbList","@id":"https:\/\/www.ysb.ca\/fr\/pour-les-jeunes\/services\/logement\/#breadcrumb","itemListElement":[{"@type":"ListItem","position":1,"name":"Home","item":"https:\/\/www.ysb.ca\/fr\/"},{"@type":"ListItem","position":2,"name":"Pour les jeunes","item":"https:\/\/www.ysb.ca\/fr\/pour-les-jeunes\/"},{"@type":"ListItem","position":3,"name":"Services pour les jeunes","item":"https:\/\/www.ysb.ca\/fr\/pour-les-jeunes\/services\/"},{"@type":"ListItem","position":4,"name":"Logement"}]},{"@type":"WebSite","@id":"https:\/\/www.ysb.ca\/fr\/#website","url":"https:\/\/www.ysb.ca\/fr\/","name":"Youth Services Jeunesse","description":"Ottawa Youth Services Jeunesse","publisher":{"@id":"https:\/\/www.ysb.ca\/fr\/#organization"},"potentialAction":[{"@type":"SearchAction","target":{"@type":"EntryPoint","urlTemplate":"https:\/\/www.ysb.ca\/fr\/?s={search_term_string}"},"query-input":{"@type":"PropertyValueSpecification","valueRequired":true,"valueName":"search_term_string"}}],"inLanguage":"fr-FR"},{"@type":"Organization","@id":"https:\/\/www.ysb.ca\/fr\/#organization","name":"Youth Services Jeunesse","url":"https:\/\/www.ysb.ca\/fr\/","logo":{"@type":"ImageObject","inLanguage":"fr-FR","@id":"https:\/\/www.ysb.ca\/fr\/#\/schema\/logo\/image\/","url":"https:\/\/www.ysb.ca\/wp-content\/uploads\/2020\/09\/ysb-logo.png","contentUrl":"https:\/\/www.ysb.ca\/wp-content\/uploads\/2020\/09\/ysb-logo.png","width":238,"height":94,"caption":"Youth Services Jeunesse"},"image":{"@id":"https:\/\/www.ysb.ca\/fr\/#\/schema\/logo\/image\/"},"sameAs":["https:\/\/www.instagram.com\/ysb.bsj\/","https:\/\/www.youtube.com\/user\/YSBOttawa"]}]}},"_links":{"self":[{"href":"https:\/\/www.ysb.ca\/fr\/wp-json\/wp\/v2\/pages\/919","targetHints":{"allow":["GET"]}}],"collection":[{"href":"https:\/\/www.ysb.ca\/fr\/wp-json\/wp\/v2\/pages"}],"about":[{"href":"https:\/\/www.ysb.ca\/fr\/wp-json\/wp\/v2\/types\/page"}],"author":[{"embeddable":true,"href":"https:\/\/www.ysb.ca\/fr\/wp-json\/wp\/v2\/users\/1"}],"replies":[{"embeddable":true,"href":"https:\/\/www.ysb.ca\/fr\/wp-json\/wp\/v2\/comments?post=919"}],"version-history":[{"count":5,"href":"https:\/\/www.ysb.ca\/fr\/wp-json\/wp\/v2\/pages\/919\/revisions"}],"predecessor-version":[{"id":8413,"href":"https:\/\/www.ysb.ca\/fr\/wp-json\/wp\/v2\/pages\/919\/revisions\/8413"}],"up":[{"embeddable":true,"href":"https:\/\/www.ysb.ca\/fr\/wp-json\/wp\/v2\/pages\/1741"}],"wp:attachment":[{"href":"https:\/\/www.ysb.ca\/fr\/wp-json\/wp\/v2\/media?parent=919"}],"curies":[{"name":"wp","href":"https:\/\/api.w.org\/{rel}","templated":true}]}}