
{"id":915,"date":"2017-07-12T14:30:26","date_gmt":"2017-07-12T14:30:26","guid":{"rendered":"http:\/\/www.ysb.ca\/24-7-crisis-line\/"},"modified":"2025-10-10T15:28:08","modified_gmt":"2025-10-10T19:28:08","slug":"ligne-de-crise","status":"publish","type":"page","link":"https:\/\/www.ysb.ca\/fr\/services\/sante-mentale\/ligne-de-crise\/","title":{"rendered":"Ligne de crise 24\/7"},"content":{"rendered":"<div class=\"wpb-content-wrapper\">[vc_row fullwidth=\u00a0\u00bbtrue\u00a0\u00bb][vc_column]\n        <div class=\"ysb-banner-wrapper\" style=\"background-image: url(https:\/\/www.ysb.ca\/wp-content\/uploads\/2017\/11\/ysb-how-to-access-mental-health.jpg);\">\n         \n            <div class=\"ysb-title-wrapper mk-animate-element bottom-to-top mk-in-viewport\" style=\"background-image: url();\">\n\t\t\t\t<h1 class=\"ysb-banner-title\">Ligne de crise 24\/7 et clavardage<\/h1>\n\t\t\t\t\n\t\t\t<\/div>\n         \n        <\/div>[\/vc_column][\/vc_row][vc_row css=\u00a0\u00bb.vc_custom_1533827027988{padding-top: 80px !important;}\u00a0\u00bb][vc_column][vc_column_text css=\u00a0\u00bb.vc_custom_1760124483113{margin-bottom: 0px !important;}\u00a0\u00bb]\n<h3 style=\"text-align: center;\"><a href=\"tel:6132602360\">613-260-2360<\/a><\/h3>\n<p style=\"text-align: center;\">Que vous vous sentiez stress\u00e9, d\u00e9prim\u00e9 ou d\u00e9pass\u00e9 par une situation quelconque &#8211; vous n&rsquo;\u00eates pas seul.<\/p>\n<p style=\"text-align: center;\">Quel que soit le probl\u00e8me, vous pouvez parler \u00e0 quelqu\u2019un qui vous comprend, et qui veut vous aider.<\/p>\n<h3 style=\"text-align: center;\">L<span class=\"JLqJ4b ChMk0b\" data-language-for-alternatives=\"fr\" data-language-to-translate-into=\"auto\" data-phrase-index=\"1\">igne de crise <a href=\"tel:6132602360\">613-260-2360<\/a> ou <a href=\"tel:18773777775\">1-877-377-7775<\/a> (Est de l\u2019Ontario)<\/span><\/h3>\n<h3 style=\"text-align: center;\"><span class=\"VIiyi\" lang=\"fr\"><span class=\"JLqJ4b ChMk0b\" data-language-for-alternatives=\"fr\" data-language-to-translate-into=\"en\" data-phrase-index=\"0\" data-number-of-phrases=\"1\"><span class=\"Q4iAWc\">Cliquez sur la bulle de discussion bleue pour acc\u00e9der \u00e0 notre clavardage de crise.<\/span><\/span><\/span><\/h3>\n[\/vc_column_text][\/vc_column][\/vc_row][vc_row css=\u00a0\u00bb.vc_custom_1516900911788{padding-top: 40px !important;}\u00a0\u00bb][vc_column][vc_column_text margin_bottom=\u00a0\u00bb30&Prime; css=\u00a0\u00bb.vc_custom_1737582565688{margin-bottom: 30px !important;}\u00a0\u00bb]\n<h2>C&rsquo;est facile de communiquer avec nous<\/h2>\n<p>Le services de ligne de crise &amp; clavardage sont offerts aux enfants et aux jeunes de 17 ans et moins qui vivent une situation de crise, et aux parents, aux tuteurs, aux aidants, aux amis et aux fournisseurs de services qui s\u2019inqui\u00e8tent au sujet d\u2019un jeune en situation de crise.<\/p>\n<p><strong>Pour les r\u00e9sidents d&rsquo;Ottawa et de l&rsquo;Est de l&rsquo;Ontario :<\/strong><\/p>\n<p><strong>Ligne de crise: jour ou nuit, sept jours sur sept, 365 jours par ann\u00e9e<\/strong><br \/>\n<strong> 613 260-2360<\/strong><\/p>\n<p><strong>Clavardage en direct<\/strong><strong> : <\/strong>24\/7<\/p>\n<h2>L&rsquo;aide peut comprendre<\/h2>\n<ul>\n<li>L\u2019\u00e9coute;<\/li>\n<li>Du counseling imm\u00e9diat par t\u00e9l\u00e9phone;<\/li>\n<li>Des renseignements, des ressources et des fournisseurs de services dans votre communaut\u00e9;<\/li>\n<li>Un envoi en consultation vers des ressources \u00e0 l\u2019intention des enfants, des jeunes et des familles dans votre communaut\u00e9;<\/li>\n<li>Une intervention \u00e0 domicile (\u00e0 Ottawa seulement);<\/li>\n<li>Un suivi de courte dur\u00e9e.<\/li>\n<\/ul>\n<p>Un service d\u2019alerte en cas de crise et de suivi est mis \u00e0 la disposition des professionnels de la communaut\u00e9 pour leur client.<\/p>\n<h2>Pour obtenir de plus amples renseignements<\/h2>\n<p>Communiquez avec la ligne d&rsquo;accueil au <strong>613-562-3004<\/strong> durant les heures de bureau, de lundi au vendredi de 8h30 \u00e0 16h30.<\/p>\n<p><strong>Ligne de crise 24\/7<\/strong><br \/>\n613 260-2360\u00a0ou<br \/>\n1 877 377-7775 (num\u00e9ro sans frais pour l\u2019Est de l\u2019Ontario)<\/p>\n<p><strong>Interventions mobiles<\/strong><\/p>\n<p>Les interventions mobiles sont offertes aux jeunes, aux familles de jeunes et aux personnes qui soutiennent les jeunes \u00e2g\u00e9s de 0 \u00e0 17 ans. Les interventions mobiles sont propos\u00e9es 5 jours par semaine, du lundi au vendredi, de 16 h \u00e0 21 h. Vous pouvez acc\u00e9der \u00e0 l&rsquo;intervention mobile via notre ligne de crise au 613 260-2360.<\/p>\n<p>Les interventions mobiles sont effectu\u00e9es par deux membres du personnel de crise, g\u00e9n\u00e9ralement au domicile du client ou dans un lieu appropri\u00e9 convenu entre le client et l&rsquo;\u00e9quipe de crise.[\/vc_column_text][\/vc_column][\/vc_row][vc_row][vc_column][mk_padding_divider][\/vc_column][\/vc_row][mk_page_section bg_gradient=\u00a0\u00bbleft_bottom\u00a0\u00bb video_color_mask=\u00a0\u00bb#13a2db\u00a0\u00bb gr_end=\u00a0\u00bb#0a5579&Prime; video_opacity=\u00a0\u00bb1&Prime; min_height=\u00a0\u00bb0&Prime; padding_top=\u00a0\u00bb100&Prime; padding_bottom=\u00a0\u00bb100&Prime; sidebar=\u00a0\u00bbsidebar-1&Prime;][vc_column][mk_fancy_title tag_name=\u00a0\u00bbspan\u00a0\u00bb color=\u00a0\u00bb#ffffff\u00a0\u00bb size=\u00a0\u00bb42&Prime; font_weight=\u00a0\u00bbbold\u00a0\u00bb txt_transform=\u00a0\u00bbuppercase\u00a0\u00bb margin_bottom=\u00a0\u00bb0&Prime; font_family=\u00a0\u00bbOswald\u00a0\u00bb font_type=\u00a0\u00bbgoogle\u00a0\u00bb]\u00ab YSB m&rsquo;a sauv\u00e9 la vie \u00bb[\/mk_fancy_title][vc_row_inner][vc_column_inner width=\u00a0\u00bb11\/12&Prime;][mk_fancy_title tag_name=\u00a0\u00bbspan\u00a0\u00bb color=\u00a0\u00bb#ffffff\u00a0\u00bb size=\u00a0\u00bb42&Prime; font_weight=\u00a0\u00bbbold\u00a0\u00bb txt_transform=\u00a0\u00bbuppercase\u00a0\u00bb margin_bottom=\u00a0\u00bb0&Prime; font_family=\u00a0\u00bbOswald\u00a0\u00bb font_type=\u00a0\u00bbgoogle\u00a0\u00bb align=\u00a0\u00bbright\u00a0\u00bb]\u2013 Aiden, 18[\/mk_fancy_title][\/vc_column_inner][vc_column_inner width=\u00a0\u00bb1\/12&Prime;][\/vc_column_inner][\/vc_row_inner][\/vc_column][\/mk_page_section]\n<\/div>","protected":false},"excerpt":{"rendered":"<p>[vc_row fullwidth=\u00a0\u00bbtrue\u00a0\u00bb][vc_column][\/vc_column][\/vc_row][vc_row css=\u00a0\u00bb.vc_custom_1533827027988{padding-top: 80px !important;}\u00a0\u00bb][vc_column][vc_column_text css=\u00a0\u00bb.vc_custom_1760124483113{margin-bottom: 0px !important;}\u00a0\u00bb] 613-260-2360 Que vous vous sentiez stress\u00e9, d\u00e9prim\u00e9 ou d\u00e9pass\u00e9 par une situation quelconque &#8211; vous n&rsquo;\u00eates pas seul. Quel que soit le probl\u00e8me, vous pouvez parler \u00e0 quelqu\u2019un qui vous comprend, et qui veut vous aider. Ligne de crise 613-260-2360 ou 1-877-377-7775 (Est de l\u2019Ontario) Cliquez sur [&hellip;]<\/p>\n","protected":false},"author":1,"featured_media":0,"parent":1733,"menu_order":246,"comment_status":"closed","ping_status":"closed","template":"","meta":{"rs_blank_template":"","rs_page_bg_color":"","slide_template_v7":"","footnotes":""},"class_list":["post-915","page","type-page","status-publish","hentry"],"yoast_head":"<!-- This site is optimized with the Yoast SEO plugin v27.6 - https:\/\/yoast.com\/product\/yoast-seo-wordpress\/ -->\n<title>Ligne de crise 24\/7 - Youth Services Jeunesse<\/title>\n<meta name=\"robots\" content=\"index, follow, max-snippet:-1, max-image-preview:large, max-video-preview:-1\" \/>\n<link rel=\"canonical\" href=\"https:\/\/www.ysb.ca\/fr\/services\/sante-mentale\/ligne-de-crise\/\" \/>\n<meta property=\"og:locale\" content=\"fr_FR\" \/>\n<meta property=\"og:type\" content=\"article\" \/>\n<meta property=\"og:title\" content=\"Ligne de crise 24\/7 - Youth Services Jeunesse\" \/>\n<meta property=\"og:description\" content=\"[vc_row fullwidth=\u00a0\u00bbtrue\u00a0\u00bb][vc_column][\/vc_column][\/vc_row][vc_row css=\u00a0\u00bb.vc_custom_1533827027988{padding-top: 80px !important;}\u00a0\u00bb][vc_column][vc_column_text css=\u00a0\u00bb.vc_custom_1760124483113{margin-bottom: 0px !important;}\u00a0\u00bb] 613-260-2360 Que vous vous sentiez stress\u00e9, d\u00e9prim\u00e9 ou d\u00e9pass\u00e9 par une situation quelconque &#8211; vous n&rsquo;\u00eates pas seul. Quel que soit le probl\u00e8me, vous pouvez parler \u00e0 quelqu\u2019un qui vous comprend, et qui veut vous aider. Ligne de crise 613-260-2360 ou 1-877-377-7775 (Est de l\u2019Ontario) Cliquez sur [&hellip;]\" \/>\n<meta property=\"og:url\" content=\"https:\/\/www.ysb.ca\/fr\/services\/sante-mentale\/ligne-de-crise\/\" \/>\n<meta property=\"og:site_name\" content=\"Youth Services Jeunesse\" \/>\n<meta property=\"article:modified_time\" content=\"2025-10-10T19:28:08+00:00\" \/>\n<meta property=\"og:image\" content=\"https:\/\/www.ysb.ca\/wp-content\/uploads\/2017\/11\/24-7-crisis-line-thumb.jpg\" \/>\n<meta name=\"twitter:card\" content=\"summary_large_image\" \/>\n<meta name=\"twitter:image\" content=\"https:\/\/www.ysb.ca\/wp-content\/uploads\/2017\/11\/24-7-crisis-line-thumb.jpg\" \/>\n<meta name=\"twitter:label1\" content=\"Dur\u00e9e de lecture estim\u00e9e\" \/>\n\t<meta name=\"twitter:data1\" content=\"2 minutes\" \/>\n<script type=\"application\/ld+json\" class=\"yoast-schema-graph\">{\"@context\":\"https:\\\/\\\/schema.org\",\"@graph\":[{\"@type\":\"WebPage\",\"@id\":\"https:\\\/\\\/www.ysb.ca\\\/fr\\\/services\\\/sante-mentale\\\/ligne-de-crise\\\/\",\"url\":\"https:\\\/\\\/www.ysb.ca\\\/fr\\\/services\\\/sante-mentale\\\/ligne-de-crise\\\/\",\"name\":\"Ligne de crise 24\\\/7 - Youth Services Jeunesse\",\"isPartOf\":{\"@id\":\"https:\\\/\\\/www.ysb.ca\\\/fr\\\/#website\"},\"datePublished\":\"2017-07-12T14:30:26+00:00\",\"dateModified\":\"2025-10-10T19:28:08+00:00\",\"breadcrumb\":{\"@id\":\"https:\\\/\\\/www.ysb.ca\\\/fr\\\/services\\\/sante-mentale\\\/ligne-de-crise\\\/#breadcrumb\"},\"inLanguage\":\"fr-FR\",\"potentialAction\":[{\"@type\":\"ReadAction\",\"target\":[\"https:\\\/\\\/www.ysb.ca\\\/fr\\\/services\\\/sante-mentale\\\/ligne-de-crise\\\/\"]}]},{\"@type\":\"BreadcrumbList\",\"@id\":\"https:\\\/\\\/www.ysb.ca\\\/fr\\\/services\\\/sante-mentale\\\/ligne-de-crise\\\/#breadcrumb\",\"itemListElement\":[{\"@type\":\"ListItem\",\"position\":1,\"name\":\"Home\",\"item\":\"https:\\\/\\\/www.ysb.ca\\\/fr\\\/\"},{\"@type\":\"ListItem\",\"position\":2,\"name\":\"Services\",\"item\":\"https:\\\/\\\/www.ysb.ca\\\/fr\\\/services\\\/\"},{\"@type\":\"ListItem\",\"position\":3,\"name\":\"Services de sant\u00e9 mentale\",\"item\":\"https:\\\/\\\/www.ysb.ca\\\/fr\\\/services\\\/sante-mentale\\\/\"},{\"@type\":\"ListItem\",\"position\":4,\"name\":\"Ligne de crise 24\\\/7\"}]},{\"@type\":\"WebSite\",\"@id\":\"https:\\\/\\\/www.ysb.ca\\\/fr\\\/#website\",\"url\":\"https:\\\/\\\/www.ysb.ca\\\/fr\\\/\",\"name\":\"Youth Services Jeunesse\",\"description\":\"Ottawa Youth Services Jeunesse\",\"publisher\":{\"@id\":\"https:\\\/\\\/www.ysb.ca\\\/fr\\\/#organization\"},\"potentialAction\":[{\"@type\":\"SearchAction\",\"target\":{\"@type\":\"EntryPoint\",\"urlTemplate\":\"https:\\\/\\\/www.ysb.ca\\\/fr\\\/?s={search_term_string}\"},\"query-input\":{\"@type\":\"PropertyValueSpecification\",\"valueRequired\":true,\"valueName\":\"search_term_string\"}}],\"inLanguage\":\"fr-FR\"},{\"@type\":\"Organization\",\"@id\":\"https:\\\/\\\/www.ysb.ca\\\/fr\\\/#organization\",\"name\":\"Youth Services Jeunesse\",\"url\":\"https:\\\/\\\/www.ysb.ca\\\/fr\\\/\",\"logo\":{\"@type\":\"ImageObject\",\"inLanguage\":\"fr-FR\",\"@id\":\"https:\\\/\\\/www.ysb.ca\\\/fr\\\/#\\\/schema\\\/logo\\\/image\\\/\",\"url\":\"https:\\\/\\\/www.ysb.ca\\\/wp-content\\\/uploads\\\/2020\\\/09\\\/ysb-logo.png\",\"contentUrl\":\"https:\\\/\\\/www.ysb.ca\\\/wp-content\\\/uploads\\\/2020\\\/09\\\/ysb-logo.png\",\"width\":238,\"height\":94,\"caption\":\"Youth Services Jeunesse\"},\"image\":{\"@id\":\"https:\\\/\\\/www.ysb.ca\\\/fr\\\/#\\\/schema\\\/logo\\\/image\\\/\"},\"sameAs\":[\"https:\\\/\\\/www.instagram.com\\\/ysb.bsj\\\/\",\"https:\\\/\\\/www.youtube.com\\\/user\\\/YSBOttawa\"]}]}<\/script>\n<!-- \/ Yoast SEO plugin. -->","yoast_head_json":{"title":"Ligne de crise 24\/7 - Youth Services Jeunesse","robots":{"index":"index","follow":"follow","max-snippet":"max-snippet:-1","max-image-preview":"max-image-preview:large","max-video-preview":"max-video-preview:-1"},"canonical":"https:\/\/www.ysb.ca\/fr\/services\/sante-mentale\/ligne-de-crise\/","og_locale":"fr_FR","og_type":"article","og_title":"Ligne de crise 24\/7 - Youth Services Jeunesse","og_description":"[vc_row fullwidth=\u00a0\u00bbtrue\u00a0\u00bb][vc_column][\/vc_column][\/vc_row][vc_row css=\u00a0\u00bb.vc_custom_1533827027988{padding-top: 80px !important;}\u00a0\u00bb][vc_column][vc_column_text css=\u00a0\u00bb.vc_custom_1760124483113{margin-bottom: 0px !important;}\u00a0\u00bb] 613-260-2360 Que vous vous sentiez stress\u00e9, d\u00e9prim\u00e9 ou d\u00e9pass\u00e9 par une situation quelconque &#8211; vous n&rsquo;\u00eates pas seul. Quel que soit le probl\u00e8me, vous pouvez parler \u00e0 quelqu\u2019un qui vous comprend, et qui veut vous aider. Ligne de crise 613-260-2360 ou 1-877-377-7775 (Est de l\u2019Ontario) Cliquez sur [&hellip;]","og_url":"https:\/\/www.ysb.ca\/fr\/services\/sante-mentale\/ligne-de-crise\/","og_site_name":"Youth Services Jeunesse","article_modified_time":"2025-10-10T19:28:08+00:00","og_image":[{"url":"https:\/\/www.ysb.ca\/wp-content\/uploads\/2017\/11\/24-7-crisis-line-thumb.jpg","type":"","width":"","height":""}],"twitter_card":"summary_large_image","twitter_image":"https:\/\/www.ysb.ca\/wp-content\/uploads\/2017\/11\/24-7-crisis-line-thumb.jpg","twitter_misc":{"Dur\u00e9e de lecture estim\u00e9e":"2 minutes"},"schema":{"@context":"https:\/\/schema.org","@graph":[{"@type":"WebPage","@id":"https:\/\/www.ysb.ca\/fr\/services\/sante-mentale\/ligne-de-crise\/","url":"https:\/\/www.ysb.ca\/fr\/services\/sante-mentale\/ligne-de-crise\/","name":"Ligne de crise 24\/7 - Youth Services Jeunesse","isPartOf":{"@id":"https:\/\/www.ysb.ca\/fr\/#website"},"datePublished":"2017-07-12T14:30:26+00:00","dateModified":"2025-10-10T19:28:08+00:00","breadcrumb":{"@id":"https:\/\/www.ysb.ca\/fr\/services\/sante-mentale\/ligne-de-crise\/#breadcrumb"},"inLanguage":"fr-FR","potentialAction":[{"@type":"ReadAction","target":["https:\/\/www.ysb.ca\/fr\/services\/sante-mentale\/ligne-de-crise\/"]}]},{"@type":"BreadcrumbList","@id":"https:\/\/www.ysb.ca\/fr\/services\/sante-mentale\/ligne-de-crise\/#breadcrumb","itemListElement":[{"@type":"ListItem","position":1,"name":"Home","item":"https:\/\/www.ysb.ca\/fr\/"},{"@type":"ListItem","position":2,"name":"Services","item":"https:\/\/www.ysb.ca\/fr\/services\/"},{"@type":"ListItem","position":3,"name":"Services de sant\u00e9 mentale","item":"https:\/\/www.ysb.ca\/fr\/services\/sante-mentale\/"},{"@type":"ListItem","position":4,"name":"Ligne de crise 24\/7"}]},{"@type":"WebSite","@id":"https:\/\/www.ysb.ca\/fr\/#website","url":"https:\/\/www.ysb.ca\/fr\/","name":"Youth Services Jeunesse","description":"Ottawa Youth Services Jeunesse","publisher":{"@id":"https:\/\/www.ysb.ca\/fr\/#organization"},"potentialAction":[{"@type":"SearchAction","target":{"@type":"EntryPoint","urlTemplate":"https:\/\/www.ysb.ca\/fr\/?s={search_term_string}"},"query-input":{"@type":"PropertyValueSpecification","valueRequired":true,"valueName":"search_term_string"}}],"inLanguage":"fr-FR"},{"@type":"Organization","@id":"https:\/\/www.ysb.ca\/fr\/#organization","name":"Youth Services Jeunesse","url":"https:\/\/www.ysb.ca\/fr\/","logo":{"@type":"ImageObject","inLanguage":"fr-FR","@id":"https:\/\/www.ysb.ca\/fr\/#\/schema\/logo\/image\/","url":"https:\/\/www.ysb.ca\/wp-content\/uploads\/2020\/09\/ysb-logo.png","contentUrl":"https:\/\/www.ysb.ca\/wp-content\/uploads\/2020\/09\/ysb-logo.png","width":238,"height":94,"caption":"Youth Services Jeunesse"},"image":{"@id":"https:\/\/www.ysb.ca\/fr\/#\/schema\/logo\/image\/"},"sameAs":["https:\/\/www.instagram.com\/ysb.bsj\/","https:\/\/www.youtube.com\/user\/YSBOttawa"]}]}},"_links":{"self":[{"href":"https:\/\/www.ysb.ca\/fr\/wp-json\/wp\/v2\/pages\/915","targetHints":{"allow":["GET"]}}],"collection":[{"href":"https:\/\/www.ysb.ca\/fr\/wp-json\/wp\/v2\/pages"}],"about":[{"href":"https:\/\/www.ysb.ca\/fr\/wp-json\/wp\/v2\/types\/page"}],"author":[{"embeddable":true,"href":"https:\/\/www.ysb.ca\/fr\/wp-json\/wp\/v2\/users\/1"}],"replies":[{"embeddable":true,"href":"https:\/\/www.ysb.ca\/fr\/wp-json\/wp\/v2\/comments?post=915"}],"version-history":[{"count":9,"href":"https:\/\/www.ysb.ca\/fr\/wp-json\/wp\/v2\/pages\/915\/revisions"}],"predecessor-version":[{"id":13337,"href":"https:\/\/www.ysb.ca\/fr\/wp-json\/wp\/v2\/pages\/915\/revisions\/13337"}],"up":[{"embeddable":true,"href":"https:\/\/www.ysb.ca\/fr\/wp-json\/wp\/v2\/pages\/1733"}],"wp:attachment":[{"href":"https:\/\/www.ysb.ca\/fr\/wp-json\/wp\/v2\/media?parent=915"}],"curies":[{"name":"wp","href":"https:\/\/api.w.org\/{rel}","templated":true}]}}