
{"id":913,"date":"2017-07-11T18:39:31","date_gmt":"2017-07-11T18:39:31","guid":{"rendered":"http:\/\/www.ysb.ca\/young-womens-shelter\/"},"modified":"2025-07-14T15:53:01","modified_gmt":"2025-07-14T19:53:01","slug":"abri-jeunes-femmes","status":"publish","type":"page","link":"https:\/\/www.ysb.ca\/fr\/services\/services-communautaires-logement\/logement-service-urgence\/abri-jeunes-femmes\/","title":{"rendered":"Abri pour jeunes femmes"},"content":{"rendered":"<div class=\"wpb-content-wrapper\">[vc_row fullwidth=\u00a0\u00bbtrue\u00a0\u00bb][vc_column]\n        <div class=\"ysb-banner-wrapper\" style=\"background-image: url(https:\/\/www.ysb.ca\/wp-content\/uploads\/2017\/11\/ysb-housing-shelter.jpg);\">\n         \n            <div class=\"ysb-title-wrapper mk-animate-element bottom-to-top mk-in-viewport\" style=\"background-image: url();\">\n\t\t\t\t<h1 class=\"ysb-banner-title\">Abri pour jeunes femmes Evelyn Horne<\/h1>\n\t\t\t\t\n\t\t\t<\/div>\n         \n        <\/div>[\/vc_column][\/vc_row][vc_row][vc_column][vc_column_text css=\u00a0\u00bb.vc_custom_1663256017906{margin-bottom: 0px !important;padding-top: 80px !important;}\u00a0\u00bb]Ce programme offre aux jeunes femmes \u00e2g\u00e9es de 16 \u00e0 20 ans l\u2019acc\u00e8s imm\u00e9diat \u00e0 un logement s\u00e9curitaire. Ouvert 365 jours par ann\u00e9e, l\u2019Abri pour jeunes femmes Evelyn Horne est toujours pr\u00eat \u00e0 accueillir des jeunes femmes qui n\u2019ont pas d\u2019autre issue. L\u2019abri est dot\u00e9 de 30 lits et offre un abri d\u2019urgence et un <a href=\"\/fr\/services\/services-communautaires-logement\/logement-service-urgence\/programme-logement-transition-jeunes-femmes\/\">logement de transition<\/a> pour une p\u00e9riode maximale de un an.<\/p>\n<p>Un environnement culturellement sensible et qui se voit accueillant aux femmes lesbiennes\/bisexuelles\/transgenres, l\u2019abri offre un endroit s\u00e9curitaire pour toutes les jeunes femmes. Chaque jeune femme discute de sa situation unique avec le personnel de l\u2019abri, qui travaille avec elle dans le but de cerner ses besoins et de la jumeler aux services dont elle peut avoir besoin pour atteindre l\u2019autonomie. Une \u00e9quipe diverse et form\u00e9e exclusivement de femmes est disponible pour appuyer les jeunes femmes jour ou nuit.<\/p>\n<p>Les jeunes femmes qui ne jouissent pas d\u2019un soutien familial sont jumel\u00e9es \u00e0 des travailleuses aupr\u00e8s des jeunes qui les aident \u00e0 \u00e9laborer un plan communautaire et \u00e0 acqu\u00e9rir les aptitudes dont elles ont besoin pour vivre de fa\u00e7on autonome. Bien que la participation \u00e0 des programmes con\u00e7us pour aider les jeunes femmes \u00e0 \u00e9tablir des buts et \u00e0 travailler \u00e0 les atteindre soit encourag\u00e9e, elle n\u2019est pas n\u00e9cessaire. Toutes les jeunes ont le choix de simplement subvenir \u00e0 leurs besoins fondamentaux ou de poursuivre des occasions de trouver un logement \u00e0 long terme et d\u2019am\u00e9liorer leur vie.<\/p>\n<p>Les abris aident \u00e9galement les jeunes \u00e0 demeurer en sant\u00e9 au moyen de renseignements sur la sant\u00e9 sexuelle et la toxicomanie, dans un environnement s\u00e9curitaire et qui ne porte pas de jugement.<\/p>\n<p>Dans le cas des jeunes femmes de 16 \u00e0 20 ans, <a href=\"\/fr\/services\/services-communautaires-logement\/logement-service-urgence\/programme-logement-transition-jeunes-femmes\/\">le logement de transition<\/a> est offert pour des s\u00e9jours d\u2019une dur\u00e9e maximale de un an. Ces unit\u00e9s donnent aux jeunes l\u2019occasion de vivre de fa\u00e7on semi-autonome alors qu\u2019ils travaillent \u00e0 atteindre leurs buts.[\/vc_column_text][\/vc_column][\/vc_row][vc_row][vc_column][mk_padding_divider size=\u00a0\u00bb24&Prime;][\/vc_column][\/vc_row][vc_row][vc_column][vc_column_text css=\u00a0\u00bb.vc_custom_1752522778320{margin-bottom: 0px !important;}\u00a0\u00bb]\n<h2>Comment acc\u00e9der au programme<\/h2>\n<p>Les jeunes femmes \u00e0 la recherche d&rsquo;un h\u00e9bergement peuvent appeler directement l&rsquo;abri pour jeunes femmes pour conna\u00eetre les disponibilit\u00e9s. L&rsquo;abri est situ\u00e9 au centre-ville.<\/p>\n<p>Pendant les heures d&rsquo;ouverture (lundi au vendredi de 9h \u00e0 17h), veuillez composer le 613-807-5387.<\/p>\n<p>Pour toute question g\u00e9n\u00e9rale ou en dehors des heures d&rsquo;ouverture, veuillez composer le 613-789-8220.<\/p>\n<p>Par courriel\u00a0: <a href=\"mailto:shelter@ysb.ca\">shelter@ysb.ca<\/a>[\/vc_column_text][\/vc_column][\/vc_row][vc_row][vc_column][mk_padding_divider][\/vc_column][\/vc_row]\n<\/div>","protected":false},"excerpt":{"rendered":"<p>[vc_row fullwidth=\u00a0\u00bbtrue\u00a0\u00bb][vc_column][\/vc_column][\/vc_row][vc_row][vc_column][vc_column_text css=\u00a0\u00bb.vc_custom_1663256017906{margin-bottom: 0px !important;padding-top: 80px !important;}\u00a0\u00bb]Ce programme offre aux jeunes femmes \u00e2g\u00e9es de 16 \u00e0 20 ans l\u2019acc\u00e8s imm\u00e9diat \u00e0 un logement s\u00e9curitaire. Ouvert 365 jours par ann\u00e9e, l\u2019Abri pour jeunes femmes Evelyn Horne est toujours pr\u00eat \u00e0 accueillir des jeunes femmes qui n\u2019ont pas d\u2019autre issue. L\u2019abri est dot\u00e9 de 30 lits et [&hellip;]<\/p>\n","protected":false},"author":1,"featured_media":0,"parent":1721,"menu_order":250,"comment_status":"closed","ping_status":"closed","template":"","meta":{"rs_blank_template":"","rs_page_bg_color":"","slide_template_v7":"","footnotes":""},"class_list":["post-913","page","type-page","status-publish","hentry"],"yoast_head":"<!-- This site is optimized with the Yoast SEO plugin v27.4 - https:\/\/yoast.com\/product\/yoast-seo-wordpress\/ -->\n<title>Abri pour jeunes femmes - Youth Services Jeunesse<\/title>\n<meta name=\"robots\" content=\"index, follow, max-snippet:-1, max-image-preview:large, max-video-preview:-1\" \/>\n<link rel=\"canonical\" href=\"https:\/\/www.ysb.ca\/fr\/services\/services-communautaires-logement\/logement-service-urgence\/abri-jeunes-femmes\/\" \/>\n<meta property=\"og:locale\" content=\"fr_FR\" \/>\n<meta property=\"og:type\" content=\"article\" \/>\n<meta property=\"og:title\" content=\"Abri pour jeunes femmes - Youth Services Jeunesse\" \/>\n<meta property=\"og:description\" content=\"[vc_row fullwidth=\u00a0\u00bbtrue\u00a0\u00bb][vc_column][\/vc_column][\/vc_row][vc_row][vc_column][vc_column_text css=\u00a0\u00bb.vc_custom_1663256017906{margin-bottom: 0px !important;padding-top: 80px !important;}\u00a0\u00bb]Ce programme offre aux jeunes femmes \u00e2g\u00e9es de 16 \u00e0 20 ans l\u2019acc\u00e8s imm\u00e9diat \u00e0 un logement s\u00e9curitaire. Ouvert 365 jours par ann\u00e9e, l\u2019Abri pour jeunes femmes Evelyn Horne est toujours pr\u00eat \u00e0 accueillir des jeunes femmes qui n\u2019ont pas d\u2019autre issue. L\u2019abri est dot\u00e9 de 30 lits et [&hellip;]\" \/>\n<meta property=\"og:url\" content=\"https:\/\/www.ysb.ca\/fr\/services\/services-communautaires-logement\/logement-service-urgence\/abri-jeunes-femmes\/\" \/>\n<meta property=\"og:site_name\" content=\"Youth Services Jeunesse\" \/>\n<meta property=\"article:modified_time\" content=\"2025-07-14T19:53:01+00:00\" \/>\n<meta name=\"twitter:card\" content=\"summary_large_image\" \/>\n<meta name=\"twitter:label1\" content=\"Dur\u00e9e de lecture estim\u00e9e\" \/>\n\t<meta name=\"twitter:data1\" content=\"2 minutes\" \/>\n<script type=\"application\/ld+json\" class=\"yoast-schema-graph\">{\"@context\":\"https:\\\/\\\/schema.org\",\"@graph\":[{\"@type\":\"WebPage\",\"@id\":\"https:\\\/\\\/www.ysb.ca\\\/fr\\\/services\\\/services-communautaires-logement\\\/logement-service-urgence\\\/abri-jeunes-femmes\\\/\",\"url\":\"https:\\\/\\\/www.ysb.ca\\\/fr\\\/services\\\/services-communautaires-logement\\\/logement-service-urgence\\\/abri-jeunes-femmes\\\/\",\"name\":\"Abri pour jeunes femmes - Youth Services Jeunesse\",\"isPartOf\":{\"@id\":\"https:\\\/\\\/www.ysb.ca\\\/fr\\\/#website\"},\"datePublished\":\"2017-07-11T18:39:31+00:00\",\"dateModified\":\"2025-07-14T19:53:01+00:00\",\"breadcrumb\":{\"@id\":\"https:\\\/\\\/www.ysb.ca\\\/fr\\\/services\\\/services-communautaires-logement\\\/logement-service-urgence\\\/abri-jeunes-femmes\\\/#breadcrumb\"},\"inLanguage\":\"fr-FR\",\"potentialAction\":[{\"@type\":\"ReadAction\",\"target\":[\"https:\\\/\\\/www.ysb.ca\\\/fr\\\/services\\\/services-communautaires-logement\\\/logement-service-urgence\\\/abri-jeunes-femmes\\\/\"]}]},{\"@type\":\"BreadcrumbList\",\"@id\":\"https:\\\/\\\/www.ysb.ca\\\/fr\\\/services\\\/services-communautaires-logement\\\/logement-service-urgence\\\/abri-jeunes-femmes\\\/#breadcrumb\",\"itemListElement\":[{\"@type\":\"ListItem\",\"position\":1,\"name\":\"Home\",\"item\":\"https:\\\/\\\/www.ysb.ca\\\/fr\\\/\"},{\"@type\":\"ListItem\",\"position\":2,\"name\":\"Services\",\"item\":\"https:\\\/\\\/www.ysb.ca\\\/fr\\\/services\\\/\"},{\"@type\":\"ListItem\",\"position\":3,\"name\":\"Services communautaires et de logement\",\"item\":\"https:\\\/\\\/www.ysb.ca\\\/fr\\\/services\\\/services-communautaires-logement\\\/\"},{\"@type\":\"ListItem\",\"position\":4,\"name\":\"Logement et service d&#8217;urgence\",\"item\":\"https:\\\/\\\/www.ysb.ca\\\/fr\\\/services\\\/services-communautaires-logement\\\/logement-service-urgence\\\/\"},{\"@type\":\"ListItem\",\"position\":5,\"name\":\"Abri pour jeunes femmes\"}]},{\"@type\":\"WebSite\",\"@id\":\"https:\\\/\\\/www.ysb.ca\\\/fr\\\/#website\",\"url\":\"https:\\\/\\\/www.ysb.ca\\\/fr\\\/\",\"name\":\"Youth Services Jeunesse\",\"description\":\"Ottawa Youth Services Jeunesse\",\"publisher\":{\"@id\":\"https:\\\/\\\/www.ysb.ca\\\/fr\\\/#organization\"},\"potentialAction\":[{\"@type\":\"SearchAction\",\"target\":{\"@type\":\"EntryPoint\",\"urlTemplate\":\"https:\\\/\\\/www.ysb.ca\\\/fr\\\/?s={search_term_string}\"},\"query-input\":{\"@type\":\"PropertyValueSpecification\",\"valueRequired\":true,\"valueName\":\"search_term_string\"}}],\"inLanguage\":\"fr-FR\"},{\"@type\":\"Organization\",\"@id\":\"https:\\\/\\\/www.ysb.ca\\\/fr\\\/#organization\",\"name\":\"Youth Services Jeunesse\",\"url\":\"https:\\\/\\\/www.ysb.ca\\\/fr\\\/\",\"logo\":{\"@type\":\"ImageObject\",\"inLanguage\":\"fr-FR\",\"@id\":\"https:\\\/\\\/www.ysb.ca\\\/fr\\\/#\\\/schema\\\/logo\\\/image\\\/\",\"url\":\"https:\\\/\\\/www.ysb.ca\\\/wp-content\\\/uploads\\\/2020\\\/09\\\/ysb-logo.png\",\"contentUrl\":\"https:\\\/\\\/www.ysb.ca\\\/wp-content\\\/uploads\\\/2020\\\/09\\\/ysb-logo.png\",\"width\":238,\"height\":94,\"caption\":\"Youth Services Jeunesse\"},\"image\":{\"@id\":\"https:\\\/\\\/www.ysb.ca\\\/fr\\\/#\\\/schema\\\/logo\\\/image\\\/\"},\"sameAs\":[\"https:\\\/\\\/www.instagram.com\\\/ysb.bsj\\\/\",\"https:\\\/\\\/www.youtube.com\\\/user\\\/YSBOttawa\"]}]}<\/script>\n<!-- \/ Yoast SEO plugin. -->","yoast_head_json":{"title":"Abri pour jeunes femmes - Youth Services Jeunesse","robots":{"index":"index","follow":"follow","max-snippet":"max-snippet:-1","max-image-preview":"max-image-preview:large","max-video-preview":"max-video-preview:-1"},"canonical":"https:\/\/www.ysb.ca\/fr\/services\/services-communautaires-logement\/logement-service-urgence\/abri-jeunes-femmes\/","og_locale":"fr_FR","og_type":"article","og_title":"Abri pour jeunes femmes - Youth Services Jeunesse","og_description":"[vc_row fullwidth=\u00a0\u00bbtrue\u00a0\u00bb][vc_column][\/vc_column][\/vc_row][vc_row][vc_column][vc_column_text css=\u00a0\u00bb.vc_custom_1663256017906{margin-bottom: 0px !important;padding-top: 80px !important;}\u00a0\u00bb]Ce programme offre aux jeunes femmes \u00e2g\u00e9es de 16 \u00e0 20 ans l\u2019acc\u00e8s imm\u00e9diat \u00e0 un logement s\u00e9curitaire. Ouvert 365 jours par ann\u00e9e, l\u2019Abri pour jeunes femmes Evelyn Horne est toujours pr\u00eat \u00e0 accueillir des jeunes femmes qui n\u2019ont pas d\u2019autre issue. L\u2019abri est dot\u00e9 de 30 lits et [&hellip;]","og_url":"https:\/\/www.ysb.ca\/fr\/services\/services-communautaires-logement\/logement-service-urgence\/abri-jeunes-femmes\/","og_site_name":"Youth Services Jeunesse","article_modified_time":"2025-07-14T19:53:01+00:00","twitter_card":"summary_large_image","twitter_misc":{"Dur\u00e9e de lecture estim\u00e9e":"2 minutes"},"schema":{"@context":"https:\/\/schema.org","@graph":[{"@type":"WebPage","@id":"https:\/\/www.ysb.ca\/fr\/services\/services-communautaires-logement\/logement-service-urgence\/abri-jeunes-femmes\/","url":"https:\/\/www.ysb.ca\/fr\/services\/services-communautaires-logement\/logement-service-urgence\/abri-jeunes-femmes\/","name":"Abri pour jeunes femmes - Youth Services Jeunesse","isPartOf":{"@id":"https:\/\/www.ysb.ca\/fr\/#website"},"datePublished":"2017-07-11T18:39:31+00:00","dateModified":"2025-07-14T19:53:01+00:00","breadcrumb":{"@id":"https:\/\/www.ysb.ca\/fr\/services\/services-communautaires-logement\/logement-service-urgence\/abri-jeunes-femmes\/#breadcrumb"},"inLanguage":"fr-FR","potentialAction":[{"@type":"ReadAction","target":["https:\/\/www.ysb.ca\/fr\/services\/services-communautaires-logement\/logement-service-urgence\/abri-jeunes-femmes\/"]}]},{"@type":"BreadcrumbList","@id":"https:\/\/www.ysb.ca\/fr\/services\/services-communautaires-logement\/logement-service-urgence\/abri-jeunes-femmes\/#breadcrumb","itemListElement":[{"@type":"ListItem","position":1,"name":"Home","item":"https:\/\/www.ysb.ca\/fr\/"},{"@type":"ListItem","position":2,"name":"Services","item":"https:\/\/www.ysb.ca\/fr\/services\/"},{"@type":"ListItem","position":3,"name":"Services communautaires et de logement","item":"https:\/\/www.ysb.ca\/fr\/services\/services-communautaires-logement\/"},{"@type":"ListItem","position":4,"name":"Logement et service d&#8217;urgence","item":"https:\/\/www.ysb.ca\/fr\/services\/services-communautaires-logement\/logement-service-urgence\/"},{"@type":"ListItem","position":5,"name":"Abri pour jeunes femmes"}]},{"@type":"WebSite","@id":"https:\/\/www.ysb.ca\/fr\/#website","url":"https:\/\/www.ysb.ca\/fr\/","name":"Youth Services Jeunesse","description":"Ottawa Youth Services Jeunesse","publisher":{"@id":"https:\/\/www.ysb.ca\/fr\/#organization"},"potentialAction":[{"@type":"SearchAction","target":{"@type":"EntryPoint","urlTemplate":"https:\/\/www.ysb.ca\/fr\/?s={search_term_string}"},"query-input":{"@type":"PropertyValueSpecification","valueRequired":true,"valueName":"search_term_string"}}],"inLanguage":"fr-FR"},{"@type":"Organization","@id":"https:\/\/www.ysb.ca\/fr\/#organization","name":"Youth Services Jeunesse","url":"https:\/\/www.ysb.ca\/fr\/","logo":{"@type":"ImageObject","inLanguage":"fr-FR","@id":"https:\/\/www.ysb.ca\/fr\/#\/schema\/logo\/image\/","url":"https:\/\/www.ysb.ca\/wp-content\/uploads\/2020\/09\/ysb-logo.png","contentUrl":"https:\/\/www.ysb.ca\/wp-content\/uploads\/2020\/09\/ysb-logo.png","width":238,"height":94,"caption":"Youth Services Jeunesse"},"image":{"@id":"https:\/\/www.ysb.ca\/fr\/#\/schema\/logo\/image\/"},"sameAs":["https:\/\/www.instagram.com\/ysb.bsj\/","https:\/\/www.youtube.com\/user\/YSBOttawa"]}]}},"_links":{"self":[{"href":"https:\/\/www.ysb.ca\/fr\/wp-json\/wp\/v2\/pages\/913","targetHints":{"allow":["GET"]}}],"collection":[{"href":"https:\/\/www.ysb.ca\/fr\/wp-json\/wp\/v2\/pages"}],"about":[{"href":"https:\/\/www.ysb.ca\/fr\/wp-json\/wp\/v2\/types\/page"}],"author":[{"embeddable":true,"href":"https:\/\/www.ysb.ca\/fr\/wp-json\/wp\/v2\/users\/1"}],"replies":[{"embeddable":true,"href":"https:\/\/www.ysb.ca\/fr\/wp-json\/wp\/v2\/comments?post=913"}],"version-history":[{"count":9,"href":"https:\/\/www.ysb.ca\/fr\/wp-json\/wp\/v2\/pages\/913\/revisions"}],"predecessor-version":[{"id":12770,"href":"https:\/\/www.ysb.ca\/fr\/wp-json\/wp\/v2\/pages\/913\/revisions\/12770"}],"up":[{"embeddable":true,"href":"https:\/\/www.ysb.ca\/fr\/wp-json\/wp\/v2\/pages\/1721"}],"wp:attachment":[{"href":"https:\/\/www.ysb.ca\/fr\/wp-json\/wp\/v2\/media?parent=913"}],"curies":[{"name":"wp","href":"https:\/\/api.w.org\/{rel}","templated":true}]}}