
{"id":911,"date":"2017-07-10T13:47:55","date_gmt":"2017-07-10T13:47:55","guid":{"rendered":"http:\/\/www.ysb.ca\/mental-health-court-resources\/"},"modified":"2022-01-17T12:10:55","modified_gmt":"2022-01-17T17:10:55","slug":"acceder-aux-services-sante-mentale","status":"publish","type":"page","link":"https:\/\/www.ysb.ca\/fr\/services\/sante-mentale\/acceder-aux-services-sante-mentale\/","title":{"rendered":"Acc\u00e9der aux services de sant\u00e9 mentale"},"content":{"rendered":"<div class=\"wpb-content-wrapper\">[vc_row fullwidth=\u00a0\u00bbtrue\u00a0\u00bb][vc_column]\n        <div class=\"ysb-banner-wrapper\" style=\"background-image: url(https:\/\/www.ysb.ca\/wp-content\/uploads\/2017\/11\/ysb-how-to-access-mental-health.jpg);\">\n         \n            <div class=\"ysb-title-wrapper mk-animate-element bottom-to-top mk-in-viewport\" style=\"background-image: url();\">\n\t\t\t\t<h1 class=\"ysb-banner-title\">Acc\u00e9der aux services de sant\u00e9 mentale<\/h1>\n\t\t\t\t\n\t\t\t<\/div>\n         \n        <\/div>[\/vc_column][\/vc_row][vc_row css=\u00a0\u00bb.vc_custom_1507737730589{padding-top: 80px !important;}\u00a0\u00bb][vc_column][vc_column_text css=\u00a0\u00bb.vc_custom_1516899920124{margin-bottom: 0px !important;}\u00a0\u00bb]\n<h2>Comment acc\u00e9der aux services dans une situation de crise<\/h2>\n<p>Il n\u2019existe pas de d\u00e9finition fixe d\u2019une urgence en sant\u00e9 mentale. Si vous croyez que votre situation est une crise, nous vous incitons \u00e0 communiquer avec la Ligne de crise 24\/7. Les professionnels comp\u00e9tents du BSJ vous offriront une aide imm\u00e9diate et peuvent \u00e9galement vous aider \u00e0 obtenir d\u2019autre soutien de la part de nos autres services et programmes.<\/p>\n<p><strong>24\/7 Num\u00e9ros de la Ligne de crise :<\/strong><br \/>\n\u00c0 Ottawa \u2014\u00a0613 260-2360<br \/>\nInterurbain sans-frais \u2014 1 877 377-7775[\/vc_column_text][\/vc_column][\/vc_row][vc_row id=\u00a0\u00bbamcp\u00a0\u00bb][vc_column][mk_padding_divider size=\u00a0\u00bb24&Prime;][\/vc_column][\/vc_row][vc_row css=\u00a0\u00bb.vc_custom_1507737698943{padding-bottom: 60px !important;}\u00a0\u00bb][vc_column][vc_column_text css=\u00a0\u00bb.vc_custom_1642439453428{margin-bottom: 0px !important;}\u00a0\u00bb]\n<h2>L&rsquo;approche en mati\u00e8re de choix et de partenariat (CAPA)<\/h2>\n<p>Le BSJ offre \u00e9galement toute une gamme de services de sant\u00e9 mentale \u00e0 l\u2019intention des jeunes (<span class=\"VIiyi\" lang=\"fr\"><span class=\"JLqJ4b ChMk0b\" data-language-for-alternatives=\"fr\" data-language-to-translate-into=\"en\" data-phrase-index=\"0\" data-number-of-phrases=\"1\">voir les programmes individuels pour les groupes d&rsquo;\u00e2ge<\/span><\/span> ) et de leur famille qui ont besoin de soutien<\/p>\n<p>Le BSJ utilise <strong>l\u2019approche en mati\u00e8re de choix et de partenariat (CAPA)<\/strong> afin d\u2019assurer la prestation de nos services de sant\u00e9 mentale. Cette approche assure que nos clients obtiennent le service qui r\u00e9pond le mieux \u00e0 leurs besoins, sans listes d\u2019attente internes.<\/p>\n<p>Lors de votre premi\u00e8re visite au BSJ (que ce soit dans le cadre d\u2019un rendez-vous fix\u00e9 ou \u00e0 la clinique de sant\u00e9 mentale sans rendez-vous), vous aurez une s\u00e9ance de choix. Durant cette rencontre avec un conseiller, vous aurez le temps de discuter de votre situation, et ensemble (ainsi qu\u2019avec toute personne qui vous accompagne), vous discuterez des objectifs que vous d\u00e9sirez atteindre. Vous recevrez ensuite des renseignements sur les diff\u00e9rentes options qui vous permettront de faire un choix inform\u00e9 au sujet de la prochaine \u00e9tape. Si vous d\u00e9cidez de poursuivre avec les services une fois le rendez-vous de choix termin\u00e9, vous quitterez avec un rendez-vous fix\u00e9 que l\u2019on nomme partenariat et le nom du conseiller qui convient le mieux selon vos besoins. Vous n\u2019aurez pas \u00e0 r\u00e9p\u00e9ter tout ce que vous avez expliqu\u00e9 dans votre rendez-vous de choix, \u00e0 moins que vous trouviez cela utile.<\/p>\n<p>Pour certaines personnes, un seul rendez-vous est n\u00e9cessaire pour r\u00e9pondre \u00e0 leurs besoins.<\/p>\n<p><iframe src=\"https:\/\/www.youtube.com\/embed\/-BM33qfIrsU?rel=0\" width=\"560\" height=\"315\" frameborder=\"0\" allowfullscreen=\"allowfullscreen\"><\/iframe><\/p>\n<p><strong>Les raisons pourquoi CAPA fonctionne<\/strong><\/p>\n<p>Par l\u2019interm\u00e9diaire de CAPA, notre \u00e9quipe de conseillers travaille de mani\u00e8re collaborative, entre eux et avec vous. Nous d\u00e9terminons quel conseiller poss\u00e8de les comp\u00e9tences cliniques ad\u00e9quates pour vous aider selon vos besoins. CAPA est une approche flexible et personnalis\u00e9e selon vos besoins individuels qui vous offre des attentes claires. D\u00e8s le d\u00e9part, vous saurez \u00e0 quoi vous attendre, et vous serez impliqu\u00e9 dans toute d\u00e9cision prise en cours de route.<\/p>\n<p>Bien que les conflits familiaux sont souvent le mieux r\u00e9solus quand tous les membres son engag\u00e9s dans le processus, nous acceptons de voir le jeune individuellement, et nous offrons \u00e9galement un soutien \u00e0 court terme aux parents qui se pr\u00e9occupent d\u2019un adolescent qui n\u2019est pas pr\u00eat \u00e0 participer au counseling.<\/p>\n<p><strong>Pour obtenir de plus amples renseignements, communiquez avec nous au : <\/strong>613-562-3004[\/vc_column_text][\/vc_column][\/vc_row]\n<\/div>","protected":false},"excerpt":{"rendered":"<p>[vc_row fullwidth=\u00a0\u00bbtrue\u00a0\u00bb][vc_column][\/vc_column][\/vc_row][vc_row css=\u00a0\u00bb.vc_custom_1507737730589{padding-top: 80px !important;}\u00a0\u00bb][vc_column][vc_column_text css=\u00a0\u00bb.vc_custom_1516899920124{margin-bottom: 0px !important;}\u00a0\u00bb] Comment acc\u00e9der aux services dans une situation de crise Il n\u2019existe pas de d\u00e9finition fixe d\u2019une urgence en sant\u00e9 mentale. Si vous croyez que votre situation est une crise, nous vous incitons \u00e0 communiquer avec la Ligne de crise 24\/7. Les professionnels comp\u00e9tents du BSJ vous offriront [&hellip;]<\/p>\n","protected":false},"author":1,"featured_media":0,"parent":1733,"menu_order":269,"comment_status":"closed","ping_status":"closed","template":"","meta":{"rs_blank_template":"","rs_page_bg_color":"#ffffff","slide_template_v7":"","footnotes":""},"class_list":["post-911","page","type-page","status-publish","hentry"],"yoast_head":"<!-- This site is optimized with the Yoast SEO plugin v27.4 - https:\/\/yoast.com\/product\/yoast-seo-wordpress\/ -->\n<title>Acc\u00e9der aux services de sant\u00e9 mentale - Youth Services Jeunesse<\/title>\n<meta name=\"robots\" content=\"index, follow, max-snippet:-1, max-image-preview:large, max-video-preview:-1\" \/>\n<link rel=\"canonical\" href=\"https:\/\/www.ysb.ca\/fr\/services\/sante-mentale\/acceder-aux-services-sante-mentale\/\" \/>\n<meta property=\"og:locale\" content=\"fr_FR\" \/>\n<meta property=\"og:type\" content=\"article\" \/>\n<meta property=\"og:title\" content=\"Acc\u00e9der aux services de sant\u00e9 mentale - Youth Services Jeunesse\" \/>\n<meta property=\"og:description\" content=\"[vc_row fullwidth=\u00a0\u00bbtrue\u00a0\u00bb][vc_column][\/vc_column][\/vc_row][vc_row css=\u00a0\u00bb.vc_custom_1507737730589{padding-top: 80px !important;}\u00a0\u00bb][vc_column][vc_column_text css=\u00a0\u00bb.vc_custom_1516899920124{margin-bottom: 0px !important;}\u00a0\u00bb] Comment acc\u00e9der aux services dans une situation de crise Il n\u2019existe pas de d\u00e9finition fixe d\u2019une urgence en sant\u00e9 mentale. Si vous croyez que votre situation est une crise, nous vous incitons \u00e0 communiquer avec la Ligne de crise 24\/7. Les professionnels comp\u00e9tents du BSJ vous offriront [&hellip;]\" \/>\n<meta property=\"og:url\" content=\"https:\/\/www.ysb.ca\/fr\/services\/sante-mentale\/acceder-aux-services-sante-mentale\/\" \/>\n<meta property=\"og:site_name\" content=\"Youth Services Jeunesse\" \/>\n<meta property=\"article:modified_time\" content=\"2022-01-17T17:10:55+00:00\" \/>\n<meta name=\"twitter:card\" content=\"summary_large_image\" \/>\n<meta name=\"twitter:label1\" content=\"Dur\u00e9e de lecture estim\u00e9e\" \/>\n\t<meta name=\"twitter:data1\" content=\"3 minutes\" \/>\n<script type=\"application\/ld+json\" class=\"yoast-schema-graph\">{\"@context\":\"https:\\\/\\\/schema.org\",\"@graph\":[{\"@type\":\"WebPage\",\"@id\":\"https:\\\/\\\/www.ysb.ca\\\/fr\\\/services\\\/sante-mentale\\\/acceder-aux-services-sante-mentale\\\/\",\"url\":\"https:\\\/\\\/www.ysb.ca\\\/fr\\\/services\\\/sante-mentale\\\/acceder-aux-services-sante-mentale\\\/\",\"name\":\"Acc\u00e9der aux services de sant\u00e9 mentale - Youth Services Jeunesse\",\"isPartOf\":{\"@id\":\"https:\\\/\\\/www.ysb.ca\\\/fr\\\/#website\"},\"datePublished\":\"2017-07-10T13:47:55+00:00\",\"dateModified\":\"2022-01-17T17:10:55+00:00\",\"breadcrumb\":{\"@id\":\"https:\\\/\\\/www.ysb.ca\\\/fr\\\/services\\\/sante-mentale\\\/acceder-aux-services-sante-mentale\\\/#breadcrumb\"},\"inLanguage\":\"fr-FR\",\"potentialAction\":[{\"@type\":\"ReadAction\",\"target\":[\"https:\\\/\\\/www.ysb.ca\\\/fr\\\/services\\\/sante-mentale\\\/acceder-aux-services-sante-mentale\\\/\"]}]},{\"@type\":\"BreadcrumbList\",\"@id\":\"https:\\\/\\\/www.ysb.ca\\\/fr\\\/services\\\/sante-mentale\\\/acceder-aux-services-sante-mentale\\\/#breadcrumb\",\"itemListElement\":[{\"@type\":\"ListItem\",\"position\":1,\"name\":\"Home\",\"item\":\"https:\\\/\\\/www.ysb.ca\\\/fr\\\/\"},{\"@type\":\"ListItem\",\"position\":2,\"name\":\"Services\",\"item\":\"https:\\\/\\\/www.ysb.ca\\\/fr\\\/services\\\/\"},{\"@type\":\"ListItem\",\"position\":3,\"name\":\"Services de sant\u00e9 mentale\",\"item\":\"https:\\\/\\\/www.ysb.ca\\\/fr\\\/services\\\/sante-mentale\\\/\"},{\"@type\":\"ListItem\",\"position\":4,\"name\":\"Acc\u00e9der aux services de sant\u00e9 mentale\"}]},{\"@type\":\"WebSite\",\"@id\":\"https:\\\/\\\/www.ysb.ca\\\/fr\\\/#website\",\"url\":\"https:\\\/\\\/www.ysb.ca\\\/fr\\\/\",\"name\":\"Youth Services Jeunesse\",\"description\":\"Ottawa Youth Services Jeunesse\",\"publisher\":{\"@id\":\"https:\\\/\\\/www.ysb.ca\\\/fr\\\/#organization\"},\"potentialAction\":[{\"@type\":\"SearchAction\",\"target\":{\"@type\":\"EntryPoint\",\"urlTemplate\":\"https:\\\/\\\/www.ysb.ca\\\/fr\\\/?s={search_term_string}\"},\"query-input\":{\"@type\":\"PropertyValueSpecification\",\"valueRequired\":true,\"valueName\":\"search_term_string\"}}],\"inLanguage\":\"fr-FR\"},{\"@type\":\"Organization\",\"@id\":\"https:\\\/\\\/www.ysb.ca\\\/fr\\\/#organization\",\"name\":\"Youth Services Jeunesse\",\"url\":\"https:\\\/\\\/www.ysb.ca\\\/fr\\\/\",\"logo\":{\"@type\":\"ImageObject\",\"inLanguage\":\"fr-FR\",\"@id\":\"https:\\\/\\\/www.ysb.ca\\\/fr\\\/#\\\/schema\\\/logo\\\/image\\\/\",\"url\":\"https:\\\/\\\/www.ysb.ca\\\/wp-content\\\/uploads\\\/2020\\\/09\\\/ysb-logo.png\",\"contentUrl\":\"https:\\\/\\\/www.ysb.ca\\\/wp-content\\\/uploads\\\/2020\\\/09\\\/ysb-logo.png\",\"width\":238,\"height\":94,\"caption\":\"Youth Services Jeunesse\"},\"image\":{\"@id\":\"https:\\\/\\\/www.ysb.ca\\\/fr\\\/#\\\/schema\\\/logo\\\/image\\\/\"},\"sameAs\":[\"https:\\\/\\\/www.instagram.com\\\/ysb.bsj\\\/\",\"https:\\\/\\\/www.youtube.com\\\/user\\\/YSBOttawa\"]}]}<\/script>\n<!-- \/ Yoast SEO plugin. -->","yoast_head_json":{"title":"Acc\u00e9der aux services de sant\u00e9 mentale - Youth Services Jeunesse","robots":{"index":"index","follow":"follow","max-snippet":"max-snippet:-1","max-image-preview":"max-image-preview:large","max-video-preview":"max-video-preview:-1"},"canonical":"https:\/\/www.ysb.ca\/fr\/services\/sante-mentale\/acceder-aux-services-sante-mentale\/","og_locale":"fr_FR","og_type":"article","og_title":"Acc\u00e9der aux services de sant\u00e9 mentale - Youth Services Jeunesse","og_description":"[vc_row fullwidth=\u00a0\u00bbtrue\u00a0\u00bb][vc_column][\/vc_column][\/vc_row][vc_row css=\u00a0\u00bb.vc_custom_1507737730589{padding-top: 80px !important;}\u00a0\u00bb][vc_column][vc_column_text css=\u00a0\u00bb.vc_custom_1516899920124{margin-bottom: 0px !important;}\u00a0\u00bb] Comment acc\u00e9der aux services dans une situation de crise Il n\u2019existe pas de d\u00e9finition fixe d\u2019une urgence en sant\u00e9 mentale. Si vous croyez que votre situation est une crise, nous vous incitons \u00e0 communiquer avec la Ligne de crise 24\/7. Les professionnels comp\u00e9tents du BSJ vous offriront [&hellip;]","og_url":"https:\/\/www.ysb.ca\/fr\/services\/sante-mentale\/acceder-aux-services-sante-mentale\/","og_site_name":"Youth Services Jeunesse","article_modified_time":"2022-01-17T17:10:55+00:00","twitter_card":"summary_large_image","twitter_misc":{"Dur\u00e9e de lecture estim\u00e9e":"3 minutes"},"schema":{"@context":"https:\/\/schema.org","@graph":[{"@type":"WebPage","@id":"https:\/\/www.ysb.ca\/fr\/services\/sante-mentale\/acceder-aux-services-sante-mentale\/","url":"https:\/\/www.ysb.ca\/fr\/services\/sante-mentale\/acceder-aux-services-sante-mentale\/","name":"Acc\u00e9der aux services de sant\u00e9 mentale - Youth Services Jeunesse","isPartOf":{"@id":"https:\/\/www.ysb.ca\/fr\/#website"},"datePublished":"2017-07-10T13:47:55+00:00","dateModified":"2022-01-17T17:10:55+00:00","breadcrumb":{"@id":"https:\/\/www.ysb.ca\/fr\/services\/sante-mentale\/acceder-aux-services-sante-mentale\/#breadcrumb"},"inLanguage":"fr-FR","potentialAction":[{"@type":"ReadAction","target":["https:\/\/www.ysb.ca\/fr\/services\/sante-mentale\/acceder-aux-services-sante-mentale\/"]}]},{"@type":"BreadcrumbList","@id":"https:\/\/www.ysb.ca\/fr\/services\/sante-mentale\/acceder-aux-services-sante-mentale\/#breadcrumb","itemListElement":[{"@type":"ListItem","position":1,"name":"Home","item":"https:\/\/www.ysb.ca\/fr\/"},{"@type":"ListItem","position":2,"name":"Services","item":"https:\/\/www.ysb.ca\/fr\/services\/"},{"@type":"ListItem","position":3,"name":"Services de sant\u00e9 mentale","item":"https:\/\/www.ysb.ca\/fr\/services\/sante-mentale\/"},{"@type":"ListItem","position":4,"name":"Acc\u00e9der aux services de sant\u00e9 mentale"}]},{"@type":"WebSite","@id":"https:\/\/www.ysb.ca\/fr\/#website","url":"https:\/\/www.ysb.ca\/fr\/","name":"Youth Services Jeunesse","description":"Ottawa Youth Services Jeunesse","publisher":{"@id":"https:\/\/www.ysb.ca\/fr\/#organization"},"potentialAction":[{"@type":"SearchAction","target":{"@type":"EntryPoint","urlTemplate":"https:\/\/www.ysb.ca\/fr\/?s={search_term_string}"},"query-input":{"@type":"PropertyValueSpecification","valueRequired":true,"valueName":"search_term_string"}}],"inLanguage":"fr-FR"},{"@type":"Organization","@id":"https:\/\/www.ysb.ca\/fr\/#organization","name":"Youth Services Jeunesse","url":"https:\/\/www.ysb.ca\/fr\/","logo":{"@type":"ImageObject","inLanguage":"fr-FR","@id":"https:\/\/www.ysb.ca\/fr\/#\/schema\/logo\/image\/","url":"https:\/\/www.ysb.ca\/wp-content\/uploads\/2020\/09\/ysb-logo.png","contentUrl":"https:\/\/www.ysb.ca\/wp-content\/uploads\/2020\/09\/ysb-logo.png","width":238,"height":94,"caption":"Youth Services Jeunesse"},"image":{"@id":"https:\/\/www.ysb.ca\/fr\/#\/schema\/logo\/image\/"},"sameAs":["https:\/\/www.instagram.com\/ysb.bsj\/","https:\/\/www.youtube.com\/user\/YSBOttawa"]}]}},"_links":{"self":[{"href":"https:\/\/www.ysb.ca\/fr\/wp-json\/wp\/v2\/pages\/911","targetHints":{"allow":["GET"]}}],"collection":[{"href":"https:\/\/www.ysb.ca\/fr\/wp-json\/wp\/v2\/pages"}],"about":[{"href":"https:\/\/www.ysb.ca\/fr\/wp-json\/wp\/v2\/types\/page"}],"author":[{"embeddable":true,"href":"https:\/\/www.ysb.ca\/fr\/wp-json\/wp\/v2\/users\/1"}],"replies":[{"embeddable":true,"href":"https:\/\/www.ysb.ca\/fr\/wp-json\/wp\/v2\/comments?post=911"}],"version-history":[{"count":5,"href":"https:\/\/www.ysb.ca\/fr\/wp-json\/wp\/v2\/pages\/911\/revisions"}],"predecessor-version":[{"id":7118,"href":"https:\/\/www.ysb.ca\/fr\/wp-json\/wp\/v2\/pages\/911\/revisions\/7118"}],"up":[{"embeddable":true,"href":"https:\/\/www.ysb.ca\/fr\/wp-json\/wp\/v2\/pages\/1733"}],"wp:attachment":[{"href":"https:\/\/www.ysb.ca\/fr\/wp-json\/wp\/v2\/media?parent=911"}],"curies":[{"name":"wp","href":"https:\/\/api.w.org\/{rel}","templated":true}]}}