
{"id":8882,"date":"2022-12-15T10:15:47","date_gmt":"2022-12-15T15:15:47","guid":{"rendered":"https:\/\/www.ysb.ca\/services\/sante-mentale\/1appel1clic\/"},"modified":"2022-12-15T10:20:12","modified_gmt":"2022-12-15T15:20:12","slug":"1appel1clic","status":"publish","type":"page","link":"https:\/\/www.ysb.ca\/fr\/services\/sante-mentale\/1appel1clic\/","title":{"rendered":"1Appel1Clic"},"content":{"rendered":"<div class=\"wpb-content-wrapper\">[vc_row fullwidth=\u00a0\u00bbtrue\u00a0\u00bb][vc_column]\n        <div class=\"ysb-banner-wrapper\" style=\"background-image: url(https:\/\/www.ysb.ca\/wp-content\/uploads\/2021\/09\/2.jpg);\">\n         \n            <div class=\"ysb-title-wrapper mk-animate-element bottom-to-top mk-in-viewport\" style=\"background-image: url();\">\n\t\t\t\t<h1 class=\"ysb-banner-title\">1Appel1Clic<\/h1>\n\t\t\t\t\n\t\t\t<\/div>\n         \n        <\/div>[mk_padding_divider][\/vc_column][\/vc_row][vc_row][vc_column][vc_column_text css=\u00a0\u00bb.vc_custom_1671117652366{margin-bottom: 0px !important;}\u00a0\u00bb]<strong>1Appel1Clic: travailler avec des partenaires pour faciliter l&rsquo;acc\u00e8s<\/strong><\/p>\n<p>Le BSJ est un partenaire cl\u00e9 de <a href=\"https:\/\/1call1click.ca\/fr\/index.aspx\">1Appel1Clic.ca<\/a>, un nouveau service bilingue con\u00e7u pour jumeler les enfants, les jeunes et les familles vivant dans l&rsquo;Est de l&rsquo;Ontario avec les bons services de sant\u00e9 mentale et de lutte contre les d\u00e9pendances, au bon moment. R\u00e9unissant plus de deux douzaines de fournisseurs locaux de services de sant\u00e9 mentale et de toxicomanie pour les enfants et les adolescents, ce programme passionnant est le premier du genre en Ontario.[\/vc_column_text][mk_padding_divider][\/vc_column][\/vc_row][vc_row][vc_column][vc_column_text css=\u00a0\u00bb.vc_custom_1671117623535{margin-bottom: 0px !important;}\u00a0\u00bb]\n<h2>Comment acc\u00e9der au service<\/h2>\n<p>Visitez <a href=\"https:\/\/forms.1call1click.ca\/Self-Scheduling\/Rendez-vous-virtuel-avec-1appel1clic\">1Appel1Clic.ca Formulaire &#8211; 1Appel1Clic<\/a> ou composez le 613-260-2360.[\/vc_column_text][\/vc_column][\/vc_row]\n<\/div>","protected":false},"excerpt":{"rendered":"<p>[vc_row fullwidth=\u00a0\u00bbtrue\u00a0\u00bb][vc_column][mk_padding_divider][\/vc_column][\/vc_row][vc_row][vc_column][vc_column_text css=\u00a0\u00bb.vc_custom_1671117652366{margin-bottom: 0px !important;}\u00a0\u00bb]1Appel1Clic: travailler avec des partenaires pour faciliter l&rsquo;acc\u00e8s Le BSJ est un partenaire cl\u00e9 de 1Appel1Clic.ca, un nouveau service bilingue con\u00e7u pour jumeler les enfants, les jeunes et les familles vivant dans l&rsquo;Est de l&rsquo;Ontario avec les bons services de sant\u00e9 mentale et de lutte contre les d\u00e9pendances, au bon moment. [&hellip;]<\/p>\n","protected":false},"author":13,"featured_media":0,"parent":1733,"menu_order":0,"comment_status":"closed","ping_status":"closed","template":"","meta":{"rs_blank_template":"","rs_page_bg_color":"#ffffff","slide_template_v7":"","footnotes":""},"class_list":["post-8882","page","type-page","status-publish","hentry"],"yoast_head":"<!-- This site is optimized with the Yoast SEO plugin v27.5 - https:\/\/yoast.com\/product\/yoast-seo-wordpress\/ -->\n<title>1Appel1Clic - Youth Services Jeunesse<\/title>\n<meta name=\"robots\" content=\"index, follow, max-snippet:-1, max-image-preview:large, max-video-preview:-1\" \/>\n<link rel=\"canonical\" href=\"https:\/\/www.ysb.ca\/fr\/services\/sante-mentale\/1appel1clic\/\" \/>\n<meta property=\"og:locale\" content=\"fr_FR\" \/>\n<meta property=\"og:type\" content=\"article\" \/>\n<meta property=\"og:title\" content=\"1Appel1Clic - Youth Services Jeunesse\" \/>\n<meta property=\"og:description\" content=\"[vc_row fullwidth=\u00a0\u00bbtrue\u00a0\u00bb][vc_column][mk_padding_divider][\/vc_column][\/vc_row][vc_row][vc_column][vc_column_text css=\u00a0\u00bb.vc_custom_1671117652366{margin-bottom: 0px !important;}\u00a0\u00bb]1Appel1Clic: travailler avec des partenaires pour faciliter l&rsquo;acc\u00e8s Le BSJ est un partenaire cl\u00e9 de 1Appel1Clic.ca, un nouveau service bilingue con\u00e7u pour jumeler les enfants, les jeunes et les familles vivant dans l&rsquo;Est de l&rsquo;Ontario avec les bons services de sant\u00e9 mentale et de lutte contre les d\u00e9pendances, au bon moment. [&hellip;]\" \/>\n<meta property=\"og:url\" content=\"https:\/\/www.ysb.ca\/fr\/services\/sante-mentale\/1appel1clic\/\" \/>\n<meta property=\"og:site_name\" content=\"Youth Services Jeunesse\" \/>\n<meta property=\"article:modified_time\" content=\"2022-12-15T15:20:12+00:00\" \/>\n<meta name=\"twitter:card\" content=\"summary_large_image\" \/>\n<meta name=\"twitter:label1\" content=\"Dur\u00e9e de lecture estim\u00e9e\" \/>\n\t<meta name=\"twitter:data1\" content=\"1 minute\" \/>\n<script type=\"application\/ld+json\" class=\"yoast-schema-graph\">{\"@context\":\"https:\\\/\\\/schema.org\",\"@graph\":[{\"@type\":\"WebPage\",\"@id\":\"https:\\\/\\\/www.ysb.ca\\\/fr\\\/services\\\/sante-mentale\\\/1appel1clic\\\/\",\"url\":\"https:\\\/\\\/www.ysb.ca\\\/fr\\\/services\\\/sante-mentale\\\/1appel1clic\\\/\",\"name\":\"1Appel1Clic - Youth Services Jeunesse\",\"isPartOf\":{\"@id\":\"https:\\\/\\\/www.ysb.ca\\\/fr\\\/#website\"},\"datePublished\":\"2022-12-15T15:15:47+00:00\",\"dateModified\":\"2022-12-15T15:20:12+00:00\",\"breadcrumb\":{\"@id\":\"https:\\\/\\\/www.ysb.ca\\\/fr\\\/services\\\/sante-mentale\\\/1appel1clic\\\/#breadcrumb\"},\"inLanguage\":\"fr-FR\",\"potentialAction\":[{\"@type\":\"ReadAction\",\"target\":[\"https:\\\/\\\/www.ysb.ca\\\/fr\\\/services\\\/sante-mentale\\\/1appel1clic\\\/\"]}]},{\"@type\":\"BreadcrumbList\",\"@id\":\"https:\\\/\\\/www.ysb.ca\\\/fr\\\/services\\\/sante-mentale\\\/1appel1clic\\\/#breadcrumb\",\"itemListElement\":[{\"@type\":\"ListItem\",\"position\":1,\"name\":\"Home\",\"item\":\"https:\\\/\\\/www.ysb.ca\\\/fr\\\/\"},{\"@type\":\"ListItem\",\"position\":2,\"name\":\"Services\",\"item\":\"https:\\\/\\\/www.ysb.ca\\\/fr\\\/services\\\/\"},{\"@type\":\"ListItem\",\"position\":3,\"name\":\"Services de sant\u00e9 mentale\",\"item\":\"https:\\\/\\\/www.ysb.ca\\\/fr\\\/services\\\/sante-mentale\\\/\"},{\"@type\":\"ListItem\",\"position\":4,\"name\":\"1Appel1Clic\"}]},{\"@type\":\"WebSite\",\"@id\":\"https:\\\/\\\/www.ysb.ca\\\/fr\\\/#website\",\"url\":\"https:\\\/\\\/www.ysb.ca\\\/fr\\\/\",\"name\":\"Youth Services Jeunesse\",\"description\":\"Ottawa Youth Services Jeunesse\",\"publisher\":{\"@id\":\"https:\\\/\\\/www.ysb.ca\\\/fr\\\/#organization\"},\"potentialAction\":[{\"@type\":\"SearchAction\",\"target\":{\"@type\":\"EntryPoint\",\"urlTemplate\":\"https:\\\/\\\/www.ysb.ca\\\/fr\\\/?s={search_term_string}\"},\"query-input\":{\"@type\":\"PropertyValueSpecification\",\"valueRequired\":true,\"valueName\":\"search_term_string\"}}],\"inLanguage\":\"fr-FR\"},{\"@type\":\"Organization\",\"@id\":\"https:\\\/\\\/www.ysb.ca\\\/fr\\\/#organization\",\"name\":\"Youth Services Jeunesse\",\"url\":\"https:\\\/\\\/www.ysb.ca\\\/fr\\\/\",\"logo\":{\"@type\":\"ImageObject\",\"inLanguage\":\"fr-FR\",\"@id\":\"https:\\\/\\\/www.ysb.ca\\\/fr\\\/#\\\/schema\\\/logo\\\/image\\\/\",\"url\":\"https:\\\/\\\/www.ysb.ca\\\/wp-content\\\/uploads\\\/2020\\\/09\\\/ysb-logo.png\",\"contentUrl\":\"https:\\\/\\\/www.ysb.ca\\\/wp-content\\\/uploads\\\/2020\\\/09\\\/ysb-logo.png\",\"width\":238,\"height\":94,\"caption\":\"Youth Services Jeunesse\"},\"image\":{\"@id\":\"https:\\\/\\\/www.ysb.ca\\\/fr\\\/#\\\/schema\\\/logo\\\/image\\\/\"},\"sameAs\":[\"https:\\\/\\\/www.instagram.com\\\/ysb.bsj\\\/\",\"https:\\\/\\\/www.youtube.com\\\/user\\\/YSBOttawa\"]}]}<\/script>\n<!-- \/ Yoast SEO plugin. -->","yoast_head_json":{"title":"1Appel1Clic - Youth Services Jeunesse","robots":{"index":"index","follow":"follow","max-snippet":"max-snippet:-1","max-image-preview":"max-image-preview:large","max-video-preview":"max-video-preview:-1"},"canonical":"https:\/\/www.ysb.ca\/fr\/services\/sante-mentale\/1appel1clic\/","og_locale":"fr_FR","og_type":"article","og_title":"1Appel1Clic - Youth Services Jeunesse","og_description":"[vc_row fullwidth=\u00a0\u00bbtrue\u00a0\u00bb][vc_column][mk_padding_divider][\/vc_column][\/vc_row][vc_row][vc_column][vc_column_text css=\u00a0\u00bb.vc_custom_1671117652366{margin-bottom: 0px !important;}\u00a0\u00bb]1Appel1Clic: travailler avec des partenaires pour faciliter l&rsquo;acc\u00e8s Le BSJ est un partenaire cl\u00e9 de 1Appel1Clic.ca, un nouveau service bilingue con\u00e7u pour jumeler les enfants, les jeunes et les familles vivant dans l&rsquo;Est de l&rsquo;Ontario avec les bons services de sant\u00e9 mentale et de lutte contre les d\u00e9pendances, au bon moment. [&hellip;]","og_url":"https:\/\/www.ysb.ca\/fr\/services\/sante-mentale\/1appel1clic\/","og_site_name":"Youth Services Jeunesse","article_modified_time":"2022-12-15T15:20:12+00:00","twitter_card":"summary_large_image","twitter_misc":{"Dur\u00e9e de lecture estim\u00e9e":"1 minute"},"schema":{"@context":"https:\/\/schema.org","@graph":[{"@type":"WebPage","@id":"https:\/\/www.ysb.ca\/fr\/services\/sante-mentale\/1appel1clic\/","url":"https:\/\/www.ysb.ca\/fr\/services\/sante-mentale\/1appel1clic\/","name":"1Appel1Clic - Youth Services Jeunesse","isPartOf":{"@id":"https:\/\/www.ysb.ca\/fr\/#website"},"datePublished":"2022-12-15T15:15:47+00:00","dateModified":"2022-12-15T15:20:12+00:00","breadcrumb":{"@id":"https:\/\/www.ysb.ca\/fr\/services\/sante-mentale\/1appel1clic\/#breadcrumb"},"inLanguage":"fr-FR","potentialAction":[{"@type":"ReadAction","target":["https:\/\/www.ysb.ca\/fr\/services\/sante-mentale\/1appel1clic\/"]}]},{"@type":"BreadcrumbList","@id":"https:\/\/www.ysb.ca\/fr\/services\/sante-mentale\/1appel1clic\/#breadcrumb","itemListElement":[{"@type":"ListItem","position":1,"name":"Home","item":"https:\/\/www.ysb.ca\/fr\/"},{"@type":"ListItem","position":2,"name":"Services","item":"https:\/\/www.ysb.ca\/fr\/services\/"},{"@type":"ListItem","position":3,"name":"Services de sant\u00e9 mentale","item":"https:\/\/www.ysb.ca\/fr\/services\/sante-mentale\/"},{"@type":"ListItem","position":4,"name":"1Appel1Clic"}]},{"@type":"WebSite","@id":"https:\/\/www.ysb.ca\/fr\/#website","url":"https:\/\/www.ysb.ca\/fr\/","name":"Youth Services Jeunesse","description":"Ottawa Youth Services Jeunesse","publisher":{"@id":"https:\/\/www.ysb.ca\/fr\/#organization"},"potentialAction":[{"@type":"SearchAction","target":{"@type":"EntryPoint","urlTemplate":"https:\/\/www.ysb.ca\/fr\/?s={search_term_string}"},"query-input":{"@type":"PropertyValueSpecification","valueRequired":true,"valueName":"search_term_string"}}],"inLanguage":"fr-FR"},{"@type":"Organization","@id":"https:\/\/www.ysb.ca\/fr\/#organization","name":"Youth Services Jeunesse","url":"https:\/\/www.ysb.ca\/fr\/","logo":{"@type":"ImageObject","inLanguage":"fr-FR","@id":"https:\/\/www.ysb.ca\/fr\/#\/schema\/logo\/image\/","url":"https:\/\/www.ysb.ca\/wp-content\/uploads\/2020\/09\/ysb-logo.png","contentUrl":"https:\/\/www.ysb.ca\/wp-content\/uploads\/2020\/09\/ysb-logo.png","width":238,"height":94,"caption":"Youth Services Jeunesse"},"image":{"@id":"https:\/\/www.ysb.ca\/fr\/#\/schema\/logo\/image\/"},"sameAs":["https:\/\/www.instagram.com\/ysb.bsj\/","https:\/\/www.youtube.com\/user\/YSBOttawa"]}]}},"_links":{"self":[{"href":"https:\/\/www.ysb.ca\/fr\/wp-json\/wp\/v2\/pages\/8882","targetHints":{"allow":["GET"]}}],"collection":[{"href":"https:\/\/www.ysb.ca\/fr\/wp-json\/wp\/v2\/pages"}],"about":[{"href":"https:\/\/www.ysb.ca\/fr\/wp-json\/wp\/v2\/types\/page"}],"author":[{"embeddable":true,"href":"https:\/\/www.ysb.ca\/fr\/wp-json\/wp\/v2\/users\/13"}],"replies":[{"embeddable":true,"href":"https:\/\/www.ysb.ca\/fr\/wp-json\/wp\/v2\/comments?post=8882"}],"version-history":[{"count":5,"href":"https:\/\/www.ysb.ca\/fr\/wp-json\/wp\/v2\/pages\/8882\/revisions"}],"predecessor-version":[{"id":8891,"href":"https:\/\/www.ysb.ca\/fr\/wp-json\/wp\/v2\/pages\/8882\/revisions\/8891"}],"up":[{"embeddable":true,"href":"https:\/\/www.ysb.ca\/fr\/wp-json\/wp\/v2\/pages\/1733"}],"wp:attachment":[{"href":"https:\/\/www.ysb.ca\/fr\/wp-json\/wp\/v2\/media?parent=8882"}],"curies":[{"name":"wp","href":"https:\/\/api.w.org\/{rel}","templated":true}]}}