
{"id":6922,"date":"2021-08-26T15:42:58","date_gmt":"2021-08-26T19:42:58","guid":{"rendered":"https:\/\/www.ysb.ca\/your-monthly-support-changes-lives\/"},"modified":"2021-10-27T13:42:46","modified_gmt":"2021-10-27T17:42:46","slug":"votre-soutien-mensuel-change-des-vies","status":"publish","type":"page","link":"https:\/\/www.ysb.ca\/fr\/votre-soutien-mensuel-change-des-vies\/","title":{"rendered":"Votre soutien mensuel change des vies"},"content":{"rendered":"<div class=\"wpb-content-wrapper\">[vc_row fullwidth=\u00a0\u00bbtrue\u00a0\u00bb][vc_column]\n        <div class=\"ysb-banner-wrapper\" style=\"background-image: url(https:\/\/www.ysb.ca\/wp-content\/uploads\/2021\/09\/youth_monthly4.jpg);\">\n         \n            <div class=\"ysb-title-wrapper mk-animate-element bottom-to-top mk-in-viewport\" style=\"background-image: url();\">\n\t\t\t\t<h1 class=\"ysb-banner-title\"><\/h1>\n\t\t\t\t\n\t\t\t<\/div>\n         \n        <\/div>[\/vc_column][\/vc_row][vc_row][vc_column css=\u00a0\u00bb.vc_custom_1631644387104{margin-top: 30px !important;}\u00a0\u00bb][vc_column_text css=\u00a0\u00bb.vc_custom_1635356146594{margin-bottom: 0px !important;}\u00a0\u00bb]\n<h2 style=\"text-align: center;\">Faites un don mensuel et appuyez le bien-\u00eatre et la s\u00e9curit\u00e9 des jeunes \u00e0 Ottawa<\/h2>\n<p style=\"text-align: left;\"><em>\u00ab R\u00e9cemment, je me suis rendu compte que je ne peux plus argumenter que je suis une jeune personne, alors j\u2019ai d\u00e9cid\u00e9 d\u2019investir dans les g\u00e9n\u00e9rations futures. Certaines personnes ont le luxe de voir les probl\u00e8mes qu\u2019affronte le BSJ comme des concepts qui ne les touchent pas directement. Des organismes comme le BSJ sont essentiels et ils ont besoin de notre soutien tout au long de l\u2019ann\u00e9e. Organiser le versement d\u2019un don mensuel \u00e9tait un faible effort et j\u2019ai ainsi pu faire ma part. \u00bb<\/em><br \/>\n<em>\u00a0\u00a0\u00a0\u00a0\u00a0\u00a0\u00a0\u00a0\u00a0\u00a0\u00a0\u00a0\u00a0\u00a0\u00a0\u00a0\u00a0\u00a0\u00a0\u00a0\u00a0\u00a0\u00a0\u00a0\u00a0\u00a0\u00a0\u00a0\u00a0\u00a0\u00a0\u00a0\u00a0\u00a0\u00a0\u00a0\u00a0\u00a0\u00a0\u00a0\u00a0\u00a0\u00a0\u00a0\u00a0\u00a0\u00a0\u00a0\u00a0\u00a0\u00a0\u00a0\u00a0\u00a0\u00a0\u00a0\u00a0\u00a0\u00a0\u00a0\u00a0\u00a0\u00a0\u00a0\u00a0\u00a0\u00a0\u00a0\u00a0\u00a0\u00a0\u00a0\u00a0\u00a0\u00a0\u00a0\u00a0\u00a0\u00a0\u00a0\u00a0\u00a0\u00a0\u00a0\u00a0\u00a0\u00a0\u00a0\u00a0\u00a0\u00a0\u00a0\u00a0\u00a0\u00a0\u00a0\u00a0\u00a0\u00a0\u00a0\u00a0\u00a0\u00a0\u00a0\u00a0\u00a0\u00a0\u00a0\u00a0\u00a0\u00a0\u00a0\u00a0\u00a0\u00a0\u00a0\u00a0\u00a0\u00a0\u00a0\u00a0\u00a0\u00a0\u00a0\u00a0\u00a0\u00a0\u00a0\u00a0\u00a0\u00a0\u00a0\u00a0\u00a0\u00a0\u00a0\u00a0\u00a0\u00a0\u00a0\u00a0\u00a0\u00a0\u00a0\u00a0\u00a0\u00a0\u00a0\u00a0\u00a0\u00a0\u00a0\u00a0\u00a0\u00a0\u00a0\u00a0\u00a0\u00a0\u00a0\u00a0\u00a0\u00a0\u00a0\u00a0\u00a0\u00a0\u00a0\u00a0\u00a0\u00a0\u00a0\u00a0 Jesse, donateur mensuel du BSJ<br \/>\n<\/em><\/p>\n[\/vc_column_text][\/vc_column][\/vc_row][vc_row][vc_column][vc_separator el_width=\u00a0\u00bb90&Prime;][\/vc_column][\/vc_row][vc_row attached=\u00a0\u00bbtrue\u00a0\u00bb column_padding=\u00a0\u00bb1&Prime; css=\u00a0\u00bb.vc_custom_1623691999789{padding-bottom: 40px !important;}\u00a0\u00bb][vc_column width=\u00a0\u00bb1\/2&Prime;][vc_column_text css=\u00a0\u00bb.vc_custom_1630006372619{margin-bottom: 0px !important;}\u00a0\u00bb][\/vc_column_text][vc_column_text css=\u00a0\u00bb.vc_custom_1635356192552{margin-bottom: 0px !important;}\u00a0\u00bb]Votre don mensuel permet d\u2019offrir un soutien durable et pr\u00e9visible aux programmes du BSJ, s\u2019assurant que les jeunes dans le besoin obtiennent de l\u2019aide quand ils en ont besoin.<\/p>\n<p>Joignez-vous \u00e0 la famille de donateurs du BSJ en versant un don mensuel. Vous exercerez un profond impact sur la vie de jeunes hommes et femmes vuln\u00e9rables \u00e0 tous les jours.<\/p>\n<p><strong><em>Les dons mensuels sont d\u00e9ductibles d\u2019imp\u00f4t et peuvent \u00eatre modifi\u00e9s ou annul\u00e9s en tout temps. \u00c0 noter qu\u2019un re\u00e7u consolid\u00e9 pour fins d\u2019imp\u00f4t vous sera envoy\u00e9 par la poste ou par courriel en janvier.<\/em><\/strong>[\/vc_column_text][\/vc_column][vc_column width=\u00a0\u00bb1\/2&Prime;][vc_video link=\u00a0\u00bbhttps:\/\/www.youtube.com\/watch?v=5Hz-dQIwmpY\u00a0\u00bb][\/vc_column][\/vc_row][vc_row][vc_column][vc_separator el_width=\u00a0\u00bb90&Prime;][\/vc_column][\/vc_row][vc_row][vc_column][vc_raw_html]JTNDZGl2JTIwaWQlM0QlMjJiYm94LXJvb3QlMjIlM0UlM0MlMkZkaXYlM0UlMEElM0NzY3JpcHQlMjB0eXBlJTNEJTIydGV4dCUyRmphdmFzY3JpcHQlMjIlM0UlMEElMjAlMjAlMjAlMjAlMjAlMjAlMjB3aW5kb3cuYmJveEluaXQlMjAlM0QlMjBmdW5jdGlvbiUyMCUyOCUyOSUyMCU3QiUwQSUyMCUyMCUyMCUyMCUyMCUyMCUyMCUyMCUyMCUyMCUyMGJib3guc2hvd0Zvcm0lMjglMjc5ZWM2OTNkYy1iOWI0LTQwOTUtOGE5ZS1jZmQyYjlkNTg1MzElMjclMjklM0IlMEElMjAlMjAlMjAlMjAlMjAlMjAlMjAlN0QlM0IlMEElMjAlMjAlMjAlMjAlMjAlMjAlMjAlMjhmdW5jdGlvbiUyMCUyOCUyOSUyMCU3QiUwQSUyMCUyMCUyMCUyMCUyMCUyMCUyMCUyMCUyMCUyMCUyMHZhciUyMGUlMjAlM0QlMjBkb2N1bWVudC5jcmVhdGVFbGVtZW50JTI4JTI3c2NyaXB0JTI3JTI5JTNCJTIwZS5hc3luYyUyMCUzRCUyMHRydWUlM0IlMEElMjAlMjAlMjAlMjAlMjAlMjAlMjAlMjAlMjAlMjAlMjBlLnNyYyUyMCUzRCUyMCUyN2h0dHBzJTNBJTJGJTJGYmJveC5ibGFja2JhdWRob3N0aW5nLmNvbSUyRndlYmZvcm1zJTJGYmJveC1taW4uanMlMjclM0IlMEElMjAlMjAlMjAlMjAlMjAlMjAlMjAlMjAlMjAlMjAlMjBkb2N1bWVudC5nZXRFbGVtZW50c0J5VGFnTmFtZSUyOCUyN2hlYWQlMjclMjklNUIwJTVELmFwcGVuZENoaWxkJTI4ZSUyOSUzQiUwQSUyMCUyMCUyMCUyMCUyMCUyMCUyMCU3RCUyMCUyOCUyOSUyOSUzQiUwQSUzQyUyRnNjcmlwdCUzRSUwQSUzQ3NjcmlwdCUzRXZhciUyMFNtYXJ0RE9OT1JDT1ZFUk9MWFNldHRpbmdzJTIwJTNEJTIwJTdCJTIycHJvZHVjdCUyMiUzQSUyMlNtYXJ0RE9OT1JDT1ZFUk9MWCUyMiUyQyUyMnByb21wdCUyMiUzQSUyMkklMjB3aXNoJTIwdG8lMjBjb3ZlciUyMHRyYW5zYWN0aW9uJTIwY29zdHMlMjBmb3IlMjB0aGUlMjBjaGFyaXR5JTIwJTI4aW5jcmVhc2UlMjBteSUyMGRvbmF0aW9uJTIwdG8lMjBhY2NvbXBsaXNoJTIwdGhpcyUyOSUyMiUyQyUyMnN1bW1hcnklMjIlM0ElMjJZb3UlMjB3aWxsJTIwcGF5JTIwJTVCYW1vdW50JTVEJTIwd2hpY2glMjBpbmNsdWRlcyUyMHRoZSUyMHRyYW5zYWN0aW9uJTIwZmVlcyUyMG9mJTIwJTVCZmVlJTVEJTIyJTJDJTIyaGlkZU90aGVyJTIyJTNBZmFsc2UlMkMlMjJmbGF0RmVlTW9kZSUyMiUzQXRydWUlMkMlMjJ2YXJpYWJsZSUyMiUzQTMlMkMlMjJmaXhlZCUyMiUzQTAlMkMlMjJjbGllbnQlMjIlM0ElMjJhcG9wZXNjdSU0MHlzYi5jYSUyMiU3RCUzQyUyRnNjcmlwdCUzRSUzQyUyMS0tJTIwJTIwJTI4YyUyOSUyMDIwMjAlMjBUaGUlMjBTbWFydFRISU5HJTIwTGltaXRlZCUyMEZpbGUlMjBzbWFydGRvbm9yY292ZXJvbHgtZGlzcGxheSUyMHByb3ZpZGVkJTIwdW5kZXIlMjBsaWNlbnNlJTIwdG8lMjBhcG9wZXNjdSU0MHlzYi5jYSUyMExhc3QlMjB1cGRhdGVkJTIwMTAlMkYwNyUyRjIwMjAlMjAwMyUzQTI4JTNBNDQlMjBwbSUyMC0tJTNFJTIwJTNDc2NyaXB0JTIwc3JjJTNEJTIyaHR0cHMlM0ElMkYlMkZ3d3cuc21hcnR0aGluZzIuY29tJTJGZG93bmxvYWQlMkZmaWxlLnBocCUzRmpzZm9ybWF0JTNEMSUyNm9seCUzRDElMjZmJTNELWpzLmh0bWwlMjZjJTNEYXBvcGVzY3UlNDB5c2IuY2ElMjZrJTNERE9OMjAwMTU4JTIyJTNFJTNDJTJGc2NyaXB0JTNF[\/vc_raw_html][\/vc_column][\/vc_row]\n<\/div>","protected":false},"excerpt":{"rendered":"<p>[vc_row fullwidth=\u00a0\u00bbtrue\u00a0\u00bb][vc_column][\/vc_column][\/vc_row][vc_row][vc_column css=\u00a0\u00bb.vc_custom_1631644387104{margin-top: 30px !important;}\u00a0\u00bb][vc_column_text css=\u00a0\u00bb.vc_custom_1635356146594{margin-bottom: 0px !important;}\u00a0\u00bb] Faites un don mensuel et appuyez le bien-\u00eatre et la s\u00e9curit\u00e9 des jeunes \u00e0 Ottawa \u00ab R\u00e9cemment, je me suis rendu compte que je ne peux plus argumenter que je suis une jeune personne, alors j\u2019ai d\u00e9cid\u00e9 d\u2019investir dans les g\u00e9n\u00e9rations futures. Certaines personnes ont le luxe [&hellip;]<\/p>\n","protected":false},"author":13,"featured_media":4248,"parent":0,"menu_order":0,"comment_status":"closed","ping_status":"closed","template":"","meta":{"rs_blank_template":"","rs_page_bg_color":"#ffffff","slide_template_v7":"","footnotes":""},"class_list":["post-6922","page","type-page","status-publish","has-post-thumbnail","hentry"],"yoast_head":"<!-- This site is optimized with the Yoast SEO plugin v27.4 - https:\/\/yoast.com\/product\/yoast-seo-wordpress\/ -->\n<title>Votre soutien mensuel change des vies - Youth Services Jeunesse<\/title>\n<meta name=\"robots\" content=\"index, follow, max-snippet:-1, max-image-preview:large, max-video-preview:-1\" \/>\n<link rel=\"canonical\" href=\"https:\/\/www.ysb.ca\/fr\/votre-soutien-mensuel-change-des-vies\/\" \/>\n<meta property=\"og:locale\" content=\"fr_FR\" \/>\n<meta property=\"og:type\" content=\"article\" \/>\n<meta property=\"og:title\" content=\"Votre soutien mensuel change des vies - Youth Services Jeunesse\" \/>\n<meta property=\"og:description\" content=\"[vc_row fullwidth=\u00a0\u00bbtrue\u00a0\u00bb][vc_column][\/vc_column][\/vc_row][vc_row][vc_column css=\u00a0\u00bb.vc_custom_1631644387104{margin-top: 30px !important;}\u00a0\u00bb][vc_column_text css=\u00a0\u00bb.vc_custom_1635356146594{margin-bottom: 0px !important;}\u00a0\u00bb] Faites un don mensuel et appuyez le bien-\u00eatre et la s\u00e9curit\u00e9 des jeunes \u00e0 Ottawa \u00ab R\u00e9cemment, je me suis rendu compte que je ne peux plus argumenter que je suis une jeune personne, alors j\u2019ai d\u00e9cid\u00e9 d\u2019investir dans les g\u00e9n\u00e9rations futures. Certaines personnes ont le luxe [&hellip;]\" \/>\n<meta property=\"og:url\" content=\"https:\/\/www.ysb.ca\/fr\/votre-soutien-mensuel-change-des-vies\/\" \/>\n<meta property=\"og:site_name\" content=\"Youth Services Jeunesse\" \/>\n<meta property=\"article:modified_time\" content=\"2021-10-27T17:42:46+00:00\" \/>\n<meta property=\"og:image\" content=\"https:\/\/www.ysb.ca\/wp-content\/uploads\/2018\/04\/monthly-donation.png\" \/>\n\t<meta property=\"og:image:width\" content=\"1920\" \/>\n\t<meta property=\"og:image:height\" content=\"634\" \/>\n\t<meta property=\"og:image:type\" content=\"image\/png\" \/>\n<meta name=\"twitter:card\" content=\"summary_large_image\" \/>\n<meta name=\"twitter:label1\" content=\"Dur\u00e9e de lecture estim\u00e9e\" \/>\n\t<meta name=\"twitter:data1\" content=\"1 minute\" \/>\n<script type=\"application\/ld+json\" class=\"yoast-schema-graph\">{\"@context\":\"https:\\\/\\\/schema.org\",\"@graph\":[{\"@type\":\"WebPage\",\"@id\":\"https:\\\/\\\/www.ysb.ca\\\/fr\\\/votre-soutien-mensuel-change-des-vies\\\/\",\"url\":\"https:\\\/\\\/www.ysb.ca\\\/fr\\\/votre-soutien-mensuel-change-des-vies\\\/\",\"name\":\"Votre soutien mensuel change des vies - Youth Services Jeunesse\",\"isPartOf\":{\"@id\":\"https:\\\/\\\/www.ysb.ca\\\/fr\\\/#website\"},\"primaryImageOfPage\":{\"@id\":\"https:\\\/\\\/www.ysb.ca\\\/fr\\\/votre-soutien-mensuel-change-des-vies\\\/#primaryimage\"},\"image\":{\"@id\":\"https:\\\/\\\/www.ysb.ca\\\/fr\\\/votre-soutien-mensuel-change-des-vies\\\/#primaryimage\"},\"thumbnailUrl\":\"https:\\\/\\\/www.ysb.ca\\\/wp-content\\\/uploads\\\/2018\\\/04\\\/monthly-donation.png\",\"datePublished\":\"2021-08-26T19:42:58+00:00\",\"dateModified\":\"2021-10-27T17:42:46+00:00\",\"breadcrumb\":{\"@id\":\"https:\\\/\\\/www.ysb.ca\\\/fr\\\/votre-soutien-mensuel-change-des-vies\\\/#breadcrumb\"},\"inLanguage\":\"fr-FR\",\"potentialAction\":[{\"@type\":\"ReadAction\",\"target\":[\"https:\\\/\\\/www.ysb.ca\\\/fr\\\/votre-soutien-mensuel-change-des-vies\\\/\"]}]},{\"@type\":\"ImageObject\",\"inLanguage\":\"fr-FR\",\"@id\":\"https:\\\/\\\/www.ysb.ca\\\/fr\\\/votre-soutien-mensuel-change-des-vies\\\/#primaryimage\",\"url\":\"https:\\\/\\\/www.ysb.ca\\\/wp-content\\\/uploads\\\/2018\\\/04\\\/monthly-donation.png\",\"contentUrl\":\"https:\\\/\\\/www.ysb.ca\\\/wp-content\\\/uploads\\\/2018\\\/04\\\/monthly-donation.png\",\"width\":1920,\"height\":634},{\"@type\":\"BreadcrumbList\",\"@id\":\"https:\\\/\\\/www.ysb.ca\\\/fr\\\/votre-soutien-mensuel-change-des-vies\\\/#breadcrumb\",\"itemListElement\":[{\"@type\":\"ListItem\",\"position\":1,\"name\":\"Home\",\"item\":\"https:\\\/\\\/www.ysb.ca\\\/fr\\\/\"},{\"@type\":\"ListItem\",\"position\":2,\"name\":\"Votre soutien mensuel change des vies\"}]},{\"@type\":\"WebSite\",\"@id\":\"https:\\\/\\\/www.ysb.ca\\\/fr\\\/#website\",\"url\":\"https:\\\/\\\/www.ysb.ca\\\/fr\\\/\",\"name\":\"Youth Services Jeunesse\",\"description\":\"Ottawa Youth Services Jeunesse\",\"publisher\":{\"@id\":\"https:\\\/\\\/www.ysb.ca\\\/fr\\\/#organization\"},\"potentialAction\":[{\"@type\":\"SearchAction\",\"target\":{\"@type\":\"EntryPoint\",\"urlTemplate\":\"https:\\\/\\\/www.ysb.ca\\\/fr\\\/?s={search_term_string}\"},\"query-input\":{\"@type\":\"PropertyValueSpecification\",\"valueRequired\":true,\"valueName\":\"search_term_string\"}}],\"inLanguage\":\"fr-FR\"},{\"@type\":\"Organization\",\"@id\":\"https:\\\/\\\/www.ysb.ca\\\/fr\\\/#organization\",\"name\":\"Youth Services Jeunesse\",\"url\":\"https:\\\/\\\/www.ysb.ca\\\/fr\\\/\",\"logo\":{\"@type\":\"ImageObject\",\"inLanguage\":\"fr-FR\",\"@id\":\"https:\\\/\\\/www.ysb.ca\\\/fr\\\/#\\\/schema\\\/logo\\\/image\\\/\",\"url\":\"https:\\\/\\\/www.ysb.ca\\\/wp-content\\\/uploads\\\/2020\\\/09\\\/ysb-logo.png\",\"contentUrl\":\"https:\\\/\\\/www.ysb.ca\\\/wp-content\\\/uploads\\\/2020\\\/09\\\/ysb-logo.png\",\"width\":238,\"height\":94,\"caption\":\"Youth Services Jeunesse\"},\"image\":{\"@id\":\"https:\\\/\\\/www.ysb.ca\\\/fr\\\/#\\\/schema\\\/logo\\\/image\\\/\"},\"sameAs\":[\"https:\\\/\\\/www.instagram.com\\\/ysb.bsj\\\/\",\"https:\\\/\\\/www.youtube.com\\\/user\\\/YSBOttawa\"]}]}<\/script>\n<!-- \/ Yoast SEO plugin. -->","yoast_head_json":{"title":"Votre soutien mensuel change des vies - Youth Services Jeunesse","robots":{"index":"index","follow":"follow","max-snippet":"max-snippet:-1","max-image-preview":"max-image-preview:large","max-video-preview":"max-video-preview:-1"},"canonical":"https:\/\/www.ysb.ca\/fr\/votre-soutien-mensuel-change-des-vies\/","og_locale":"fr_FR","og_type":"article","og_title":"Votre soutien mensuel change des vies - Youth Services Jeunesse","og_description":"[vc_row fullwidth=\u00a0\u00bbtrue\u00a0\u00bb][vc_column][\/vc_column][\/vc_row][vc_row][vc_column css=\u00a0\u00bb.vc_custom_1631644387104{margin-top: 30px !important;}\u00a0\u00bb][vc_column_text css=\u00a0\u00bb.vc_custom_1635356146594{margin-bottom: 0px !important;}\u00a0\u00bb] Faites un don mensuel et appuyez le bien-\u00eatre et la s\u00e9curit\u00e9 des jeunes \u00e0 Ottawa \u00ab R\u00e9cemment, je me suis rendu compte que je ne peux plus argumenter que je suis une jeune personne, alors j\u2019ai d\u00e9cid\u00e9 d\u2019investir dans les g\u00e9n\u00e9rations futures. Certaines personnes ont le luxe [&hellip;]","og_url":"https:\/\/www.ysb.ca\/fr\/votre-soutien-mensuel-change-des-vies\/","og_site_name":"Youth Services Jeunesse","article_modified_time":"2021-10-27T17:42:46+00:00","og_image":[{"width":1920,"height":634,"url":"https:\/\/www.ysb.ca\/wp-content\/uploads\/2018\/04\/monthly-donation.png","type":"image\/png"}],"twitter_card":"summary_large_image","twitter_misc":{"Dur\u00e9e de lecture estim\u00e9e":"1 minute"},"schema":{"@context":"https:\/\/schema.org","@graph":[{"@type":"WebPage","@id":"https:\/\/www.ysb.ca\/fr\/votre-soutien-mensuel-change-des-vies\/","url":"https:\/\/www.ysb.ca\/fr\/votre-soutien-mensuel-change-des-vies\/","name":"Votre soutien mensuel change des vies - Youth Services Jeunesse","isPartOf":{"@id":"https:\/\/www.ysb.ca\/fr\/#website"},"primaryImageOfPage":{"@id":"https:\/\/www.ysb.ca\/fr\/votre-soutien-mensuel-change-des-vies\/#primaryimage"},"image":{"@id":"https:\/\/www.ysb.ca\/fr\/votre-soutien-mensuel-change-des-vies\/#primaryimage"},"thumbnailUrl":"https:\/\/www.ysb.ca\/wp-content\/uploads\/2018\/04\/monthly-donation.png","datePublished":"2021-08-26T19:42:58+00:00","dateModified":"2021-10-27T17:42:46+00:00","breadcrumb":{"@id":"https:\/\/www.ysb.ca\/fr\/votre-soutien-mensuel-change-des-vies\/#breadcrumb"},"inLanguage":"fr-FR","potentialAction":[{"@type":"ReadAction","target":["https:\/\/www.ysb.ca\/fr\/votre-soutien-mensuel-change-des-vies\/"]}]},{"@type":"ImageObject","inLanguage":"fr-FR","@id":"https:\/\/www.ysb.ca\/fr\/votre-soutien-mensuel-change-des-vies\/#primaryimage","url":"https:\/\/www.ysb.ca\/wp-content\/uploads\/2018\/04\/monthly-donation.png","contentUrl":"https:\/\/www.ysb.ca\/wp-content\/uploads\/2018\/04\/monthly-donation.png","width":1920,"height":634},{"@type":"BreadcrumbList","@id":"https:\/\/www.ysb.ca\/fr\/votre-soutien-mensuel-change-des-vies\/#breadcrumb","itemListElement":[{"@type":"ListItem","position":1,"name":"Home","item":"https:\/\/www.ysb.ca\/fr\/"},{"@type":"ListItem","position":2,"name":"Votre soutien mensuel change des vies"}]},{"@type":"WebSite","@id":"https:\/\/www.ysb.ca\/fr\/#website","url":"https:\/\/www.ysb.ca\/fr\/","name":"Youth Services Jeunesse","description":"Ottawa Youth Services Jeunesse","publisher":{"@id":"https:\/\/www.ysb.ca\/fr\/#organization"},"potentialAction":[{"@type":"SearchAction","target":{"@type":"EntryPoint","urlTemplate":"https:\/\/www.ysb.ca\/fr\/?s={search_term_string}"},"query-input":{"@type":"PropertyValueSpecification","valueRequired":true,"valueName":"search_term_string"}}],"inLanguage":"fr-FR"},{"@type":"Organization","@id":"https:\/\/www.ysb.ca\/fr\/#organization","name":"Youth Services Jeunesse","url":"https:\/\/www.ysb.ca\/fr\/","logo":{"@type":"ImageObject","inLanguage":"fr-FR","@id":"https:\/\/www.ysb.ca\/fr\/#\/schema\/logo\/image\/","url":"https:\/\/www.ysb.ca\/wp-content\/uploads\/2020\/09\/ysb-logo.png","contentUrl":"https:\/\/www.ysb.ca\/wp-content\/uploads\/2020\/09\/ysb-logo.png","width":238,"height":94,"caption":"Youth Services Jeunesse"},"image":{"@id":"https:\/\/www.ysb.ca\/fr\/#\/schema\/logo\/image\/"},"sameAs":["https:\/\/www.instagram.com\/ysb.bsj\/","https:\/\/www.youtube.com\/user\/YSBOttawa"]}]}},"_links":{"self":[{"href":"https:\/\/www.ysb.ca\/fr\/wp-json\/wp\/v2\/pages\/6922","targetHints":{"allow":["GET"]}}],"collection":[{"href":"https:\/\/www.ysb.ca\/fr\/wp-json\/wp\/v2\/pages"}],"about":[{"href":"https:\/\/www.ysb.ca\/fr\/wp-json\/wp\/v2\/types\/page"}],"author":[{"embeddable":true,"href":"https:\/\/www.ysb.ca\/fr\/wp-json\/wp\/v2\/users\/13"}],"replies":[{"embeddable":true,"href":"https:\/\/www.ysb.ca\/fr\/wp-json\/wp\/v2\/comments?post=6922"}],"version-history":[{"count":2,"href":"https:\/\/www.ysb.ca\/fr\/wp-json\/wp\/v2\/pages\/6922\/revisions"}],"predecessor-version":[{"id":6924,"href":"https:\/\/www.ysb.ca\/fr\/wp-json\/wp\/v2\/pages\/6922\/revisions\/6924"}],"wp:featuredmedia":[{"embeddable":true,"href":"https:\/\/www.ysb.ca\/fr\/wp-json\/wp\/v2\/media\/4248"}],"wp:attachment":[{"href":"https:\/\/www.ysb.ca\/fr\/wp-json\/wp\/v2\/media?parent=6922"}],"curies":[{"name":"wp","href":"https:\/\/api.w.org\/{rel}","templated":true}]}}