
{"id":6547,"date":"2018-02-26T12:04:28","date_gmt":"2018-02-26T17:04:28","guid":{"rendered":"https:\/\/www.ysb.ca\/services\/justice\/tamarack-trades-training-centre\/"},"modified":"2025-07-31T15:18:43","modified_gmt":"2025-07-31T19:18:43","slug":"centre-de-formation-aux-metiers-de-tamarack","status":"publish","type":"page","link":"https:\/\/www.ysb.ca\/fr\/services\/justice\/centre-de-formation-aux-metiers-de-tamarack\/","title":{"rendered":"Tamarack Trades Training Centre"},"content":{"rendered":"<div class=\"wpb-content-wrapper\">[vc_row fullwidth=\u00a0\u00bbtrue\u00a0\u00bb][vc_column]\n        <div class=\"ysb-banner-wrapper\" style=\"background-image: url(https:\/\/www.ysb.ca\/wp-content\/uploads\/2017\/09\/williamcentre.jpg);\">\n         \n            <div class=\"ysb-title-wrapper mk-animate-element bottom-to-top mk-in-viewport\" style=\"background-image: url();\">\n\t\t\t\t<h1 class=\"ysb-banner-title\">Le Centre de formation aux m\u00e9tiers de Tamarack<\/h1>\n\t\t\t\t\n\t\t\t<\/div>\n         \n        <\/div>[\/vc_column][\/vc_row][vc_row][vc_column][vc_column_text css=\u00a0\u00bb.vc_custom_1753989071350{margin-bottom: 0px !important;padding-top: 80px !important;}\u00a0\u00bb]Le Centre de formation aux m\u00e9tiers Tamarack offre une formation de premier ordre et le d\u00e9veloppement des comp\u00e9tences dans les m\u00e9tiers aux jeunes \u00e0 risque de la r\u00e9gion d&rsquo;Ottawa.<\/p>\n<p>Le programme du Centre de formation aux m\u00e9tiers Tamarack est pr\u00e9sent\u00e9 par Maisons Tamarack et soutenu par l&rsquo;Association des constructeurs d&rsquo;habitations du Grand Ottawa (GOHBA), le Service de police d&rsquo;Ottawa, la Fondation Maurice Price et la Soci\u00e9t\u00e9 Urbandale.[\/vc_column_text][\/vc_column][\/vc_row][vc_row][vc_column width=\u00a0\u00bb1\/2&Prime;][\/vc_column][\/vc_row][vc_row][vc_column][mk_padding_divider size=\u00a0\u00bb24&Prime;][\/vc_column][\/vc_row][vc_row css=\u00a0\u00bb.vc_custom_1507653823630{padding-bottom: 60px !important;}\u00a0\u00bb][vc_column][vc_column_text css=\u00a0\u00bb.vc_custom_1753989138732{margin-bottom: 0px !important;}\u00a0\u00bb]Les jeunes en situation de crise sont confront\u00e9s \u00e0 des d\u00e9fis difficiles \u00e0 imaginer. De nombreux facteurs peuvent compromettre leur stabilit\u00e9. Souvent issus d&rsquo;un milieu familial abusif, instable ou inappropri\u00e9, les jeunes abandonnent leurs \u00e9tudes lorsque la nourriture et le logement deviennent leurs principales pr\u00e9occupations. Tr\u00e8s vite, en vivant dans la rue, les jeunes peuvent basculer dans la culture de la rue et les probl\u00e8mes peuvent se multiplier\u00a0: la toxicomanie, la prostitution et la criminalit\u00e9 peuvent sembler des solutions faciles \u00e0 la pauvret\u00e9, \u00e0 l&rsquo;isolement et au d\u00e9sespoir auxquels de nombreux jeunes sont confront\u00e9s lorsqu&rsquo;ils vivent dans la rue.<\/p>\n<p><strong>Ce sont ces jeunes qui b\u00e9n\u00e9ficieront du Centre de formation aux m\u00e9tiers Tamarack.<\/strong>[\/vc_column_text][mk_padding_divider size=\u00a0\u00bb24&Prime;][vc_column_text css=\u00a0\u00bb.vc_custom_1753989407473{margin-bottom: 0px !important;}\u00a0\u00bb]\n<h2>Centre de formation aux m\u00e9tiers de Tamarack<\/h2>\n<p>Le Centre de formation aux m\u00e9tiers de Tamarack enseignera aux jeunes \u00e0 risque des comp\u00e9tences professionnelles utiles dans les m\u00e9tiers de la construction. Ces comp\u00e9tences les aideront \u00e0 devenir des citoyens salari\u00e9s, \u00e0 d\u00e9velopper leur confiance et leur enthousiasme pour l&rsquo;avenir, et \u00e0 leur offrir des perspectives de carri\u00e8re viables.<\/p>\n<p>L&rsquo;objectif du programme est de fournir aux dipl\u00f4m\u00e9s les comp\u00e9tences n\u00e9cessaires pour acc\u00e9der \u00e0 un emploi de premier \u00e9chelon dans la construction r\u00e9sidentielle et commerciale. Le programme comprend des exp\u00e9riences pratiques, des d\u00e9monstrations et permet aux \u00e9tudiants d&rsquo;acqu\u00e9rir les bases des m\u00e9tiers. Il leur offrira \u00e9galement une formation en s\u00e9curit\u00e9 (g\u00e9n\u00e9rale et sp\u00e9cifique) et le d\u00e9veloppement de comp\u00e9tences dans plusieurs domaines de la construction. Gr\u00e2ce \u00e0 ce programme, les jeunes \u00e0 risque exploreront les m\u00e9tiers suivants\u00a0: Soudure, \u00e9lectricit\u00e9, r\u00e9paration d&rsquo;automobiles et de petits moteurs, menuiserie et travail du bois, etc.<\/p>\n<p><strong>Le programme \u00ab\u00a0Trading Up\u00a0\u00bb int\u00e8gre\u00a0:<\/strong><\/p>\n<ul>\n<li>Apprentissage en milieu de travail et formation professionnelle et acad\u00e9mique<\/li>\n<li>Orientation professionnelle<\/li>\n<li>Comp\u00e9tences essentielles \u00e0 la vie quotidienne<\/li>\n<li>Comp\u00e9tences favorisant l&#8217;employabilit\u00e9<\/li>\n<li>Aide au placement<\/li>\n<\/ul>\n<p><strong>En classe\u00a0:<\/strong><br \/>\nL&rsquo;enseignement en classe pr\u00e9sente et renforce les comp\u00e9tences n\u00e9cessaires aux \u00e9l\u00e8ves pour une exp\u00e9rience pratique sur le terrain, notamment en\u00a0:<\/p>\n<ul>\n<li>S\u00e9curit\u00e9 et premiers soins<\/li>\n<li>Math\u00e9matiques de la construction<\/li>\n<li>Outils et mat\u00e9riaux de construction<\/li>\n<li>Construction \u00e9cologique<\/li>\n<li>Lecture de plans<\/li>\n<li>Vocabulaire et terminologie<\/li>\n<\/ul>\n<p><strong>Le programme du Centre de formation aux m\u00e9tiers Tamarack est pr\u00e9sent\u00e9 par <a href=\"http:\/\/www.tamarackhomes.com\/\">Maisons Tamarack<\/a> et soutenu par <a href=\"http:\/\/www.gohba.ca\/\">l&rsquo;Association des constructeurs d&rsquo;habitations du Grand Ottawa (GOHBA)<\/a>, le <a href=\"http:\/\/www.ottawapolice.ca\/fr\/\">Service de police d&rsquo;Ottawa<\/a>, la<a href=\"http:\/\/mauricepricefoundation.com\/\"> Fondation Maurice Price<\/a> et la <a href=\"http:\/\/www.urbandale.com\/\">Corporation Urbandale<\/a>. Merci\u00a0!<\/strong>[\/vc_column_text][mk_padding_divider size=\u00a0\u00bb24&Prime;][mk_image src=\u00a0\u00bbhttps:\/\/www.ysb.ca\/wp-content\/uploads\/2018\/02\/sponsors.jpg\u00a0\u00bb image_width=\u00a0\u00bb700&Prime; image_height=\u00a0\u00bb908&Prime; align=\u00a0\u00bbcenter\u00a0\u00bb][\/vc_column][\/vc_row]\n<\/div>","protected":false},"excerpt":{"rendered":"<p>[vc_row fullwidth=\u00a0\u00bbtrue\u00a0\u00bb][vc_column][\/vc_column][\/vc_row][vc_row][vc_column][vc_column_text css=\u00a0\u00bb.vc_custom_1753989071350{margin-bottom: 0px !important;padding-top: 80px !important;}\u00a0\u00bb]Le Centre de formation aux m\u00e9tiers Tamarack offre une formation de premier ordre et le d\u00e9veloppement des comp\u00e9tences dans les m\u00e9tiers aux jeunes \u00e0 risque de la r\u00e9gion d&rsquo;Ottawa. Le programme du Centre de formation aux m\u00e9tiers Tamarack est pr\u00e9sent\u00e9 par Maisons Tamarack et soutenu par l&rsquo;Association des constructeurs [&hellip;]<\/p>\n","protected":false},"author":1,"featured_media":0,"parent":1720,"menu_order":133,"comment_status":"closed","ping_status":"closed","template":"","meta":{"rs_blank_template":"","rs_page_bg_color":"","slide_template_v7":"","footnotes":""},"class_list":["post-6547","page","type-page","status-publish","hentry"],"yoast_head":"<!-- This site is optimized with the Yoast SEO plugin v27.5 - https:\/\/yoast.com\/product\/yoast-seo-wordpress\/ -->\n<title>Tamarack Trades Training Centre - Youth Services Jeunesse<\/title>\n<meta name=\"robots\" content=\"index, follow, max-snippet:-1, max-image-preview:large, max-video-preview:-1\" \/>\n<link rel=\"canonical\" href=\"https:\/\/www.ysb.ca\/fr\/services\/justice\/centre-de-formation-aux-metiers-de-tamarack\/\" \/>\n<meta property=\"og:locale\" content=\"fr_FR\" \/>\n<meta property=\"og:type\" content=\"article\" \/>\n<meta property=\"og:title\" content=\"Tamarack Trades Training Centre - Youth Services Jeunesse\" \/>\n<meta property=\"og:description\" content=\"[vc_row fullwidth=\u00a0\u00bbtrue\u00a0\u00bb][vc_column][\/vc_column][\/vc_row][vc_row][vc_column][vc_column_text css=\u00a0\u00bb.vc_custom_1753989071350{margin-bottom: 0px !important;padding-top: 80px !important;}\u00a0\u00bb]Le Centre de formation aux m\u00e9tiers Tamarack offre une formation de premier ordre et le d\u00e9veloppement des comp\u00e9tences dans les m\u00e9tiers aux jeunes \u00e0 risque de la r\u00e9gion d&rsquo;Ottawa. Le programme du Centre de formation aux m\u00e9tiers Tamarack est pr\u00e9sent\u00e9 par Maisons Tamarack et soutenu par l&rsquo;Association des constructeurs [&hellip;]\" \/>\n<meta property=\"og:url\" content=\"https:\/\/www.ysb.ca\/fr\/services\/justice\/centre-de-formation-aux-metiers-de-tamarack\/\" \/>\n<meta property=\"og:site_name\" content=\"Youth Services Jeunesse\" \/>\n<meta property=\"article:modified_time\" content=\"2025-07-31T19:18:43+00:00\" \/>\n<meta name=\"twitter:card\" content=\"summary_large_image\" \/>\n<meta name=\"twitter:label1\" content=\"Dur\u00e9e de lecture estim\u00e9e\" \/>\n\t<meta name=\"twitter:data1\" content=\"3 minutes\" \/>\n<script type=\"application\/ld+json\" class=\"yoast-schema-graph\">{\"@context\":\"https:\\\/\\\/schema.org\",\"@graph\":[{\"@type\":\"WebPage\",\"@id\":\"https:\\\/\\\/www.ysb.ca\\\/fr\\\/services\\\/justice\\\/centre-de-formation-aux-metiers-de-tamarack\\\/\",\"url\":\"https:\\\/\\\/www.ysb.ca\\\/fr\\\/services\\\/justice\\\/centre-de-formation-aux-metiers-de-tamarack\\\/\",\"name\":\"Tamarack Trades Training Centre - Youth Services Jeunesse\",\"isPartOf\":{\"@id\":\"https:\\\/\\\/www.ysb.ca\\\/fr\\\/#website\"},\"datePublished\":\"2018-02-26T17:04:28+00:00\",\"dateModified\":\"2025-07-31T19:18:43+00:00\",\"breadcrumb\":{\"@id\":\"https:\\\/\\\/www.ysb.ca\\\/fr\\\/services\\\/justice\\\/centre-de-formation-aux-metiers-de-tamarack\\\/#breadcrumb\"},\"inLanguage\":\"fr-FR\",\"potentialAction\":[{\"@type\":\"ReadAction\",\"target\":[\"https:\\\/\\\/www.ysb.ca\\\/fr\\\/services\\\/justice\\\/centre-de-formation-aux-metiers-de-tamarack\\\/\"]}]},{\"@type\":\"BreadcrumbList\",\"@id\":\"https:\\\/\\\/www.ysb.ca\\\/fr\\\/services\\\/justice\\\/centre-de-formation-aux-metiers-de-tamarack\\\/#breadcrumb\",\"itemListElement\":[{\"@type\":\"ListItem\",\"position\":1,\"name\":\"Home\",\"item\":\"https:\\\/\\\/www.ysb.ca\\\/fr\\\/\"},{\"@type\":\"ListItem\",\"position\":2,\"name\":\"Services\",\"item\":\"https:\\\/\\\/www.ysb.ca\\\/fr\\\/services\\\/\"},{\"@type\":\"ListItem\",\"position\":3,\"name\":\"Services de justice pour les jeunes\",\"item\":\"https:\\\/\\\/www.ysb.ca\\\/fr\\\/services\\\/justice\\\/\"},{\"@type\":\"ListItem\",\"position\":4,\"name\":\"Tamarack Trades Training Centre\"}]},{\"@type\":\"WebSite\",\"@id\":\"https:\\\/\\\/www.ysb.ca\\\/fr\\\/#website\",\"url\":\"https:\\\/\\\/www.ysb.ca\\\/fr\\\/\",\"name\":\"Youth Services Jeunesse\",\"description\":\"Ottawa Youth Services Jeunesse\",\"publisher\":{\"@id\":\"https:\\\/\\\/www.ysb.ca\\\/fr\\\/#organization\"},\"potentialAction\":[{\"@type\":\"SearchAction\",\"target\":{\"@type\":\"EntryPoint\",\"urlTemplate\":\"https:\\\/\\\/www.ysb.ca\\\/fr\\\/?s={search_term_string}\"},\"query-input\":{\"@type\":\"PropertyValueSpecification\",\"valueRequired\":true,\"valueName\":\"search_term_string\"}}],\"inLanguage\":\"fr-FR\"},{\"@type\":\"Organization\",\"@id\":\"https:\\\/\\\/www.ysb.ca\\\/fr\\\/#organization\",\"name\":\"Youth Services Jeunesse\",\"url\":\"https:\\\/\\\/www.ysb.ca\\\/fr\\\/\",\"logo\":{\"@type\":\"ImageObject\",\"inLanguage\":\"fr-FR\",\"@id\":\"https:\\\/\\\/www.ysb.ca\\\/fr\\\/#\\\/schema\\\/logo\\\/image\\\/\",\"url\":\"https:\\\/\\\/www.ysb.ca\\\/wp-content\\\/uploads\\\/2020\\\/09\\\/ysb-logo.png\",\"contentUrl\":\"https:\\\/\\\/www.ysb.ca\\\/wp-content\\\/uploads\\\/2020\\\/09\\\/ysb-logo.png\",\"width\":238,\"height\":94,\"caption\":\"Youth Services Jeunesse\"},\"image\":{\"@id\":\"https:\\\/\\\/www.ysb.ca\\\/fr\\\/#\\\/schema\\\/logo\\\/image\\\/\"},\"sameAs\":[\"https:\\\/\\\/www.instagram.com\\\/ysb.bsj\\\/\",\"https:\\\/\\\/www.youtube.com\\\/user\\\/YSBOttawa\"]}]}<\/script>\n<!-- \/ Yoast SEO plugin. -->","yoast_head_json":{"title":"Tamarack Trades Training Centre - Youth Services Jeunesse","robots":{"index":"index","follow":"follow","max-snippet":"max-snippet:-1","max-image-preview":"max-image-preview:large","max-video-preview":"max-video-preview:-1"},"canonical":"https:\/\/www.ysb.ca\/fr\/services\/justice\/centre-de-formation-aux-metiers-de-tamarack\/","og_locale":"fr_FR","og_type":"article","og_title":"Tamarack Trades Training Centre - Youth Services Jeunesse","og_description":"[vc_row fullwidth=\u00a0\u00bbtrue\u00a0\u00bb][vc_column][\/vc_column][\/vc_row][vc_row][vc_column][vc_column_text css=\u00a0\u00bb.vc_custom_1753989071350{margin-bottom: 0px !important;padding-top: 80px !important;}\u00a0\u00bb]Le Centre de formation aux m\u00e9tiers Tamarack offre une formation de premier ordre et le d\u00e9veloppement des comp\u00e9tences dans les m\u00e9tiers aux jeunes \u00e0 risque de la r\u00e9gion d&rsquo;Ottawa. Le programme du Centre de formation aux m\u00e9tiers Tamarack est pr\u00e9sent\u00e9 par Maisons Tamarack et soutenu par l&rsquo;Association des constructeurs [&hellip;]","og_url":"https:\/\/www.ysb.ca\/fr\/services\/justice\/centre-de-formation-aux-metiers-de-tamarack\/","og_site_name":"Youth Services Jeunesse","article_modified_time":"2025-07-31T19:18:43+00:00","twitter_card":"summary_large_image","twitter_misc":{"Dur\u00e9e de lecture estim\u00e9e":"3 minutes"},"schema":{"@context":"https:\/\/schema.org","@graph":[{"@type":"WebPage","@id":"https:\/\/www.ysb.ca\/fr\/services\/justice\/centre-de-formation-aux-metiers-de-tamarack\/","url":"https:\/\/www.ysb.ca\/fr\/services\/justice\/centre-de-formation-aux-metiers-de-tamarack\/","name":"Tamarack Trades Training Centre - Youth Services Jeunesse","isPartOf":{"@id":"https:\/\/www.ysb.ca\/fr\/#website"},"datePublished":"2018-02-26T17:04:28+00:00","dateModified":"2025-07-31T19:18:43+00:00","breadcrumb":{"@id":"https:\/\/www.ysb.ca\/fr\/services\/justice\/centre-de-formation-aux-metiers-de-tamarack\/#breadcrumb"},"inLanguage":"fr-FR","potentialAction":[{"@type":"ReadAction","target":["https:\/\/www.ysb.ca\/fr\/services\/justice\/centre-de-formation-aux-metiers-de-tamarack\/"]}]},{"@type":"BreadcrumbList","@id":"https:\/\/www.ysb.ca\/fr\/services\/justice\/centre-de-formation-aux-metiers-de-tamarack\/#breadcrumb","itemListElement":[{"@type":"ListItem","position":1,"name":"Home","item":"https:\/\/www.ysb.ca\/fr\/"},{"@type":"ListItem","position":2,"name":"Services","item":"https:\/\/www.ysb.ca\/fr\/services\/"},{"@type":"ListItem","position":3,"name":"Services de justice pour les jeunes","item":"https:\/\/www.ysb.ca\/fr\/services\/justice\/"},{"@type":"ListItem","position":4,"name":"Tamarack Trades Training Centre"}]},{"@type":"WebSite","@id":"https:\/\/www.ysb.ca\/fr\/#website","url":"https:\/\/www.ysb.ca\/fr\/","name":"Youth Services Jeunesse","description":"Ottawa Youth Services Jeunesse","publisher":{"@id":"https:\/\/www.ysb.ca\/fr\/#organization"},"potentialAction":[{"@type":"SearchAction","target":{"@type":"EntryPoint","urlTemplate":"https:\/\/www.ysb.ca\/fr\/?s={search_term_string}"},"query-input":{"@type":"PropertyValueSpecification","valueRequired":true,"valueName":"search_term_string"}}],"inLanguage":"fr-FR"},{"@type":"Organization","@id":"https:\/\/www.ysb.ca\/fr\/#organization","name":"Youth Services Jeunesse","url":"https:\/\/www.ysb.ca\/fr\/","logo":{"@type":"ImageObject","inLanguage":"fr-FR","@id":"https:\/\/www.ysb.ca\/fr\/#\/schema\/logo\/image\/","url":"https:\/\/www.ysb.ca\/wp-content\/uploads\/2020\/09\/ysb-logo.png","contentUrl":"https:\/\/www.ysb.ca\/wp-content\/uploads\/2020\/09\/ysb-logo.png","width":238,"height":94,"caption":"Youth Services Jeunesse"},"image":{"@id":"https:\/\/www.ysb.ca\/fr\/#\/schema\/logo\/image\/"},"sameAs":["https:\/\/www.instagram.com\/ysb.bsj\/","https:\/\/www.youtube.com\/user\/YSBOttawa"]}]}},"_links":{"self":[{"href":"https:\/\/www.ysb.ca\/fr\/wp-json\/wp\/v2\/pages\/6547","targetHints":{"allow":["GET"]}}],"collection":[{"href":"https:\/\/www.ysb.ca\/fr\/wp-json\/wp\/v2\/pages"}],"about":[{"href":"https:\/\/www.ysb.ca\/fr\/wp-json\/wp\/v2\/types\/page"}],"author":[{"embeddable":true,"href":"https:\/\/www.ysb.ca\/fr\/wp-json\/wp\/v2\/users\/1"}],"replies":[{"embeddable":true,"href":"https:\/\/www.ysb.ca\/fr\/wp-json\/wp\/v2\/comments?post=6547"}],"version-history":[{"count":5,"href":"https:\/\/www.ysb.ca\/fr\/wp-json\/wp\/v2\/pages\/6547\/revisions"}],"predecessor-version":[{"id":12835,"href":"https:\/\/www.ysb.ca\/fr\/wp-json\/wp\/v2\/pages\/6547\/revisions\/12835"}],"up":[{"embeddable":true,"href":"https:\/\/www.ysb.ca\/fr\/wp-json\/wp\/v2\/pages\/1720"}],"wp:attachment":[{"href":"https:\/\/www.ysb.ca\/fr\/wp-json\/wp\/v2\/media?parent=6547"}],"curies":[{"name":"wp","href":"https:\/\/api.w.org\/{rel}","templated":true}]}}