
{"id":5743,"date":"2026-04-28T16:19:40","date_gmt":"2026-04-28T20:19:40","guid":{"rendered":"https:\/\/www.ysb.ca\/?page_id=5743"},"modified":"2026-04-28T16:45:06","modified_gmt":"2026-04-28T20:45:06","slug":"organisme-responsable","status":"publish","type":"page","link":"https:\/\/www.ysb.ca\/fr\/services\/sante-mentale\/organisme-responsable\/","title":{"rendered":"Organisme responsable"},"content":{"rendered":"<div class=\"wpb-content-wrapper\">[vc_row fullwidth=\u00a0\u00bbtrue\u00a0\u00bb][vc_column]\n        <div class=\"ysb-banner-wrapper\" style=\"background-image: url(https:\/\/www.ysb.ca\/wp-content\/uploads\/2020\/09\/kelly.jpg);\">\n         \n            <div class=\"ysb-title-wrapper mk-animate-element bottom-to-top mk-in-viewport\" style=\"background-image: url();\">\n\t\t\t\t<h1 class=\"ysb-banner-title\">Organisme responsable des services de sant\u00e9 mentale<\/h1>\n\t\t\t\t\n\t\t\t<\/div>\n         \n        <\/div>[\/vc_column][\/vc_row][vc_row css=\u00a0\u00bb.vc_custom_1507312091635{padding-top: 80px !important;}\u00a0\u00bb][vc_column][vc_column_text margin_bottom=\u00a0\u00bb0&Prime; css=\u00a0\u00bb.vc_custom_1777409096074{margin-bottom: 0px !important;}\u00a0\u00bb]\n<h3>Le BSJ est l&rsquo;Organisme responsable des services de sant\u00e9 mentale pour les enfants et les jeunes \u00e0 Ottawa.<\/h3>\n<blockquote><p>Les organismes responsables de la province supervisent et coordonnent la prestation de services et de programmes de sant\u00e9 mentale dans leur r\u00e9gion. En outre, ils collaborent avec des partenaires communautaires pour fournir un large \u00e9ventail de mesures de soutien aux enfants et aux jeunes. [<a href=\"https:\/\/www.ontario.ca\/fr\/page\/services-de-sante-mentale-pour-les-enfants-et-les-jeunes\">Services de sant\u00e9 mentale pour les enfants et les jeunes | ontario.ca<\/a>]<\/blockquote>\n<p>Contact: Christie Kopczyk, Directrice, Organisme responsable Ottawa &#8211; <a href=\"mailto:ckopczyk@ysb.ca\">ckopczyk@ysb.ca<\/a>[\/vc_column_text][\/vc_column][\/vc_row][vc_row][vc_column][mk_padding_divider size=\u00a0\u00bb24&Prime;][\/vc_column][\/vc_row]\n<\/div>","protected":false},"excerpt":{"rendered":"<p>[vc_row fullwidth=\u00a0\u00bbtrue\u00a0\u00bb][vc_column][\/vc_column][\/vc_row][vc_row css=\u00a0\u00bb.vc_custom_1507312091635{padding-top: 80px !important;}\u00a0\u00bb][vc_column][vc_column_text margin_bottom=\u00a0\u00bb0&Prime; css=\u00a0\u00bb.vc_custom_1777409096074{margin-bottom: 0px !important;}\u00a0\u00bb] Le BSJ est l&rsquo;Organisme responsable des services de sant\u00e9 mentale pour les enfants et les jeunes \u00e0 Ottawa. Les organismes responsables de la province supervisent et coordonnent la prestation de services et de programmes de sant\u00e9 mentale dans leur r\u00e9gion. En outre, ils collaborent avec des [&hellip;]<\/p>\n","protected":false},"author":2,"featured_media":0,"parent":1733,"menu_order":41,"comment_status":"closed","ping_status":"closed","template":"","meta":{"rs_blank_template":"","rs_page_bg_color":"","slide_template_v7":"","footnotes":""},"class_list":["post-5743","page","type-page","status-publish","hentry"],"yoast_head":"<!-- This site is optimized with the Yoast SEO plugin v27.4 - https:\/\/yoast.com\/product\/yoast-seo-wordpress\/ -->\n<title>Organisme responsable - Youth Services Jeunesse<\/title>\n<meta name=\"robots\" content=\"index, follow, max-snippet:-1, max-image-preview:large, max-video-preview:-1\" \/>\n<link rel=\"canonical\" href=\"https:\/\/www.ysb.ca\/fr\/services\/sante-mentale\/organisme-responsable\/\" \/>\n<meta property=\"og:locale\" content=\"fr_FR\" \/>\n<meta property=\"og:type\" content=\"article\" \/>\n<meta property=\"og:title\" content=\"Organisme responsable - Youth Services Jeunesse\" \/>\n<meta property=\"og:description\" content=\"[vc_row fullwidth=\u00a0\u00bbtrue\u00a0\u00bb][vc_column][\/vc_column][\/vc_row][vc_row css=\u00a0\u00bb.vc_custom_1507312091635{padding-top: 80px !important;}\u00a0\u00bb][vc_column][vc_column_text margin_bottom=\u00a0\u00bb0&Prime; css=\u00a0\u00bb.vc_custom_1777409096074{margin-bottom: 0px !important;}\u00a0\u00bb] Le BSJ est l&rsquo;Organisme responsable des services de sant\u00e9 mentale pour les enfants et les jeunes \u00e0 Ottawa. Les organismes responsables de la province supervisent et coordonnent la prestation de services et de programmes de sant\u00e9 mentale dans leur r\u00e9gion. En outre, ils collaborent avec des [&hellip;]\" \/>\n<meta property=\"og:url\" content=\"https:\/\/www.ysb.ca\/fr\/services\/sante-mentale\/organisme-responsable\/\" \/>\n<meta property=\"og:site_name\" content=\"Youth Services Jeunesse\" \/>\n<meta property=\"article:modified_time\" content=\"2026-04-28T20:45:06+00:00\" \/>\n<meta name=\"twitter:card\" content=\"summary_large_image\" \/>\n<meta name=\"twitter:label1\" content=\"Dur\u00e9e de lecture estim\u00e9e\" \/>\n\t<meta name=\"twitter:data1\" content=\"1 minute\" \/>\n<script type=\"application\/ld+json\" class=\"yoast-schema-graph\">{\"@context\":\"https:\\\/\\\/schema.org\",\"@graph\":[{\"@type\":\"WebPage\",\"@id\":\"https:\\\/\\\/www.ysb.ca\\\/fr\\\/services\\\/sante-mentale\\\/organisme-responsable\\\/\",\"url\":\"https:\\\/\\\/www.ysb.ca\\\/fr\\\/services\\\/sante-mentale\\\/organisme-responsable\\\/\",\"name\":\"Organisme responsable - Youth Services Jeunesse\",\"isPartOf\":{\"@id\":\"https:\\\/\\\/www.ysb.ca\\\/fr\\\/#website\"},\"datePublished\":\"2026-04-28T20:19:40+00:00\",\"dateModified\":\"2026-04-28T20:45:06+00:00\",\"breadcrumb\":{\"@id\":\"https:\\\/\\\/www.ysb.ca\\\/fr\\\/services\\\/sante-mentale\\\/organisme-responsable\\\/#breadcrumb\"},\"inLanguage\":\"fr-FR\",\"potentialAction\":[{\"@type\":\"ReadAction\",\"target\":[\"https:\\\/\\\/www.ysb.ca\\\/fr\\\/services\\\/sante-mentale\\\/organisme-responsable\\\/\"]}]},{\"@type\":\"BreadcrumbList\",\"@id\":\"https:\\\/\\\/www.ysb.ca\\\/fr\\\/services\\\/sante-mentale\\\/organisme-responsable\\\/#breadcrumb\",\"itemListElement\":[{\"@type\":\"ListItem\",\"position\":1,\"name\":\"Home\",\"item\":\"https:\\\/\\\/www.ysb.ca\\\/fr\\\/\"},{\"@type\":\"ListItem\",\"position\":2,\"name\":\"Services\",\"item\":\"https:\\\/\\\/www.ysb.ca\\\/fr\\\/services\\\/\"},{\"@type\":\"ListItem\",\"position\":3,\"name\":\"Services de sant\u00e9 mentale\",\"item\":\"https:\\\/\\\/www.ysb.ca\\\/fr\\\/services\\\/sante-mentale\\\/\"},{\"@type\":\"ListItem\",\"position\":4,\"name\":\"Organisme responsable\"}]},{\"@type\":\"WebSite\",\"@id\":\"https:\\\/\\\/www.ysb.ca\\\/fr\\\/#website\",\"url\":\"https:\\\/\\\/www.ysb.ca\\\/fr\\\/\",\"name\":\"Youth Services Jeunesse\",\"description\":\"Ottawa Youth Services Jeunesse\",\"publisher\":{\"@id\":\"https:\\\/\\\/www.ysb.ca\\\/fr\\\/#organization\"},\"potentialAction\":[{\"@type\":\"SearchAction\",\"target\":{\"@type\":\"EntryPoint\",\"urlTemplate\":\"https:\\\/\\\/www.ysb.ca\\\/fr\\\/?s={search_term_string}\"},\"query-input\":{\"@type\":\"PropertyValueSpecification\",\"valueRequired\":true,\"valueName\":\"search_term_string\"}}],\"inLanguage\":\"fr-FR\"},{\"@type\":\"Organization\",\"@id\":\"https:\\\/\\\/www.ysb.ca\\\/fr\\\/#organization\",\"name\":\"Youth Services Jeunesse\",\"url\":\"https:\\\/\\\/www.ysb.ca\\\/fr\\\/\",\"logo\":{\"@type\":\"ImageObject\",\"inLanguage\":\"fr-FR\",\"@id\":\"https:\\\/\\\/www.ysb.ca\\\/fr\\\/#\\\/schema\\\/logo\\\/image\\\/\",\"url\":\"https:\\\/\\\/www.ysb.ca\\\/wp-content\\\/uploads\\\/2020\\\/09\\\/ysb-logo.png\",\"contentUrl\":\"https:\\\/\\\/www.ysb.ca\\\/wp-content\\\/uploads\\\/2020\\\/09\\\/ysb-logo.png\",\"width\":238,\"height\":94,\"caption\":\"Youth Services Jeunesse\"},\"image\":{\"@id\":\"https:\\\/\\\/www.ysb.ca\\\/fr\\\/#\\\/schema\\\/logo\\\/image\\\/\"},\"sameAs\":[\"https:\\\/\\\/www.instagram.com\\\/ysb.bsj\\\/\",\"https:\\\/\\\/www.youtube.com\\\/user\\\/YSBOttawa\"]}]}<\/script>\n<!-- \/ Yoast SEO plugin. -->","yoast_head_json":{"title":"Organisme responsable - Youth Services Jeunesse","robots":{"index":"index","follow":"follow","max-snippet":"max-snippet:-1","max-image-preview":"max-image-preview:large","max-video-preview":"max-video-preview:-1"},"canonical":"https:\/\/www.ysb.ca\/fr\/services\/sante-mentale\/organisme-responsable\/","og_locale":"fr_FR","og_type":"article","og_title":"Organisme responsable - Youth Services Jeunesse","og_description":"[vc_row fullwidth=\u00a0\u00bbtrue\u00a0\u00bb][vc_column][\/vc_column][\/vc_row][vc_row css=\u00a0\u00bb.vc_custom_1507312091635{padding-top: 80px !important;}\u00a0\u00bb][vc_column][vc_column_text margin_bottom=\u00a0\u00bb0&Prime; css=\u00a0\u00bb.vc_custom_1777409096074{margin-bottom: 0px !important;}\u00a0\u00bb] Le BSJ est l&rsquo;Organisme responsable des services de sant\u00e9 mentale pour les enfants et les jeunes \u00e0 Ottawa. Les organismes responsables de la province supervisent et coordonnent la prestation de services et de programmes de sant\u00e9 mentale dans leur r\u00e9gion. En outre, ils collaborent avec des [&hellip;]","og_url":"https:\/\/www.ysb.ca\/fr\/services\/sante-mentale\/organisme-responsable\/","og_site_name":"Youth Services Jeunesse","article_modified_time":"2026-04-28T20:45:06+00:00","twitter_card":"summary_large_image","twitter_misc":{"Dur\u00e9e de lecture estim\u00e9e":"1 minute"},"schema":{"@context":"https:\/\/schema.org","@graph":[{"@type":"WebPage","@id":"https:\/\/www.ysb.ca\/fr\/services\/sante-mentale\/organisme-responsable\/","url":"https:\/\/www.ysb.ca\/fr\/services\/sante-mentale\/organisme-responsable\/","name":"Organisme responsable - Youth Services Jeunesse","isPartOf":{"@id":"https:\/\/www.ysb.ca\/fr\/#website"},"datePublished":"2026-04-28T20:19:40+00:00","dateModified":"2026-04-28T20:45:06+00:00","breadcrumb":{"@id":"https:\/\/www.ysb.ca\/fr\/services\/sante-mentale\/organisme-responsable\/#breadcrumb"},"inLanguage":"fr-FR","potentialAction":[{"@type":"ReadAction","target":["https:\/\/www.ysb.ca\/fr\/services\/sante-mentale\/organisme-responsable\/"]}]},{"@type":"BreadcrumbList","@id":"https:\/\/www.ysb.ca\/fr\/services\/sante-mentale\/organisme-responsable\/#breadcrumb","itemListElement":[{"@type":"ListItem","position":1,"name":"Home","item":"https:\/\/www.ysb.ca\/fr\/"},{"@type":"ListItem","position":2,"name":"Services","item":"https:\/\/www.ysb.ca\/fr\/services\/"},{"@type":"ListItem","position":3,"name":"Services de sant\u00e9 mentale","item":"https:\/\/www.ysb.ca\/fr\/services\/sante-mentale\/"},{"@type":"ListItem","position":4,"name":"Organisme responsable"}]},{"@type":"WebSite","@id":"https:\/\/www.ysb.ca\/fr\/#website","url":"https:\/\/www.ysb.ca\/fr\/","name":"Youth Services Jeunesse","description":"Ottawa Youth Services Jeunesse","publisher":{"@id":"https:\/\/www.ysb.ca\/fr\/#organization"},"potentialAction":[{"@type":"SearchAction","target":{"@type":"EntryPoint","urlTemplate":"https:\/\/www.ysb.ca\/fr\/?s={search_term_string}"},"query-input":{"@type":"PropertyValueSpecification","valueRequired":true,"valueName":"search_term_string"}}],"inLanguage":"fr-FR"},{"@type":"Organization","@id":"https:\/\/www.ysb.ca\/fr\/#organization","name":"Youth Services Jeunesse","url":"https:\/\/www.ysb.ca\/fr\/","logo":{"@type":"ImageObject","inLanguage":"fr-FR","@id":"https:\/\/www.ysb.ca\/fr\/#\/schema\/logo\/image\/","url":"https:\/\/www.ysb.ca\/wp-content\/uploads\/2020\/09\/ysb-logo.png","contentUrl":"https:\/\/www.ysb.ca\/wp-content\/uploads\/2020\/09\/ysb-logo.png","width":238,"height":94,"caption":"Youth Services Jeunesse"},"image":{"@id":"https:\/\/www.ysb.ca\/fr\/#\/schema\/logo\/image\/"},"sameAs":["https:\/\/www.instagram.com\/ysb.bsj\/","https:\/\/www.youtube.com\/user\/YSBOttawa"]}]}},"_links":{"self":[{"href":"https:\/\/www.ysb.ca\/fr\/wp-json\/wp\/v2\/pages\/5743","targetHints":{"allow":["GET"]}}],"collection":[{"href":"https:\/\/www.ysb.ca\/fr\/wp-json\/wp\/v2\/pages"}],"about":[{"href":"https:\/\/www.ysb.ca\/fr\/wp-json\/wp\/v2\/types\/page"}],"author":[{"embeddable":true,"href":"https:\/\/www.ysb.ca\/fr\/wp-json\/wp\/v2\/users\/2"}],"replies":[{"embeddable":true,"href":"https:\/\/www.ysb.ca\/fr\/wp-json\/wp\/v2\/comments?post=5743"}],"version-history":[{"count":3,"href":"https:\/\/www.ysb.ca\/fr\/wp-json\/wp\/v2\/pages\/5743\/revisions"}],"predecessor-version":[{"id":14412,"href":"https:\/\/www.ysb.ca\/fr\/wp-json\/wp\/v2\/pages\/5743\/revisions\/14412"}],"up":[{"embeddable":true,"href":"https:\/\/www.ysb.ca\/fr\/wp-json\/wp\/v2\/pages\/1733"}],"wp:attachment":[{"href":"https:\/\/www.ysb.ca\/fr\/wp-json\/wp\/v2\/media?parent=5743"}],"curies":[{"name":"wp","href":"https:\/\/api.w.org\/{rel}","templated":true}]}}