
{"id":4234,"date":"2019-03-25T16:48:46","date_gmt":"2019-03-25T20:48:46","guid":{"rendered":"https:\/\/www.ysb.ca\/?page_id=4234"},"modified":"2025-01-02T16:01:32","modified_gmt":"2025-01-02T21:01:32","slug":"politique-sur-laccessibilite","status":"publish","type":"page","link":"https:\/\/www.ysb.ca\/fr\/politique-sur-laccessibilite\/","title":{"rendered":"Politique sur l\u2019accessibilit\u00e9"},"content":{"rendered":"<div class=\"wpb-content-wrapper\">[vc_row fullwidth=\u00a0\u00bbtrue\u00a0\u00bb][vc_column]\n        <div class=\"ysb-banner-wrapper\" style=\"background-image: url(https:\/\/www.ysb.ca\/wp-content\/uploads\/2017\/11\/ysb-wraparound-ottawa.jpg);\">\n         \n            <div class=\"ysb-title-wrapper mk-animate-element bottom-to-top mk-in-viewport\" style=\"background-image: url();\">\n\t\t\t\t<h1 class=\"ysb-banner-title\">Politique sur l\u2019accessibilit\u00e9<\/h1>\n\t\t\t\t\n\t\t\t<\/div>\n         \n        <\/div>[\/vc_column][\/vc_row][vc_row][vc_column][mk_padding_divider][\/vc_column][\/vc_row][vc_row css=\u00a0\u00bb.vc_custom_1518809885595{padding-top: 40px !important;}\u00a0\u00bb][vc_column][vc_column_text css=\u00a0\u00bb.vc_custom_1735851633829{margin-bottom: 0px !important;}\u00a0\u00bb]Le Bureau des services \u00e0 la jeunesse (BSJ) est engag\u00e9 \u00e0 r\u00e9pondre aux besoins des personnes handicap\u00e9es de fa\u00e7on opportune en \u00e9vitant et en \u00e9liminant les obstacles \u00e0 l\u2019accessibilit\u00e9. Le BSJ s\u2019efforcera en tout temps de fournir ses services de mani\u00e8re \u00e0 respecter la dignit\u00e9 et l\u2019ind\u00e9pendance des personnes handicap\u00e9es.<\/p>\n<p>Veuillez cliquer sur les liens ci-dessous pour consulter la politique d&rsquo;accessibilit\u00e9 du BSJ, ainsi que le plan d&rsquo;accessibilit\u00e9 pluriannuel du BSJ.<\/p>\n<ul>\n<li><a href=\"https:\/\/www.ysb.ca\/wp-content\/uploads\/2024\/12\/hr-26_customer-service_aoda_09_27.pdf\" target=\"_blank\" rel=\"noopener noreferrer\">Politique d&rsquo;accessibilit\u00e9 du BSJ<\/a><\/li>\n<li><a href=\"https:\/\/www.ysb.ca\/wp-content\/uploads\/2024\/12\/multi-year-accessibility-plan-2024-2029-fr.docx\" target=\"_blank\" rel=\"noopener noreferrer\">Plan d&rsquo;accessibilit\u00e9 pluriannuel du BSJ<\/a><\/li>\n<\/ul>\n[\/vc_column_text][\/vc_column][\/vc_row][vc_row][vc_column][mk_padding_divider size=\u00a0\u00bb60&Prime;][\/vc_column][\/vc_row]\n<\/div>","protected":false},"excerpt":{"rendered":"<p>[vc_row fullwidth=\u00a0\u00bbtrue\u00a0\u00bb][vc_column][\/vc_column][\/vc_row][vc_row][vc_column][mk_padding_divider][\/vc_column][\/vc_row][vc_row css=\u00a0\u00bb.vc_custom_1518809885595{padding-top: 40px !important;}\u00a0\u00bb][vc_column][vc_column_text css=\u00a0\u00bb.vc_custom_1735851633829{margin-bottom: 0px !important;}\u00a0\u00bb]Le Bureau des services \u00e0 la jeunesse (BSJ) est engag\u00e9 \u00e0 r\u00e9pondre aux besoins des personnes handicap\u00e9es de fa\u00e7on opportune en \u00e9vitant et en \u00e9liminant les obstacles \u00e0 l\u2019accessibilit\u00e9. Le BSJ s\u2019efforcera en tout temps de fournir ses services de mani\u00e8re \u00e0 respecter la dignit\u00e9 et l\u2019ind\u00e9pendance des [&hellip;]<\/p>\n","protected":false},"author":1,"featured_media":0,"parent":0,"menu_order":71,"comment_status":"closed","ping_status":"closed","template":"","meta":{"rs_blank_template":"","rs_page_bg_color":"","slide_template_v7":"","footnotes":""},"class_list":["post-4234","page","type-page","status-publish","hentry"],"yoast_head":"<!-- This site is optimized with the Yoast SEO plugin v27.4 - https:\/\/yoast.com\/product\/yoast-seo-wordpress\/ -->\n<title>Politique sur l\u2019accessibilit\u00e9 - Youth Services Jeunesse<\/title>\n<meta name=\"robots\" content=\"index, follow, max-snippet:-1, max-image-preview:large, max-video-preview:-1\" \/>\n<link rel=\"canonical\" href=\"https:\/\/www.ysb.ca\/fr\/politique-sur-laccessibilite\/\" \/>\n<meta property=\"og:locale\" content=\"fr_FR\" \/>\n<meta property=\"og:type\" content=\"article\" \/>\n<meta property=\"og:title\" content=\"Politique sur l\u2019accessibilit\u00e9 - Youth Services Jeunesse\" \/>\n<meta property=\"og:description\" content=\"[vc_row fullwidth=\u00a0\u00bbtrue\u00a0\u00bb][vc_column][\/vc_column][\/vc_row][vc_row][vc_column][mk_padding_divider][\/vc_column][\/vc_row][vc_row css=\u00a0\u00bb.vc_custom_1518809885595{padding-top: 40px !important;}\u00a0\u00bb][vc_column][vc_column_text css=\u00a0\u00bb.vc_custom_1735851633829{margin-bottom: 0px !important;}\u00a0\u00bb]Le Bureau des services \u00e0 la jeunesse (BSJ) est engag\u00e9 \u00e0 r\u00e9pondre aux besoins des personnes handicap\u00e9es de fa\u00e7on opportune en \u00e9vitant et en \u00e9liminant les obstacles \u00e0 l\u2019accessibilit\u00e9. Le BSJ s\u2019efforcera en tout temps de fournir ses services de mani\u00e8re \u00e0 respecter la dignit\u00e9 et l\u2019ind\u00e9pendance des [&hellip;]\" \/>\n<meta property=\"og:url\" content=\"https:\/\/www.ysb.ca\/fr\/politique-sur-laccessibilite\/\" \/>\n<meta property=\"og:site_name\" content=\"Youth Services Jeunesse\" \/>\n<meta property=\"article:modified_time\" content=\"2025-01-02T21:01:32+00:00\" \/>\n<meta name=\"twitter:card\" content=\"summary_large_image\" \/>\n<meta name=\"twitter:label1\" content=\"Dur\u00e9e de lecture estim\u00e9e\" \/>\n\t<meta name=\"twitter:data1\" content=\"1 minute\" \/>\n<script type=\"application\/ld+json\" class=\"yoast-schema-graph\">{\"@context\":\"https:\\\/\\\/schema.org\",\"@graph\":[{\"@type\":\"WebPage\",\"@id\":\"https:\\\/\\\/www.ysb.ca\\\/fr\\\/politique-sur-laccessibilite\\\/\",\"url\":\"https:\\\/\\\/www.ysb.ca\\\/fr\\\/politique-sur-laccessibilite\\\/\",\"name\":\"Politique sur l\u2019accessibilit\u00e9 - Youth Services Jeunesse\",\"isPartOf\":{\"@id\":\"https:\\\/\\\/www.ysb.ca\\\/fr\\\/#website\"},\"datePublished\":\"2019-03-25T20:48:46+00:00\",\"dateModified\":\"2025-01-02T21:01:32+00:00\",\"breadcrumb\":{\"@id\":\"https:\\\/\\\/www.ysb.ca\\\/fr\\\/politique-sur-laccessibilite\\\/#breadcrumb\"},\"inLanguage\":\"fr-FR\",\"potentialAction\":[{\"@type\":\"ReadAction\",\"target\":[\"https:\\\/\\\/www.ysb.ca\\\/fr\\\/politique-sur-laccessibilite\\\/\"]}]},{\"@type\":\"BreadcrumbList\",\"@id\":\"https:\\\/\\\/www.ysb.ca\\\/fr\\\/politique-sur-laccessibilite\\\/#breadcrumb\",\"itemListElement\":[{\"@type\":\"ListItem\",\"position\":1,\"name\":\"Home\",\"item\":\"https:\\\/\\\/www.ysb.ca\\\/fr\\\/\"},{\"@type\":\"ListItem\",\"position\":2,\"name\":\"Politique sur l\u2019accessibilit\u00e9\"}]},{\"@type\":\"WebSite\",\"@id\":\"https:\\\/\\\/www.ysb.ca\\\/fr\\\/#website\",\"url\":\"https:\\\/\\\/www.ysb.ca\\\/fr\\\/\",\"name\":\"Youth Services Jeunesse\",\"description\":\"Ottawa Youth Services Jeunesse\",\"publisher\":{\"@id\":\"https:\\\/\\\/www.ysb.ca\\\/fr\\\/#organization\"},\"potentialAction\":[{\"@type\":\"SearchAction\",\"target\":{\"@type\":\"EntryPoint\",\"urlTemplate\":\"https:\\\/\\\/www.ysb.ca\\\/fr\\\/?s={search_term_string}\"},\"query-input\":{\"@type\":\"PropertyValueSpecification\",\"valueRequired\":true,\"valueName\":\"search_term_string\"}}],\"inLanguage\":\"fr-FR\"},{\"@type\":\"Organization\",\"@id\":\"https:\\\/\\\/www.ysb.ca\\\/fr\\\/#organization\",\"name\":\"Youth Services Jeunesse\",\"url\":\"https:\\\/\\\/www.ysb.ca\\\/fr\\\/\",\"logo\":{\"@type\":\"ImageObject\",\"inLanguage\":\"fr-FR\",\"@id\":\"https:\\\/\\\/www.ysb.ca\\\/fr\\\/#\\\/schema\\\/logo\\\/image\\\/\",\"url\":\"https:\\\/\\\/www.ysb.ca\\\/wp-content\\\/uploads\\\/2020\\\/09\\\/ysb-logo.png\",\"contentUrl\":\"https:\\\/\\\/www.ysb.ca\\\/wp-content\\\/uploads\\\/2020\\\/09\\\/ysb-logo.png\",\"width\":238,\"height\":94,\"caption\":\"Youth Services Jeunesse\"},\"image\":{\"@id\":\"https:\\\/\\\/www.ysb.ca\\\/fr\\\/#\\\/schema\\\/logo\\\/image\\\/\"},\"sameAs\":[\"https:\\\/\\\/www.instagram.com\\\/ysb.bsj\\\/\",\"https:\\\/\\\/www.youtube.com\\\/user\\\/YSBOttawa\"]}]}<\/script>\n<!-- \/ Yoast SEO plugin. -->","yoast_head_json":{"title":"Politique sur l\u2019accessibilit\u00e9 - Youth Services Jeunesse","robots":{"index":"index","follow":"follow","max-snippet":"max-snippet:-1","max-image-preview":"max-image-preview:large","max-video-preview":"max-video-preview:-1"},"canonical":"https:\/\/www.ysb.ca\/fr\/politique-sur-laccessibilite\/","og_locale":"fr_FR","og_type":"article","og_title":"Politique sur l\u2019accessibilit\u00e9 - Youth Services Jeunesse","og_description":"[vc_row fullwidth=\u00a0\u00bbtrue\u00a0\u00bb][vc_column][\/vc_column][\/vc_row][vc_row][vc_column][mk_padding_divider][\/vc_column][\/vc_row][vc_row css=\u00a0\u00bb.vc_custom_1518809885595{padding-top: 40px !important;}\u00a0\u00bb][vc_column][vc_column_text css=\u00a0\u00bb.vc_custom_1735851633829{margin-bottom: 0px !important;}\u00a0\u00bb]Le Bureau des services \u00e0 la jeunesse (BSJ) est engag\u00e9 \u00e0 r\u00e9pondre aux besoins des personnes handicap\u00e9es de fa\u00e7on opportune en \u00e9vitant et en \u00e9liminant les obstacles \u00e0 l\u2019accessibilit\u00e9. Le BSJ s\u2019efforcera en tout temps de fournir ses services de mani\u00e8re \u00e0 respecter la dignit\u00e9 et l\u2019ind\u00e9pendance des [&hellip;]","og_url":"https:\/\/www.ysb.ca\/fr\/politique-sur-laccessibilite\/","og_site_name":"Youth Services Jeunesse","article_modified_time":"2025-01-02T21:01:32+00:00","twitter_card":"summary_large_image","twitter_misc":{"Dur\u00e9e de lecture estim\u00e9e":"1 minute"},"schema":{"@context":"https:\/\/schema.org","@graph":[{"@type":"WebPage","@id":"https:\/\/www.ysb.ca\/fr\/politique-sur-laccessibilite\/","url":"https:\/\/www.ysb.ca\/fr\/politique-sur-laccessibilite\/","name":"Politique sur l\u2019accessibilit\u00e9 - Youth Services Jeunesse","isPartOf":{"@id":"https:\/\/www.ysb.ca\/fr\/#website"},"datePublished":"2019-03-25T20:48:46+00:00","dateModified":"2025-01-02T21:01:32+00:00","breadcrumb":{"@id":"https:\/\/www.ysb.ca\/fr\/politique-sur-laccessibilite\/#breadcrumb"},"inLanguage":"fr-FR","potentialAction":[{"@type":"ReadAction","target":["https:\/\/www.ysb.ca\/fr\/politique-sur-laccessibilite\/"]}]},{"@type":"BreadcrumbList","@id":"https:\/\/www.ysb.ca\/fr\/politique-sur-laccessibilite\/#breadcrumb","itemListElement":[{"@type":"ListItem","position":1,"name":"Home","item":"https:\/\/www.ysb.ca\/fr\/"},{"@type":"ListItem","position":2,"name":"Politique sur l\u2019accessibilit\u00e9"}]},{"@type":"WebSite","@id":"https:\/\/www.ysb.ca\/fr\/#website","url":"https:\/\/www.ysb.ca\/fr\/","name":"Youth Services Jeunesse","description":"Ottawa Youth Services Jeunesse","publisher":{"@id":"https:\/\/www.ysb.ca\/fr\/#organization"},"potentialAction":[{"@type":"SearchAction","target":{"@type":"EntryPoint","urlTemplate":"https:\/\/www.ysb.ca\/fr\/?s={search_term_string}"},"query-input":{"@type":"PropertyValueSpecification","valueRequired":true,"valueName":"search_term_string"}}],"inLanguage":"fr-FR"},{"@type":"Organization","@id":"https:\/\/www.ysb.ca\/fr\/#organization","name":"Youth Services Jeunesse","url":"https:\/\/www.ysb.ca\/fr\/","logo":{"@type":"ImageObject","inLanguage":"fr-FR","@id":"https:\/\/www.ysb.ca\/fr\/#\/schema\/logo\/image\/","url":"https:\/\/www.ysb.ca\/wp-content\/uploads\/2020\/09\/ysb-logo.png","contentUrl":"https:\/\/www.ysb.ca\/wp-content\/uploads\/2020\/09\/ysb-logo.png","width":238,"height":94,"caption":"Youth Services Jeunesse"},"image":{"@id":"https:\/\/www.ysb.ca\/fr\/#\/schema\/logo\/image\/"},"sameAs":["https:\/\/www.instagram.com\/ysb.bsj\/","https:\/\/www.youtube.com\/user\/YSBOttawa"]}]}},"_links":{"self":[{"href":"https:\/\/www.ysb.ca\/fr\/wp-json\/wp\/v2\/pages\/4234","targetHints":{"allow":["GET"]}}],"collection":[{"href":"https:\/\/www.ysb.ca\/fr\/wp-json\/wp\/v2\/pages"}],"about":[{"href":"https:\/\/www.ysb.ca\/fr\/wp-json\/wp\/v2\/types\/page"}],"author":[{"embeddable":true,"href":"https:\/\/www.ysb.ca\/fr\/wp-json\/wp\/v2\/users\/1"}],"replies":[{"embeddable":true,"href":"https:\/\/www.ysb.ca\/fr\/wp-json\/wp\/v2\/comments?post=4234"}],"version-history":[{"count":5,"href":"https:\/\/www.ysb.ca\/fr\/wp-json\/wp\/v2\/pages\/4234\/revisions"}],"predecessor-version":[{"id":12056,"href":"https:\/\/www.ysb.ca\/fr\/wp-json\/wp\/v2\/pages\/4234\/revisions\/12056"}],"wp:attachment":[{"href":"https:\/\/www.ysb.ca\/fr\/wp-json\/wp\/v2\/media?parent=4234"}],"curies":[{"name":"wp","href":"https:\/\/api.w.org\/{rel}","templated":true}]}}