
{"id":3883,"date":"2019-02-07T09:51:39","date_gmt":"2019-02-07T14:51:39","guid":{"rendered":"https:\/\/www.ysb.ca\/?page_id=3883"},"modified":"2023-09-25T11:50:10","modified_gmt":"2023-09-25T15:50:10","slug":"bourses-detudes-jamie-hubley-pour-la-sante-mentale","status":"publish","type":"page","link":"https:\/\/www.ysb.ca\/fr\/pour-les-jeunes\/bourses-detudes-jamie-hubley-pour-la-sante-mentale\/","title":{"rendered":"Bourses d\u2019\u00e9tudes Jamie Hubley pour la sant\u00e9 mentale"},"content":{"rendered":"<div class=\"wpb-content-wrapper\">[vc_row fullwidth=\u00a0\u00bbtrue\u00a0\u00bb][vc_column]\n        <div class=\"ysb-banner-wrapper\" style=\"background-image: url(https:\/\/www.ysb.ca\/wp-content\/uploads\/2019\/02\/anaa5-002.jpg);\">\n         \n            <div class=\"ysb-title-wrapper mk-animate-element bottom-to-top mk-in-viewport\" style=\"background-image: url();\">\n\t\t\t\t<h1 class=\"ysb-banner-title\"><\/h1>\n\t\t\t\t\n\t\t\t<\/div>\n         \n        <\/div>[\/vc_column][\/vc_row][vc_row css=\u00a0\u00bb.vc_custom_1549403610771{margin-top: 10px !important;margin-bottom: 0px !important;border-top-width: 10px !important;border-bottom-width: 0px !important;padding-top: 10px !important;padding-bottom: 0px !important;}\u00a0\u00bb][vc_column][vc_column_text css=\u00a0\u00bb.vc_custom_1695656992860{margin-bottom: 0px !important;}\u00a0\u00bb]Jamie Hubley \u00e9tait une \u00e9toile filante. Un fils et un fr\u00e8re ch\u00e9ri. Un ami loyal. Un chanteur sensationnel de chansons grivoises. Un patineur artistique \u00e9nergique. Et il avait un courage \u00e0 toute \u00e9preuve.<\/p>\n<p>La famille Hubley croit en l\u2019importance de soutenir l\u2019augmentation de professionnels qualifi\u00e9s dans le domaine des soins en sant\u00e9 mentale. Elle comprend aussi la valeur que peuvent apporter les personnes qui poss\u00e8dent de l\u2019exp\u00e9rience \u00e0 naviguer un probl\u00e8me de sant\u00e9 mentale aupr\u00e8s de leur communaut\u00e9, leur domaine d\u2019\u00e9tudes et leur carri\u00e8re.<\/p>\n<p><a href=\"https:\/\/www.ysb.ca\/wp-content\/uploads\/dlm_uploads\/2019\/02\/jamie-hubley-scholarship-for-mental-health_scholarship-french.docx\">La bourse d\u2019\u00e9tudes comm\u00e9morative Jamie Hubley<\/a> est destin\u00e9e aux personnes qui ont eu l\u2019exp\u00e9rience d\u2019un probl\u00e8me de sant\u00e9 mentale et qui poursuivent des \u00e9tudes postsecondaires, et(ou) aux personnes qui suivent une formation ou \u00e9tudient au niveau postsecondaire dans le domaine de la sant\u00e9 mentale.<\/p>\n<p>Deux laur\u00e9ats recevront une bourse unique de 2 000 $ chacune. Nous vous encourageons \u00e0 d\u00e9poser votre demande!<\/p>\n<p><strong>Crit\u00e8re d&rsquo;\u00e9ligibilit\u00e9:<\/strong><br \/>\n\u2022 R\u00e9sident d&rsquo;Ottawa<br \/>\n\u2022 Objectifs \u00e9ducatifs et professionnels li\u00e9s au domaine de la sant\u00e9 mentale ET \/ OU exp\u00e9rience de faire face \u00e0 un probl\u00e8me de sant\u00e9 mentale<br \/>\n\u2022 Besoin manifeste d&rsquo;aide financi\u00e8re<br \/>\n\u2022 Les candidats doivent \u00eatre inscrits ou planifi\u00e9s pour s\u2019inscrire dans un \u00e9tablissement d\u2019enseignement reconnu.<\/p>\n<p><strong>Crit\u00e8res d\u2019admissibilit\u00e9:<\/strong> Les demandes doivent \u00eatre re\u00e7ues au plus tard le 31 mars, et les r\u00e9cipiendaires des bourses d\u2019\u00e9tudes seront annonc\u00e9s au cours de la Semaine de la sant\u00e9 mentale<\/p>\n<p>Cliquez <a href=\"https:\/\/www.ysb.ca\/wp-content\/uploads\/dlm_uploads\/2019\/02\/jamie-hubley-scholarship-for-mental-health_scholarship-french.docx\">ici<\/a> pour t\u00e9l\u00e9charger les formulaires de candidature :<\/p>\n<p style=\"text-align: center;\">Envoyez par courrier ou par courriel le formulaire de demande \u00e0 :<br \/>\nFondation du BSJ<br \/>\nComit\u00e9 des bourses d&rsquo;\u00e9tudes<br \/>\n2675, rue Queensview<br \/>\nOttawa ON K2B 8K<br \/>\nysbfoundation@ysb.ca<br \/>\nDates limites : Les demandes doivent \u00eatre envoy\u00e9es d&rsquo;ici le <strong>31 mars 2023<\/strong> et les r\u00e9cipiendaires des bourses seront annonc\u00e9s pendant la Semaine de la sant\u00e9 mentale.<\/p>\n[\/vc_column_text][\/vc_column][\/vc_row]\n<\/div>","protected":false},"excerpt":{"rendered":"<p>[vc_row fullwidth=\u00a0\u00bbtrue\u00a0\u00bb][vc_column][\/vc_column][\/vc_row][vc_row css=\u00a0\u00bb.vc_custom_1549403610771{margin-top: 10px !important;margin-bottom: 0px !important;border-top-width: 10px !important;border-bottom-width: 0px !important;padding-top: 10px !important;padding-bottom: 0px !important;}\u00a0\u00bb][vc_column][vc_column_text css=\u00a0\u00bb.vc_custom_1695656992860{margin-bottom: 0px !important;}\u00a0\u00bb]Jamie Hubley \u00e9tait une \u00e9toile filante. Un fils et un fr\u00e8re ch\u00e9ri. Un ami loyal. Un chanteur sensationnel de chansons grivoises. Un patineur artistique \u00e9nergique. Et il avait un courage \u00e0 toute \u00e9preuve. La famille Hubley croit en [&hellip;]<\/p>\n","protected":false},"author":2,"featured_media":0,"parent":1665,"menu_order":83,"comment_status":"closed","ping_status":"closed","template":"","meta":{"rs_blank_template":"","rs_page_bg_color":"","slide_template_v7":"","footnotes":""},"class_list":["post-3883","page","type-page","status-publish","hentry"],"yoast_head":"<!-- This site is optimized with the Yoast SEO plugin v27.4 - https:\/\/yoast.com\/product\/yoast-seo-wordpress\/ -->\n<title>Bourses d\u2019\u00e9tudes Jamie Hubley pour la sant\u00e9 mentale - Youth Services Jeunesse<\/title>\n<meta name=\"robots\" content=\"index, follow, max-snippet:-1, max-image-preview:large, max-video-preview:-1\" \/>\n<link rel=\"canonical\" href=\"https:\/\/www.ysb.ca\/fr\/pour-les-jeunes\/bourses-detudes-jamie-hubley-pour-la-sante-mentale\/\" \/>\n<meta property=\"og:locale\" content=\"fr_FR\" \/>\n<meta property=\"og:type\" content=\"article\" \/>\n<meta property=\"og:title\" content=\"Bourses d\u2019\u00e9tudes Jamie Hubley pour la sant\u00e9 mentale - Youth Services Jeunesse\" \/>\n<meta property=\"og:description\" content=\"[vc_row fullwidth=\u00a0\u00bbtrue\u00a0\u00bb][vc_column][\/vc_column][\/vc_row][vc_row css=\u00a0\u00bb.vc_custom_1549403610771{margin-top: 10px !important;margin-bottom: 0px !important;border-top-width: 10px !important;border-bottom-width: 0px !important;padding-top: 10px !important;padding-bottom: 0px !important;}\u00a0\u00bb][vc_column][vc_column_text css=\u00a0\u00bb.vc_custom_1695656992860{margin-bottom: 0px !important;}\u00a0\u00bb]Jamie Hubley \u00e9tait une \u00e9toile filante. Un fils et un fr\u00e8re ch\u00e9ri. Un ami loyal. Un chanteur sensationnel de chansons grivoises. Un patineur artistique \u00e9nergique. Et il avait un courage \u00e0 toute \u00e9preuve. La famille Hubley croit en [&hellip;]\" \/>\n<meta property=\"og:url\" content=\"https:\/\/www.ysb.ca\/fr\/pour-les-jeunes\/bourses-detudes-jamie-hubley-pour-la-sante-mentale\/\" \/>\n<meta property=\"og:site_name\" content=\"Youth Services Jeunesse\" \/>\n<meta property=\"article:modified_time\" content=\"2023-09-25T15:50:10+00:00\" \/>\n<meta name=\"twitter:card\" content=\"summary_large_image\" \/>\n<meta name=\"twitter:label1\" content=\"Dur\u00e9e de lecture estim\u00e9e\" \/>\n\t<meta name=\"twitter:data1\" content=\"2 minutes\" \/>\n<script type=\"application\/ld+json\" class=\"yoast-schema-graph\">{\"@context\":\"https:\\\/\\\/schema.org\",\"@graph\":[{\"@type\":\"WebPage\",\"@id\":\"https:\\\/\\\/www.ysb.ca\\\/fr\\\/pour-les-jeunes\\\/bourses-detudes-jamie-hubley-pour-la-sante-mentale\\\/\",\"url\":\"https:\\\/\\\/www.ysb.ca\\\/fr\\\/pour-les-jeunes\\\/bourses-detudes-jamie-hubley-pour-la-sante-mentale\\\/\",\"name\":\"Bourses d\u2019\u00e9tudes Jamie Hubley pour la sant\u00e9 mentale - Youth Services Jeunesse\",\"isPartOf\":{\"@id\":\"https:\\\/\\\/www.ysb.ca\\\/fr\\\/#website\"},\"datePublished\":\"2019-02-07T14:51:39+00:00\",\"dateModified\":\"2023-09-25T15:50:10+00:00\",\"breadcrumb\":{\"@id\":\"https:\\\/\\\/www.ysb.ca\\\/fr\\\/pour-les-jeunes\\\/bourses-detudes-jamie-hubley-pour-la-sante-mentale\\\/#breadcrumb\"},\"inLanguage\":\"fr-FR\",\"potentialAction\":[{\"@type\":\"ReadAction\",\"target\":[\"https:\\\/\\\/www.ysb.ca\\\/fr\\\/pour-les-jeunes\\\/bourses-detudes-jamie-hubley-pour-la-sante-mentale\\\/\"]}]},{\"@type\":\"BreadcrumbList\",\"@id\":\"https:\\\/\\\/www.ysb.ca\\\/fr\\\/pour-les-jeunes\\\/bourses-detudes-jamie-hubley-pour-la-sante-mentale\\\/#breadcrumb\",\"itemListElement\":[{\"@type\":\"ListItem\",\"position\":1,\"name\":\"Home\",\"item\":\"https:\\\/\\\/www.ysb.ca\\\/fr\\\/\"},{\"@type\":\"ListItem\",\"position\":2,\"name\":\"Pour les jeunes\",\"item\":\"https:\\\/\\\/www.ysb.ca\\\/fr\\\/pour-les-jeunes\\\/\"},{\"@type\":\"ListItem\",\"position\":3,\"name\":\"Bourses d\u2019\u00e9tudes Jamie Hubley pour la sant\u00e9 mentale\"}]},{\"@type\":\"WebSite\",\"@id\":\"https:\\\/\\\/www.ysb.ca\\\/fr\\\/#website\",\"url\":\"https:\\\/\\\/www.ysb.ca\\\/fr\\\/\",\"name\":\"Youth Services Jeunesse\",\"description\":\"Ottawa Youth Services Jeunesse\",\"publisher\":{\"@id\":\"https:\\\/\\\/www.ysb.ca\\\/fr\\\/#organization\"},\"potentialAction\":[{\"@type\":\"SearchAction\",\"target\":{\"@type\":\"EntryPoint\",\"urlTemplate\":\"https:\\\/\\\/www.ysb.ca\\\/fr\\\/?s={search_term_string}\"},\"query-input\":{\"@type\":\"PropertyValueSpecification\",\"valueRequired\":true,\"valueName\":\"search_term_string\"}}],\"inLanguage\":\"fr-FR\"},{\"@type\":\"Organization\",\"@id\":\"https:\\\/\\\/www.ysb.ca\\\/fr\\\/#organization\",\"name\":\"Youth Services Jeunesse\",\"url\":\"https:\\\/\\\/www.ysb.ca\\\/fr\\\/\",\"logo\":{\"@type\":\"ImageObject\",\"inLanguage\":\"fr-FR\",\"@id\":\"https:\\\/\\\/www.ysb.ca\\\/fr\\\/#\\\/schema\\\/logo\\\/image\\\/\",\"url\":\"https:\\\/\\\/www.ysb.ca\\\/wp-content\\\/uploads\\\/2020\\\/09\\\/ysb-logo.png\",\"contentUrl\":\"https:\\\/\\\/www.ysb.ca\\\/wp-content\\\/uploads\\\/2020\\\/09\\\/ysb-logo.png\",\"width\":238,\"height\":94,\"caption\":\"Youth Services Jeunesse\"},\"image\":{\"@id\":\"https:\\\/\\\/www.ysb.ca\\\/fr\\\/#\\\/schema\\\/logo\\\/image\\\/\"},\"sameAs\":[\"https:\\\/\\\/www.instagram.com\\\/ysb.bsj\\\/\",\"https:\\\/\\\/www.youtube.com\\\/user\\\/YSBOttawa\"]}]}<\/script>\n<!-- \/ Yoast SEO plugin. -->","yoast_head_json":{"title":"Bourses d\u2019\u00e9tudes Jamie Hubley pour la sant\u00e9 mentale - Youth Services Jeunesse","robots":{"index":"index","follow":"follow","max-snippet":"max-snippet:-1","max-image-preview":"max-image-preview:large","max-video-preview":"max-video-preview:-1"},"canonical":"https:\/\/www.ysb.ca\/fr\/pour-les-jeunes\/bourses-detudes-jamie-hubley-pour-la-sante-mentale\/","og_locale":"fr_FR","og_type":"article","og_title":"Bourses d\u2019\u00e9tudes Jamie Hubley pour la sant\u00e9 mentale - Youth Services Jeunesse","og_description":"[vc_row fullwidth=\u00a0\u00bbtrue\u00a0\u00bb][vc_column][\/vc_column][\/vc_row][vc_row css=\u00a0\u00bb.vc_custom_1549403610771{margin-top: 10px !important;margin-bottom: 0px !important;border-top-width: 10px !important;border-bottom-width: 0px !important;padding-top: 10px !important;padding-bottom: 0px !important;}\u00a0\u00bb][vc_column][vc_column_text css=\u00a0\u00bb.vc_custom_1695656992860{margin-bottom: 0px !important;}\u00a0\u00bb]Jamie Hubley \u00e9tait une \u00e9toile filante. Un fils et un fr\u00e8re ch\u00e9ri. Un ami loyal. Un chanteur sensationnel de chansons grivoises. Un patineur artistique \u00e9nergique. Et il avait un courage \u00e0 toute \u00e9preuve. La famille Hubley croit en [&hellip;]","og_url":"https:\/\/www.ysb.ca\/fr\/pour-les-jeunes\/bourses-detudes-jamie-hubley-pour-la-sante-mentale\/","og_site_name":"Youth Services Jeunesse","article_modified_time":"2023-09-25T15:50:10+00:00","twitter_card":"summary_large_image","twitter_misc":{"Dur\u00e9e de lecture estim\u00e9e":"2 minutes"},"schema":{"@context":"https:\/\/schema.org","@graph":[{"@type":"WebPage","@id":"https:\/\/www.ysb.ca\/fr\/pour-les-jeunes\/bourses-detudes-jamie-hubley-pour-la-sante-mentale\/","url":"https:\/\/www.ysb.ca\/fr\/pour-les-jeunes\/bourses-detudes-jamie-hubley-pour-la-sante-mentale\/","name":"Bourses d\u2019\u00e9tudes Jamie Hubley pour la sant\u00e9 mentale - Youth Services Jeunesse","isPartOf":{"@id":"https:\/\/www.ysb.ca\/fr\/#website"},"datePublished":"2019-02-07T14:51:39+00:00","dateModified":"2023-09-25T15:50:10+00:00","breadcrumb":{"@id":"https:\/\/www.ysb.ca\/fr\/pour-les-jeunes\/bourses-detudes-jamie-hubley-pour-la-sante-mentale\/#breadcrumb"},"inLanguage":"fr-FR","potentialAction":[{"@type":"ReadAction","target":["https:\/\/www.ysb.ca\/fr\/pour-les-jeunes\/bourses-detudes-jamie-hubley-pour-la-sante-mentale\/"]}]},{"@type":"BreadcrumbList","@id":"https:\/\/www.ysb.ca\/fr\/pour-les-jeunes\/bourses-detudes-jamie-hubley-pour-la-sante-mentale\/#breadcrumb","itemListElement":[{"@type":"ListItem","position":1,"name":"Home","item":"https:\/\/www.ysb.ca\/fr\/"},{"@type":"ListItem","position":2,"name":"Pour les jeunes","item":"https:\/\/www.ysb.ca\/fr\/pour-les-jeunes\/"},{"@type":"ListItem","position":3,"name":"Bourses d\u2019\u00e9tudes Jamie Hubley pour la sant\u00e9 mentale"}]},{"@type":"WebSite","@id":"https:\/\/www.ysb.ca\/fr\/#website","url":"https:\/\/www.ysb.ca\/fr\/","name":"Youth Services Jeunesse","description":"Ottawa Youth Services Jeunesse","publisher":{"@id":"https:\/\/www.ysb.ca\/fr\/#organization"},"potentialAction":[{"@type":"SearchAction","target":{"@type":"EntryPoint","urlTemplate":"https:\/\/www.ysb.ca\/fr\/?s={search_term_string}"},"query-input":{"@type":"PropertyValueSpecification","valueRequired":true,"valueName":"search_term_string"}}],"inLanguage":"fr-FR"},{"@type":"Organization","@id":"https:\/\/www.ysb.ca\/fr\/#organization","name":"Youth Services Jeunesse","url":"https:\/\/www.ysb.ca\/fr\/","logo":{"@type":"ImageObject","inLanguage":"fr-FR","@id":"https:\/\/www.ysb.ca\/fr\/#\/schema\/logo\/image\/","url":"https:\/\/www.ysb.ca\/wp-content\/uploads\/2020\/09\/ysb-logo.png","contentUrl":"https:\/\/www.ysb.ca\/wp-content\/uploads\/2020\/09\/ysb-logo.png","width":238,"height":94,"caption":"Youth Services Jeunesse"},"image":{"@id":"https:\/\/www.ysb.ca\/fr\/#\/schema\/logo\/image\/"},"sameAs":["https:\/\/www.instagram.com\/ysb.bsj\/","https:\/\/www.youtube.com\/user\/YSBOttawa"]}]}},"_links":{"self":[{"href":"https:\/\/www.ysb.ca\/fr\/wp-json\/wp\/v2\/pages\/3883","targetHints":{"allow":["GET"]}}],"collection":[{"href":"https:\/\/www.ysb.ca\/fr\/wp-json\/wp\/v2\/pages"}],"about":[{"href":"https:\/\/www.ysb.ca\/fr\/wp-json\/wp\/v2\/types\/page"}],"author":[{"embeddable":true,"href":"https:\/\/www.ysb.ca\/fr\/wp-json\/wp\/v2\/users\/2"}],"replies":[{"embeddable":true,"href":"https:\/\/www.ysb.ca\/fr\/wp-json\/wp\/v2\/comments?post=3883"}],"version-history":[{"count":5,"href":"https:\/\/www.ysb.ca\/fr\/wp-json\/wp\/v2\/pages\/3883\/revisions"}],"predecessor-version":[{"id":10358,"href":"https:\/\/www.ysb.ca\/fr\/wp-json\/wp\/v2\/pages\/3883\/revisions\/10358"}],"up":[{"embeddable":true,"href":"https:\/\/www.ysb.ca\/fr\/wp-json\/wp\/v2\/pages\/1665"}],"wp:attachment":[{"href":"https:\/\/www.ysb.ca\/fr\/wp-json\/wp\/v2\/media?parent=3883"}],"curies":[{"name":"wp","href":"https:\/\/api.w.org\/{rel}","templated":true}]}}