
{"id":3067,"date":"2018-09-20T16:02:43","date_gmt":"2018-09-20T20:02:43","guid":{"rendered":"http:\/\/www.ysb.ca\/leave-a-gift-in-your-will\/"},"modified":"2018-09-25T12:29:51","modified_gmt":"2018-09-25T16:29:51","slug":"faites-un-don-testamentaire","status":"publish","type":"page","link":"https:\/\/www.ysb.ca\/fr\/faites-un-don-testamentaire\/","title":{"rendered":"Faites un don testamentaire"},"content":{"rendered":"<div class=\"wpb-content-wrapper\">[vc_row fullwidth=\u00a0\u00bbtrue\u00a0\u00bb][vc_column]\n        <div class=\"ysb-banner-wrapper\" style=\"background-image: url(https:\/\/www.ysb.ca\/wp-content\/uploads\/2018\/04\/monthly-donation.png);\">\n         \n            <div class=\"ysb-title-wrapper mk-animate-element bottom-to-top mk-in-viewport\" style=\"background-image: url();\">\n\t\t\t\t<h1 class=\"ysb-banner-title\">Faites un don testamentaire<\/h1>\n\t\t\t\t\n\t\t\t<\/div>\n         \n        <\/div>[\/vc_column][\/vc_row][vc_row css=\u00a0\u00bb.vc_custom_1537892737446{padding-top: 50px !important;padding-bottom: 10px !important;}\u00a0\u00bb][vc_column][vc_column_text css=\u00a0\u00bb.vc_custom_1537892856142{margin-bottom: 0px !important;}\u00a0\u00bb]\n<h2>Un don testamentaire pour pr\u00eater main-forte vers l\u2019avenir<\/h2>\n[\/vc_column_text][\/vc_column][\/vc_row][vc_row column_padding=\u00a0\u00bb1&Prime; css=\u00a0\u00bb.vc_custom_1537892714774{border-bottom-width: 1px !important;}\u00a0\u00bb][vc_column width=\u00a0\u00bb2\/3&Prime;][vc_column_text margin_bottom=\u00a0\u00bb20&Prime; css=\u00a0\u00bb.vc_custom_1537892954012{margin-bottom: 20px !important;}\u00a0\u00bb]Nous consacrons tous notre vie \u00e0 faire une diff\u00e9rence \u2013 aupr\u00e8s de nos familles, de nos amis et de nos communaut\u00e9s. Pendant un moment, imaginez que vous venez en aide dans l\u2019avenir \u00e0 un jeune en difficult\u00e9 \u00e0 Ottawa pour qu\u2019il obtienne le soutien dont il a besoin. Imaginez que ce jeune trouve l\u2019espoir, la force et la confiance de b\u00e2tir une vie formidable.<\/p>\n<p>Souvenez-vous du Bureau des services \u00e0 la jeunesse (BSJ) d\u2019Ottawa en faisant un don testamentaire.<\/p>\n<p>\u00ab Nous voulons aider de n\u2019importe quelle fa\u00e7on possible \u00bb, nous disent les gens. Le versement d\u2019un don testamentaire est une mani\u00e8re incroyable et significative d\u2019apporter une aide.<\/p>\n<h4>Cr\u00e9ez votre h\u00e9ritage, simplement et facilement<\/h4>\n<p>La beaut\u00e9 d\u2019un don testamentaire, c\u2019est qu\u2019il peut souvent \u00eatre fait sans r\u00e9duire vos legs. L\u2019\u00e9pargne sur l\u2019imp\u00f4t d\u00e9coulant de votre patrimoine pourrait m\u00eame augmenter le montant que vous l\u00e9guez \u00e0 vos proches.<\/p>\n<p>Vous pouvez donner de nombreuses fa\u00e7ons. Vous pouvez verser un don en esp\u00e8ces, en titres ou en pourcentage de votre patrimoine. M\u00eame 1 % aura un impact \u00e0 long terme. Le reliquat de votre patrimoine peut aussi constituer un don, c\u2019est-\u00e0-dire le montant qu\u2019il reste une fois que vos legs ont \u00e9t\u00e9 c\u00e9d\u00e9s.<\/p>\n<h4>Que devez-vous savoir avant de laisser un don dans votre testament?<\/h4>\n<p>Vous pourriez \u00eatre en train de r\u00e9diger votre premier testament ou peut-\u00eatre en poss\u00e9dez-vous d\u00e9j\u00e0 un. Qu\u2019importe, nous vous recommandons de discuter avec votre avocat pour savoir comment vous pouvez laisser un don qui n\u2019affecte pas vos legs \u00e0 vos proches. Sachez que l\u2019inflation n\u2019affaiblira pas la valeur de vos dons r\u00e9siduels au fil des ann\u00e9es.<\/p>\n<p>Vous ferez partie du cercle de partage Jeunes pour la vie du BSJ. Nous vous donnerons l\u2019occasion d\u2019\u00eatre reconnu pour votre g\u00e9n\u00e9rosit\u00e9.<\/p>\n<p>Envisagez de verser un don durable au Bureau des services \u00e0 la jeunesse d\u2019Ottawa d\u00e8s aujourd\u2019hui. Ressentez la profonde satisfaction de savoir que votre don fournira aux jeunes dans notre ville un acc\u00e8s \u00e0 un logement avec soutien s\u00e9curitaire, des services en sant\u00e9 mentale, de l\u2019aide en mati\u00e8re d\u2019emploi, des programmes de justice et d\u2019autres soutiens dont ils ont besoin pour s\u2019\u00e9panouir.<\/p>\n<p>Pour discuter du versement d\u2019un don testamentaire \u00e0 la Fondation du BSJ, veuillez contacter\u00a0:<\/p>\n<p>Patti Murphy<br \/>\nDirectrice g\u00e9n\u00e9rale de la Fondation du BSJ<br \/>\nT\u00e9l\u00e9phone : 613-729-0577, poste 1262<br \/>\nCourriel : <a href=\"mailto:pmurphy@ysb.ca\">pmurphy@ysb.ca<\/a>[\/vc_column_text][\/vc_column][vc_column width=\u00a0\u00bb1\/3&Prime; css=\u00a0\u00bb.vc_custom_1537892551718{border-top-width: 2px !important;border-right-width: 2px !important;border-bottom-width: 2px !important;border-left-width: 2px !important;padding-top: 15px !important;padding-right: 15px !important;padding-bottom: 15px !important;padding-left: 15px !important;border-left-color: #0f90ca !important;border-left-style: solid !important;border-right-color: #0f90ca !important;border-right-style: solid !important;border-top-color: #0f90ca !important;border-top-style: solid !important;border-bottom-color: #0f90ca !important;border-bottom-style: solid !important;}\u00a0\u00bb][vc_column_text css=\u00a0\u00bb.vc_custom_1537892984380{margin-bottom: 0px !important;}\u00a0\u00bb]Vous pouvez verser un don \u00e0 la Fondation du Bureau des services \u00e0 la jeunesse d\u2019Ottawa en utilisant un libell\u00e9 comme celui-ci dans votre testament ou votre codicile\u00a0:<\/p>\n<ul>\n<li>Je laisse \u00e0 la Fondation du Bureau des services \u00e0 la jeunesse d\u2019Ottawa, situ\u00e9e au 2675, promenade Queensview, Ottawa, ON K2B 8K2, ou \u00e0 son successeur, (indiquer la part ou le pourcentage du patrimoine, un montant d\u2019argent pr\u00e9cis, les titres pr\u00e9cis que vous souhaitez laisser, ou un (des) article(s) pr\u00e9cis). Je souhaite que ce montant soit utilis\u00e9 dans le secteur qui en a le plus besoin\/le secteur pr\u00e9cis.<\/li>\n<li>Assurez-vous d\u2019utiliser notre nom l\u00e9gal exact dans tout testament ou codicile\u00a0: Fondation du Bureau des services \u00e0 la jeunesse d\u2019Ottawa.<\/li>\n<li>Notre adresse postale : Fondation du BSJ, 2675, promenade Queensview, Ottawa, ON K2B 8K2.<\/li>\n<li>Num\u00e9ro d\u2019enregistrement d\u2019organisme de bienfaisance : 84053 4853 RR0001.<\/li>\n<\/ul>\n[\/vc_column_text][\/vc_column][\/vc_row]\n<\/div>","protected":false},"excerpt":{"rendered":"<p>[vc_row fullwidth=\u00a0\u00bbtrue\u00a0\u00bb][vc_column][\/vc_column][\/vc_row][vc_row css=\u00a0\u00bb.vc_custom_1537892737446{padding-top: 50px !important;padding-bottom: 10px !important;}\u00a0\u00bb][vc_column][vc_column_text css=\u00a0\u00bb.vc_custom_1537892856142{margin-bottom: 0px !important;}\u00a0\u00bb] Un don testamentaire pour pr\u00eater main-forte vers l\u2019avenir [\/vc_column_text][\/vc_column][\/vc_row][vc_row column_padding=\u00a0\u00bb1&Prime; css=\u00a0\u00bb.vc_custom_1537892714774{border-bottom-width: 1px !important;}\u00a0\u00bb][vc_column width=\u00a0\u00bb2\/3&Prime;][vc_column_text margin_bottom=\u00a0\u00bb20&Prime; css=\u00a0\u00bb.vc_custom_1537892954012{margin-bottom: 20px !important;}\u00a0\u00bb]Nous consacrons tous notre vie \u00e0 faire une diff\u00e9rence \u2013 aupr\u00e8s de nos familles, de nos amis et de nos communaut\u00e9s. Pendant un moment, imaginez que vous venez [&hellip;]<\/p>\n","protected":false},"author":1,"featured_media":0,"parent":0,"menu_order":101,"comment_status":"closed","ping_status":"closed","template":"","meta":{"rs_blank_template":"","rs_page_bg_color":"","slide_template_v7":"","footnotes":""},"class_list":["post-3067","page","type-page","status-publish","hentry"],"yoast_head":"<!-- This site is optimized with the Yoast SEO plugin v27.3 - https:\/\/yoast.com\/product\/yoast-seo-wordpress\/ -->\n<title>Faites un don testamentaire - Youth Services Jeunesse<\/title>\n<meta name=\"robots\" content=\"index, follow, max-snippet:-1, max-image-preview:large, max-video-preview:-1\" \/>\n<link rel=\"canonical\" href=\"https:\/\/www.ysb.ca\/fr\/faites-un-don-testamentaire\/\" \/>\n<meta property=\"og:locale\" content=\"fr_FR\" \/>\n<meta property=\"og:type\" content=\"article\" \/>\n<meta property=\"og:title\" content=\"Faites un don testamentaire - Youth Services Jeunesse\" \/>\n<meta property=\"og:description\" content=\"[vc_row fullwidth=\u00a0\u00bbtrue\u00a0\u00bb][vc_column][\/vc_column][\/vc_row][vc_row css=\u00a0\u00bb.vc_custom_1537892737446{padding-top: 50px !important;padding-bottom: 10px !important;}\u00a0\u00bb][vc_column][vc_column_text css=\u00a0\u00bb.vc_custom_1537892856142{margin-bottom: 0px !important;}\u00a0\u00bb] Un don testamentaire pour pr\u00eater main-forte vers l\u2019avenir [\/vc_column_text][\/vc_column][\/vc_row][vc_row column_padding=\u00a0\u00bb1&Prime; css=\u00a0\u00bb.vc_custom_1537892714774{border-bottom-width: 1px !important;}\u00a0\u00bb][vc_column width=\u00a0\u00bb2\/3&Prime;][vc_column_text margin_bottom=\u00a0\u00bb20&Prime; css=\u00a0\u00bb.vc_custom_1537892954012{margin-bottom: 20px !important;}\u00a0\u00bb]Nous consacrons tous notre vie \u00e0 faire une diff\u00e9rence \u2013 aupr\u00e8s de nos familles, de nos amis et de nos communaut\u00e9s. Pendant un moment, imaginez que vous venez [&hellip;]\" \/>\n<meta property=\"og:url\" content=\"https:\/\/www.ysb.ca\/fr\/faites-un-don-testamentaire\/\" \/>\n<meta property=\"og:site_name\" content=\"Youth Services Jeunesse\" \/>\n<meta property=\"article:modified_time\" content=\"2018-09-25T16:29:51+00:00\" \/>\n<meta name=\"twitter:card\" content=\"summary_large_image\" \/>\n<meta name=\"twitter:label1\" content=\"Dur\u00e9e de lecture estim\u00e9e\" \/>\n\t<meta name=\"twitter:data1\" content=\"4 minutes\" \/>\n<script type=\"application\/ld+json\" class=\"yoast-schema-graph\">{\"@context\":\"https:\\\/\\\/schema.org\",\"@graph\":[{\"@type\":\"WebPage\",\"@id\":\"https:\\\/\\\/www.ysb.ca\\\/fr\\\/faites-un-don-testamentaire\\\/\",\"url\":\"https:\\\/\\\/www.ysb.ca\\\/fr\\\/faites-un-don-testamentaire\\\/\",\"name\":\"Faites un don testamentaire - Youth Services Jeunesse\",\"isPartOf\":{\"@id\":\"https:\\\/\\\/www.ysb.ca\\\/fr\\\/#website\"},\"datePublished\":\"2018-09-20T20:02:43+00:00\",\"dateModified\":\"2018-09-25T16:29:51+00:00\",\"breadcrumb\":{\"@id\":\"https:\\\/\\\/www.ysb.ca\\\/fr\\\/faites-un-don-testamentaire\\\/#breadcrumb\"},\"inLanguage\":\"fr-FR\",\"potentialAction\":[{\"@type\":\"ReadAction\",\"target\":[\"https:\\\/\\\/www.ysb.ca\\\/fr\\\/faites-un-don-testamentaire\\\/\"]}]},{\"@type\":\"BreadcrumbList\",\"@id\":\"https:\\\/\\\/www.ysb.ca\\\/fr\\\/faites-un-don-testamentaire\\\/#breadcrumb\",\"itemListElement\":[{\"@type\":\"ListItem\",\"position\":1,\"name\":\"Home\",\"item\":\"https:\\\/\\\/www.ysb.ca\\\/fr\\\/\"},{\"@type\":\"ListItem\",\"position\":2,\"name\":\"Faites un don testamentaire\"}]},{\"@type\":\"WebSite\",\"@id\":\"https:\\\/\\\/www.ysb.ca\\\/fr\\\/#website\",\"url\":\"https:\\\/\\\/www.ysb.ca\\\/fr\\\/\",\"name\":\"Youth Services Jeunesse\",\"description\":\"Ottawa Youth Services Jeunesse\",\"publisher\":{\"@id\":\"https:\\\/\\\/www.ysb.ca\\\/fr\\\/#organization\"},\"potentialAction\":[{\"@type\":\"SearchAction\",\"target\":{\"@type\":\"EntryPoint\",\"urlTemplate\":\"https:\\\/\\\/www.ysb.ca\\\/fr\\\/?s={search_term_string}\"},\"query-input\":{\"@type\":\"PropertyValueSpecification\",\"valueRequired\":true,\"valueName\":\"search_term_string\"}}],\"inLanguage\":\"fr-FR\"},{\"@type\":\"Organization\",\"@id\":\"https:\\\/\\\/www.ysb.ca\\\/fr\\\/#organization\",\"name\":\"Youth Services Jeunesse\",\"url\":\"https:\\\/\\\/www.ysb.ca\\\/fr\\\/\",\"logo\":{\"@type\":\"ImageObject\",\"inLanguage\":\"fr-FR\",\"@id\":\"https:\\\/\\\/www.ysb.ca\\\/fr\\\/#\\\/schema\\\/logo\\\/image\\\/\",\"url\":\"https:\\\/\\\/www.ysb.ca\\\/wp-content\\\/uploads\\\/2020\\\/09\\\/ysb-logo.png\",\"contentUrl\":\"https:\\\/\\\/www.ysb.ca\\\/wp-content\\\/uploads\\\/2020\\\/09\\\/ysb-logo.png\",\"width\":238,\"height\":94,\"caption\":\"Youth Services Jeunesse\"},\"image\":{\"@id\":\"https:\\\/\\\/www.ysb.ca\\\/fr\\\/#\\\/schema\\\/logo\\\/image\\\/\"},\"sameAs\":[\"https:\\\/\\\/www.instagram.com\\\/ysb.bsj\\\/\",\"https:\\\/\\\/www.youtube.com\\\/user\\\/YSBOttawa\"]}]}<\/script>\n<!-- \/ Yoast SEO plugin. -->","yoast_head_json":{"title":"Faites un don testamentaire - Youth Services Jeunesse","robots":{"index":"index","follow":"follow","max-snippet":"max-snippet:-1","max-image-preview":"max-image-preview:large","max-video-preview":"max-video-preview:-1"},"canonical":"https:\/\/www.ysb.ca\/fr\/faites-un-don-testamentaire\/","og_locale":"fr_FR","og_type":"article","og_title":"Faites un don testamentaire - Youth Services Jeunesse","og_description":"[vc_row fullwidth=\u00a0\u00bbtrue\u00a0\u00bb][vc_column][\/vc_column][\/vc_row][vc_row css=\u00a0\u00bb.vc_custom_1537892737446{padding-top: 50px !important;padding-bottom: 10px !important;}\u00a0\u00bb][vc_column][vc_column_text css=\u00a0\u00bb.vc_custom_1537892856142{margin-bottom: 0px !important;}\u00a0\u00bb] Un don testamentaire pour pr\u00eater main-forte vers l\u2019avenir [\/vc_column_text][\/vc_column][\/vc_row][vc_row column_padding=\u00a0\u00bb1&Prime; css=\u00a0\u00bb.vc_custom_1537892714774{border-bottom-width: 1px !important;}\u00a0\u00bb][vc_column width=\u00a0\u00bb2\/3&Prime;][vc_column_text margin_bottom=\u00a0\u00bb20&Prime; css=\u00a0\u00bb.vc_custom_1537892954012{margin-bottom: 20px !important;}\u00a0\u00bb]Nous consacrons tous notre vie \u00e0 faire une diff\u00e9rence \u2013 aupr\u00e8s de nos familles, de nos amis et de nos communaut\u00e9s. Pendant un moment, imaginez que vous venez [&hellip;]","og_url":"https:\/\/www.ysb.ca\/fr\/faites-un-don-testamentaire\/","og_site_name":"Youth Services Jeunesse","article_modified_time":"2018-09-25T16:29:51+00:00","twitter_card":"summary_large_image","twitter_misc":{"Dur\u00e9e de lecture estim\u00e9e":"4 minutes"},"schema":{"@context":"https:\/\/schema.org","@graph":[{"@type":"WebPage","@id":"https:\/\/www.ysb.ca\/fr\/faites-un-don-testamentaire\/","url":"https:\/\/www.ysb.ca\/fr\/faites-un-don-testamentaire\/","name":"Faites un don testamentaire - Youth Services Jeunesse","isPartOf":{"@id":"https:\/\/www.ysb.ca\/fr\/#website"},"datePublished":"2018-09-20T20:02:43+00:00","dateModified":"2018-09-25T16:29:51+00:00","breadcrumb":{"@id":"https:\/\/www.ysb.ca\/fr\/faites-un-don-testamentaire\/#breadcrumb"},"inLanguage":"fr-FR","potentialAction":[{"@type":"ReadAction","target":["https:\/\/www.ysb.ca\/fr\/faites-un-don-testamentaire\/"]}]},{"@type":"BreadcrumbList","@id":"https:\/\/www.ysb.ca\/fr\/faites-un-don-testamentaire\/#breadcrumb","itemListElement":[{"@type":"ListItem","position":1,"name":"Home","item":"https:\/\/www.ysb.ca\/fr\/"},{"@type":"ListItem","position":2,"name":"Faites un don testamentaire"}]},{"@type":"WebSite","@id":"https:\/\/www.ysb.ca\/fr\/#website","url":"https:\/\/www.ysb.ca\/fr\/","name":"Youth Services Jeunesse","description":"Ottawa Youth Services Jeunesse","publisher":{"@id":"https:\/\/www.ysb.ca\/fr\/#organization"},"potentialAction":[{"@type":"SearchAction","target":{"@type":"EntryPoint","urlTemplate":"https:\/\/www.ysb.ca\/fr\/?s={search_term_string}"},"query-input":{"@type":"PropertyValueSpecification","valueRequired":true,"valueName":"search_term_string"}}],"inLanguage":"fr-FR"},{"@type":"Organization","@id":"https:\/\/www.ysb.ca\/fr\/#organization","name":"Youth Services Jeunesse","url":"https:\/\/www.ysb.ca\/fr\/","logo":{"@type":"ImageObject","inLanguage":"fr-FR","@id":"https:\/\/www.ysb.ca\/fr\/#\/schema\/logo\/image\/","url":"https:\/\/www.ysb.ca\/wp-content\/uploads\/2020\/09\/ysb-logo.png","contentUrl":"https:\/\/www.ysb.ca\/wp-content\/uploads\/2020\/09\/ysb-logo.png","width":238,"height":94,"caption":"Youth Services Jeunesse"},"image":{"@id":"https:\/\/www.ysb.ca\/fr\/#\/schema\/logo\/image\/"},"sameAs":["https:\/\/www.instagram.com\/ysb.bsj\/","https:\/\/www.youtube.com\/user\/YSBOttawa"]}]}},"_links":{"self":[{"href":"https:\/\/www.ysb.ca\/fr\/wp-json\/wp\/v2\/pages\/3067","targetHints":{"allow":["GET"]}}],"collection":[{"href":"https:\/\/www.ysb.ca\/fr\/wp-json\/wp\/v2\/pages"}],"about":[{"href":"https:\/\/www.ysb.ca\/fr\/wp-json\/wp\/v2\/types\/page"}],"author":[{"embeddable":true,"href":"https:\/\/www.ysb.ca\/fr\/wp-json\/wp\/v2\/users\/1"}],"replies":[{"embeddable":true,"href":"https:\/\/www.ysb.ca\/fr\/wp-json\/wp\/v2\/comments?post=3067"}],"version-history":[{"count":5,"href":"https:\/\/www.ysb.ca\/fr\/wp-json\/wp\/v2\/pages\/3067\/revisions"}],"predecessor-version":[{"id":3163,"href":"https:\/\/www.ysb.ca\/fr\/wp-json\/wp\/v2\/pages\/3067\/revisions\/3163"}],"wp:attachment":[{"href":"https:\/\/www.ysb.ca\/fr\/wp-json\/wp\/v2\/media?parent=3067"}],"curies":[{"name":"wp","href":"https:\/\/api.w.org\/{rel}","templated":true}]}}