
{"id":3060,"date":"2018-09-20T15:57:24","date_gmt":"2018-09-20T19:57:24","guid":{"rendered":"http:\/\/www.ysb.ca\/organize-an-event-in-support-of-ysb\/"},"modified":"2019-07-03T10:38:16","modified_gmt":"2019-07-03T14:38:16","slug":"organisez-un-evenement-a-lappui-du-bsj","status":"publish","type":"page","link":"https:\/\/www.ysb.ca\/fr\/organisez-un-evenement-a-lappui-du-bsj\/","title":{"rendered":"Organisez un \u00e9v\u00e9nement \u00e0 l&rsquo;appui du BSJ"},"content":{"rendered":"<div class=\"wpb-content-wrapper\">[vc_row fullwidth=\u00a0\u00bbtrue\u00a0\u00bb][vc_column]\n        <div class=\"ysb-banner-wrapper\" style=\"background-image: url(https:\/\/www.ysb.ca\/wp-content\/uploads\/2018\/04\/monthly-donation.png);\">\n         \n            <div class=\"ysb-title-wrapper mk-animate-element bottom-to-top mk-in-viewport\" style=\"background-image: url();\">\n\t\t\t\t<h1 class=\"ysb-banner-title\">Organisez un \u00e9v\u00e9nement \u00e0 l'appui du BSJ<\/h1>\n\t\t\t\t\n\t\t\t<\/div>\n         \n        <\/div>[\/vc_column][\/vc_row][vc_row fullwidth=\u00a0\u00bbtrue\u00a0\u00bb fullwidth_content=\u00a0\u00bbfalse\u00a0\u00bb css=\u00a0\u00bb.vc_custom_1524247215702{border-bottom-width: 1px !important;padding-top: 35px !important;}\u00a0\u00bb][vc_column width=\u00a0\u00bb1\/4&Prime;][\/vc_column][vc_column width=\u00a0\u00bb1\/2&Prime;][vc_column_text margin_bottom=\u00a0\u00bb20&Prime; css=\u00a0\u00bb.vc_custom_1562164690551{margin-bottom: 20px !important;}\u00a0\u00bb]\n<h2 style=\"text-align: center;\">VOTRE \u00e9V\u00e9NEMENT SOUTIENDRA LES JEUNES VULN\u00e9RABLES<\/h2>\n<p>Le Bureau des services \u00e0 la jeunesse (BSJ) invite les entreprises, les groupes communautaires et les particuliers \u00e0 organiser des \u00e9v\u00e9nements pour appuyer le BSJ. Votre \u00e9v\u00e9nement peut recueillir des fonds qui serviront \u00e0 appuyer des programmes et des services qui changent et sauvent des vies pour certains des jeunes les plus \u00e0 risque d\u2019Ottawa.<\/p>\n<p>Les activit\u00e9s de collectes de fonds pour le BSJ peuvent aller de l\u2019organisation d\u2019un gala \u00e0 une vente de p\u00e2tisseries en milieu de travail. Parmi les \u00e9v\u00e9nements pr\u00e9c\u00e9dents qui ont recueilli des fonds pour le compte du BSJ et dont ce dernier a pu en b\u00e9n\u00e9ficier, citons\u00a0:<\/p>\n<ul>\n<li>Tournois de golf<\/li>\n<li>Campagnes sp\u00e9ciales dans votre lieu de travail (par exemple, les vendredis d\u00e9contract\u00e9s, les ventes de p\u00e2tisseries, les chaussettes chauffantes et plus encore!)<\/li>\n<li>Spectacles d\u2019artistes amateurs<\/li>\n<li>Galas<\/li>\n<li>Dons d\u2019entreprise \u00e9gaux \u00e0 ceux d\u2019un employ\u00e9<\/li>\n<li>Encans silencieux ou en personne<\/li>\n<li>Courses ou promenades<\/li>\n<li>D\u00eeners, f\u00eates ou barbecues<\/li>\n<li><a href=\"http:\/\/ysb.convio.net\/site\/TR?fr_id=1100&amp;pg=entry\">Communaut\u00e9 Une nuit pour l\u2019itin\u00e9rance (SleepOUT)<\/a><\/li>\n<\/ul>\n<p>Le BSJ est l\u00e0 pour vous appuyer dans l\u2019organisation de votre \u00e9v\u00e9nement. Nous pouvons vous aider \u00e0 promouvoir votre \u00e9v\u00e9nement, fournir des documents imprim\u00e9s sur le BSJ et m\u00eame proposer un conf\u00e9rencier pour assister \u00e0 votre \u00e9v\u00e9nement.<\/p>\n<p>Pour discuter de votre \u00e9v\u00e9nement avec le BSJ, veuillez communiquer avec Desiree Rapoch, coordonnatrice d\u2019\u00e9v\u00e9nements, au 613-729-0577, poste 1245, ou \u00e0 <a href=\"mailto:drapoch@ysb.ca\">drapoch@ysb.ca<\/a>.[\/vc_column_text][\/vc_column][vc_column width=\u00a0\u00bb1\/4&Prime;][\/vc_column][\/vc_row]\n<\/div>","protected":false},"excerpt":{"rendered":"<p>[vc_row fullwidth=\u00a0\u00bbtrue\u00a0\u00bb][vc_column][\/vc_column][\/vc_row][vc_row fullwidth=\u00a0\u00bbtrue\u00a0\u00bb fullwidth_content=\u00a0\u00bbfalse\u00a0\u00bb css=\u00a0\u00bb.vc_custom_1524247215702{border-bottom-width: 1px !important;padding-top: 35px !important;}\u00a0\u00bb][vc_column width=\u00a0\u00bb1\/4&Prime;][\/vc_column][vc_column width=\u00a0\u00bb1\/2&Prime;][vc_column_text margin_bottom=\u00a0\u00bb20&Prime; css=\u00a0\u00bb.vc_custom_1562164690551{margin-bottom: 20px !important;}\u00a0\u00bb] VOTRE \u00e9V\u00e9NEMENT SOUTIENDRA LES JEUNES VULN\u00e9RABLES Le Bureau des services \u00e0 la jeunesse (BSJ) invite les entreprises, les groupes communautaires et les particuliers \u00e0 organiser des \u00e9v\u00e9nements pour appuyer le BSJ. Votre \u00e9v\u00e9nement peut recueillir des fonds qui serviront \u00e0 [&hellip;]<\/p>\n","protected":false},"author":1,"featured_media":0,"parent":0,"menu_order":104,"comment_status":"closed","ping_status":"closed","template":"","meta":{"rs_blank_template":"","rs_page_bg_color":"","slide_template_v7":"","footnotes":""},"class_list":["post-3060","page","type-page","status-publish","hentry"],"yoast_head":"<!-- This site is optimized with the Yoast SEO plugin v27.4 - https:\/\/yoast.com\/product\/yoast-seo-wordpress\/ -->\n<title>Organisez un \u00e9v\u00e9nement \u00e0 l&#039;appui du BSJ - Youth Services Jeunesse<\/title>\n<meta name=\"robots\" content=\"index, follow, max-snippet:-1, max-image-preview:large, max-video-preview:-1\" \/>\n<link rel=\"canonical\" href=\"https:\/\/www.ysb.ca\/fr\/organisez-un-evenement-a-lappui-du-bsj\/\" \/>\n<meta property=\"og:locale\" content=\"fr_FR\" \/>\n<meta property=\"og:type\" content=\"article\" \/>\n<meta property=\"og:title\" content=\"Organisez un \u00e9v\u00e9nement \u00e0 l&#039;appui du BSJ - Youth Services Jeunesse\" \/>\n<meta property=\"og:description\" content=\"[vc_row fullwidth=\u00a0\u00bbtrue\u00a0\u00bb][vc_column][\/vc_column][\/vc_row][vc_row fullwidth=\u00a0\u00bbtrue\u00a0\u00bb fullwidth_content=\u00a0\u00bbfalse\u00a0\u00bb css=\u00a0\u00bb.vc_custom_1524247215702{border-bottom-width: 1px !important;padding-top: 35px !important;}\u00a0\u00bb][vc_column width=\u00a0\u00bb1\/4&Prime;][\/vc_column][vc_column width=\u00a0\u00bb1\/2&Prime;][vc_column_text margin_bottom=\u00a0\u00bb20&Prime; css=\u00a0\u00bb.vc_custom_1562164690551{margin-bottom: 20px !important;}\u00a0\u00bb] VOTRE \u00e9V\u00e9NEMENT SOUTIENDRA LES JEUNES VULN\u00e9RABLES Le Bureau des services \u00e0 la jeunesse (BSJ) invite les entreprises, les groupes communautaires et les particuliers \u00e0 organiser des \u00e9v\u00e9nements pour appuyer le BSJ. Votre \u00e9v\u00e9nement peut recueillir des fonds qui serviront \u00e0 [&hellip;]\" \/>\n<meta property=\"og:url\" content=\"https:\/\/www.ysb.ca\/fr\/organisez-un-evenement-a-lappui-du-bsj\/\" \/>\n<meta property=\"og:site_name\" content=\"Youth Services Jeunesse\" \/>\n<meta property=\"article:modified_time\" content=\"2019-07-03T14:38:16+00:00\" \/>\n<meta name=\"twitter:card\" content=\"summary_large_image\" \/>\n<meta name=\"twitter:label1\" content=\"Dur\u00e9e de lecture estim\u00e9e\" \/>\n\t<meta name=\"twitter:data1\" content=\"2 minutes\" \/>\n<script type=\"application\/ld+json\" class=\"yoast-schema-graph\">{\"@context\":\"https:\\\/\\\/schema.org\",\"@graph\":[{\"@type\":\"WebPage\",\"@id\":\"https:\\\/\\\/www.ysb.ca\\\/fr\\\/organisez-un-evenement-a-lappui-du-bsj\\\/\",\"url\":\"https:\\\/\\\/www.ysb.ca\\\/fr\\\/organisez-un-evenement-a-lappui-du-bsj\\\/\",\"name\":\"Organisez un \u00e9v\u00e9nement \u00e0 l'appui du BSJ - Youth Services Jeunesse\",\"isPartOf\":{\"@id\":\"https:\\\/\\\/www.ysb.ca\\\/fr\\\/#website\"},\"datePublished\":\"2018-09-20T19:57:24+00:00\",\"dateModified\":\"2019-07-03T14:38:16+00:00\",\"breadcrumb\":{\"@id\":\"https:\\\/\\\/www.ysb.ca\\\/fr\\\/organisez-un-evenement-a-lappui-du-bsj\\\/#breadcrumb\"},\"inLanguage\":\"fr-FR\",\"potentialAction\":[{\"@type\":\"ReadAction\",\"target\":[\"https:\\\/\\\/www.ysb.ca\\\/fr\\\/organisez-un-evenement-a-lappui-du-bsj\\\/\"]}]},{\"@type\":\"BreadcrumbList\",\"@id\":\"https:\\\/\\\/www.ysb.ca\\\/fr\\\/organisez-un-evenement-a-lappui-du-bsj\\\/#breadcrumb\",\"itemListElement\":[{\"@type\":\"ListItem\",\"position\":1,\"name\":\"Home\",\"item\":\"https:\\\/\\\/www.ysb.ca\\\/fr\\\/\"},{\"@type\":\"ListItem\",\"position\":2,\"name\":\"Organisez un \u00e9v\u00e9nement \u00e0 l&rsquo;appui du BSJ\"}]},{\"@type\":\"WebSite\",\"@id\":\"https:\\\/\\\/www.ysb.ca\\\/fr\\\/#website\",\"url\":\"https:\\\/\\\/www.ysb.ca\\\/fr\\\/\",\"name\":\"Youth Services Jeunesse\",\"description\":\"Ottawa Youth Services Jeunesse\",\"publisher\":{\"@id\":\"https:\\\/\\\/www.ysb.ca\\\/fr\\\/#organization\"},\"potentialAction\":[{\"@type\":\"SearchAction\",\"target\":{\"@type\":\"EntryPoint\",\"urlTemplate\":\"https:\\\/\\\/www.ysb.ca\\\/fr\\\/?s={search_term_string}\"},\"query-input\":{\"@type\":\"PropertyValueSpecification\",\"valueRequired\":true,\"valueName\":\"search_term_string\"}}],\"inLanguage\":\"fr-FR\"},{\"@type\":\"Organization\",\"@id\":\"https:\\\/\\\/www.ysb.ca\\\/fr\\\/#organization\",\"name\":\"Youth Services Jeunesse\",\"url\":\"https:\\\/\\\/www.ysb.ca\\\/fr\\\/\",\"logo\":{\"@type\":\"ImageObject\",\"inLanguage\":\"fr-FR\",\"@id\":\"https:\\\/\\\/www.ysb.ca\\\/fr\\\/#\\\/schema\\\/logo\\\/image\\\/\",\"url\":\"https:\\\/\\\/www.ysb.ca\\\/wp-content\\\/uploads\\\/2020\\\/09\\\/ysb-logo.png\",\"contentUrl\":\"https:\\\/\\\/www.ysb.ca\\\/wp-content\\\/uploads\\\/2020\\\/09\\\/ysb-logo.png\",\"width\":238,\"height\":94,\"caption\":\"Youth Services Jeunesse\"},\"image\":{\"@id\":\"https:\\\/\\\/www.ysb.ca\\\/fr\\\/#\\\/schema\\\/logo\\\/image\\\/\"},\"sameAs\":[\"https:\\\/\\\/www.instagram.com\\\/ysb.bsj\\\/\",\"https:\\\/\\\/www.youtube.com\\\/user\\\/YSBOttawa\"]}]}<\/script>\n<!-- \/ Yoast SEO plugin. -->","yoast_head_json":{"title":"Organisez un \u00e9v\u00e9nement \u00e0 l'appui du BSJ - Youth Services Jeunesse","robots":{"index":"index","follow":"follow","max-snippet":"max-snippet:-1","max-image-preview":"max-image-preview:large","max-video-preview":"max-video-preview:-1"},"canonical":"https:\/\/www.ysb.ca\/fr\/organisez-un-evenement-a-lappui-du-bsj\/","og_locale":"fr_FR","og_type":"article","og_title":"Organisez un \u00e9v\u00e9nement \u00e0 l'appui du BSJ - Youth Services Jeunesse","og_description":"[vc_row fullwidth=\u00a0\u00bbtrue\u00a0\u00bb][vc_column][\/vc_column][\/vc_row][vc_row fullwidth=\u00a0\u00bbtrue\u00a0\u00bb fullwidth_content=\u00a0\u00bbfalse\u00a0\u00bb css=\u00a0\u00bb.vc_custom_1524247215702{border-bottom-width: 1px !important;padding-top: 35px !important;}\u00a0\u00bb][vc_column width=\u00a0\u00bb1\/4&Prime;][\/vc_column][vc_column width=\u00a0\u00bb1\/2&Prime;][vc_column_text margin_bottom=\u00a0\u00bb20&Prime; css=\u00a0\u00bb.vc_custom_1562164690551{margin-bottom: 20px !important;}\u00a0\u00bb] VOTRE \u00e9V\u00e9NEMENT SOUTIENDRA LES JEUNES VULN\u00e9RABLES Le Bureau des services \u00e0 la jeunesse (BSJ) invite les entreprises, les groupes communautaires et les particuliers \u00e0 organiser des \u00e9v\u00e9nements pour appuyer le BSJ. Votre \u00e9v\u00e9nement peut recueillir des fonds qui serviront \u00e0 [&hellip;]","og_url":"https:\/\/www.ysb.ca\/fr\/organisez-un-evenement-a-lappui-du-bsj\/","og_site_name":"Youth Services Jeunesse","article_modified_time":"2019-07-03T14:38:16+00:00","twitter_card":"summary_large_image","twitter_misc":{"Dur\u00e9e de lecture estim\u00e9e":"2 minutes"},"schema":{"@context":"https:\/\/schema.org","@graph":[{"@type":"WebPage","@id":"https:\/\/www.ysb.ca\/fr\/organisez-un-evenement-a-lappui-du-bsj\/","url":"https:\/\/www.ysb.ca\/fr\/organisez-un-evenement-a-lappui-du-bsj\/","name":"Organisez un \u00e9v\u00e9nement \u00e0 l'appui du BSJ - Youth Services Jeunesse","isPartOf":{"@id":"https:\/\/www.ysb.ca\/fr\/#website"},"datePublished":"2018-09-20T19:57:24+00:00","dateModified":"2019-07-03T14:38:16+00:00","breadcrumb":{"@id":"https:\/\/www.ysb.ca\/fr\/organisez-un-evenement-a-lappui-du-bsj\/#breadcrumb"},"inLanguage":"fr-FR","potentialAction":[{"@type":"ReadAction","target":["https:\/\/www.ysb.ca\/fr\/organisez-un-evenement-a-lappui-du-bsj\/"]}]},{"@type":"BreadcrumbList","@id":"https:\/\/www.ysb.ca\/fr\/organisez-un-evenement-a-lappui-du-bsj\/#breadcrumb","itemListElement":[{"@type":"ListItem","position":1,"name":"Home","item":"https:\/\/www.ysb.ca\/fr\/"},{"@type":"ListItem","position":2,"name":"Organisez un \u00e9v\u00e9nement \u00e0 l&rsquo;appui du BSJ"}]},{"@type":"WebSite","@id":"https:\/\/www.ysb.ca\/fr\/#website","url":"https:\/\/www.ysb.ca\/fr\/","name":"Youth Services Jeunesse","description":"Ottawa Youth Services Jeunesse","publisher":{"@id":"https:\/\/www.ysb.ca\/fr\/#organization"},"potentialAction":[{"@type":"SearchAction","target":{"@type":"EntryPoint","urlTemplate":"https:\/\/www.ysb.ca\/fr\/?s={search_term_string}"},"query-input":{"@type":"PropertyValueSpecification","valueRequired":true,"valueName":"search_term_string"}}],"inLanguage":"fr-FR"},{"@type":"Organization","@id":"https:\/\/www.ysb.ca\/fr\/#organization","name":"Youth Services Jeunesse","url":"https:\/\/www.ysb.ca\/fr\/","logo":{"@type":"ImageObject","inLanguage":"fr-FR","@id":"https:\/\/www.ysb.ca\/fr\/#\/schema\/logo\/image\/","url":"https:\/\/www.ysb.ca\/wp-content\/uploads\/2020\/09\/ysb-logo.png","contentUrl":"https:\/\/www.ysb.ca\/wp-content\/uploads\/2020\/09\/ysb-logo.png","width":238,"height":94,"caption":"Youth Services Jeunesse"},"image":{"@id":"https:\/\/www.ysb.ca\/fr\/#\/schema\/logo\/image\/"},"sameAs":["https:\/\/www.instagram.com\/ysb.bsj\/","https:\/\/www.youtube.com\/user\/YSBOttawa"]}]}},"_links":{"self":[{"href":"https:\/\/www.ysb.ca\/fr\/wp-json\/wp\/v2\/pages\/3060","targetHints":{"allow":["GET"]}}],"collection":[{"href":"https:\/\/www.ysb.ca\/fr\/wp-json\/wp\/v2\/pages"}],"about":[{"href":"https:\/\/www.ysb.ca\/fr\/wp-json\/wp\/v2\/types\/page"}],"author":[{"embeddable":true,"href":"https:\/\/www.ysb.ca\/fr\/wp-json\/wp\/v2\/users\/1"}],"replies":[{"embeddable":true,"href":"https:\/\/www.ysb.ca\/fr\/wp-json\/wp\/v2\/comments?post=3060"}],"version-history":[{"count":5,"href":"https:\/\/www.ysb.ca\/fr\/wp-json\/wp\/v2\/pages\/3060\/revisions"}],"predecessor-version":[{"id":4517,"href":"https:\/\/www.ysb.ca\/fr\/wp-json\/wp\/v2\/pages\/3060\/revisions\/4517"}],"wp:attachment":[{"href":"https:\/\/www.ysb.ca\/fr\/wp-json\/wp\/v2\/media?parent=3060"}],"curies":[{"name":"wp","href":"https:\/\/api.w.org\/{rel}","templated":true}]}}