
{"id":3051,"date":"2018-09-20T15:47:23","date_gmt":"2018-09-20T19:47:23","guid":{"rendered":"http:\/\/www.ysb.ca\/sponsor-healthy-meals-for-youth\/"},"modified":"2024-07-08T09:36:04","modified_gmt":"2024-07-08T13:36:04","slug":"le-programme-garde-manger-du-bsj","status":"publish","type":"page","link":"https:\/\/www.ysb.ca\/fr\/le-programme-garde-manger-du-bsj\/","title":{"rendered":"Le Programme garde-manger du BSJ"},"content":{"rendered":"<div class=\"wpb-content-wrapper\">[vc_row fullwidth=\u00a0\u00bbtrue\u00a0\u00bb][vc_column]\n        <div class=\"ysb-banner-wrapper\" style=\"background-image: url(https:\/\/www.ysb.ca\/wp-content\/uploads\/2018\/04\/monthly-donation.png);\">\n         \n            <div class=\"ysb-title-wrapper mk-animate-element bottom-to-top mk-in-viewport\" style=\"background-image: url();\">\n\t\t\t\t<h1 class=\"ysb-banner-title\">Le Programme garde-manger du BSJ<\/h1>\n\t\t\t\t\n\t\t\t<\/div>\n         \n        <\/div>[\/vc_column][\/vc_row][vc_row fullwidth=\u00a0\u00bbtrue\u00a0\u00bb fullwidth_content=\u00a0\u00bbfalse\u00a0\u00bb css=\u00a0\u00bb.vc_custom_1537889260620{border-bottom-width: 1px !important;padding-top: 50px !important;}\u00a0\u00bb][vc_column][vc_column_text margin_bottom=\u00a0\u00bb20&Prime; css=\u00a0\u00bb.vc_custom_1720445708692{margin-bottom: 20px !important;}\u00a0\u00bb]\n<h2>R\u00e9pondre \u00e0 un besoin de base avec dignit\u00e9.<\/h2>\n<p>Manger. Un besoin fondamental.<\/p>\n<p>Et pourtant, pour les jeunes sans-abri, l\u2019acc\u00e8s \u00e0 la nourriture constitue un d\u00e9fi quotidien.<\/p>\n<p>C\u2019est pourquoi le BSJ offre un programme de banque alimentaire, notre Programme garde-manger, \u00e0 notre halte-accueil situ\u00e9e au centre-ville d\u2019Ottawa.<\/p>\n<p>La halte-accueil du BSJ offre des services essentiels aux jeunes itin\u00e9rants, aux jeunes de la rue et jeunes \u00e0 risque \u00e9lev\u00e9, et ce, 365 jours par ann\u00e9e. Notre Programme garde-manger fournit aux jeunes itin\u00e9rants et \u00e0 risque un acc\u00e8s, une fois par mois, \u00e0 des provisions d\u2019aliments frais et non p\u00e9rissables pour une dur\u00e9e de trois \u00e0 quatre jours. Il offre des aliments nutritifs tels que du lait, des \u0153ufs, des fruits et l\u00e9gumes frais, des produits en conserve, du pain et des p\u00e2tes, et d\u2019autres aliments.<\/p>\n<p>Si nous souhaitons exercer un impact sur le reste de la vie d\u2019une jeune personne, il est critique de r\u00e9pondre \u00e0 ses besoins primaires. La nourriture \u2013 avec dignit\u00e9 \u2013 est l\u2019un de ces besoins. Aucun jeune dans notre communaut\u00e9 ne devrait vivre affam\u00e9. Gr\u00e2ce au soutien de notre communaut\u00e9, des solutions existent.<\/p>\n<p>Le BSJ assure le fonctionnement de notre Programme garde-manger aussi efficacement que possible, et nous recevons un soutien g\u00e9n\u00e9reux de la part de la Banque alimentaire d\u2019Ottawa pour nous aider \u00e0 garder nos \u00e9tag\u00e8res bien remplies. Encore, avec plus de 14 000 visites de jeunes \u00e0 risque \u00e0 notre halte-accueil chaque ann\u00e9e, le BSJ doit d\u00e9frayer annuellement les co\u00fbts d\u2019une facture d\u2019\u00e9picerie consid\u00e9rable, afin que tous les jeunes \u00e0 notre charge aient un acc\u00e8s suffisant \u00e0 de la nourriture.<\/p>\n<h4>Le Programme garde-manger a besoin de votre soutien.<\/h4>\n<p>Vous pouvez venir en aide directement aux jeunes itin\u00e9rants affam\u00e9s dans notre communaut\u00e9 de la mani\u00e8re suivante :<\/p>\n<p>Versez un don unique. Vous pouvez diriger votre don directement au Programme garde-manger en inscrivant \u00ab Programme garde-manger \u00bb dans la bo\u00eete de commentaires. Tous les dons sont d\u00e9ductibles d\u2019imp\u00f4t.<\/p>\n<p>Parrainez le Programme garde-manger pour une dur\u00e9e d\u2019un mois. Les entreprises, les groupes communautaires, les clubs et les familles peuvent couvrir les besoins en nourriture sur un mois. Pour de plus amples renseignements, veuillez contacter :<\/p>\n<p>Patti Murphy<br \/>\nT\u00e9l\u00e9phone : 613-729-0577, poste 50262<br \/>\nCourriel : <a href=\"mailto:pmurphy@ysb.ca\">pmurphy@ysb.ca<\/a><\/p>\n<p>Pour changer la vie des jeunes, il faut d\u2019abord r\u00e9pondre \u00e0 leurs besoins fondamentaux. Aidez-nous \u00e0 garantir qu\u2019aucun jeune ne vivra affam\u00e9 cette ann\u00e9e.[\/vc_column_text][\/vc_column][\/vc_row][vc_row][vc_column][vc_raw_html]JTNDZGl2JTIwaWQlM0QlMjJiYm94LXJvb3QlMjIlM0UlM0MlMkZkaXYlM0UlMEElM0NzY3JpcHQlMjB0eXBlJTNEJTIydGV4dCUyRmphdmFzY3JpcHQlMjIlM0UlMEElMjAlMjAlMjAlMjAlMjAlMjAlMjB3aW5kb3cuYmJveEluaXQlMjAlM0QlMjBmdW5jdGlvbiUyMCUyOCUyOSUyMCU3QiUwQSUyMCUyMCUyMCUyMCUyMCUyMCUyMCUyMCUyMCUyMCUyMGJib3guc2hvd0Zvcm0lMjglMjc3OGNjMDk3ZC1lYmY3LTRhYTQtYjAwZi00NmQzNTVjN2UwY2UlMjclMjklM0IlMEElMjAlMjAlMjAlMjAlMjAlMjAlMjAlN0QlM0IlMEElMjAlMjAlMjAlMjAlMjAlMjAlMjAlMjhmdW5jdGlvbiUyMCUyOCUyOSUyMCU3QiUwQSUyMCUyMCUyMCUyMCUyMCUyMCUyMCUyMCUyMCUyMCUyMHZhciUyMGUlMjAlM0QlMjBkb2N1bWVudC5jcmVhdGVFbGVtZW50JTI4JTI3c2NyaXB0JTI3JTI5JTNCJTIwZS5hc3luYyUyMCUzRCUyMHRydWUlM0IlMEElMjAlMjAlMjAlMjAlMjAlMjAlMjAlMjAlMjAlMjAlMjBlLnNyYyUyMCUzRCUyMCUyN2h0dHBzJTNBJTJGJTJGYmJveC5ibGFja2JhdWRob3N0aW5nLmNvbSUyRndlYmZvcm1zJTJGYmJveC1taW4uanMlMjclM0IlMEElMjAlMjAlMjAlMjAlMjAlMjAlMjAlMjAlMjAlMjAlMjBkb2N1bWVudC5nZXRFbGVtZW50c0J5VGFnTmFtZSUyOCUyN2hlYWQlMjclMjklNUIwJTVELmFwcGVuZENoaWxkJTI4ZSUyOSUzQiUwQSUyMCUyMCUyMCUyMCUyMCUyMCUyMCU3RCUyMCUyOCUyOSUyOSUzQiUwQSUzQyUyRnNjcmlwdCUzRSUwQSUzQ3NjcmlwdCUzRXZhciUyMFNtYXJ0RE9OT1JDT1ZFUk9MWFNldHRpbmdzJTIwJTNEJTIwJTdCJTIycHJvZHVjdCUyMiUzQSUyMlNtYXJ0RE9OT1JDT1ZFUk9MWCUyMiUyQyUyMnByb21wdCUyMiUzQSUyMkplJTIwc291aGFpdGUlMjBjb3V2cmlyJTIwbGVzJTIwZnJhaXMlMjBkZSUyMHRyYW5zYWN0aW9uJTIwcG91ciUyMGwlMjdvcmdhbmlzbWUlMjBkZSUyMGJpZW5mYWlzYW5jZSUyMCUyOGF1Z21lbnRlciUyMG1vbiUyMGRvbiUyMHBvdXIlMjB5JTIwcGFydmVuaXIlMjklMjIlMkMlMjJzdW1tYXJ5JTIyJTNBJTIyWW91JTIwd2lsbCUyMHBheSUyMCU1QmFtb3VudCU1RCUyMHdoaWNoJTIwaW5jbHVkZXMlMjB0aGUlMjB0cmFuc2FjdGlvbiUyMGZlZXMlMjBvZiUyMCU1QmZlZSU1RCUyMiUyQyUyMmhpZGVPdGhlciUyMiUzQWZhbHNlJTJDJTIyZmxhdEZlZU1vZGUlMjIlM0F0cnVlJTJDJTIydmFyaWFibGUlMjIlM0EzJTJDJTIyZml4ZWQlMjIlM0EwJTJDJTIyY2xpZW50JTIyJTNBJTIyYXBvcGVzY3UlNDB5c2IuY2ElMjIlN0QlM0MlMkZzY3JpcHQlM0UlM0MlMjEtLSUyMCUyMCUyOGMlMjklMjAyMDIwJTIwVGhlJTIwU21hcnRUSElORyUyMExpbWl0ZWQlMjBGaWxlJTIwc21hcnRkb25vcmNvdmVyb2x4LWRpc3BsYXklMjBwcm92aWRlZCUyMHVuZGVyJTIwbGljZW5zZSUyMHRvJTIwYXBvcGVzY3UlNDB5c2IuY2ElMjBMYXN0JTIwdXBkYXRlZCUyMDEwJTJGMDclMkYyMDIwJTIwMDMlM0EyOCUzQTQ0JTIwcG0lMjAtLSUzRSUyMCUzQ3NjcmlwdCUyMHNyYyUzRCUyMmh0dHBzJTNBJTJGJTJGd3d3LnNtYXJ0dGhpbmcyLmNvbSUyRmRvd25sb2FkJTJGZmlsZS5waHAlM0Zqc2Zvcm1hdCUzRDElMjZvbHglM0QxJTI2ZiUzRC1qcy5odG1sJTI2YyUzRGFwb3Blc2N1JTQweXNiLmNhJTI2ayUzRERPTjIwMDE1OCUyMiUzRSUzQyUyRnNjcmlwdCUzRQ==[\/vc_raw_html][\/vc_column][\/vc_row]\n<\/div>","protected":false},"excerpt":{"rendered":"<p>[vc_row fullwidth=\u00a0\u00bbtrue\u00a0\u00bb][vc_column][\/vc_column][\/vc_row][vc_row fullwidth=\u00a0\u00bbtrue\u00a0\u00bb fullwidth_content=\u00a0\u00bbfalse\u00a0\u00bb css=\u00a0\u00bb.vc_custom_1537889260620{border-bottom-width: 1px !important;padding-top: 50px !important;}\u00a0\u00bb][vc_column][vc_column_text margin_bottom=\u00a0\u00bb20&Prime; css=\u00a0\u00bb.vc_custom_1720445708692{margin-bottom: 20px !important;}\u00a0\u00bb] R\u00e9pondre \u00e0 un besoin de base avec dignit\u00e9. Manger. Un besoin fondamental. Et pourtant, pour les jeunes sans-abri, l\u2019acc\u00e8s \u00e0 la nourriture constitue un d\u00e9fi quotidien. C\u2019est pourquoi le BSJ offre un programme de banque alimentaire, notre Programme garde-manger, \u00e0 notre halte-accueil [&hellip;]<\/p>\n","protected":false},"author":1,"featured_media":0,"parent":0,"menu_order":106,"comment_status":"closed","ping_status":"closed","template":"","meta":{"rs_blank_template":"","rs_page_bg_color":"","slide_template_v7":"","footnotes":""},"class_list":["post-3051","page","type-page","status-publish","hentry"],"yoast_head":"<!-- This site is optimized with the Yoast SEO plugin v27.4 - https:\/\/yoast.com\/product\/yoast-seo-wordpress\/ -->\n<title>Le Programme garde-manger du BSJ - Youth Services Jeunesse<\/title>\n<meta name=\"robots\" content=\"index, follow, max-snippet:-1, max-image-preview:large, max-video-preview:-1\" \/>\n<link rel=\"canonical\" href=\"https:\/\/www.ysb.ca\/fr\/le-programme-garde-manger-du-bsj\/\" \/>\n<meta property=\"og:locale\" content=\"fr_FR\" \/>\n<meta property=\"og:type\" content=\"article\" \/>\n<meta property=\"og:title\" content=\"Le Programme garde-manger du BSJ - Youth Services Jeunesse\" \/>\n<meta property=\"og:description\" content=\"[vc_row fullwidth=\u00a0\u00bbtrue\u00a0\u00bb][vc_column][\/vc_column][\/vc_row][vc_row fullwidth=\u00a0\u00bbtrue\u00a0\u00bb fullwidth_content=\u00a0\u00bbfalse\u00a0\u00bb css=\u00a0\u00bb.vc_custom_1537889260620{border-bottom-width: 1px !important;padding-top: 50px !important;}\u00a0\u00bb][vc_column][vc_column_text margin_bottom=\u00a0\u00bb20&Prime; css=\u00a0\u00bb.vc_custom_1720445708692{margin-bottom: 20px !important;}\u00a0\u00bb] R\u00e9pondre \u00e0 un besoin de base avec dignit\u00e9. Manger. Un besoin fondamental. Et pourtant, pour les jeunes sans-abri, l\u2019acc\u00e8s \u00e0 la nourriture constitue un d\u00e9fi quotidien. C\u2019est pourquoi le BSJ offre un programme de banque alimentaire, notre Programme garde-manger, \u00e0 notre halte-accueil [&hellip;]\" \/>\n<meta property=\"og:url\" content=\"https:\/\/www.ysb.ca\/fr\/le-programme-garde-manger-du-bsj\/\" \/>\n<meta property=\"og:site_name\" content=\"Youth Services Jeunesse\" \/>\n<meta property=\"article:modified_time\" content=\"2024-07-08T13:36:04+00:00\" \/>\n<meta name=\"twitter:card\" content=\"summary_large_image\" \/>\n<meta name=\"twitter:label1\" content=\"Dur\u00e9e de lecture estim\u00e9e\" \/>\n\t<meta name=\"twitter:data1\" content=\"2 minutes\" \/>\n<script type=\"application\/ld+json\" class=\"yoast-schema-graph\">{\"@context\":\"https:\\\/\\\/schema.org\",\"@graph\":[{\"@type\":\"WebPage\",\"@id\":\"https:\\\/\\\/www.ysb.ca\\\/fr\\\/le-programme-garde-manger-du-bsj\\\/\",\"url\":\"https:\\\/\\\/www.ysb.ca\\\/fr\\\/le-programme-garde-manger-du-bsj\\\/\",\"name\":\"Le Programme garde-manger du BSJ - Youth Services Jeunesse\",\"isPartOf\":{\"@id\":\"https:\\\/\\\/www.ysb.ca\\\/fr\\\/#website\"},\"datePublished\":\"2018-09-20T19:47:23+00:00\",\"dateModified\":\"2024-07-08T13:36:04+00:00\",\"breadcrumb\":{\"@id\":\"https:\\\/\\\/www.ysb.ca\\\/fr\\\/le-programme-garde-manger-du-bsj\\\/#breadcrumb\"},\"inLanguage\":\"fr-FR\",\"potentialAction\":[{\"@type\":\"ReadAction\",\"target\":[\"https:\\\/\\\/www.ysb.ca\\\/fr\\\/le-programme-garde-manger-du-bsj\\\/\"]}]},{\"@type\":\"BreadcrumbList\",\"@id\":\"https:\\\/\\\/www.ysb.ca\\\/fr\\\/le-programme-garde-manger-du-bsj\\\/#breadcrumb\",\"itemListElement\":[{\"@type\":\"ListItem\",\"position\":1,\"name\":\"Home\",\"item\":\"https:\\\/\\\/www.ysb.ca\\\/fr\\\/\"},{\"@type\":\"ListItem\",\"position\":2,\"name\":\"Le Programme garde-manger du BSJ\"}]},{\"@type\":\"WebSite\",\"@id\":\"https:\\\/\\\/www.ysb.ca\\\/fr\\\/#website\",\"url\":\"https:\\\/\\\/www.ysb.ca\\\/fr\\\/\",\"name\":\"Youth Services Jeunesse\",\"description\":\"Ottawa Youth Services Jeunesse\",\"publisher\":{\"@id\":\"https:\\\/\\\/www.ysb.ca\\\/fr\\\/#organization\"},\"potentialAction\":[{\"@type\":\"SearchAction\",\"target\":{\"@type\":\"EntryPoint\",\"urlTemplate\":\"https:\\\/\\\/www.ysb.ca\\\/fr\\\/?s={search_term_string}\"},\"query-input\":{\"@type\":\"PropertyValueSpecification\",\"valueRequired\":true,\"valueName\":\"search_term_string\"}}],\"inLanguage\":\"fr-FR\"},{\"@type\":\"Organization\",\"@id\":\"https:\\\/\\\/www.ysb.ca\\\/fr\\\/#organization\",\"name\":\"Youth Services Jeunesse\",\"url\":\"https:\\\/\\\/www.ysb.ca\\\/fr\\\/\",\"logo\":{\"@type\":\"ImageObject\",\"inLanguage\":\"fr-FR\",\"@id\":\"https:\\\/\\\/www.ysb.ca\\\/fr\\\/#\\\/schema\\\/logo\\\/image\\\/\",\"url\":\"https:\\\/\\\/www.ysb.ca\\\/wp-content\\\/uploads\\\/2020\\\/09\\\/ysb-logo.png\",\"contentUrl\":\"https:\\\/\\\/www.ysb.ca\\\/wp-content\\\/uploads\\\/2020\\\/09\\\/ysb-logo.png\",\"width\":238,\"height\":94,\"caption\":\"Youth Services Jeunesse\"},\"image\":{\"@id\":\"https:\\\/\\\/www.ysb.ca\\\/fr\\\/#\\\/schema\\\/logo\\\/image\\\/\"},\"sameAs\":[\"https:\\\/\\\/www.instagram.com\\\/ysb.bsj\\\/\",\"https:\\\/\\\/www.youtube.com\\\/user\\\/YSBOttawa\"]}]}<\/script>\n<!-- \/ Yoast SEO plugin. -->","yoast_head_json":{"title":"Le Programme garde-manger du BSJ - Youth Services Jeunesse","robots":{"index":"index","follow":"follow","max-snippet":"max-snippet:-1","max-image-preview":"max-image-preview:large","max-video-preview":"max-video-preview:-1"},"canonical":"https:\/\/www.ysb.ca\/fr\/le-programme-garde-manger-du-bsj\/","og_locale":"fr_FR","og_type":"article","og_title":"Le Programme garde-manger du BSJ - Youth Services Jeunesse","og_description":"[vc_row fullwidth=\u00a0\u00bbtrue\u00a0\u00bb][vc_column][\/vc_column][\/vc_row][vc_row fullwidth=\u00a0\u00bbtrue\u00a0\u00bb fullwidth_content=\u00a0\u00bbfalse\u00a0\u00bb css=\u00a0\u00bb.vc_custom_1537889260620{border-bottom-width: 1px !important;padding-top: 50px !important;}\u00a0\u00bb][vc_column][vc_column_text margin_bottom=\u00a0\u00bb20&Prime; css=\u00a0\u00bb.vc_custom_1720445708692{margin-bottom: 20px !important;}\u00a0\u00bb] R\u00e9pondre \u00e0 un besoin de base avec dignit\u00e9. Manger. Un besoin fondamental. Et pourtant, pour les jeunes sans-abri, l\u2019acc\u00e8s \u00e0 la nourriture constitue un d\u00e9fi quotidien. C\u2019est pourquoi le BSJ offre un programme de banque alimentaire, notre Programme garde-manger, \u00e0 notre halte-accueil [&hellip;]","og_url":"https:\/\/www.ysb.ca\/fr\/le-programme-garde-manger-du-bsj\/","og_site_name":"Youth Services Jeunesse","article_modified_time":"2024-07-08T13:36:04+00:00","twitter_card":"summary_large_image","twitter_misc":{"Dur\u00e9e de lecture estim\u00e9e":"2 minutes"},"schema":{"@context":"https:\/\/schema.org","@graph":[{"@type":"WebPage","@id":"https:\/\/www.ysb.ca\/fr\/le-programme-garde-manger-du-bsj\/","url":"https:\/\/www.ysb.ca\/fr\/le-programme-garde-manger-du-bsj\/","name":"Le Programme garde-manger du BSJ - Youth Services Jeunesse","isPartOf":{"@id":"https:\/\/www.ysb.ca\/fr\/#website"},"datePublished":"2018-09-20T19:47:23+00:00","dateModified":"2024-07-08T13:36:04+00:00","breadcrumb":{"@id":"https:\/\/www.ysb.ca\/fr\/le-programme-garde-manger-du-bsj\/#breadcrumb"},"inLanguage":"fr-FR","potentialAction":[{"@type":"ReadAction","target":["https:\/\/www.ysb.ca\/fr\/le-programme-garde-manger-du-bsj\/"]}]},{"@type":"BreadcrumbList","@id":"https:\/\/www.ysb.ca\/fr\/le-programme-garde-manger-du-bsj\/#breadcrumb","itemListElement":[{"@type":"ListItem","position":1,"name":"Home","item":"https:\/\/www.ysb.ca\/fr\/"},{"@type":"ListItem","position":2,"name":"Le Programme garde-manger du BSJ"}]},{"@type":"WebSite","@id":"https:\/\/www.ysb.ca\/fr\/#website","url":"https:\/\/www.ysb.ca\/fr\/","name":"Youth Services Jeunesse","description":"Ottawa Youth Services Jeunesse","publisher":{"@id":"https:\/\/www.ysb.ca\/fr\/#organization"},"potentialAction":[{"@type":"SearchAction","target":{"@type":"EntryPoint","urlTemplate":"https:\/\/www.ysb.ca\/fr\/?s={search_term_string}"},"query-input":{"@type":"PropertyValueSpecification","valueRequired":true,"valueName":"search_term_string"}}],"inLanguage":"fr-FR"},{"@type":"Organization","@id":"https:\/\/www.ysb.ca\/fr\/#organization","name":"Youth Services Jeunesse","url":"https:\/\/www.ysb.ca\/fr\/","logo":{"@type":"ImageObject","inLanguage":"fr-FR","@id":"https:\/\/www.ysb.ca\/fr\/#\/schema\/logo\/image\/","url":"https:\/\/www.ysb.ca\/wp-content\/uploads\/2020\/09\/ysb-logo.png","contentUrl":"https:\/\/www.ysb.ca\/wp-content\/uploads\/2020\/09\/ysb-logo.png","width":238,"height":94,"caption":"Youth Services Jeunesse"},"image":{"@id":"https:\/\/www.ysb.ca\/fr\/#\/schema\/logo\/image\/"},"sameAs":["https:\/\/www.instagram.com\/ysb.bsj\/","https:\/\/www.youtube.com\/user\/YSBOttawa"]}]}},"_links":{"self":[{"href":"https:\/\/www.ysb.ca\/fr\/wp-json\/wp\/v2\/pages\/3051","targetHints":{"allow":["GET"]}}],"collection":[{"href":"https:\/\/www.ysb.ca\/fr\/wp-json\/wp\/v2\/pages"}],"about":[{"href":"https:\/\/www.ysb.ca\/fr\/wp-json\/wp\/v2\/types\/page"}],"author":[{"embeddable":true,"href":"https:\/\/www.ysb.ca\/fr\/wp-json\/wp\/v2\/users\/1"}],"replies":[{"embeddable":true,"href":"https:\/\/www.ysb.ca\/fr\/wp-json\/wp\/v2\/comments?post=3051"}],"version-history":[{"count":5,"href":"https:\/\/www.ysb.ca\/fr\/wp-json\/wp\/v2\/pages\/3051\/revisions"}],"predecessor-version":[{"id":11477,"href":"https:\/\/www.ysb.ca\/fr\/wp-json\/wp\/v2\/pages\/3051\/revisions\/11477"}],"wp:attachment":[{"href":"https:\/\/www.ysb.ca\/fr\/wp-json\/wp\/v2\/media?parent=3051"}],"curies":[{"name":"wp","href":"https:\/\/api.w.org\/{rel}","templated":true}]}}