
{"id":3046,"date":"2018-09-20T15:44:18","date_gmt":"2018-09-20T19:44:18","guid":{"rendered":"http:\/\/www.ysb.ca\/sponsor-a-shelter-room-for-a-youth\/"},"modified":"2018-09-25T11:33:13","modified_gmt":"2018-09-25T15:33:13","slug":"parrainez-une-chambre-dans-un-abri-pour-un-jeune-itinerant","status":"publish","type":"page","link":"https:\/\/www.ysb.ca\/fr\/parrainez-une-chambre-dans-un-abri-pour-un-jeune-itinerant\/","title":{"rendered":"Parrainez une chambre dans un abri pour un jeune itin\u00e9rant"},"content":{"rendered":"<div class=\"wpb-content-wrapper\">[vc_row fullwidth=\u00a0\u00bbtrue\u00a0\u00bb][vc_column]\n        <div class=\"ysb-banner-wrapper\" style=\"background-image: url(https:\/\/www.ysb.ca\/wp-content\/uploads\/2018\/04\/monthly-donation.png);\">\n         \n            <div class=\"ysb-title-wrapper mk-animate-element bottom-to-top mk-in-viewport\" style=\"background-image: url();\">\n\t\t\t\t<h1 class=\"ysb-banner-title\">Parrainez une chambre dans un abri pour un jeune itin\u00e9rant<\/h1>\n\t\t\t\t\n\t\t\t<\/div>\n         \n        <\/div>[\/vc_column][\/vc_row][vc_row fullwidth=\u00a0\u00bbtrue\u00a0\u00bb fullwidth_content=\u00a0\u00bbfalse\u00a0\u00bb css=\u00a0\u00bb.vc_custom_1537889260620{border-bottom-width: 1px !important;padding-top: 50px !important;}\u00a0\u00bb][vc_column][vc_column_text margin_bottom=\u00a0\u00bb20&Prime; css=\u00a0\u00bb.vc_custom_1537889551064{margin-bottom: 20px !important;}\u00a0\u00bb]\n<h2>Le plus beau cadeau qui soit, celui d\u2019un domicile<\/h2>\n<p><strong>Parrainez aujourd\u2019hui une chambre dans un abri pour un jeune itin\u00e9rant<\/strong><\/p>\n<p>Aucun jeune ne devrait avoir \u00e0 dormir dans la rue. Avec le soutien de personnes, de groupes et d\u2019entreprises communautaires bienveillants, ils n\u2019ont pas besoin de dormir dans la rue. Le BSJ fournit les seuls abris pour les jeunes dans notre ville, ainsi que des options de logement transitoire et \u00e0 long terme. Nos abris d\u2019urgence pour jeunes femmes et jeunes hommes offrent des soins imm\u00e9diats aux jeunes itin\u00e9rants \u00e0 Ottawa, ainsi que des services qui garantissent qu\u2019ils laisseront derri\u00e8re la vie dans la rue.<\/p>\n<h4>Que trouveront les jeunes dans un abri du BSJ?<\/h4>\n<ul>\n<li>Un lit douillet, une chambre priv\u00e9e et un sentiment d\u2019avoir un foyer lorsque celui-ci n\u2019existe pas.<\/li>\n<li>Des repas complets nutritifs qui les nourriront.<\/li>\n<li>Des conseillers et des travailleurs aupr\u00e8s des jeunes d\u00e9vou\u00e9s qui croient en eux.<\/li>\n<li>Des programmes essentiels en sant\u00e9 mentale, en mati\u00e8re d\u2019emploi et d\u2019\u00e9ducation qui les aideront \u00e0 se sortir de l\u2019itin\u00e9rance et \u00e0 d\u00e9buter une nouvelle vie avec une plus grande confiance, estime de soi et capacit\u00e9 \u00e0 r\u00e9ussir.<\/li>\n<\/ul>\n<h4>Adoptez une chambre aujourd\u2019hui<\/h4>\n<p>Chaque chambre dans un abri du BSJ constitue un nouveau d\u00e9part pour les jeunes que nous aidons.<\/p>\n<p>Vous pouvez donner \u00e0 de jeunes itin\u00e9rants un endroit s\u00e9curitaire o\u00f9 dormir et r\u00eaver, et o\u00f9 ils peuvent reb\u00e2tir leur vie. Parrainez une chambre \u00e0 titre d\u2019individu, de famille, de groupe communautaire, d\u2019\u00e9cole ou d\u2019entreprise, et vous garantirez que les jeunes ont acc\u00e8s \u00e0 des soutiens essentiels durant une p\u00e9riode des plus pressantes de leur vie.<\/p>\n<p>Le BSJ est un chef de file dans la lutte contre le sans-abrisme chez les jeunes \u00e0 Ottawa. Avec le g\u00e9n\u00e9reux soutien de personnes comme vous, nous aidons les jeunes \u00e0 briser le cycle de l\u2019itin\u00e9rance chronique pour de bon.<\/p>\n<p>Parrainer une chambre dans un abri co\u00fbte 3 500 $ par ann\u00e9e.<\/p>\n<p>En tant que pr\u00e9cieux partenaire, vous recevrez :<\/p>\n<ul>\n<li>Une reconnaissance sous la forme de votre nom \u00e0 l\u2019ext\u00e9rieur de la chambre d\u2019abri parrain\u00e9e;<\/li>\n<li>Une visite de l\u2019abri o\u00f9 la chambre est situ\u00e9e;<\/li>\n<li>Une s\u00e9ance photo avec vous et votre groupe qui sera partag\u00e9e publiquement sur les m\u00e9dias sociaux par le BSJ (optionnel);<\/li>\n<li>La reconnaissance de votre nom dans une infolettre du BSJ \u00e0 ses donateurs;<\/li>\n<li>Le premier droit de refus \u00e0 la fin de votre p\u00e9riode d\u2019adoption.<\/li>\n<\/ul>\n<p>Depuis 1960, le BSJ est un chef de file dans la lutte visant \u00e0 pr\u00e9venir le sans-abrisme chez les jeunes d\u2019Ottawa et y mettre fin. Joignez-vous \u00e0 nous aujourd\u2019hui en parrainant une chambre dans un abri et en donnant \u00e0 des jeunes vuln\u00e9rables plus qu\u2019un domicile : donnez-leur l\u2019espoir.<\/p>\n<p>Pour parrainer une chambre ou pour obtenir de plus amples renseignements, veuillez contacter :<\/p>\n<p>Savanna Schiavo<br \/>\nCoordonnatrice du financement<br \/>\nT\u00e9l\u00e9phone : 613-729-0577, poste 1260<br \/>\nCourriel : <a href=\"mailto:sschiavo@ysb.ca\">sschiavo@ysb.ca<\/a>[\/vc_column_text][\/vc_column][\/vc_row]\n<\/div>","protected":false},"excerpt":{"rendered":"<p>[vc_row fullwidth=\u00a0\u00bbtrue\u00a0\u00bb][vc_column][\/vc_column][\/vc_row][vc_row fullwidth=\u00a0\u00bbtrue\u00a0\u00bb fullwidth_content=\u00a0\u00bbfalse\u00a0\u00bb css=\u00a0\u00bb.vc_custom_1537889260620{border-bottom-width: 1px !important;padding-top: 50px !important;}\u00a0\u00bb][vc_column][vc_column_text margin_bottom=\u00a0\u00bb20&Prime; css=\u00a0\u00bb.vc_custom_1537889551064{margin-bottom: 20px !important;}\u00a0\u00bb] Le plus beau cadeau qui soit, celui d\u2019un domicile Parrainez aujourd\u2019hui une chambre dans un abri pour un jeune itin\u00e9rant Aucun jeune ne devrait avoir \u00e0 dormir dans la rue. Avec le soutien de personnes, de groupes et d\u2019entreprises communautaires bienveillants, ils [&hellip;]<\/p>\n","protected":false},"author":1,"featured_media":0,"parent":0,"menu_order":107,"comment_status":"closed","ping_status":"closed","template":"","meta":{"rs_blank_template":"","rs_page_bg_color":"","slide_template_v7":"","footnotes":""},"class_list":["post-3046","page","type-page","status-publish","hentry"],"yoast_head":"<!-- This site is optimized with the Yoast SEO plugin v27.5 - https:\/\/yoast.com\/product\/yoast-seo-wordpress\/ -->\n<title>Parrainez une chambre dans un abri pour un jeune itin\u00e9rant - Youth Services Jeunesse<\/title>\n<meta name=\"robots\" content=\"index, follow, max-snippet:-1, max-image-preview:large, max-video-preview:-1\" \/>\n<link rel=\"canonical\" href=\"https:\/\/www.ysb.ca\/fr\/parrainez-une-chambre-dans-un-abri-pour-un-jeune-itinerant\/\" \/>\n<meta property=\"og:locale\" content=\"fr_FR\" \/>\n<meta property=\"og:type\" content=\"article\" \/>\n<meta property=\"og:title\" content=\"Parrainez une chambre dans un abri pour un jeune itin\u00e9rant - Youth Services Jeunesse\" \/>\n<meta property=\"og:description\" content=\"[vc_row fullwidth=\u00a0\u00bbtrue\u00a0\u00bb][vc_column][\/vc_column][\/vc_row][vc_row fullwidth=\u00a0\u00bbtrue\u00a0\u00bb fullwidth_content=\u00a0\u00bbfalse\u00a0\u00bb css=\u00a0\u00bb.vc_custom_1537889260620{border-bottom-width: 1px !important;padding-top: 50px !important;}\u00a0\u00bb][vc_column][vc_column_text margin_bottom=\u00a0\u00bb20&Prime; css=\u00a0\u00bb.vc_custom_1537889551064{margin-bottom: 20px !important;}\u00a0\u00bb] Le plus beau cadeau qui soit, celui d\u2019un domicile Parrainez aujourd\u2019hui une chambre dans un abri pour un jeune itin\u00e9rant Aucun jeune ne devrait avoir \u00e0 dormir dans la rue. Avec le soutien de personnes, de groupes et d\u2019entreprises communautaires bienveillants, ils [&hellip;]\" \/>\n<meta property=\"og:url\" content=\"https:\/\/www.ysb.ca\/fr\/parrainez-une-chambre-dans-un-abri-pour-un-jeune-itinerant\/\" \/>\n<meta property=\"og:site_name\" content=\"Youth Services Jeunesse\" \/>\n<meta property=\"article:modified_time\" content=\"2018-09-25T15:33:13+00:00\" \/>\n<meta name=\"twitter:card\" content=\"summary_large_image\" \/>\n<meta name=\"twitter:label1\" content=\"Dur\u00e9e de lecture estim\u00e9e\" \/>\n\t<meta name=\"twitter:data1\" content=\"3 minutes\" \/>\n<script type=\"application\/ld+json\" class=\"yoast-schema-graph\">{\"@context\":\"https:\\\/\\\/schema.org\",\"@graph\":[{\"@type\":\"WebPage\",\"@id\":\"https:\\\/\\\/www.ysb.ca\\\/fr\\\/parrainez-une-chambre-dans-un-abri-pour-un-jeune-itinerant\\\/\",\"url\":\"https:\\\/\\\/www.ysb.ca\\\/fr\\\/parrainez-une-chambre-dans-un-abri-pour-un-jeune-itinerant\\\/\",\"name\":\"Parrainez une chambre dans un abri pour un jeune itin\u00e9rant - Youth Services Jeunesse\",\"isPartOf\":{\"@id\":\"https:\\\/\\\/www.ysb.ca\\\/fr\\\/#website\"},\"datePublished\":\"2018-09-20T19:44:18+00:00\",\"dateModified\":\"2018-09-25T15:33:13+00:00\",\"breadcrumb\":{\"@id\":\"https:\\\/\\\/www.ysb.ca\\\/fr\\\/parrainez-une-chambre-dans-un-abri-pour-un-jeune-itinerant\\\/#breadcrumb\"},\"inLanguage\":\"fr-FR\",\"potentialAction\":[{\"@type\":\"ReadAction\",\"target\":[\"https:\\\/\\\/www.ysb.ca\\\/fr\\\/parrainez-une-chambre-dans-un-abri-pour-un-jeune-itinerant\\\/\"]}]},{\"@type\":\"BreadcrumbList\",\"@id\":\"https:\\\/\\\/www.ysb.ca\\\/fr\\\/parrainez-une-chambre-dans-un-abri-pour-un-jeune-itinerant\\\/#breadcrumb\",\"itemListElement\":[{\"@type\":\"ListItem\",\"position\":1,\"name\":\"Home\",\"item\":\"https:\\\/\\\/www.ysb.ca\\\/fr\\\/\"},{\"@type\":\"ListItem\",\"position\":2,\"name\":\"Parrainez une chambre dans un abri pour un jeune itin\u00e9rant\"}]},{\"@type\":\"WebSite\",\"@id\":\"https:\\\/\\\/www.ysb.ca\\\/fr\\\/#website\",\"url\":\"https:\\\/\\\/www.ysb.ca\\\/fr\\\/\",\"name\":\"Youth Services Jeunesse\",\"description\":\"Ottawa Youth Services Jeunesse\",\"publisher\":{\"@id\":\"https:\\\/\\\/www.ysb.ca\\\/fr\\\/#organization\"},\"potentialAction\":[{\"@type\":\"SearchAction\",\"target\":{\"@type\":\"EntryPoint\",\"urlTemplate\":\"https:\\\/\\\/www.ysb.ca\\\/fr\\\/?s={search_term_string}\"},\"query-input\":{\"@type\":\"PropertyValueSpecification\",\"valueRequired\":true,\"valueName\":\"search_term_string\"}}],\"inLanguage\":\"fr-FR\"},{\"@type\":\"Organization\",\"@id\":\"https:\\\/\\\/www.ysb.ca\\\/fr\\\/#organization\",\"name\":\"Youth Services Jeunesse\",\"url\":\"https:\\\/\\\/www.ysb.ca\\\/fr\\\/\",\"logo\":{\"@type\":\"ImageObject\",\"inLanguage\":\"fr-FR\",\"@id\":\"https:\\\/\\\/www.ysb.ca\\\/fr\\\/#\\\/schema\\\/logo\\\/image\\\/\",\"url\":\"https:\\\/\\\/www.ysb.ca\\\/wp-content\\\/uploads\\\/2020\\\/09\\\/ysb-logo.png\",\"contentUrl\":\"https:\\\/\\\/www.ysb.ca\\\/wp-content\\\/uploads\\\/2020\\\/09\\\/ysb-logo.png\",\"width\":238,\"height\":94,\"caption\":\"Youth Services Jeunesse\"},\"image\":{\"@id\":\"https:\\\/\\\/www.ysb.ca\\\/fr\\\/#\\\/schema\\\/logo\\\/image\\\/\"},\"sameAs\":[\"https:\\\/\\\/www.instagram.com\\\/ysb.bsj\\\/\",\"https:\\\/\\\/www.youtube.com\\\/user\\\/YSBOttawa\"]}]}<\/script>\n<!-- \/ Yoast SEO plugin. -->","yoast_head_json":{"title":"Parrainez une chambre dans un abri pour un jeune itin\u00e9rant - Youth Services Jeunesse","robots":{"index":"index","follow":"follow","max-snippet":"max-snippet:-1","max-image-preview":"max-image-preview:large","max-video-preview":"max-video-preview:-1"},"canonical":"https:\/\/www.ysb.ca\/fr\/parrainez-une-chambre-dans-un-abri-pour-un-jeune-itinerant\/","og_locale":"fr_FR","og_type":"article","og_title":"Parrainez une chambre dans un abri pour un jeune itin\u00e9rant - Youth Services Jeunesse","og_description":"[vc_row fullwidth=\u00a0\u00bbtrue\u00a0\u00bb][vc_column][\/vc_column][\/vc_row][vc_row fullwidth=\u00a0\u00bbtrue\u00a0\u00bb fullwidth_content=\u00a0\u00bbfalse\u00a0\u00bb css=\u00a0\u00bb.vc_custom_1537889260620{border-bottom-width: 1px !important;padding-top: 50px !important;}\u00a0\u00bb][vc_column][vc_column_text margin_bottom=\u00a0\u00bb20&Prime; css=\u00a0\u00bb.vc_custom_1537889551064{margin-bottom: 20px !important;}\u00a0\u00bb] Le plus beau cadeau qui soit, celui d\u2019un domicile Parrainez aujourd\u2019hui une chambre dans un abri pour un jeune itin\u00e9rant Aucun jeune ne devrait avoir \u00e0 dormir dans la rue. Avec le soutien de personnes, de groupes et d\u2019entreprises communautaires bienveillants, ils [&hellip;]","og_url":"https:\/\/www.ysb.ca\/fr\/parrainez-une-chambre-dans-un-abri-pour-un-jeune-itinerant\/","og_site_name":"Youth Services Jeunesse","article_modified_time":"2018-09-25T15:33:13+00:00","twitter_card":"summary_large_image","twitter_misc":{"Dur\u00e9e de lecture estim\u00e9e":"3 minutes"},"schema":{"@context":"https:\/\/schema.org","@graph":[{"@type":"WebPage","@id":"https:\/\/www.ysb.ca\/fr\/parrainez-une-chambre-dans-un-abri-pour-un-jeune-itinerant\/","url":"https:\/\/www.ysb.ca\/fr\/parrainez-une-chambre-dans-un-abri-pour-un-jeune-itinerant\/","name":"Parrainez une chambre dans un abri pour un jeune itin\u00e9rant - Youth Services Jeunesse","isPartOf":{"@id":"https:\/\/www.ysb.ca\/fr\/#website"},"datePublished":"2018-09-20T19:44:18+00:00","dateModified":"2018-09-25T15:33:13+00:00","breadcrumb":{"@id":"https:\/\/www.ysb.ca\/fr\/parrainez-une-chambre-dans-un-abri-pour-un-jeune-itinerant\/#breadcrumb"},"inLanguage":"fr-FR","potentialAction":[{"@type":"ReadAction","target":["https:\/\/www.ysb.ca\/fr\/parrainez-une-chambre-dans-un-abri-pour-un-jeune-itinerant\/"]}]},{"@type":"BreadcrumbList","@id":"https:\/\/www.ysb.ca\/fr\/parrainez-une-chambre-dans-un-abri-pour-un-jeune-itinerant\/#breadcrumb","itemListElement":[{"@type":"ListItem","position":1,"name":"Home","item":"https:\/\/www.ysb.ca\/fr\/"},{"@type":"ListItem","position":2,"name":"Parrainez une chambre dans un abri pour un jeune itin\u00e9rant"}]},{"@type":"WebSite","@id":"https:\/\/www.ysb.ca\/fr\/#website","url":"https:\/\/www.ysb.ca\/fr\/","name":"Youth Services Jeunesse","description":"Ottawa Youth Services Jeunesse","publisher":{"@id":"https:\/\/www.ysb.ca\/fr\/#organization"},"potentialAction":[{"@type":"SearchAction","target":{"@type":"EntryPoint","urlTemplate":"https:\/\/www.ysb.ca\/fr\/?s={search_term_string}"},"query-input":{"@type":"PropertyValueSpecification","valueRequired":true,"valueName":"search_term_string"}}],"inLanguage":"fr-FR"},{"@type":"Organization","@id":"https:\/\/www.ysb.ca\/fr\/#organization","name":"Youth Services Jeunesse","url":"https:\/\/www.ysb.ca\/fr\/","logo":{"@type":"ImageObject","inLanguage":"fr-FR","@id":"https:\/\/www.ysb.ca\/fr\/#\/schema\/logo\/image\/","url":"https:\/\/www.ysb.ca\/wp-content\/uploads\/2020\/09\/ysb-logo.png","contentUrl":"https:\/\/www.ysb.ca\/wp-content\/uploads\/2020\/09\/ysb-logo.png","width":238,"height":94,"caption":"Youth Services Jeunesse"},"image":{"@id":"https:\/\/www.ysb.ca\/fr\/#\/schema\/logo\/image\/"},"sameAs":["https:\/\/www.instagram.com\/ysb.bsj\/","https:\/\/www.youtube.com\/user\/YSBOttawa"]}]}},"_links":{"self":[{"href":"https:\/\/www.ysb.ca\/fr\/wp-json\/wp\/v2\/pages\/3046","targetHints":{"allow":["GET"]}}],"collection":[{"href":"https:\/\/www.ysb.ca\/fr\/wp-json\/wp\/v2\/pages"}],"about":[{"href":"https:\/\/www.ysb.ca\/fr\/wp-json\/wp\/v2\/types\/page"}],"author":[{"embeddable":true,"href":"https:\/\/www.ysb.ca\/fr\/wp-json\/wp\/v2\/users\/1"}],"replies":[{"embeddable":true,"href":"https:\/\/www.ysb.ca\/fr\/wp-json\/wp\/v2\/comments?post=3046"}],"version-history":[{"count":5,"href":"https:\/\/www.ysb.ca\/fr\/wp-json\/wp\/v2\/pages\/3046\/revisions"}],"predecessor-version":[{"id":3118,"href":"https:\/\/www.ysb.ca\/fr\/wp-json\/wp\/v2\/pages\/3046\/revisions\/3118"}],"wp:attachment":[{"href":"https:\/\/www.ysb.ca\/fr\/wp-json\/wp\/v2\/media?parent=3046"}],"curies":[{"name":"wp","href":"https:\/\/api.w.org\/{rel}","templated":true}]}}