
{"id":2670,"date":"2018-04-20T14:00:34","date_gmt":"2018-04-20T18:00:34","guid":{"rendered":"http:\/\/www.ysb.ca\/monthly-donation\/"},"modified":"2022-12-23T11:21:11","modified_gmt":"2022-12-23T16:21:11","slug":"faites-un-don","status":"publish","type":"page","link":"https:\/\/www.ysb.ca\/fr\/faites-un-don\/","title":{"rendered":"Faites un don"},"content":{"rendered":"<div class=\"wpb-content-wrapper\">[vc_row fullwidth=\u00a0\u00bbtrue\u00a0\u00bb][vc_column]\n        <div class=\"ysb-banner-wrapper\" style=\"background-image: url(https:\/\/www.ysb.ca\/wp-content\/uploads\/2022\/12\/untitled-design10.jpg);\">\n         \n            <div class=\"ysb-title-wrapper mk-animate-element bottom-to-top mk-in-viewport\" style=\"background-image: url();\">\n\t\t\t\t<h1 class=\"ysb-banner-title\"><\/h1>\n\t\t\t\t\n\t\t\t<\/div>\n         \n        <\/div>[\/vc_column][\/vc_row][vc_row fullwidth=\u00a0\u00bbtrue\u00a0\u00bb fullwidth_content=\u00a0\u00bbfalse\u00a0\u00bb css=\u00a0\u00bb.vc_custom_1537888749555{border-bottom-width: 1px !important;padding-top: 50px !important;}\u00a0\u00bb][vc_column css=\u00a0\u00bb.vc_custom_1671812448567{padding-top: 0px !important;padding-bottom: 0px !important;}\u00a0\u00bb][vc_column_text margin_bottom=\u00a0\u00bb20&Prime; css=\u00a0\u00bb.vc_custom_1671812396369{margin-bottom: 20px !important;}\u00a0\u00bb]\n<p style=\"text-align: center;\">En faisant un don au BSJ, vous offrez de l&rsquo;aide et de l&rsquo;espoir \u00e0 certains des jeunes les plus vuln\u00e9rables d&rsquo;Ottawa. Votre don fait une r\u00e9elle diff\u00e9rence dans la vie des jeunes, aujourd&rsquo;hui et demain.<\/p>\n<h6 style=\"text-align: center;\"><em>\u00c0 noter que pour tout don en ligne de 20,00 $ ou plus, un re\u00e7u pour fins d\u2019imp\u00f4t sera \u00e9mis automatiquement et vous sera transmis par courriel.<\/em><\/h6>\n[\/vc_column_text][\/vc_column][\/vc_row][vc_row][vc_column][vc_raw_html]JTNDZGl2JTIwaWQlM0QlMjJiYm94LXJvb3QlMjIlM0UlM0MlMkZkaXYlM0UlMEElM0NzY3JpcHQlMjB0eXBlJTNEJTIydGV4dCUyRmphdmFzY3JpcHQlMjIlM0UlMEElMjAlMjAlMjAlMjAlMjAlMjAlMjB3aW5kb3cuYmJveEluaXQlMjAlM0QlMjBmdW5jdGlvbiUyMCUyOCUyOSUyMCU3QiUwQSUyMCUyMCUyMCUyMCUyMCUyMCUyMCUyMCUyMCUyMCUyMGJib3guc2hvd0Zvcm0lMjglMjdhYTk0M2I5NS03OGVmLTRiYjctYjJiZi00NWVhMjJkMmY0NjUlMjclMjklM0IlMEElMjAlMjAlMjAlMjAlMjAlMjAlMjAlN0QlM0IlMEElMjAlMjAlMjAlMjAlMjAlMjAlMjAlMjhmdW5jdGlvbiUyMCUyOCUyOSUyMCU3QiUwQSUyMCUyMCUyMCUyMCUyMCUyMCUyMCUyMCUyMCUyMCUyMHZhciUyMGUlMjAlM0QlMjBkb2N1bWVudC5jcmVhdGVFbGVtZW50JTI4JTI3c2NyaXB0JTI3JTI5JTNCJTIwZS5hc3luYyUyMCUzRCUyMHRydWUlM0IlMEElMjAlMjAlMjAlMjAlMjAlMjAlMjAlMjAlMjAlMjAlMjBlLnNyYyUyMCUzRCUyMCUyN2h0dHBzJTNBJTJGJTJGYmJveC5ibGFja2JhdWRob3N0aW5nLmNvbSUyRndlYmZvcm1zJTJGYmJveC1taW4uanMlMjclM0IlMEElMjAlMjAlMjAlMjAlMjAlMjAlMjAlMjAlMjAlMjAlMjBkb2N1bWVudC5nZXRFbGVtZW50c0J5VGFnTmFtZSUyOCUyN2hlYWQlMjclMjklNUIwJTVELmFwcGVuZENoaWxkJTI4ZSUyOSUzQiUwQSUyMCUyMCUyMCUyMCUyMCUyMCUyMCU3RCUyMCUyOCUyOSUyOSUzQiUwQSUzQyUyRnNjcmlwdCUzRSUwQSUzQ3NjcmlwdCUzRXZhciUyMFNtYXJ0RE9OT1JDT1ZFUk9MWFNldHRpbmdzJTIwJTNEJTIwJTdCJTIycHJvZHVjdCUyMiUzQSUyMlNtYXJ0RE9OT1JDT1ZFUk9MWCUyMiUyQyUyMnByb21wdCUyMiUzQSUyMkplJTIwc291aGFpdGUlMjBjb3V2cmlyJTIwbGVzJTIwZnJhaXMlMjBkZSUyMHRyYW5zYWN0aW9uJTIwcG91ciUyMGwlMjdvcmdhbmlzbWUlMjBkZSUyMGJpZW5mYWlzYW5jZSUyMCUyOGF1Z21lbnRlciUyMG1vbiUyMGRvbiUyMHBvdXIlMjB5JTIwcGFydmVuaXIlMjklMjIlMkMlMjJzdW1tYXJ5JTIyJTNBJTIyWW91JTIwd2lsbCUyMHBheSUyMCU1QmFtb3VudCU1RCUyMHdoaWNoJTIwaW5jbHVkZXMlMjB0aGUlMjB0cmFuc2FjdGlvbiUyMGZlZXMlMjBvZiUyMCU1QmZlZSU1RCUyMiUyQyUyMmhpZGVPdGhlciUyMiUzQWZhbHNlJTJDJTIyZmxhdEZlZU1vZGUlMjIlM0F0cnVlJTJDJTIydmFyaWFibGUlMjIlM0EzJTJDJTIyZml4ZWQlMjIlM0EwJTJDJTIyY2xpZW50JTIyJTNBJTIyYXBvcGVzY3UlNDB5c2IuY2ElMjIlN0QlM0MlMkZzY3JpcHQlM0UlM0MlMjEtLSUyMCUyMCUyOGMlMjklMjAyMDIwJTIwVGhlJTIwU21hcnRUSElORyUyMExpbWl0ZWQlMjBGaWxlJTIwc21hcnRkb25vcmNvdmVyb2x4LWRpc3BsYXklMjBwcm92aWRlZCUyMHVuZGVyJTIwbGljZW5zZSUyMHRvJTIwYXBvcGVzY3UlNDB5c2IuY2ElMjBMYXN0JTIwdXBkYXRlZCUyMDEwJTJGMDclMkYyMDIwJTIwMDMlM0EyOCUzQTQ0JTIwcG0lMjAtLSUzRSUyMCUzQ3NjcmlwdCUyMHNyYyUzRCUyMmh0dHBzJTNBJTJGJTJGd3d3LnNtYXJ0dGhpbmcyLmNvbSUyRmRvd25sb2FkJTJGZmlsZS5waHAlM0Zqc2Zvcm1hdCUzRDElMjZvbHglM0QxJTI2ZiUzRC1qcy5odG1sJTI2YyUzRGFwb3Blc2N1JTQweXNiLmNhJTI2ayUzRERPTjIwMDE1OCUyMiUzRSUzQyUyRnNjcmlwdCUzRQ==[\/vc_raw_html][\/vc_column][\/vc_row]\n<\/div>","protected":false},"excerpt":{"rendered":"<p>[vc_row fullwidth=\u00a0\u00bbtrue\u00a0\u00bb][vc_column][\/vc_column][\/vc_row][vc_row fullwidth=\u00a0\u00bbtrue\u00a0\u00bb fullwidth_content=\u00a0\u00bbfalse\u00a0\u00bb css=\u00a0\u00bb.vc_custom_1537888749555{border-bottom-width: 1px !important;padding-top: 50px !important;}\u00a0\u00bb][vc_column css=\u00a0\u00bb.vc_custom_1671812448567{padding-top: 0px !important;padding-bottom: 0px !important;}\u00a0\u00bb][vc_column_text margin_bottom=\u00a0\u00bb20&Prime; css=\u00a0\u00bb.vc_custom_1671812396369{margin-bottom: 20px !important;}\u00a0\u00bb] En faisant un don au BSJ, vous offrez de l&rsquo;aide et de l&rsquo;espoir \u00e0 certains des jeunes les plus vuln\u00e9rables d&rsquo;Ottawa. Votre don fait une r\u00e9elle diff\u00e9rence dans la vie des jeunes, aujourd&rsquo;hui et demain. \u00c0 noter [&hellip;]<\/p>\n","protected":false},"author":1,"featured_media":0,"parent":0,"menu_order":122,"comment_status":"closed","ping_status":"closed","template":"","meta":{"rs_blank_template":"","rs_page_bg_color":"#ffffff","slide_template_v7":"","footnotes":""},"class_list":["post-2670","page","type-page","status-publish","hentry"],"yoast_head":"<!-- This site is optimized with the Yoast SEO plugin v27.4 - https:\/\/yoast.com\/product\/yoast-seo-wordpress\/ -->\n<title>Faites un don - Youth Services Jeunesse<\/title>\n<meta name=\"robots\" content=\"index, follow, max-snippet:-1, max-image-preview:large, max-video-preview:-1\" \/>\n<link rel=\"canonical\" href=\"https:\/\/www.ysb.ca\/fr\/faites-un-don\/\" \/>\n<meta property=\"og:locale\" content=\"fr_FR\" \/>\n<meta property=\"og:type\" content=\"article\" \/>\n<meta property=\"og:title\" content=\"Faites un don - Youth Services Jeunesse\" \/>\n<meta property=\"og:description\" content=\"[vc_row fullwidth=\u00a0\u00bbtrue\u00a0\u00bb][vc_column][\/vc_column][\/vc_row][vc_row fullwidth=\u00a0\u00bbtrue\u00a0\u00bb fullwidth_content=\u00a0\u00bbfalse\u00a0\u00bb css=\u00a0\u00bb.vc_custom_1537888749555{border-bottom-width: 1px !important;padding-top: 50px !important;}\u00a0\u00bb][vc_column css=\u00a0\u00bb.vc_custom_1671812448567{padding-top: 0px !important;padding-bottom: 0px !important;}\u00a0\u00bb][vc_column_text margin_bottom=\u00a0\u00bb20&Prime; css=\u00a0\u00bb.vc_custom_1671812396369{margin-bottom: 20px !important;}\u00a0\u00bb] En faisant un don au BSJ, vous offrez de l&rsquo;aide et de l&rsquo;espoir \u00e0 certains des jeunes les plus vuln\u00e9rables d&rsquo;Ottawa. Votre don fait une r\u00e9elle diff\u00e9rence dans la vie des jeunes, aujourd&rsquo;hui et demain. \u00c0 noter [&hellip;]\" \/>\n<meta property=\"og:url\" content=\"https:\/\/www.ysb.ca\/fr\/faites-un-don\/\" \/>\n<meta property=\"og:site_name\" content=\"Youth Services Jeunesse\" \/>\n<meta property=\"article:modified_time\" content=\"2022-12-23T16:21:11+00:00\" \/>\n<meta name=\"twitter:card\" content=\"summary_large_image\" \/>\n<meta name=\"twitter:label1\" content=\"Dur\u00e9e de lecture estim\u00e9e\" \/>\n\t<meta name=\"twitter:data1\" content=\"1 minute\" \/>\n<script type=\"application\/ld+json\" class=\"yoast-schema-graph\">{\"@context\":\"https:\\\/\\\/schema.org\",\"@graph\":[{\"@type\":\"WebPage\",\"@id\":\"https:\\\/\\\/www.ysb.ca\\\/fr\\\/faites-un-don\\\/\",\"url\":\"https:\\\/\\\/www.ysb.ca\\\/fr\\\/faites-un-don\\\/\",\"name\":\"Faites un don - Youth Services Jeunesse\",\"isPartOf\":{\"@id\":\"https:\\\/\\\/www.ysb.ca\\\/fr\\\/#website\"},\"datePublished\":\"2018-04-20T18:00:34+00:00\",\"dateModified\":\"2022-12-23T16:21:11+00:00\",\"breadcrumb\":{\"@id\":\"https:\\\/\\\/www.ysb.ca\\\/fr\\\/faites-un-don\\\/#breadcrumb\"},\"inLanguage\":\"fr-FR\",\"potentialAction\":[{\"@type\":\"ReadAction\",\"target\":[\"https:\\\/\\\/www.ysb.ca\\\/fr\\\/faites-un-don\\\/\"]}]},{\"@type\":\"BreadcrumbList\",\"@id\":\"https:\\\/\\\/www.ysb.ca\\\/fr\\\/faites-un-don\\\/#breadcrumb\",\"itemListElement\":[{\"@type\":\"ListItem\",\"position\":1,\"name\":\"Home\",\"item\":\"https:\\\/\\\/www.ysb.ca\\\/fr\\\/\"},{\"@type\":\"ListItem\",\"position\":2,\"name\":\"Faites un don\"}]},{\"@type\":\"WebSite\",\"@id\":\"https:\\\/\\\/www.ysb.ca\\\/fr\\\/#website\",\"url\":\"https:\\\/\\\/www.ysb.ca\\\/fr\\\/\",\"name\":\"Youth Services Jeunesse\",\"description\":\"Ottawa Youth Services Jeunesse\",\"publisher\":{\"@id\":\"https:\\\/\\\/www.ysb.ca\\\/fr\\\/#organization\"},\"potentialAction\":[{\"@type\":\"SearchAction\",\"target\":{\"@type\":\"EntryPoint\",\"urlTemplate\":\"https:\\\/\\\/www.ysb.ca\\\/fr\\\/?s={search_term_string}\"},\"query-input\":{\"@type\":\"PropertyValueSpecification\",\"valueRequired\":true,\"valueName\":\"search_term_string\"}}],\"inLanguage\":\"fr-FR\"},{\"@type\":\"Organization\",\"@id\":\"https:\\\/\\\/www.ysb.ca\\\/fr\\\/#organization\",\"name\":\"Youth Services Jeunesse\",\"url\":\"https:\\\/\\\/www.ysb.ca\\\/fr\\\/\",\"logo\":{\"@type\":\"ImageObject\",\"inLanguage\":\"fr-FR\",\"@id\":\"https:\\\/\\\/www.ysb.ca\\\/fr\\\/#\\\/schema\\\/logo\\\/image\\\/\",\"url\":\"https:\\\/\\\/www.ysb.ca\\\/wp-content\\\/uploads\\\/2020\\\/09\\\/ysb-logo.png\",\"contentUrl\":\"https:\\\/\\\/www.ysb.ca\\\/wp-content\\\/uploads\\\/2020\\\/09\\\/ysb-logo.png\",\"width\":238,\"height\":94,\"caption\":\"Youth Services Jeunesse\"},\"image\":{\"@id\":\"https:\\\/\\\/www.ysb.ca\\\/fr\\\/#\\\/schema\\\/logo\\\/image\\\/\"},\"sameAs\":[\"https:\\\/\\\/www.instagram.com\\\/ysb.bsj\\\/\",\"https:\\\/\\\/www.youtube.com\\\/user\\\/YSBOttawa\"]}]}<\/script>\n<!-- \/ Yoast SEO plugin. -->","yoast_head_json":{"title":"Faites un don - Youth Services Jeunesse","robots":{"index":"index","follow":"follow","max-snippet":"max-snippet:-1","max-image-preview":"max-image-preview:large","max-video-preview":"max-video-preview:-1"},"canonical":"https:\/\/www.ysb.ca\/fr\/faites-un-don\/","og_locale":"fr_FR","og_type":"article","og_title":"Faites un don - Youth Services Jeunesse","og_description":"[vc_row fullwidth=\u00a0\u00bbtrue\u00a0\u00bb][vc_column][\/vc_column][\/vc_row][vc_row fullwidth=\u00a0\u00bbtrue\u00a0\u00bb fullwidth_content=\u00a0\u00bbfalse\u00a0\u00bb css=\u00a0\u00bb.vc_custom_1537888749555{border-bottom-width: 1px !important;padding-top: 50px !important;}\u00a0\u00bb][vc_column css=\u00a0\u00bb.vc_custom_1671812448567{padding-top: 0px !important;padding-bottom: 0px !important;}\u00a0\u00bb][vc_column_text margin_bottom=\u00a0\u00bb20&Prime; css=\u00a0\u00bb.vc_custom_1671812396369{margin-bottom: 20px !important;}\u00a0\u00bb] En faisant un don au BSJ, vous offrez de l&rsquo;aide et de l&rsquo;espoir \u00e0 certains des jeunes les plus vuln\u00e9rables d&rsquo;Ottawa. Votre don fait une r\u00e9elle diff\u00e9rence dans la vie des jeunes, aujourd&rsquo;hui et demain. \u00c0 noter [&hellip;]","og_url":"https:\/\/www.ysb.ca\/fr\/faites-un-don\/","og_site_name":"Youth Services Jeunesse","article_modified_time":"2022-12-23T16:21:11+00:00","twitter_card":"summary_large_image","twitter_misc":{"Dur\u00e9e de lecture estim\u00e9e":"1 minute"},"schema":{"@context":"https:\/\/schema.org","@graph":[{"@type":"WebPage","@id":"https:\/\/www.ysb.ca\/fr\/faites-un-don\/","url":"https:\/\/www.ysb.ca\/fr\/faites-un-don\/","name":"Faites un don - Youth Services Jeunesse","isPartOf":{"@id":"https:\/\/www.ysb.ca\/fr\/#website"},"datePublished":"2018-04-20T18:00:34+00:00","dateModified":"2022-12-23T16:21:11+00:00","breadcrumb":{"@id":"https:\/\/www.ysb.ca\/fr\/faites-un-don\/#breadcrumb"},"inLanguage":"fr-FR","potentialAction":[{"@type":"ReadAction","target":["https:\/\/www.ysb.ca\/fr\/faites-un-don\/"]}]},{"@type":"BreadcrumbList","@id":"https:\/\/www.ysb.ca\/fr\/faites-un-don\/#breadcrumb","itemListElement":[{"@type":"ListItem","position":1,"name":"Home","item":"https:\/\/www.ysb.ca\/fr\/"},{"@type":"ListItem","position":2,"name":"Faites un don"}]},{"@type":"WebSite","@id":"https:\/\/www.ysb.ca\/fr\/#website","url":"https:\/\/www.ysb.ca\/fr\/","name":"Youth Services Jeunesse","description":"Ottawa Youth Services Jeunesse","publisher":{"@id":"https:\/\/www.ysb.ca\/fr\/#organization"},"potentialAction":[{"@type":"SearchAction","target":{"@type":"EntryPoint","urlTemplate":"https:\/\/www.ysb.ca\/fr\/?s={search_term_string}"},"query-input":{"@type":"PropertyValueSpecification","valueRequired":true,"valueName":"search_term_string"}}],"inLanguage":"fr-FR"},{"@type":"Organization","@id":"https:\/\/www.ysb.ca\/fr\/#organization","name":"Youth Services Jeunesse","url":"https:\/\/www.ysb.ca\/fr\/","logo":{"@type":"ImageObject","inLanguage":"fr-FR","@id":"https:\/\/www.ysb.ca\/fr\/#\/schema\/logo\/image\/","url":"https:\/\/www.ysb.ca\/wp-content\/uploads\/2020\/09\/ysb-logo.png","contentUrl":"https:\/\/www.ysb.ca\/wp-content\/uploads\/2020\/09\/ysb-logo.png","width":238,"height":94,"caption":"Youth Services Jeunesse"},"image":{"@id":"https:\/\/www.ysb.ca\/fr\/#\/schema\/logo\/image\/"},"sameAs":["https:\/\/www.instagram.com\/ysb.bsj\/","https:\/\/www.youtube.com\/user\/YSBOttawa"]}]}},"_links":{"self":[{"href":"https:\/\/www.ysb.ca\/fr\/wp-json\/wp\/v2\/pages\/2670","targetHints":{"allow":["GET"]}}],"collection":[{"href":"https:\/\/www.ysb.ca\/fr\/wp-json\/wp\/v2\/pages"}],"about":[{"href":"https:\/\/www.ysb.ca\/fr\/wp-json\/wp\/v2\/types\/page"}],"author":[{"embeddable":true,"href":"https:\/\/www.ysb.ca\/fr\/wp-json\/wp\/v2\/users\/1"}],"replies":[{"embeddable":true,"href":"https:\/\/www.ysb.ca\/fr\/wp-json\/wp\/v2\/comments?post=2670"}],"version-history":[{"count":5,"href":"https:\/\/www.ysb.ca\/fr\/wp-json\/wp\/v2\/pages\/2670\/revisions"}],"predecessor-version":[{"id":8898,"href":"https:\/\/www.ysb.ca\/fr\/wp-json\/wp\/v2\/pages\/2670\/revisions\/8898"}],"wp:attachment":[{"href":"https:\/\/www.ysb.ca\/fr\/wp-json\/wp\/v2\/media?parent=2670"}],"curies":[{"name":"wp","href":"https:\/\/api.w.org\/{rel}","templated":true}]}}