
{"id":1760,"date":"2017-07-10T13:46:39","date_gmt":"2017-07-10T17:46:39","guid":{"rendered":"http:\/\/www.ysb.ca\/for-youth\/youth-services\/youth-justice\/"},"modified":"2018-08-09T16:13:05","modified_gmt":"2018-08-09T20:13:05","slug":"justice","status":"publish","type":"page","link":"https:\/\/www.ysb.ca\/fr\/pour-les-jeunes\/services\/justice\/","title":{"rendered":"Services de la justice"},"content":{"rendered":"<div class=\"wpb-content-wrapper\">[vc_row fullwidth=\u00a0\u00bbtrue\u00a0\u00bb][vc_column]\n        <div class=\"ysb-banner-wrapper\" style=\"background-image: url(https:\/\/www.ysb.ca\/wp-content\/uploads\/2018\/08\/justice.jpg);\">\n         \n            <div class=\"ysb-title-wrapper mk-animate-element bottom-to-top mk-in-viewport\" style=\"background-image: url();\">\n\t\t\t\t<h1 class=\"ysb-banner-title\">J'ai eu des d\u00e9m\u00eal\u00e9s avec la justice<\/h1>\n\t\t\t\t\n\t\t\t<\/div>\n         \n        <\/div>[\/vc_column][\/vc_row][vc_row css=\u00a0\u00bb.vc_custom_1507314441275{padding-top: 80px !important;}\u00a0\u00bb][vc_column][vc_column_text css=\u00a0\u00bb.vc_custom_1516898045273{margin-bottom: 0px !important;}\u00a0\u00bb]Les programmes de <a href=\"\/fr\/pour-les-jeunes\/services\/justice\/\">justice pour les jeunes<\/a> du BSJ travaillent tous dans le but d\u2019aider les jeunes qui ont des d\u00e9m\u00eal\u00e9s avec la justice \u00e0 faire une transition positive vers un retour dans la communaut\u00e9. Nous offrons les r\u00e9sidences, l\u2019\u00e9ducation, la formation, le counseling et les services de soutien n\u00e9cessaires pour aider les jeunes \u00e0 accepter la responsabilit\u00e9 pour leurs actions du pass\u00e9, et \u00e0 faire des plans pour l\u2019avenir.<\/p>\n<p>En plus d\u2019un <a href=\"\/fr\/services\/justice\/troubles-sante-mentale\/\">travailleur d\u2019approche judiciaire pour les jeunes ayant un trouble de sant\u00e9 mentale<\/a> et d\u2019un <a href=\"\/fr\/services\/justice\/gestion-de-colere\/\">Programme individuel des gestion de la col\u00e8re<\/a>, le BSJ offre une gamme de <a href=\"\/fr\/services\/sante-mentale\/\">Services de sant\u00e9 mentale<\/a> qui peuvent aider les jeunes qui ont des d\u00e9m\u00eal\u00e9s avec la justice \u00e0 faire des changements positifs.<\/p>\n<p>Les jeunes qui quittent le syst\u00e8me de justice pour les jeunes entrent parfois dans le programme d\u2019abri du BSJ. Le programme de <a href=\"\/fr\/services\/services-communautaires-logement\/logement-tutelle\/\">Logement et de tutelle<\/a> peut vous aider \u00e0 trouver et \u00e0 garder un logement s\u00e9curitaire et convenable, qu\u2019il s\u2019agisse de l\u2019acc\u00e8s imm\u00e9diat \u00e0 un abri d\u2019urgence ou \u00e0 des solutions plus \u00e0 long terme.<\/p>\n<p><strong>T\u00e9l\u00e9phone :<\/strong> 613 241-7913, poste 331[\/vc_column_text][\/vc_column][\/vc_row][vc_row][vc_column][mk_padding_divider][\/vc_column][\/vc_row]\n<\/div>","protected":false},"excerpt":{"rendered":"<p>[vc_row fullwidth=\u00a0\u00bbtrue\u00a0\u00bb][vc_column][\/vc_column][\/vc_row][vc_row css=\u00a0\u00bb.vc_custom_1507314441275{padding-top: 80px !important;}\u00a0\u00bb][vc_column][vc_column_text css=\u00a0\u00bb.vc_custom_1516898045273{margin-bottom: 0px !important;}\u00a0\u00bb]Les programmes de justice pour les jeunes du BSJ travaillent tous dans le but d\u2019aider les jeunes qui ont des d\u00e9m\u00eal\u00e9s avec la justice \u00e0 faire une transition positive vers un retour dans la communaut\u00e9. Nous offrons les r\u00e9sidences, l\u2019\u00e9ducation, la formation, le counseling et les services de [&hellip;]<\/p>\n","protected":false},"author":1,"featured_media":0,"parent":1741,"menu_order":273,"comment_status":"closed","ping_status":"closed","template":"","meta":{"rs_blank_template":"","rs_page_bg_color":"","slide_template_v7":"","footnotes":""},"class_list":["post-1760","page","type-page","status-publish","hentry"],"yoast_head":"<!-- This site is optimized with the Yoast SEO plugin v27.3 - https:\/\/yoast.com\/product\/yoast-seo-wordpress\/ -->\n<title>Services de la justice - Youth Services Jeunesse<\/title>\n<meta name=\"robots\" content=\"index, follow, max-snippet:-1, max-image-preview:large, max-video-preview:-1\" \/>\n<link rel=\"canonical\" href=\"https:\/\/www.ysb.ca\/fr\/pour-les-jeunes\/services\/justice\/\" \/>\n<meta property=\"og:locale\" content=\"fr_FR\" \/>\n<meta property=\"og:type\" content=\"article\" \/>\n<meta property=\"og:title\" content=\"Services de la justice - Youth Services Jeunesse\" \/>\n<meta property=\"og:description\" content=\"[vc_row fullwidth=\u00a0\u00bbtrue\u00a0\u00bb][vc_column][\/vc_column][\/vc_row][vc_row css=\u00a0\u00bb.vc_custom_1507314441275{padding-top: 80px !important;}\u00a0\u00bb][vc_column][vc_column_text css=\u00a0\u00bb.vc_custom_1516898045273{margin-bottom: 0px !important;}\u00a0\u00bb]Les programmes de justice pour les jeunes du BSJ travaillent tous dans le but d\u2019aider les jeunes qui ont des d\u00e9m\u00eal\u00e9s avec la justice \u00e0 faire une transition positive vers un retour dans la communaut\u00e9. Nous offrons les r\u00e9sidences, l\u2019\u00e9ducation, la formation, le counseling et les services de [&hellip;]\" \/>\n<meta property=\"og:url\" content=\"https:\/\/www.ysb.ca\/fr\/pour-les-jeunes\/services\/justice\/\" \/>\n<meta property=\"og:site_name\" content=\"Youth Services Jeunesse\" \/>\n<meta property=\"article:modified_time\" content=\"2018-08-09T20:13:05+00:00\" \/>\n<meta name=\"twitter:card\" content=\"summary_large_image\" \/>\n<meta name=\"twitter:label1\" content=\"Dur\u00e9e de lecture estim\u00e9e\" \/>\n\t<meta name=\"twitter:data1\" content=\"1 minute\" \/>\n<script type=\"application\/ld+json\" class=\"yoast-schema-graph\">{\"@context\":\"https:\\\/\\\/schema.org\",\"@graph\":[{\"@type\":\"WebPage\",\"@id\":\"https:\\\/\\\/www.ysb.ca\\\/fr\\\/pour-les-jeunes\\\/services\\\/justice\\\/\",\"url\":\"https:\\\/\\\/www.ysb.ca\\\/fr\\\/pour-les-jeunes\\\/services\\\/justice\\\/\",\"name\":\"Services de la justice - Youth Services Jeunesse\",\"isPartOf\":{\"@id\":\"https:\\\/\\\/www.ysb.ca\\\/fr\\\/#website\"},\"datePublished\":\"2017-07-10T17:46:39+00:00\",\"dateModified\":\"2018-08-09T20:13:05+00:00\",\"breadcrumb\":{\"@id\":\"https:\\\/\\\/www.ysb.ca\\\/fr\\\/pour-les-jeunes\\\/services\\\/justice\\\/#breadcrumb\"},\"inLanguage\":\"fr-FR\",\"potentialAction\":[{\"@type\":\"ReadAction\",\"target\":[\"https:\\\/\\\/www.ysb.ca\\\/fr\\\/pour-les-jeunes\\\/services\\\/justice\\\/\"]}]},{\"@type\":\"BreadcrumbList\",\"@id\":\"https:\\\/\\\/www.ysb.ca\\\/fr\\\/pour-les-jeunes\\\/services\\\/justice\\\/#breadcrumb\",\"itemListElement\":[{\"@type\":\"ListItem\",\"position\":1,\"name\":\"Home\",\"item\":\"https:\\\/\\\/www.ysb.ca\\\/fr\\\/\"},{\"@type\":\"ListItem\",\"position\":2,\"name\":\"Pour les jeunes\",\"item\":\"https:\\\/\\\/www.ysb.ca\\\/fr\\\/pour-les-jeunes\\\/\"},{\"@type\":\"ListItem\",\"position\":3,\"name\":\"Services pour les jeunes\",\"item\":\"https:\\\/\\\/www.ysb.ca\\\/fr\\\/pour-les-jeunes\\\/services\\\/\"},{\"@type\":\"ListItem\",\"position\":4,\"name\":\"Services de la justice\"}]},{\"@type\":\"WebSite\",\"@id\":\"https:\\\/\\\/www.ysb.ca\\\/fr\\\/#website\",\"url\":\"https:\\\/\\\/www.ysb.ca\\\/fr\\\/\",\"name\":\"Youth Services Jeunesse\",\"description\":\"Ottawa Youth Services Jeunesse\",\"publisher\":{\"@id\":\"https:\\\/\\\/www.ysb.ca\\\/fr\\\/#organization\"},\"potentialAction\":[{\"@type\":\"SearchAction\",\"target\":{\"@type\":\"EntryPoint\",\"urlTemplate\":\"https:\\\/\\\/www.ysb.ca\\\/fr\\\/?s={search_term_string}\"},\"query-input\":{\"@type\":\"PropertyValueSpecification\",\"valueRequired\":true,\"valueName\":\"search_term_string\"}}],\"inLanguage\":\"fr-FR\"},{\"@type\":\"Organization\",\"@id\":\"https:\\\/\\\/www.ysb.ca\\\/fr\\\/#organization\",\"name\":\"Youth Services Jeunesse\",\"url\":\"https:\\\/\\\/www.ysb.ca\\\/fr\\\/\",\"logo\":{\"@type\":\"ImageObject\",\"inLanguage\":\"fr-FR\",\"@id\":\"https:\\\/\\\/www.ysb.ca\\\/fr\\\/#\\\/schema\\\/logo\\\/image\\\/\",\"url\":\"https:\\\/\\\/www.ysb.ca\\\/wp-content\\\/uploads\\\/2020\\\/09\\\/ysb-logo.png\",\"contentUrl\":\"https:\\\/\\\/www.ysb.ca\\\/wp-content\\\/uploads\\\/2020\\\/09\\\/ysb-logo.png\",\"width\":238,\"height\":94,\"caption\":\"Youth Services Jeunesse\"},\"image\":{\"@id\":\"https:\\\/\\\/www.ysb.ca\\\/fr\\\/#\\\/schema\\\/logo\\\/image\\\/\"},\"sameAs\":[\"https:\\\/\\\/www.instagram.com\\\/ysb.bsj\\\/\",\"https:\\\/\\\/www.youtube.com\\\/user\\\/YSBOttawa\"]}]}<\/script>\n<!-- \/ Yoast SEO plugin. -->","yoast_head_json":{"title":"Services de la justice - Youth Services Jeunesse","robots":{"index":"index","follow":"follow","max-snippet":"max-snippet:-1","max-image-preview":"max-image-preview:large","max-video-preview":"max-video-preview:-1"},"canonical":"https:\/\/www.ysb.ca\/fr\/pour-les-jeunes\/services\/justice\/","og_locale":"fr_FR","og_type":"article","og_title":"Services de la justice - Youth Services Jeunesse","og_description":"[vc_row fullwidth=\u00a0\u00bbtrue\u00a0\u00bb][vc_column][\/vc_column][\/vc_row][vc_row css=\u00a0\u00bb.vc_custom_1507314441275{padding-top: 80px !important;}\u00a0\u00bb][vc_column][vc_column_text css=\u00a0\u00bb.vc_custom_1516898045273{margin-bottom: 0px !important;}\u00a0\u00bb]Les programmes de justice pour les jeunes du BSJ travaillent tous dans le but d\u2019aider les jeunes qui ont des d\u00e9m\u00eal\u00e9s avec la justice \u00e0 faire une transition positive vers un retour dans la communaut\u00e9. Nous offrons les r\u00e9sidences, l\u2019\u00e9ducation, la formation, le counseling et les services de [&hellip;]","og_url":"https:\/\/www.ysb.ca\/fr\/pour-les-jeunes\/services\/justice\/","og_site_name":"Youth Services Jeunesse","article_modified_time":"2018-08-09T20:13:05+00:00","twitter_card":"summary_large_image","twitter_misc":{"Dur\u00e9e de lecture estim\u00e9e":"1 minute"},"schema":{"@context":"https:\/\/schema.org","@graph":[{"@type":"WebPage","@id":"https:\/\/www.ysb.ca\/fr\/pour-les-jeunes\/services\/justice\/","url":"https:\/\/www.ysb.ca\/fr\/pour-les-jeunes\/services\/justice\/","name":"Services de la justice - Youth Services Jeunesse","isPartOf":{"@id":"https:\/\/www.ysb.ca\/fr\/#website"},"datePublished":"2017-07-10T17:46:39+00:00","dateModified":"2018-08-09T20:13:05+00:00","breadcrumb":{"@id":"https:\/\/www.ysb.ca\/fr\/pour-les-jeunes\/services\/justice\/#breadcrumb"},"inLanguage":"fr-FR","potentialAction":[{"@type":"ReadAction","target":["https:\/\/www.ysb.ca\/fr\/pour-les-jeunes\/services\/justice\/"]}]},{"@type":"BreadcrumbList","@id":"https:\/\/www.ysb.ca\/fr\/pour-les-jeunes\/services\/justice\/#breadcrumb","itemListElement":[{"@type":"ListItem","position":1,"name":"Home","item":"https:\/\/www.ysb.ca\/fr\/"},{"@type":"ListItem","position":2,"name":"Pour les jeunes","item":"https:\/\/www.ysb.ca\/fr\/pour-les-jeunes\/"},{"@type":"ListItem","position":3,"name":"Services pour les jeunes","item":"https:\/\/www.ysb.ca\/fr\/pour-les-jeunes\/services\/"},{"@type":"ListItem","position":4,"name":"Services de la justice"}]},{"@type":"WebSite","@id":"https:\/\/www.ysb.ca\/fr\/#website","url":"https:\/\/www.ysb.ca\/fr\/","name":"Youth Services Jeunesse","description":"Ottawa Youth Services Jeunesse","publisher":{"@id":"https:\/\/www.ysb.ca\/fr\/#organization"},"potentialAction":[{"@type":"SearchAction","target":{"@type":"EntryPoint","urlTemplate":"https:\/\/www.ysb.ca\/fr\/?s={search_term_string}"},"query-input":{"@type":"PropertyValueSpecification","valueRequired":true,"valueName":"search_term_string"}}],"inLanguage":"fr-FR"},{"@type":"Organization","@id":"https:\/\/www.ysb.ca\/fr\/#organization","name":"Youth Services Jeunesse","url":"https:\/\/www.ysb.ca\/fr\/","logo":{"@type":"ImageObject","inLanguage":"fr-FR","@id":"https:\/\/www.ysb.ca\/fr\/#\/schema\/logo\/image\/","url":"https:\/\/www.ysb.ca\/wp-content\/uploads\/2020\/09\/ysb-logo.png","contentUrl":"https:\/\/www.ysb.ca\/wp-content\/uploads\/2020\/09\/ysb-logo.png","width":238,"height":94,"caption":"Youth Services Jeunesse"},"image":{"@id":"https:\/\/www.ysb.ca\/fr\/#\/schema\/logo\/image\/"},"sameAs":["https:\/\/www.instagram.com\/ysb.bsj\/","https:\/\/www.youtube.com\/user\/YSBOttawa"]}]}},"_links":{"self":[{"href":"https:\/\/www.ysb.ca\/fr\/wp-json\/wp\/v2\/pages\/1760","targetHints":{"allow":["GET"]}}],"collection":[{"href":"https:\/\/www.ysb.ca\/fr\/wp-json\/wp\/v2\/pages"}],"about":[{"href":"https:\/\/www.ysb.ca\/fr\/wp-json\/wp\/v2\/types\/page"}],"author":[{"embeddable":true,"href":"https:\/\/www.ysb.ca\/fr\/wp-json\/wp\/v2\/users\/1"}],"replies":[{"embeddable":true,"href":"https:\/\/www.ysb.ca\/fr\/wp-json\/wp\/v2\/comments?post=1760"}],"version-history":[{"count":5,"href":"https:\/\/www.ysb.ca\/fr\/wp-json\/wp\/v2\/pages\/1760\/revisions"}],"predecessor-version":[{"id":2895,"href":"https:\/\/www.ysb.ca\/fr\/wp-json\/wp\/v2\/pages\/1760\/revisions\/2895"}],"up":[{"embeddable":true,"href":"https:\/\/www.ysb.ca\/fr\/wp-json\/wp\/v2\/pages\/1741"}],"wp:attachment":[{"href":"https:\/\/www.ysb.ca\/fr\/wp-json\/wp\/v2\/media?parent=1760"}],"curies":[{"name":"wp","href":"https:\/\/api.w.org\/{rel}","templated":true}]}}