
{"id":1757,"date":"2017-07-10T13:48:29","date_gmt":"2017-07-10T17:48:29","guid":{"rendered":"http:\/\/www.ysb.ca\/services\/community-and-housing-services\/housing-and-shelter\/young-mens-shelters\/"},"modified":"2025-07-14T15:53:53","modified_gmt":"2025-07-14T19:53:53","slug":"abri-jeunes-hommes","status":"publish","type":"page","link":"https:\/\/www.ysb.ca\/fr\/services\/services-communautaires-logement\/logement-service-urgence\/abri-jeunes-hommes\/","title":{"rendered":"Abri pour jeunes hommes"},"content":{"rendered":"<div class=\"wpb-content-wrapper\">[vc_row fullwidth=\u00a0\u00bbtrue\u00a0\u00bb][vc_column]\n        <div class=\"ysb-banner-wrapper\" style=\"background-image: url(https:\/\/www.ysb.ca\/wp-content\/uploads\/2017\/09\/comandhousing.jpg);\">\n         \n            <div class=\"ysb-title-wrapper mk-animate-element bottom-to-top mk-in-viewport\" style=\"background-image: url();\">\n\t\t\t\t<h1 class=\"ysb-banner-title\">Abri pour jeunes hommes<\/h1>\n\t\t\t\t\n\t\t\t<\/div>\n         \n        <\/div>[\/vc_column][\/vc_row][vc_row][vc_column][vc_column_text css=\u00a0\u00bb.vc_custom_1516904231902{margin-bottom: 0px !important;padding-top: 80px !important;}\u00a0\u00bb]Ce programme offre aux jeunes hommes \u00e2g\u00e9s de 12 \u00e0 20 ans l\u2019acc\u00e8s imm\u00e9diat \u00e0 un logement s\u00e9curitaire. Ouvert 365 jours par ann\u00e9e, l\u2019Abri pour jeunes hommes est toujours pr\u00eat \u00e0 accueillir des jeunes qui n\u2019ont pas d\u2019autre issue. Cependant, l\u2019Abri est beaucoup plus qu\u2019un endroit o\u00f9 vivre. On y offre \u00e9galement du soutien jour ou nuit. L\u2019Abri est dot\u00e9 de 30 lits et offre un abri d\u2019urgence et un logement de transition pour une p\u00e9riode pouvant atteindre un an.<\/p>\n<p>Chaque participant discute de sa situation unique avec le personnel \u00e0 l\u2019Abri, qui travaille avec celui-ci dans le but de cerner ses besoins et de le jumeler aux services dont il peut avoir besoin pour atteindre l\u2019autonomie. Les jeunes hommes qui ne jouissent pas d\u2019un soutien familial sont jumel\u00e9s \u00e0 des travailleurs aupr\u00e8s des jeunes qui les aident \u00e0 \u00e9laborer un plan communautaire et \u00e0 acqu\u00e9rir les aptitudes dont ils ont besoin pour vivre de fa\u00e7on autonome.<\/p>\n<p>Bien que la participation \u00e0 des programmes con\u00e7us pour aider les jeunes hommes \u00e0 \u00e9tablir des buts et \u00e0 travailler \u00e0 les atteindre soit encourag\u00e9e, elle n\u2019est pas n\u00e9cessaire. Tous les jeunes ont le choix de simplement subvenir \u00e0 leurs besoins fondamentaux ou de poursuivre des occasions de trouver un logement \u00e0 long terme et d\u2019am\u00e9liorer leur vie.<\/p>\n<p>Les abris aident \u00e9galement les jeunes \u00e0 demeurer en sant\u00e9 au moyen de renseignements sur la sant\u00e9 sexuelle et la toxicomanie, dans un environnement s\u00e9curitaire et qui ne porte pas de jugement.<\/p>\n<p>Le <a href=\"\/fr\/services\/services-communautaires-logement\/logement-service-urgence\/programme-logement-transition-jeunes-hommes\/\">Programme de logement de transition pour jeunes hommes<\/a> est aussi offert pour des s\u00e9jours d\u2019une dur\u00e9e maximale de un an. Ces unit\u00e9s donnent aux jeunes l\u2019occasion de vivre de fa\u00e7on semi-autonome alors qu\u2019ils travaillent \u00e0 atteindre leurs buts.[\/vc_column_text][\/vc_column][\/vc_row][vc_row][vc_column][mk_padding_divider size=\u00a0\u00bb24&Prime;][\/vc_column][\/vc_row][vc_row][vc_column][vc_column_text css=\u00a0\u00bb.vc_custom_1752522823605{margin-bottom: 0px !important;}\u00a0\u00bb]\n<h2>Comment acc\u00e9der au programme<\/h2>\n<p>Les jeunes hommes \u00e0 la recherche d&rsquo;un h\u00e9bergement peuvent contacter directement l&rsquo;abri pour jeunes hommes afin de conna\u00eetre les disponibilit\u00e9s. L&rsquo;abri b\u00e9n\u00e9ficie d&rsquo;un emplacement central.<\/p>\n<p>Pendant les heures d&rsquo;ouverture (lundi au vendredi de 9h \u00e0 17h), veuillez appeler le : 613-807-5387<\/p>\n<p>Pour toute demande d&rsquo;ordre g\u00e9n\u00e9ral ou en dehors des heures d&rsquo;ouverture, veuillez appeler le\u00a0: 613-907-8975[\/vc_column_text][\/vc_column][\/vc_row][vc_row][vc_column][mk_padding_divider size=\u00a0\u00bb24&Prime;][\/vc_column][\/vc_row]\n<\/div>","protected":false},"excerpt":{"rendered":"<p>[vc_row fullwidth=\u00a0\u00bbtrue\u00a0\u00bb][vc_column][\/vc_column][\/vc_row][vc_row][vc_column][vc_column_text css=\u00a0\u00bb.vc_custom_1516904231902{margin-bottom: 0px !important;padding-top: 80px !important;}\u00a0\u00bb]Ce programme offre aux jeunes hommes \u00e2g\u00e9s de 12 \u00e0 20 ans l\u2019acc\u00e8s imm\u00e9diat \u00e0 un logement s\u00e9curitaire. Ouvert 365 jours par ann\u00e9e, l\u2019Abri pour jeunes hommes est toujours pr\u00eat \u00e0 accueillir des jeunes qui n\u2019ont pas d\u2019autre issue. Cependant, l\u2019Abri est beaucoup plus qu\u2019un endroit o\u00f9 vivre. On [&hellip;]<\/p>\n","protected":false},"author":1,"featured_media":0,"parent":1721,"menu_order":268,"comment_status":"closed","ping_status":"closed","template":"","meta":{"rs_blank_template":"","rs_page_bg_color":"","slide_template_v7":"","footnotes":""},"class_list":["post-1757","page","type-page","status-publish","hentry"],"yoast_head":"<!-- This site is optimized with the Yoast SEO plugin v27.5 - https:\/\/yoast.com\/product\/yoast-seo-wordpress\/ -->\n<title>Abri pour jeunes hommes - Youth Services Jeunesse<\/title>\n<meta name=\"robots\" content=\"index, follow, max-snippet:-1, max-image-preview:large, max-video-preview:-1\" \/>\n<link rel=\"canonical\" href=\"https:\/\/www.ysb.ca\/fr\/services\/services-communautaires-logement\/logement-service-urgence\/abri-jeunes-hommes\/\" \/>\n<meta property=\"og:locale\" content=\"fr_FR\" \/>\n<meta property=\"og:type\" content=\"article\" \/>\n<meta property=\"og:title\" content=\"Abri pour jeunes hommes - Youth Services Jeunesse\" \/>\n<meta property=\"og:description\" content=\"[vc_row fullwidth=\u00a0\u00bbtrue\u00a0\u00bb][vc_column][\/vc_column][\/vc_row][vc_row][vc_column][vc_column_text css=\u00a0\u00bb.vc_custom_1516904231902{margin-bottom: 0px !important;padding-top: 80px !important;}\u00a0\u00bb]Ce programme offre aux jeunes hommes \u00e2g\u00e9s de 12 \u00e0 20 ans l\u2019acc\u00e8s imm\u00e9diat \u00e0 un logement s\u00e9curitaire. Ouvert 365 jours par ann\u00e9e, l\u2019Abri pour jeunes hommes est toujours pr\u00eat \u00e0 accueillir des jeunes qui n\u2019ont pas d\u2019autre issue. Cependant, l\u2019Abri est beaucoup plus qu\u2019un endroit o\u00f9 vivre. On [&hellip;]\" \/>\n<meta property=\"og:url\" content=\"https:\/\/www.ysb.ca\/fr\/services\/services-communautaires-logement\/logement-service-urgence\/abri-jeunes-hommes\/\" \/>\n<meta property=\"og:site_name\" content=\"Youth Services Jeunesse\" \/>\n<meta property=\"article:modified_time\" content=\"2025-07-14T19:53:53+00:00\" \/>\n<meta name=\"twitter:card\" content=\"summary_large_image\" \/>\n<meta name=\"twitter:label1\" content=\"Dur\u00e9e de lecture estim\u00e9e\" \/>\n\t<meta name=\"twitter:data1\" content=\"2 minutes\" \/>\n<script type=\"application\/ld+json\" class=\"yoast-schema-graph\">{\"@context\":\"https:\\\/\\\/schema.org\",\"@graph\":[{\"@type\":\"WebPage\",\"@id\":\"https:\\\/\\\/www.ysb.ca\\\/fr\\\/services\\\/services-communautaires-logement\\\/logement-service-urgence\\\/abri-jeunes-hommes\\\/\",\"url\":\"https:\\\/\\\/www.ysb.ca\\\/fr\\\/services\\\/services-communautaires-logement\\\/logement-service-urgence\\\/abri-jeunes-hommes\\\/\",\"name\":\"Abri pour jeunes hommes - Youth Services Jeunesse\",\"isPartOf\":{\"@id\":\"https:\\\/\\\/www.ysb.ca\\\/fr\\\/#website\"},\"datePublished\":\"2017-07-10T17:48:29+00:00\",\"dateModified\":\"2025-07-14T19:53:53+00:00\",\"breadcrumb\":{\"@id\":\"https:\\\/\\\/www.ysb.ca\\\/fr\\\/services\\\/services-communautaires-logement\\\/logement-service-urgence\\\/abri-jeunes-hommes\\\/#breadcrumb\"},\"inLanguage\":\"fr-FR\",\"potentialAction\":[{\"@type\":\"ReadAction\",\"target\":[\"https:\\\/\\\/www.ysb.ca\\\/fr\\\/services\\\/services-communautaires-logement\\\/logement-service-urgence\\\/abri-jeunes-hommes\\\/\"]}]},{\"@type\":\"BreadcrumbList\",\"@id\":\"https:\\\/\\\/www.ysb.ca\\\/fr\\\/services\\\/services-communautaires-logement\\\/logement-service-urgence\\\/abri-jeunes-hommes\\\/#breadcrumb\",\"itemListElement\":[{\"@type\":\"ListItem\",\"position\":1,\"name\":\"Home\",\"item\":\"https:\\\/\\\/www.ysb.ca\\\/fr\\\/\"},{\"@type\":\"ListItem\",\"position\":2,\"name\":\"Services\",\"item\":\"https:\\\/\\\/www.ysb.ca\\\/fr\\\/services\\\/\"},{\"@type\":\"ListItem\",\"position\":3,\"name\":\"Services communautaires et de logement\",\"item\":\"https:\\\/\\\/www.ysb.ca\\\/fr\\\/services\\\/services-communautaires-logement\\\/\"},{\"@type\":\"ListItem\",\"position\":4,\"name\":\"Logement et service d&#8217;urgence\",\"item\":\"https:\\\/\\\/www.ysb.ca\\\/fr\\\/services\\\/services-communautaires-logement\\\/logement-service-urgence\\\/\"},{\"@type\":\"ListItem\",\"position\":5,\"name\":\"Abri pour jeunes hommes\"}]},{\"@type\":\"WebSite\",\"@id\":\"https:\\\/\\\/www.ysb.ca\\\/fr\\\/#website\",\"url\":\"https:\\\/\\\/www.ysb.ca\\\/fr\\\/\",\"name\":\"Youth Services Jeunesse\",\"description\":\"Ottawa Youth Services Jeunesse\",\"publisher\":{\"@id\":\"https:\\\/\\\/www.ysb.ca\\\/fr\\\/#organization\"},\"potentialAction\":[{\"@type\":\"SearchAction\",\"target\":{\"@type\":\"EntryPoint\",\"urlTemplate\":\"https:\\\/\\\/www.ysb.ca\\\/fr\\\/?s={search_term_string}\"},\"query-input\":{\"@type\":\"PropertyValueSpecification\",\"valueRequired\":true,\"valueName\":\"search_term_string\"}}],\"inLanguage\":\"fr-FR\"},{\"@type\":\"Organization\",\"@id\":\"https:\\\/\\\/www.ysb.ca\\\/fr\\\/#organization\",\"name\":\"Youth Services Jeunesse\",\"url\":\"https:\\\/\\\/www.ysb.ca\\\/fr\\\/\",\"logo\":{\"@type\":\"ImageObject\",\"inLanguage\":\"fr-FR\",\"@id\":\"https:\\\/\\\/www.ysb.ca\\\/fr\\\/#\\\/schema\\\/logo\\\/image\\\/\",\"url\":\"https:\\\/\\\/www.ysb.ca\\\/wp-content\\\/uploads\\\/2020\\\/09\\\/ysb-logo.png\",\"contentUrl\":\"https:\\\/\\\/www.ysb.ca\\\/wp-content\\\/uploads\\\/2020\\\/09\\\/ysb-logo.png\",\"width\":238,\"height\":94,\"caption\":\"Youth Services Jeunesse\"},\"image\":{\"@id\":\"https:\\\/\\\/www.ysb.ca\\\/fr\\\/#\\\/schema\\\/logo\\\/image\\\/\"},\"sameAs\":[\"https:\\\/\\\/www.instagram.com\\\/ysb.bsj\\\/\",\"https:\\\/\\\/www.youtube.com\\\/user\\\/YSBOttawa\"]}]}<\/script>\n<!-- \/ Yoast SEO plugin. -->","yoast_head_json":{"title":"Abri pour jeunes hommes - Youth Services Jeunesse","robots":{"index":"index","follow":"follow","max-snippet":"max-snippet:-1","max-image-preview":"max-image-preview:large","max-video-preview":"max-video-preview:-1"},"canonical":"https:\/\/www.ysb.ca\/fr\/services\/services-communautaires-logement\/logement-service-urgence\/abri-jeunes-hommes\/","og_locale":"fr_FR","og_type":"article","og_title":"Abri pour jeunes hommes - Youth Services Jeunesse","og_description":"[vc_row fullwidth=\u00a0\u00bbtrue\u00a0\u00bb][vc_column][\/vc_column][\/vc_row][vc_row][vc_column][vc_column_text css=\u00a0\u00bb.vc_custom_1516904231902{margin-bottom: 0px !important;padding-top: 80px !important;}\u00a0\u00bb]Ce programme offre aux jeunes hommes \u00e2g\u00e9s de 12 \u00e0 20 ans l\u2019acc\u00e8s imm\u00e9diat \u00e0 un logement s\u00e9curitaire. Ouvert 365 jours par ann\u00e9e, l\u2019Abri pour jeunes hommes est toujours pr\u00eat \u00e0 accueillir des jeunes qui n\u2019ont pas d\u2019autre issue. Cependant, l\u2019Abri est beaucoup plus qu\u2019un endroit o\u00f9 vivre. On [&hellip;]","og_url":"https:\/\/www.ysb.ca\/fr\/services\/services-communautaires-logement\/logement-service-urgence\/abri-jeunes-hommes\/","og_site_name":"Youth Services Jeunesse","article_modified_time":"2025-07-14T19:53:53+00:00","twitter_card":"summary_large_image","twitter_misc":{"Dur\u00e9e de lecture estim\u00e9e":"2 minutes"},"schema":{"@context":"https:\/\/schema.org","@graph":[{"@type":"WebPage","@id":"https:\/\/www.ysb.ca\/fr\/services\/services-communautaires-logement\/logement-service-urgence\/abri-jeunes-hommes\/","url":"https:\/\/www.ysb.ca\/fr\/services\/services-communautaires-logement\/logement-service-urgence\/abri-jeunes-hommes\/","name":"Abri pour jeunes hommes - Youth Services Jeunesse","isPartOf":{"@id":"https:\/\/www.ysb.ca\/fr\/#website"},"datePublished":"2017-07-10T17:48:29+00:00","dateModified":"2025-07-14T19:53:53+00:00","breadcrumb":{"@id":"https:\/\/www.ysb.ca\/fr\/services\/services-communautaires-logement\/logement-service-urgence\/abri-jeunes-hommes\/#breadcrumb"},"inLanguage":"fr-FR","potentialAction":[{"@type":"ReadAction","target":["https:\/\/www.ysb.ca\/fr\/services\/services-communautaires-logement\/logement-service-urgence\/abri-jeunes-hommes\/"]}]},{"@type":"BreadcrumbList","@id":"https:\/\/www.ysb.ca\/fr\/services\/services-communautaires-logement\/logement-service-urgence\/abri-jeunes-hommes\/#breadcrumb","itemListElement":[{"@type":"ListItem","position":1,"name":"Home","item":"https:\/\/www.ysb.ca\/fr\/"},{"@type":"ListItem","position":2,"name":"Services","item":"https:\/\/www.ysb.ca\/fr\/services\/"},{"@type":"ListItem","position":3,"name":"Services communautaires et de logement","item":"https:\/\/www.ysb.ca\/fr\/services\/services-communautaires-logement\/"},{"@type":"ListItem","position":4,"name":"Logement et service d&#8217;urgence","item":"https:\/\/www.ysb.ca\/fr\/services\/services-communautaires-logement\/logement-service-urgence\/"},{"@type":"ListItem","position":5,"name":"Abri pour jeunes hommes"}]},{"@type":"WebSite","@id":"https:\/\/www.ysb.ca\/fr\/#website","url":"https:\/\/www.ysb.ca\/fr\/","name":"Youth Services Jeunesse","description":"Ottawa Youth Services Jeunesse","publisher":{"@id":"https:\/\/www.ysb.ca\/fr\/#organization"},"potentialAction":[{"@type":"SearchAction","target":{"@type":"EntryPoint","urlTemplate":"https:\/\/www.ysb.ca\/fr\/?s={search_term_string}"},"query-input":{"@type":"PropertyValueSpecification","valueRequired":true,"valueName":"search_term_string"}}],"inLanguage":"fr-FR"},{"@type":"Organization","@id":"https:\/\/www.ysb.ca\/fr\/#organization","name":"Youth Services Jeunesse","url":"https:\/\/www.ysb.ca\/fr\/","logo":{"@type":"ImageObject","inLanguage":"fr-FR","@id":"https:\/\/www.ysb.ca\/fr\/#\/schema\/logo\/image\/","url":"https:\/\/www.ysb.ca\/wp-content\/uploads\/2020\/09\/ysb-logo.png","contentUrl":"https:\/\/www.ysb.ca\/wp-content\/uploads\/2020\/09\/ysb-logo.png","width":238,"height":94,"caption":"Youth Services Jeunesse"},"image":{"@id":"https:\/\/www.ysb.ca\/fr\/#\/schema\/logo\/image\/"},"sameAs":["https:\/\/www.instagram.com\/ysb.bsj\/","https:\/\/www.youtube.com\/user\/YSBOttawa"]}]}},"_links":{"self":[{"href":"https:\/\/www.ysb.ca\/fr\/wp-json\/wp\/v2\/pages\/1757","targetHints":{"allow":["GET"]}}],"collection":[{"href":"https:\/\/www.ysb.ca\/fr\/wp-json\/wp\/v2\/pages"}],"about":[{"href":"https:\/\/www.ysb.ca\/fr\/wp-json\/wp\/v2\/types\/page"}],"author":[{"embeddable":true,"href":"https:\/\/www.ysb.ca\/fr\/wp-json\/wp\/v2\/users\/1"}],"replies":[{"embeddable":true,"href":"https:\/\/www.ysb.ca\/fr\/wp-json\/wp\/v2\/comments?post=1757"}],"version-history":[{"count":6,"href":"https:\/\/www.ysb.ca\/fr\/wp-json\/wp\/v2\/pages\/1757\/revisions"}],"predecessor-version":[{"id":12771,"href":"https:\/\/www.ysb.ca\/fr\/wp-json\/wp\/v2\/pages\/1757\/revisions\/12771"}],"up":[{"embeddable":true,"href":"https:\/\/www.ysb.ca\/fr\/wp-json\/wp\/v2\/pages\/1721"}],"wp:attachment":[{"href":"https:\/\/www.ysb.ca\/fr\/wp-json\/wp\/v2\/media?parent=1757"}],"curies":[{"name":"wp","href":"https:\/\/api.w.org\/{rel}","templated":true}]}}