
{"id":1755,"date":"2017-07-10T13:49:05","date_gmt":"2017-07-10T17:49:05","guid":{"rendered":"http:\/\/www.ysb.ca\/services\/youth-justice-services\/community-reintegration-program\/"},"modified":"2018-12-11T14:04:50","modified_gmt":"2018-12-11T19:04:50","slug":"reintegration-communautaire","status":"publish","type":"page","link":"https:\/\/www.ysb.ca\/fr\/services\/justice\/reintegration-communautaire\/","title":{"rendered":"Programme de r\u00e9int\u00e9gration communautaire"},"content":{"rendered":"<div class=\"wpb-content-wrapper\">[vc_row fullwidth=\u00a0\u00bbtrue\u00a0\u00bb][vc_column]\n        <div class=\"ysb-banner-wrapper\" style=\"background-image: url(https:\/\/www.ysb.ca\/wp-content\/uploads\/2017\/07\/communityreintegration.jpg);\">\n         \n            <div class=\"ysb-title-wrapper mk-animate-element bottom-to-top mk-in-viewport\" style=\"background-image: url();\">\n\t\t\t\t<h1 class=\"ysb-banner-title\">Programme de r\u00e9int\u00e9gration communautaire<\/h1>\n\t\t\t\t\n\t\t\t<\/div>\n         \n        <\/div>[\/vc_column][\/vc_row][vc_row css=\u00a0\u00bb.vc_custom_1507740473739{padding-top: 80px !important;}\u00a0\u00bb][vc_column][vc_column_text css=\u00a0\u00bb.vc_custom_1516818065095{margin-bottom: 0px !important;}\u00a0\u00bb]Le BSJ a une longue r\u00e9putation en ce qui a trait au travail aupr\u00e8s des jeunes qui ont des d\u00e9m\u00eal\u00e9s avec la justice. Notre personnel et nos partenaires communautaires ont d\u00e9velopp\u00e9 une expertise dans l&rsquo;aide aux jeunes en ce qui a trait aux probl\u00e8mes auxquels ils font face. Le Programme de r\u00e9int\u00e9gration communautaire vise \u00e0 r\u00e9duire le r\u00e9cidivisme en d\u00e9couvrant les causes sous-jacentes du comportement. Quand un jeune reconna\u00eet les liens entre les mod\u00e8les de pens\u00e9e, les comportements et les cons\u00e9quences subs\u00e9quentes, ils sont mieux en mesure de b\u00e2tir des relations saines, de se concentrer sur l&rsquo;avenir et de devenir des membres productifs de la communaut\u00e9.<\/p>\n<p>Ce programme volontaire est offert aux jeunes sous garde ouverte ou ferm\u00e9e. Un travailleur de la r\u00e9int\u00e9gration communautaire communique avec le jeune et lui d\u00e9crit le programme et les bienfaits potentiels, et l&rsquo;invite \u00e0 accepter les services de soutien ainsi que l&rsquo;occasion de participer \u00e0 du counseling.<\/p>\n<p>Le programme offre du counseling individuel, de couple ou familial dans le but d&rsquo;aborder une vaste gamme de questions, y compris les relations entre les pairs, les relations familiales, les changements de style de vie, les comportements violents et la toxicomanie. Au d\u00e9but, le travailleur de la r\u00e9int\u00e9gration aide le jeune \u00e0 composer avec les questions li\u00e9es au fait d&rsquo;\u00eatre sous garde. Apr\u00e8s la mise en cong\u00e9, le processus de counseling se poursuit dans la communaut\u00e9, o\u00f9 le travailleur de la r\u00e9int\u00e9gration agit \u00e0 titre de liaison entre le jeune et les services de probation, les \u00e9coles, les programmes d&#8217;emploi et plus.<\/p>\n<p>Les jeunes dans ce programme ont \u00e9galement un acc\u00e8s prioritaire \u00e0 d&rsquo;autres services offerts par le BSJ, y compris des services de logement et de sant\u00e9.[\/vc_column_text][\/vc_column][\/vc_row][vc_row][vc_column][mk_padding_divider size=\u00a0\u00bb24&Prime;][\/vc_column][\/vc_row][vc_row css=\u00a0\u00bb.vc_custom_1507740521151{padding-bottom: 60px !important;}\u00a0\u00bb][vc_column][vc_column_text css=\u00a0\u00bb.vc_custom_1544555087236{margin-bottom: 0px !important;}\u00a0\u00bb]\n<h2>Comment acc\u00e9der au programme<\/h2>\n<p>Ce programme est offert aux jeunes dans le syst\u00e8me juridique, sur envoi en consultation seulement. Les services de probation, les installations de garde ou les autres organismes de justice pour les jeunes* peuvent faire des arrangements en communiquant avec le coordonnateur du programme aux coordonn\u00e9es ci-dessous.<\/p>\n<p>* Veuillez noter que, lorsque les envois en consultation sont effectu\u00e9s par d&rsquo;autres organismes de justice pour les jeunes, les agents de probation sont avis\u00e9s.<\/p>\n<p>613-738-2104[\/vc_column_text][\/vc_column][\/vc_row]\n<\/div>","protected":false},"excerpt":{"rendered":"<p>[vc_row fullwidth=\u00a0\u00bbtrue\u00a0\u00bb][vc_column][\/vc_column][\/vc_row][vc_row css=\u00a0\u00bb.vc_custom_1507740473739{padding-top: 80px !important;}\u00a0\u00bb][vc_column][vc_column_text css=\u00a0\u00bb.vc_custom_1516818065095{margin-bottom: 0px !important;}\u00a0\u00bb]Le BSJ a une longue r\u00e9putation en ce qui a trait au travail aupr\u00e8s des jeunes qui ont des d\u00e9m\u00eal\u00e9s avec la justice. Notre personnel et nos partenaires communautaires ont d\u00e9velopp\u00e9 une expertise dans l&rsquo;aide aux jeunes en ce qui a trait aux probl\u00e8mes auxquels ils font face. [&hellip;]<\/p>\n","protected":false},"author":1,"featured_media":0,"parent":1720,"menu_order":264,"comment_status":"closed","ping_status":"closed","template":"","meta":{"rs_blank_template":"","rs_page_bg_color":"","slide_template_v7":"","footnotes":""},"class_list":["post-1755","page","type-page","status-publish","hentry"],"yoast_head":"<!-- This site is optimized with the Yoast SEO plugin v27.4 - https:\/\/yoast.com\/product\/yoast-seo-wordpress\/ -->\n<title>Programme de r\u00e9int\u00e9gration communautaire - Youth Services Jeunesse<\/title>\n<meta name=\"robots\" content=\"index, follow, max-snippet:-1, max-image-preview:large, max-video-preview:-1\" \/>\n<link rel=\"canonical\" href=\"https:\/\/www.ysb.ca\/fr\/services\/justice\/reintegration-communautaire\/\" \/>\n<meta property=\"og:locale\" content=\"fr_FR\" \/>\n<meta property=\"og:type\" content=\"article\" \/>\n<meta property=\"og:title\" content=\"Programme de r\u00e9int\u00e9gration communautaire - Youth Services Jeunesse\" \/>\n<meta property=\"og:description\" content=\"[vc_row fullwidth=\u00a0\u00bbtrue\u00a0\u00bb][vc_column][\/vc_column][\/vc_row][vc_row css=\u00a0\u00bb.vc_custom_1507740473739{padding-top: 80px !important;}\u00a0\u00bb][vc_column][vc_column_text css=\u00a0\u00bb.vc_custom_1516818065095{margin-bottom: 0px !important;}\u00a0\u00bb]Le BSJ a une longue r\u00e9putation en ce qui a trait au travail aupr\u00e8s des jeunes qui ont des d\u00e9m\u00eal\u00e9s avec la justice. Notre personnel et nos partenaires communautaires ont d\u00e9velopp\u00e9 une expertise dans l&rsquo;aide aux jeunes en ce qui a trait aux probl\u00e8mes auxquels ils font face. [&hellip;]\" \/>\n<meta property=\"og:url\" content=\"https:\/\/www.ysb.ca\/fr\/services\/justice\/reintegration-communautaire\/\" \/>\n<meta property=\"og:site_name\" content=\"Youth Services Jeunesse\" \/>\n<meta property=\"article:modified_time\" content=\"2018-12-11T19:04:50+00:00\" \/>\n<meta name=\"twitter:card\" content=\"summary_large_image\" \/>\n<meta name=\"twitter:label1\" content=\"Dur\u00e9e de lecture estim\u00e9e\" \/>\n\t<meta name=\"twitter:data1\" content=\"2 minutes\" \/>\n<script type=\"application\/ld+json\" class=\"yoast-schema-graph\">{\"@context\":\"https:\\\/\\\/schema.org\",\"@graph\":[{\"@type\":\"WebPage\",\"@id\":\"https:\\\/\\\/www.ysb.ca\\\/fr\\\/services\\\/justice\\\/reintegration-communautaire\\\/\",\"url\":\"https:\\\/\\\/www.ysb.ca\\\/fr\\\/services\\\/justice\\\/reintegration-communautaire\\\/\",\"name\":\"Programme de r\u00e9int\u00e9gration communautaire - Youth Services Jeunesse\",\"isPartOf\":{\"@id\":\"https:\\\/\\\/www.ysb.ca\\\/fr\\\/#website\"},\"datePublished\":\"2017-07-10T17:49:05+00:00\",\"dateModified\":\"2018-12-11T19:04:50+00:00\",\"breadcrumb\":{\"@id\":\"https:\\\/\\\/www.ysb.ca\\\/fr\\\/services\\\/justice\\\/reintegration-communautaire\\\/#breadcrumb\"},\"inLanguage\":\"fr-FR\",\"potentialAction\":[{\"@type\":\"ReadAction\",\"target\":[\"https:\\\/\\\/www.ysb.ca\\\/fr\\\/services\\\/justice\\\/reintegration-communautaire\\\/\"]}]},{\"@type\":\"BreadcrumbList\",\"@id\":\"https:\\\/\\\/www.ysb.ca\\\/fr\\\/services\\\/justice\\\/reintegration-communautaire\\\/#breadcrumb\",\"itemListElement\":[{\"@type\":\"ListItem\",\"position\":1,\"name\":\"Home\",\"item\":\"https:\\\/\\\/www.ysb.ca\\\/fr\\\/\"},{\"@type\":\"ListItem\",\"position\":2,\"name\":\"Services\",\"item\":\"https:\\\/\\\/www.ysb.ca\\\/fr\\\/services\\\/\"},{\"@type\":\"ListItem\",\"position\":3,\"name\":\"Services de justice pour les jeunes\",\"item\":\"https:\\\/\\\/www.ysb.ca\\\/fr\\\/services\\\/justice\\\/\"},{\"@type\":\"ListItem\",\"position\":4,\"name\":\"Programme de r\u00e9int\u00e9gration communautaire\"}]},{\"@type\":\"WebSite\",\"@id\":\"https:\\\/\\\/www.ysb.ca\\\/fr\\\/#website\",\"url\":\"https:\\\/\\\/www.ysb.ca\\\/fr\\\/\",\"name\":\"Youth Services Jeunesse\",\"description\":\"Ottawa Youth Services Jeunesse\",\"publisher\":{\"@id\":\"https:\\\/\\\/www.ysb.ca\\\/fr\\\/#organization\"},\"potentialAction\":[{\"@type\":\"SearchAction\",\"target\":{\"@type\":\"EntryPoint\",\"urlTemplate\":\"https:\\\/\\\/www.ysb.ca\\\/fr\\\/?s={search_term_string}\"},\"query-input\":{\"@type\":\"PropertyValueSpecification\",\"valueRequired\":true,\"valueName\":\"search_term_string\"}}],\"inLanguage\":\"fr-FR\"},{\"@type\":\"Organization\",\"@id\":\"https:\\\/\\\/www.ysb.ca\\\/fr\\\/#organization\",\"name\":\"Youth Services Jeunesse\",\"url\":\"https:\\\/\\\/www.ysb.ca\\\/fr\\\/\",\"logo\":{\"@type\":\"ImageObject\",\"inLanguage\":\"fr-FR\",\"@id\":\"https:\\\/\\\/www.ysb.ca\\\/fr\\\/#\\\/schema\\\/logo\\\/image\\\/\",\"url\":\"https:\\\/\\\/www.ysb.ca\\\/wp-content\\\/uploads\\\/2020\\\/09\\\/ysb-logo.png\",\"contentUrl\":\"https:\\\/\\\/www.ysb.ca\\\/wp-content\\\/uploads\\\/2020\\\/09\\\/ysb-logo.png\",\"width\":238,\"height\":94,\"caption\":\"Youth Services Jeunesse\"},\"image\":{\"@id\":\"https:\\\/\\\/www.ysb.ca\\\/fr\\\/#\\\/schema\\\/logo\\\/image\\\/\"},\"sameAs\":[\"https:\\\/\\\/www.instagram.com\\\/ysb.bsj\\\/\",\"https:\\\/\\\/www.youtube.com\\\/user\\\/YSBOttawa\"]}]}<\/script>\n<!-- \/ Yoast SEO plugin. -->","yoast_head_json":{"title":"Programme de r\u00e9int\u00e9gration communautaire - Youth Services Jeunesse","robots":{"index":"index","follow":"follow","max-snippet":"max-snippet:-1","max-image-preview":"max-image-preview:large","max-video-preview":"max-video-preview:-1"},"canonical":"https:\/\/www.ysb.ca\/fr\/services\/justice\/reintegration-communautaire\/","og_locale":"fr_FR","og_type":"article","og_title":"Programme de r\u00e9int\u00e9gration communautaire - Youth Services Jeunesse","og_description":"[vc_row fullwidth=\u00a0\u00bbtrue\u00a0\u00bb][vc_column][\/vc_column][\/vc_row][vc_row css=\u00a0\u00bb.vc_custom_1507740473739{padding-top: 80px !important;}\u00a0\u00bb][vc_column][vc_column_text css=\u00a0\u00bb.vc_custom_1516818065095{margin-bottom: 0px !important;}\u00a0\u00bb]Le BSJ a une longue r\u00e9putation en ce qui a trait au travail aupr\u00e8s des jeunes qui ont des d\u00e9m\u00eal\u00e9s avec la justice. Notre personnel et nos partenaires communautaires ont d\u00e9velopp\u00e9 une expertise dans l&rsquo;aide aux jeunes en ce qui a trait aux probl\u00e8mes auxquels ils font face. [&hellip;]","og_url":"https:\/\/www.ysb.ca\/fr\/services\/justice\/reintegration-communautaire\/","og_site_name":"Youth Services Jeunesse","article_modified_time":"2018-12-11T19:04:50+00:00","twitter_card":"summary_large_image","twitter_misc":{"Dur\u00e9e de lecture estim\u00e9e":"2 minutes"},"schema":{"@context":"https:\/\/schema.org","@graph":[{"@type":"WebPage","@id":"https:\/\/www.ysb.ca\/fr\/services\/justice\/reintegration-communautaire\/","url":"https:\/\/www.ysb.ca\/fr\/services\/justice\/reintegration-communautaire\/","name":"Programme de r\u00e9int\u00e9gration communautaire - Youth Services Jeunesse","isPartOf":{"@id":"https:\/\/www.ysb.ca\/fr\/#website"},"datePublished":"2017-07-10T17:49:05+00:00","dateModified":"2018-12-11T19:04:50+00:00","breadcrumb":{"@id":"https:\/\/www.ysb.ca\/fr\/services\/justice\/reintegration-communautaire\/#breadcrumb"},"inLanguage":"fr-FR","potentialAction":[{"@type":"ReadAction","target":["https:\/\/www.ysb.ca\/fr\/services\/justice\/reintegration-communautaire\/"]}]},{"@type":"BreadcrumbList","@id":"https:\/\/www.ysb.ca\/fr\/services\/justice\/reintegration-communautaire\/#breadcrumb","itemListElement":[{"@type":"ListItem","position":1,"name":"Home","item":"https:\/\/www.ysb.ca\/fr\/"},{"@type":"ListItem","position":2,"name":"Services","item":"https:\/\/www.ysb.ca\/fr\/services\/"},{"@type":"ListItem","position":3,"name":"Services de justice pour les jeunes","item":"https:\/\/www.ysb.ca\/fr\/services\/justice\/"},{"@type":"ListItem","position":4,"name":"Programme de r\u00e9int\u00e9gration communautaire"}]},{"@type":"WebSite","@id":"https:\/\/www.ysb.ca\/fr\/#website","url":"https:\/\/www.ysb.ca\/fr\/","name":"Youth Services Jeunesse","description":"Ottawa Youth Services Jeunesse","publisher":{"@id":"https:\/\/www.ysb.ca\/fr\/#organization"},"potentialAction":[{"@type":"SearchAction","target":{"@type":"EntryPoint","urlTemplate":"https:\/\/www.ysb.ca\/fr\/?s={search_term_string}"},"query-input":{"@type":"PropertyValueSpecification","valueRequired":true,"valueName":"search_term_string"}}],"inLanguage":"fr-FR"},{"@type":"Organization","@id":"https:\/\/www.ysb.ca\/fr\/#organization","name":"Youth Services Jeunesse","url":"https:\/\/www.ysb.ca\/fr\/","logo":{"@type":"ImageObject","inLanguage":"fr-FR","@id":"https:\/\/www.ysb.ca\/fr\/#\/schema\/logo\/image\/","url":"https:\/\/www.ysb.ca\/wp-content\/uploads\/2020\/09\/ysb-logo.png","contentUrl":"https:\/\/www.ysb.ca\/wp-content\/uploads\/2020\/09\/ysb-logo.png","width":238,"height":94,"caption":"Youth Services Jeunesse"},"image":{"@id":"https:\/\/www.ysb.ca\/fr\/#\/schema\/logo\/image\/"},"sameAs":["https:\/\/www.instagram.com\/ysb.bsj\/","https:\/\/www.youtube.com\/user\/YSBOttawa"]}]}},"_links":{"self":[{"href":"https:\/\/www.ysb.ca\/fr\/wp-json\/wp\/v2\/pages\/1755","targetHints":{"allow":["GET"]}}],"collection":[{"href":"https:\/\/www.ysb.ca\/fr\/wp-json\/wp\/v2\/pages"}],"about":[{"href":"https:\/\/www.ysb.ca\/fr\/wp-json\/wp\/v2\/types\/page"}],"author":[{"embeddable":true,"href":"https:\/\/www.ysb.ca\/fr\/wp-json\/wp\/v2\/users\/1"}],"replies":[{"embeddable":true,"href":"https:\/\/www.ysb.ca\/fr\/wp-json\/wp\/v2\/comments?post=1755"}],"version-history":[{"count":4,"href":"https:\/\/www.ysb.ca\/fr\/wp-json\/wp\/v2\/pages\/1755\/revisions"}],"predecessor-version":[{"id":3626,"href":"https:\/\/www.ysb.ca\/fr\/wp-json\/wp\/v2\/pages\/1755\/revisions\/3626"}],"up":[{"embeddable":true,"href":"https:\/\/www.ysb.ca\/fr\/wp-json\/wp\/v2\/pages\/1720"}],"wp:attachment":[{"href":"https:\/\/www.ysb.ca\/fr\/wp-json\/wp\/v2\/media?parent=1755"}],"curies":[{"name":"wp","href":"https:\/\/api.w.org\/{rel}","templated":true}]}}