
{"id":1754,"date":"2017-07-10T13:49:36","date_gmt":"2017-07-10T17:49:36","guid":{"rendered":"http:\/\/www.ysb.ca\/youth-justice-services\/one-on-one-anger-management-program\/"},"modified":"2024-11-22T12:13:42","modified_gmt":"2024-11-22T17:13:42","slug":"gestion-de-colere","status":"publish","type":"page","link":"https:\/\/www.ysb.ca\/fr\/services\/justice\/gestion-de-colere\/","title":{"rendered":"Programme individuel de gestion de la col\u00e8re"},"content":{"rendered":"<div class=\"wpb-content-wrapper\">[vc_row fullwidth=\u00a0\u00bbtrue\u00a0\u00bb][vc_column]\n        <div class=\"ysb-banner-wrapper\" style=\"background-image: url(https:\/\/www.ysb.ca\/wp-content\/uploads\/2017\/07\/anger-management.jpg);\">\n         \n            <div class=\"ysb-title-wrapper mk-animate-element bottom-to-top mk-in-viewport\" style=\"background-image: url();\">\n\t\t\t\t<h1 class=\"ysb-banner-title\">Programme individuel de gestion de la col\u00e8re<\/h1>\n\t\t\t\t\n\t\t\t<\/div>\n         \n        <\/div>[\/vc_column][\/vc_row][vc_row css=\u00a0\u00bb.vc_custom_1507740281134{padding-top: 80px !important;}\u00a0\u00bb][vc_column][vc_column_text css=\u00a0\u00bb.vc_custom_1516817816262{margin-bottom: 0px !important;}\u00a0\u00bb]Le BSJ travaille aupr\u00e8s des jeunes pour les aider \u00e0 comprendre les liens entre la col\u00e8re et l\u2019action qui peuvent parfois mener \u00e0 des d\u00e9m\u00eal\u00e9s avec la justice. Le Programme individuel de gestion de la col\u00e8re est offert par les animateurs form\u00e9s et chevronn\u00e9s qui aident les jeunes \u00e0 se rendre compte qu\u2019il est possible de contr\u00f4ler la col\u00e8re excessive.<\/p>\n<p>Le programme consiste en quatre sessions individuelles interactives qui visent \u00e0 enseigner aux jeunes comment :<\/p>\n<ul>\n<li>Reconna\u00eetre et g\u00e9rer la col\u00e8re;<\/li>\n<li>D\u00e9velopper des mod\u00e8les de rechange;<\/li>\n<li>Apprendre la ma\u00eetrise de soi; et<\/li>\n<li>R\u00e9soudre les probl\u00e8mes.<\/li>\n<\/ul>\n<p>Fond\u00e9 sur l\u2019approche \u00e9quilibr\u00e9e recommand\u00e9e par les psychologues, ce programme enseigne comment exprimer une col\u00e8re saine par des moyens appropri\u00e9s, tout en contr\u00f4lant les d\u00e9clencheurs, l\u2019intensit\u00e9 et les effets n\u00e9gatifs de la col\u00e8re malsaine. De cette fa\u00e7on, les conseillers du programme aident les jeunes \u00e0 d\u00e9velopper de nouvelles aptitudes et \u00e0 reb\u00e2tir leur estime de soi.[\/vc_column_text][\/vc_column][\/vc_row][vc_row][vc_column][mk_padding_divider size=\u00a0\u00bb24&Prime;][\/vc_column][\/vc_row][vc_row css=\u00a0\u00bb.vc_custom_1507740318344{padding-bottom: 60px !important;}\u00a0\u00bb][vc_column][vc_column_text css=\u00a0\u00bb.vc_custom_1732295617430{margin-bottom: 0px !important;}\u00a0\u00bb]\n<h2>Comment acc\u00e9der au programme<\/h2>\n<p>Ce programme individualis\u00e9 est offert aux jeunes dans le syst\u00e8me juridique, sur envoi en consultation seulement. Les services de probation ou d\u2019autres organismes de justice pour les jeunes peuvent prendre des dispositions aupr\u00e8s de la personne responsable du programme, aux coordonn\u00e9es indiqu\u00e9es ci-dessous.<\/p>\n<p>Un travailleur aupr\u00e8s des jeunes du BSJ effectuera une br\u00e8ve entrevue de d\u00e9pistage par t\u00e9l\u00e9phone dans le but d\u2019\u00e9valuer les besoins du jeune. Dans les deux semaines qui suivront cette entrevue, le travailleur aupr\u00e8s des jeunes communiquera au demandeur son acceptation au programme individuel ou recommandera un programme plus convenable\u2014peut-\u00eatre plus approfondi\u2014de gestion de la col\u00e8re.<\/p>\n<p><strong>Contact: <\/strong><a href=\"mailto:info@ysb.ca\">info@ysb.ca<\/a> | 613-738-7776[\/vc_column_text][\/vc_column][\/vc_row]\n<\/div>","protected":false},"excerpt":{"rendered":"<p>[vc_row fullwidth=\u00a0\u00bbtrue\u00a0\u00bb][vc_column][\/vc_column][\/vc_row][vc_row css=\u00a0\u00bb.vc_custom_1507740281134{padding-top: 80px !important;}\u00a0\u00bb][vc_column][vc_column_text css=\u00a0\u00bb.vc_custom_1516817816262{margin-bottom: 0px !important;}\u00a0\u00bb]Le BSJ travaille aupr\u00e8s des jeunes pour les aider \u00e0 comprendre les liens entre la col\u00e8re et l\u2019action qui peuvent parfois mener \u00e0 des d\u00e9m\u00eal\u00e9s avec la justice. Le Programme individuel de gestion de la col\u00e8re est offert par les animateurs form\u00e9s et chevronn\u00e9s qui aident les jeunes [&hellip;]<\/p>\n","protected":false},"author":1,"featured_media":0,"parent":1720,"menu_order":262,"comment_status":"closed","ping_status":"closed","template":"","meta":{"rs_blank_template":"","rs_page_bg_color":"","slide_template_v7":"","footnotes":""},"class_list":["post-1754","page","type-page","status-publish","hentry"],"yoast_head":"<!-- This site is optimized with the Yoast SEO plugin v27.5 - https:\/\/yoast.com\/product\/yoast-seo-wordpress\/ -->\n<title>Programme individuel de gestion de la col\u00e8re - Youth Services Jeunesse<\/title>\n<meta name=\"robots\" content=\"index, follow, max-snippet:-1, max-image-preview:large, max-video-preview:-1\" \/>\n<link rel=\"canonical\" href=\"https:\/\/www.ysb.ca\/fr\/services\/justice\/gestion-de-colere\/\" \/>\n<meta property=\"og:locale\" content=\"fr_FR\" \/>\n<meta property=\"og:type\" content=\"article\" \/>\n<meta property=\"og:title\" content=\"Programme individuel de gestion de la col\u00e8re - Youth Services Jeunesse\" \/>\n<meta property=\"og:description\" content=\"[vc_row fullwidth=\u00a0\u00bbtrue\u00a0\u00bb][vc_column][\/vc_column][\/vc_row][vc_row css=\u00a0\u00bb.vc_custom_1507740281134{padding-top: 80px !important;}\u00a0\u00bb][vc_column][vc_column_text css=\u00a0\u00bb.vc_custom_1516817816262{margin-bottom: 0px !important;}\u00a0\u00bb]Le BSJ travaille aupr\u00e8s des jeunes pour les aider \u00e0 comprendre les liens entre la col\u00e8re et l\u2019action qui peuvent parfois mener \u00e0 des d\u00e9m\u00eal\u00e9s avec la justice. Le Programme individuel de gestion de la col\u00e8re est offert par les animateurs form\u00e9s et chevronn\u00e9s qui aident les jeunes [&hellip;]\" \/>\n<meta property=\"og:url\" content=\"https:\/\/www.ysb.ca\/fr\/services\/justice\/gestion-de-colere\/\" \/>\n<meta property=\"og:site_name\" content=\"Youth Services Jeunesse\" \/>\n<meta property=\"article:modified_time\" content=\"2024-11-22T17:13:42+00:00\" \/>\n<meta name=\"twitter:card\" content=\"summary_large_image\" \/>\n<meta name=\"twitter:label1\" content=\"Dur\u00e9e de lecture estim\u00e9e\" \/>\n\t<meta name=\"twitter:data1\" content=\"2 minutes\" \/>\n<script type=\"application\/ld+json\" class=\"yoast-schema-graph\">{\"@context\":\"https:\\\/\\\/schema.org\",\"@graph\":[{\"@type\":\"WebPage\",\"@id\":\"https:\\\/\\\/www.ysb.ca\\\/fr\\\/services\\\/justice\\\/gestion-de-colere\\\/\",\"url\":\"https:\\\/\\\/www.ysb.ca\\\/fr\\\/services\\\/justice\\\/gestion-de-colere\\\/\",\"name\":\"Programme individuel de gestion de la col\u00e8re - Youth Services Jeunesse\",\"isPartOf\":{\"@id\":\"https:\\\/\\\/www.ysb.ca\\\/fr\\\/#website\"},\"datePublished\":\"2017-07-10T17:49:36+00:00\",\"dateModified\":\"2024-11-22T17:13:42+00:00\",\"breadcrumb\":{\"@id\":\"https:\\\/\\\/www.ysb.ca\\\/fr\\\/services\\\/justice\\\/gestion-de-colere\\\/#breadcrumb\"},\"inLanguage\":\"fr-FR\",\"potentialAction\":[{\"@type\":\"ReadAction\",\"target\":[\"https:\\\/\\\/www.ysb.ca\\\/fr\\\/services\\\/justice\\\/gestion-de-colere\\\/\"]}]},{\"@type\":\"BreadcrumbList\",\"@id\":\"https:\\\/\\\/www.ysb.ca\\\/fr\\\/services\\\/justice\\\/gestion-de-colere\\\/#breadcrumb\",\"itemListElement\":[{\"@type\":\"ListItem\",\"position\":1,\"name\":\"Home\",\"item\":\"https:\\\/\\\/www.ysb.ca\\\/fr\\\/\"},{\"@type\":\"ListItem\",\"position\":2,\"name\":\"Services\",\"item\":\"https:\\\/\\\/www.ysb.ca\\\/fr\\\/services\\\/\"},{\"@type\":\"ListItem\",\"position\":3,\"name\":\"Services de justice pour les jeunes\",\"item\":\"https:\\\/\\\/www.ysb.ca\\\/fr\\\/services\\\/justice\\\/\"},{\"@type\":\"ListItem\",\"position\":4,\"name\":\"Programme individuel de gestion de la col\u00e8re\"}]},{\"@type\":\"WebSite\",\"@id\":\"https:\\\/\\\/www.ysb.ca\\\/fr\\\/#website\",\"url\":\"https:\\\/\\\/www.ysb.ca\\\/fr\\\/\",\"name\":\"Youth Services Jeunesse\",\"description\":\"Ottawa Youth Services Jeunesse\",\"publisher\":{\"@id\":\"https:\\\/\\\/www.ysb.ca\\\/fr\\\/#organization\"},\"potentialAction\":[{\"@type\":\"SearchAction\",\"target\":{\"@type\":\"EntryPoint\",\"urlTemplate\":\"https:\\\/\\\/www.ysb.ca\\\/fr\\\/?s={search_term_string}\"},\"query-input\":{\"@type\":\"PropertyValueSpecification\",\"valueRequired\":true,\"valueName\":\"search_term_string\"}}],\"inLanguage\":\"fr-FR\"},{\"@type\":\"Organization\",\"@id\":\"https:\\\/\\\/www.ysb.ca\\\/fr\\\/#organization\",\"name\":\"Youth Services Jeunesse\",\"url\":\"https:\\\/\\\/www.ysb.ca\\\/fr\\\/\",\"logo\":{\"@type\":\"ImageObject\",\"inLanguage\":\"fr-FR\",\"@id\":\"https:\\\/\\\/www.ysb.ca\\\/fr\\\/#\\\/schema\\\/logo\\\/image\\\/\",\"url\":\"https:\\\/\\\/www.ysb.ca\\\/wp-content\\\/uploads\\\/2020\\\/09\\\/ysb-logo.png\",\"contentUrl\":\"https:\\\/\\\/www.ysb.ca\\\/wp-content\\\/uploads\\\/2020\\\/09\\\/ysb-logo.png\",\"width\":238,\"height\":94,\"caption\":\"Youth Services Jeunesse\"},\"image\":{\"@id\":\"https:\\\/\\\/www.ysb.ca\\\/fr\\\/#\\\/schema\\\/logo\\\/image\\\/\"},\"sameAs\":[\"https:\\\/\\\/www.instagram.com\\\/ysb.bsj\\\/\",\"https:\\\/\\\/www.youtube.com\\\/user\\\/YSBOttawa\"]}]}<\/script>\n<!-- \/ Yoast SEO plugin. -->","yoast_head_json":{"title":"Programme individuel de gestion de la col\u00e8re - Youth Services Jeunesse","robots":{"index":"index","follow":"follow","max-snippet":"max-snippet:-1","max-image-preview":"max-image-preview:large","max-video-preview":"max-video-preview:-1"},"canonical":"https:\/\/www.ysb.ca\/fr\/services\/justice\/gestion-de-colere\/","og_locale":"fr_FR","og_type":"article","og_title":"Programme individuel de gestion de la col\u00e8re - Youth Services Jeunesse","og_description":"[vc_row fullwidth=\u00a0\u00bbtrue\u00a0\u00bb][vc_column][\/vc_column][\/vc_row][vc_row css=\u00a0\u00bb.vc_custom_1507740281134{padding-top: 80px !important;}\u00a0\u00bb][vc_column][vc_column_text css=\u00a0\u00bb.vc_custom_1516817816262{margin-bottom: 0px !important;}\u00a0\u00bb]Le BSJ travaille aupr\u00e8s des jeunes pour les aider \u00e0 comprendre les liens entre la col\u00e8re et l\u2019action qui peuvent parfois mener \u00e0 des d\u00e9m\u00eal\u00e9s avec la justice. Le Programme individuel de gestion de la col\u00e8re est offert par les animateurs form\u00e9s et chevronn\u00e9s qui aident les jeunes [&hellip;]","og_url":"https:\/\/www.ysb.ca\/fr\/services\/justice\/gestion-de-colere\/","og_site_name":"Youth Services Jeunesse","article_modified_time":"2024-11-22T17:13:42+00:00","twitter_card":"summary_large_image","twitter_misc":{"Dur\u00e9e de lecture estim\u00e9e":"2 minutes"},"schema":{"@context":"https:\/\/schema.org","@graph":[{"@type":"WebPage","@id":"https:\/\/www.ysb.ca\/fr\/services\/justice\/gestion-de-colere\/","url":"https:\/\/www.ysb.ca\/fr\/services\/justice\/gestion-de-colere\/","name":"Programme individuel de gestion de la col\u00e8re - Youth Services Jeunesse","isPartOf":{"@id":"https:\/\/www.ysb.ca\/fr\/#website"},"datePublished":"2017-07-10T17:49:36+00:00","dateModified":"2024-11-22T17:13:42+00:00","breadcrumb":{"@id":"https:\/\/www.ysb.ca\/fr\/services\/justice\/gestion-de-colere\/#breadcrumb"},"inLanguage":"fr-FR","potentialAction":[{"@type":"ReadAction","target":["https:\/\/www.ysb.ca\/fr\/services\/justice\/gestion-de-colere\/"]}]},{"@type":"BreadcrumbList","@id":"https:\/\/www.ysb.ca\/fr\/services\/justice\/gestion-de-colere\/#breadcrumb","itemListElement":[{"@type":"ListItem","position":1,"name":"Home","item":"https:\/\/www.ysb.ca\/fr\/"},{"@type":"ListItem","position":2,"name":"Services","item":"https:\/\/www.ysb.ca\/fr\/services\/"},{"@type":"ListItem","position":3,"name":"Services de justice pour les jeunes","item":"https:\/\/www.ysb.ca\/fr\/services\/justice\/"},{"@type":"ListItem","position":4,"name":"Programme individuel de gestion de la col\u00e8re"}]},{"@type":"WebSite","@id":"https:\/\/www.ysb.ca\/fr\/#website","url":"https:\/\/www.ysb.ca\/fr\/","name":"Youth Services Jeunesse","description":"Ottawa Youth Services Jeunesse","publisher":{"@id":"https:\/\/www.ysb.ca\/fr\/#organization"},"potentialAction":[{"@type":"SearchAction","target":{"@type":"EntryPoint","urlTemplate":"https:\/\/www.ysb.ca\/fr\/?s={search_term_string}"},"query-input":{"@type":"PropertyValueSpecification","valueRequired":true,"valueName":"search_term_string"}}],"inLanguage":"fr-FR"},{"@type":"Organization","@id":"https:\/\/www.ysb.ca\/fr\/#organization","name":"Youth Services Jeunesse","url":"https:\/\/www.ysb.ca\/fr\/","logo":{"@type":"ImageObject","inLanguage":"fr-FR","@id":"https:\/\/www.ysb.ca\/fr\/#\/schema\/logo\/image\/","url":"https:\/\/www.ysb.ca\/wp-content\/uploads\/2020\/09\/ysb-logo.png","contentUrl":"https:\/\/www.ysb.ca\/wp-content\/uploads\/2020\/09\/ysb-logo.png","width":238,"height":94,"caption":"Youth Services Jeunesse"},"image":{"@id":"https:\/\/www.ysb.ca\/fr\/#\/schema\/logo\/image\/"},"sameAs":["https:\/\/www.instagram.com\/ysb.bsj\/","https:\/\/www.youtube.com\/user\/YSBOttawa"]}]}},"_links":{"self":[{"href":"https:\/\/www.ysb.ca\/fr\/wp-json\/wp\/v2\/pages\/1754","targetHints":{"allow":["GET"]}}],"collection":[{"href":"https:\/\/www.ysb.ca\/fr\/wp-json\/wp\/v2\/pages"}],"about":[{"href":"https:\/\/www.ysb.ca\/fr\/wp-json\/wp\/v2\/types\/page"}],"author":[{"embeddable":true,"href":"https:\/\/www.ysb.ca\/fr\/wp-json\/wp\/v2\/users\/1"}],"replies":[{"embeddable":true,"href":"https:\/\/www.ysb.ca\/fr\/wp-json\/wp\/v2\/comments?post=1754"}],"version-history":[{"count":3,"href":"https:\/\/www.ysb.ca\/fr\/wp-json\/wp\/v2\/pages\/1754\/revisions"}],"predecessor-version":[{"id":12004,"href":"https:\/\/www.ysb.ca\/fr\/wp-json\/wp\/v2\/pages\/1754\/revisions\/12004"}],"up":[{"embeddable":true,"href":"https:\/\/www.ysb.ca\/fr\/wp-json\/wp\/v2\/pages\/1720"}],"wp:attachment":[{"href":"https:\/\/www.ysb.ca\/fr\/wp-json\/wp\/v2\/media?parent=1754"}],"curies":[{"name":"wp","href":"https:\/\/api.w.org\/{rel}","templated":true}]}}