
{"id":1752,"date":"2017-07-10T13:50:09","date_gmt":"2017-07-10T17:50:09","guid":{"rendered":"http:\/\/www.ysb.ca\/careers\/"},"modified":"2025-08-15T10:01:30","modified_gmt":"2025-08-15T14:01:30","slug":"carrieres","status":"publish","type":"page","link":"https:\/\/www.ysb.ca\/fr\/a-propos\/carrieres\/","title":{"rendered":"Carri\u00e8res"},"content":{"rendered":"<div class=\"wpb-content-wrapper\">[vc_row fullwidth=\u00a0\u00bbtrue\u00a0\u00bb][vc_column]\n        <div class=\"ysb-banner-wrapper\" style=\"background-image: url(https:\/\/www.ysb.ca\/wp-content\/uploads\/2018\/08\/aboutus.jpg);\">\n         \n            <div class=\"ysb-title-wrapper mk-animate-element bottom-to-top mk-in-viewport\" style=\"background-image: url();\">\n\t\t\t\t<h1 class=\"ysb-banner-title\">Carri\u00e8res et les stages \u00e9tudiants<\/h1>\n\t\t\t\t\n\t\t\t<\/div>\n         \n        <\/div>[\/vc_column][\/vc_row][vc_row][vc_column width=\u00a0\u00bb1\/6&Prime;][\/vc_column][vc_column width=\u00a0\u00bb2\/3&Prime;][mk_padding_divider size=\u00a0\u00bb80&Prime;][vc_column_text margin_bottom=\u00a0\u00bb40&Prime; css=\u00a0\u00bb.vc_custom_1755266481474{margin-bottom: 40px !important;}\u00a0\u00bb]Pourquoi <a href=\"https:\/\/workforcenow.adp.com\/jobs\/apply\/posting.html?client=YSB&amp;ccId=26010399_576&amp;type=MP&amp;lang=en_CA\">b\u00e2tir une carri\u00e8re au BSJ<\/a>? Nous vous offrons l\u2019occasion de jouer un r\u00f4le important dans la cr\u00e9ation d\u2019un changement durable et positif dans la vie des jeunes, ainsi que dans la vie de leur famille et des communaut\u00e9s.<\/p>\n<p><em>Regardez la vid\u00e9o ci-dessous pour voir pourquoi vous devriez rejoindre l\u2019\u00e9quipe du BSJ (version anglaise).<\/em><\/p>\n<div style=\"width: 1140px;\" class=\"wp-video\"><video class=\"wp-video-shortcode\" id=\"video-1752-1\" width=\"1140\" height=\"641\" poster=\"https:\/\/www.ysb.ca\/wp-content\/uploads\/2024\/08\/screenshot-68.png\" preload=\"metadata\" controls=\"controls\"><source type=\"video\/mp4\" src=\"https:\/\/www.ysb.ca\/wp-content\/uploads\/2025\/08\/join-ysb-fr-subs.mp4?_=1\" \/><a href=\"https:\/\/www.ysb.ca\/wp-content\/uploads\/2025\/08\/join-ysb-fr-subs.mp4\">https:\/\/www.ysb.ca\/wp-content\/uploads\/2025\/08\/join-ysb-fr-subs.mp4<\/a><\/video><\/div>\n[\/vc_column_text][vc_column_text css=\u00a0\u00bb.vc_custom_1550262903690{margin-bottom: 0px !important;}\u00a0\u00bb]\n<h2 style=\"text-align: center;\"><a href=\"https:\/\/workforcenow.adp.com\/jobs\/apply\/posting.html?client=YSB&amp;ccId=26010399_576&amp;type=MP&amp;lang=en_CA\">Occasions de carri\u00e8re<\/a><\/h2>\n<p>Consultez notre <a href=\"https:\/\/workforcenow.adp.com\/jobs\/apply\/posting.html?client=YSB&amp;ccId=26010399_576&amp;type=MP&amp;lang=en_CA\"><strong>liste d\u2019occasions de carri\u00e8re<\/strong><\/a>. Si vos qualit\u00e9s professionnelles et vos attentes se marient bien \u00e0 une des occasions qui figurent sur la liste, veuillez postuler![\/vc_column_text][vc_column_text margin_bottom=\u00a0\u00bb40&Prime; css=\u00a0\u00bb.vc_custom_1676302919752{margin-bottom: 40px !important;}\u00a0\u00bb]\n<h2 style=\"text-align: center;\">Stages \u00e9tudiant<\/h2>\n<p><span class=\"HwtZe\" lang=\"fr\"><span class=\"jCAhz ChMk0b\"><span class=\"ryNqvb\">Le Bureau des services \u00e0 la jeunesse accepte les \u00e9tudiants des \u00e9tablissements postsecondaires dont le programme exige que l&rsquo;\u00e9tudiant effectue un stage.<\/span><\/span> <span class=\"jCAhz ChMk0b\"><span class=\"ryNqvb\">Selon les exigences du stage, le BSJ accueille g\u00e9n\u00e9ralement des stages compl\u00e9t\u00e9s entre les mois de septembre et avril chaque ann\u00e9e.<\/span><\/span> <span class=\"jCAhz ChMk0b\"><span class=\"ryNqvb\">Si le stage a lieu entre les mois de mai et d&rsquo;ao\u00fbt, veuillez communiquer avec la coordonnatrice des stages du BSJ pour vous renseigner sur les opportunit\u00e9s possibles : <a href=\"mailto:sfirlotte@ysb.ca\">sfirlotte@ysb.ca<\/a>.<\/span><\/span> <span class=\"jCAhz ChMk0b\"><span class=\"ryNqvb\">Les possibilit\u00e9s de stages d&rsquo;\u00e9tudiants pour le semestre d&rsquo;automne ou l&rsquo;ann\u00e9e compl\u00e8te seront affich\u00e9es en mars, et les placements d&rsquo;hiver seront affich\u00e9s en septembre de chaque ann\u00e9e.<\/span><\/span><\/span><\/p>\n<p>Cliquez ci-dessous pour nos possibilit\u00e9s de stage \u00e9tudiant:<\/p>\n<ul>\n<li><a href=\"\/fr\/a-propos\/carrieres\/stage-etudiant-services-sante-mentale\/\">Services de sant\u00e9 mentale<\/a><\/li>\n<li><a href=\"\/fr\/a-propos\/carrieres\/stage-etudiant-services-communautaires-logement\/\">Services communautaires et de logement<\/a><\/li>\n<li><a href=\"\/fr\/a-propos\/carrieres\/stage-etudiant-services-justice\/\">Service de justice pour les jeunes<\/a><\/li>\n<\/ul>\n<p><span class=\"tlid-translation translation\"><span class=\"\" title=\"\">Consultez notre <a href=\"https:\/\/workforcenow.adp.com\/mascsr\/default\/mdf\/recruitment\/recruitment.html?cid=33d7f5f9-292b-4299-aad7-89574902056e&amp;ccId=53431646_2515&amp;type=MP&amp;lang=fr_CA&amp;selectedMenuKey=CareerCenter\">liste des possibilit\u00e9s actuelles de stage \u00e9tudiant<\/a><\/span><\/span>[\/vc_column_text][mk_padding_divider size=\u00a0\u00bb80&Prime;][\/vc_column][vc_column width=\u00a0\u00bb1\/6&Prime;][\/vc_column][\/vc_row]\n<\/div>","protected":false},"excerpt":{"rendered":"<p>[vc_row fullwidth=\u00a0\u00bbtrue\u00a0\u00bb][vc_column][\/vc_column][\/vc_row][vc_row][vc_column width=\u00a0\u00bb1\/6&Prime;][\/vc_column][vc_column width=\u00a0\u00bb2\/3&Prime;][mk_padding_divider size=\u00a0\u00bb80&Prime;][vc_column_text margin_bottom=\u00a0\u00bb40&Prime; css=\u00a0\u00bb.vc_custom_1755266481474{margin-bottom: 40px !important;}\u00a0\u00bb]Pourquoi b\u00e2tir une carri\u00e8re au BSJ? Nous vous offrons l\u2019occasion de jouer un r\u00f4le important dans la cr\u00e9ation d\u2019un changement durable et positif dans la vie des jeunes, ainsi que dans la vie de leur famille et des communaut\u00e9s. Regardez la vid\u00e9o ci-dessous pour voir pourquoi vous [&hellip;]<\/p>\n","protected":false},"author":1,"featured_media":0,"parent":1761,"menu_order":260,"comment_status":"closed","ping_status":"closed","template":"","meta":{"rs_blank_template":"","rs_page_bg_color":"","slide_template_v7":"","footnotes":""},"class_list":["post-1752","page","type-page","status-publish","hentry"],"yoast_head":"<!-- This site is optimized with the Yoast SEO plugin v27.5 - https:\/\/yoast.com\/product\/yoast-seo-wordpress\/ -->\n<title>Carri\u00e8res - Youth Services Jeunesse<\/title>\n<meta name=\"robots\" content=\"index, follow, max-snippet:-1, max-image-preview:large, max-video-preview:-1\" \/>\n<link rel=\"canonical\" href=\"https:\/\/www.ysb.ca\/fr\/a-propos\/carrieres\/\" \/>\n<meta property=\"og:locale\" content=\"fr_FR\" \/>\n<meta property=\"og:type\" content=\"article\" \/>\n<meta property=\"og:title\" content=\"Carri\u00e8res - Youth Services Jeunesse\" \/>\n<meta property=\"og:description\" content=\"[vc_row fullwidth=\u00a0\u00bbtrue\u00a0\u00bb][vc_column][\/vc_column][\/vc_row][vc_row][vc_column width=\u00a0\u00bb1\/6&Prime;][\/vc_column][vc_column width=\u00a0\u00bb2\/3&Prime;][mk_padding_divider size=\u00a0\u00bb80&Prime;][vc_column_text margin_bottom=\u00a0\u00bb40&Prime; css=\u00a0\u00bb.vc_custom_1755266481474{margin-bottom: 40px !important;}\u00a0\u00bb]Pourquoi b\u00e2tir une carri\u00e8re au BSJ? Nous vous offrons l\u2019occasion de jouer un r\u00f4le important dans la cr\u00e9ation d\u2019un changement durable et positif dans la vie des jeunes, ainsi que dans la vie de leur famille et des communaut\u00e9s. Regardez la vid\u00e9o ci-dessous pour voir pourquoi vous [&hellip;]\" \/>\n<meta property=\"og:url\" content=\"https:\/\/www.ysb.ca\/fr\/a-propos\/carrieres\/\" \/>\n<meta property=\"og:site_name\" content=\"Youth Services Jeunesse\" \/>\n<meta property=\"article:modified_time\" content=\"2025-08-15T14:01:30+00:00\" \/>\n<meta name=\"twitter:card\" content=\"summary_large_image\" \/>\n<meta name=\"twitter:label1\" content=\"Dur\u00e9e de lecture estim\u00e9e\" \/>\n\t<meta name=\"twitter:data1\" content=\"2 minutes\" \/>\n<script type=\"application\/ld+json\" class=\"yoast-schema-graph\">{\"@context\":\"https:\\\/\\\/schema.org\",\"@graph\":[{\"@type\":\"WebPage\",\"@id\":\"https:\\\/\\\/www.ysb.ca\\\/fr\\\/a-propos\\\/carrieres\\\/\",\"url\":\"https:\\\/\\\/www.ysb.ca\\\/fr\\\/a-propos\\\/carrieres\\\/\",\"name\":\"Carri\u00e8res - Youth Services Jeunesse\",\"isPartOf\":{\"@id\":\"https:\\\/\\\/www.ysb.ca\\\/fr\\\/#website\"},\"datePublished\":\"2017-07-10T17:50:09+00:00\",\"dateModified\":\"2025-08-15T14:01:30+00:00\",\"breadcrumb\":{\"@id\":\"https:\\\/\\\/www.ysb.ca\\\/fr\\\/a-propos\\\/carrieres\\\/#breadcrumb\"},\"inLanguage\":\"fr-FR\",\"potentialAction\":[{\"@type\":\"ReadAction\",\"target\":[\"https:\\\/\\\/www.ysb.ca\\\/fr\\\/a-propos\\\/carrieres\\\/\"]}]},{\"@type\":\"BreadcrumbList\",\"@id\":\"https:\\\/\\\/www.ysb.ca\\\/fr\\\/a-propos\\\/carrieres\\\/#breadcrumb\",\"itemListElement\":[{\"@type\":\"ListItem\",\"position\":1,\"name\":\"Home\",\"item\":\"https:\\\/\\\/www.ysb.ca\\\/fr\\\/\"},{\"@type\":\"ListItem\",\"position\":2,\"name\":\"\u00c0 Propos\",\"item\":\"https:\\\/\\\/www.ysb.ca\\\/fr\\\/a-propos\\\/\"},{\"@type\":\"ListItem\",\"position\":3,\"name\":\"Carri\u00e8res\"}]},{\"@type\":\"WebSite\",\"@id\":\"https:\\\/\\\/www.ysb.ca\\\/fr\\\/#website\",\"url\":\"https:\\\/\\\/www.ysb.ca\\\/fr\\\/\",\"name\":\"Youth Services Jeunesse\",\"description\":\"Ottawa Youth Services Jeunesse\",\"publisher\":{\"@id\":\"https:\\\/\\\/www.ysb.ca\\\/fr\\\/#organization\"},\"potentialAction\":[{\"@type\":\"SearchAction\",\"target\":{\"@type\":\"EntryPoint\",\"urlTemplate\":\"https:\\\/\\\/www.ysb.ca\\\/fr\\\/?s={search_term_string}\"},\"query-input\":{\"@type\":\"PropertyValueSpecification\",\"valueRequired\":true,\"valueName\":\"search_term_string\"}}],\"inLanguage\":\"fr-FR\"},{\"@type\":\"Organization\",\"@id\":\"https:\\\/\\\/www.ysb.ca\\\/fr\\\/#organization\",\"name\":\"Youth Services Jeunesse\",\"url\":\"https:\\\/\\\/www.ysb.ca\\\/fr\\\/\",\"logo\":{\"@type\":\"ImageObject\",\"inLanguage\":\"fr-FR\",\"@id\":\"https:\\\/\\\/www.ysb.ca\\\/fr\\\/#\\\/schema\\\/logo\\\/image\\\/\",\"url\":\"https:\\\/\\\/www.ysb.ca\\\/wp-content\\\/uploads\\\/2020\\\/09\\\/ysb-logo.png\",\"contentUrl\":\"https:\\\/\\\/www.ysb.ca\\\/wp-content\\\/uploads\\\/2020\\\/09\\\/ysb-logo.png\",\"width\":238,\"height\":94,\"caption\":\"Youth Services Jeunesse\"},\"image\":{\"@id\":\"https:\\\/\\\/www.ysb.ca\\\/fr\\\/#\\\/schema\\\/logo\\\/image\\\/\"},\"sameAs\":[\"https:\\\/\\\/www.instagram.com\\\/ysb.bsj\\\/\",\"https:\\\/\\\/www.youtube.com\\\/user\\\/YSBOttawa\"]}]}<\/script>\n<!-- \/ Yoast SEO plugin. -->","yoast_head_json":{"title":"Carri\u00e8res - Youth Services Jeunesse","robots":{"index":"index","follow":"follow","max-snippet":"max-snippet:-1","max-image-preview":"max-image-preview:large","max-video-preview":"max-video-preview:-1"},"canonical":"https:\/\/www.ysb.ca\/fr\/a-propos\/carrieres\/","og_locale":"fr_FR","og_type":"article","og_title":"Carri\u00e8res - Youth Services Jeunesse","og_description":"[vc_row fullwidth=\u00a0\u00bbtrue\u00a0\u00bb][vc_column][\/vc_column][\/vc_row][vc_row][vc_column width=\u00a0\u00bb1\/6&Prime;][\/vc_column][vc_column width=\u00a0\u00bb2\/3&Prime;][mk_padding_divider size=\u00a0\u00bb80&Prime;][vc_column_text margin_bottom=\u00a0\u00bb40&Prime; css=\u00a0\u00bb.vc_custom_1755266481474{margin-bottom: 40px !important;}\u00a0\u00bb]Pourquoi b\u00e2tir une carri\u00e8re au BSJ? Nous vous offrons l\u2019occasion de jouer un r\u00f4le important dans la cr\u00e9ation d\u2019un changement durable et positif dans la vie des jeunes, ainsi que dans la vie de leur famille et des communaut\u00e9s. Regardez la vid\u00e9o ci-dessous pour voir pourquoi vous [&hellip;]","og_url":"https:\/\/www.ysb.ca\/fr\/a-propos\/carrieres\/","og_site_name":"Youth Services Jeunesse","article_modified_time":"2025-08-15T14:01:30+00:00","twitter_card":"summary_large_image","twitter_misc":{"Dur\u00e9e de lecture estim\u00e9e":"2 minutes"},"schema":{"@context":"https:\/\/schema.org","@graph":[{"@type":"WebPage","@id":"https:\/\/www.ysb.ca\/fr\/a-propos\/carrieres\/","url":"https:\/\/www.ysb.ca\/fr\/a-propos\/carrieres\/","name":"Carri\u00e8res - Youth Services Jeunesse","isPartOf":{"@id":"https:\/\/www.ysb.ca\/fr\/#website"},"datePublished":"2017-07-10T17:50:09+00:00","dateModified":"2025-08-15T14:01:30+00:00","breadcrumb":{"@id":"https:\/\/www.ysb.ca\/fr\/a-propos\/carrieres\/#breadcrumb"},"inLanguage":"fr-FR","potentialAction":[{"@type":"ReadAction","target":["https:\/\/www.ysb.ca\/fr\/a-propos\/carrieres\/"]}]},{"@type":"BreadcrumbList","@id":"https:\/\/www.ysb.ca\/fr\/a-propos\/carrieres\/#breadcrumb","itemListElement":[{"@type":"ListItem","position":1,"name":"Home","item":"https:\/\/www.ysb.ca\/fr\/"},{"@type":"ListItem","position":2,"name":"\u00c0 Propos","item":"https:\/\/www.ysb.ca\/fr\/a-propos\/"},{"@type":"ListItem","position":3,"name":"Carri\u00e8res"}]},{"@type":"WebSite","@id":"https:\/\/www.ysb.ca\/fr\/#website","url":"https:\/\/www.ysb.ca\/fr\/","name":"Youth Services Jeunesse","description":"Ottawa Youth Services Jeunesse","publisher":{"@id":"https:\/\/www.ysb.ca\/fr\/#organization"},"potentialAction":[{"@type":"SearchAction","target":{"@type":"EntryPoint","urlTemplate":"https:\/\/www.ysb.ca\/fr\/?s={search_term_string}"},"query-input":{"@type":"PropertyValueSpecification","valueRequired":true,"valueName":"search_term_string"}}],"inLanguage":"fr-FR"},{"@type":"Organization","@id":"https:\/\/www.ysb.ca\/fr\/#organization","name":"Youth Services Jeunesse","url":"https:\/\/www.ysb.ca\/fr\/","logo":{"@type":"ImageObject","inLanguage":"fr-FR","@id":"https:\/\/www.ysb.ca\/fr\/#\/schema\/logo\/image\/","url":"https:\/\/www.ysb.ca\/wp-content\/uploads\/2020\/09\/ysb-logo.png","contentUrl":"https:\/\/www.ysb.ca\/wp-content\/uploads\/2020\/09\/ysb-logo.png","width":238,"height":94,"caption":"Youth Services Jeunesse"},"image":{"@id":"https:\/\/www.ysb.ca\/fr\/#\/schema\/logo\/image\/"},"sameAs":["https:\/\/www.instagram.com\/ysb.bsj\/","https:\/\/www.youtube.com\/user\/YSBOttawa"]}]}},"_links":{"self":[{"href":"https:\/\/www.ysb.ca\/fr\/wp-json\/wp\/v2\/pages\/1752","targetHints":{"allow":["GET"]}}],"collection":[{"href":"https:\/\/www.ysb.ca\/fr\/wp-json\/wp\/v2\/pages"}],"about":[{"href":"https:\/\/www.ysb.ca\/fr\/wp-json\/wp\/v2\/types\/page"}],"author":[{"embeddable":true,"href":"https:\/\/www.ysb.ca\/fr\/wp-json\/wp\/v2\/users\/1"}],"replies":[{"embeddable":true,"href":"https:\/\/www.ysb.ca\/fr\/wp-json\/wp\/v2\/comments?post=1752"}],"version-history":[{"count":6,"href":"https:\/\/www.ysb.ca\/fr\/wp-json\/wp\/v2\/pages\/1752\/revisions"}],"predecessor-version":[{"id":12891,"href":"https:\/\/www.ysb.ca\/fr\/wp-json\/wp\/v2\/pages\/1752\/revisions\/12891"}],"up":[{"embeddable":true,"href":"https:\/\/www.ysb.ca\/fr\/wp-json\/wp\/v2\/pages\/1761"}],"wp:attachment":[{"href":"https:\/\/www.ysb.ca\/fr\/wp-json\/wp\/v2\/media?parent=1752"}],"curies":[{"name":"wp","href":"https:\/\/api.w.org\/{rel}","templated":true}]}}