
{"id":1745,"date":"2017-07-21T11:27:00","date_gmt":"2017-07-21T15:27:00","guid":{"rendered":"http:\/\/www.ysb.ca\/media\/"},"modified":"2026-02-12T15:01:40","modified_gmt":"2026-02-12T20:01:40","slug":"media","status":"publish","type":"page","link":"https:\/\/www.ysb.ca\/fr\/a-propos\/media\/","title":{"rendered":"Salle des m\u00e9dias"},"content":{"rendered":"<div class=\"wpb-content-wrapper\">[vc_row fullwidth=\u00a0\u00bbtrue\u00a0\u00bb][vc_column]\n        <div class=\"ysb-banner-wrapper\" style=\"background-image: url(https:\/\/www.ysb.ca\/wp-content\/uploads\/2018\/08\/aboutus.jpg);\">\n         \n            <div class=\"ysb-title-wrapper mk-animate-element bottom-to-top mk-in-viewport\" style=\"background-image: url();\">\n\t\t\t\t<h1 class=\"ysb-banner-title\">Salle de m\u00e9dias<\/h1>\n\t\t\t\t\n\t\t\t<\/div>\n         \n        <\/div>[\/vc_column][\/vc_row][vc_row][vc_column width=\u00a0\u00bb1\/6&Prime;][\/vc_column][vc_column width=\u00a0\u00bb2\/3&Prime;][mk_padding_divider size=\u00a0\u00bb80&Prime;][vc_column_text margin_bottom=\u00a0\u00bb0&Prime; css=\u00a0\u00bb.vc_custom_1770926497600{margin-bottom: 0px !important;}\u00a0\u00bb]\n<h2 style=\"text-align: center;\">Contactez-nous<\/h2>\n<p style=\"text-align: center;\">t\u00e9l: (613) 729-0577, poste 50206<br \/>\n<a href=\"mailto:communications@ysb.ca\">communications@ysb.ca<\/a><\/p>\n<p style=\"text-align: center;\">Apr\u00e8s plus de 60 ans de services aux jeunes dans la r\u00e9gion d\u2019Ottawa, le BSJ est tr\u00e8s estim\u00e9 pour son expertise dans les domaines des sans abris, du logement, de la sant\u00e9 mentale, de la justice pour la jeunesse, de l\u2019emploi, de la sant\u00e9, de la diversit\u00e9 et de l\u2019engagement des jeunes.<\/p>\n<p style=\"text-align: center;\">Pour toutes les questions des m\u00e9dias et les demandes au sujet des allocutions, veuillez communiquer avec nous et il nous fera plaisir de trouver les renseignements ou des experts dans le domaine en question pour vous aider.<\/p>\n<h2 style=\"text-align: center;\">Fiches d&rsquo;information<\/h2>\n<ul>\n<li><a href=\"https:\/\/www.ysb.ca\/wp-content\/uploads\/2026\/02\/employment_frn1.pdf\"> Services d&#8217;emploi <\/a><\/li>\n<li><a href=\"https:\/\/www.ysb.ca\/wp-content\/uploads\/2026\/02\/communityservices_frn1.pdf\">Services communautaires et de logement pour les jeunes<\/a><\/li>\n<li><a href=\"https:\/\/www.ysb.ca\/wp-content\/uploads\/2026\/02\/youth_justice_frn1.pdf\">Justice pour les jeunes <\/a><\/li>\n<li><a href=\"https:\/\/www.ysb.ca\/wp-content\/uploads\/2026\/02\/mentalhealth_frn1.pdf\">Sant\u00e9 mentale des jeunes <\/a><\/li>\n<li><a href=\"https:\/\/www.ysb.ca\/wp-content\/uploads\/2026\/02\/who_we_are_frn1.pdf\">Programmes et services du Bureau des services \u00e0 la jeunesse <\/a><\/li>\n<li><a href=\"https:\/\/www.ysb.ca\/wp-content\/uploads\/2026\/02\/fact-sheet-ysbs-charitable-foundationfr.pdf\">Fondation caritative du BSJ<\/a><\/li>\n<\/ul>\n[\/vc_column_text][\/vc_column][vc_column width=\u00a0\u00bb1\/6&Prime;][\/vc_column][\/vc_row][vc_row][vc_column][mk_padding_divider][\/vc_column][\/vc_row]\n<\/div>","protected":false},"excerpt":{"rendered":"<p>[vc_row fullwidth=\u00a0\u00bbtrue\u00a0\u00bb][vc_column][\/vc_column][\/vc_row][vc_row][vc_column width=\u00a0\u00bb1\/6&Prime;][\/vc_column][vc_column width=\u00a0\u00bb2\/3&Prime;][mk_padding_divider size=\u00a0\u00bb80&Prime;][vc_column_text margin_bottom=\u00a0\u00bb0&Prime; css=\u00a0\u00bb.vc_custom_1770926497600{margin-bottom: 0px !important;}\u00a0\u00bb] Contactez-nous t\u00e9l: (613) 729-0577, poste 50206 communications@ysb.ca Apr\u00e8s plus de 60 ans de services aux jeunes dans la r\u00e9gion d\u2019Ottawa, le BSJ est tr\u00e8s estim\u00e9 pour son expertise dans les domaines des sans abris, du logement, de la sant\u00e9 mentale, de la justice pour la jeunesse, [&hellip;]<\/p>\n","protected":false},"author":1,"featured_media":0,"parent":1761,"menu_order":238,"comment_status":"closed","ping_status":"closed","template":"","meta":{"rs_blank_template":"","rs_page_bg_color":"","slide_template_v7":"","footnotes":""},"class_list":["post-1745","page","type-page","status-publish","hentry"],"yoast_head":"<!-- This site is optimized with the Yoast SEO plugin v27.5 - https:\/\/yoast.com\/product\/yoast-seo-wordpress\/ -->\n<title>Salle des m\u00e9dias - Youth Services Jeunesse<\/title>\n<meta name=\"robots\" content=\"index, follow, max-snippet:-1, max-image-preview:large, max-video-preview:-1\" \/>\n<link rel=\"canonical\" href=\"https:\/\/www.ysb.ca\/fr\/a-propos\/media\/\" \/>\n<meta property=\"og:locale\" content=\"fr_FR\" \/>\n<meta property=\"og:type\" content=\"article\" \/>\n<meta property=\"og:title\" content=\"Salle des m\u00e9dias - Youth Services Jeunesse\" \/>\n<meta property=\"og:description\" content=\"[vc_row fullwidth=\u00a0\u00bbtrue\u00a0\u00bb][vc_column][\/vc_column][\/vc_row][vc_row][vc_column width=\u00a0\u00bb1\/6&Prime;][\/vc_column][vc_column width=\u00a0\u00bb2\/3&Prime;][mk_padding_divider size=\u00a0\u00bb80&Prime;][vc_column_text margin_bottom=\u00a0\u00bb0&Prime; css=\u00a0\u00bb.vc_custom_1770926497600{margin-bottom: 0px !important;}\u00a0\u00bb] Contactez-nous t\u00e9l: (613) 729-0577, poste 50206 communications@ysb.ca Apr\u00e8s plus de 60 ans de services aux jeunes dans la r\u00e9gion d\u2019Ottawa, le BSJ est tr\u00e8s estim\u00e9 pour son expertise dans les domaines des sans abris, du logement, de la sant\u00e9 mentale, de la justice pour la jeunesse, [&hellip;]\" \/>\n<meta property=\"og:url\" content=\"https:\/\/www.ysb.ca\/fr\/a-propos\/media\/\" \/>\n<meta property=\"og:site_name\" content=\"Youth Services Jeunesse\" \/>\n<meta property=\"article:modified_time\" content=\"2026-02-12T20:01:40+00:00\" \/>\n<meta name=\"twitter:card\" content=\"summary_large_image\" \/>\n<meta name=\"twitter:label1\" content=\"Dur\u00e9e de lecture estim\u00e9e\" \/>\n\t<meta name=\"twitter:data1\" content=\"1 minute\" \/>\n<script type=\"application\/ld+json\" class=\"yoast-schema-graph\">{\"@context\":\"https:\\\/\\\/schema.org\",\"@graph\":[{\"@type\":\"WebPage\",\"@id\":\"https:\\\/\\\/www.ysb.ca\\\/fr\\\/a-propos\\\/media\\\/\",\"url\":\"https:\\\/\\\/www.ysb.ca\\\/fr\\\/a-propos\\\/media\\\/\",\"name\":\"Salle des m\u00e9dias - Youth Services Jeunesse\",\"isPartOf\":{\"@id\":\"https:\\\/\\\/www.ysb.ca\\\/fr\\\/#website\"},\"datePublished\":\"2017-07-21T15:27:00+00:00\",\"dateModified\":\"2026-02-12T20:01:40+00:00\",\"breadcrumb\":{\"@id\":\"https:\\\/\\\/www.ysb.ca\\\/fr\\\/a-propos\\\/media\\\/#breadcrumb\"},\"inLanguage\":\"fr-FR\",\"potentialAction\":[{\"@type\":\"ReadAction\",\"target\":[\"https:\\\/\\\/www.ysb.ca\\\/fr\\\/a-propos\\\/media\\\/\"]}]},{\"@type\":\"BreadcrumbList\",\"@id\":\"https:\\\/\\\/www.ysb.ca\\\/fr\\\/a-propos\\\/media\\\/#breadcrumb\",\"itemListElement\":[{\"@type\":\"ListItem\",\"position\":1,\"name\":\"Home\",\"item\":\"https:\\\/\\\/www.ysb.ca\\\/fr\\\/\"},{\"@type\":\"ListItem\",\"position\":2,\"name\":\"\u00c0 Propos\",\"item\":\"https:\\\/\\\/www.ysb.ca\\\/fr\\\/a-propos\\\/\"},{\"@type\":\"ListItem\",\"position\":3,\"name\":\"Salle des m\u00e9dias\"}]},{\"@type\":\"WebSite\",\"@id\":\"https:\\\/\\\/www.ysb.ca\\\/fr\\\/#website\",\"url\":\"https:\\\/\\\/www.ysb.ca\\\/fr\\\/\",\"name\":\"Youth Services Jeunesse\",\"description\":\"Ottawa Youth Services Jeunesse\",\"publisher\":{\"@id\":\"https:\\\/\\\/www.ysb.ca\\\/fr\\\/#organization\"},\"potentialAction\":[{\"@type\":\"SearchAction\",\"target\":{\"@type\":\"EntryPoint\",\"urlTemplate\":\"https:\\\/\\\/www.ysb.ca\\\/fr\\\/?s={search_term_string}\"},\"query-input\":{\"@type\":\"PropertyValueSpecification\",\"valueRequired\":true,\"valueName\":\"search_term_string\"}}],\"inLanguage\":\"fr-FR\"},{\"@type\":\"Organization\",\"@id\":\"https:\\\/\\\/www.ysb.ca\\\/fr\\\/#organization\",\"name\":\"Youth Services Jeunesse\",\"url\":\"https:\\\/\\\/www.ysb.ca\\\/fr\\\/\",\"logo\":{\"@type\":\"ImageObject\",\"inLanguage\":\"fr-FR\",\"@id\":\"https:\\\/\\\/www.ysb.ca\\\/fr\\\/#\\\/schema\\\/logo\\\/image\\\/\",\"url\":\"https:\\\/\\\/www.ysb.ca\\\/wp-content\\\/uploads\\\/2020\\\/09\\\/ysb-logo.png\",\"contentUrl\":\"https:\\\/\\\/www.ysb.ca\\\/wp-content\\\/uploads\\\/2020\\\/09\\\/ysb-logo.png\",\"width\":238,\"height\":94,\"caption\":\"Youth Services Jeunesse\"},\"image\":{\"@id\":\"https:\\\/\\\/www.ysb.ca\\\/fr\\\/#\\\/schema\\\/logo\\\/image\\\/\"},\"sameAs\":[\"https:\\\/\\\/www.instagram.com\\\/ysb.bsj\\\/\",\"https:\\\/\\\/www.youtube.com\\\/user\\\/YSBOttawa\"]}]}<\/script>\n<!-- \/ Yoast SEO plugin. -->","yoast_head_json":{"title":"Salle des m\u00e9dias - Youth Services Jeunesse","robots":{"index":"index","follow":"follow","max-snippet":"max-snippet:-1","max-image-preview":"max-image-preview:large","max-video-preview":"max-video-preview:-1"},"canonical":"https:\/\/www.ysb.ca\/fr\/a-propos\/media\/","og_locale":"fr_FR","og_type":"article","og_title":"Salle des m\u00e9dias - Youth Services Jeunesse","og_description":"[vc_row fullwidth=\u00a0\u00bbtrue\u00a0\u00bb][vc_column][\/vc_column][\/vc_row][vc_row][vc_column width=\u00a0\u00bb1\/6&Prime;][\/vc_column][vc_column width=\u00a0\u00bb2\/3&Prime;][mk_padding_divider size=\u00a0\u00bb80&Prime;][vc_column_text margin_bottom=\u00a0\u00bb0&Prime; css=\u00a0\u00bb.vc_custom_1770926497600{margin-bottom: 0px !important;}\u00a0\u00bb] Contactez-nous t\u00e9l: (613) 729-0577, poste 50206 communications@ysb.ca Apr\u00e8s plus de 60 ans de services aux jeunes dans la r\u00e9gion d\u2019Ottawa, le BSJ est tr\u00e8s estim\u00e9 pour son expertise dans les domaines des sans abris, du logement, de la sant\u00e9 mentale, de la justice pour la jeunesse, [&hellip;]","og_url":"https:\/\/www.ysb.ca\/fr\/a-propos\/media\/","og_site_name":"Youth Services Jeunesse","article_modified_time":"2026-02-12T20:01:40+00:00","twitter_card":"summary_large_image","twitter_misc":{"Dur\u00e9e de lecture estim\u00e9e":"1 minute"},"schema":{"@context":"https:\/\/schema.org","@graph":[{"@type":"WebPage","@id":"https:\/\/www.ysb.ca\/fr\/a-propos\/media\/","url":"https:\/\/www.ysb.ca\/fr\/a-propos\/media\/","name":"Salle des m\u00e9dias - Youth Services Jeunesse","isPartOf":{"@id":"https:\/\/www.ysb.ca\/fr\/#website"},"datePublished":"2017-07-21T15:27:00+00:00","dateModified":"2026-02-12T20:01:40+00:00","breadcrumb":{"@id":"https:\/\/www.ysb.ca\/fr\/a-propos\/media\/#breadcrumb"},"inLanguage":"fr-FR","potentialAction":[{"@type":"ReadAction","target":["https:\/\/www.ysb.ca\/fr\/a-propos\/media\/"]}]},{"@type":"BreadcrumbList","@id":"https:\/\/www.ysb.ca\/fr\/a-propos\/media\/#breadcrumb","itemListElement":[{"@type":"ListItem","position":1,"name":"Home","item":"https:\/\/www.ysb.ca\/fr\/"},{"@type":"ListItem","position":2,"name":"\u00c0 Propos","item":"https:\/\/www.ysb.ca\/fr\/a-propos\/"},{"@type":"ListItem","position":3,"name":"Salle des m\u00e9dias"}]},{"@type":"WebSite","@id":"https:\/\/www.ysb.ca\/fr\/#website","url":"https:\/\/www.ysb.ca\/fr\/","name":"Youth Services Jeunesse","description":"Ottawa Youth Services Jeunesse","publisher":{"@id":"https:\/\/www.ysb.ca\/fr\/#organization"},"potentialAction":[{"@type":"SearchAction","target":{"@type":"EntryPoint","urlTemplate":"https:\/\/www.ysb.ca\/fr\/?s={search_term_string}"},"query-input":{"@type":"PropertyValueSpecification","valueRequired":true,"valueName":"search_term_string"}}],"inLanguage":"fr-FR"},{"@type":"Organization","@id":"https:\/\/www.ysb.ca\/fr\/#organization","name":"Youth Services Jeunesse","url":"https:\/\/www.ysb.ca\/fr\/","logo":{"@type":"ImageObject","inLanguage":"fr-FR","@id":"https:\/\/www.ysb.ca\/fr\/#\/schema\/logo\/image\/","url":"https:\/\/www.ysb.ca\/wp-content\/uploads\/2020\/09\/ysb-logo.png","contentUrl":"https:\/\/www.ysb.ca\/wp-content\/uploads\/2020\/09\/ysb-logo.png","width":238,"height":94,"caption":"Youth Services Jeunesse"},"image":{"@id":"https:\/\/www.ysb.ca\/fr\/#\/schema\/logo\/image\/"},"sameAs":["https:\/\/www.instagram.com\/ysb.bsj\/","https:\/\/www.youtube.com\/user\/YSBOttawa"]}]}},"_links":{"self":[{"href":"https:\/\/www.ysb.ca\/fr\/wp-json\/wp\/v2\/pages\/1745","targetHints":{"allow":["GET"]}}],"collection":[{"href":"https:\/\/www.ysb.ca\/fr\/wp-json\/wp\/v2\/pages"}],"about":[{"href":"https:\/\/www.ysb.ca\/fr\/wp-json\/wp\/v2\/types\/page"}],"author":[{"embeddable":true,"href":"https:\/\/www.ysb.ca\/fr\/wp-json\/wp\/v2\/users\/1"}],"replies":[{"embeddable":true,"href":"https:\/\/www.ysb.ca\/fr\/wp-json\/wp\/v2\/comments?post=1745"}],"version-history":[{"count":8,"href":"https:\/\/www.ysb.ca\/fr\/wp-json\/wp\/v2\/pages\/1745\/revisions"}],"predecessor-version":[{"id":13998,"href":"https:\/\/www.ysb.ca\/fr\/wp-json\/wp\/v2\/pages\/1745\/revisions\/13998"}],"up":[{"embeddable":true,"href":"https:\/\/www.ysb.ca\/fr\/wp-json\/wp\/v2\/pages\/1761"}],"wp:attachment":[{"href":"https:\/\/www.ysb.ca\/fr\/wp-json\/wp\/v2\/media?parent=1745"}],"curies":[{"name":"wp","href":"https:\/\/api.w.org\/{rel}","templated":true}]}}