
{"id":1741,"date":"2017-09-29T10:31:13","date_gmt":"2017-09-29T14:31:13","guid":{"rendered":"http:\/\/www.ysb.ca\/for-youth\/youth-services\/"},"modified":"2018-08-09T16:20:49","modified_gmt":"2018-08-09T20:20:49","slug":"services","status":"publish","type":"page","link":"https:\/\/www.ysb.ca\/fr\/pour-les-jeunes\/services\/","title":{"rendered":"Services pour les jeunes"},"content":{"rendered":"<div class=\"wpb-content-wrapper\">[vc_row fullwidth=\u00a0\u00bbtrue\u00a0\u00bb][vc_column]\n        <div class=\"ysb-banner-wrapper\" style=\"background-image: url(https:\/\/www.ysb.ca\/wp-content\/uploads\/2018\/08\/serviceslandingpage.jpg);\">\n         \n            <div class=\"ysb-title-wrapper mk-animate-element bottom-to-top mk-in-viewport\" style=\"background-image: url();\">\n\t\t\t\t<h1 class=\"ysb-banner-title\">Services pour les jeunes<\/h1>\n\t\t\t\t\n\t\t\t<\/div>\n         \n        <\/div>[\/vc_column][\/vc_row][vc_row css=\u00a0\u00bb.vc_custom_1507302775462{padding-top: 80px !important;}\u00a0\u00bb][vc_column][vc_column_text css=\u00a0\u00bb.vc_custom_1516813833715{margin-bottom: 0px !important;}\u00a0\u00bb]Si vous avez besoin d&rsquo;aide, ou si vous souhaitez en recevoir, nous sommes l\u00e0 pour vous. Nous offrons des services aux jeunes con\u00e7us pour vous aider \u00e0 combler de vos besoins de base, et \u00e0 assurer votre sant\u00e9 physique et mentale ainsi que votre mieux-\u00eatre. Nous serons l\u00e0 pour vous \u00e9couter, pour \u00e9valuer votre situation, et pour travailler avec vous afin de vous aider \u00e0 faire les bons choix pour vous-m\u00eame et votre avenir.[\/vc_column_text][\/vc_column][\/vc_row][vc_row][vc_column][mk_padding_divider size=\u00a0\u00bb24&Prime;][\/vc_column][\/vc_row][vc_row css=\u00a0\u00bb.vc_custom_1507303371671{padding-bottom: 60px !important;}\u00a0\u00bb][vc_column][vc_column_text css=\u00a0\u00bb.vc_custom_1516814539002{margin-bottom: 0px !important;}\u00a0\u00bb]\n<h2><a href=\"\/fr\/pour-les-jeunes\/services\/logement\/\">J&rsquo;ai besoin d&rsquo;un logement<\/a><\/h2>\n<p>Nourriture, v\u00eatement, abris et soins pour les jeunes de la rue.<br \/>\n<a href=\"\/fr\/pour-les-jeunes\/services\/logement\/\">Plus<\/a>[\/vc_column_text][vc_column_text css=\u00a0\u00bb.vc_custom_1516898582146{margin-bottom: 0px !important;}\u00a0\u00bb]\n<h2><a href=\"\/fr\/services\/sante-mentale\/\">J&rsquo;ai besoin de parler au sujet de certains probl\u00e8mes<\/a><\/h2>\n<p>Quels que soient les probl\u00e8mes que vous vivez, nous pouvons vous aider.<br \/>\n<a href=\"\/fr\/services\/sante-mentale\/\">Plus<\/a>[\/vc_column_text][vc_column_text css=\u00a0\u00bb.vc_custom_1516815307196{margin-bottom: 0px !important;}\u00a0\u00bb]\n<h2><a href=\"\/fr\/pour-les-jeunes\/services\/justice\/\">J&rsquo;ai eu des d\u00e9m\u00eal\u00e9s avec la justice<\/a><\/h2>\n<p>Nous pouvons vous aider \u00e0 faire des choix positifs pour l\u2019avenir.<br \/>\n<a href=\"\/fr\/pour-les-jeunes\/services\/justice\/\">Plus<\/a>[\/vc_column_text][vc_column_text css=\u00a0\u00bb.vc_custom_1516815715486{margin-bottom: 0px !important;}\u00a0\u00bb]\n<h2><a href=\"\/fr\/pour-les-jeunes\/services\/emploi\/\">Je cherche un emploi<\/a><\/h2>\n<p>Information et aide pour vous aider \u00e0 trouver le bon emploi.<br \/>\n<a href=\"\/fr\/pour-les-jeunes\/services\/emploi\/\">Plus<\/a>[\/vc_column_text][vc_column_text css=\u00a0\u00bb.vc_custom_1516814929274{margin-bottom: 0px !important;}\u00a0\u00bb]\n<h2><a href=\"\/fr\/pour-les-jeunes\/services\/sante\/\">J&rsquo;ai des questions au sujet de ma sant\u00e9<\/a><\/h2>\n<p>Prestation de soins de sant\u00e9, de soins dentaires et autres, et ce, en toute s\u00e9curit\u00e9 et sans jugement.<br \/>\n<a href=\"\/fr\/pour-les-jeunes\/services\/sante\/\">Plus<\/a>[\/vc_column_text][\/vc_column][\/vc_row]\n<\/div>","protected":false},"excerpt":{"rendered":"<p>[vc_row fullwidth=\u00a0\u00bbtrue\u00a0\u00bb][vc_column][\/vc_column][\/vc_row][vc_row css=\u00a0\u00bb.vc_custom_1507302775462{padding-top: 80px !important;}\u00a0\u00bb][vc_column][vc_column_text css=\u00a0\u00bb.vc_custom_1516813833715{margin-bottom: 0px !important;}\u00a0\u00bb]Si vous avez besoin d&rsquo;aide, ou si vous souhaitez en recevoir, nous sommes l\u00e0 pour vous. Nous offrons des services aux jeunes con\u00e7us pour vous aider \u00e0 combler de vos besoins de base, et \u00e0 assurer votre sant\u00e9 physique et mentale ainsi que votre mieux-\u00eatre. Nous serons l\u00e0 [&hellip;]<\/p>\n","protected":false},"author":1,"featured_media":0,"parent":1665,"menu_order":229,"comment_status":"closed","ping_status":"closed","template":"","meta":{"rs_blank_template":"","rs_page_bg_color":"","slide_template_v7":"","footnotes":""},"class_list":["post-1741","page","type-page","status-publish","hentry"],"yoast_head":"<!-- This site is optimized with the Yoast SEO plugin v27.4 - https:\/\/yoast.com\/product\/yoast-seo-wordpress\/ -->\n<title>Services pour les jeunes - Youth Services Jeunesse<\/title>\n<meta name=\"robots\" content=\"index, follow, max-snippet:-1, max-image-preview:large, max-video-preview:-1\" \/>\n<link rel=\"canonical\" href=\"https:\/\/www.ysb.ca\/fr\/pour-les-jeunes\/services\/\" \/>\n<meta property=\"og:locale\" content=\"fr_FR\" \/>\n<meta property=\"og:type\" content=\"article\" \/>\n<meta property=\"og:title\" content=\"Services pour les jeunes - Youth Services Jeunesse\" \/>\n<meta property=\"og:description\" content=\"[vc_row fullwidth=\u00a0\u00bbtrue\u00a0\u00bb][vc_column][\/vc_column][\/vc_row][vc_row css=\u00a0\u00bb.vc_custom_1507302775462{padding-top: 80px !important;}\u00a0\u00bb][vc_column][vc_column_text css=\u00a0\u00bb.vc_custom_1516813833715{margin-bottom: 0px !important;}\u00a0\u00bb]Si vous avez besoin d&rsquo;aide, ou si vous souhaitez en recevoir, nous sommes l\u00e0 pour vous. Nous offrons des services aux jeunes con\u00e7us pour vous aider \u00e0 combler de vos besoins de base, et \u00e0 assurer votre sant\u00e9 physique et mentale ainsi que votre mieux-\u00eatre. Nous serons l\u00e0 [&hellip;]\" \/>\n<meta property=\"og:url\" content=\"https:\/\/www.ysb.ca\/fr\/pour-les-jeunes\/services\/\" \/>\n<meta property=\"og:site_name\" content=\"Youth Services Jeunesse\" \/>\n<meta property=\"article:modified_time\" content=\"2018-08-09T20:20:49+00:00\" \/>\n<meta name=\"twitter:card\" content=\"summary_large_image\" \/>\n<meta name=\"twitter:label1\" content=\"Dur\u00e9e de lecture estim\u00e9e\" \/>\n\t<meta name=\"twitter:data1\" content=\"2 minutes\" \/>\n<script type=\"application\/ld+json\" class=\"yoast-schema-graph\">{\"@context\":\"https:\\\/\\\/schema.org\",\"@graph\":[{\"@type\":\"WebPage\",\"@id\":\"https:\\\/\\\/www.ysb.ca\\\/fr\\\/pour-les-jeunes\\\/services\\\/\",\"url\":\"https:\\\/\\\/www.ysb.ca\\\/fr\\\/pour-les-jeunes\\\/services\\\/\",\"name\":\"Services pour les jeunes - Youth Services Jeunesse\",\"isPartOf\":{\"@id\":\"https:\\\/\\\/www.ysb.ca\\\/fr\\\/#website\"},\"datePublished\":\"2017-09-29T14:31:13+00:00\",\"dateModified\":\"2018-08-09T20:20:49+00:00\",\"breadcrumb\":{\"@id\":\"https:\\\/\\\/www.ysb.ca\\\/fr\\\/pour-les-jeunes\\\/services\\\/#breadcrumb\"},\"inLanguage\":\"fr-FR\",\"potentialAction\":[{\"@type\":\"ReadAction\",\"target\":[\"https:\\\/\\\/www.ysb.ca\\\/fr\\\/pour-les-jeunes\\\/services\\\/\"]}]},{\"@type\":\"BreadcrumbList\",\"@id\":\"https:\\\/\\\/www.ysb.ca\\\/fr\\\/pour-les-jeunes\\\/services\\\/#breadcrumb\",\"itemListElement\":[{\"@type\":\"ListItem\",\"position\":1,\"name\":\"Home\",\"item\":\"https:\\\/\\\/www.ysb.ca\\\/fr\\\/\"},{\"@type\":\"ListItem\",\"position\":2,\"name\":\"Pour les jeunes\",\"item\":\"https:\\\/\\\/www.ysb.ca\\\/fr\\\/pour-les-jeunes\\\/\"},{\"@type\":\"ListItem\",\"position\":3,\"name\":\"Services pour les jeunes\"}]},{\"@type\":\"WebSite\",\"@id\":\"https:\\\/\\\/www.ysb.ca\\\/fr\\\/#website\",\"url\":\"https:\\\/\\\/www.ysb.ca\\\/fr\\\/\",\"name\":\"Youth Services Jeunesse\",\"description\":\"Ottawa Youth Services Jeunesse\",\"publisher\":{\"@id\":\"https:\\\/\\\/www.ysb.ca\\\/fr\\\/#organization\"},\"potentialAction\":[{\"@type\":\"SearchAction\",\"target\":{\"@type\":\"EntryPoint\",\"urlTemplate\":\"https:\\\/\\\/www.ysb.ca\\\/fr\\\/?s={search_term_string}\"},\"query-input\":{\"@type\":\"PropertyValueSpecification\",\"valueRequired\":true,\"valueName\":\"search_term_string\"}}],\"inLanguage\":\"fr-FR\"},{\"@type\":\"Organization\",\"@id\":\"https:\\\/\\\/www.ysb.ca\\\/fr\\\/#organization\",\"name\":\"Youth Services Jeunesse\",\"url\":\"https:\\\/\\\/www.ysb.ca\\\/fr\\\/\",\"logo\":{\"@type\":\"ImageObject\",\"inLanguage\":\"fr-FR\",\"@id\":\"https:\\\/\\\/www.ysb.ca\\\/fr\\\/#\\\/schema\\\/logo\\\/image\\\/\",\"url\":\"https:\\\/\\\/www.ysb.ca\\\/wp-content\\\/uploads\\\/2020\\\/09\\\/ysb-logo.png\",\"contentUrl\":\"https:\\\/\\\/www.ysb.ca\\\/wp-content\\\/uploads\\\/2020\\\/09\\\/ysb-logo.png\",\"width\":238,\"height\":94,\"caption\":\"Youth Services Jeunesse\"},\"image\":{\"@id\":\"https:\\\/\\\/www.ysb.ca\\\/fr\\\/#\\\/schema\\\/logo\\\/image\\\/\"},\"sameAs\":[\"https:\\\/\\\/www.instagram.com\\\/ysb.bsj\\\/\",\"https:\\\/\\\/www.youtube.com\\\/user\\\/YSBOttawa\"]}]}<\/script>\n<!-- \/ Yoast SEO plugin. -->","yoast_head_json":{"title":"Services pour les jeunes - Youth Services Jeunesse","robots":{"index":"index","follow":"follow","max-snippet":"max-snippet:-1","max-image-preview":"max-image-preview:large","max-video-preview":"max-video-preview:-1"},"canonical":"https:\/\/www.ysb.ca\/fr\/pour-les-jeunes\/services\/","og_locale":"fr_FR","og_type":"article","og_title":"Services pour les jeunes - Youth Services Jeunesse","og_description":"[vc_row fullwidth=\u00a0\u00bbtrue\u00a0\u00bb][vc_column][\/vc_column][\/vc_row][vc_row css=\u00a0\u00bb.vc_custom_1507302775462{padding-top: 80px !important;}\u00a0\u00bb][vc_column][vc_column_text css=\u00a0\u00bb.vc_custom_1516813833715{margin-bottom: 0px !important;}\u00a0\u00bb]Si vous avez besoin d&rsquo;aide, ou si vous souhaitez en recevoir, nous sommes l\u00e0 pour vous. Nous offrons des services aux jeunes con\u00e7us pour vous aider \u00e0 combler de vos besoins de base, et \u00e0 assurer votre sant\u00e9 physique et mentale ainsi que votre mieux-\u00eatre. Nous serons l\u00e0 [&hellip;]","og_url":"https:\/\/www.ysb.ca\/fr\/pour-les-jeunes\/services\/","og_site_name":"Youth Services Jeunesse","article_modified_time":"2018-08-09T20:20:49+00:00","twitter_card":"summary_large_image","twitter_misc":{"Dur\u00e9e de lecture estim\u00e9e":"2 minutes"},"schema":{"@context":"https:\/\/schema.org","@graph":[{"@type":"WebPage","@id":"https:\/\/www.ysb.ca\/fr\/pour-les-jeunes\/services\/","url":"https:\/\/www.ysb.ca\/fr\/pour-les-jeunes\/services\/","name":"Services pour les jeunes - Youth Services Jeunesse","isPartOf":{"@id":"https:\/\/www.ysb.ca\/fr\/#website"},"datePublished":"2017-09-29T14:31:13+00:00","dateModified":"2018-08-09T20:20:49+00:00","breadcrumb":{"@id":"https:\/\/www.ysb.ca\/fr\/pour-les-jeunes\/services\/#breadcrumb"},"inLanguage":"fr-FR","potentialAction":[{"@type":"ReadAction","target":["https:\/\/www.ysb.ca\/fr\/pour-les-jeunes\/services\/"]}]},{"@type":"BreadcrumbList","@id":"https:\/\/www.ysb.ca\/fr\/pour-les-jeunes\/services\/#breadcrumb","itemListElement":[{"@type":"ListItem","position":1,"name":"Home","item":"https:\/\/www.ysb.ca\/fr\/"},{"@type":"ListItem","position":2,"name":"Pour les jeunes","item":"https:\/\/www.ysb.ca\/fr\/pour-les-jeunes\/"},{"@type":"ListItem","position":3,"name":"Services pour les jeunes"}]},{"@type":"WebSite","@id":"https:\/\/www.ysb.ca\/fr\/#website","url":"https:\/\/www.ysb.ca\/fr\/","name":"Youth Services Jeunesse","description":"Ottawa Youth Services Jeunesse","publisher":{"@id":"https:\/\/www.ysb.ca\/fr\/#organization"},"potentialAction":[{"@type":"SearchAction","target":{"@type":"EntryPoint","urlTemplate":"https:\/\/www.ysb.ca\/fr\/?s={search_term_string}"},"query-input":{"@type":"PropertyValueSpecification","valueRequired":true,"valueName":"search_term_string"}}],"inLanguage":"fr-FR"},{"@type":"Organization","@id":"https:\/\/www.ysb.ca\/fr\/#organization","name":"Youth Services Jeunesse","url":"https:\/\/www.ysb.ca\/fr\/","logo":{"@type":"ImageObject","inLanguage":"fr-FR","@id":"https:\/\/www.ysb.ca\/fr\/#\/schema\/logo\/image\/","url":"https:\/\/www.ysb.ca\/wp-content\/uploads\/2020\/09\/ysb-logo.png","contentUrl":"https:\/\/www.ysb.ca\/wp-content\/uploads\/2020\/09\/ysb-logo.png","width":238,"height":94,"caption":"Youth Services Jeunesse"},"image":{"@id":"https:\/\/www.ysb.ca\/fr\/#\/schema\/logo\/image\/"},"sameAs":["https:\/\/www.instagram.com\/ysb.bsj\/","https:\/\/www.youtube.com\/user\/YSBOttawa"]}]}},"_links":{"self":[{"href":"https:\/\/www.ysb.ca\/fr\/wp-json\/wp\/v2\/pages\/1741","targetHints":{"allow":["GET"]}}],"collection":[{"href":"https:\/\/www.ysb.ca\/fr\/wp-json\/wp\/v2\/pages"}],"about":[{"href":"https:\/\/www.ysb.ca\/fr\/wp-json\/wp\/v2\/types\/page"}],"author":[{"embeddable":true,"href":"https:\/\/www.ysb.ca\/fr\/wp-json\/wp\/v2\/users\/1"}],"replies":[{"embeddable":true,"href":"https:\/\/www.ysb.ca\/fr\/wp-json\/wp\/v2\/comments?post=1741"}],"version-history":[{"count":5,"href":"https:\/\/www.ysb.ca\/fr\/wp-json\/wp\/v2\/pages\/1741\/revisions"}],"predecessor-version":[{"id":2902,"href":"https:\/\/www.ysb.ca\/fr\/wp-json\/wp\/v2\/pages\/1741\/revisions\/2902"}],"up":[{"embeddable":true,"href":"https:\/\/www.ysb.ca\/fr\/wp-json\/wp\/v2\/pages\/1665"}],"wp:attachment":[{"href":"https:\/\/www.ysb.ca\/fr\/wp-json\/wp\/v2\/media?parent=1741"}],"curies":[{"name":"wp","href":"https:\/\/api.w.org\/{rel}","templated":true}]}}