
{"id":1739,"date":"2017-09-29T10:34:40","date_gmt":"2017-09-29T14:34:40","guid":{"rendered":"http:\/\/www.ysb.ca\/for-youth\/youth-engagement\/ethno-cultural-youth-advisory\/"},"modified":"2026-03-20T11:54:24","modified_gmt":"2026-03-20T15:54:24","slug":"comite-ethnoculturel","status":"publish","type":"page","link":"https:\/\/www.ysb.ca\/fr\/pour-les-jeunes\/comites-consultatifs\/comite-ethnoculturel\/","title":{"rendered":"Comit\u00e9 consultatif des jeunes ethnoculturels"},"content":{"rendered":"<div class=\"wpb-content-wrapper\">[vc_row fullwidth=\u00a0\u00bbtrue\u00a0\u00bb][vc_column]\n        <div class=\"ysb-banner-wrapper\" style=\"background-image: url(https:\/\/www.ysb.ca\/wp-content\/uploads\/2018\/08\/ethnocultural.jpg);\">\n         \n            <div class=\"ysb-title-wrapper mk-animate-element bottom-to-top mk-in-viewport\" style=\"background-image: url();\">\n\t\t\t\t<h1 class=\"ysb-banner-title\">Comit\u00e9 consultatif des jeunes ethnoculturels<\/h1>\n\t\t\t\t\n\t\t\t<\/div>\n         \n        <\/div>[\/vc_column][\/vc_row][vc_row css=\u00a0\u00bb.vc_custom_1507301140294{padding-top: 80px !important;padding-bottom: 60px !important;}\u00a0\u00bb][vc_column][vc_column_text css=\u00a0\u00bb.vc_custom_1507301044162{margin-bottom: 0px !important;}\u00a0\u00bb]Ce comit\u00e9 consultatif travaille avec les organismes qui offrent des services aux jeunes et \u00e0 leur famille et avec les dirigeants communautaires dans le but de cerner les besoins des jeunes immigrants et de leur famille, et d\u2019y r\u00e9pondre. Une \u00e9quipe de 12 membres compos\u00e9e de jeunes (\u00e2g\u00e9s de 15 \u00e0 24 ans) s\u2019\u00e9vertue \u00e0 sensibiliser davantage la population aux questions touchant les immigrants et ethnoculturelles \u00e0 Ottawa. Ils font des recherches sur les d\u00e9fis auxquels font face les nouveaux arriv\u00e9s au Canada, et ensuite partagent leurs constatations par le biais d\u2019ateliers et de s\u00e9ances de renseignements \u00e0 l\u2019intention des fournisseurs de services communautaires et des d\u00e9cisionnaires.<\/p>\n<p>En favorisant le dialogue continu et en d\u00e9veloppant des relations solides avec les fournisseurs communautaires, le comit\u00e9 aide \u00e0 faire en sorte que les jeunes immigrants et leur famille ont acc\u00e8s aux services et aux soutiens dont ils ont besoin pour bien faire la transition \u00e0 la soci\u00e9t\u00e9 canadienne.<\/p>\n<p>Des ateliers anim\u00e9s par des jeunes aident \u00e0 engager les jeunes immigrants et ethnoculturels, \u00e0 les habiliter et \u00e0 les inspirer \u00e0 faciliter le changement dans leur propre communaut\u00e9.[\/vc_column_text][mk_padding_divider size=\u00a0\u00bb24&Prime;][vc_column_text margin_bottom=\u00a0\u00bb0&Prime; css=\u00a0\u00bb.vc_custom_1774022021084{margin-bottom: 0px !important;}\u00a0\u00bb]\n<h2>Comment acc\u00e9der au programme<\/h2>\n<p>Communiquez avec la coordonnatrice du programme pour organiser une s\u00e9ance ou un atelier de renseignements, pour vous porter b\u00e9n\u00e9vole au Comit\u00e9 consultatif des jeunes ethnoculturels ou pour obtenir de plus amples renseignements au sujet du groupe.<\/p>\n<p><strong>Simrat Bhele<br \/>\ncourriel : <a href=\"mailto:sbhele@ysb.ca\">sbhele@ysb.ca<\/a><\/strong>[\/vc_column_text][mk_padding_divider size=\u00a0\u00bb24&Prime;][mk_image src=\u00a0\u00bbhttps:\/\/www.ysb.ca\/wp-content\/uploads\/2025\/11\/eyac-social-media-logo-.png\u00a0\u00bb image_width=\u00a0\u00bb800&Prime; image_height=\u00a0\u00bb350&Prime; align=\u00a0\u00bbcenter\u00a0\u00bb margin_bottom=\u00a0\u00bb10&Prime;][\/vc_column][\/vc_row]\n<\/div>","protected":false},"excerpt":{"rendered":"<p>[vc_row fullwidth=\u00a0\u00bbtrue\u00a0\u00bb][vc_column][\/vc_column][\/vc_row][vc_row css=\u00a0\u00bb.vc_custom_1507301140294{padding-top: 80px !important;padding-bottom: 60px !important;}\u00a0\u00bb][vc_column][vc_column_text css=\u00a0\u00bb.vc_custom_1507301044162{margin-bottom: 0px !important;}\u00a0\u00bb]Ce comit\u00e9 consultatif travaille avec les organismes qui offrent des services aux jeunes et \u00e0 leur famille et avec les dirigeants communautaires dans le but de cerner les besoins des jeunes immigrants et de leur famille, et d\u2019y r\u00e9pondre. Une \u00e9quipe de 12 membres compos\u00e9e de [&hellip;]<\/p>\n","protected":false},"author":1,"featured_media":0,"parent":1668,"menu_order":226,"comment_status":"closed","ping_status":"closed","template":"","meta":{"rs_blank_template":"","rs_page_bg_color":"","slide_template_v7":"","footnotes":""},"class_list":["post-1739","page","type-page","status-publish","hentry"],"yoast_head":"<!-- This site is optimized with the Yoast SEO plugin v27.5 - https:\/\/yoast.com\/product\/yoast-seo-wordpress\/ -->\n<title>Comit\u00e9 consultatif des jeunes ethnoculturels - Youth Services Jeunesse<\/title>\n<meta name=\"robots\" content=\"index, follow, max-snippet:-1, max-image-preview:large, max-video-preview:-1\" \/>\n<link rel=\"canonical\" href=\"https:\/\/www.ysb.ca\/fr\/pour-les-jeunes\/comites-consultatifs\/comite-ethnoculturel\/\" \/>\n<meta property=\"og:locale\" content=\"fr_FR\" \/>\n<meta property=\"og:type\" content=\"article\" \/>\n<meta property=\"og:title\" content=\"Comit\u00e9 consultatif des jeunes ethnoculturels - Youth Services Jeunesse\" \/>\n<meta property=\"og:description\" content=\"[vc_row fullwidth=\u00a0\u00bbtrue\u00a0\u00bb][vc_column][\/vc_column][\/vc_row][vc_row css=\u00a0\u00bb.vc_custom_1507301140294{padding-top: 80px !important;padding-bottom: 60px !important;}\u00a0\u00bb][vc_column][vc_column_text css=\u00a0\u00bb.vc_custom_1507301044162{margin-bottom: 0px !important;}\u00a0\u00bb]Ce comit\u00e9 consultatif travaille avec les organismes qui offrent des services aux jeunes et \u00e0 leur famille et avec les dirigeants communautaires dans le but de cerner les besoins des jeunes immigrants et de leur famille, et d\u2019y r\u00e9pondre. Une \u00e9quipe de 12 membres compos\u00e9e de [&hellip;]\" \/>\n<meta property=\"og:url\" content=\"https:\/\/www.ysb.ca\/fr\/pour-les-jeunes\/comites-consultatifs\/comite-ethnoculturel\/\" \/>\n<meta property=\"og:site_name\" content=\"Youth Services Jeunesse\" \/>\n<meta property=\"article:modified_time\" content=\"2026-03-20T15:54:24+00:00\" \/>\n<meta name=\"twitter:card\" content=\"summary_large_image\" \/>\n<meta name=\"twitter:label1\" content=\"Dur\u00e9e de lecture estim\u00e9e\" \/>\n\t<meta name=\"twitter:data1\" content=\"2 minutes\" \/>\n<script type=\"application\/ld+json\" class=\"yoast-schema-graph\">{\"@context\":\"https:\\\/\\\/schema.org\",\"@graph\":[{\"@type\":\"WebPage\",\"@id\":\"https:\\\/\\\/www.ysb.ca\\\/fr\\\/pour-les-jeunes\\\/comites-consultatifs\\\/comite-ethnoculturel\\\/\",\"url\":\"https:\\\/\\\/www.ysb.ca\\\/fr\\\/pour-les-jeunes\\\/comites-consultatifs\\\/comite-ethnoculturel\\\/\",\"name\":\"Comit\u00e9 consultatif des jeunes ethnoculturels - Youth Services Jeunesse\",\"isPartOf\":{\"@id\":\"https:\\\/\\\/www.ysb.ca\\\/fr\\\/#website\"},\"datePublished\":\"2017-09-29T14:34:40+00:00\",\"dateModified\":\"2026-03-20T15:54:24+00:00\",\"breadcrumb\":{\"@id\":\"https:\\\/\\\/www.ysb.ca\\\/fr\\\/pour-les-jeunes\\\/comites-consultatifs\\\/comite-ethnoculturel\\\/#breadcrumb\"},\"inLanguage\":\"fr-FR\",\"potentialAction\":[{\"@type\":\"ReadAction\",\"target\":[\"https:\\\/\\\/www.ysb.ca\\\/fr\\\/pour-les-jeunes\\\/comites-consultatifs\\\/comite-ethnoculturel\\\/\"]}]},{\"@type\":\"BreadcrumbList\",\"@id\":\"https:\\\/\\\/www.ysb.ca\\\/fr\\\/pour-les-jeunes\\\/comites-consultatifs\\\/comite-ethnoculturel\\\/#breadcrumb\",\"itemListElement\":[{\"@type\":\"ListItem\",\"position\":1,\"name\":\"Home\",\"item\":\"https:\\\/\\\/www.ysb.ca\\\/fr\\\/\"},{\"@type\":\"ListItem\",\"position\":2,\"name\":\"Pour les jeunes\",\"item\":\"https:\\\/\\\/www.ysb.ca\\\/fr\\\/pour-les-jeunes\\\/\"},{\"@type\":\"ListItem\",\"position\":3,\"name\":\"Comit\u00e9s consultatifs des jeunes\",\"item\":\"https:\\\/\\\/www.ysb.ca\\\/fr\\\/pour-les-jeunes\\\/comites-consultatifs\\\/\"},{\"@type\":\"ListItem\",\"position\":4,\"name\":\"Comit\u00e9 consultatif des jeunes ethnoculturels\"}]},{\"@type\":\"WebSite\",\"@id\":\"https:\\\/\\\/www.ysb.ca\\\/fr\\\/#website\",\"url\":\"https:\\\/\\\/www.ysb.ca\\\/fr\\\/\",\"name\":\"Youth Services Jeunesse\",\"description\":\"Ottawa Youth Services Jeunesse\",\"publisher\":{\"@id\":\"https:\\\/\\\/www.ysb.ca\\\/fr\\\/#organization\"},\"potentialAction\":[{\"@type\":\"SearchAction\",\"target\":{\"@type\":\"EntryPoint\",\"urlTemplate\":\"https:\\\/\\\/www.ysb.ca\\\/fr\\\/?s={search_term_string}\"},\"query-input\":{\"@type\":\"PropertyValueSpecification\",\"valueRequired\":true,\"valueName\":\"search_term_string\"}}],\"inLanguage\":\"fr-FR\"},{\"@type\":\"Organization\",\"@id\":\"https:\\\/\\\/www.ysb.ca\\\/fr\\\/#organization\",\"name\":\"Youth Services Jeunesse\",\"url\":\"https:\\\/\\\/www.ysb.ca\\\/fr\\\/\",\"logo\":{\"@type\":\"ImageObject\",\"inLanguage\":\"fr-FR\",\"@id\":\"https:\\\/\\\/www.ysb.ca\\\/fr\\\/#\\\/schema\\\/logo\\\/image\\\/\",\"url\":\"https:\\\/\\\/www.ysb.ca\\\/wp-content\\\/uploads\\\/2020\\\/09\\\/ysb-logo.png\",\"contentUrl\":\"https:\\\/\\\/www.ysb.ca\\\/wp-content\\\/uploads\\\/2020\\\/09\\\/ysb-logo.png\",\"width\":238,\"height\":94,\"caption\":\"Youth Services Jeunesse\"},\"image\":{\"@id\":\"https:\\\/\\\/www.ysb.ca\\\/fr\\\/#\\\/schema\\\/logo\\\/image\\\/\"},\"sameAs\":[\"https:\\\/\\\/www.instagram.com\\\/ysb.bsj\\\/\",\"https:\\\/\\\/www.youtube.com\\\/user\\\/YSBOttawa\"]}]}<\/script>\n<!-- \/ Yoast SEO plugin. -->","yoast_head_json":{"title":"Comit\u00e9 consultatif des jeunes ethnoculturels - Youth Services Jeunesse","robots":{"index":"index","follow":"follow","max-snippet":"max-snippet:-1","max-image-preview":"max-image-preview:large","max-video-preview":"max-video-preview:-1"},"canonical":"https:\/\/www.ysb.ca\/fr\/pour-les-jeunes\/comites-consultatifs\/comite-ethnoculturel\/","og_locale":"fr_FR","og_type":"article","og_title":"Comit\u00e9 consultatif des jeunes ethnoculturels - Youth Services Jeunesse","og_description":"[vc_row fullwidth=\u00a0\u00bbtrue\u00a0\u00bb][vc_column][\/vc_column][\/vc_row][vc_row css=\u00a0\u00bb.vc_custom_1507301140294{padding-top: 80px !important;padding-bottom: 60px !important;}\u00a0\u00bb][vc_column][vc_column_text css=\u00a0\u00bb.vc_custom_1507301044162{margin-bottom: 0px !important;}\u00a0\u00bb]Ce comit\u00e9 consultatif travaille avec les organismes qui offrent des services aux jeunes et \u00e0 leur famille et avec les dirigeants communautaires dans le but de cerner les besoins des jeunes immigrants et de leur famille, et d\u2019y r\u00e9pondre. Une \u00e9quipe de 12 membres compos\u00e9e de [&hellip;]","og_url":"https:\/\/www.ysb.ca\/fr\/pour-les-jeunes\/comites-consultatifs\/comite-ethnoculturel\/","og_site_name":"Youth Services Jeunesse","article_modified_time":"2026-03-20T15:54:24+00:00","twitter_card":"summary_large_image","twitter_misc":{"Dur\u00e9e de lecture estim\u00e9e":"2 minutes"},"schema":{"@context":"https:\/\/schema.org","@graph":[{"@type":"WebPage","@id":"https:\/\/www.ysb.ca\/fr\/pour-les-jeunes\/comites-consultatifs\/comite-ethnoculturel\/","url":"https:\/\/www.ysb.ca\/fr\/pour-les-jeunes\/comites-consultatifs\/comite-ethnoculturel\/","name":"Comit\u00e9 consultatif des jeunes ethnoculturels - Youth Services Jeunesse","isPartOf":{"@id":"https:\/\/www.ysb.ca\/fr\/#website"},"datePublished":"2017-09-29T14:34:40+00:00","dateModified":"2026-03-20T15:54:24+00:00","breadcrumb":{"@id":"https:\/\/www.ysb.ca\/fr\/pour-les-jeunes\/comites-consultatifs\/comite-ethnoculturel\/#breadcrumb"},"inLanguage":"fr-FR","potentialAction":[{"@type":"ReadAction","target":["https:\/\/www.ysb.ca\/fr\/pour-les-jeunes\/comites-consultatifs\/comite-ethnoculturel\/"]}]},{"@type":"BreadcrumbList","@id":"https:\/\/www.ysb.ca\/fr\/pour-les-jeunes\/comites-consultatifs\/comite-ethnoculturel\/#breadcrumb","itemListElement":[{"@type":"ListItem","position":1,"name":"Home","item":"https:\/\/www.ysb.ca\/fr\/"},{"@type":"ListItem","position":2,"name":"Pour les jeunes","item":"https:\/\/www.ysb.ca\/fr\/pour-les-jeunes\/"},{"@type":"ListItem","position":3,"name":"Comit\u00e9s consultatifs des jeunes","item":"https:\/\/www.ysb.ca\/fr\/pour-les-jeunes\/comites-consultatifs\/"},{"@type":"ListItem","position":4,"name":"Comit\u00e9 consultatif des jeunes ethnoculturels"}]},{"@type":"WebSite","@id":"https:\/\/www.ysb.ca\/fr\/#website","url":"https:\/\/www.ysb.ca\/fr\/","name":"Youth Services Jeunesse","description":"Ottawa Youth Services Jeunesse","publisher":{"@id":"https:\/\/www.ysb.ca\/fr\/#organization"},"potentialAction":[{"@type":"SearchAction","target":{"@type":"EntryPoint","urlTemplate":"https:\/\/www.ysb.ca\/fr\/?s={search_term_string}"},"query-input":{"@type":"PropertyValueSpecification","valueRequired":true,"valueName":"search_term_string"}}],"inLanguage":"fr-FR"},{"@type":"Organization","@id":"https:\/\/www.ysb.ca\/fr\/#organization","name":"Youth Services Jeunesse","url":"https:\/\/www.ysb.ca\/fr\/","logo":{"@type":"ImageObject","inLanguage":"fr-FR","@id":"https:\/\/www.ysb.ca\/fr\/#\/schema\/logo\/image\/","url":"https:\/\/www.ysb.ca\/wp-content\/uploads\/2020\/09\/ysb-logo.png","contentUrl":"https:\/\/www.ysb.ca\/wp-content\/uploads\/2020\/09\/ysb-logo.png","width":238,"height":94,"caption":"Youth Services Jeunesse"},"image":{"@id":"https:\/\/www.ysb.ca\/fr\/#\/schema\/logo\/image\/"},"sameAs":["https:\/\/www.instagram.com\/ysb.bsj\/","https:\/\/www.youtube.com\/user\/YSBOttawa"]}]}},"_links":{"self":[{"href":"https:\/\/www.ysb.ca\/fr\/wp-json\/wp\/v2\/pages\/1739","targetHints":{"allow":["GET"]}}],"collection":[{"href":"https:\/\/www.ysb.ca\/fr\/wp-json\/wp\/v2\/pages"}],"about":[{"href":"https:\/\/www.ysb.ca\/fr\/wp-json\/wp\/v2\/types\/page"}],"author":[{"embeddable":true,"href":"https:\/\/www.ysb.ca\/fr\/wp-json\/wp\/v2\/users\/1"}],"replies":[{"embeddable":true,"href":"https:\/\/www.ysb.ca\/fr\/wp-json\/wp\/v2\/comments?post=1739"}],"version-history":[{"count":7,"href":"https:\/\/www.ysb.ca\/fr\/wp-json\/wp\/v2\/pages\/1739\/revisions"}],"predecessor-version":[{"id":14237,"href":"https:\/\/www.ysb.ca\/fr\/wp-json\/wp\/v2\/pages\/1739\/revisions\/14237"}],"up":[{"embeddable":true,"href":"https:\/\/www.ysb.ca\/fr\/wp-json\/wp\/v2\/pages\/1668"}],"wp:attachment":[{"href":"https:\/\/www.ysb.ca\/fr\/wp-json\/wp\/v2\/media?parent=1739"}],"curies":[{"name":"wp","href":"https:\/\/api.w.org\/{rel}","templated":true}]}}