
{"id":1738,"date":"2017-09-29T10:35:21","date_gmt":"2017-09-29T14:35:21","guid":{"rendered":"http:\/\/www.ysb.ca\/for-youth\/youth-engagement\/purple-sisters-youth-advisory\/"},"modified":"2026-03-20T11:51:53","modified_gmt":"2026-03-20T15:51:53","slug":"jeunes-femmes-violettes","status":"publish","type":"page","link":"https:\/\/www.ysb.ca\/fr\/pour-les-jeunes\/comites-consultatifs\/jeunes-femmes-violettes\/","title":{"rendered":"Comit\u00e9 consultatif des jeunes femmes violettes"},"content":{"rendered":"<div class=\"wpb-content-wrapper\">[vc_row fullwidth=\u00a0\u00bbtrue\u00a0\u00bb][vc_column]\n        <div class=\"ysb-banner-wrapper\" style=\"background-image: url(https:\/\/www.ysb.ca\/wp-content\/uploads\/2018\/08\/purplesisters.jpg);\">\n         \n            <div class=\"ysb-title-wrapper mk-animate-element bottom-to-top mk-in-viewport\" style=\"background-image: url();\">\n\t\t\t\t<h1 class=\"ysb-banner-title\">Le Comit\u00e9 consultatif des jeunes femmes violettes<\/h1>\n\t\t\t\t\n\t\t\t<\/div>\n         \n        <\/div>[\/vc_column][\/vc_row][vc_row css=\u00a0\u00bb.vc_custom_1507302361748{padding-bottom: 60px !important;}\u00a0\u00bb][vc_column][mk_padding_divider size=\u00a0\u00bb24&Prime;][vc_column_text css=\u00a0\u00bb.vc_custom_1519424684648{margin-bottom: 0px !important;}\u00a0\u00bb]<strong>Les jeunes femmes violettes sur\u00a0<a href=\"https:\/\/www.facebook.com\/purplesistersysb\/\">Facebook<\/a> and <a href=\"https:\/\/twitter.com\/_PurpleSisters\">Twitter<\/a><\/strong><\/p>\n<p>Le Comit\u00e9 consultatif des jeunes femmes violettes travaille dans le but de sensibiliser davantage la population aux questions touchant les jeunes femmes dans la communaut\u00e9. Les questions comme la violence, les injustices en milieu de travail, les syst\u00e8mes juridiques et scolaires ne sont pas nouvelles, mais elles n\u2019en demeurent pas moins importantes. Bien que des progr\u00e8s aient \u00e9t\u00e9 r\u00e9alis\u00e9s, nous devons continuer de combattre avec engagement et passion le mauvais traitement et les injustices.<\/p>\n<p>Jeunes femmes violettes attirent l\u2019attention \u00e0 ces questions dans un environnement qui, autrement structur\u00e9, pourrait faire en sorte qu\u2019elles sont rel\u00e9gu\u00e9es au second plan en raison de questions touchant les femmes, qui sont plus r\u00e9centes et mieux publicis\u00e9es\u2014par exemple, celles qui sont li\u00e9es \u00e0 la sexualit\u00e9 et \u00e0 la race.<\/p>\n<p>Ce groupe se joint aux jeunes femmes violettes et aux organismes qui les desservent pour offrir les s\u00e9ances d\u2019\u00e9ducation, des ateliers, des \u00e9v\u00e9nements et des activit\u00e9s qui favorisent une compr\u00e9hension des questions courantes sur les femmes.[\/vc_column_text][vc_column_text css=\u00a0\u00bb.vc_custom_1667493378626{margin-bottom: 0px !important;}\u00a0\u00bb]\n<h2>Comment acc\u00e9der au programme<\/h2>\n<p>Communiquez avec la coordonnatrice du programme pour organiser une s\u00e9ance de renseignements ou un atelier dirig\u00e9 par les jeunes, pour se porter b\u00e9n\u00e9vole au Comit\u00e9 consultatif des jeunes femmes violettes ou pour obtenir de plus amples renseignements au sujet du groupe.<\/p>\n<p><strong>Personne responsable : <\/strong>Brenda Allard<br \/>\n<strong>Courriel : <\/strong><a href=\"mailto:ballard@ysb.on.ca\">ballard@ysb.ca<\/a>[\/vc_column_text][mk_padding_divider size=\u00a0\u00bb24&Prime;][mk_image src=\u00a0\u00bbhttps:\/\/www.ysb.ca\/wp-content\/uploads\/2025\/11\/purple-sisters-new-logo-png-002.png\u00a0\u00bb image_size=\u00a0\u00bbmedium\u00a0\u00bb align=\u00a0\u00bbcenter\u00a0\u00bb][\/vc_column][\/vc_row]\n<\/div>","protected":false},"excerpt":{"rendered":"<p>[vc_row fullwidth=\u00a0\u00bbtrue\u00a0\u00bb][vc_column][\/vc_column][\/vc_row][vc_row css=\u00a0\u00bb.vc_custom_1507302361748{padding-bottom: 60px !important;}\u00a0\u00bb][vc_column][mk_padding_divider size=\u00a0\u00bb24&Prime;][vc_column_text css=\u00a0\u00bb.vc_custom_1519424684648{margin-bottom: 0px !important;}\u00a0\u00bb]Les jeunes femmes violettes sur\u00a0Facebook and Twitter Le Comit\u00e9 consultatif des jeunes femmes violettes travaille dans le but de sensibiliser davantage la population aux questions touchant les jeunes femmes dans la communaut\u00e9. Les questions comme la violence, les injustices en milieu de travail, les syst\u00e8mes juridiques et [&hellip;]<\/p>\n","protected":false},"author":1,"featured_media":0,"parent":1668,"menu_order":224,"comment_status":"closed","ping_status":"closed","template":"","meta":{"rs_blank_template":"","rs_page_bg_color":"#ffffff","slide_template_v7":"","footnotes":""},"class_list":["post-1738","page","type-page","status-publish","hentry"],"yoast_head":"<!-- This site is optimized with the Yoast SEO plugin v27.5 - https:\/\/yoast.com\/product\/yoast-seo-wordpress\/ -->\n<title>Comit\u00e9 consultatif des jeunes femmes violettes - Youth Services Jeunesse<\/title>\n<meta name=\"robots\" content=\"index, follow, max-snippet:-1, max-image-preview:large, max-video-preview:-1\" \/>\n<link rel=\"canonical\" href=\"https:\/\/www.ysb.ca\/fr\/pour-les-jeunes\/comites-consultatifs\/jeunes-femmes-violettes\/\" \/>\n<meta property=\"og:locale\" content=\"fr_FR\" \/>\n<meta property=\"og:type\" content=\"article\" \/>\n<meta property=\"og:title\" content=\"Comit\u00e9 consultatif des jeunes femmes violettes - Youth Services Jeunesse\" \/>\n<meta property=\"og:description\" content=\"[vc_row fullwidth=\u00a0\u00bbtrue\u00a0\u00bb][vc_column][\/vc_column][\/vc_row][vc_row css=\u00a0\u00bb.vc_custom_1507302361748{padding-bottom: 60px !important;}\u00a0\u00bb][vc_column][mk_padding_divider size=\u00a0\u00bb24&Prime;][vc_column_text css=\u00a0\u00bb.vc_custom_1519424684648{margin-bottom: 0px !important;}\u00a0\u00bb]Les jeunes femmes violettes sur\u00a0Facebook and Twitter Le Comit\u00e9 consultatif des jeunes femmes violettes travaille dans le but de sensibiliser davantage la population aux questions touchant les jeunes femmes dans la communaut\u00e9. Les questions comme la violence, les injustices en milieu de travail, les syst\u00e8mes juridiques et [&hellip;]\" \/>\n<meta property=\"og:url\" content=\"https:\/\/www.ysb.ca\/fr\/pour-les-jeunes\/comites-consultatifs\/jeunes-femmes-violettes\/\" \/>\n<meta property=\"og:site_name\" content=\"Youth Services Jeunesse\" \/>\n<meta property=\"article:modified_time\" content=\"2026-03-20T15:51:53+00:00\" \/>\n<meta name=\"twitter:card\" content=\"summary_large_image\" \/>\n<meta name=\"twitter:label1\" content=\"Dur\u00e9e de lecture estim\u00e9e\" \/>\n\t<meta name=\"twitter:data1\" content=\"2 minutes\" \/>\n<script type=\"application\/ld+json\" class=\"yoast-schema-graph\">{\"@context\":\"https:\\\/\\\/schema.org\",\"@graph\":[{\"@type\":\"WebPage\",\"@id\":\"https:\\\/\\\/www.ysb.ca\\\/fr\\\/pour-les-jeunes\\\/comites-consultatifs\\\/jeunes-femmes-violettes\\\/\",\"url\":\"https:\\\/\\\/www.ysb.ca\\\/fr\\\/pour-les-jeunes\\\/comites-consultatifs\\\/jeunes-femmes-violettes\\\/\",\"name\":\"Comit\u00e9 consultatif des jeunes femmes violettes - Youth Services Jeunesse\",\"isPartOf\":{\"@id\":\"https:\\\/\\\/www.ysb.ca\\\/fr\\\/#website\"},\"datePublished\":\"2017-09-29T14:35:21+00:00\",\"dateModified\":\"2026-03-20T15:51:53+00:00\",\"breadcrumb\":{\"@id\":\"https:\\\/\\\/www.ysb.ca\\\/fr\\\/pour-les-jeunes\\\/comites-consultatifs\\\/jeunes-femmes-violettes\\\/#breadcrumb\"},\"inLanguage\":\"fr-FR\",\"potentialAction\":[{\"@type\":\"ReadAction\",\"target\":[\"https:\\\/\\\/www.ysb.ca\\\/fr\\\/pour-les-jeunes\\\/comites-consultatifs\\\/jeunes-femmes-violettes\\\/\"]}]},{\"@type\":\"BreadcrumbList\",\"@id\":\"https:\\\/\\\/www.ysb.ca\\\/fr\\\/pour-les-jeunes\\\/comites-consultatifs\\\/jeunes-femmes-violettes\\\/#breadcrumb\",\"itemListElement\":[{\"@type\":\"ListItem\",\"position\":1,\"name\":\"Home\",\"item\":\"https:\\\/\\\/www.ysb.ca\\\/fr\\\/\"},{\"@type\":\"ListItem\",\"position\":2,\"name\":\"Pour les jeunes\",\"item\":\"https:\\\/\\\/www.ysb.ca\\\/fr\\\/pour-les-jeunes\\\/\"},{\"@type\":\"ListItem\",\"position\":3,\"name\":\"Comit\u00e9s consultatifs des jeunes\",\"item\":\"https:\\\/\\\/www.ysb.ca\\\/fr\\\/pour-les-jeunes\\\/comites-consultatifs\\\/\"},{\"@type\":\"ListItem\",\"position\":4,\"name\":\"Comit\u00e9 consultatif des jeunes femmes violettes\"}]},{\"@type\":\"WebSite\",\"@id\":\"https:\\\/\\\/www.ysb.ca\\\/fr\\\/#website\",\"url\":\"https:\\\/\\\/www.ysb.ca\\\/fr\\\/\",\"name\":\"Youth Services Jeunesse\",\"description\":\"Ottawa Youth Services Jeunesse\",\"publisher\":{\"@id\":\"https:\\\/\\\/www.ysb.ca\\\/fr\\\/#organization\"},\"potentialAction\":[{\"@type\":\"SearchAction\",\"target\":{\"@type\":\"EntryPoint\",\"urlTemplate\":\"https:\\\/\\\/www.ysb.ca\\\/fr\\\/?s={search_term_string}\"},\"query-input\":{\"@type\":\"PropertyValueSpecification\",\"valueRequired\":true,\"valueName\":\"search_term_string\"}}],\"inLanguage\":\"fr-FR\"},{\"@type\":\"Organization\",\"@id\":\"https:\\\/\\\/www.ysb.ca\\\/fr\\\/#organization\",\"name\":\"Youth Services Jeunesse\",\"url\":\"https:\\\/\\\/www.ysb.ca\\\/fr\\\/\",\"logo\":{\"@type\":\"ImageObject\",\"inLanguage\":\"fr-FR\",\"@id\":\"https:\\\/\\\/www.ysb.ca\\\/fr\\\/#\\\/schema\\\/logo\\\/image\\\/\",\"url\":\"https:\\\/\\\/www.ysb.ca\\\/wp-content\\\/uploads\\\/2020\\\/09\\\/ysb-logo.png\",\"contentUrl\":\"https:\\\/\\\/www.ysb.ca\\\/wp-content\\\/uploads\\\/2020\\\/09\\\/ysb-logo.png\",\"width\":238,\"height\":94,\"caption\":\"Youth Services Jeunesse\"},\"image\":{\"@id\":\"https:\\\/\\\/www.ysb.ca\\\/fr\\\/#\\\/schema\\\/logo\\\/image\\\/\"},\"sameAs\":[\"https:\\\/\\\/www.instagram.com\\\/ysb.bsj\\\/\",\"https:\\\/\\\/www.youtube.com\\\/user\\\/YSBOttawa\"]}]}<\/script>\n<!-- \/ Yoast SEO plugin. -->","yoast_head_json":{"title":"Comit\u00e9 consultatif des jeunes femmes violettes - Youth Services Jeunesse","robots":{"index":"index","follow":"follow","max-snippet":"max-snippet:-1","max-image-preview":"max-image-preview:large","max-video-preview":"max-video-preview:-1"},"canonical":"https:\/\/www.ysb.ca\/fr\/pour-les-jeunes\/comites-consultatifs\/jeunes-femmes-violettes\/","og_locale":"fr_FR","og_type":"article","og_title":"Comit\u00e9 consultatif des jeunes femmes violettes - Youth Services Jeunesse","og_description":"[vc_row fullwidth=\u00a0\u00bbtrue\u00a0\u00bb][vc_column][\/vc_column][\/vc_row][vc_row css=\u00a0\u00bb.vc_custom_1507302361748{padding-bottom: 60px !important;}\u00a0\u00bb][vc_column][mk_padding_divider size=\u00a0\u00bb24&Prime;][vc_column_text css=\u00a0\u00bb.vc_custom_1519424684648{margin-bottom: 0px !important;}\u00a0\u00bb]Les jeunes femmes violettes sur\u00a0Facebook and Twitter Le Comit\u00e9 consultatif des jeunes femmes violettes travaille dans le but de sensibiliser davantage la population aux questions touchant les jeunes femmes dans la communaut\u00e9. Les questions comme la violence, les injustices en milieu de travail, les syst\u00e8mes juridiques et [&hellip;]","og_url":"https:\/\/www.ysb.ca\/fr\/pour-les-jeunes\/comites-consultatifs\/jeunes-femmes-violettes\/","og_site_name":"Youth Services Jeunesse","article_modified_time":"2026-03-20T15:51:53+00:00","twitter_card":"summary_large_image","twitter_misc":{"Dur\u00e9e de lecture estim\u00e9e":"2 minutes"},"schema":{"@context":"https:\/\/schema.org","@graph":[{"@type":"WebPage","@id":"https:\/\/www.ysb.ca\/fr\/pour-les-jeunes\/comites-consultatifs\/jeunes-femmes-violettes\/","url":"https:\/\/www.ysb.ca\/fr\/pour-les-jeunes\/comites-consultatifs\/jeunes-femmes-violettes\/","name":"Comit\u00e9 consultatif des jeunes femmes violettes - Youth Services Jeunesse","isPartOf":{"@id":"https:\/\/www.ysb.ca\/fr\/#website"},"datePublished":"2017-09-29T14:35:21+00:00","dateModified":"2026-03-20T15:51:53+00:00","breadcrumb":{"@id":"https:\/\/www.ysb.ca\/fr\/pour-les-jeunes\/comites-consultatifs\/jeunes-femmes-violettes\/#breadcrumb"},"inLanguage":"fr-FR","potentialAction":[{"@type":"ReadAction","target":["https:\/\/www.ysb.ca\/fr\/pour-les-jeunes\/comites-consultatifs\/jeunes-femmes-violettes\/"]}]},{"@type":"BreadcrumbList","@id":"https:\/\/www.ysb.ca\/fr\/pour-les-jeunes\/comites-consultatifs\/jeunes-femmes-violettes\/#breadcrumb","itemListElement":[{"@type":"ListItem","position":1,"name":"Home","item":"https:\/\/www.ysb.ca\/fr\/"},{"@type":"ListItem","position":2,"name":"Pour les jeunes","item":"https:\/\/www.ysb.ca\/fr\/pour-les-jeunes\/"},{"@type":"ListItem","position":3,"name":"Comit\u00e9s consultatifs des jeunes","item":"https:\/\/www.ysb.ca\/fr\/pour-les-jeunes\/comites-consultatifs\/"},{"@type":"ListItem","position":4,"name":"Comit\u00e9 consultatif des jeunes femmes violettes"}]},{"@type":"WebSite","@id":"https:\/\/www.ysb.ca\/fr\/#website","url":"https:\/\/www.ysb.ca\/fr\/","name":"Youth Services Jeunesse","description":"Ottawa Youth Services Jeunesse","publisher":{"@id":"https:\/\/www.ysb.ca\/fr\/#organization"},"potentialAction":[{"@type":"SearchAction","target":{"@type":"EntryPoint","urlTemplate":"https:\/\/www.ysb.ca\/fr\/?s={search_term_string}"},"query-input":{"@type":"PropertyValueSpecification","valueRequired":true,"valueName":"search_term_string"}}],"inLanguage":"fr-FR"},{"@type":"Organization","@id":"https:\/\/www.ysb.ca\/fr\/#organization","name":"Youth Services Jeunesse","url":"https:\/\/www.ysb.ca\/fr\/","logo":{"@type":"ImageObject","inLanguage":"fr-FR","@id":"https:\/\/www.ysb.ca\/fr\/#\/schema\/logo\/image\/","url":"https:\/\/www.ysb.ca\/wp-content\/uploads\/2020\/09\/ysb-logo.png","contentUrl":"https:\/\/www.ysb.ca\/wp-content\/uploads\/2020\/09\/ysb-logo.png","width":238,"height":94,"caption":"Youth Services Jeunesse"},"image":{"@id":"https:\/\/www.ysb.ca\/fr\/#\/schema\/logo\/image\/"},"sameAs":["https:\/\/www.instagram.com\/ysb.bsj\/","https:\/\/www.youtube.com\/user\/YSBOttawa"]}]}},"_links":{"self":[{"href":"https:\/\/www.ysb.ca\/fr\/wp-json\/wp\/v2\/pages\/1738","targetHints":{"allow":["GET"]}}],"collection":[{"href":"https:\/\/www.ysb.ca\/fr\/wp-json\/wp\/v2\/pages"}],"about":[{"href":"https:\/\/www.ysb.ca\/fr\/wp-json\/wp\/v2\/types\/page"}],"author":[{"embeddable":true,"href":"https:\/\/www.ysb.ca\/fr\/wp-json\/wp\/v2\/users\/1"}],"replies":[{"embeddable":true,"href":"https:\/\/www.ysb.ca\/fr\/wp-json\/wp\/v2\/comments?post=1738"}],"version-history":[{"count":7,"href":"https:\/\/www.ysb.ca\/fr\/wp-json\/wp\/v2\/pages\/1738\/revisions"}],"predecessor-version":[{"id":14236,"href":"https:\/\/www.ysb.ca\/fr\/wp-json\/wp\/v2\/pages\/1738\/revisions\/14236"}],"up":[{"embeddable":true,"href":"https:\/\/www.ysb.ca\/fr\/wp-json\/wp\/v2\/pages\/1668"}],"wp:attachment":[{"href":"https:\/\/www.ysb.ca\/fr\/wp-json\/wp\/v2\/media?parent=1738"}],"curies":[{"name":"wp","href":"https:\/\/api.w.org\/{rel}","templated":true}]}}