
{"id":1736,"date":"2017-09-29T10:38:27","date_gmt":"2017-09-29T14:38:27","guid":{"rendered":"http:\/\/www.ysb.ca\/for-youth\/youth-engagement\/spectrum-lgbtq-community-youth-group\/"},"modified":"2026-03-20T12:06:27","modified_gmt":"2026-03-20T16:06:27","slug":"spectrum-lgbtq","status":"publish","type":"page","link":"https:\/\/www.ysb.ca\/fr\/pour-les-jeunes\/comites-consultatifs\/spectrum-lgbtq\/","title":{"rendered":"Spectrum, le groupe communautaire de jeunes 2SLGBTQIA+"},"content":{"rendered":"<div class=\"wpb-content-wrapper\">[vc_row fullwidth=\u00a0\u00bbtrue\u00a0\u00bb][vc_column]\n        <div class=\"ysb-banner-wrapper\" style=\"background-image: url(https:\/\/www.ysb.ca\/wp-content\/uploads\/2018\/08\/lgbtq.jpg);\">\n         \n            <div class=\"ysb-title-wrapper mk-animate-element bottom-to-top mk-in-viewport\" style=\"background-image: url();\">\n\t\t\t\t<h1 class=\"ysb-banner-title\">Spectrum, le groupe communautaire de jeunes 2SLGBTQIA+<\/h1>\n\t\t\t\t\n\t\t\t<\/div>\n         \n        <\/div>[\/vc_column][\/vc_row][vc_row css=\u00a0\u00bb.vc_custom_1507302585925{padding-top: 80px !important;}\u00a0\u00bb][vc_column][vc_column_text margin_bottom=\u00a0\u00bb0&Prime; css=\u00a0\u00bb.vc_custom_1774019616200{margin-bottom: 0px !important;}\u00a0\u00bb]Cherchez-vous un groupe s\u00e9curitaire, convivial et amusant o\u00f9 discuter avec des personnes 2SLGBTQIA+ de votre \u00e2ge? Souhaitez-vous rencontrer de nouvelles personnes, trouver du soutien et int\u00e9grer une communaut\u00e9 dans un espace d\u00e9contract\u00e9 au centre-ville d&rsquo;Ottawa? Aimeriez-vous parler de sexualit\u00e9, d&rsquo;identit\u00e9 de genre, de forces et d&rsquo;obstacles, et partager votre exp\u00e9rience personnelle? YSB est fier de vous pr\u00e9senter Spectrum, un programme pour les jeunes 2SLGBTQIA+ et leurs alli\u00e9s \u00e0 Ottawa!<\/p>\n<p>Rejoignez Spectrum sur <a href=\"https:\/\/www.instagram.com\/ysbspectrum\/\">Instagram<\/a><\/p>\n<p><strong>Spectrum se r\u00e9unit tous les jeudis de 17 h \u00e0 19 h au 2e \u00e9tage du 147, rue Besserer (ascenseur disponible).<\/strong><\/p>\n<h2>COMMENT PARTICIPER AU PROGRAMME<\/h2>\n<p>Spectrum est un espace s\u00e9curitaire o\u00f9 les jeunes queer et trans de 16 \u00e0 24 ans et leurs alli\u00e9s peuvent se rencontrer chaque semaine pour des activit\u00e9s comprenant des discussions, des ateliers, des collaborations artistiques et des activit\u00e9s de renforcement de la communaut\u00e9. Spectrum peut vous accompagner face \u00e0 des difficult\u00e9s telles que les ruptures familiales, les probl\u00e8mes sociaux, l&rsquo;isolement et les probl\u00e8mes de sant\u00e9 mentale, en vous offrant un soutien concret et en vous orientant vers les services appropri\u00e9s.<\/p>\n<p>Spectrum est une excellente opportunit\u00e9 pour les jeunes de :<\/p>\n<ul>\n<li>Rencontrer de nouvelles personnes<\/li>\n<li>Participer \u00e0 des ateliers et \u00e0 des discussions<\/li>\n<li>S&rsquo;inscrire au centre d&rsquo;accueil YSB pour acc\u00e9der \u00e0 des services tels que la douche, la lavage des linges, les ordinateurs, le mat\u00e9riel de r\u00e9duction des mefaits de la drogue, les t\u00e9l\u00e9phones et l\u2019internet<\/li>\n<li>Obtenir des recommandations<\/li>\n<li>Consulter des conseillers et des pairs mentors form\u00e9s si vous avez besoin de jaser<\/li>\n<li>Simplement passer du bon temps ensemble!<\/li>\n<\/ul>\n<p>Les activit\u00e9s comprennent :<\/p>\n<ul>\n<li>Une pr\u00e9sentation de nos locaux, nos services et de nos attentes<\/li>\n<li>Des discussions sur l&rsquo;actualit\u00e9 2SLGBTQIA+<\/li>\n<li>Des films, des projets artistiques, des invit\u00e9s sp\u00e9ciaux, des s\u00e9ances d&rsquo;information et bien plus encore<\/li>\n<li>Des collations, des repas et des boissons \u00e0 partager<\/li>\n<li>L&rsquo;occasion de nous proposer les activit\u00e9s et le soutien qui sont importants pour VOUS<\/li>\n<li>Un espace convivial o\u00f9 les jeunes peuvent \u00eatre eux-m\u00eames et fiers de leur identit\u00e9 !<\/li>\n<\/ul>\n[\/vc_column_text][mk_padding_divider size=\u00a0\u00bb24&Prime;][\/vc_column][\/vc_row][vc_row css=\u00a0\u00bb.vc_custom_1507302593624{padding-bottom: 60px !important;}\u00a0\u00bb][vc_column][vc_column_text css=\u00a0\u00bb.vc_custom_1754681431512{margin-bottom: 0px !important;}\u00a0\u00bb]\n<h2>Comment acc\u00e9der au programme<\/h2>\n<p><strong>Contact :<\/strong> Kate Poirier<br \/>\n<strong>Courriel : <\/strong><a href=\"mailto:kpoirier@ysb.ca\">kpoirier@ysb.ca<\/a><\/p>\n[\/vc_column_text][vc_single_image image=\u00a0\u00bb14222&Prime; img_size=\u00a0\u00bbmedium\u00a0\u00bb alignment=\u00a0\u00bbcenter\u00a0\u00bb css=\u00a0\u00bb\u00a0\u00bb][\/vc_column][\/vc_row]\n<\/div>","protected":false},"excerpt":{"rendered":"<p>[vc_row fullwidth=\u00a0\u00bbtrue\u00a0\u00bb][vc_column][\/vc_column][\/vc_row][vc_row css=\u00a0\u00bb.vc_custom_1507302585925{padding-top: 80px !important;}\u00a0\u00bb][vc_column][vc_column_text margin_bottom=\u00a0\u00bb0&Prime; css=\u00a0\u00bb.vc_custom_1774019616200{margin-bottom: 0px !important;}\u00a0\u00bb]Cherchez-vous un groupe s\u00e9curitaire, convivial et amusant o\u00f9 discuter avec des personnes 2SLGBTQIA+ de votre \u00e2ge? Souhaitez-vous rencontrer de nouvelles personnes, trouver du soutien et int\u00e9grer une communaut\u00e9 dans un espace d\u00e9contract\u00e9 au centre-ville d&rsquo;Ottawa? Aimeriez-vous parler de sexualit\u00e9, d&rsquo;identit\u00e9 de genre, de forces et d&rsquo;obstacles, et [&hellip;]<\/p>\n","protected":false},"author":1,"featured_media":0,"parent":1668,"menu_order":221,"comment_status":"closed","ping_status":"closed","template":"","meta":{"rs_blank_template":"","rs_page_bg_color":"","slide_template_v7":"","footnotes":""},"class_list":["post-1736","page","type-page","status-publish","hentry"],"yoast_head":"<!-- This site is optimized with the Yoast SEO plugin v27.4 - https:\/\/yoast.com\/product\/yoast-seo-wordpress\/ -->\n<title>Spectrum, le groupe communautaire de jeunes 2SLGBTQIA+ - Youth Services Jeunesse<\/title>\n<meta name=\"robots\" content=\"index, follow, max-snippet:-1, max-image-preview:large, max-video-preview:-1\" \/>\n<link rel=\"canonical\" href=\"https:\/\/www.ysb.ca\/fr\/pour-les-jeunes\/comites-consultatifs\/spectrum-lgbtq\/\" \/>\n<meta property=\"og:locale\" content=\"fr_FR\" \/>\n<meta property=\"og:type\" content=\"article\" \/>\n<meta property=\"og:title\" content=\"Spectrum, le groupe communautaire de jeunes 2SLGBTQIA+ - Youth Services Jeunesse\" \/>\n<meta property=\"og:description\" content=\"[vc_row fullwidth=\u00a0\u00bbtrue\u00a0\u00bb][vc_column][\/vc_column][\/vc_row][vc_row css=\u00a0\u00bb.vc_custom_1507302585925{padding-top: 80px !important;}\u00a0\u00bb][vc_column][vc_column_text margin_bottom=\u00a0\u00bb0&Prime; css=\u00a0\u00bb.vc_custom_1774019616200{margin-bottom: 0px !important;}\u00a0\u00bb]Cherchez-vous un groupe s\u00e9curitaire, convivial et amusant o\u00f9 discuter avec des personnes 2SLGBTQIA+ de votre \u00e2ge? Souhaitez-vous rencontrer de nouvelles personnes, trouver du soutien et int\u00e9grer une communaut\u00e9 dans un espace d\u00e9contract\u00e9 au centre-ville d&rsquo;Ottawa? Aimeriez-vous parler de sexualit\u00e9, d&rsquo;identit\u00e9 de genre, de forces et d&rsquo;obstacles, et [&hellip;]\" \/>\n<meta property=\"og:url\" content=\"https:\/\/www.ysb.ca\/fr\/pour-les-jeunes\/comites-consultatifs\/spectrum-lgbtq\/\" \/>\n<meta property=\"og:site_name\" content=\"Youth Services Jeunesse\" \/>\n<meta property=\"article:modified_time\" content=\"2026-03-20T16:06:27+00:00\" \/>\n<meta name=\"twitter:card\" content=\"summary_large_image\" \/>\n<meta name=\"twitter:label1\" content=\"Dur\u00e9e de lecture estim\u00e9e\" \/>\n\t<meta name=\"twitter:data1\" content=\"2 minutes\" \/>\n<script type=\"application\/ld+json\" class=\"yoast-schema-graph\">{\"@context\":\"https:\\\/\\\/schema.org\",\"@graph\":[{\"@type\":\"WebPage\",\"@id\":\"https:\\\/\\\/www.ysb.ca\\\/fr\\\/pour-les-jeunes\\\/comites-consultatifs\\\/spectrum-lgbtq\\\/\",\"url\":\"https:\\\/\\\/www.ysb.ca\\\/fr\\\/pour-les-jeunes\\\/comites-consultatifs\\\/spectrum-lgbtq\\\/\",\"name\":\"Spectrum, le groupe communautaire de jeunes 2SLGBTQIA+ - Youth Services Jeunesse\",\"isPartOf\":{\"@id\":\"https:\\\/\\\/www.ysb.ca\\\/fr\\\/#website\"},\"datePublished\":\"2017-09-29T14:38:27+00:00\",\"dateModified\":\"2026-03-20T16:06:27+00:00\",\"breadcrumb\":{\"@id\":\"https:\\\/\\\/www.ysb.ca\\\/fr\\\/pour-les-jeunes\\\/comites-consultatifs\\\/spectrum-lgbtq\\\/#breadcrumb\"},\"inLanguage\":\"fr-FR\",\"potentialAction\":[{\"@type\":\"ReadAction\",\"target\":[\"https:\\\/\\\/www.ysb.ca\\\/fr\\\/pour-les-jeunes\\\/comites-consultatifs\\\/spectrum-lgbtq\\\/\"]}]},{\"@type\":\"BreadcrumbList\",\"@id\":\"https:\\\/\\\/www.ysb.ca\\\/fr\\\/pour-les-jeunes\\\/comites-consultatifs\\\/spectrum-lgbtq\\\/#breadcrumb\",\"itemListElement\":[{\"@type\":\"ListItem\",\"position\":1,\"name\":\"Home\",\"item\":\"https:\\\/\\\/www.ysb.ca\\\/fr\\\/\"},{\"@type\":\"ListItem\",\"position\":2,\"name\":\"Pour les jeunes\",\"item\":\"https:\\\/\\\/www.ysb.ca\\\/fr\\\/pour-les-jeunes\\\/\"},{\"@type\":\"ListItem\",\"position\":3,\"name\":\"Comit\u00e9s consultatifs des jeunes\",\"item\":\"https:\\\/\\\/www.ysb.ca\\\/fr\\\/pour-les-jeunes\\\/comites-consultatifs\\\/\"},{\"@type\":\"ListItem\",\"position\":4,\"name\":\"Spectrum, le groupe communautaire de jeunes 2SLGBTQIA+\"}]},{\"@type\":\"WebSite\",\"@id\":\"https:\\\/\\\/www.ysb.ca\\\/fr\\\/#website\",\"url\":\"https:\\\/\\\/www.ysb.ca\\\/fr\\\/\",\"name\":\"Youth Services Jeunesse\",\"description\":\"Ottawa Youth Services Jeunesse\",\"publisher\":{\"@id\":\"https:\\\/\\\/www.ysb.ca\\\/fr\\\/#organization\"},\"potentialAction\":[{\"@type\":\"SearchAction\",\"target\":{\"@type\":\"EntryPoint\",\"urlTemplate\":\"https:\\\/\\\/www.ysb.ca\\\/fr\\\/?s={search_term_string}\"},\"query-input\":{\"@type\":\"PropertyValueSpecification\",\"valueRequired\":true,\"valueName\":\"search_term_string\"}}],\"inLanguage\":\"fr-FR\"},{\"@type\":\"Organization\",\"@id\":\"https:\\\/\\\/www.ysb.ca\\\/fr\\\/#organization\",\"name\":\"Youth Services Jeunesse\",\"url\":\"https:\\\/\\\/www.ysb.ca\\\/fr\\\/\",\"logo\":{\"@type\":\"ImageObject\",\"inLanguage\":\"fr-FR\",\"@id\":\"https:\\\/\\\/www.ysb.ca\\\/fr\\\/#\\\/schema\\\/logo\\\/image\\\/\",\"url\":\"https:\\\/\\\/www.ysb.ca\\\/wp-content\\\/uploads\\\/2020\\\/09\\\/ysb-logo.png\",\"contentUrl\":\"https:\\\/\\\/www.ysb.ca\\\/wp-content\\\/uploads\\\/2020\\\/09\\\/ysb-logo.png\",\"width\":238,\"height\":94,\"caption\":\"Youth Services Jeunesse\"},\"image\":{\"@id\":\"https:\\\/\\\/www.ysb.ca\\\/fr\\\/#\\\/schema\\\/logo\\\/image\\\/\"},\"sameAs\":[\"https:\\\/\\\/www.instagram.com\\\/ysb.bsj\\\/\",\"https:\\\/\\\/www.youtube.com\\\/user\\\/YSBOttawa\"]}]}<\/script>\n<!-- \/ Yoast SEO plugin. -->","yoast_head_json":{"title":"Spectrum, le groupe communautaire de jeunes 2SLGBTQIA+ - Youth Services Jeunesse","robots":{"index":"index","follow":"follow","max-snippet":"max-snippet:-1","max-image-preview":"max-image-preview:large","max-video-preview":"max-video-preview:-1"},"canonical":"https:\/\/www.ysb.ca\/fr\/pour-les-jeunes\/comites-consultatifs\/spectrum-lgbtq\/","og_locale":"fr_FR","og_type":"article","og_title":"Spectrum, le groupe communautaire de jeunes 2SLGBTQIA+ - Youth Services Jeunesse","og_description":"[vc_row fullwidth=\u00a0\u00bbtrue\u00a0\u00bb][vc_column][\/vc_column][\/vc_row][vc_row css=\u00a0\u00bb.vc_custom_1507302585925{padding-top: 80px !important;}\u00a0\u00bb][vc_column][vc_column_text margin_bottom=\u00a0\u00bb0&Prime; css=\u00a0\u00bb.vc_custom_1774019616200{margin-bottom: 0px !important;}\u00a0\u00bb]Cherchez-vous un groupe s\u00e9curitaire, convivial et amusant o\u00f9 discuter avec des personnes 2SLGBTQIA+ de votre \u00e2ge? Souhaitez-vous rencontrer de nouvelles personnes, trouver du soutien et int\u00e9grer une communaut\u00e9 dans un espace d\u00e9contract\u00e9 au centre-ville d&rsquo;Ottawa? Aimeriez-vous parler de sexualit\u00e9, d&rsquo;identit\u00e9 de genre, de forces et d&rsquo;obstacles, et [&hellip;]","og_url":"https:\/\/www.ysb.ca\/fr\/pour-les-jeunes\/comites-consultatifs\/spectrum-lgbtq\/","og_site_name":"Youth Services Jeunesse","article_modified_time":"2026-03-20T16:06:27+00:00","twitter_card":"summary_large_image","twitter_misc":{"Dur\u00e9e de lecture estim\u00e9e":"2 minutes"},"schema":{"@context":"https:\/\/schema.org","@graph":[{"@type":"WebPage","@id":"https:\/\/www.ysb.ca\/fr\/pour-les-jeunes\/comites-consultatifs\/spectrum-lgbtq\/","url":"https:\/\/www.ysb.ca\/fr\/pour-les-jeunes\/comites-consultatifs\/spectrum-lgbtq\/","name":"Spectrum, le groupe communautaire de jeunes 2SLGBTQIA+ - Youth Services Jeunesse","isPartOf":{"@id":"https:\/\/www.ysb.ca\/fr\/#website"},"datePublished":"2017-09-29T14:38:27+00:00","dateModified":"2026-03-20T16:06:27+00:00","breadcrumb":{"@id":"https:\/\/www.ysb.ca\/fr\/pour-les-jeunes\/comites-consultatifs\/spectrum-lgbtq\/#breadcrumb"},"inLanguage":"fr-FR","potentialAction":[{"@type":"ReadAction","target":["https:\/\/www.ysb.ca\/fr\/pour-les-jeunes\/comites-consultatifs\/spectrum-lgbtq\/"]}]},{"@type":"BreadcrumbList","@id":"https:\/\/www.ysb.ca\/fr\/pour-les-jeunes\/comites-consultatifs\/spectrum-lgbtq\/#breadcrumb","itemListElement":[{"@type":"ListItem","position":1,"name":"Home","item":"https:\/\/www.ysb.ca\/fr\/"},{"@type":"ListItem","position":2,"name":"Pour les jeunes","item":"https:\/\/www.ysb.ca\/fr\/pour-les-jeunes\/"},{"@type":"ListItem","position":3,"name":"Comit\u00e9s consultatifs des jeunes","item":"https:\/\/www.ysb.ca\/fr\/pour-les-jeunes\/comites-consultatifs\/"},{"@type":"ListItem","position":4,"name":"Spectrum, le groupe communautaire de jeunes 2SLGBTQIA+"}]},{"@type":"WebSite","@id":"https:\/\/www.ysb.ca\/fr\/#website","url":"https:\/\/www.ysb.ca\/fr\/","name":"Youth Services Jeunesse","description":"Ottawa Youth Services Jeunesse","publisher":{"@id":"https:\/\/www.ysb.ca\/fr\/#organization"},"potentialAction":[{"@type":"SearchAction","target":{"@type":"EntryPoint","urlTemplate":"https:\/\/www.ysb.ca\/fr\/?s={search_term_string}"},"query-input":{"@type":"PropertyValueSpecification","valueRequired":true,"valueName":"search_term_string"}}],"inLanguage":"fr-FR"},{"@type":"Organization","@id":"https:\/\/www.ysb.ca\/fr\/#organization","name":"Youth Services Jeunesse","url":"https:\/\/www.ysb.ca\/fr\/","logo":{"@type":"ImageObject","inLanguage":"fr-FR","@id":"https:\/\/www.ysb.ca\/fr\/#\/schema\/logo\/image\/","url":"https:\/\/www.ysb.ca\/wp-content\/uploads\/2020\/09\/ysb-logo.png","contentUrl":"https:\/\/www.ysb.ca\/wp-content\/uploads\/2020\/09\/ysb-logo.png","width":238,"height":94,"caption":"Youth Services Jeunesse"},"image":{"@id":"https:\/\/www.ysb.ca\/fr\/#\/schema\/logo\/image\/"},"sameAs":["https:\/\/www.instagram.com\/ysb.bsj\/","https:\/\/www.youtube.com\/user\/YSBOttawa"]}]}},"_links":{"self":[{"href":"https:\/\/www.ysb.ca\/fr\/wp-json\/wp\/v2\/pages\/1736","targetHints":{"allow":["GET"]}}],"collection":[{"href":"https:\/\/www.ysb.ca\/fr\/wp-json\/wp\/v2\/pages"}],"about":[{"href":"https:\/\/www.ysb.ca\/fr\/wp-json\/wp\/v2\/types\/page"}],"author":[{"embeddable":true,"href":"https:\/\/www.ysb.ca\/fr\/wp-json\/wp\/v2\/users\/1"}],"replies":[{"embeddable":true,"href":"https:\/\/www.ysb.ca\/fr\/wp-json\/wp\/v2\/comments?post=1736"}],"version-history":[{"count":9,"href":"https:\/\/www.ysb.ca\/fr\/wp-json\/wp\/v2\/pages\/1736\/revisions"}],"predecessor-version":[{"id":14223,"href":"https:\/\/www.ysb.ca\/fr\/wp-json\/wp\/v2\/pages\/1736\/revisions\/14223"}],"up":[{"embeddable":true,"href":"https:\/\/www.ysb.ca\/fr\/wp-json\/wp\/v2\/pages\/1668"}],"wp:attachment":[{"href":"https:\/\/www.ysb.ca\/fr\/wp-json\/wp\/v2\/media?parent=1736"}],"curies":[{"name":"wp","href":"https:\/\/api.w.org\/{rel}","templated":true}]}}