
{"id":1734,"date":"2017-09-29T10:47:53","date_gmt":"2017-09-29T14:47:53","guid":{"rendered":"http:\/\/www.ysb.ca\/health-services\/"},"modified":"2025-11-17T11:27:44","modified_gmt":"2025-11-17T16:27:44","slug":"sante","status":"publish","type":"page","link":"https:\/\/www.ysb.ca\/fr\/pour-les-jeunes\/services\/sante\/","title":{"rendered":"Services de sant\u00e9"},"content":{"rendered":"<div class=\"wpb-content-wrapper\">[vc_row fullwidth=\u00a0\u00bbtrue\u00a0\u00bb][vc_column]\n        <div class=\"ysb-banner-wrapper\" style=\"background-image: url(https:\/\/www.ysb.ca\/wp-content\/uploads\/2018\/08\/health.jpg);\">\n         \n            <div class=\"ysb-title-wrapper mk-animate-element bottom-to-top mk-in-viewport\" style=\"background-image: url();\">\n\t\t\t\t<h1 class=\"ysb-banner-title\">J\u2019ai des questions au sujet de ma sant\u00e9<\/h1>\n\t\t\t\t\n\t\t\t<\/div>\n         \n        <\/div>[\/vc_column][\/vc_row][vc_row css=\u00a0\u00bb.vc_custom_1507659469437{padding-top: 80px !important;}\u00a0\u00bb][vc_column][vc_column_text css=\u00a0\u00bb.vc_custom_1763396861281{margin-bottom: 0px !important;}\u00a0\u00bb]Le BSJ offre une gamme compl\u00e8te de programmes et services gratuits qui peuvent vous aider \u00e0 prendre soin de votre sant\u00e9. Notre <a href=\"https:\/\/www.ysb.ca\/fr\/services\/services-communautaires-logement\/clinique-sante-jeunes\/\">Clinique de sant\u00e9 pour les jeunes<\/a> offre un environnement s\u00e9curitaire, gratuit et qui ne porte pas de jugement. Vous n\u2019avez pas besoin d\u2019une carte Sant\u00e9 ou d\u2019un rendez-vous\u2014vous n\u2019avez qu\u2019\u00e0 vous pr\u00e9senter! Nous offrons des soins de sant\u00e9, des soins dentaires et du counseling en mati\u00e8re de toxicomanie, et notre infirmi\u00e8re praticienne peut prescrire certains m\u00e9dicaments.<\/p>\n<p>Consultez <a href=\"https:\/\/www.ysb.ca\/fr\/services\/services-communautaires-logement\/clinique-sante-jeunes\/\">la page de la clinique pour plus de d\u00e9tails et les heures d&rsquo;ouverture<\/a>.<\/p>\n<p>&nbsp;<\/p>\n<h5>Sant\u00e9 mentale<\/h5>\n<p>Nous offrons \u00e9galement des <a href=\"https:\/\/www.ysb.ca\/fr\/services\/sante-mentale\/\">Services de sant\u00e9 mentale<\/a> aux jeunes <span class=\"Y2IQFc\" lang=\"fr\">jusqu&rsquo;\u00e0 17 ans, et <\/span><span class=\"Y2IQFc\" lang=\"fr\">jusqu&rsquo;\u00e0 20 ans pour la Clinique sans rendez-vous.<br \/>\n<\/span><\/p>\n<p><span class=\"Y2IQFc\" lang=\"fr\">\u00a0<\/span><strong>T\u00e9l\u00e9phone :<\/strong> 613 562-3004[\/vc_column_text][\/vc_column][\/vc_row][vc_row][vc_column][mk_padding_divider][\/vc_column][\/vc_row]\n<\/div>","protected":false},"excerpt":{"rendered":"<p>[vc_row fullwidth=\u00a0\u00bbtrue\u00a0\u00bb][vc_column][\/vc_column][\/vc_row][vc_row css=\u00a0\u00bb.vc_custom_1507659469437{padding-top: 80px !important;}\u00a0\u00bb][vc_column][vc_column_text css=\u00a0\u00bb.vc_custom_1763396861281{margin-bottom: 0px !important;}\u00a0\u00bb]Le BSJ offre une gamme compl\u00e8te de programmes et services gratuits qui peuvent vous aider \u00e0 prendre soin de votre sant\u00e9. Notre Clinique de sant\u00e9 pour les jeunes offre un environnement s\u00e9curitaire, gratuit et qui ne porte pas de jugement. Vous n\u2019avez pas besoin d\u2019une carte Sant\u00e9 ou [&hellip;]<\/p>\n","protected":false},"author":1,"featured_media":0,"parent":1741,"menu_order":218,"comment_status":"closed","ping_status":"closed","template":"","meta":{"rs_blank_template":"","rs_page_bg_color":"","slide_template_v7":"","footnotes":""},"class_list":["post-1734","page","type-page","status-publish","hentry"],"yoast_head":"<!-- This site is optimized with the Yoast SEO plugin v27.3 - https:\/\/yoast.com\/product\/yoast-seo-wordpress\/ -->\n<title>Services de sant\u00e9 - Youth Services Jeunesse<\/title>\n<meta name=\"robots\" content=\"index, follow, max-snippet:-1, max-image-preview:large, max-video-preview:-1\" \/>\n<link rel=\"canonical\" href=\"https:\/\/www.ysb.ca\/fr\/pour-les-jeunes\/services\/sante\/\" \/>\n<meta property=\"og:locale\" content=\"fr_FR\" \/>\n<meta property=\"og:type\" content=\"article\" \/>\n<meta property=\"og:title\" content=\"Services de sant\u00e9 - Youth Services Jeunesse\" \/>\n<meta property=\"og:description\" content=\"[vc_row fullwidth=\u00a0\u00bbtrue\u00a0\u00bb][vc_column][\/vc_column][\/vc_row][vc_row css=\u00a0\u00bb.vc_custom_1507659469437{padding-top: 80px !important;}\u00a0\u00bb][vc_column][vc_column_text css=\u00a0\u00bb.vc_custom_1763396861281{margin-bottom: 0px !important;}\u00a0\u00bb]Le BSJ offre une gamme compl\u00e8te de programmes et services gratuits qui peuvent vous aider \u00e0 prendre soin de votre sant\u00e9. Notre Clinique de sant\u00e9 pour les jeunes offre un environnement s\u00e9curitaire, gratuit et qui ne porte pas de jugement. Vous n\u2019avez pas besoin d\u2019une carte Sant\u00e9 ou [&hellip;]\" \/>\n<meta property=\"og:url\" content=\"https:\/\/www.ysb.ca\/fr\/pour-les-jeunes\/services\/sante\/\" \/>\n<meta property=\"og:site_name\" content=\"Youth Services Jeunesse\" \/>\n<meta property=\"article:modified_time\" content=\"2025-11-17T16:27:44+00:00\" \/>\n<meta name=\"twitter:card\" content=\"summary_large_image\" \/>\n<meta name=\"twitter:label1\" content=\"Dur\u00e9e de lecture estim\u00e9e\" \/>\n\t<meta name=\"twitter:data1\" content=\"1 minute\" \/>\n<script type=\"application\/ld+json\" class=\"yoast-schema-graph\">{\"@context\":\"https:\\\/\\\/schema.org\",\"@graph\":[{\"@type\":\"WebPage\",\"@id\":\"https:\\\/\\\/www.ysb.ca\\\/fr\\\/pour-les-jeunes\\\/services\\\/sante\\\/\",\"url\":\"https:\\\/\\\/www.ysb.ca\\\/fr\\\/pour-les-jeunes\\\/services\\\/sante\\\/\",\"name\":\"Services de sant\u00e9 - Youth Services Jeunesse\",\"isPartOf\":{\"@id\":\"https:\\\/\\\/www.ysb.ca\\\/fr\\\/#website\"},\"datePublished\":\"2017-09-29T14:47:53+00:00\",\"dateModified\":\"2025-11-17T16:27:44+00:00\",\"breadcrumb\":{\"@id\":\"https:\\\/\\\/www.ysb.ca\\\/fr\\\/pour-les-jeunes\\\/services\\\/sante\\\/#breadcrumb\"},\"inLanguage\":\"fr-FR\",\"potentialAction\":[{\"@type\":\"ReadAction\",\"target\":[\"https:\\\/\\\/www.ysb.ca\\\/fr\\\/pour-les-jeunes\\\/services\\\/sante\\\/\"]}]},{\"@type\":\"BreadcrumbList\",\"@id\":\"https:\\\/\\\/www.ysb.ca\\\/fr\\\/pour-les-jeunes\\\/services\\\/sante\\\/#breadcrumb\",\"itemListElement\":[{\"@type\":\"ListItem\",\"position\":1,\"name\":\"Home\",\"item\":\"https:\\\/\\\/www.ysb.ca\\\/fr\\\/\"},{\"@type\":\"ListItem\",\"position\":2,\"name\":\"Pour les jeunes\",\"item\":\"https:\\\/\\\/www.ysb.ca\\\/fr\\\/pour-les-jeunes\\\/\"},{\"@type\":\"ListItem\",\"position\":3,\"name\":\"Services pour les jeunes\",\"item\":\"https:\\\/\\\/www.ysb.ca\\\/fr\\\/pour-les-jeunes\\\/services\\\/\"},{\"@type\":\"ListItem\",\"position\":4,\"name\":\"Services de sant\u00e9\"}]},{\"@type\":\"WebSite\",\"@id\":\"https:\\\/\\\/www.ysb.ca\\\/fr\\\/#website\",\"url\":\"https:\\\/\\\/www.ysb.ca\\\/fr\\\/\",\"name\":\"Youth Services Jeunesse\",\"description\":\"Ottawa Youth Services Jeunesse\",\"publisher\":{\"@id\":\"https:\\\/\\\/www.ysb.ca\\\/fr\\\/#organization\"},\"potentialAction\":[{\"@type\":\"SearchAction\",\"target\":{\"@type\":\"EntryPoint\",\"urlTemplate\":\"https:\\\/\\\/www.ysb.ca\\\/fr\\\/?s={search_term_string}\"},\"query-input\":{\"@type\":\"PropertyValueSpecification\",\"valueRequired\":true,\"valueName\":\"search_term_string\"}}],\"inLanguage\":\"fr-FR\"},{\"@type\":\"Organization\",\"@id\":\"https:\\\/\\\/www.ysb.ca\\\/fr\\\/#organization\",\"name\":\"Youth Services Jeunesse\",\"url\":\"https:\\\/\\\/www.ysb.ca\\\/fr\\\/\",\"logo\":{\"@type\":\"ImageObject\",\"inLanguage\":\"fr-FR\",\"@id\":\"https:\\\/\\\/www.ysb.ca\\\/fr\\\/#\\\/schema\\\/logo\\\/image\\\/\",\"url\":\"https:\\\/\\\/www.ysb.ca\\\/wp-content\\\/uploads\\\/2020\\\/09\\\/ysb-logo.png\",\"contentUrl\":\"https:\\\/\\\/www.ysb.ca\\\/wp-content\\\/uploads\\\/2020\\\/09\\\/ysb-logo.png\",\"width\":238,\"height\":94,\"caption\":\"Youth Services Jeunesse\"},\"image\":{\"@id\":\"https:\\\/\\\/www.ysb.ca\\\/fr\\\/#\\\/schema\\\/logo\\\/image\\\/\"},\"sameAs\":[\"https:\\\/\\\/www.instagram.com\\\/ysb.bsj\\\/\",\"https:\\\/\\\/www.youtube.com\\\/user\\\/YSBOttawa\"]}]}<\/script>\n<!-- \/ Yoast SEO plugin. -->","yoast_head_json":{"title":"Services de sant\u00e9 - Youth Services Jeunesse","robots":{"index":"index","follow":"follow","max-snippet":"max-snippet:-1","max-image-preview":"max-image-preview:large","max-video-preview":"max-video-preview:-1"},"canonical":"https:\/\/www.ysb.ca\/fr\/pour-les-jeunes\/services\/sante\/","og_locale":"fr_FR","og_type":"article","og_title":"Services de sant\u00e9 - Youth Services Jeunesse","og_description":"[vc_row fullwidth=\u00a0\u00bbtrue\u00a0\u00bb][vc_column][\/vc_column][\/vc_row][vc_row css=\u00a0\u00bb.vc_custom_1507659469437{padding-top: 80px !important;}\u00a0\u00bb][vc_column][vc_column_text css=\u00a0\u00bb.vc_custom_1763396861281{margin-bottom: 0px !important;}\u00a0\u00bb]Le BSJ offre une gamme compl\u00e8te de programmes et services gratuits qui peuvent vous aider \u00e0 prendre soin de votre sant\u00e9. Notre Clinique de sant\u00e9 pour les jeunes offre un environnement s\u00e9curitaire, gratuit et qui ne porte pas de jugement. Vous n\u2019avez pas besoin d\u2019une carte Sant\u00e9 ou [&hellip;]","og_url":"https:\/\/www.ysb.ca\/fr\/pour-les-jeunes\/services\/sante\/","og_site_name":"Youth Services Jeunesse","article_modified_time":"2025-11-17T16:27:44+00:00","twitter_card":"summary_large_image","twitter_misc":{"Dur\u00e9e de lecture estim\u00e9e":"1 minute"},"schema":{"@context":"https:\/\/schema.org","@graph":[{"@type":"WebPage","@id":"https:\/\/www.ysb.ca\/fr\/pour-les-jeunes\/services\/sante\/","url":"https:\/\/www.ysb.ca\/fr\/pour-les-jeunes\/services\/sante\/","name":"Services de sant\u00e9 - Youth Services Jeunesse","isPartOf":{"@id":"https:\/\/www.ysb.ca\/fr\/#website"},"datePublished":"2017-09-29T14:47:53+00:00","dateModified":"2025-11-17T16:27:44+00:00","breadcrumb":{"@id":"https:\/\/www.ysb.ca\/fr\/pour-les-jeunes\/services\/sante\/#breadcrumb"},"inLanguage":"fr-FR","potentialAction":[{"@type":"ReadAction","target":["https:\/\/www.ysb.ca\/fr\/pour-les-jeunes\/services\/sante\/"]}]},{"@type":"BreadcrumbList","@id":"https:\/\/www.ysb.ca\/fr\/pour-les-jeunes\/services\/sante\/#breadcrumb","itemListElement":[{"@type":"ListItem","position":1,"name":"Home","item":"https:\/\/www.ysb.ca\/fr\/"},{"@type":"ListItem","position":2,"name":"Pour les jeunes","item":"https:\/\/www.ysb.ca\/fr\/pour-les-jeunes\/"},{"@type":"ListItem","position":3,"name":"Services pour les jeunes","item":"https:\/\/www.ysb.ca\/fr\/pour-les-jeunes\/services\/"},{"@type":"ListItem","position":4,"name":"Services de sant\u00e9"}]},{"@type":"WebSite","@id":"https:\/\/www.ysb.ca\/fr\/#website","url":"https:\/\/www.ysb.ca\/fr\/","name":"Youth Services Jeunesse","description":"Ottawa Youth Services Jeunesse","publisher":{"@id":"https:\/\/www.ysb.ca\/fr\/#organization"},"potentialAction":[{"@type":"SearchAction","target":{"@type":"EntryPoint","urlTemplate":"https:\/\/www.ysb.ca\/fr\/?s={search_term_string}"},"query-input":{"@type":"PropertyValueSpecification","valueRequired":true,"valueName":"search_term_string"}}],"inLanguage":"fr-FR"},{"@type":"Organization","@id":"https:\/\/www.ysb.ca\/fr\/#organization","name":"Youth Services Jeunesse","url":"https:\/\/www.ysb.ca\/fr\/","logo":{"@type":"ImageObject","inLanguage":"fr-FR","@id":"https:\/\/www.ysb.ca\/fr\/#\/schema\/logo\/image\/","url":"https:\/\/www.ysb.ca\/wp-content\/uploads\/2020\/09\/ysb-logo.png","contentUrl":"https:\/\/www.ysb.ca\/wp-content\/uploads\/2020\/09\/ysb-logo.png","width":238,"height":94,"caption":"Youth Services Jeunesse"},"image":{"@id":"https:\/\/www.ysb.ca\/fr\/#\/schema\/logo\/image\/"},"sameAs":["https:\/\/www.instagram.com\/ysb.bsj\/","https:\/\/www.youtube.com\/user\/YSBOttawa"]}]}},"_links":{"self":[{"href":"https:\/\/www.ysb.ca\/fr\/wp-json\/wp\/v2\/pages\/1734","targetHints":{"allow":["GET"]}}],"collection":[{"href":"https:\/\/www.ysb.ca\/fr\/wp-json\/wp\/v2\/pages"}],"about":[{"href":"https:\/\/www.ysb.ca\/fr\/wp-json\/wp\/v2\/types\/page"}],"author":[{"embeddable":true,"href":"https:\/\/www.ysb.ca\/fr\/wp-json\/wp\/v2\/users\/1"}],"replies":[{"embeddable":true,"href":"https:\/\/www.ysb.ca\/fr\/wp-json\/wp\/v2\/comments?post=1734"}],"version-history":[{"count":6,"href":"https:\/\/www.ysb.ca\/fr\/wp-json\/wp\/v2\/pages\/1734\/revisions"}],"predecessor-version":[{"id":13767,"href":"https:\/\/www.ysb.ca\/fr\/wp-json\/wp\/v2\/pages\/1734\/revisions\/13767"}],"up":[{"embeddable":true,"href":"https:\/\/www.ysb.ca\/fr\/wp-json\/wp\/v2\/pages\/1741"}],"wp:attachment":[{"href":"https:\/\/www.ysb.ca\/fr\/wp-json\/wp\/v2\/media?parent=1734"}],"curies":[{"name":"wp","href":"https:\/\/api.w.org\/{rel}","templated":true}]}}