
{"id":1733,"date":"2017-09-29T10:49:12","date_gmt":"2017-09-29T14:49:12","guid":{"rendered":"http:\/\/www.ysb.ca\/ysb-mental-health\/"},"modified":"2025-11-25T17:20:39","modified_gmt":"2025-11-25T22:20:39","slug":"sante-mentale","status":"publish","type":"page","link":"https:\/\/www.ysb.ca\/fr\/services\/sante-mentale\/","title":{"rendered":"Services de sant\u00e9 mentale"},"content":{"rendered":"<div class=\"wpb-content-wrapper\">[vc_row fullwidth=\u00a0\u00bbtrue\u00a0\u00bb][vc_column]\n        <div class=\"ysb-banner-wrapper\" style=\"background-image: url(https:\/\/www.ysb.ca\/wp-content\/uploads\/2017\/09\/mentalhealth.jpg);\">\n         \n            <div class=\"ysb-title-wrapper mk-animate-element bottom-to-top mk-in-viewport\" style=\"background-image: url();\">\n\t\t\t\t<h1 class=\"ysb-banner-title\">Services de sant\u00e9 mentale<\/h1>\n\t\t\t\t\n\t\t\t<\/div>\n         \n        <\/div>[\/vc_column][\/vc_row][vc_row css=\u00a0\u00bb.vc_custom_1507308758324{padding-top: 80px !important;}\u00a0\u00bb][vc_column][vc_column_text css=\u00a0\u00bb.vc_custom_1516899711093{margin-bottom: 0px !important;}\u00a0\u00bb]Nous ne sommes pas ici pour juger, nous sommes ici pour comprendre et pour vous aider \u00e0 traverser les probl\u00e8mes ou les difficult\u00e9s que vous vivez et qui peuvent affecter votre vie et votre bien-\u00eatre \u00e9motionnel. Notre \u00e9quipe d\u2019experts chevronn\u00e9s en sant\u00e9 mentale offre un \u00e9ventail de services accueillants, exempts de jugement, pour vous et votre famille.[\/vc_column_text][mk_padding_divider size=\u00a0\u00bb24&Prime;][\/vc_column][\/vc_row][vc_row css=\u00a0\u00bb.vc_custom_1507308839443{padding-bottom: 60px !important;}\u00a0\u00bb][vc_column][vc_column_text css=\u00a0\u00bb.vc_custom_1764109236039{margin-bottom: 0px !important;}\u00a0\u00bb]\n<h2><a href=\"https:\/\/www.ysb.ca\/fr\/services\/sante-mentale\/acceder-aux-services-sante-mentale\/#amcp\">L\u2019approche en mati\u00e8re de choix et de partenariat (CAPA)<\/a><\/h2>\n<p>Au BSJ, nous utilisons l\u2019<strong>approche en mati\u00e8re de choix et de partenariat (CAPA)<\/strong>. Ce syst\u00e8me de prestation de services est ax\u00e9 sur les besoins des clients, et se caract\u00e9rise par sa nature collaborative et son offre de choix. Cette approche assure que nos clients obtiennent l\u2019aide appropri\u00e9e, de la mani\u00e8re la plus rapide possible. <a href=\"https:\/\/www.ysb.ca\/fr\/services\/sante-mentale\/acceder-aux-services-sante-mentale\/#amcp\">Cliquez ici pour en savoir plus.<\/a><\/p>\n<p><iframe src=\"https:\/\/www.youtube.com\/embed\/-BM33qfIrsU?rel=0\" width=\"560\" height=\"315\" frameborder=\"0\" allowfullscreen=\"allowfullscreen\"><\/iframe><\/p>\n<h4>Outils de traitement \u00e9clair\u00e9 par les commentaires (FIT)<\/h4>\n<p>Nous croyons que l\u2019\u00e9tablissement d\u2019une relation de collaboration avec les clients nous aide \u00e0 obtenir les meilleurs r\u00e9sultats. Chaque personne est diff\u00e9rente \u2013 vous arrivez avec vos forces, vos comp\u00e9tences et vos connaissances quant \u00e0 ce qui est important pour vous, et nous consid\u00e9rons cela comme \u00e9tant une partie essentielle du travail que nous accomplissons ensemble.<\/p>\n<p>Notre exp\u00e9rience nous a \u00e9galement montr\u00e9 que le counseling fonctionne le mieux lorsque les clients s\u2019impliquent activement dans le processus. C\u2019est pourquoi nous avons adopt\u00e9 les outils de traitement \u00e9clair\u00e9 par les commentaires (FIT), une approche fond\u00e9e sur des donn\u00e9es probantes aux fins de l\u2019\u00e9valuation et de l\u2019am\u00e9lioration des services destin\u00e9s \u00e0 la client\u00e8le.<\/p>\n<p>Nous vous demanderons r\u00e9guli\u00e8rement de nous fournir des commentaires \u00e0 l\u2019aide de deux \u00e9chelles simples \u00e0 utiliser, qui saisiront vos impressions quant \u00e0 vos progr\u00e8s et \u00e0 la fa\u00e7on dont nous travaillons ensemble. Ces commentaires fournis sur une base r\u00e9guli\u00e8re nous indiqueront si nous devons apporter des changements, tels qu\u2019adopter une approche diff\u00e9rente. Ils pourraient aussi nous indiquer que nous devons nous rencontrer plus souvent ou revoir vos objectifs.<\/p>\n<p>Votre conseiller vous expliquera comment ces \u00e9chelles faciles d\u2019utilisation feront partie du travail que nous accomplirons ensemble.<\/p>\n<h2><a href=\"https:\/\/www.ysb.ca\/fr\/services\/sante-mentale\/ligne-de-crise\/\">Ligne de crise et service de clavardage 24\/7<\/a><\/h2>\n<p>La Ligne d\u2019intervention 24\/7 et le service de clavardage sont en sorte que les jeunes en situation de crise\u2014ou toute personne qui s\u2019inqui\u00e8te au sujet d\u2019un jeune en situation de crise\u2014peut parler \u00e0 quelqu\u2019un qui les comprend et qui veut les aider. Accessible jour ou nuit, 7 jours sur 7, 365 jours par ann\u00e9e, cette ligne d\u2019intervention offre de l\u2019\u00e9coute avec soutien, du counseling en cas de crise, des envois en consultation et plus encore.<\/p>\n<h2><a href=\"https:\/\/www.ysb.ca\/fr\/services\/sante-mentale\/clinique-sans-rendez-vous\/\">Clinique de sant\u00e9 mentale sans rendez-vous pour les jeunes<\/a><\/h2>\n<p>La Clinique de sant\u00e9 mentale sans rendez-vous pour les jeunes offre des s\u00e9ances de counseling individuelles aux jeunes 12 \u00e0 20 ans (et leurs parents) ayant des besoins imm\u00e9diats. Souvent, une des \u00e9tapes les plus difficiles peut \u00eatre de trouver assez de courage pour demander de l\u2019aide. Le fait de recevoir de l\u2019aide plus rapidement peut faire toute la diff\u00e9rence.<\/p>\n<h2><a href=\"https:\/\/www.ysb.ca\/fr\/services\/sante-mentale\/counseling-jeunes-famille\/\">Counseling \u00e0 l\u2019intention des jeunes et de la famille<\/a><\/h2>\n<p>Ce programme offre aux jeunes \u00e2g\u00e9s de 12 \u00e0 17 ans l\u2019occasion d\u2019aborder les questions qui influent sur les relations familiales. Les parents et les jeunes peuvent rencontrer des conseillers pour des s\u00e9ances familiales, ou il est possible d\u2019obtenir un counseling individuel selon les besoins.<\/p>\n<h2><a href=\"https:\/\/www.ysb.ca\/fr\/services\/sante-mentale\/soutien-familial-intensif\/\">Soutien familial intensif<\/a><\/h2>\n<p>La Soutien familial intensif est un programme intensif familial et communautaire qui favorise les changements positifs de comportement chez les jeunes (12 \u00e0 18 ans) qui sont \u00e0 risque d\u2019\u00eatre plac\u00e9s hors de leur foyer en raison de graves comportements antisociaux.<\/p>\n<h2><a href=\"https:\/\/www.ysb.ca\/fr\/services\/sante-mentale\/ressources-pour-parents\/\">Ressource de sant\u00e9 mentale pour les parents<\/a><\/h2>\n<p>Plus de 350 professionnels d\u00e9vou\u00e9s du BSJ r\u00e9partis dans 20 emplacements aux quatre coins de la ville d\u2019Ottawa sont fiers de desservir de fa\u00e7on \u00e9gale les jeunes, leurs parents et les familles afin d\u2019offrir un soutien durant les moments difficiles.<\/p>\n<h2><a href=\"https:\/\/www.ysb.ca\/fr\/services\/sante-mentale\/prevenir-suicide-jeunes\/\">Pr\u00e9vention du suicide d&rsquo;Ottawa<\/a><\/h2>\n<p>Pr\u00e9vention du suicide d\u2019Ottawa est un groupe d\u2019organismes et individus qui sont d\u00e9di\u00e9 \u00e0 la pr\u00e9vention du suicide \u00e0 Ottawa. Ce r\u00e9seau est une fa\u00e7on de partager de l\u2019information est des ressources importante, ainsi qu\u2019une tactique pour contrer le taux elev\u00e9 du suicide \u00e0 Ottawa. Ce programme est g\u00e9r\u00e9 par Sant\u00e9 publique Ottawa.<\/p>\n<h2><a href=\"https:\/\/www.ysb.ca\/fr\/services\/sante-mentale\/relais-depart\/\">Relais-D\u00e9part<\/a><\/h2>\n<p>Un programme bilingue de traitement en r\u00e9sidence qui offre un soutien intensif aux jeunes \u00e2g\u00e9s de 12 \u00e0 17 ans qui sont aux prises avec des probl\u00e8mes de sant\u00e9 mentale significatifs. en direct pour les jeunes. RELAIS-D\u00c9PART comble un \u00e9cart de service entre l\u2019hospitalisation et les soins communautaires.<\/p>\n<h2><a href=\"https:\/\/www.ysb.ca\/fr\/wraparound-ottawa\/\">Wraparound Ottawa (Services d&rsquo;appoint)<\/a><\/h2>\n<p>Wraparound offre les familles et les individuelles de 12 \u00e0 18 ans qui ont des besoins tr\u00e8s complexes. Le programme coordonne un plan d&rsquo;action et aide a cr\u00e9er une \u00e9quipe d\u2019amis, de membres de la communaut\u00e9 et de professionnels.<\/p>\n<h2><a href=\"https:\/\/onestoptalk.ca\/fr\/\">Parlons maintenant<\/a><\/h2>\n<p data-start=\"48\" data-end=\"366\">Parlons maintenant est un service gratuit et confidentiel de counselling virtuel offert aux enfants et aux jeunes de 17 ans et moins partout en Ontario. Les jeunes peuvent parler \u00e0 des th\u00e9rapeutes autoris\u00e9s par t\u00e9l\u00e9phone, en vid\u00e9oconf\u00e9rence ou par messagerie. Aucun rendez-vous ni r\u00e9f\u00e9rence ne sont n\u00e9cessaires. *<em>Ce programme n\u2019est pas offert par le BSJ<\/em><\/p>\n[\/vc_column_text][\/vc_column][\/vc_row]\n<\/div>","protected":false},"excerpt":{"rendered":"<p>[vc_row fullwidth=\u00a0\u00bbtrue\u00a0\u00bb][vc_column][\/vc_column][\/vc_row][vc_row css=\u00a0\u00bb.vc_custom_1507308758324{padding-top: 80px !important;}\u00a0\u00bb][vc_column][vc_column_text css=\u00a0\u00bb.vc_custom_1516899711093{margin-bottom: 0px !important;}\u00a0\u00bb]Nous ne sommes pas ici pour juger, nous sommes ici pour comprendre et pour vous aider \u00e0 traverser les probl\u00e8mes ou les difficult\u00e9s que vous vivez et qui peuvent affecter votre vie et votre bien-\u00eatre \u00e9motionnel. Notre \u00e9quipe d\u2019experts chevronn\u00e9s en sant\u00e9 mentale offre un \u00e9ventail de services [&hellip;]<\/p>\n","protected":false},"author":1,"featured_media":0,"parent":1750,"menu_order":215,"comment_status":"closed","ping_status":"closed","template":"","meta":{"rs_blank_template":"","rs_page_bg_color":"","slide_template_v7":"","footnotes":""},"class_list":["post-1733","page","type-page","status-publish","hentry"],"yoast_head":"<!-- This site is optimized with the Yoast SEO plugin v27.3 - https:\/\/yoast.com\/product\/yoast-seo-wordpress\/ -->\n<title>Services de sant\u00e9 mentale - Youth Services Jeunesse<\/title>\n<meta name=\"robots\" content=\"index, follow, max-snippet:-1, max-image-preview:large, max-video-preview:-1\" \/>\n<link rel=\"canonical\" href=\"https:\/\/www.ysb.ca\/fr\/services\/sante-mentale\/\" \/>\n<meta property=\"og:locale\" content=\"fr_FR\" \/>\n<meta property=\"og:type\" content=\"article\" \/>\n<meta property=\"og:title\" content=\"Services de sant\u00e9 mentale - Youth Services Jeunesse\" \/>\n<meta property=\"og:description\" content=\"[vc_row fullwidth=\u00a0\u00bbtrue\u00a0\u00bb][vc_column][\/vc_column][\/vc_row][vc_row css=\u00a0\u00bb.vc_custom_1507308758324{padding-top: 80px !important;}\u00a0\u00bb][vc_column][vc_column_text css=\u00a0\u00bb.vc_custom_1516899711093{margin-bottom: 0px !important;}\u00a0\u00bb]Nous ne sommes pas ici pour juger, nous sommes ici pour comprendre et pour vous aider \u00e0 traverser les probl\u00e8mes ou les difficult\u00e9s que vous vivez et qui peuvent affecter votre vie et votre bien-\u00eatre \u00e9motionnel. Notre \u00e9quipe d\u2019experts chevronn\u00e9s en sant\u00e9 mentale offre un \u00e9ventail de services [&hellip;]\" \/>\n<meta property=\"og:url\" content=\"https:\/\/www.ysb.ca\/fr\/services\/sante-mentale\/\" \/>\n<meta property=\"og:site_name\" content=\"Youth Services Jeunesse\" \/>\n<meta property=\"article:modified_time\" content=\"2025-11-25T22:20:39+00:00\" \/>\n<meta name=\"twitter:card\" content=\"summary_large_image\" \/>\n<meta name=\"twitter:label1\" content=\"Dur\u00e9e de lecture estim\u00e9e\" \/>\n\t<meta name=\"twitter:data1\" content=\"5 minutes\" \/>\n<script type=\"application\/ld+json\" class=\"yoast-schema-graph\">{\"@context\":\"https:\\\/\\\/schema.org\",\"@graph\":[{\"@type\":\"WebPage\",\"@id\":\"https:\\\/\\\/www.ysb.ca\\\/fr\\\/services\\\/sante-mentale\\\/\",\"url\":\"https:\\\/\\\/www.ysb.ca\\\/fr\\\/services\\\/sante-mentale\\\/\",\"name\":\"Services de sant\u00e9 mentale - Youth Services Jeunesse\",\"isPartOf\":{\"@id\":\"https:\\\/\\\/www.ysb.ca\\\/fr\\\/#website\"},\"datePublished\":\"2017-09-29T14:49:12+00:00\",\"dateModified\":\"2025-11-25T22:20:39+00:00\",\"breadcrumb\":{\"@id\":\"https:\\\/\\\/www.ysb.ca\\\/fr\\\/services\\\/sante-mentale\\\/#breadcrumb\"},\"inLanguage\":\"fr-FR\",\"potentialAction\":[{\"@type\":\"ReadAction\",\"target\":[\"https:\\\/\\\/www.ysb.ca\\\/fr\\\/services\\\/sante-mentale\\\/\"]}]},{\"@type\":\"BreadcrumbList\",\"@id\":\"https:\\\/\\\/www.ysb.ca\\\/fr\\\/services\\\/sante-mentale\\\/#breadcrumb\",\"itemListElement\":[{\"@type\":\"ListItem\",\"position\":1,\"name\":\"Home\",\"item\":\"https:\\\/\\\/www.ysb.ca\\\/fr\\\/\"},{\"@type\":\"ListItem\",\"position\":2,\"name\":\"Services\",\"item\":\"https:\\\/\\\/www.ysb.ca\\\/fr\\\/services\\\/\"},{\"@type\":\"ListItem\",\"position\":3,\"name\":\"Services de sant\u00e9 mentale\"}]},{\"@type\":\"WebSite\",\"@id\":\"https:\\\/\\\/www.ysb.ca\\\/fr\\\/#website\",\"url\":\"https:\\\/\\\/www.ysb.ca\\\/fr\\\/\",\"name\":\"Youth Services Jeunesse\",\"description\":\"Ottawa Youth Services Jeunesse\",\"publisher\":{\"@id\":\"https:\\\/\\\/www.ysb.ca\\\/fr\\\/#organization\"},\"potentialAction\":[{\"@type\":\"SearchAction\",\"target\":{\"@type\":\"EntryPoint\",\"urlTemplate\":\"https:\\\/\\\/www.ysb.ca\\\/fr\\\/?s={search_term_string}\"},\"query-input\":{\"@type\":\"PropertyValueSpecification\",\"valueRequired\":true,\"valueName\":\"search_term_string\"}}],\"inLanguage\":\"fr-FR\"},{\"@type\":\"Organization\",\"@id\":\"https:\\\/\\\/www.ysb.ca\\\/fr\\\/#organization\",\"name\":\"Youth Services Jeunesse\",\"url\":\"https:\\\/\\\/www.ysb.ca\\\/fr\\\/\",\"logo\":{\"@type\":\"ImageObject\",\"inLanguage\":\"fr-FR\",\"@id\":\"https:\\\/\\\/www.ysb.ca\\\/fr\\\/#\\\/schema\\\/logo\\\/image\\\/\",\"url\":\"https:\\\/\\\/www.ysb.ca\\\/wp-content\\\/uploads\\\/2020\\\/09\\\/ysb-logo.png\",\"contentUrl\":\"https:\\\/\\\/www.ysb.ca\\\/wp-content\\\/uploads\\\/2020\\\/09\\\/ysb-logo.png\",\"width\":238,\"height\":94,\"caption\":\"Youth Services Jeunesse\"},\"image\":{\"@id\":\"https:\\\/\\\/www.ysb.ca\\\/fr\\\/#\\\/schema\\\/logo\\\/image\\\/\"},\"sameAs\":[\"https:\\\/\\\/www.instagram.com\\\/ysb.bsj\\\/\",\"https:\\\/\\\/www.youtube.com\\\/user\\\/YSBOttawa\"]}]}<\/script>\n<!-- \/ Yoast SEO plugin. -->","yoast_head_json":{"title":"Services de sant\u00e9 mentale - Youth Services Jeunesse","robots":{"index":"index","follow":"follow","max-snippet":"max-snippet:-1","max-image-preview":"max-image-preview:large","max-video-preview":"max-video-preview:-1"},"canonical":"https:\/\/www.ysb.ca\/fr\/services\/sante-mentale\/","og_locale":"fr_FR","og_type":"article","og_title":"Services de sant\u00e9 mentale - Youth Services Jeunesse","og_description":"[vc_row fullwidth=\u00a0\u00bbtrue\u00a0\u00bb][vc_column][\/vc_column][\/vc_row][vc_row css=\u00a0\u00bb.vc_custom_1507308758324{padding-top: 80px !important;}\u00a0\u00bb][vc_column][vc_column_text css=\u00a0\u00bb.vc_custom_1516899711093{margin-bottom: 0px !important;}\u00a0\u00bb]Nous ne sommes pas ici pour juger, nous sommes ici pour comprendre et pour vous aider \u00e0 traverser les probl\u00e8mes ou les difficult\u00e9s que vous vivez et qui peuvent affecter votre vie et votre bien-\u00eatre \u00e9motionnel. Notre \u00e9quipe d\u2019experts chevronn\u00e9s en sant\u00e9 mentale offre un \u00e9ventail de services [&hellip;]","og_url":"https:\/\/www.ysb.ca\/fr\/services\/sante-mentale\/","og_site_name":"Youth Services Jeunesse","article_modified_time":"2025-11-25T22:20:39+00:00","twitter_card":"summary_large_image","twitter_misc":{"Dur\u00e9e de lecture estim\u00e9e":"5 minutes"},"schema":{"@context":"https:\/\/schema.org","@graph":[{"@type":"WebPage","@id":"https:\/\/www.ysb.ca\/fr\/services\/sante-mentale\/","url":"https:\/\/www.ysb.ca\/fr\/services\/sante-mentale\/","name":"Services de sant\u00e9 mentale - Youth Services Jeunesse","isPartOf":{"@id":"https:\/\/www.ysb.ca\/fr\/#website"},"datePublished":"2017-09-29T14:49:12+00:00","dateModified":"2025-11-25T22:20:39+00:00","breadcrumb":{"@id":"https:\/\/www.ysb.ca\/fr\/services\/sante-mentale\/#breadcrumb"},"inLanguage":"fr-FR","potentialAction":[{"@type":"ReadAction","target":["https:\/\/www.ysb.ca\/fr\/services\/sante-mentale\/"]}]},{"@type":"BreadcrumbList","@id":"https:\/\/www.ysb.ca\/fr\/services\/sante-mentale\/#breadcrumb","itemListElement":[{"@type":"ListItem","position":1,"name":"Home","item":"https:\/\/www.ysb.ca\/fr\/"},{"@type":"ListItem","position":2,"name":"Services","item":"https:\/\/www.ysb.ca\/fr\/services\/"},{"@type":"ListItem","position":3,"name":"Services de sant\u00e9 mentale"}]},{"@type":"WebSite","@id":"https:\/\/www.ysb.ca\/fr\/#website","url":"https:\/\/www.ysb.ca\/fr\/","name":"Youth Services Jeunesse","description":"Ottawa Youth Services Jeunesse","publisher":{"@id":"https:\/\/www.ysb.ca\/fr\/#organization"},"potentialAction":[{"@type":"SearchAction","target":{"@type":"EntryPoint","urlTemplate":"https:\/\/www.ysb.ca\/fr\/?s={search_term_string}"},"query-input":{"@type":"PropertyValueSpecification","valueRequired":true,"valueName":"search_term_string"}}],"inLanguage":"fr-FR"},{"@type":"Organization","@id":"https:\/\/www.ysb.ca\/fr\/#organization","name":"Youth Services Jeunesse","url":"https:\/\/www.ysb.ca\/fr\/","logo":{"@type":"ImageObject","inLanguage":"fr-FR","@id":"https:\/\/www.ysb.ca\/fr\/#\/schema\/logo\/image\/","url":"https:\/\/www.ysb.ca\/wp-content\/uploads\/2020\/09\/ysb-logo.png","contentUrl":"https:\/\/www.ysb.ca\/wp-content\/uploads\/2020\/09\/ysb-logo.png","width":238,"height":94,"caption":"Youth Services Jeunesse"},"image":{"@id":"https:\/\/www.ysb.ca\/fr\/#\/schema\/logo\/image\/"},"sameAs":["https:\/\/www.instagram.com\/ysb.bsj\/","https:\/\/www.youtube.com\/user\/YSBOttawa"]}]}},"_links":{"self":[{"href":"https:\/\/www.ysb.ca\/fr\/wp-json\/wp\/v2\/pages\/1733","targetHints":{"allow":["GET"]}}],"collection":[{"href":"https:\/\/www.ysb.ca\/fr\/wp-json\/wp\/v2\/pages"}],"about":[{"href":"https:\/\/www.ysb.ca\/fr\/wp-json\/wp\/v2\/types\/page"}],"author":[{"embeddable":true,"href":"https:\/\/www.ysb.ca\/fr\/wp-json\/wp\/v2\/users\/1"}],"replies":[{"embeddable":true,"href":"https:\/\/www.ysb.ca\/fr\/wp-json\/wp\/v2\/comments?post=1733"}],"version-history":[{"count":7,"href":"https:\/\/www.ysb.ca\/fr\/wp-json\/wp\/v2\/pages\/1733\/revisions"}],"predecessor-version":[{"id":13838,"href":"https:\/\/www.ysb.ca\/fr\/wp-json\/wp\/v2\/pages\/1733\/revisions\/13838"}],"up":[{"embeddable":true,"href":"https:\/\/www.ysb.ca\/fr\/wp-json\/wp\/v2\/pages\/1750"}],"wp:attachment":[{"href":"https:\/\/www.ysb.ca\/fr\/wp-json\/wp\/v2\/media?parent=1733"}],"curies":[{"name":"wp","href":"https:\/\/api.w.org\/{rel}","templated":true}]}}