
{"id":1732,"date":"2017-09-29T10:50:34","date_gmt":"2017-09-29T14:50:34","guid":{"rendered":"http:\/\/www.ysb.ca\/youth-mental-health-walk-in-clinic\/"},"modified":"2026-02-19T13:47:06","modified_gmt":"2026-02-19T18:47:06","slug":"clinique-sans-rendez-vous","status":"publish","type":"page","link":"https:\/\/www.ysb.ca\/fr\/services\/sante-mentale\/clinique-sans-rendez-vous\/","title":{"rendered":"Clinique de sant\u00e9 mentale sans rendez-vous pour les jeunes"},"content":{"rendered":"<div class=\"wpb-content-wrapper\">[vc_row fullwidth=\u00a0\u00bbtrue\u00a0\u00bb][vc_column]\n        <div class=\"ysb-banner-wrapper\" style=\"background-image: url(https:\/\/www.ysb.ca\/wp-content\/uploads\/2017\/11\/ysb-youth-mental-health-walk-in-clinic.jpg);\">\n         \n            <div class=\"ysb-title-wrapper mk-animate-element bottom-to-top mk-in-viewport\" style=\"background-image: url();\">\n\t\t\t\t<h1 class=\"ysb-banner-title\">Clinique de sant\u00e9 mentale sans rendez-vous pour les jeunes<\/h1>\n\t\t\t\t\n\t\t\t<\/div>\n         \n        <\/div>[\/vc_column][\/vc_row][vc_row css=\u00a0\u00bb.vc_custom_1507311266989{padding-top: 80px !important;}\u00a0\u00bb][vc_column][vc_column_text margin_bottom=\u00a0\u00bb0&Prime; css=\u00a0\u00bb.vc_custom_1771526821993{margin-bottom: 0px !important;}\u00a0\u00bb]\n<h1><span style=\"font-size: 16px;\">CLINIQUE DE SANT\u00c9 MENTALE\u00a0 SANS RENDEZ-VOUS POUR LES JEUNES<\/span><\/h1>\n<ul>\n<li><span class=\"VIiyi\" lang=\"fr\"><strong><span class=\"JLqJ4b ChMk0b\" data-language-for-alternatives=\"fr\" data-language-to-translate-into=\"auto\" data-phrase-index=\"0\"><a href=\"https:\/\/www.ysb.ca\/wp-content\/uploads\/2025\/01\/ysbclientpackage-french-2024-fill.pdf\">Cliquez ici pour t\u00e9l\u00e9charger notre trousse d&rsquo;accueil<\/a> (PDF).<\/span><\/strong> <span class=\"JLqJ4b ChMk0b\" data-language-for-alternatives=\"fr\" data-language-to-translate-into=\"auto\" data-phrase-index=\"1\">Ce trousse comprend : une lettre de bienvenue, un consentement pour les services, un consentement \u00e0 l&rsquo;utilisation du courriel, un questionnaire Choice, une enqu\u00eate d\u00e9mographique, une brochure de confidentialit\u00e9 et une brochure de r\u00e9clamation.<\/span> <span class=\"JLqJ4b ChMk0b\" data-language-for-alternatives=\"fr\" data-language-to-translate-into=\"auto\" data-phrase-index=\"2\">Nous discuterons de ces documents au d\u00e9but de votre session.<\/span> <\/span><\/li>\n<li><a href=\"https:\/\/www.ysb.ca\/wp-content\/uploads\/2020\/11\/info-sheet-in-person-session-with-screener-frn.pdf\">Votre prochaine s\u00e9ance : ce que vous devez savoir\u00a0 (PDF)<\/a><\/li>\n<\/ul>\n<p><strong><em>Pour notre Ligne de crise 24\/7 ou Service de clavardage de crise, veuillez composer le 613-260-2360 ou le <\/em><\/strong><strong><em>1-877-377-7775<span class=\"\" title=\"\">.<\/span><\/em><\/strong><\/p>\n<h2>Comment acc\u00e9der \u00e0 la clinique<\/h2>\n<p>Pour les jeunes de 12 \u00e0 20 ans et\/ou leurs parents ou tuteurs<\/p>\n<p>S\u00e9ances sans rendez-vous : les mardis (300\u20131355, rue Bank) et jeudis (2225, chemin Mer Bleue), de 12 h \u00e0 20 h. (veuillez vous inscrire avant 18h).<\/p>\n<p>Des questions ? Appelez-nous au 613-562-3004.<\/p>\n<p>\u00c9prouvez-vous des difficult\u00e9s dans une relation ou une r\u00e9cente rupture?<\/p>\n<p>Il y a trop de dispute \u00e0 la maison?<\/p>\n<p>Vous \u00eates aux prises avec des questions d\u2019identit\u00e9 sexuelle ou de genre?<\/p>\n<p>La Clinique de sant\u00e9 mentale sans rendez-vous pour les jeunes offre des s\u00e9ances de counseling individuelles aux jeunes ayant des besoins imm\u00e9diats. Souvent, une des \u00e9tapes les plus difficiles peut \u00eatre de trouver assez de courage pour demander de l\u2019aide. Le fait de recevoir de l\u2019aide plus rapidement peut faire toute la diff\u00e9rence.<\/p>\n<p><strong>La Clinique sans rendez-vous me convient-elle? <\/strong><\/p>\n<ul>\n<li>Vous avez de 12 \u00e0 20 ans\u2014ou vous \u00eates le parent d\u2019un adolescent.<\/li>\n<li>Vous croyez que la solution est sous votre contr\u00f4le.<\/li>\n<li>Vous avez besoin de savoir que votre r\u00e9action face \u00e0 une situation troublante est normale.<\/li>\n<li>Vous pouvez cerner, \u00e0 l\u2019aide d\u2019un conseiller, des solutions utiles, des r\u00e9ussites d\u00e9j\u00e0 r\u00e9alis\u00e9es et des attentes raisonnables.<\/li>\n<li>Vous \u00eates \u00ab emprisonn\u00e9 \u00bb par un sentiment (col\u00e8re, culpabilit\u00e9, deuil) en raison d\u2019un \u00e9v\u00e9nement pass\u00e9 et vous cherchez des fa\u00e7ons de vous \u00ab\u00a0lib\u00e9rer\u00a0\u00bb.<\/li>\n<\/ul>\n<p>Une seule s\u00e9ance de counseling peut suffire pour r\u00e9pondre \u00e0 vos besoins. Lorsque vous vous pr\u00e9sentez \u00e0 la clinique sans rendez-vous, vous aurez un <strong>rendez-vous de choix<\/strong>. Cliquez <a href=\"https:\/\/www.ysb.ca\/fr\/services\/sante-mentale\/acceder-aux-services-sante-mentale\/\">ici pour vous renseigner sur le fonctionnement du rendez-vous de choix<\/a>.<\/p>\n<p>Si vous \u00eates en crise, ou si vous avez besoin de parler \u00e0 quelqu&rsquo;un, vous pouvez appeler \u00e0 tout moment notre <a href=\"https:\/\/www.ysb.ca\/fr\/services\/sante-mentale\/ligne-de-crise\/\">Ligne de crise 24\/7<\/a> au 613 260-2360.<\/p>\n<p>La clinique de sant\u00e9 mentale sans rendez-vous du BSJ dessert les jeunes et les familles r\u00e9sidant en Ontario dans la r\u00e9gion d&rsquo;Ottawa.<\/p>\n<p><em>*Pour les \u00e9coles et les cliniques, veuillez nous envoyer un courriel \u00e0 <a href=\"mailto:communications@ysb.ca\">communications@ysb.ca<\/a> si vous souhaitez obtenir du mat\u00e9riel et des ressources en sant\u00e9 mentale \u00e0 distribuer.<\/em><\/p>\n<h2>PLEO les mardis <img decoding=\"async\" class=\"size-medium wp-image-12120 alignright\" src=\"https:\/\/www.ysb.ca\/wp-content\/uploads\/2025\/01\/pleo-bilingual-logo-original-300x162.webp\" alt=\"\" width=\"300\" height=\"162\" \/><\/h2>\n<p>Vous pouvez parler \u00e0 un parent navigateur tous les mardis \u00e0 notre clinique sans rendez-vous de sant\u00e9 mentale pour les jeunes ! <a href=\"https:\/\/pleo.on.ca\/fr\/\">PLEO<\/a>, un organisme de soutien familial \u00e0 but non lucratif pour les parents dont les enfants sont confront\u00e9s \u00e0 des probl\u00e8mes de sant\u00e9 mentale, est sur place au 300-1355, rue Bank, tous les mardis \u00e0 partir de 12h00, le dernier rendez-vous \u00e9tant \u00e0 18h30. Vous pouvez en apprendre davantage sur PLEO ici : <a href=\"https:\/\/pleo.on.ca\/fr\/\">https:\/\/pleo.on.ca\/fr\/<\/a>[\/vc_column_text][\/vc_column][\/vc_row][vc_row][vc_column][mk_padding_divider size=\u00a0\u00bb24&Prime;][\/vc_column][\/vc_row][vc_row css=\u00a0\u00bb.vc_custom_1507311734049{padding-bottom: 60px !important;}\u00a0\u00bb][vc_column][vc_column_text css=\u00a0\u00bb.vc_custom_1639081596052{margin-bottom: 0px !important;}\u00a0\u00bb]\n<h2>Comment acc\u00e9der \u00e0 la clinique<\/h2>\n<p><strong>Heures : <\/strong>Sans rendez-vous : les mardis et jeudis, de midi \u00e0 20h\u00a0 (derni\u00e8re session : 18h).<br \/>\n<strong>T\u00e9l\u00e9phone:\u00a0<\/strong>613-562-3004[\/vc_column_text][\/vc_column][\/vc_row][vc_row][vc_column][mk_padding_divider size=\u00a0\u00bb24&Prime;][\/vc_column][\/vc_row][vc_row][vc_column][mk_image heading_title=\u00a0\u00bbNotre clinique sans rendez-vous en sant\u00e9 mentale\u00a0\u00bb src=\u00a0\u00bbhttps:\/\/www.ysb.ca\/wp-content\/uploads\/2026\/02\/z62_9771-1-scaled.jpg\u00a0\u00bb image_size=\u00a0\u00bblarge\u00a0\u00bb frame_style=\u00a0\u00bbgray_border\u00a0\u00bb margin_bottom=\u00a0\u00bb10&Prime;][\/vc_column][\/vc_row]\n<\/div>","protected":false},"excerpt":{"rendered":"<p>[vc_row fullwidth=\u00a0\u00bbtrue\u00a0\u00bb][vc_column][\/vc_column][\/vc_row][vc_row css=\u00a0\u00bb.vc_custom_1507311266989{padding-top: 80px !important;}\u00a0\u00bb][vc_column][vc_column_text margin_bottom=\u00a0\u00bb0&Prime; css=\u00a0\u00bb.vc_custom_1771526821993{margin-bottom: 0px !important;}\u00a0\u00bb] CLINIQUE DE SANT\u00c9 MENTALE\u00a0 SANS RENDEZ-VOUS POUR LES JEUNES Cliquez ici pour t\u00e9l\u00e9charger notre trousse d&rsquo;accueil (PDF). Ce trousse comprend : une lettre de bienvenue, un consentement pour les services, un consentement \u00e0 l&rsquo;utilisation du courriel, un questionnaire Choice, une enqu\u00eate d\u00e9mographique, une brochure de confidentialit\u00e9 [&hellip;]<\/p>\n","protected":false},"author":1,"featured_media":0,"parent":1733,"menu_order":214,"comment_status":"closed","ping_status":"closed","template":"","meta":{"rs_blank_template":"","rs_page_bg_color":"","slide_template_v7":"","footnotes":""},"class_list":["post-1732","page","type-page","status-publish","hentry"],"yoast_head":"<!-- This site is optimized with the Yoast SEO plugin v27.4 - https:\/\/yoast.com\/product\/yoast-seo-wordpress\/ -->\n<title>Clinique de sant\u00e9 mentale sans rendez-vous pour les jeunes - Youth Services Jeunesse<\/title>\n<meta name=\"robots\" content=\"index, follow, max-snippet:-1, max-image-preview:large, max-video-preview:-1\" \/>\n<link rel=\"canonical\" href=\"https:\/\/www.ysb.ca\/fr\/services\/sante-mentale\/clinique-sans-rendez-vous\/\" \/>\n<meta property=\"og:locale\" content=\"fr_FR\" \/>\n<meta property=\"og:type\" content=\"article\" \/>\n<meta property=\"og:title\" content=\"Clinique de sant\u00e9 mentale sans rendez-vous pour les jeunes - Youth Services Jeunesse\" \/>\n<meta property=\"og:description\" content=\"[vc_row fullwidth=\u00a0\u00bbtrue\u00a0\u00bb][vc_column][\/vc_column][\/vc_row][vc_row css=\u00a0\u00bb.vc_custom_1507311266989{padding-top: 80px !important;}\u00a0\u00bb][vc_column][vc_column_text margin_bottom=\u00a0\u00bb0&Prime; css=\u00a0\u00bb.vc_custom_1771526821993{margin-bottom: 0px !important;}\u00a0\u00bb] CLINIQUE DE SANT\u00c9 MENTALE\u00a0 SANS RENDEZ-VOUS POUR LES JEUNES Cliquez ici pour t\u00e9l\u00e9charger notre trousse d&rsquo;accueil (PDF). Ce trousse comprend : une lettre de bienvenue, un consentement pour les services, un consentement \u00e0 l&rsquo;utilisation du courriel, un questionnaire Choice, une enqu\u00eate d\u00e9mographique, une brochure de confidentialit\u00e9 [&hellip;]\" \/>\n<meta property=\"og:url\" content=\"https:\/\/www.ysb.ca\/fr\/services\/sante-mentale\/clinique-sans-rendez-vous\/\" \/>\n<meta property=\"og:site_name\" content=\"Youth Services Jeunesse\" \/>\n<meta property=\"article:modified_time\" content=\"2026-02-19T18:47:06+00:00\" \/>\n<meta name=\"twitter:card\" content=\"summary_large_image\" \/>\n<meta name=\"twitter:label1\" content=\"Dur\u00e9e de lecture estim\u00e9e\" \/>\n\t<meta name=\"twitter:data1\" content=\"3 minutes\" \/>\n<script type=\"application\/ld+json\" class=\"yoast-schema-graph\">{\"@context\":\"https:\\\/\\\/schema.org\",\"@graph\":[{\"@type\":\"WebPage\",\"@id\":\"https:\\\/\\\/www.ysb.ca\\\/fr\\\/services\\\/sante-mentale\\\/clinique-sans-rendez-vous\\\/\",\"url\":\"https:\\\/\\\/www.ysb.ca\\\/fr\\\/services\\\/sante-mentale\\\/clinique-sans-rendez-vous\\\/\",\"name\":\"Clinique de sant\u00e9 mentale sans rendez-vous pour les jeunes - Youth Services Jeunesse\",\"isPartOf\":{\"@id\":\"https:\\\/\\\/www.ysb.ca\\\/fr\\\/#website\"},\"primaryImageOfPage\":{\"@id\":\"https:\\\/\\\/www.ysb.ca\\\/fr\\\/services\\\/sante-mentale\\\/clinique-sans-rendez-vous\\\/#primaryimage\"},\"image\":{\"@id\":\"https:\\\/\\\/www.ysb.ca\\\/fr\\\/services\\\/sante-mentale\\\/clinique-sans-rendez-vous\\\/#primaryimage\"},\"thumbnailUrl\":\"https:\\\/\\\/www.ysb.ca\\\/wp-content\\\/uploads\\\/2025\\\/01\\\/pleo-bilingual-logo-original-300x162.webp\",\"datePublished\":\"2017-09-29T14:50:34+00:00\",\"dateModified\":\"2026-02-19T18:47:06+00:00\",\"breadcrumb\":{\"@id\":\"https:\\\/\\\/www.ysb.ca\\\/fr\\\/services\\\/sante-mentale\\\/clinique-sans-rendez-vous\\\/#breadcrumb\"},\"inLanguage\":\"fr-FR\",\"potentialAction\":[{\"@type\":\"ReadAction\",\"target\":[\"https:\\\/\\\/www.ysb.ca\\\/fr\\\/services\\\/sante-mentale\\\/clinique-sans-rendez-vous\\\/\"]}]},{\"@type\":\"ImageObject\",\"inLanguage\":\"fr-FR\",\"@id\":\"https:\\\/\\\/www.ysb.ca\\\/fr\\\/services\\\/sante-mentale\\\/clinique-sans-rendez-vous\\\/#primaryimage\",\"url\":\"https:\\\/\\\/www.ysb.ca\\\/wp-content\\\/uploads\\\/2025\\\/01\\\/pleo-bilingual-logo-original-300x162.webp\",\"contentUrl\":\"https:\\\/\\\/www.ysb.ca\\\/wp-content\\\/uploads\\\/2025\\\/01\\\/pleo-bilingual-logo-original-300x162.webp\"},{\"@type\":\"BreadcrumbList\",\"@id\":\"https:\\\/\\\/www.ysb.ca\\\/fr\\\/services\\\/sante-mentale\\\/clinique-sans-rendez-vous\\\/#breadcrumb\",\"itemListElement\":[{\"@type\":\"ListItem\",\"position\":1,\"name\":\"Home\",\"item\":\"https:\\\/\\\/www.ysb.ca\\\/fr\\\/\"},{\"@type\":\"ListItem\",\"position\":2,\"name\":\"Services\",\"item\":\"https:\\\/\\\/www.ysb.ca\\\/fr\\\/services\\\/\"},{\"@type\":\"ListItem\",\"position\":3,\"name\":\"Services de sant\u00e9 mentale\",\"item\":\"https:\\\/\\\/www.ysb.ca\\\/fr\\\/services\\\/sante-mentale\\\/\"},{\"@type\":\"ListItem\",\"position\":4,\"name\":\"Clinique de sant\u00e9 mentale sans rendez-vous pour les jeunes\"}]},{\"@type\":\"WebSite\",\"@id\":\"https:\\\/\\\/www.ysb.ca\\\/fr\\\/#website\",\"url\":\"https:\\\/\\\/www.ysb.ca\\\/fr\\\/\",\"name\":\"Youth Services Jeunesse\",\"description\":\"Ottawa Youth Services Jeunesse\",\"publisher\":{\"@id\":\"https:\\\/\\\/www.ysb.ca\\\/fr\\\/#organization\"},\"potentialAction\":[{\"@type\":\"SearchAction\",\"target\":{\"@type\":\"EntryPoint\",\"urlTemplate\":\"https:\\\/\\\/www.ysb.ca\\\/fr\\\/?s={search_term_string}\"},\"query-input\":{\"@type\":\"PropertyValueSpecification\",\"valueRequired\":true,\"valueName\":\"search_term_string\"}}],\"inLanguage\":\"fr-FR\"},{\"@type\":\"Organization\",\"@id\":\"https:\\\/\\\/www.ysb.ca\\\/fr\\\/#organization\",\"name\":\"Youth Services Jeunesse\",\"url\":\"https:\\\/\\\/www.ysb.ca\\\/fr\\\/\",\"logo\":{\"@type\":\"ImageObject\",\"inLanguage\":\"fr-FR\",\"@id\":\"https:\\\/\\\/www.ysb.ca\\\/fr\\\/#\\\/schema\\\/logo\\\/image\\\/\",\"url\":\"https:\\\/\\\/www.ysb.ca\\\/wp-content\\\/uploads\\\/2020\\\/09\\\/ysb-logo.png\",\"contentUrl\":\"https:\\\/\\\/www.ysb.ca\\\/wp-content\\\/uploads\\\/2020\\\/09\\\/ysb-logo.png\",\"width\":238,\"height\":94,\"caption\":\"Youth Services Jeunesse\"},\"image\":{\"@id\":\"https:\\\/\\\/www.ysb.ca\\\/fr\\\/#\\\/schema\\\/logo\\\/image\\\/\"},\"sameAs\":[\"https:\\\/\\\/www.instagram.com\\\/ysb.bsj\\\/\",\"https:\\\/\\\/www.youtube.com\\\/user\\\/YSBOttawa\"]}]}<\/script>\n<!-- \/ Yoast SEO plugin. -->","yoast_head_json":{"title":"Clinique de sant\u00e9 mentale sans rendez-vous pour les jeunes - Youth Services Jeunesse","robots":{"index":"index","follow":"follow","max-snippet":"max-snippet:-1","max-image-preview":"max-image-preview:large","max-video-preview":"max-video-preview:-1"},"canonical":"https:\/\/www.ysb.ca\/fr\/services\/sante-mentale\/clinique-sans-rendez-vous\/","og_locale":"fr_FR","og_type":"article","og_title":"Clinique de sant\u00e9 mentale sans rendez-vous pour les jeunes - Youth Services Jeunesse","og_description":"[vc_row fullwidth=\u00a0\u00bbtrue\u00a0\u00bb][vc_column][\/vc_column][\/vc_row][vc_row css=\u00a0\u00bb.vc_custom_1507311266989{padding-top: 80px !important;}\u00a0\u00bb][vc_column][vc_column_text margin_bottom=\u00a0\u00bb0&Prime; css=\u00a0\u00bb.vc_custom_1771526821993{margin-bottom: 0px !important;}\u00a0\u00bb] CLINIQUE DE SANT\u00c9 MENTALE\u00a0 SANS RENDEZ-VOUS POUR LES JEUNES Cliquez ici pour t\u00e9l\u00e9charger notre trousse d&rsquo;accueil (PDF). Ce trousse comprend : une lettre de bienvenue, un consentement pour les services, un consentement \u00e0 l&rsquo;utilisation du courriel, un questionnaire Choice, une enqu\u00eate d\u00e9mographique, une brochure de confidentialit\u00e9 [&hellip;]","og_url":"https:\/\/www.ysb.ca\/fr\/services\/sante-mentale\/clinique-sans-rendez-vous\/","og_site_name":"Youth Services Jeunesse","article_modified_time":"2026-02-19T18:47:06+00:00","twitter_card":"summary_large_image","twitter_misc":{"Dur\u00e9e de lecture estim\u00e9e":"3 minutes"},"schema":{"@context":"https:\/\/schema.org","@graph":[{"@type":"WebPage","@id":"https:\/\/www.ysb.ca\/fr\/services\/sante-mentale\/clinique-sans-rendez-vous\/","url":"https:\/\/www.ysb.ca\/fr\/services\/sante-mentale\/clinique-sans-rendez-vous\/","name":"Clinique de sant\u00e9 mentale sans rendez-vous pour les jeunes - Youth Services Jeunesse","isPartOf":{"@id":"https:\/\/www.ysb.ca\/fr\/#website"},"primaryImageOfPage":{"@id":"https:\/\/www.ysb.ca\/fr\/services\/sante-mentale\/clinique-sans-rendez-vous\/#primaryimage"},"image":{"@id":"https:\/\/www.ysb.ca\/fr\/services\/sante-mentale\/clinique-sans-rendez-vous\/#primaryimage"},"thumbnailUrl":"https:\/\/www.ysb.ca\/wp-content\/uploads\/2025\/01\/pleo-bilingual-logo-original-300x162.webp","datePublished":"2017-09-29T14:50:34+00:00","dateModified":"2026-02-19T18:47:06+00:00","breadcrumb":{"@id":"https:\/\/www.ysb.ca\/fr\/services\/sante-mentale\/clinique-sans-rendez-vous\/#breadcrumb"},"inLanguage":"fr-FR","potentialAction":[{"@type":"ReadAction","target":["https:\/\/www.ysb.ca\/fr\/services\/sante-mentale\/clinique-sans-rendez-vous\/"]}]},{"@type":"ImageObject","inLanguage":"fr-FR","@id":"https:\/\/www.ysb.ca\/fr\/services\/sante-mentale\/clinique-sans-rendez-vous\/#primaryimage","url":"https:\/\/www.ysb.ca\/wp-content\/uploads\/2025\/01\/pleo-bilingual-logo-original-300x162.webp","contentUrl":"https:\/\/www.ysb.ca\/wp-content\/uploads\/2025\/01\/pleo-bilingual-logo-original-300x162.webp"},{"@type":"BreadcrumbList","@id":"https:\/\/www.ysb.ca\/fr\/services\/sante-mentale\/clinique-sans-rendez-vous\/#breadcrumb","itemListElement":[{"@type":"ListItem","position":1,"name":"Home","item":"https:\/\/www.ysb.ca\/fr\/"},{"@type":"ListItem","position":2,"name":"Services","item":"https:\/\/www.ysb.ca\/fr\/services\/"},{"@type":"ListItem","position":3,"name":"Services de sant\u00e9 mentale","item":"https:\/\/www.ysb.ca\/fr\/services\/sante-mentale\/"},{"@type":"ListItem","position":4,"name":"Clinique de sant\u00e9 mentale sans rendez-vous pour les jeunes"}]},{"@type":"WebSite","@id":"https:\/\/www.ysb.ca\/fr\/#website","url":"https:\/\/www.ysb.ca\/fr\/","name":"Youth Services Jeunesse","description":"Ottawa Youth Services Jeunesse","publisher":{"@id":"https:\/\/www.ysb.ca\/fr\/#organization"},"potentialAction":[{"@type":"SearchAction","target":{"@type":"EntryPoint","urlTemplate":"https:\/\/www.ysb.ca\/fr\/?s={search_term_string}"},"query-input":{"@type":"PropertyValueSpecification","valueRequired":true,"valueName":"search_term_string"}}],"inLanguage":"fr-FR"},{"@type":"Organization","@id":"https:\/\/www.ysb.ca\/fr\/#organization","name":"Youth Services Jeunesse","url":"https:\/\/www.ysb.ca\/fr\/","logo":{"@type":"ImageObject","inLanguage":"fr-FR","@id":"https:\/\/www.ysb.ca\/fr\/#\/schema\/logo\/image\/","url":"https:\/\/www.ysb.ca\/wp-content\/uploads\/2020\/09\/ysb-logo.png","contentUrl":"https:\/\/www.ysb.ca\/wp-content\/uploads\/2020\/09\/ysb-logo.png","width":238,"height":94,"caption":"Youth Services Jeunesse"},"image":{"@id":"https:\/\/www.ysb.ca\/fr\/#\/schema\/logo\/image\/"},"sameAs":["https:\/\/www.instagram.com\/ysb.bsj\/","https:\/\/www.youtube.com\/user\/YSBOttawa"]}]}},"_links":{"self":[{"href":"https:\/\/www.ysb.ca\/fr\/wp-json\/wp\/v2\/pages\/1732","targetHints":{"allow":["GET"]}}],"collection":[{"href":"https:\/\/www.ysb.ca\/fr\/wp-json\/wp\/v2\/pages"}],"about":[{"href":"https:\/\/www.ysb.ca\/fr\/wp-json\/wp\/v2\/types\/page"}],"author":[{"embeddable":true,"href":"https:\/\/www.ysb.ca\/fr\/wp-json\/wp\/v2\/users\/1"}],"replies":[{"embeddable":true,"href":"https:\/\/www.ysb.ca\/fr\/wp-json\/wp\/v2\/comments?post=1732"}],"version-history":[{"count":17,"href":"https:\/\/www.ysb.ca\/fr\/wp-json\/wp\/v2\/pages\/1732\/revisions"}],"predecessor-version":[{"id":14008,"href":"https:\/\/www.ysb.ca\/fr\/wp-json\/wp\/v2\/pages\/1732\/revisions\/14008"}],"up":[{"embeddable":true,"href":"https:\/\/www.ysb.ca\/fr\/wp-json\/wp\/v2\/pages\/1733"}],"wp:attachment":[{"href":"https:\/\/www.ysb.ca\/fr\/wp-json\/wp\/v2\/media?parent=1732"}],"curies":[{"name":"wp","href":"https:\/\/api.w.org\/{rel}","templated":true}]}}