
{"id":1731,"date":"2017-09-29T10:51:02","date_gmt":"2017-09-29T14:51:02","guid":{"rendered":"http:\/\/www.ysb.ca\/intensive-family-support\/"},"modified":"2022-01-17T12:24:16","modified_gmt":"2022-01-17T17:24:16","slug":"soutien-familial-intensif","status":"publish","type":"page","link":"https:\/\/www.ysb.ca\/fr\/services\/sante-mentale\/soutien-familial-intensif\/","title":{"rendered":"Soutien familial intensif"},"content":{"rendered":"<div class=\"wpb-content-wrapper\">[vc_row fullwidth=\u00a0\u00bbtrue\u00a0\u00bb][vc_column]\n        <div class=\"ysb-banner-wrapper\" style=\"background-image: url(https:\/\/www.ysb.ca\/wp-content\/uploads\/2017\/11\/ysb-intensive-family-support.jpg);\">\n         \n            <div class=\"ysb-title-wrapper mk-animate-element bottom-to-top mk-in-viewport\" style=\"background-image: url();\">\n\t\t\t\t<h1 class=\"ysb-banner-title\">Soutien familial intensif<\/h1>\n\t\t\t\t\n\t\t\t<\/div>\n         \n        <\/div>[\/vc_column][\/vc_row][vc_row css=\u00a0\u00bb.vc_custom_1507312091635{padding-top: 80px !important;}\u00a0\u00bb][vc_column][vc_column_text css=\u00a0\u00bb.vc_custom_1642440254095{margin-bottom: 0px !important;}\u00a0\u00bb]Le Soutien familial intensif est un programme intensif offert \u00e0 domicile qui appuie les familles de jeunes (\u00e2g\u00e9s de 12 \u00e0 17 ans) qui sont \u00e0 risque d\u2019\u00eatre plac\u00e9s dans un foyer nourricier, un foyer de groupe ou un \u00e9tablissement correctionnel en raison d\u2019une s\u00e9rie de probl\u00e8mes de comportement graves, y compris :<\/p>\n<ul>\n<li>Comportement d\u2019opposition, agressif, violent ou criminel;<\/li>\n<li>\u00c9checs, absences ou autres probl\u00e8mes scolaires;<\/li>\n<li>Grave manque de respect \u00e0 la maison et dans la communaut\u00e9;<\/li>\n<li>Fugue;<\/li>\n<li>Consommation de drogues et d\u2019alcool, ou participation \u00e0 d\u2019autres activit\u00e9s \u00e0 risque qui pourraient r\u00e9sulter en de l\u2019autodestruction.<\/li>\n<\/ul>\n<p>Ce programme de traitement pragmatique et ax\u00e9 sur les buts cible les facteurs pr\u00e9sents dans le r\u00e9seau social du jeune qui contribuent \u00e0 son comportement antisocial, et vise \u00e0 atteindre des r\u00e9sultats positifs au sein de la famille et des pairs, ainsi qu\u2019\u00e0 l\u2019\u00e9cole ou au travail.<\/p>\n<p>Nous offrons aux parents les aptitudes et les ressources n\u00e9cessaires pour composer de fa\u00e7on autonome avec les difficult\u00e9s qui surviennent lorsqu\u2019on traite avec des adolescents, et donnons aux jeunes les aptitudes requises pour composer avec les probl\u00e8mes dans la famille, avec les pairs, \u00e0 l\u2019\u00e9cole et dans le quartier. Les th\u00e9rapeutes peuvent en partie accomplir ceci de deux fa\u00e7ons :<\/p>\n<ul>\n<li>(1) en engageant les personnes cl\u00e9s dans l\u2019environnement du jeune (famille, personnel enseignant, membres de la communaut\u00e9, etc.) et en collaborant avec les membres de la famille dans le but d\u2019\u00e9tablir un plan de traitement; et<\/li>\n<li>(2) en mobilisant les ressources individuelles, familiales et communautaires qui appuient et conservent les changements de comportement \u00e0 long terme qui sont apport\u00e9s lors du programme de soutien familial intensif.<\/li>\n<\/ul>\n[\/vc_column_text][\/vc_column][\/vc_row][vc_row][vc_column][mk_padding_divider size=\u00a0\u00bb24&Prime;][\/vc_column][\/vc_row][vc_row css=\u00a0\u00bb.vc_custom_1507312325864{padding-bottom: 60px !important;}\u00a0\u00bb][vc_column][vc_column_text css=\u00a0\u00bb.vc_custom_1559316687007{margin-bottom: 0px !important;}\u00a0\u00bb]\n<h2>Comment acc\u00e9der au programme<\/h2>\n<p>Vous pouvez communiquer avec les services de sant\u00e9 mentale du BSJ au 613-562-3004 pour fixer <strong>un rendez-vous de choix<\/strong>. (Cliquez <a href=\"\/fr\/services\/sante-mentale\/acceder-aux-services-sante-mentale\/\">ici pour en savoir plus sur les rendez-vous de choix<\/a>.)<\/p>\n<p><strong>Courriel :<\/strong> <a href=\"mailto:info@ysb.ca\">info@ysb.ca<\/a><\/p>\n[\/vc_column_text][\/vc_column][\/vc_row]\n<\/div>","protected":false},"excerpt":{"rendered":"<p>[vc_row fullwidth=\u00a0\u00bbtrue\u00a0\u00bb][vc_column][\/vc_column][\/vc_row][vc_row css=\u00a0\u00bb.vc_custom_1507312091635{padding-top: 80px !important;}\u00a0\u00bb][vc_column][vc_column_text css=\u00a0\u00bb.vc_custom_1642440254095{margin-bottom: 0px !important;}\u00a0\u00bb]Le Soutien familial intensif est un programme intensif offert \u00e0 domicile qui appuie les familles de jeunes (\u00e2g\u00e9s de 12 \u00e0 17 ans) qui sont \u00e0 risque d\u2019\u00eatre plac\u00e9s dans un foyer nourricier, un foyer de groupe ou un \u00e9tablissement correctionnel en raison d\u2019une s\u00e9rie de probl\u00e8mes de [&hellip;]<\/p>\n","protected":false},"author":1,"featured_media":0,"parent":1733,"menu_order":212,"comment_status":"closed","ping_status":"closed","template":"","meta":{"rs_blank_template":"","rs_page_bg_color":"#ffffff","slide_template_v7":"","footnotes":""},"class_list":["post-1731","page","type-page","status-publish","hentry"],"yoast_head":"<!-- This site is optimized with the Yoast SEO plugin v27.4 - https:\/\/yoast.com\/product\/yoast-seo-wordpress\/ -->\n<title>Soutien familial intensif - Youth Services Jeunesse<\/title>\n<meta name=\"robots\" content=\"index, follow, max-snippet:-1, max-image-preview:large, max-video-preview:-1\" \/>\n<link rel=\"canonical\" href=\"https:\/\/www.ysb.ca\/fr\/services\/sante-mentale\/soutien-familial-intensif\/\" \/>\n<meta property=\"og:locale\" content=\"fr_FR\" \/>\n<meta property=\"og:type\" content=\"article\" \/>\n<meta property=\"og:title\" content=\"Soutien familial intensif - Youth Services Jeunesse\" \/>\n<meta property=\"og:description\" content=\"[vc_row fullwidth=\u00a0\u00bbtrue\u00a0\u00bb][vc_column][\/vc_column][\/vc_row][vc_row css=\u00a0\u00bb.vc_custom_1507312091635{padding-top: 80px !important;}\u00a0\u00bb][vc_column][vc_column_text css=\u00a0\u00bb.vc_custom_1642440254095{margin-bottom: 0px !important;}\u00a0\u00bb]Le Soutien familial intensif est un programme intensif offert \u00e0 domicile qui appuie les familles de jeunes (\u00e2g\u00e9s de 12 \u00e0 17 ans) qui sont \u00e0 risque d\u2019\u00eatre plac\u00e9s dans un foyer nourricier, un foyer de groupe ou un \u00e9tablissement correctionnel en raison d\u2019une s\u00e9rie de probl\u00e8mes de [&hellip;]\" \/>\n<meta property=\"og:url\" content=\"https:\/\/www.ysb.ca\/fr\/services\/sante-mentale\/soutien-familial-intensif\/\" \/>\n<meta property=\"og:site_name\" content=\"Youth Services Jeunesse\" \/>\n<meta property=\"article:modified_time\" content=\"2022-01-17T17:24:16+00:00\" \/>\n<meta name=\"twitter:card\" content=\"summary_large_image\" \/>\n<meta name=\"twitter:label1\" content=\"Dur\u00e9e de lecture estim\u00e9e\" \/>\n\t<meta name=\"twitter:data1\" content=\"2 minutes\" \/>\n<script type=\"application\/ld+json\" class=\"yoast-schema-graph\">{\"@context\":\"https:\\\/\\\/schema.org\",\"@graph\":[{\"@type\":\"WebPage\",\"@id\":\"https:\\\/\\\/www.ysb.ca\\\/fr\\\/services\\\/sante-mentale\\\/soutien-familial-intensif\\\/\",\"url\":\"https:\\\/\\\/www.ysb.ca\\\/fr\\\/services\\\/sante-mentale\\\/soutien-familial-intensif\\\/\",\"name\":\"Soutien familial intensif - Youth Services Jeunesse\",\"isPartOf\":{\"@id\":\"https:\\\/\\\/www.ysb.ca\\\/fr\\\/#website\"},\"datePublished\":\"2017-09-29T14:51:02+00:00\",\"dateModified\":\"2022-01-17T17:24:16+00:00\",\"breadcrumb\":{\"@id\":\"https:\\\/\\\/www.ysb.ca\\\/fr\\\/services\\\/sante-mentale\\\/soutien-familial-intensif\\\/#breadcrumb\"},\"inLanguage\":\"fr-FR\",\"potentialAction\":[{\"@type\":\"ReadAction\",\"target\":[\"https:\\\/\\\/www.ysb.ca\\\/fr\\\/services\\\/sante-mentale\\\/soutien-familial-intensif\\\/\"]}]},{\"@type\":\"BreadcrumbList\",\"@id\":\"https:\\\/\\\/www.ysb.ca\\\/fr\\\/services\\\/sante-mentale\\\/soutien-familial-intensif\\\/#breadcrumb\",\"itemListElement\":[{\"@type\":\"ListItem\",\"position\":1,\"name\":\"Home\",\"item\":\"https:\\\/\\\/www.ysb.ca\\\/fr\\\/\"},{\"@type\":\"ListItem\",\"position\":2,\"name\":\"Services\",\"item\":\"https:\\\/\\\/www.ysb.ca\\\/fr\\\/services\\\/\"},{\"@type\":\"ListItem\",\"position\":3,\"name\":\"Services de sant\u00e9 mentale\",\"item\":\"https:\\\/\\\/www.ysb.ca\\\/fr\\\/services\\\/sante-mentale\\\/\"},{\"@type\":\"ListItem\",\"position\":4,\"name\":\"Soutien familial intensif\"}]},{\"@type\":\"WebSite\",\"@id\":\"https:\\\/\\\/www.ysb.ca\\\/fr\\\/#website\",\"url\":\"https:\\\/\\\/www.ysb.ca\\\/fr\\\/\",\"name\":\"Youth Services Jeunesse\",\"description\":\"Ottawa Youth Services Jeunesse\",\"publisher\":{\"@id\":\"https:\\\/\\\/www.ysb.ca\\\/fr\\\/#organization\"},\"potentialAction\":[{\"@type\":\"SearchAction\",\"target\":{\"@type\":\"EntryPoint\",\"urlTemplate\":\"https:\\\/\\\/www.ysb.ca\\\/fr\\\/?s={search_term_string}\"},\"query-input\":{\"@type\":\"PropertyValueSpecification\",\"valueRequired\":true,\"valueName\":\"search_term_string\"}}],\"inLanguage\":\"fr-FR\"},{\"@type\":\"Organization\",\"@id\":\"https:\\\/\\\/www.ysb.ca\\\/fr\\\/#organization\",\"name\":\"Youth Services Jeunesse\",\"url\":\"https:\\\/\\\/www.ysb.ca\\\/fr\\\/\",\"logo\":{\"@type\":\"ImageObject\",\"inLanguage\":\"fr-FR\",\"@id\":\"https:\\\/\\\/www.ysb.ca\\\/fr\\\/#\\\/schema\\\/logo\\\/image\\\/\",\"url\":\"https:\\\/\\\/www.ysb.ca\\\/wp-content\\\/uploads\\\/2020\\\/09\\\/ysb-logo.png\",\"contentUrl\":\"https:\\\/\\\/www.ysb.ca\\\/wp-content\\\/uploads\\\/2020\\\/09\\\/ysb-logo.png\",\"width\":238,\"height\":94,\"caption\":\"Youth Services Jeunesse\"},\"image\":{\"@id\":\"https:\\\/\\\/www.ysb.ca\\\/fr\\\/#\\\/schema\\\/logo\\\/image\\\/\"},\"sameAs\":[\"https:\\\/\\\/www.instagram.com\\\/ysb.bsj\\\/\",\"https:\\\/\\\/www.youtube.com\\\/user\\\/YSBOttawa\"]}]}<\/script>\n<!-- \/ Yoast SEO plugin. -->","yoast_head_json":{"title":"Soutien familial intensif - Youth Services Jeunesse","robots":{"index":"index","follow":"follow","max-snippet":"max-snippet:-1","max-image-preview":"max-image-preview:large","max-video-preview":"max-video-preview:-1"},"canonical":"https:\/\/www.ysb.ca\/fr\/services\/sante-mentale\/soutien-familial-intensif\/","og_locale":"fr_FR","og_type":"article","og_title":"Soutien familial intensif - Youth Services Jeunesse","og_description":"[vc_row fullwidth=\u00a0\u00bbtrue\u00a0\u00bb][vc_column][\/vc_column][\/vc_row][vc_row css=\u00a0\u00bb.vc_custom_1507312091635{padding-top: 80px !important;}\u00a0\u00bb][vc_column][vc_column_text css=\u00a0\u00bb.vc_custom_1642440254095{margin-bottom: 0px !important;}\u00a0\u00bb]Le Soutien familial intensif est un programme intensif offert \u00e0 domicile qui appuie les familles de jeunes (\u00e2g\u00e9s de 12 \u00e0 17 ans) qui sont \u00e0 risque d\u2019\u00eatre plac\u00e9s dans un foyer nourricier, un foyer de groupe ou un \u00e9tablissement correctionnel en raison d\u2019une s\u00e9rie de probl\u00e8mes de [&hellip;]","og_url":"https:\/\/www.ysb.ca\/fr\/services\/sante-mentale\/soutien-familial-intensif\/","og_site_name":"Youth Services Jeunesse","article_modified_time":"2022-01-17T17:24:16+00:00","twitter_card":"summary_large_image","twitter_misc":{"Dur\u00e9e de lecture estim\u00e9e":"2 minutes"},"schema":{"@context":"https:\/\/schema.org","@graph":[{"@type":"WebPage","@id":"https:\/\/www.ysb.ca\/fr\/services\/sante-mentale\/soutien-familial-intensif\/","url":"https:\/\/www.ysb.ca\/fr\/services\/sante-mentale\/soutien-familial-intensif\/","name":"Soutien familial intensif - Youth Services Jeunesse","isPartOf":{"@id":"https:\/\/www.ysb.ca\/fr\/#website"},"datePublished":"2017-09-29T14:51:02+00:00","dateModified":"2022-01-17T17:24:16+00:00","breadcrumb":{"@id":"https:\/\/www.ysb.ca\/fr\/services\/sante-mentale\/soutien-familial-intensif\/#breadcrumb"},"inLanguage":"fr-FR","potentialAction":[{"@type":"ReadAction","target":["https:\/\/www.ysb.ca\/fr\/services\/sante-mentale\/soutien-familial-intensif\/"]}]},{"@type":"BreadcrumbList","@id":"https:\/\/www.ysb.ca\/fr\/services\/sante-mentale\/soutien-familial-intensif\/#breadcrumb","itemListElement":[{"@type":"ListItem","position":1,"name":"Home","item":"https:\/\/www.ysb.ca\/fr\/"},{"@type":"ListItem","position":2,"name":"Services","item":"https:\/\/www.ysb.ca\/fr\/services\/"},{"@type":"ListItem","position":3,"name":"Services de sant\u00e9 mentale","item":"https:\/\/www.ysb.ca\/fr\/services\/sante-mentale\/"},{"@type":"ListItem","position":4,"name":"Soutien familial intensif"}]},{"@type":"WebSite","@id":"https:\/\/www.ysb.ca\/fr\/#website","url":"https:\/\/www.ysb.ca\/fr\/","name":"Youth Services Jeunesse","description":"Ottawa Youth Services Jeunesse","publisher":{"@id":"https:\/\/www.ysb.ca\/fr\/#organization"},"potentialAction":[{"@type":"SearchAction","target":{"@type":"EntryPoint","urlTemplate":"https:\/\/www.ysb.ca\/fr\/?s={search_term_string}"},"query-input":{"@type":"PropertyValueSpecification","valueRequired":true,"valueName":"search_term_string"}}],"inLanguage":"fr-FR"},{"@type":"Organization","@id":"https:\/\/www.ysb.ca\/fr\/#organization","name":"Youth Services Jeunesse","url":"https:\/\/www.ysb.ca\/fr\/","logo":{"@type":"ImageObject","inLanguage":"fr-FR","@id":"https:\/\/www.ysb.ca\/fr\/#\/schema\/logo\/image\/","url":"https:\/\/www.ysb.ca\/wp-content\/uploads\/2020\/09\/ysb-logo.png","contentUrl":"https:\/\/www.ysb.ca\/wp-content\/uploads\/2020\/09\/ysb-logo.png","width":238,"height":94,"caption":"Youth Services Jeunesse"},"image":{"@id":"https:\/\/www.ysb.ca\/fr\/#\/schema\/logo\/image\/"},"sameAs":["https:\/\/www.instagram.com\/ysb.bsj\/","https:\/\/www.youtube.com\/user\/YSBOttawa"]}]}},"_links":{"self":[{"href":"https:\/\/www.ysb.ca\/fr\/wp-json\/wp\/v2\/pages\/1731","targetHints":{"allow":["GET"]}}],"collection":[{"href":"https:\/\/www.ysb.ca\/fr\/wp-json\/wp\/v2\/pages"}],"about":[{"href":"https:\/\/www.ysb.ca\/fr\/wp-json\/wp\/v2\/types\/page"}],"author":[{"embeddable":true,"href":"https:\/\/www.ysb.ca\/fr\/wp-json\/wp\/v2\/users\/1"}],"replies":[{"embeddable":true,"href":"https:\/\/www.ysb.ca\/fr\/wp-json\/wp\/v2\/comments?post=1731"}],"version-history":[{"count":5,"href":"https:\/\/www.ysb.ca\/fr\/wp-json\/wp\/v2\/pages\/1731\/revisions"}],"predecessor-version":[{"id":7121,"href":"https:\/\/www.ysb.ca\/fr\/wp-json\/wp\/v2\/pages\/1731\/revisions\/7121"}],"up":[{"embeddable":true,"href":"https:\/\/www.ysb.ca\/fr\/wp-json\/wp\/v2\/pages\/1733"}],"wp:attachment":[{"href":"https:\/\/www.ysb.ca\/fr\/wp-json\/wp\/v2\/media?parent=1731"}],"curies":[{"name":"wp","href":"https:\/\/api.w.org\/{rel}","templated":true}]}}