
{"id":1729,"date":"2017-09-29T10:52:01","date_gmt":"2017-09-29T14:52:01","guid":{"rendered":"http:\/\/www.ysb.ca\/community-suicide-prevention-centre\/"},"modified":"2025-06-04T13:54:12","modified_gmt":"2025-06-04T17:54:12","slug":"prevenir-suicide-jeunes","status":"publish","type":"page","link":"https:\/\/www.ysb.ca\/fr\/services\/sante-mentale\/prevenir-suicide-jeunes\/","title":{"rendered":"Pr\u00e9vention du suicide d\u2019Ottawa"},"content":{"rendered":"<div class=\"wpb-content-wrapper\">[vc_row fullwidth=\u00a0\u00bbtrue\u00a0\u00bb][vc_column]\n        <div class=\"ysb-banner-wrapper\" style=\"background-image: url(https:\/\/www.ysb.ca\/wp-content\/uploads\/2018\/08\/suicideprevention.jpg);\">\n         \n            <div class=\"ysb-title-wrapper mk-animate-element bottom-to-top mk-in-viewport\" style=\"background-image: url();\">\n\t\t\t\t<h1 class=\"ysb-banner-title\">Pr\u00e9vention du suicide d\u2019Ottawa<\/h1>\n\t\t\t\t\n\t\t\t<\/div>\n         \n        <\/div>[\/vc_column][\/vc_row][vc_row css=\u00a0\u00bb.vc_custom_1507313909205{padding-top: 80px !important;}\u00a0\u00bb][vc_column][vc_column_text css=\u00a0\u00bb.vc_custom_1749059557500{margin-bottom: 0px !important;}\u00a0\u00bb]<strong>Pour connaitre les ressources disponible pour les personnes qui pensent serieusement au suicide, consultez la liste un peu plus bas, sous la section Trouver de l&rsquo;aide.<\/strong><\/p>\n<h2 class=\"elementor-heading-title elementor-size-default\"><a href=\"https:\/\/www.santepubliqueottawa.ca\/fr\/public-health-topics\/suicide-prevention.aspx\">Pr\u00e9vention du suicide d\u2019Ottawa<\/a><\/h2>\n<p class=\"elementor-heading-title elementor-size-default\">Pr\u00e9vention du suicide d\u2019Ottawa est un groupe d&rsquo;organismes et individus qui sont d\u00e9di\u00e9 \u00e0 la pr\u00e9vention du suicide \u00e0 Ottawa. Ce r\u00e9seau est une fa\u00e7on de partager de l&rsquo;information est des ressources importante, ainsi qu&rsquo;une tactique pour contrer le taux elev\u00e9 du suicide \u00e0 Ottawa.<\/p>\n<p>Les plus de 40 membres du groupe incluent le Bureau des services \u00e0 la jeunesse, le Centre hospitalier pour enfants de l\u2019est de l\u2019Ontario, Le Royal, Sant\u00e9 Public Ottawa et un bon nombre d&rsquo;autre groupe communautaire tel que le <em>Bereaved Families of Ottawa<\/em> and le PLEO (un groupe qui aide les parents avec enfants, adolescents et jeunes adultes qui sont atteints\u00a0d&rsquo;une maladie mentale).<\/p>\n<p><strong>Pour en savoir plus : <a href=\"https:\/\/www.santepubliqueottawa.ca\/fr\/public-health-topics\/suicide-prevention.aspx\">Pr\u00e9vention du suicide &#8211; Sant\u00e9 publique Ottawa<\/a><\/strong>[\/vc_column_text][\/vc_column][\/vc_row][vc_row][vc_column][vc_column_text css=\u00a0\u00bb.vc_custom_1749059583738{margin-bottom: 0px !important;}\u00a0\u00bb]\n<h2>Le sommet du R\u00e9seau communautaire de pr\u00e9vention du suicide d\u2019Ottawa<\/h2>\n<p>Fond\u00e9 au d\u00e9but de l\u2019ann\u00e9e 2011, le R\u00e9seau comprend le Bureau des services \u00e0 la jeunesse d&rsquo;Ottawa, le Centre hospitalier pour enfants de l\u2019est de l\u2019Ontario, Les services de sant\u00e9 Royal Ottawa, ainsi que des groupes de parents tels que Les Familles endeuill\u00e9es d\u2019Ottawa et Parents\u2019 Lifelines of Eastern Ontario (PLEO). Les membres sont familiers avec la perte d\u00e9vastatrice et les effets \u00e0 long-terme en lien avec le suicide d\u2019un enfant ou d\u2019un adolescent.<\/p>\n<p>Le premier sommet du R\u00e9seau communautaire de pr\u00e9vention du suicide d\u2019Ottawa, tenu\u00a0 en f\u00e9vrier 2012, fut un \u00e9v\u00e9nement majeur.<\/p>\n<p>Le sommet a rassembl\u00e9 ceux qui travaillent en premi\u00e8re ligne des\u00a0 soins de sant\u00e9 mentale et d\u2019urgence pour les enfants et les adolescents avec les groupes de parents et les groupes communautaires, les commissions scolaires et les repr\u00e9sentants jeunesse. Ils se sont rencontr\u00e9s afin de discuter de la mise en place d\u2019une r\u00e9gion d\u2019Ottawa pr\u00e9munie contre le suicide.<\/p>\n<p>Le sommet a pr\u00e9sent\u00e9 quelques-unes des strat\u00e9gies connues et efficaces ainsi que d\u2019autres qui sont en d\u00e9veloppement :<\/p>\n<ul>\n<li>Rendre les services de sant\u00e9 mentale, tels que le service novateur de <a href=\"\/fr\/services\/sante-mentale\/clinique-sans-rendez-vous\/\">Clinique de sant\u00e9 mentale sans rendez-vous pour les jeunes du BSJ<\/a>, plus faciles d\u2019acc\u00e8s aux jeunes lorsqu\u2019ils ont besoin d\u2019aide.<\/li>\n<li>Une meilleure coordination entre les prestataires de services d\u2019urgence et de crise afin que les soins prodigu\u00e9s aux personnes qui souffrent soient plus uniformes et continus.<\/li>\n<li>Mobiliser les jeunes<\/li>\n<li>Aider les parents \u00e0 naviguer dans le syst\u00e8me : le groupe de parents PLEO et le Crossroads Children\u2019s Centre travaillent ensemble afin de mettre sur pied un service de parent \u00e0 parent qui r\u00e9pondra \u00e0 ce besoin.<\/li>\n<li>Un soutien aux personnes endeuill\u00e9es, (offert par L\u2019Association canadienne pour la sant\u00e9 mentale &#8211; Section Ottawa), qui sont elles-m\u00eames plus \u00e0 risque.<\/li>\n<li>Une <a href=\"http:\/\/www.facebook.com\/PrevenirleSuicide\">couverture m\u00e9diatique responsable<\/a><\/li>\n<\/ul>\n[\/vc_column_text][\/vc_column][\/vc_row][vc_row][vc_column][mk_padding_divider size=\u00a0\u00bb24&Prime;][\/vc_column][\/vc_row][vc_row][vc_column][vc_column_text css=\u00a0\u00bb.vc_custom_1749059644950{margin-bottom: 0px !important;}\u00a0\u00bb]\n<h2>Le guide <a href=\"\/wp-content\/uploads\/2017\/CSPN-Preventing-Youth-Suicide.pdf\">Savoir quoi faire<br \/>\n<\/a><\/h2>\n<p>Lors du sommet, le R\u00e9seau a lanc\u00e9 un guide de poche \u00e0 l\u2019attention des jeunes et des familles qui d\u00e9crit les signes auxquels il faut faire attention, quoi dire et quoi faire ainsi qu\u2019o\u00f9 trouver de l\u2019aide dans la r\u00e9gion d\u2019Ottawa : <a href=\"\/wp-content\/uploads\/2017\/CSPN-Preventing-Youth-Suicide.pdf\"><strong>Savoir quoi faire<\/strong><\/a>.<\/p>\n<p><strong>Savoir quoi surveiller<\/strong><\/p>\n<p>Les sp\u00e9cialistes en sant\u00e9 mentale conseillent aux parents et aux autres adultes \u0153uvrant aupr\u00e8s des enfants et des adolescents de rester \u00e0 l\u2019aff\u00fbt des changements de comportement. Ceux-ci peuvent comprendre :<\/p>\n<p>Les changements de comportement, d&rsquo;amis ou d&rsquo;activit\u00e9s normales<\/p>\n<ul>\n<li>Les changements au niveau de la sant\u00e9 physique et de l&rsquo;hygi\u00e8ne<\/li>\n<li>Manque d&rsquo;\u00e9nergie et de concentration<\/li>\n<li>R\u00e9sultats scolaires \u00e0 la baisse<\/li>\n<li>Accroissement de l&rsquo;absent\u00e9isme<\/li>\n<li>Changement de personnalit\u00e9 marqu\u00e9<\/li>\n<li>Comportements risqu\u00e9s accrus<\/li>\n<li>Attitudes et humeurs n\u00e9gatives prolong\u00e9es<\/li>\n<li>Une humeur positive soudaine suite \u00e0 une longue p\u00e9riode de d\u00e9prime<\/li>\n<li>Soucis \u00e0 propos de l&rsquo;apparence et\/ou de l&rsquo;image corporelle<\/li>\n<li>Quand la personne fait part de sentiments de nullit\u00e9, qu&rsquo;elle dit ne pas avoir de recours ni d&rsquo;espoir<\/li>\n<li>Quand la personne parle de suicide et\/ou de mort<\/li>\n<\/ul>\n<p>Les jeunes en crise peuvent avoir plus de facilit\u00e9 \u00e0 parler avec leurs pairs qu\u2019avec les adultes. Tous les enfants et les adolescents devraient \u00eatre encourag\u00e9s \u00e0 partager leurs soucis s\u2019ils sont inquiets \u00e0 propos d\u2019un ami, que ce soit avec leurs propres parents ou ceux d\u2019un ami, un enseignant, un conseiller en orientation ou un entra\u00eeneur.<\/p>\n<h4>Savoir quoi dire<\/h4>\n<p>Que peuvent faire les parents, les enseignants et les amis s\u2019ils prennent conscience de ces changements? Il n\u2019est pas toujours facile de parler \u00e0 nos enfants.<\/p>\n<p>Dis quelque chose ! N&rsquo;aie pas peur d&rsquo;avoir l&rsquo;air maladroit<\/p>\n<ul>\n<li>Sois patient, fais preuve de compassion et \u00e9vite de passer des jugements<\/li>\n<li>Demande \u00e0 la personne comment elle se sent et si elle songe au suicide<\/li>\n<li>Si une personne est suicidaire, le fait d&rsquo;en parler ne la mettra pas plus \u00e0 risque<\/li>\n<li>Sois vraiment \u00e0 l&rsquo;\u00e9coute. Offre 100% de ton attention<\/li>\n<li>Sois sensible, mais direct<\/li>\n<li>Fais savoir \u00e0 la personne que tu es inquiet et dis-lui pourquoi<\/li>\n<li>Par exemple : \u00ab J&rsquo;ai remarqu\u00e9 que tu n&rsquo;es pas toi-m\u00eame ces temps-ci et je m&rsquo;inqui\u00e8te pour toi. Est-ce qu&rsquo;on peut en parler? \u00bb<\/li>\n<\/ul>\n<h4>Savoir quoi faire<\/h4>\n<p>Les jeunes et les parents n\u2019ont pas \u00e0 faire face seuls \u00e0 une situation de crise. Il est possible d\u2019obtenir de l\u2019aide.<\/p>\n<h4>Trouver de l&rsquo;aide<\/h4>\n<p><strong>Lignes de crise de la r\u00e9gion d\u2019Ottawa et de l\u2019est de l\u2019Ontario\/Ligne de crise 24\/7 du BSJ<\/strong><\/p>\n<ul>\n<li>Pour les enfants, les jeunes et les familles<\/li>\n<li>R\u00e9gion d&rsquo;Ottawa 613-260-2360<\/li>\n<li>Ext\u00e9rieur d&rsquo;Ottawa 1-877-377-7775 (sans frais)<\/li>\n<li><u>www.ysb-bsj.ca <\/u>(pour les 0 \u00e0 17 ans)<\/li>\n<\/ul>\n<p><strong>Ligne de crise<\/strong><\/p>\n<ul>\n<li>R\u00e9gion d&rsquo;Ottawa 613-722-6914<\/li>\n<li>Ext\u00e9rieur d&rsquo;Ottawa 1-866-996-0991 (sans frais)<\/li>\n<li><u>www.crisisline.ca<\/u> (16 ans et plus)<\/li>\n<\/ul>\n<p><strong>Tel-Aide Outaouais<\/strong><\/p>\n<ul>\n<li>Gatineau : 819-775-3223<\/li>\n<li>Ottawa : 613-741-6433<\/li>\n<li>Ailleurs en Outaouais : 1-800-567-9699 (sans frais)<\/li>\n<\/ul>\n<h4>Quelque conseils<\/h4>\n<ul>\n<li>S\u2019il y a une urgence, compose le 911 ou rend-toi \u00e0 l&rsquo;h\u00f4pital<\/li>\n<li>Appelle une ligne de crise locale (m\u00eame si tu n&rsquo;es pas celui en situation de crise)<\/li>\n<li>Reste calme et pr\u00eate l&rsquo;oreille<\/li>\n<li>Sois sensible \u00e0 l&rsquo;\u00e9tat \u00e9motionnel de la personne<\/li>\n<li>Ne promet jamais le secret<\/li>\n<li>Si tu reconnais des signes alarmants, fais part de tes observations \u00e0 la personne<\/li>\n<li>Renseigne-toi sur les services locaux qui peuvent \u00eatre utile<\/li>\n<li>Si tu es \u00e9tudiant, contacte le directeur et le conseiller scolaire<\/li>\n<li>Fournis des num\u00e9ros de ligne de crise \u00e0 la personne<\/li>\n<li>N&rsquo;oublie pas de prendre soin de toi &#8211; c&rsquo;est tr\u00e8s important lorsque tu viens en aide aux autres!<\/li>\n<\/ul>\n<h4>Services d\u2019urgence<\/h4>\n<p>Les services r\u00e9gionaux d&rsquo;urgences psychiatriques pour les enfants et les adolescents sont offerts au D\u00e9partement d\u2019urgence du Centre hospitalier pour enfants de l\u2019est de l\u2019Ontario (CHEO), situ\u00e9 au 401, chemin Smyth. Les personnes de tous \u00e2ges peuvent se rendre \u00e0 un d\u00e9partement d\u2019urgence de l\u2019H\u00f4pital d\u2019Ottawa, de l\u2019H\u00f4pital Montfort ou de l\u2019H\u00f4pital Queensway-Carleton.<\/p>\n<p>Vous trouverez le guide \u00ab\u00a0Savoir quoi faire \u00bb <a href=\"\/wp-content\/uploads\/2017\/CSPN-Preventing-Youth-Suicide.pdf\">ICI<\/a>, \u00a0vous pouvez commander des exemplaires du guide aupr\u00e8s de la Ligne d\u2019info-sant\u00e9 publique d\u2019Ottawa au num\u00e9ro\u00a0: 613-580-6744, poste 15414 (<strong>ATS\u00a0:<\/strong> 613-580-9656, sans frais\u00a0: 1-866-426-8885), du lundi au vendredi, de 9\u00a0h \u00e0 16\u00a0h<\/p>\n<h4>Ressources additionnelles en lien avec la pr\u00e9vention du suicide et la sant\u00e9 mentale<\/h4>\n<ul>\n<li><a href=\"http:\/\/www.bfo-ottawa.org\">Les familles endeuill\u00e9es de l\u2019Ontario<\/a><\/li>\n<li><a href=\"http:\/\/www.cmhaottawa.ca\">L\u2019Association canadienne pour la sant\u00e9 mentale &#8211; Section Ottawa<\/a><\/li>\n<li><a href=\"http:\/\/www.centrepsychosocial.ca\">Le Centre psychosocial<\/a><\/li>\n<li><a href=\"http:\/\/www.crossroadschildren.ca\">Le Crossroads Children\u2019s Centre<\/a><\/li>\n<li><a href=\"http:\/\/www.dcottawa.on.ca\">Le Centre de d\u00e9tresse d\u2019Ottawa<\/a> \u2013 Ligne t\u00e9l\u00e9phonique 24h\/24 (613) 238-3311<\/li>\n<li><a href=\"http:\/\/www.excellenceforchildandyouth.ca\">Le Centre d\u2019excellence de l\u2019Ontario en sant\u00e9 mentale des enfants et adolescents<\/a><\/li>\n<li><a href=\"http:\/\/www.ottawainuitchildrens.com\">Le Ottawa Inuit Children\u2019s Centre<\/a><\/li>\n<li><a href=\"http:\/\/www.ottawasuicideprevention.com\/\">La Coalition pour la pr\u00e9vention du suicide d\u2019Ottawa<\/a><\/li>\n<li><a href=\"http:\/\/www.pleo.on.ca\">Parents\u2019 Lifelines of Eastern Ontario <\/a><\/li>\n<li><a href=\"http:\/\/www.excellenceforchildandyouth.ca\/about-mental-health\/school-based\/ssli\">L\u2019Initiative de leadership en mati\u00e8re de soutien aux \u00e9l\u00e8ves<\/a><\/li>\n<li><a href=\"https:\/\/www.facebook.com\/PreventingSuicide\">Le Centre de sant\u00e9 autochtone Wabano <\/a><\/li>\n<\/ul>\n[\/vc_column_text][\/vc_column][\/vc_row][vc_row][vc_column][mk_padding_divider size=\u00a0\u00bb24&Prime;][\/vc_column][\/vc_row]\n<\/div>","protected":false},"excerpt":{"rendered":"<p>[vc_row fullwidth=\u00a0\u00bbtrue\u00a0\u00bb][vc_column][\/vc_column][\/vc_row][vc_row css=\u00a0\u00bb.vc_custom_1507313909205{padding-top: 80px !important;}\u00a0\u00bb][vc_column][vc_column_text css=\u00a0\u00bb.vc_custom_1749059557500{margin-bottom: 0px !important;}\u00a0\u00bb]Pour connaitre les ressources disponible pour les personnes qui pensent serieusement au suicide, consultez la liste un peu plus bas, sous la section Trouver de l&rsquo;aide. Pr\u00e9vention du suicide d\u2019Ottawa Pr\u00e9vention du suicide d\u2019Ottawa est un groupe d&rsquo;organismes et individus qui sont d\u00e9di\u00e9 \u00e0 la pr\u00e9vention du suicide [&hellip;]<\/p>\n","protected":false},"author":1,"featured_media":0,"parent":1733,"menu_order":209,"comment_status":"closed","ping_status":"closed","template":"","meta":{"rs_blank_template":"","rs_page_bg_color":"","slide_template_v7":"","footnotes":""},"class_list":["post-1729","page","type-page","status-publish","hentry"],"yoast_head":"<!-- This site is optimized with the Yoast SEO plugin v27.3 - https:\/\/yoast.com\/product\/yoast-seo-wordpress\/ -->\n<title>Pr\u00e9vention du suicide d\u2019Ottawa - Youth Services Jeunesse<\/title>\n<meta name=\"robots\" content=\"index, follow, max-snippet:-1, max-image-preview:large, max-video-preview:-1\" \/>\n<link rel=\"canonical\" href=\"https:\/\/www.ysb.ca\/fr\/services\/sante-mentale\/prevenir-suicide-jeunes\/\" \/>\n<meta property=\"og:locale\" content=\"fr_FR\" \/>\n<meta property=\"og:type\" content=\"article\" \/>\n<meta property=\"og:title\" content=\"Pr\u00e9vention du suicide d\u2019Ottawa - Youth Services Jeunesse\" \/>\n<meta property=\"og:description\" content=\"[vc_row fullwidth=\u00a0\u00bbtrue\u00a0\u00bb][vc_column][\/vc_column][\/vc_row][vc_row css=\u00a0\u00bb.vc_custom_1507313909205{padding-top: 80px !important;}\u00a0\u00bb][vc_column][vc_column_text css=\u00a0\u00bb.vc_custom_1749059557500{margin-bottom: 0px !important;}\u00a0\u00bb]Pour connaitre les ressources disponible pour les personnes qui pensent serieusement au suicide, consultez la liste un peu plus bas, sous la section Trouver de l&rsquo;aide. Pr\u00e9vention du suicide d\u2019Ottawa Pr\u00e9vention du suicide d\u2019Ottawa est un groupe d&rsquo;organismes et individus qui sont d\u00e9di\u00e9 \u00e0 la pr\u00e9vention du suicide [&hellip;]\" \/>\n<meta property=\"og:url\" content=\"https:\/\/www.ysb.ca\/fr\/services\/sante-mentale\/prevenir-suicide-jeunes\/\" \/>\n<meta property=\"og:site_name\" content=\"Youth Services Jeunesse\" \/>\n<meta property=\"article:modified_time\" content=\"2025-06-04T17:54:12+00:00\" \/>\n<meta name=\"twitter:card\" content=\"summary_large_image\" \/>\n<meta name=\"twitter:label1\" content=\"Dur\u00e9e de lecture estim\u00e9e\" \/>\n\t<meta name=\"twitter:data1\" content=\"7 minutes\" \/>\n<script type=\"application\/ld+json\" class=\"yoast-schema-graph\">{\"@context\":\"https:\\\/\\\/schema.org\",\"@graph\":[{\"@type\":\"WebPage\",\"@id\":\"https:\\\/\\\/www.ysb.ca\\\/fr\\\/services\\\/sante-mentale\\\/prevenir-suicide-jeunes\\\/\",\"url\":\"https:\\\/\\\/www.ysb.ca\\\/fr\\\/services\\\/sante-mentale\\\/prevenir-suicide-jeunes\\\/\",\"name\":\"Pr\u00e9vention du suicide d\u2019Ottawa - Youth Services Jeunesse\",\"isPartOf\":{\"@id\":\"https:\\\/\\\/www.ysb.ca\\\/fr\\\/#website\"},\"datePublished\":\"2017-09-29T14:52:01+00:00\",\"dateModified\":\"2025-06-04T17:54:12+00:00\",\"breadcrumb\":{\"@id\":\"https:\\\/\\\/www.ysb.ca\\\/fr\\\/services\\\/sante-mentale\\\/prevenir-suicide-jeunes\\\/#breadcrumb\"},\"inLanguage\":\"fr-FR\",\"potentialAction\":[{\"@type\":\"ReadAction\",\"target\":[\"https:\\\/\\\/www.ysb.ca\\\/fr\\\/services\\\/sante-mentale\\\/prevenir-suicide-jeunes\\\/\"]}]},{\"@type\":\"BreadcrumbList\",\"@id\":\"https:\\\/\\\/www.ysb.ca\\\/fr\\\/services\\\/sante-mentale\\\/prevenir-suicide-jeunes\\\/#breadcrumb\",\"itemListElement\":[{\"@type\":\"ListItem\",\"position\":1,\"name\":\"Home\",\"item\":\"https:\\\/\\\/www.ysb.ca\\\/fr\\\/\"},{\"@type\":\"ListItem\",\"position\":2,\"name\":\"Services\",\"item\":\"https:\\\/\\\/www.ysb.ca\\\/fr\\\/services\\\/\"},{\"@type\":\"ListItem\",\"position\":3,\"name\":\"Services de sant\u00e9 mentale\",\"item\":\"https:\\\/\\\/www.ysb.ca\\\/fr\\\/services\\\/sante-mentale\\\/\"},{\"@type\":\"ListItem\",\"position\":4,\"name\":\"Pr\u00e9vention du suicide d\u2019Ottawa\"}]},{\"@type\":\"WebSite\",\"@id\":\"https:\\\/\\\/www.ysb.ca\\\/fr\\\/#website\",\"url\":\"https:\\\/\\\/www.ysb.ca\\\/fr\\\/\",\"name\":\"Youth Services Jeunesse\",\"description\":\"Ottawa Youth Services Jeunesse\",\"publisher\":{\"@id\":\"https:\\\/\\\/www.ysb.ca\\\/fr\\\/#organization\"},\"potentialAction\":[{\"@type\":\"SearchAction\",\"target\":{\"@type\":\"EntryPoint\",\"urlTemplate\":\"https:\\\/\\\/www.ysb.ca\\\/fr\\\/?s={search_term_string}\"},\"query-input\":{\"@type\":\"PropertyValueSpecification\",\"valueRequired\":true,\"valueName\":\"search_term_string\"}}],\"inLanguage\":\"fr-FR\"},{\"@type\":\"Organization\",\"@id\":\"https:\\\/\\\/www.ysb.ca\\\/fr\\\/#organization\",\"name\":\"Youth Services Jeunesse\",\"url\":\"https:\\\/\\\/www.ysb.ca\\\/fr\\\/\",\"logo\":{\"@type\":\"ImageObject\",\"inLanguage\":\"fr-FR\",\"@id\":\"https:\\\/\\\/www.ysb.ca\\\/fr\\\/#\\\/schema\\\/logo\\\/image\\\/\",\"url\":\"https:\\\/\\\/www.ysb.ca\\\/wp-content\\\/uploads\\\/2020\\\/09\\\/ysb-logo.png\",\"contentUrl\":\"https:\\\/\\\/www.ysb.ca\\\/wp-content\\\/uploads\\\/2020\\\/09\\\/ysb-logo.png\",\"width\":238,\"height\":94,\"caption\":\"Youth Services Jeunesse\"},\"image\":{\"@id\":\"https:\\\/\\\/www.ysb.ca\\\/fr\\\/#\\\/schema\\\/logo\\\/image\\\/\"},\"sameAs\":[\"https:\\\/\\\/www.instagram.com\\\/ysb.bsj\\\/\",\"https:\\\/\\\/www.youtube.com\\\/user\\\/YSBOttawa\"]}]}<\/script>\n<!-- \/ Yoast SEO plugin. -->","yoast_head_json":{"title":"Pr\u00e9vention du suicide d\u2019Ottawa - Youth Services Jeunesse","robots":{"index":"index","follow":"follow","max-snippet":"max-snippet:-1","max-image-preview":"max-image-preview:large","max-video-preview":"max-video-preview:-1"},"canonical":"https:\/\/www.ysb.ca\/fr\/services\/sante-mentale\/prevenir-suicide-jeunes\/","og_locale":"fr_FR","og_type":"article","og_title":"Pr\u00e9vention du suicide d\u2019Ottawa - Youth Services Jeunesse","og_description":"[vc_row fullwidth=\u00a0\u00bbtrue\u00a0\u00bb][vc_column][\/vc_column][\/vc_row][vc_row css=\u00a0\u00bb.vc_custom_1507313909205{padding-top: 80px !important;}\u00a0\u00bb][vc_column][vc_column_text css=\u00a0\u00bb.vc_custom_1749059557500{margin-bottom: 0px !important;}\u00a0\u00bb]Pour connaitre les ressources disponible pour les personnes qui pensent serieusement au suicide, consultez la liste un peu plus bas, sous la section Trouver de l&rsquo;aide. Pr\u00e9vention du suicide d\u2019Ottawa Pr\u00e9vention du suicide d\u2019Ottawa est un groupe d&rsquo;organismes et individus qui sont d\u00e9di\u00e9 \u00e0 la pr\u00e9vention du suicide [&hellip;]","og_url":"https:\/\/www.ysb.ca\/fr\/services\/sante-mentale\/prevenir-suicide-jeunes\/","og_site_name":"Youth Services Jeunesse","article_modified_time":"2025-06-04T17:54:12+00:00","twitter_card":"summary_large_image","twitter_misc":{"Dur\u00e9e de lecture estim\u00e9e":"7 minutes"},"schema":{"@context":"https:\/\/schema.org","@graph":[{"@type":"WebPage","@id":"https:\/\/www.ysb.ca\/fr\/services\/sante-mentale\/prevenir-suicide-jeunes\/","url":"https:\/\/www.ysb.ca\/fr\/services\/sante-mentale\/prevenir-suicide-jeunes\/","name":"Pr\u00e9vention du suicide d\u2019Ottawa - Youth Services Jeunesse","isPartOf":{"@id":"https:\/\/www.ysb.ca\/fr\/#website"},"datePublished":"2017-09-29T14:52:01+00:00","dateModified":"2025-06-04T17:54:12+00:00","breadcrumb":{"@id":"https:\/\/www.ysb.ca\/fr\/services\/sante-mentale\/prevenir-suicide-jeunes\/#breadcrumb"},"inLanguage":"fr-FR","potentialAction":[{"@type":"ReadAction","target":["https:\/\/www.ysb.ca\/fr\/services\/sante-mentale\/prevenir-suicide-jeunes\/"]}]},{"@type":"BreadcrumbList","@id":"https:\/\/www.ysb.ca\/fr\/services\/sante-mentale\/prevenir-suicide-jeunes\/#breadcrumb","itemListElement":[{"@type":"ListItem","position":1,"name":"Home","item":"https:\/\/www.ysb.ca\/fr\/"},{"@type":"ListItem","position":2,"name":"Services","item":"https:\/\/www.ysb.ca\/fr\/services\/"},{"@type":"ListItem","position":3,"name":"Services de sant\u00e9 mentale","item":"https:\/\/www.ysb.ca\/fr\/services\/sante-mentale\/"},{"@type":"ListItem","position":4,"name":"Pr\u00e9vention du suicide d\u2019Ottawa"}]},{"@type":"WebSite","@id":"https:\/\/www.ysb.ca\/fr\/#website","url":"https:\/\/www.ysb.ca\/fr\/","name":"Youth Services Jeunesse","description":"Ottawa Youth Services Jeunesse","publisher":{"@id":"https:\/\/www.ysb.ca\/fr\/#organization"},"potentialAction":[{"@type":"SearchAction","target":{"@type":"EntryPoint","urlTemplate":"https:\/\/www.ysb.ca\/fr\/?s={search_term_string}"},"query-input":{"@type":"PropertyValueSpecification","valueRequired":true,"valueName":"search_term_string"}}],"inLanguage":"fr-FR"},{"@type":"Organization","@id":"https:\/\/www.ysb.ca\/fr\/#organization","name":"Youth Services Jeunesse","url":"https:\/\/www.ysb.ca\/fr\/","logo":{"@type":"ImageObject","inLanguage":"fr-FR","@id":"https:\/\/www.ysb.ca\/fr\/#\/schema\/logo\/image\/","url":"https:\/\/www.ysb.ca\/wp-content\/uploads\/2020\/09\/ysb-logo.png","contentUrl":"https:\/\/www.ysb.ca\/wp-content\/uploads\/2020\/09\/ysb-logo.png","width":238,"height":94,"caption":"Youth Services Jeunesse"},"image":{"@id":"https:\/\/www.ysb.ca\/fr\/#\/schema\/logo\/image\/"},"sameAs":["https:\/\/www.instagram.com\/ysb.bsj\/","https:\/\/www.youtube.com\/user\/YSBOttawa"]}]}},"_links":{"self":[{"href":"https:\/\/www.ysb.ca\/fr\/wp-json\/wp\/v2\/pages\/1729","targetHints":{"allow":["GET"]}}],"collection":[{"href":"https:\/\/www.ysb.ca\/fr\/wp-json\/wp\/v2\/pages"}],"about":[{"href":"https:\/\/www.ysb.ca\/fr\/wp-json\/wp\/v2\/types\/page"}],"author":[{"embeddable":true,"href":"https:\/\/www.ysb.ca\/fr\/wp-json\/wp\/v2\/users\/1"}],"replies":[{"embeddable":true,"href":"https:\/\/www.ysb.ca\/fr\/wp-json\/wp\/v2\/comments?post=1729"}],"version-history":[{"count":6,"href":"https:\/\/www.ysb.ca\/fr\/wp-json\/wp\/v2\/pages\/1729\/revisions"}],"predecessor-version":[{"id":12585,"href":"https:\/\/www.ysb.ca\/fr\/wp-json\/wp\/v2\/pages\/1729\/revisions\/12585"}],"up":[{"embeddable":true,"href":"https:\/\/www.ysb.ca\/fr\/wp-json\/wp\/v2\/pages\/1733"}],"wp:attachment":[{"href":"https:\/\/www.ysb.ca\/fr\/wp-json\/wp\/v2\/media?parent=1729"}],"curies":[{"name":"wp","href":"https:\/\/api.w.org\/{rel}","templated":true}]}}