
{"id":1727,"date":"2017-09-29T10:57:37","date_gmt":"2017-09-29T14:57:37","guid":{"rendered":"http:\/\/www.ysb.ca\/community-and-housing-services\/"},"modified":"2018-02-26T09:21:37","modified_gmt":"2018-02-26T14:21:37","slug":"services-communautaires-logement","status":"publish","type":"page","link":"https:\/\/www.ysb.ca\/fr\/services\/services-communautaires-logement\/","title":{"rendered":"Services communautaires et de logement"},"content":{"rendered":"<div class=\"wpb-content-wrapper\">[vc_row fullwidth=\u00a0\u00bbtrue\u00a0\u00bb][vc_column]\n        <div class=\"ysb-banner-wrapper\" style=\"background-image: url(https:\/\/www.ysb.ca\/wp-content\/uploads\/2017\/09\/comandhousing.jpg);\">\n         \n            <div class=\"ysb-title-wrapper mk-animate-element bottom-to-top mk-in-viewport\" style=\"background-image: url();\">\n\t\t\t\t<h1 class=\"ysb-banner-title\">Services communautaires et de logement<\/h1>\n\t\t\t\t\n\t\t\t<\/div>\n         \n        <\/div>[\/vc_column][\/vc_row][vc_row css=\u00a0\u00bb.vc_custom_1510154125322{padding-top: 80px !important;}\u00a0\u00bb][vc_column][vc_column_text css=\u00a0\u00bb.vc_custom_1516825933452{margin-bottom: 0px !important;}\u00a0\u00bb]Si vous ou votre famille avez beaucoup de mal \u00e0 r\u00e9pondre \u00e0 certains de vos besoins de base, vous n\u2019\u00eates pas seuls. Nous sommes ici pour vous aider \u00e0 vous sentir en s\u00e9curit\u00e9 et aim\u00e9s. Les Services communautaires sont con\u00e7us pour fournir de la nourriture, un abri, la s\u00e9curit\u00e9, des services de sant\u00e9 et m\u00eame un sentiment d\u2019appartenance aux personnes qui, autrement, pourraient en \u00eatre priv\u00e9es.[\/vc_column_text][\/vc_column][\/vc_row][vc_row][vc_column][mk_padding_divider size=\u00a0\u00bb24&Prime;][\/vc_column][\/vc_row][vc_row][vc_column][vc_column_text css=\u00a0\u00bb.vc_custom_1516903117307{margin-bottom: 0px !important;}\u00a0\u00bb]\n<h2><a href=\"\/fr\/services\/services-communautaires-logement\/centre-ville-halte-accueil\/\">Services du centre-ville et halte-accueil<\/a><\/h2>\n<p>La halte-accueil du centre-ville offre un endroit s\u00e9curitaire et accueillant aux jeunes qui vivent dans la rue ou dans la pauvret\u00e9. \u00c0 partir d\u2019ici, les jeunes peuvent acc\u00e9der \u00e0 une vaste gamme de services pour les aider \u00e0 aborder tout d\u00e9fi auquel ils font face.[\/vc_column_text][\/vc_column][\/vc_row][vc_row][vc_column][mk_padding_divider size=\u00a0\u00bb24&Prime;][\/vc_column][\/vc_row][vc_row][vc_column][vc_column_text css=\u00a0\u00bb.vc_custom_1516903203112{margin-bottom: 0px !important;}\u00a0\u00bb]\n<h2><a href=\"\/fr\/services\/services-communautaires-logement\/logement-service-urgence\/\">Logement et service d&rsquo;urgence<\/a><\/h2>\n<ul>\n<li><a href=\"\/fr\/services\/services-communautaires-logement\/logement-service-urgence\/abri-jeunes-femmes\/\">Abri pour jeunes femmes<\/a><\/li>\n<li><a href=\"\/fr\/services\/services-communautaires-logement\/logement-service-urgence\/abri-jeunes-hommes\/\">Abri pour jeunes hommes<\/a><\/li>\n<li><a href=\"\/fr\/services\/services-communautaires-logement\/logement-service-urgence\/programme-logement-transition-jeunes-hommes\/\">Programme de logement de transition pour jeunes hommes<\/a><\/li>\n<li><a href=\"\/fr\/services\/services-communautaires-logement\/logement-service-urgence\/programme-logement-transition-jeunes-femmes\/\">Programme de logement de transition pour jeunes femmes<\/a><\/li>\n<li><a href=\"\/fr\/services\/services-communautaires-logement\/logement-service-urgence\/logement-long-terme\/\">Programme de logement \u00e0 long terme<\/a><\/li>\n<\/ul>\n[\/vc_column_text][\/vc_column][\/vc_row][vc_row][vc_column][mk_padding_divider size=\u00a0\u00bb24&Prime;][\/vc_column][\/vc_row][vc_row][vc_column][vc_column_text css=\u00a0\u00bb.vc_custom_1516903225667{margin-bottom: 0px !important;}\u00a0\u00bb]\n<h2><a href=\"\/fr\/services\/services-communautaires-logement\/programme-communaute-ethnoculturelle\/\">Programme pour la communaut\u00e9 ethnoculturelle<\/a><\/h2>\n<p>Offert \u00e0 partir des Services du centre-ville et la halte-accueil, ce programme offre aux jeunes immigrants et ethnoculturels d\u2019Ottawa, ainsi qu\u2019\u00e0 leur famille, un soutien et des envois en consultation en mati\u00e8re d\u2019intervention en cas de crise et un acc\u00e8s am\u00e9lior\u00e9 aux ressources et services communautaires.[\/vc_column_text][\/vc_column][\/vc_row][vc_row][vc_column][mk_padding_divider size=\u00a0\u00bb24&Prime;][\/vc_column][\/vc_row][vc_row][vc_column][vc_column_text css=\u00a0\u00bb.vc_custom_1516903278548{margin-bottom: 0px !important;}\u00a0\u00bb]\n<h2 class=\"ysb-banner-title\"><a href=\"\/fr\/services\/services-communautaires-logement\/logement-tutelle\/\">Services de logement et de tutelle<\/a><\/h2>\n<p>Offerts \u00e0 tous les jeunes (\u00e2g\u00e9s de 16 \u00e0 20 ans) qui ont besoin d\u2019aide \u00e0 trouver et \u00e0 garder un logement, ce programme fait en sorte que l\u2019on r\u00e9pond aux besoins des jeunes et que l\u2019on respecte leur droits. Le personnel du programme agit \u00e9galement \u00e0 titre de tutelle pour les jeunes de mois de 18 ans qui re\u00e7oivent des prestations du programme Ontario au travail.[\/vc_column_text][\/vc_column][\/vc_row][vc_row][vc_column][mk_padding_divider size=\u00a0\u00bb24&Prime;][\/vc_column][\/vc_row][vc_row][vc_column][vc_column_text css=\u00a0\u00bb.vc_custom_1516903310812{margin-bottom: 0px !important;}\u00a0\u00bb]\n<h2><a href=\"\/fr\/services\/services-communautaires-logement\/clinique-sante-jeunes\/\">Clinique de sant\u00e9 pour les jeunes<\/a><\/h2>\n<p>Cette clinique de sant\u00e9 sans rendez-vous offre aux jeunes un acc\u00e8s facile \u00e0 des services de sant\u00e9 primaires gratuits comme des soins m\u00e9dicaux, dentaires et de sant\u00e9 sexuelle. Les jeunes peuvent \u00e9galement obtenir de l\u2019aide pour des probl\u00e8mes de sant\u00e9 mentale et de toxicomanie.[\/vc_column_text][\/vc_column][\/vc_row][vc_row][vc_column][mk_padding_divider size=\u00a0\u00bb24&Prime;][\/vc_column][\/vc_row]\n<\/div>","protected":false},"excerpt":{"rendered":"<p>[vc_row fullwidth=\u00a0\u00bbtrue\u00a0\u00bb][vc_column][\/vc_column][\/vc_row][vc_row css=\u00a0\u00bb.vc_custom_1510154125322{padding-top: 80px !important;}\u00a0\u00bb][vc_column][vc_column_text css=\u00a0\u00bb.vc_custom_1516825933452{margin-bottom: 0px !important;}\u00a0\u00bb]Si vous ou votre famille avez beaucoup de mal \u00e0 r\u00e9pondre \u00e0 certains de vos besoins de base, vous n\u2019\u00eates pas seuls. Nous sommes ici pour vous aider \u00e0 vous sentir en s\u00e9curit\u00e9 et aim\u00e9s. Les Services communautaires sont con\u00e7us pour fournir de la nourriture, un abri, la [&hellip;]<\/p>\n","protected":false},"author":1,"featured_media":0,"parent":1750,"menu_order":206,"comment_status":"closed","ping_status":"closed","template":"","meta":{"rs_blank_template":"","rs_page_bg_color":"","slide_template_v7":"","footnotes":""},"class_list":["post-1727","page","type-page","status-publish","hentry"],"yoast_head":"<!-- This site is optimized with the Yoast SEO plugin v27.6 - https:\/\/yoast.com\/product\/yoast-seo-wordpress\/ -->\n<title>Services communautaires et de logement - Youth Services Jeunesse<\/title>\n<meta name=\"robots\" content=\"index, follow, max-snippet:-1, max-image-preview:large, max-video-preview:-1\" \/>\n<link rel=\"canonical\" href=\"https:\/\/www.ysb.ca\/fr\/services\/services-communautaires-logement\/\" \/>\n<meta property=\"og:locale\" content=\"fr_FR\" \/>\n<meta property=\"og:type\" content=\"article\" \/>\n<meta property=\"og:title\" content=\"Services communautaires et de logement - Youth Services Jeunesse\" \/>\n<meta property=\"og:description\" content=\"[vc_row fullwidth=\u00a0\u00bbtrue\u00a0\u00bb][vc_column][\/vc_column][\/vc_row][vc_row css=\u00a0\u00bb.vc_custom_1510154125322{padding-top: 80px !important;}\u00a0\u00bb][vc_column][vc_column_text css=\u00a0\u00bb.vc_custom_1516825933452{margin-bottom: 0px !important;}\u00a0\u00bb]Si vous ou votre famille avez beaucoup de mal \u00e0 r\u00e9pondre \u00e0 certains de vos besoins de base, vous n\u2019\u00eates pas seuls. Nous sommes ici pour vous aider \u00e0 vous sentir en s\u00e9curit\u00e9 et aim\u00e9s. Les Services communautaires sont con\u00e7us pour fournir de la nourriture, un abri, la [&hellip;]\" \/>\n<meta property=\"og:url\" content=\"https:\/\/www.ysb.ca\/fr\/services\/services-communautaires-logement\/\" \/>\n<meta property=\"og:site_name\" content=\"Youth Services Jeunesse\" \/>\n<meta property=\"article:modified_time\" content=\"2018-02-26T14:21:37+00:00\" \/>\n<meta name=\"twitter:card\" content=\"summary_large_image\" \/>\n<meta name=\"twitter:label1\" content=\"Dur\u00e9e de lecture estim\u00e9e\" \/>\n\t<meta name=\"twitter:data1\" content=\"3 minutes\" \/>\n<script type=\"application\/ld+json\" class=\"yoast-schema-graph\">{\"@context\":\"https:\\\/\\\/schema.org\",\"@graph\":[{\"@type\":\"WebPage\",\"@id\":\"https:\\\/\\\/www.ysb.ca\\\/fr\\\/services\\\/services-communautaires-logement\\\/\",\"url\":\"https:\\\/\\\/www.ysb.ca\\\/fr\\\/services\\\/services-communautaires-logement\\\/\",\"name\":\"Services communautaires et de logement - Youth Services Jeunesse\",\"isPartOf\":{\"@id\":\"https:\\\/\\\/www.ysb.ca\\\/fr\\\/#website\"},\"datePublished\":\"2017-09-29T14:57:37+00:00\",\"dateModified\":\"2018-02-26T14:21:37+00:00\",\"breadcrumb\":{\"@id\":\"https:\\\/\\\/www.ysb.ca\\\/fr\\\/services\\\/services-communautaires-logement\\\/#breadcrumb\"},\"inLanguage\":\"fr-FR\",\"potentialAction\":[{\"@type\":\"ReadAction\",\"target\":[\"https:\\\/\\\/www.ysb.ca\\\/fr\\\/services\\\/services-communautaires-logement\\\/\"]}]},{\"@type\":\"BreadcrumbList\",\"@id\":\"https:\\\/\\\/www.ysb.ca\\\/fr\\\/services\\\/services-communautaires-logement\\\/#breadcrumb\",\"itemListElement\":[{\"@type\":\"ListItem\",\"position\":1,\"name\":\"Home\",\"item\":\"https:\\\/\\\/www.ysb.ca\\\/fr\\\/\"},{\"@type\":\"ListItem\",\"position\":2,\"name\":\"Services\",\"item\":\"https:\\\/\\\/www.ysb.ca\\\/fr\\\/services\\\/\"},{\"@type\":\"ListItem\",\"position\":3,\"name\":\"Services communautaires et de logement\"}]},{\"@type\":\"WebSite\",\"@id\":\"https:\\\/\\\/www.ysb.ca\\\/fr\\\/#website\",\"url\":\"https:\\\/\\\/www.ysb.ca\\\/fr\\\/\",\"name\":\"Youth Services Jeunesse\",\"description\":\"Ottawa Youth Services Jeunesse\",\"publisher\":{\"@id\":\"https:\\\/\\\/www.ysb.ca\\\/fr\\\/#organization\"},\"potentialAction\":[{\"@type\":\"SearchAction\",\"target\":{\"@type\":\"EntryPoint\",\"urlTemplate\":\"https:\\\/\\\/www.ysb.ca\\\/fr\\\/?s={search_term_string}\"},\"query-input\":{\"@type\":\"PropertyValueSpecification\",\"valueRequired\":true,\"valueName\":\"search_term_string\"}}],\"inLanguage\":\"fr-FR\"},{\"@type\":\"Organization\",\"@id\":\"https:\\\/\\\/www.ysb.ca\\\/fr\\\/#organization\",\"name\":\"Youth Services Jeunesse\",\"url\":\"https:\\\/\\\/www.ysb.ca\\\/fr\\\/\",\"logo\":{\"@type\":\"ImageObject\",\"inLanguage\":\"fr-FR\",\"@id\":\"https:\\\/\\\/www.ysb.ca\\\/fr\\\/#\\\/schema\\\/logo\\\/image\\\/\",\"url\":\"https:\\\/\\\/www.ysb.ca\\\/wp-content\\\/uploads\\\/2020\\\/09\\\/ysb-logo.png\",\"contentUrl\":\"https:\\\/\\\/www.ysb.ca\\\/wp-content\\\/uploads\\\/2020\\\/09\\\/ysb-logo.png\",\"width\":238,\"height\":94,\"caption\":\"Youth Services Jeunesse\"},\"image\":{\"@id\":\"https:\\\/\\\/www.ysb.ca\\\/fr\\\/#\\\/schema\\\/logo\\\/image\\\/\"},\"sameAs\":[\"https:\\\/\\\/www.instagram.com\\\/ysb.bsj\\\/\",\"https:\\\/\\\/www.youtube.com\\\/user\\\/YSBOttawa\"]}]}<\/script>\n<!-- \/ Yoast SEO plugin. -->","yoast_head_json":{"title":"Services communautaires et de logement - Youth Services Jeunesse","robots":{"index":"index","follow":"follow","max-snippet":"max-snippet:-1","max-image-preview":"max-image-preview:large","max-video-preview":"max-video-preview:-1"},"canonical":"https:\/\/www.ysb.ca\/fr\/services\/services-communautaires-logement\/","og_locale":"fr_FR","og_type":"article","og_title":"Services communautaires et de logement - Youth Services Jeunesse","og_description":"[vc_row fullwidth=\u00a0\u00bbtrue\u00a0\u00bb][vc_column][\/vc_column][\/vc_row][vc_row css=\u00a0\u00bb.vc_custom_1510154125322{padding-top: 80px !important;}\u00a0\u00bb][vc_column][vc_column_text css=\u00a0\u00bb.vc_custom_1516825933452{margin-bottom: 0px !important;}\u00a0\u00bb]Si vous ou votre famille avez beaucoup de mal \u00e0 r\u00e9pondre \u00e0 certains de vos besoins de base, vous n\u2019\u00eates pas seuls. Nous sommes ici pour vous aider \u00e0 vous sentir en s\u00e9curit\u00e9 et aim\u00e9s. Les Services communautaires sont con\u00e7us pour fournir de la nourriture, un abri, la [&hellip;]","og_url":"https:\/\/www.ysb.ca\/fr\/services\/services-communautaires-logement\/","og_site_name":"Youth Services Jeunesse","article_modified_time":"2018-02-26T14:21:37+00:00","twitter_card":"summary_large_image","twitter_misc":{"Dur\u00e9e de lecture estim\u00e9e":"3 minutes"},"schema":{"@context":"https:\/\/schema.org","@graph":[{"@type":"WebPage","@id":"https:\/\/www.ysb.ca\/fr\/services\/services-communautaires-logement\/","url":"https:\/\/www.ysb.ca\/fr\/services\/services-communautaires-logement\/","name":"Services communautaires et de logement - Youth Services Jeunesse","isPartOf":{"@id":"https:\/\/www.ysb.ca\/fr\/#website"},"datePublished":"2017-09-29T14:57:37+00:00","dateModified":"2018-02-26T14:21:37+00:00","breadcrumb":{"@id":"https:\/\/www.ysb.ca\/fr\/services\/services-communautaires-logement\/#breadcrumb"},"inLanguage":"fr-FR","potentialAction":[{"@type":"ReadAction","target":["https:\/\/www.ysb.ca\/fr\/services\/services-communautaires-logement\/"]}]},{"@type":"BreadcrumbList","@id":"https:\/\/www.ysb.ca\/fr\/services\/services-communautaires-logement\/#breadcrumb","itemListElement":[{"@type":"ListItem","position":1,"name":"Home","item":"https:\/\/www.ysb.ca\/fr\/"},{"@type":"ListItem","position":2,"name":"Services","item":"https:\/\/www.ysb.ca\/fr\/services\/"},{"@type":"ListItem","position":3,"name":"Services communautaires et de logement"}]},{"@type":"WebSite","@id":"https:\/\/www.ysb.ca\/fr\/#website","url":"https:\/\/www.ysb.ca\/fr\/","name":"Youth Services Jeunesse","description":"Ottawa Youth Services Jeunesse","publisher":{"@id":"https:\/\/www.ysb.ca\/fr\/#organization"},"potentialAction":[{"@type":"SearchAction","target":{"@type":"EntryPoint","urlTemplate":"https:\/\/www.ysb.ca\/fr\/?s={search_term_string}"},"query-input":{"@type":"PropertyValueSpecification","valueRequired":true,"valueName":"search_term_string"}}],"inLanguage":"fr-FR"},{"@type":"Organization","@id":"https:\/\/www.ysb.ca\/fr\/#organization","name":"Youth Services Jeunesse","url":"https:\/\/www.ysb.ca\/fr\/","logo":{"@type":"ImageObject","inLanguage":"fr-FR","@id":"https:\/\/www.ysb.ca\/fr\/#\/schema\/logo\/image\/","url":"https:\/\/www.ysb.ca\/wp-content\/uploads\/2020\/09\/ysb-logo.png","contentUrl":"https:\/\/www.ysb.ca\/wp-content\/uploads\/2020\/09\/ysb-logo.png","width":238,"height":94,"caption":"Youth Services Jeunesse"},"image":{"@id":"https:\/\/www.ysb.ca\/fr\/#\/schema\/logo\/image\/"},"sameAs":["https:\/\/www.instagram.com\/ysb.bsj\/","https:\/\/www.youtube.com\/user\/YSBOttawa"]}]}},"_links":{"self":[{"href":"https:\/\/www.ysb.ca\/fr\/wp-json\/wp\/v2\/pages\/1727","targetHints":{"allow":["GET"]}}],"collection":[{"href":"https:\/\/www.ysb.ca\/fr\/wp-json\/wp\/v2\/pages"}],"about":[{"href":"https:\/\/www.ysb.ca\/fr\/wp-json\/wp\/v2\/types\/page"}],"author":[{"embeddable":true,"href":"https:\/\/www.ysb.ca\/fr\/wp-json\/wp\/v2\/users\/1"}],"replies":[{"embeddable":true,"href":"https:\/\/www.ysb.ca\/fr\/wp-json\/wp\/v2\/comments?post=1727"}],"version-history":[{"count":5,"href":"https:\/\/www.ysb.ca\/fr\/wp-json\/wp\/v2\/pages\/1727\/revisions"}],"predecessor-version":[{"id":2435,"href":"https:\/\/www.ysb.ca\/fr\/wp-json\/wp\/v2\/pages\/1727\/revisions\/2435"}],"up":[{"embeddable":true,"href":"https:\/\/www.ysb.ca\/fr\/wp-json\/wp\/v2\/pages\/1750"}],"wp:attachment":[{"href":"https:\/\/www.ysb.ca\/fr\/wp-json\/wp\/v2\/media?parent=1727"}],"curies":[{"name":"wp","href":"https:\/\/api.w.org\/{rel}","templated":true}]}}