
{"id":1726,"date":"2017-09-29T10:59:01","date_gmt":"2017-09-29T14:59:01","guid":{"rendered":"http:\/\/www.ysb.ca\/ysb-employment-services\/"},"modified":"2025-03-26T11:07:52","modified_gmt":"2025-03-26T15:07:52","slug":"services-demploi-bsj","status":"publish","type":"page","link":"https:\/\/www.ysb.ca\/fr\/services\/services-demploi-bsj\/","title":{"rendered":"Services d&#8217;emploi du BSJ"},"content":{"rendered":"<div class=\"wpb-content-wrapper\">[vc_row fullwidth=\u00a0\u00bbtrue\u00a0\u00bb][vc_column]\n        <div class=\"ysb-banner-wrapper\" style=\"background-image: url(https:\/\/www.ysb.ca\/wp-content\/uploads\/2017\/09\/emplymentservices.jpg);\">\n         \n            <div class=\"ysb-title-wrapper mk-animate-element bottom-to-top mk-in-viewport\" style=\"background-image: url();\">\n\t\t\t\t<h1 class=\"ysb-banner-title\">Services d'emploi du BSJ<\/h1>\n\t\t\t\t\n\t\t\t<\/div>\n         \n        <\/div>[\/vc_column][\/vc_row][vc_row css=\u00a0\u00bb.vc_custom_1507746864813{padding-top: 80px !important;}\u00a0\u00bb][vc_column][vc_column_text css=\u00a0\u00bb.vc_custom_1742932985407{margin-bottom: 0px !important;}\u00a0\u00bb]\n<h5><span class=\"tlid-translation translation\" lang=\"fr\"><span class=\"\" title=\"\"><a href=\"https:\/\/www.ysb.ca\/wp-content\/uploads\/2025\/03\/eo-tri-wordmark-french-colour.png\"><img fetchpriority=\"high\" decoding=\"async\" class=\"aligncenter size-large wp-image-12281\" src=\"https:\/\/www.ysb.ca\/wp-content\/uploads\/2025\/03\/eo-tri-wordmark-french-colour-1024x175.png\" alt=\"\" width=\"1024\" height=\"175\" srcset=\"https:\/\/www.ysb.ca\/wp-content\/uploads\/2025\/03\/eo-tri-wordmark-french-colour-1024x175.png 1024w, https:\/\/www.ysb.ca\/wp-content\/uploads\/2025\/03\/eo-tri-wordmark-french-colour-300x51.png 300w, https:\/\/www.ysb.ca\/wp-content\/uploads\/2025\/03\/eo-tri-wordmark-french-colour-768x131.png 768w, https:\/\/www.ysb.ca\/wp-content\/uploads\/2025\/03\/eo-tri-wordmark-french-colour-1536x263.png 1536w, https:\/\/www.ysb.ca\/wp-content\/uploads\/2025\/03\/eo-tri-wordmark-french-colour.png 2048w\" sizes=\"(max-width: 1024px) 100vw, 1024px\" \/><\/a>Les <a href=\"https:\/\/ysbes.ca\/?lang=fr\">services d&#8217;emploi du BSJ<\/a> offrent aux demandeurs d&#8217;emploi de tous \u00e2ges un soutien pour se pr\u00e9parer au march\u00e9 du travail et trouver un emploi.<\/span> <span class=\"\" title=\"\">Les Services d&#8217;emploi du BSJ font partie du r\u00e9seau d&rsquo;Emploi Ontario et offrent des services \u00e0 Ottawa.<\/span><\/span><\/h5>\n<p>Nous comprenons que la recherche d\u2019emploi peut parfois \u00eatre une source de stress et de frustration, mais nous pouvons vous faciliter la t\u00e2che pour vous permettre de r\u00e9ussir votre entr\u00e9e ou votre retour dans le milieu de travail.<\/p>\n<ul>\n<li><a href=\"https:\/\/ysbes.ca\/enregistrement\/?lang=fr\">Vous cherchez un emploi ? Cliquez ici pour vous inscrire<\/a><\/li>\n<li style=\"text-align: left;\"><a href=\"https:\/\/magnet.whoplusyou.com\/lp\/ysb\">Offres d&#8217;emploi <\/a><\/li>\n<li>Calendrier : <a href=\"https:\/\/ysbes.ca\/events\/category\/jsw\/\">Ateliers, \u00e9v\u00e9nements, salons de l&#8217;emploi<\/a><\/li>\n<\/ul>\n<p>Les Services d\u2019emploi du BSJ offrent un soutien aux personnes de tous \u00e2ges qui se cherchent un emploi, les aidant \u00e0 se pr\u00e9parer pour le march\u00e9 du travail et \u00e0 se trouver un emploi. Les services comprennent le counseling en mati\u00e8re de carri\u00e8re, la pr\u00e9paration pour l\u2019entrevue, les foires d\u2019emploi et les placements de travail. Nous travaillons \u00e9galement aupr\u00e8s des employeurs dans le but de jumeler les candidats et les occasions d\u2019emploi.[\/vc_column_text][\/vc_column][\/vc_row][vc_row][vc_column][mk_padding_divider size=\u00a0\u00bb24&Prime;][\/vc_column][\/vc_row][vc_row css=\u00a0\u00bb.vc_custom_1507746994999{padding-bottom: 60px !important;}\u00a0\u00bb][vc_column][vc_column_text css=\u00a0\u00bb.vc_custom_1743001678721{margin-bottom: 0px !important;}\u00a0\u00bb]\n<h2>VOUS RECHERCHEZ UN EMPLOI? NOUS POUVONS VOUS AIDEZ.<\/h2>\n<h4>Services d&#8217;emploi pour tous \u00e0 Ottawa\u200e<\/h4>\n<p><strong>Chercheurs d\u2019emploi \u2013 recherchez-vous des opportunit\u00e9s d\u2019emploi ? Nous proposons une vari\u00e9t\u00e9 de services pour vous aider \u00e0 mettre votre carri\u00e8re sur la bonne voie.<\/strong><\/p>\n<ul>\n<li>Conseils individuels en mati\u00e8re d&#8217;emploi<\/li>\n<li>Acc\u00e8s au march\u00e9 du travail cach\u00e9<\/li>\n<li>Coaching et mentorat<\/li>\n<li>Pr\u00e9paration de CV et lettre de motivation<\/li>\n<li>Simulations d&rsquo;entretiens<\/li>\n<li>Ateliers emploi<\/li>\n<li>Rencontre et salutations de l&#8217;employeur<\/li>\n<li>Salons de l&#8217;emploi<\/li>\n<li>Placements d&#8217;emploi<\/li>\n<li>Acc\u00e8s \u00e0 l\u2019\u00e9ducation et \u00e0 la formation<\/li>\n<li>Orientation vers Better Jobs Ontario et d\u2019autres programmes d\u2019Emploi Ontario<\/li>\n<\/ul>\n<p>Vous pouvez \u00e9galement visiter ou appeler l&rsquo;un de nos sites d&rsquo;Emploi Ontario, aux l&rsquo;adresses suivantes :<\/p>\n<p><strong>1355, rue Bank bureau 703<\/strong><br \/>\n613-236-8244<\/p>\n<p><strong>301, promenade Moodie bureau 203<\/strong><br \/>\n613-688-0440<\/p>\n<p><strong>2339, chemin Ogilvie bureau 24<\/strong><br \/>\n343-317-7791<\/p>\n<p>Pour tous les programmes : <a href=\"mailto:esreception@ysb.ca\">esreception@ysb.ca<\/a><\/p>\n<h5>Horaires : Du lundi au vendredi, de 8h30 \u00e0 16h30<\/h5>\n<h2>Une gamme de services est en place pour r\u00e9pondre aux besoins individuels des demandeurs d&#8217;emploi. Visitez-nous au <a href=\"https:\/\/ysbes.ca\/?lang=fr\">ysbes.ca<\/a>\/<\/h2>\n<p>De plus, nous proposons une s\u00e9rie d&rsquo;ateliers sp\u00e9cialement con\u00e7us pour r\u00e9pondre aux besoins des travailleurs des technologies de l&rsquo;information et des communications au ch\u00f4mage ou de ceux qui envisagent une carri\u00e8re dans le domaine des technologies de l&rsquo;information.[\/vc_column_text][\/vc_column][\/vc_row]\n<\/div>","protected":false},"excerpt":{"rendered":"<p>[vc_row fullwidth=\u00a0\u00bbtrue\u00a0\u00bb][vc_column][\/vc_column][\/vc_row][vc_row css=\u00a0\u00bb.vc_custom_1507746864813{padding-top: 80px !important;}\u00a0\u00bb][vc_column][vc_column_text css=\u00a0\u00bb.vc_custom_1742932985407{margin-bottom: 0px !important;}\u00a0\u00bb] Les services d&#8217;emploi du BSJ offrent aux demandeurs d&#8217;emploi de tous \u00e2ges un soutien pour se pr\u00e9parer au march\u00e9 du travail et trouver un emploi. Les Services d&#8217;emploi du BSJ font partie du r\u00e9seau d&rsquo;Emploi Ontario et offrent des services \u00e0 Ottawa. Nous comprenons que la recherche [&hellip;]<\/p>\n","protected":false},"author":1,"featured_media":0,"parent":1750,"menu_order":204,"comment_status":"closed","ping_status":"closed","template":"","meta":{"rs_blank_template":"","rs_page_bg_color":"","slide_template_v7":"","footnotes":""},"class_list":["post-1726","page","type-page","status-publish","hentry"],"yoast_head":"<!-- This site is optimized with the Yoast SEO plugin v27.3 - https:\/\/yoast.com\/product\/yoast-seo-wordpress\/ -->\n<title>Services d&#039;emploi du BSJ - Youth Services Jeunesse<\/title>\n<meta name=\"robots\" content=\"index, follow, max-snippet:-1, max-image-preview:large, max-video-preview:-1\" \/>\n<link rel=\"canonical\" href=\"https:\/\/www.ysb.ca\/fr\/services\/services-demploi-bsj\/\" \/>\n<meta property=\"og:locale\" content=\"fr_FR\" \/>\n<meta property=\"og:type\" content=\"article\" \/>\n<meta property=\"og:title\" content=\"Services d&#039;emploi du BSJ - Youth Services Jeunesse\" \/>\n<meta property=\"og:description\" content=\"[vc_row fullwidth=\u00a0\u00bbtrue\u00a0\u00bb][vc_column][\/vc_column][\/vc_row][vc_row css=\u00a0\u00bb.vc_custom_1507746864813{padding-top: 80px !important;}\u00a0\u00bb][vc_column][vc_column_text css=\u00a0\u00bb.vc_custom_1742932985407{margin-bottom: 0px !important;}\u00a0\u00bb] Les services d&#8217;emploi du BSJ offrent aux demandeurs d&#8217;emploi de tous \u00e2ges un soutien pour se pr\u00e9parer au march\u00e9 du travail et trouver un emploi. Les Services d&#8217;emploi du BSJ font partie du r\u00e9seau d&rsquo;Emploi Ontario et offrent des services \u00e0 Ottawa. Nous comprenons que la recherche [&hellip;]\" \/>\n<meta property=\"og:url\" content=\"https:\/\/www.ysb.ca\/fr\/services\/services-demploi-bsj\/\" \/>\n<meta property=\"og:site_name\" content=\"Youth Services Jeunesse\" \/>\n<meta property=\"article:modified_time\" content=\"2025-03-26T15:07:52+00:00\" \/>\n<meta property=\"og:image\" content=\"https:\/\/www.ysb.ca\/wp-content\/uploads\/2025\/03\/eo-tri-wordmark-french-colour.png\" \/>\n\t<meta property=\"og:image:width\" content=\"2048\" \/>\n\t<meta property=\"og:image:height\" content=\"351\" \/>\n\t<meta property=\"og:image:type\" content=\"image\/png\" \/>\n<meta name=\"twitter:card\" content=\"summary_large_image\" \/>\n<meta name=\"twitter:label1\" content=\"Dur\u00e9e de lecture estim\u00e9e\" \/>\n\t<meta name=\"twitter:data1\" content=\"3 minutes\" \/>\n<script type=\"application\/ld+json\" class=\"yoast-schema-graph\">{\"@context\":\"https:\\\/\\\/schema.org\",\"@graph\":[{\"@type\":\"WebPage\",\"@id\":\"https:\\\/\\\/www.ysb.ca\\\/fr\\\/services\\\/services-demploi-bsj\\\/\",\"url\":\"https:\\\/\\\/www.ysb.ca\\\/fr\\\/services\\\/services-demploi-bsj\\\/\",\"name\":\"Services d'emploi du BSJ - Youth Services Jeunesse\",\"isPartOf\":{\"@id\":\"https:\\\/\\\/www.ysb.ca\\\/fr\\\/#website\"},\"primaryImageOfPage\":{\"@id\":\"https:\\\/\\\/www.ysb.ca\\\/fr\\\/services\\\/services-demploi-bsj\\\/#primaryimage\"},\"image\":{\"@id\":\"https:\\\/\\\/www.ysb.ca\\\/fr\\\/services\\\/services-demploi-bsj\\\/#primaryimage\"},\"thumbnailUrl\":\"https:\\\/\\\/www.ysb.ca\\\/wp-content\\\/uploads\\\/2025\\\/03\\\/eo-tri-wordmark-french-colour-1024x175.png\",\"datePublished\":\"2017-09-29T14:59:01+00:00\",\"dateModified\":\"2025-03-26T15:07:52+00:00\",\"breadcrumb\":{\"@id\":\"https:\\\/\\\/www.ysb.ca\\\/fr\\\/services\\\/services-demploi-bsj\\\/#breadcrumb\"},\"inLanguage\":\"fr-FR\",\"potentialAction\":[{\"@type\":\"ReadAction\",\"target\":[\"https:\\\/\\\/www.ysb.ca\\\/fr\\\/services\\\/services-demploi-bsj\\\/\"]}]},{\"@type\":\"ImageObject\",\"inLanguage\":\"fr-FR\",\"@id\":\"https:\\\/\\\/www.ysb.ca\\\/fr\\\/services\\\/services-demploi-bsj\\\/#primaryimage\",\"url\":\"https:\\\/\\\/www.ysb.ca\\\/wp-content\\\/uploads\\\/2025\\\/03\\\/eo-tri-wordmark-french-colour-1024x175.png\",\"contentUrl\":\"https:\\\/\\\/www.ysb.ca\\\/wp-content\\\/uploads\\\/2025\\\/03\\\/eo-tri-wordmark-french-colour-1024x175.png\"},{\"@type\":\"BreadcrumbList\",\"@id\":\"https:\\\/\\\/www.ysb.ca\\\/fr\\\/services\\\/services-demploi-bsj\\\/#breadcrumb\",\"itemListElement\":[{\"@type\":\"ListItem\",\"position\":1,\"name\":\"Home\",\"item\":\"https:\\\/\\\/www.ysb.ca\\\/fr\\\/\"},{\"@type\":\"ListItem\",\"position\":2,\"name\":\"Services\",\"item\":\"https:\\\/\\\/www.ysb.ca\\\/fr\\\/services\\\/\"},{\"@type\":\"ListItem\",\"position\":3,\"name\":\"Services d&#8217;emploi du BSJ\"}]},{\"@type\":\"WebSite\",\"@id\":\"https:\\\/\\\/www.ysb.ca\\\/fr\\\/#website\",\"url\":\"https:\\\/\\\/www.ysb.ca\\\/fr\\\/\",\"name\":\"Youth Services Jeunesse\",\"description\":\"Ottawa Youth Services Jeunesse\",\"publisher\":{\"@id\":\"https:\\\/\\\/www.ysb.ca\\\/fr\\\/#organization\"},\"potentialAction\":[{\"@type\":\"SearchAction\",\"target\":{\"@type\":\"EntryPoint\",\"urlTemplate\":\"https:\\\/\\\/www.ysb.ca\\\/fr\\\/?s={search_term_string}\"},\"query-input\":{\"@type\":\"PropertyValueSpecification\",\"valueRequired\":true,\"valueName\":\"search_term_string\"}}],\"inLanguage\":\"fr-FR\"},{\"@type\":\"Organization\",\"@id\":\"https:\\\/\\\/www.ysb.ca\\\/fr\\\/#organization\",\"name\":\"Youth Services Jeunesse\",\"url\":\"https:\\\/\\\/www.ysb.ca\\\/fr\\\/\",\"logo\":{\"@type\":\"ImageObject\",\"inLanguage\":\"fr-FR\",\"@id\":\"https:\\\/\\\/www.ysb.ca\\\/fr\\\/#\\\/schema\\\/logo\\\/image\\\/\",\"url\":\"https:\\\/\\\/www.ysb.ca\\\/wp-content\\\/uploads\\\/2020\\\/09\\\/ysb-logo.png\",\"contentUrl\":\"https:\\\/\\\/www.ysb.ca\\\/wp-content\\\/uploads\\\/2020\\\/09\\\/ysb-logo.png\",\"width\":238,\"height\":94,\"caption\":\"Youth Services Jeunesse\"},\"image\":{\"@id\":\"https:\\\/\\\/www.ysb.ca\\\/fr\\\/#\\\/schema\\\/logo\\\/image\\\/\"},\"sameAs\":[\"https:\\\/\\\/www.instagram.com\\\/ysb.bsj\\\/\",\"https:\\\/\\\/www.youtube.com\\\/user\\\/YSBOttawa\"]}]}<\/script>\n<!-- \/ Yoast SEO plugin. -->","yoast_head_json":{"title":"Services d'emploi du BSJ - Youth Services Jeunesse","robots":{"index":"index","follow":"follow","max-snippet":"max-snippet:-1","max-image-preview":"max-image-preview:large","max-video-preview":"max-video-preview:-1"},"canonical":"https:\/\/www.ysb.ca\/fr\/services\/services-demploi-bsj\/","og_locale":"fr_FR","og_type":"article","og_title":"Services d'emploi du BSJ - Youth Services Jeunesse","og_description":"[vc_row fullwidth=\u00a0\u00bbtrue\u00a0\u00bb][vc_column][\/vc_column][\/vc_row][vc_row css=\u00a0\u00bb.vc_custom_1507746864813{padding-top: 80px !important;}\u00a0\u00bb][vc_column][vc_column_text css=\u00a0\u00bb.vc_custom_1742932985407{margin-bottom: 0px !important;}\u00a0\u00bb] Les services d&#8217;emploi du BSJ offrent aux demandeurs d&#8217;emploi de tous \u00e2ges un soutien pour se pr\u00e9parer au march\u00e9 du travail et trouver un emploi. Les Services d&#8217;emploi du BSJ font partie du r\u00e9seau d&rsquo;Emploi Ontario et offrent des services \u00e0 Ottawa. Nous comprenons que la recherche [&hellip;]","og_url":"https:\/\/www.ysb.ca\/fr\/services\/services-demploi-bsj\/","og_site_name":"Youth Services Jeunesse","article_modified_time":"2025-03-26T15:07:52+00:00","og_image":[{"width":2048,"height":351,"url":"https:\/\/www.ysb.ca\/wp-content\/uploads\/2025\/03\/eo-tri-wordmark-french-colour.png","type":"image\/png"}],"twitter_card":"summary_large_image","twitter_misc":{"Dur\u00e9e de lecture estim\u00e9e":"3 minutes"},"schema":{"@context":"https:\/\/schema.org","@graph":[{"@type":"WebPage","@id":"https:\/\/www.ysb.ca\/fr\/services\/services-demploi-bsj\/","url":"https:\/\/www.ysb.ca\/fr\/services\/services-demploi-bsj\/","name":"Services d'emploi du BSJ - Youth Services Jeunesse","isPartOf":{"@id":"https:\/\/www.ysb.ca\/fr\/#website"},"primaryImageOfPage":{"@id":"https:\/\/www.ysb.ca\/fr\/services\/services-demploi-bsj\/#primaryimage"},"image":{"@id":"https:\/\/www.ysb.ca\/fr\/services\/services-demploi-bsj\/#primaryimage"},"thumbnailUrl":"https:\/\/www.ysb.ca\/wp-content\/uploads\/2025\/03\/eo-tri-wordmark-french-colour-1024x175.png","datePublished":"2017-09-29T14:59:01+00:00","dateModified":"2025-03-26T15:07:52+00:00","breadcrumb":{"@id":"https:\/\/www.ysb.ca\/fr\/services\/services-demploi-bsj\/#breadcrumb"},"inLanguage":"fr-FR","potentialAction":[{"@type":"ReadAction","target":["https:\/\/www.ysb.ca\/fr\/services\/services-demploi-bsj\/"]}]},{"@type":"ImageObject","inLanguage":"fr-FR","@id":"https:\/\/www.ysb.ca\/fr\/services\/services-demploi-bsj\/#primaryimage","url":"https:\/\/www.ysb.ca\/wp-content\/uploads\/2025\/03\/eo-tri-wordmark-french-colour-1024x175.png","contentUrl":"https:\/\/www.ysb.ca\/wp-content\/uploads\/2025\/03\/eo-tri-wordmark-french-colour-1024x175.png"},{"@type":"BreadcrumbList","@id":"https:\/\/www.ysb.ca\/fr\/services\/services-demploi-bsj\/#breadcrumb","itemListElement":[{"@type":"ListItem","position":1,"name":"Home","item":"https:\/\/www.ysb.ca\/fr\/"},{"@type":"ListItem","position":2,"name":"Services","item":"https:\/\/www.ysb.ca\/fr\/services\/"},{"@type":"ListItem","position":3,"name":"Services d&#8217;emploi du BSJ"}]},{"@type":"WebSite","@id":"https:\/\/www.ysb.ca\/fr\/#website","url":"https:\/\/www.ysb.ca\/fr\/","name":"Youth Services Jeunesse","description":"Ottawa Youth Services Jeunesse","publisher":{"@id":"https:\/\/www.ysb.ca\/fr\/#organization"},"potentialAction":[{"@type":"SearchAction","target":{"@type":"EntryPoint","urlTemplate":"https:\/\/www.ysb.ca\/fr\/?s={search_term_string}"},"query-input":{"@type":"PropertyValueSpecification","valueRequired":true,"valueName":"search_term_string"}}],"inLanguage":"fr-FR"},{"@type":"Organization","@id":"https:\/\/www.ysb.ca\/fr\/#organization","name":"Youth Services Jeunesse","url":"https:\/\/www.ysb.ca\/fr\/","logo":{"@type":"ImageObject","inLanguage":"fr-FR","@id":"https:\/\/www.ysb.ca\/fr\/#\/schema\/logo\/image\/","url":"https:\/\/www.ysb.ca\/wp-content\/uploads\/2020\/09\/ysb-logo.png","contentUrl":"https:\/\/www.ysb.ca\/wp-content\/uploads\/2020\/09\/ysb-logo.png","width":238,"height":94,"caption":"Youth Services Jeunesse"},"image":{"@id":"https:\/\/www.ysb.ca\/fr\/#\/schema\/logo\/image\/"},"sameAs":["https:\/\/www.instagram.com\/ysb.bsj\/","https:\/\/www.youtube.com\/user\/YSBOttawa"]}]}},"_links":{"self":[{"href":"https:\/\/www.ysb.ca\/fr\/wp-json\/wp\/v2\/pages\/1726","targetHints":{"allow":["GET"]}}],"collection":[{"href":"https:\/\/www.ysb.ca\/fr\/wp-json\/wp\/v2\/pages"}],"about":[{"href":"https:\/\/www.ysb.ca\/fr\/wp-json\/wp\/v2\/types\/page"}],"author":[{"embeddable":true,"href":"https:\/\/www.ysb.ca\/fr\/wp-json\/wp\/v2\/users\/1"}],"replies":[{"embeddable":true,"href":"https:\/\/www.ysb.ca\/fr\/wp-json\/wp\/v2\/comments?post=1726"}],"version-history":[{"count":5,"href":"https:\/\/www.ysb.ca\/fr\/wp-json\/wp\/v2\/pages\/1726\/revisions"}],"predecessor-version":[{"id":12288,"href":"https:\/\/www.ysb.ca\/fr\/wp-json\/wp\/v2\/pages\/1726\/revisions\/12288"}],"up":[{"embeddable":true,"href":"https:\/\/www.ysb.ca\/fr\/wp-json\/wp\/v2\/pages\/1750"}],"wp:attachment":[{"href":"https:\/\/www.ysb.ca\/fr\/wp-json\/wp\/v2\/media?parent=1726"}],"curies":[{"name":"wp","href":"https:\/\/api.w.org\/{rel}","templated":true}]}}