
{"id":1721,"date":"2017-09-29T11:06:50","date_gmt":"2017-09-29T15:06:50","guid":{"rendered":"http:\/\/www.ysb.ca\/housing-and-shelter\/"},"modified":"2022-09-15T11:31:42","modified_gmt":"2022-09-15T15:31:42","slug":"logement-service-urgence","status":"publish","type":"page","link":"https:\/\/www.ysb.ca\/fr\/services\/services-communautaires-logement\/logement-service-urgence\/","title":{"rendered":"Logement et service d&rsquo;urgence"},"content":{"rendered":"<div class=\"wpb-content-wrapper\">[vc_row fullwidth=\u00a0\u00bbtrue\u00a0\u00bb][vc_column]\n        <div class=\"ysb-banner-wrapper\" style=\"background-image: url(https:\/\/www.ysb.ca\/wp-content\/uploads\/2017\/11\/ysb-housing-shelter.jpg);\">\n         \n            <div class=\"ysb-title-wrapper mk-animate-element bottom-to-top mk-in-viewport\" style=\"background-image: url();\">\n\t\t\t\t<h1 class=\"ysb-banner-title\">Logement et service d'urgence<\/h1>\n\t\t\t\t\n\t\t\t<\/div>\n         \n        <\/div>[\/vc_column][\/vc_row][vc_row][vc_column][vc_column_text css=\u00a0\u00bb.vc_custom_1663255898242{margin-bottom: 0px !important;padding-top: 80px !important;}\u00a0\u00bb]Le logement au Bureau des services \u00e0 la jeunesse est beaucoup plus qu\u2019un simple endroit o\u00f9 vivre. Nous offrons de multiples services et programme de logement pour r\u00e9pondre aux besoins des jeunes qui se trouvent dans diverses situations de vie. Nous cherchons \u00e0 rencontrer les jeunes o\u00f9 qu\u2019ils se trouvent, et nous les appuyons dans leur parcours vers l\u2019autonomie.<\/p>\n<p>Le service offre aux jeunes adultes \u00e2g\u00e9s de 16 \u00e0 20 ans\u2014ayant v\u00e9cu d\u2019importantes difficult\u00e9s sans fautes de leur part\u2014l\u2019occasion d\u2019acc\u00e9der \u00e0 un logement s\u00e9curitaire et abordable. Des conseillers chevronn\u00e9s offrent un soutien alors que le jeune travaille \u00e0 des buts personnels comme l\u2019\u00e9ducation, le travail et la formation. Des conseillers en mati\u00e8re de logement offrent de l\u2019aide pour l\u2019\u00e9laboration d\u2019un \u00ab plan communautaire \u00bb permettant au jeune d\u2019acqu\u00e9rir les aptitudes n\u00e9cessaires pour vivre de fa\u00e7on autonome.[\/vc_column_text][\/vc_column][\/vc_row][vc_row][vc_column][mk_padding_divider size=\u00a0\u00bb24&Prime;][\/vc_column][\/vc_row][vc_row][vc_column][vc_column_text css=\u00a0\u00bb.vc_custom_1568218665802{margin-bottom: 0px !important;}\u00a0\u00bb]\n<h2>Comment acc\u00e9der nos services de logement<\/h2>\n<p>Le BSJ offre un service d&rsquo;urgence pour les jeunes cherchant un abri temporaire. Nous offrons \u00e9galement le Programme de logement de transition et le Programme de logement \u00e0 long-terme. Veuillez contactez chaque programme ou services individuellement ou <a href=\"mailto:info@ysb.ca\">info@ysb.ca<\/a> pour vous informer sur les diff\u00e9rent programme et services de logement au BSJ.<\/p>\n<p><a href=\"\/fr\/services\/services-communautaires-logement\/logement-service-urgence\/abri-jeunes-femmes\/\">Abri pour jeunes femmes Evelyn Horne,<\/a> 613-789-8220<\/p>\n<p><a href=\"\/fr\/services\/services-communautaires-logement\/logement-service-urgence\/abri-jeunes-hommes\/\">Abri pour jeunes hommes,<\/a> 613-907-8975<\/p>\n<p><a href=\"\/fr\/services\/services-communautaires-logement\/logement-service-urgence\/programme-logement-transition-jeunes-femmes\/\">Programme de logement de transition pour jeunes femmes,<\/a> 613-789-8220<\/p>\n<p><a href=\"\/fr\/services\/services-communautaires-logement\/logement-service-urgence\/programme-logement-transition-jeunes-hommes\/\">Programme de logement de transition pour jeunes hommes,<\/a> 613-907-8975<\/p>\n<p><a href=\"\/fr\/services\/services-communautaires-logement\/logement-service-urgence\/logement-long-terme\/\">Programme de logement \u00e0 long terme<\/a>, 613-241-7788[\/vc_column_text][\/vc_column][\/vc_row][vc_row][vc_column][mk_padding_divider size=\u00a0\u00bb24&Prime;][\/vc_column][\/vc_row]\n<\/div>","protected":false},"excerpt":{"rendered":"<p>[vc_row fullwidth=\u00a0\u00bbtrue\u00a0\u00bb][vc_column][\/vc_column][\/vc_row][vc_row][vc_column][vc_column_text css=\u00a0\u00bb.vc_custom_1663255898242{margin-bottom: 0px !important;padding-top: 80px !important;}\u00a0\u00bb]Le logement au Bureau des services \u00e0 la jeunesse est beaucoup plus qu\u2019un simple endroit o\u00f9 vivre. Nous offrons de multiples services et programme de logement pour r\u00e9pondre aux besoins des jeunes qui se trouvent dans diverses situations de vie. Nous cherchons \u00e0 rencontrer les jeunes o\u00f9 qu\u2019ils se [&hellip;]<\/p>\n","protected":false},"author":1,"featured_media":0,"parent":1727,"menu_order":195,"comment_status":"closed","ping_status":"closed","template":"","meta":{"rs_blank_template":"","rs_page_bg_color":"#ffffff","slide_template_v7":"","footnotes":""},"class_list":["post-1721","page","type-page","status-publish","hentry"],"yoast_head":"<!-- This site is optimized with the Yoast SEO plugin v27.4 - https:\/\/yoast.com\/product\/yoast-seo-wordpress\/ -->\n<title>Logement et service d&#039;urgence - Youth Services Jeunesse<\/title>\n<meta name=\"robots\" content=\"index, follow, max-snippet:-1, max-image-preview:large, max-video-preview:-1\" \/>\n<link rel=\"canonical\" href=\"https:\/\/www.ysb.ca\/fr\/services\/services-communautaires-logement\/logement-service-urgence\/\" \/>\n<meta property=\"og:locale\" content=\"fr_FR\" \/>\n<meta property=\"og:type\" content=\"article\" \/>\n<meta property=\"og:title\" content=\"Logement et service d&#039;urgence - Youth Services Jeunesse\" \/>\n<meta property=\"og:description\" content=\"[vc_row fullwidth=\u00a0\u00bbtrue\u00a0\u00bb][vc_column][\/vc_column][\/vc_row][vc_row][vc_column][vc_column_text css=\u00a0\u00bb.vc_custom_1663255898242{margin-bottom: 0px !important;padding-top: 80px !important;}\u00a0\u00bb]Le logement au Bureau des services \u00e0 la jeunesse est beaucoup plus qu\u2019un simple endroit o\u00f9 vivre. Nous offrons de multiples services et programme de logement pour r\u00e9pondre aux besoins des jeunes qui se trouvent dans diverses situations de vie. Nous cherchons \u00e0 rencontrer les jeunes o\u00f9 qu\u2019ils se [&hellip;]\" \/>\n<meta property=\"og:url\" content=\"https:\/\/www.ysb.ca\/fr\/services\/services-communautaires-logement\/logement-service-urgence\/\" \/>\n<meta property=\"og:site_name\" content=\"Youth Services Jeunesse\" \/>\n<meta property=\"article:modified_time\" content=\"2022-09-15T15:31:42+00:00\" \/>\n<meta name=\"twitter:card\" content=\"summary_large_image\" \/>\n<meta name=\"twitter:label1\" content=\"Dur\u00e9e de lecture estim\u00e9e\" \/>\n\t<meta name=\"twitter:data1\" content=\"2 minutes\" \/>\n<script type=\"application\/ld+json\" class=\"yoast-schema-graph\">{\"@context\":\"https:\\\/\\\/schema.org\",\"@graph\":[{\"@type\":\"WebPage\",\"@id\":\"https:\\\/\\\/www.ysb.ca\\\/fr\\\/services\\\/services-communautaires-logement\\\/logement-service-urgence\\\/\",\"url\":\"https:\\\/\\\/www.ysb.ca\\\/fr\\\/services\\\/services-communautaires-logement\\\/logement-service-urgence\\\/\",\"name\":\"Logement et service d'urgence - Youth Services Jeunesse\",\"isPartOf\":{\"@id\":\"https:\\\/\\\/www.ysb.ca\\\/fr\\\/#website\"},\"datePublished\":\"2017-09-29T15:06:50+00:00\",\"dateModified\":\"2022-09-15T15:31:42+00:00\",\"breadcrumb\":{\"@id\":\"https:\\\/\\\/www.ysb.ca\\\/fr\\\/services\\\/services-communautaires-logement\\\/logement-service-urgence\\\/#breadcrumb\"},\"inLanguage\":\"fr-FR\",\"potentialAction\":[{\"@type\":\"ReadAction\",\"target\":[\"https:\\\/\\\/www.ysb.ca\\\/fr\\\/services\\\/services-communautaires-logement\\\/logement-service-urgence\\\/\"]}]},{\"@type\":\"BreadcrumbList\",\"@id\":\"https:\\\/\\\/www.ysb.ca\\\/fr\\\/services\\\/services-communautaires-logement\\\/logement-service-urgence\\\/#breadcrumb\",\"itemListElement\":[{\"@type\":\"ListItem\",\"position\":1,\"name\":\"Home\",\"item\":\"https:\\\/\\\/www.ysb.ca\\\/fr\\\/\"},{\"@type\":\"ListItem\",\"position\":2,\"name\":\"Services\",\"item\":\"https:\\\/\\\/www.ysb.ca\\\/fr\\\/services\\\/\"},{\"@type\":\"ListItem\",\"position\":3,\"name\":\"Services communautaires et de logement\",\"item\":\"https:\\\/\\\/www.ysb.ca\\\/fr\\\/services\\\/services-communautaires-logement\\\/\"},{\"@type\":\"ListItem\",\"position\":4,\"name\":\"Logement et service d&#8217;urgence\"}]},{\"@type\":\"WebSite\",\"@id\":\"https:\\\/\\\/www.ysb.ca\\\/fr\\\/#website\",\"url\":\"https:\\\/\\\/www.ysb.ca\\\/fr\\\/\",\"name\":\"Youth Services Jeunesse\",\"description\":\"Ottawa Youth Services Jeunesse\",\"publisher\":{\"@id\":\"https:\\\/\\\/www.ysb.ca\\\/fr\\\/#organization\"},\"potentialAction\":[{\"@type\":\"SearchAction\",\"target\":{\"@type\":\"EntryPoint\",\"urlTemplate\":\"https:\\\/\\\/www.ysb.ca\\\/fr\\\/?s={search_term_string}\"},\"query-input\":{\"@type\":\"PropertyValueSpecification\",\"valueRequired\":true,\"valueName\":\"search_term_string\"}}],\"inLanguage\":\"fr-FR\"},{\"@type\":\"Organization\",\"@id\":\"https:\\\/\\\/www.ysb.ca\\\/fr\\\/#organization\",\"name\":\"Youth Services Jeunesse\",\"url\":\"https:\\\/\\\/www.ysb.ca\\\/fr\\\/\",\"logo\":{\"@type\":\"ImageObject\",\"inLanguage\":\"fr-FR\",\"@id\":\"https:\\\/\\\/www.ysb.ca\\\/fr\\\/#\\\/schema\\\/logo\\\/image\\\/\",\"url\":\"https:\\\/\\\/www.ysb.ca\\\/wp-content\\\/uploads\\\/2020\\\/09\\\/ysb-logo.png\",\"contentUrl\":\"https:\\\/\\\/www.ysb.ca\\\/wp-content\\\/uploads\\\/2020\\\/09\\\/ysb-logo.png\",\"width\":238,\"height\":94,\"caption\":\"Youth Services Jeunesse\"},\"image\":{\"@id\":\"https:\\\/\\\/www.ysb.ca\\\/fr\\\/#\\\/schema\\\/logo\\\/image\\\/\"},\"sameAs\":[\"https:\\\/\\\/www.instagram.com\\\/ysb.bsj\\\/\",\"https:\\\/\\\/www.youtube.com\\\/user\\\/YSBOttawa\"]}]}<\/script>\n<!-- \/ Yoast SEO plugin. -->","yoast_head_json":{"title":"Logement et service d'urgence - Youth Services Jeunesse","robots":{"index":"index","follow":"follow","max-snippet":"max-snippet:-1","max-image-preview":"max-image-preview:large","max-video-preview":"max-video-preview:-1"},"canonical":"https:\/\/www.ysb.ca\/fr\/services\/services-communautaires-logement\/logement-service-urgence\/","og_locale":"fr_FR","og_type":"article","og_title":"Logement et service d'urgence - Youth Services Jeunesse","og_description":"[vc_row fullwidth=\u00a0\u00bbtrue\u00a0\u00bb][vc_column][\/vc_column][\/vc_row][vc_row][vc_column][vc_column_text css=\u00a0\u00bb.vc_custom_1663255898242{margin-bottom: 0px !important;padding-top: 80px !important;}\u00a0\u00bb]Le logement au Bureau des services \u00e0 la jeunesse est beaucoup plus qu\u2019un simple endroit o\u00f9 vivre. Nous offrons de multiples services et programme de logement pour r\u00e9pondre aux besoins des jeunes qui se trouvent dans diverses situations de vie. Nous cherchons \u00e0 rencontrer les jeunes o\u00f9 qu\u2019ils se [&hellip;]","og_url":"https:\/\/www.ysb.ca\/fr\/services\/services-communautaires-logement\/logement-service-urgence\/","og_site_name":"Youth Services Jeunesse","article_modified_time":"2022-09-15T15:31:42+00:00","twitter_card":"summary_large_image","twitter_misc":{"Dur\u00e9e de lecture estim\u00e9e":"2 minutes"},"schema":{"@context":"https:\/\/schema.org","@graph":[{"@type":"WebPage","@id":"https:\/\/www.ysb.ca\/fr\/services\/services-communautaires-logement\/logement-service-urgence\/","url":"https:\/\/www.ysb.ca\/fr\/services\/services-communautaires-logement\/logement-service-urgence\/","name":"Logement et service d'urgence - Youth Services Jeunesse","isPartOf":{"@id":"https:\/\/www.ysb.ca\/fr\/#website"},"datePublished":"2017-09-29T15:06:50+00:00","dateModified":"2022-09-15T15:31:42+00:00","breadcrumb":{"@id":"https:\/\/www.ysb.ca\/fr\/services\/services-communautaires-logement\/logement-service-urgence\/#breadcrumb"},"inLanguage":"fr-FR","potentialAction":[{"@type":"ReadAction","target":["https:\/\/www.ysb.ca\/fr\/services\/services-communautaires-logement\/logement-service-urgence\/"]}]},{"@type":"BreadcrumbList","@id":"https:\/\/www.ysb.ca\/fr\/services\/services-communautaires-logement\/logement-service-urgence\/#breadcrumb","itemListElement":[{"@type":"ListItem","position":1,"name":"Home","item":"https:\/\/www.ysb.ca\/fr\/"},{"@type":"ListItem","position":2,"name":"Services","item":"https:\/\/www.ysb.ca\/fr\/services\/"},{"@type":"ListItem","position":3,"name":"Services communautaires et de logement","item":"https:\/\/www.ysb.ca\/fr\/services\/services-communautaires-logement\/"},{"@type":"ListItem","position":4,"name":"Logement et service d&#8217;urgence"}]},{"@type":"WebSite","@id":"https:\/\/www.ysb.ca\/fr\/#website","url":"https:\/\/www.ysb.ca\/fr\/","name":"Youth Services Jeunesse","description":"Ottawa Youth Services Jeunesse","publisher":{"@id":"https:\/\/www.ysb.ca\/fr\/#organization"},"potentialAction":[{"@type":"SearchAction","target":{"@type":"EntryPoint","urlTemplate":"https:\/\/www.ysb.ca\/fr\/?s={search_term_string}"},"query-input":{"@type":"PropertyValueSpecification","valueRequired":true,"valueName":"search_term_string"}}],"inLanguage":"fr-FR"},{"@type":"Organization","@id":"https:\/\/www.ysb.ca\/fr\/#organization","name":"Youth Services Jeunesse","url":"https:\/\/www.ysb.ca\/fr\/","logo":{"@type":"ImageObject","inLanguage":"fr-FR","@id":"https:\/\/www.ysb.ca\/fr\/#\/schema\/logo\/image\/","url":"https:\/\/www.ysb.ca\/wp-content\/uploads\/2020\/09\/ysb-logo.png","contentUrl":"https:\/\/www.ysb.ca\/wp-content\/uploads\/2020\/09\/ysb-logo.png","width":238,"height":94,"caption":"Youth Services Jeunesse"},"image":{"@id":"https:\/\/www.ysb.ca\/fr\/#\/schema\/logo\/image\/"},"sameAs":["https:\/\/www.instagram.com\/ysb.bsj\/","https:\/\/www.youtube.com\/user\/YSBOttawa"]}]}},"_links":{"self":[{"href":"https:\/\/www.ysb.ca\/fr\/wp-json\/wp\/v2\/pages\/1721","targetHints":{"allow":["GET"]}}],"collection":[{"href":"https:\/\/www.ysb.ca\/fr\/wp-json\/wp\/v2\/pages"}],"about":[{"href":"https:\/\/www.ysb.ca\/fr\/wp-json\/wp\/v2\/types\/page"}],"author":[{"embeddable":true,"href":"https:\/\/www.ysb.ca\/fr\/wp-json\/wp\/v2\/users\/1"}],"replies":[{"embeddable":true,"href":"https:\/\/www.ysb.ca\/fr\/wp-json\/wp\/v2\/comments?post=1721"}],"version-history":[{"count":5,"href":"https:\/\/www.ysb.ca\/fr\/wp-json\/wp\/v2\/pages\/1721\/revisions"}],"predecessor-version":[{"id":4626,"href":"https:\/\/www.ysb.ca\/fr\/wp-json\/wp\/v2\/pages\/1721\/revisions\/4626"}],"up":[{"embeddable":true,"href":"https:\/\/www.ysb.ca\/fr\/wp-json\/wp\/v2\/pages\/1727"}],"wp:attachment":[{"href":"https:\/\/www.ysb.ca\/fr\/wp-json\/wp\/v2\/media?parent=1721"}],"curies":[{"name":"wp","href":"https:\/\/api.w.org\/{rel}","templated":true}]}}