
{"id":1718,"date":"2017-09-29T11:13:46","date_gmt":"2017-09-29T15:13:46","guid":{"rendered":"http:\/\/www.ysb.ca\/livius-sherwood-detention-and-custody-centre\/"},"modified":"2025-07-31T15:28:17","modified_gmt":"2025-07-31T19:28:17","slug":"centre-des-jeunes-sherwood","status":"publish","type":"page","link":"https:\/\/www.ysb.ca\/fr\/services\/justice\/centre-des-jeunes-sherwood\/","title":{"rendered":"Centre des jeunes Sherwood"},"content":{"rendered":"<div class=\"wpb-content-wrapper\">[vc_row fullwidth=\u00a0\u00bbtrue\u00a0\u00bb][vc_column]\n        <div class=\"ysb-banner-wrapper\" style=\"background-image: url(https:\/\/www.ysb.ca\/wp-content\/uploads\/2017\/09\/youthjustice.jpg);\">\n         \n            <div class=\"ysb-title-wrapper mk-animate-element bottom-to-top mk-in-viewport\" style=\"background-image: url();\">\n\t\t\t\t<h1 class=\"ysb-banner-title\">Centre des jeunes Sherwood<\/h1>\n\t\t\t\t\n\t\t\t<\/div>\n         \n        <\/div>[\/vc_column][\/vc_row][vc_row css=\u00a0\u00bb.vc_custom_1507655013912{padding-top: 80px !important;}\u00a0\u00bb][vc_column][vc_column_text css=\u00a0\u00bb.vc_custom_1633024881533{margin-bottom: 0px !important;}\u00a0\u00bb]Pour de nombreux jeunes \u00e0 risque, le fait de faire face \u00e0 une accusation et \u00e0 un syst\u00e8me juridique qui leur est inconnu est un point d\u00e9terminant qui peut soit les mener vers de plus grands risques, soit se pr\u00e9senter comme une occasion de faire des changements positifs. Le BSJ appuie les jeunes (\u00e2g\u00e9s de 12 \u00e0 17 ans) qui se trouvent dans le syst\u00e8me juridique. En partenariat avec plusieurs partenaires communautaires, nous offrons des programmes innovateurs et du counseling qui favorisent les changements de comportement positifs.<\/p>\n<p>Tout comme le Centre William E. Hay, le Centre des jeunes Sherwood dessert les jeunes qui sont en d\u00e9tention avant et apr\u00e8s leur proc\u00e8s. Ce centre de 7 lits, toutefois, dessert les jeunes qui sont sous garde ouverte, plut\u00f4t que sous garde ferm\u00e9e.<\/p>\n<p>Le Centre Sherwood offre \u00e9galement une s\u00e9rie de choix en mati\u00e8re d&rsquo;\u00e9ducation et de formation sur les aptitudes \u00e0 la vie quotidienne qui donnent aux jeunes les connaissances et les aptitudes pratiques dont ils ont besoin dans la vie de tous les jours. Outre le programme obligatoire de l&rsquo;\u00e9cole McHugh (Section 23), le Centre offre les programmes suivants d&rsquo;aptitudes \u00e0 la vie quotidienne :<\/p>\n<ul>\n<li>Programme d&rsquo;aptitudes sociales et d&rsquo;art;<\/li>\n<li>Programme de la foi;<\/li>\n<li>Gestion de la col\u00e8re;<\/li>\n<li>Autochangement cognitif;<\/li>\n<li>Programme d&rsquo;aptitudes \u00e0 la vie quotidienne fond\u00e9 sur les capacit\u00e9s cognitives.<\/li>\n<\/ul>\n<p>Ensemble, ces programmes d&rsquo;\u00e9ducation et de formation aident \u00e0 donner aux jeunes hommes dans le syst\u00e8me juridique l&rsquo;encouragement dont ils ont besoin pour remettre leur vie dans le droit chemin.[\/vc_column_text][\/vc_column][\/vc_row][vc_row][vc_column][mk_padding_divider size=\u00a0\u00bb24&Prime;][\/vc_column][\/vc_row][vc_row css=\u00a0\u00bb.vc_custom_1507655086564{padding-bottom: 60px !important;}\u00a0\u00bb][vc_column][vc_column_text css=\u00a0\u00bb.vc_custom_1742308260487{margin-bottom: 0px !important;}\u00a0\u00bb]\n<h2>Comment acc\u00e9der au programme<\/h2>\n<p>Ce programme est offert aux jeunes hommes dans le syst\u00e8me juridique, sur envoi en consultation seulement. Les repr\u00e9sentants des cours, des services de probation ou d&rsquo;autres organismes de justice pour les jeunes peuvent acheminer leurs questions \u00e0 la personne responsable du programme, aux coordonn\u00e9es indiqu\u00e9es ci-dessous.<\/p>\n<p><span data-olk-copy-source=\"MessageBody\">343-771-2040<\/span><br \/>\n<a href=\"mailto:sherwood@ysb.on.ca\">sherwood@ysb.ca<\/a>[\/vc_column_text][\/vc_column][\/vc_row]\n<\/div>","protected":false},"excerpt":{"rendered":"<p>[vc_row fullwidth=\u00a0\u00bbtrue\u00a0\u00bb][vc_column][\/vc_column][\/vc_row][vc_row css=\u00a0\u00bb.vc_custom_1507655013912{padding-top: 80px !important;}\u00a0\u00bb][vc_column][vc_column_text css=\u00a0\u00bb.vc_custom_1633024881533{margin-bottom: 0px !important;}\u00a0\u00bb]Pour de nombreux jeunes \u00e0 risque, le fait de faire face \u00e0 une accusation et \u00e0 un syst\u00e8me juridique qui leur est inconnu est un point d\u00e9terminant qui peut soit les mener vers de plus grands risques, soit se pr\u00e9senter comme une occasion de faire des changements positifs. [&hellip;]<\/p>\n","protected":false},"author":1,"featured_media":0,"parent":1720,"menu_order":190,"comment_status":"closed","ping_status":"closed","template":"","meta":{"rs_blank_template":"","rs_page_bg_color":"","slide_template_v7":"","footnotes":""},"class_list":["post-1718","page","type-page","status-publish","hentry"],"yoast_head":"<!-- This site is optimized with the Yoast SEO plugin v27.5 - https:\/\/yoast.com\/product\/yoast-seo-wordpress\/ -->\n<title>Centre des jeunes Sherwood - Youth Services Jeunesse<\/title>\n<meta name=\"robots\" content=\"index, follow, max-snippet:-1, max-image-preview:large, max-video-preview:-1\" \/>\n<link rel=\"canonical\" href=\"https:\/\/www.ysb.ca\/fr\/services\/justice\/centre-des-jeunes-sherwood\/\" \/>\n<meta property=\"og:locale\" content=\"fr_FR\" \/>\n<meta property=\"og:type\" content=\"article\" \/>\n<meta property=\"og:title\" content=\"Centre des jeunes Sherwood - Youth Services Jeunesse\" \/>\n<meta property=\"og:description\" content=\"[vc_row fullwidth=\u00a0\u00bbtrue\u00a0\u00bb][vc_column][\/vc_column][\/vc_row][vc_row css=\u00a0\u00bb.vc_custom_1507655013912{padding-top: 80px !important;}\u00a0\u00bb][vc_column][vc_column_text css=\u00a0\u00bb.vc_custom_1633024881533{margin-bottom: 0px !important;}\u00a0\u00bb]Pour de nombreux jeunes \u00e0 risque, le fait de faire face \u00e0 une accusation et \u00e0 un syst\u00e8me juridique qui leur est inconnu est un point d\u00e9terminant qui peut soit les mener vers de plus grands risques, soit se pr\u00e9senter comme une occasion de faire des changements positifs. [&hellip;]\" \/>\n<meta property=\"og:url\" content=\"https:\/\/www.ysb.ca\/fr\/services\/justice\/centre-des-jeunes-sherwood\/\" \/>\n<meta property=\"og:site_name\" content=\"Youth Services Jeunesse\" \/>\n<meta property=\"article:modified_time\" content=\"2025-07-31T19:28:17+00:00\" \/>\n<meta name=\"twitter:card\" content=\"summary_large_image\" \/>\n<meta name=\"twitter:label1\" content=\"Dur\u00e9e de lecture estim\u00e9e\" \/>\n\t<meta name=\"twitter:data1\" content=\"2 minutes\" \/>\n<script type=\"application\/ld+json\" class=\"yoast-schema-graph\">{\"@context\":\"https:\\\/\\\/schema.org\",\"@graph\":[{\"@type\":\"WebPage\",\"@id\":\"https:\\\/\\\/www.ysb.ca\\\/fr\\\/services\\\/justice\\\/centre-des-jeunes-sherwood\\\/\",\"url\":\"https:\\\/\\\/www.ysb.ca\\\/fr\\\/services\\\/justice\\\/centre-des-jeunes-sherwood\\\/\",\"name\":\"Centre des jeunes Sherwood - Youth Services Jeunesse\",\"isPartOf\":{\"@id\":\"https:\\\/\\\/www.ysb.ca\\\/fr\\\/#website\"},\"datePublished\":\"2017-09-29T15:13:46+00:00\",\"dateModified\":\"2025-07-31T19:28:17+00:00\",\"breadcrumb\":{\"@id\":\"https:\\\/\\\/www.ysb.ca\\\/fr\\\/services\\\/justice\\\/centre-des-jeunes-sherwood\\\/#breadcrumb\"},\"inLanguage\":\"fr-FR\",\"potentialAction\":[{\"@type\":\"ReadAction\",\"target\":[\"https:\\\/\\\/www.ysb.ca\\\/fr\\\/services\\\/justice\\\/centre-des-jeunes-sherwood\\\/\"]}]},{\"@type\":\"BreadcrumbList\",\"@id\":\"https:\\\/\\\/www.ysb.ca\\\/fr\\\/services\\\/justice\\\/centre-des-jeunes-sherwood\\\/#breadcrumb\",\"itemListElement\":[{\"@type\":\"ListItem\",\"position\":1,\"name\":\"Home\",\"item\":\"https:\\\/\\\/www.ysb.ca\\\/fr\\\/\"},{\"@type\":\"ListItem\",\"position\":2,\"name\":\"Services\",\"item\":\"https:\\\/\\\/www.ysb.ca\\\/fr\\\/services\\\/\"},{\"@type\":\"ListItem\",\"position\":3,\"name\":\"Services de justice pour les jeunes\",\"item\":\"https:\\\/\\\/www.ysb.ca\\\/fr\\\/services\\\/justice\\\/\"},{\"@type\":\"ListItem\",\"position\":4,\"name\":\"Centre des jeunes Sherwood\"}]},{\"@type\":\"WebSite\",\"@id\":\"https:\\\/\\\/www.ysb.ca\\\/fr\\\/#website\",\"url\":\"https:\\\/\\\/www.ysb.ca\\\/fr\\\/\",\"name\":\"Youth Services Jeunesse\",\"description\":\"Ottawa Youth Services Jeunesse\",\"publisher\":{\"@id\":\"https:\\\/\\\/www.ysb.ca\\\/fr\\\/#organization\"},\"potentialAction\":[{\"@type\":\"SearchAction\",\"target\":{\"@type\":\"EntryPoint\",\"urlTemplate\":\"https:\\\/\\\/www.ysb.ca\\\/fr\\\/?s={search_term_string}\"},\"query-input\":{\"@type\":\"PropertyValueSpecification\",\"valueRequired\":true,\"valueName\":\"search_term_string\"}}],\"inLanguage\":\"fr-FR\"},{\"@type\":\"Organization\",\"@id\":\"https:\\\/\\\/www.ysb.ca\\\/fr\\\/#organization\",\"name\":\"Youth Services Jeunesse\",\"url\":\"https:\\\/\\\/www.ysb.ca\\\/fr\\\/\",\"logo\":{\"@type\":\"ImageObject\",\"inLanguage\":\"fr-FR\",\"@id\":\"https:\\\/\\\/www.ysb.ca\\\/fr\\\/#\\\/schema\\\/logo\\\/image\\\/\",\"url\":\"https:\\\/\\\/www.ysb.ca\\\/wp-content\\\/uploads\\\/2020\\\/09\\\/ysb-logo.png\",\"contentUrl\":\"https:\\\/\\\/www.ysb.ca\\\/wp-content\\\/uploads\\\/2020\\\/09\\\/ysb-logo.png\",\"width\":238,\"height\":94,\"caption\":\"Youth Services Jeunesse\"},\"image\":{\"@id\":\"https:\\\/\\\/www.ysb.ca\\\/fr\\\/#\\\/schema\\\/logo\\\/image\\\/\"},\"sameAs\":[\"https:\\\/\\\/www.instagram.com\\\/ysb.bsj\\\/\",\"https:\\\/\\\/www.youtube.com\\\/user\\\/YSBOttawa\"]}]}<\/script>\n<!-- \/ Yoast SEO plugin. -->","yoast_head_json":{"title":"Centre des jeunes Sherwood - Youth Services Jeunesse","robots":{"index":"index","follow":"follow","max-snippet":"max-snippet:-1","max-image-preview":"max-image-preview:large","max-video-preview":"max-video-preview:-1"},"canonical":"https:\/\/www.ysb.ca\/fr\/services\/justice\/centre-des-jeunes-sherwood\/","og_locale":"fr_FR","og_type":"article","og_title":"Centre des jeunes Sherwood - Youth Services Jeunesse","og_description":"[vc_row fullwidth=\u00a0\u00bbtrue\u00a0\u00bb][vc_column][\/vc_column][\/vc_row][vc_row css=\u00a0\u00bb.vc_custom_1507655013912{padding-top: 80px !important;}\u00a0\u00bb][vc_column][vc_column_text css=\u00a0\u00bb.vc_custom_1633024881533{margin-bottom: 0px !important;}\u00a0\u00bb]Pour de nombreux jeunes \u00e0 risque, le fait de faire face \u00e0 une accusation et \u00e0 un syst\u00e8me juridique qui leur est inconnu est un point d\u00e9terminant qui peut soit les mener vers de plus grands risques, soit se pr\u00e9senter comme une occasion de faire des changements positifs. [&hellip;]","og_url":"https:\/\/www.ysb.ca\/fr\/services\/justice\/centre-des-jeunes-sherwood\/","og_site_name":"Youth Services Jeunesse","article_modified_time":"2025-07-31T19:28:17+00:00","twitter_card":"summary_large_image","twitter_misc":{"Dur\u00e9e de lecture estim\u00e9e":"2 minutes"},"schema":{"@context":"https:\/\/schema.org","@graph":[{"@type":"WebPage","@id":"https:\/\/www.ysb.ca\/fr\/services\/justice\/centre-des-jeunes-sherwood\/","url":"https:\/\/www.ysb.ca\/fr\/services\/justice\/centre-des-jeunes-sherwood\/","name":"Centre des jeunes Sherwood - Youth Services Jeunesse","isPartOf":{"@id":"https:\/\/www.ysb.ca\/fr\/#website"},"datePublished":"2017-09-29T15:13:46+00:00","dateModified":"2025-07-31T19:28:17+00:00","breadcrumb":{"@id":"https:\/\/www.ysb.ca\/fr\/services\/justice\/centre-des-jeunes-sherwood\/#breadcrumb"},"inLanguage":"fr-FR","potentialAction":[{"@type":"ReadAction","target":["https:\/\/www.ysb.ca\/fr\/services\/justice\/centre-des-jeunes-sherwood\/"]}]},{"@type":"BreadcrumbList","@id":"https:\/\/www.ysb.ca\/fr\/services\/justice\/centre-des-jeunes-sherwood\/#breadcrumb","itemListElement":[{"@type":"ListItem","position":1,"name":"Home","item":"https:\/\/www.ysb.ca\/fr\/"},{"@type":"ListItem","position":2,"name":"Services","item":"https:\/\/www.ysb.ca\/fr\/services\/"},{"@type":"ListItem","position":3,"name":"Services de justice pour les jeunes","item":"https:\/\/www.ysb.ca\/fr\/services\/justice\/"},{"@type":"ListItem","position":4,"name":"Centre des jeunes Sherwood"}]},{"@type":"WebSite","@id":"https:\/\/www.ysb.ca\/fr\/#website","url":"https:\/\/www.ysb.ca\/fr\/","name":"Youth Services Jeunesse","description":"Ottawa Youth Services Jeunesse","publisher":{"@id":"https:\/\/www.ysb.ca\/fr\/#organization"},"potentialAction":[{"@type":"SearchAction","target":{"@type":"EntryPoint","urlTemplate":"https:\/\/www.ysb.ca\/fr\/?s={search_term_string}"},"query-input":{"@type":"PropertyValueSpecification","valueRequired":true,"valueName":"search_term_string"}}],"inLanguage":"fr-FR"},{"@type":"Organization","@id":"https:\/\/www.ysb.ca\/fr\/#organization","name":"Youth Services Jeunesse","url":"https:\/\/www.ysb.ca\/fr\/","logo":{"@type":"ImageObject","inLanguage":"fr-FR","@id":"https:\/\/www.ysb.ca\/fr\/#\/schema\/logo\/image\/","url":"https:\/\/www.ysb.ca\/wp-content\/uploads\/2020\/09\/ysb-logo.png","contentUrl":"https:\/\/www.ysb.ca\/wp-content\/uploads\/2020\/09\/ysb-logo.png","width":238,"height":94,"caption":"Youth Services Jeunesse"},"image":{"@id":"https:\/\/www.ysb.ca\/fr\/#\/schema\/logo\/image\/"},"sameAs":["https:\/\/www.instagram.com\/ysb.bsj\/","https:\/\/www.youtube.com\/user\/YSBOttawa"]}]}},"_links":{"self":[{"href":"https:\/\/www.ysb.ca\/fr\/wp-json\/wp\/v2\/pages\/1718","targetHints":{"allow":["GET"]}}],"collection":[{"href":"https:\/\/www.ysb.ca\/fr\/wp-json\/wp\/v2\/pages"}],"about":[{"href":"https:\/\/www.ysb.ca\/fr\/wp-json\/wp\/v2\/types\/page"}],"author":[{"embeddable":true,"href":"https:\/\/www.ysb.ca\/fr\/wp-json\/wp\/v2\/users\/1"}],"replies":[{"embeddable":true,"href":"https:\/\/www.ysb.ca\/fr\/wp-json\/wp\/v2\/comments?post=1718"}],"version-history":[{"count":5,"href":"https:\/\/www.ysb.ca\/fr\/wp-json\/wp\/v2\/pages\/1718\/revisions"}],"predecessor-version":[{"id":12233,"href":"https:\/\/www.ysb.ca\/fr\/wp-json\/wp\/v2\/pages\/1718\/revisions\/12233"}],"up":[{"embeddable":true,"href":"https:\/\/www.ysb.ca\/fr\/wp-json\/wp\/v2\/pages\/1720"}],"wp:attachment":[{"href":"https:\/\/www.ysb.ca\/fr\/wp-json\/wp\/v2\/media?parent=1718"}],"curies":[{"name":"wp","href":"https:\/\/api.w.org\/{rel}","templated":true}]}}