
{"id":1715,"date":"2017-09-29T11:22:27","date_gmt":"2017-09-29T15:22:27","guid":{"rendered":"http:\/\/www.ysb.ca\/transitional-housing-programs-for-young-women\/"},"modified":"2018-02-23T17:00:22","modified_gmt":"2018-02-23T22:00:22","slug":"programme-logement-transition-jeunes-femmes","status":"publish","type":"page","link":"https:\/\/www.ysb.ca\/fr\/services\/services-communautaires-logement\/logement-service-urgence\/programme-logement-transition-jeunes-femmes\/","title":{"rendered":"Programme de logement de transition pour jeunes femmes"},"content":{"rendered":"<div class=\"wpb-content-wrapper\">[vc_row fullwidth=\u00a0\u00bbtrue\u00a0\u00bb][vc_column]\n        <div class=\"ysb-banner-wrapper\" style=\"background-image: url(https:\/\/www.ysb.ca\/wp-content\/uploads\/2017\/11\/ysb-housing-shelter.jpg);\">\n         \n            <div class=\"ysb-title-wrapper mk-animate-element bottom-to-top mk-in-viewport\" style=\"background-image: url();\">\n\t\t\t\t<h1 class=\"ysb-banner-title\">Programme de logement de transition pour jeunes femmes<\/h1>\n\t\t\t\t\n\t\t\t<\/div>\n         \n        <\/div>[\/vc_column][\/vc_row][vc_row css=\u00a0\u00bb.vc_custom_1507648219554{padding-top: 80px !important;}\u00a0\u00bb][vc_column][vc_column_text css=\u00a0\u00bb.vc_custom_1516904328640{margin-bottom: 0px !important;}\u00a0\u00bb]Le Programme de logement de transition offre aux jeunes qui s\u2019identifient comme femmes ou queer*, \u00e2g\u00e9s de 16 \u00e0 20 ans, des appartements avec services de soutien, mi-autonomes, abordables et partiellement meubl\u00e9s pour une p\u00e9riode maximale de un an. Un personnel est disponible jour ou nuit pour offrir du soutien au moyen de la planification des buts, le counseling en cas de crise, les aptitudes \u00e0 la vie quotidienne, les envois en consultation et les liens avec les ressources communautaires.<\/p>\n<p>Le jeune que nous ciblons est un jeune qui :<\/p>\n<ul>\n<li>n\u2019a pas de logement stable et n\u2019a pas d\u2019autres options pour obtenir un logement s\u00e9curitaire (p. ex., sans abri, surf de divan, situation dangereuse \u00e0 la maison);<\/li>\n<li>fait actuellement face \u00e0 de multiples obstacles pour acc\u00e9der \u00e0 d\u2019autres formes de logement;<\/li>\n<li>est dans une situation \u00e0 faible revenu;<\/li>\n<li>a des aptitudes de base \u00e0 la vie quotidienne et certaines capacit\u00e9s pour vivre de fa\u00e7on quasi-autonome, mais qui a besoin d\u2019un soutien suppl\u00e9mentaire pour faire la transition vers l\u2019autonomie compl\u00e8te.<\/li>\n<\/ul>\n<p>D\u00e8s son inscription au programme, le jeune cernera ses besoins et travaillera en collaboration avec le personnel pour \u00e9laborer un plan communautaire d\u00e9crivant ses buts. Le personnel l\u2019aidera \u00e0 trouver les services requis pour atteindre l\u2019autonomie. Le plan communautaire est r\u00e9vis\u00e9 et mis \u00e0 jour r\u00e9guli\u00e8rement en compagnie du jeune.\u00a0Le r\u00f4le du personnel est \u00e9galement d\u2019agir comme conseiller, motivateur et \u00e9ducateur qui ne porte pas de jugement au sujet des choix. Des r\u00e9unions de groupe et des ateliers sur les aptitudes \u00e0 la vie quotidienne sont offerts r\u00e9guli\u00e8rement, ainsi que l\u2019occasion de participer \u00e0 l\u2019engagement des jeunes pour l\u2019encourager \u00e0 contribuer ses id\u00e9es et sa propre r\u00e9troaction.<\/p>\n<p><a href=\"https:\/\/www.ysb.ca\/fr\/services\/services-communautaires-logement\/logement-service-urgence\/demande-programme-logement\/\"><strong>Cliquez ici pour faire une demande.<\/strong><\/a>[\/vc_column_text][\/vc_column][\/vc_row][vc_row][vc_column][mk_padding_divider size=\u00a0\u00bb24&Prime;][\/vc_column][\/vc_row][vc_row][vc_column][vc_column_text css=\u00a0\u00bb.vc_custom_1516904359598{margin-bottom: 0px !important;}\u00a0\u00bb]\n<h2>Comment obtenir de plus amples renseignements<\/h2>\n<p><strong>En-ligne<\/strong><br \/>\nCliquez <a href=\"https:\/\/www.ysb.ca\/fr\/services\/services-communautaires-logement\/logement-service-urgence\/demande-programme-logement\/\">ICI <\/a>pour connaitre le processus d&rsquo;application.<\/p>\n<p><strong>En personne<\/strong><br \/>\nLes jeunes \u00e2g\u00e9s de 16 \u00e0 20 ans qui n\u00e9cessitent du soutien pour vivre de fa\u00e7on autonome peuvent obtenir de plus amples renseignements au sujet du programme et de la fa\u00e7on de faire demande en communiquant avec le personnel ou le coordonnateur du programme au num\u00e9ro de t\u00e9l\u00e9phone ci-bas. Vous pouvez \u00e9galement obtenir une demandes aupr\u00e8s de la <a href=\"https:\/\/www.ysb.ca\/fr\/services\/services-communautaires-logement\/centre-ville-halte-accueil\/\">Halte-accueil et des services du centre-ville<\/a>.<\/p>\n<p><strong>Par t\u00e9l\u00e9phone<\/strong><strong><br \/>\n<\/strong>613 789-8220[\/vc_column_text][\/vc_column][\/vc_row][vc_row][vc_column][mk_padding_divider size=\u00a0\u00bb24&Prime;][\/vc_column][\/vc_row][vc_row css=\u00a0\u00bb.vc_custom_1507648550937{padding-bottom: 60px !important;}\u00a0\u00bb][vc_column][vc_column_text css=\u00a0\u00bb.vc_custom_1516825002411{margin-bottom: 0px !important;}\u00a0\u00bb]\n<h2>Visite virtuelle<\/h2>\n<p>*<em>Nos services affirment et appuient les jeunes qui s\u2019identifient dans le continuum des genres, et nous nous engageons \u00e0 offrir aux jeunes un logement avec services de soutien qui est ouvert \u00e0 cette diversit\u00e9 d\u2019exp\u00e9riences et d\u2019identit\u00e9s.<\/em>[\/vc_column_text][vc_video max_width=\u00a0\u00bb700&Prime; link=\u00a0\u00bbhttps:\/\/www.youtube.com\/watch?v=OID9_xL9Jfs\u00a0\u00bb][\/vc_column][\/vc_row]\n<\/div>","protected":false},"excerpt":{"rendered":"<p>[vc_row fullwidth=\u00a0\u00bbtrue\u00a0\u00bb][vc_column][\/vc_column][\/vc_row][vc_row css=\u00a0\u00bb.vc_custom_1507648219554{padding-top: 80px !important;}\u00a0\u00bb][vc_column][vc_column_text css=\u00a0\u00bb.vc_custom_1516904328640{margin-bottom: 0px !important;}\u00a0\u00bb]Le Programme de logement de transition offre aux jeunes qui s\u2019identifient comme femmes ou queer*, \u00e2g\u00e9s de 16 \u00e0 20 ans, des appartements avec services de soutien, mi-autonomes, abordables et partiellement meubl\u00e9s pour une p\u00e9riode maximale de un an. Un personnel est disponible jour ou nuit pour offrir [&hellip;]<\/p>\n","protected":false},"author":1,"featured_media":0,"parent":1721,"menu_order":183,"comment_status":"closed","ping_status":"closed","template":"","meta":{"rs_blank_template":"","rs_page_bg_color":"","slide_template_v7":"","footnotes":""},"class_list":["post-1715","page","type-page","status-publish","hentry"],"yoast_head":"<!-- This site is optimized with the Yoast SEO plugin v27.5 - https:\/\/yoast.com\/product\/yoast-seo-wordpress\/ -->\n<title>Programme de logement de transition pour jeunes femmes - Youth Services Jeunesse<\/title>\n<meta name=\"robots\" content=\"index, follow, max-snippet:-1, max-image-preview:large, max-video-preview:-1\" \/>\n<link rel=\"canonical\" href=\"https:\/\/www.ysb.ca\/fr\/services\/services-communautaires-logement\/logement-service-urgence\/programme-logement-transition-jeunes-femmes\/\" \/>\n<meta property=\"og:locale\" content=\"fr_FR\" \/>\n<meta property=\"og:type\" content=\"article\" \/>\n<meta property=\"og:title\" content=\"Programme de logement de transition pour jeunes femmes - Youth Services Jeunesse\" \/>\n<meta property=\"og:description\" content=\"[vc_row fullwidth=\u00a0\u00bbtrue\u00a0\u00bb][vc_column][\/vc_column][\/vc_row][vc_row css=\u00a0\u00bb.vc_custom_1507648219554{padding-top: 80px !important;}\u00a0\u00bb][vc_column][vc_column_text css=\u00a0\u00bb.vc_custom_1516904328640{margin-bottom: 0px !important;}\u00a0\u00bb]Le Programme de logement de transition offre aux jeunes qui s\u2019identifient comme femmes ou queer*, \u00e2g\u00e9s de 16 \u00e0 20 ans, des appartements avec services de soutien, mi-autonomes, abordables et partiellement meubl\u00e9s pour une p\u00e9riode maximale de un an. Un personnel est disponible jour ou nuit pour offrir [&hellip;]\" \/>\n<meta property=\"og:url\" content=\"https:\/\/www.ysb.ca\/fr\/services\/services-communautaires-logement\/logement-service-urgence\/programme-logement-transition-jeunes-femmes\/\" \/>\n<meta property=\"og:site_name\" content=\"Youth Services Jeunesse\" \/>\n<meta property=\"article:modified_time\" content=\"2018-02-23T22:00:22+00:00\" \/>\n<meta name=\"twitter:card\" content=\"summary_large_image\" \/>\n<meta name=\"twitter:label1\" content=\"Dur\u00e9e de lecture estim\u00e9e\" \/>\n\t<meta name=\"twitter:data1\" content=\"3 minutes\" \/>\n<script type=\"application\/ld+json\" class=\"yoast-schema-graph\">{\"@context\":\"https:\\\/\\\/schema.org\",\"@graph\":[{\"@type\":\"WebPage\",\"@id\":\"https:\\\/\\\/www.ysb.ca\\\/fr\\\/services\\\/services-communautaires-logement\\\/logement-service-urgence\\\/programme-logement-transition-jeunes-femmes\\\/\",\"url\":\"https:\\\/\\\/www.ysb.ca\\\/fr\\\/services\\\/services-communautaires-logement\\\/logement-service-urgence\\\/programme-logement-transition-jeunes-femmes\\\/\",\"name\":\"Programme de logement de transition pour jeunes femmes - Youth Services Jeunesse\",\"isPartOf\":{\"@id\":\"https:\\\/\\\/www.ysb.ca\\\/fr\\\/#website\"},\"datePublished\":\"2017-09-29T15:22:27+00:00\",\"dateModified\":\"2018-02-23T22:00:22+00:00\",\"breadcrumb\":{\"@id\":\"https:\\\/\\\/www.ysb.ca\\\/fr\\\/services\\\/services-communautaires-logement\\\/logement-service-urgence\\\/programme-logement-transition-jeunes-femmes\\\/#breadcrumb\"},\"inLanguage\":\"fr-FR\",\"potentialAction\":[{\"@type\":\"ReadAction\",\"target\":[\"https:\\\/\\\/www.ysb.ca\\\/fr\\\/services\\\/services-communautaires-logement\\\/logement-service-urgence\\\/programme-logement-transition-jeunes-femmes\\\/\"]}]},{\"@type\":\"BreadcrumbList\",\"@id\":\"https:\\\/\\\/www.ysb.ca\\\/fr\\\/services\\\/services-communautaires-logement\\\/logement-service-urgence\\\/programme-logement-transition-jeunes-femmes\\\/#breadcrumb\",\"itemListElement\":[{\"@type\":\"ListItem\",\"position\":1,\"name\":\"Home\",\"item\":\"https:\\\/\\\/www.ysb.ca\\\/fr\\\/\"},{\"@type\":\"ListItem\",\"position\":2,\"name\":\"Services\",\"item\":\"https:\\\/\\\/www.ysb.ca\\\/fr\\\/services\\\/\"},{\"@type\":\"ListItem\",\"position\":3,\"name\":\"Services communautaires et de logement\",\"item\":\"https:\\\/\\\/www.ysb.ca\\\/fr\\\/services\\\/services-communautaires-logement\\\/\"},{\"@type\":\"ListItem\",\"position\":4,\"name\":\"Logement et service d&#8217;urgence\",\"item\":\"https:\\\/\\\/www.ysb.ca\\\/fr\\\/services\\\/services-communautaires-logement\\\/logement-service-urgence\\\/\"},{\"@type\":\"ListItem\",\"position\":5,\"name\":\"Programme de logement de transition pour jeunes femmes\"}]},{\"@type\":\"WebSite\",\"@id\":\"https:\\\/\\\/www.ysb.ca\\\/fr\\\/#website\",\"url\":\"https:\\\/\\\/www.ysb.ca\\\/fr\\\/\",\"name\":\"Youth Services Jeunesse\",\"description\":\"Ottawa Youth Services Jeunesse\",\"publisher\":{\"@id\":\"https:\\\/\\\/www.ysb.ca\\\/fr\\\/#organization\"},\"potentialAction\":[{\"@type\":\"SearchAction\",\"target\":{\"@type\":\"EntryPoint\",\"urlTemplate\":\"https:\\\/\\\/www.ysb.ca\\\/fr\\\/?s={search_term_string}\"},\"query-input\":{\"@type\":\"PropertyValueSpecification\",\"valueRequired\":true,\"valueName\":\"search_term_string\"}}],\"inLanguage\":\"fr-FR\"},{\"@type\":\"Organization\",\"@id\":\"https:\\\/\\\/www.ysb.ca\\\/fr\\\/#organization\",\"name\":\"Youth Services Jeunesse\",\"url\":\"https:\\\/\\\/www.ysb.ca\\\/fr\\\/\",\"logo\":{\"@type\":\"ImageObject\",\"inLanguage\":\"fr-FR\",\"@id\":\"https:\\\/\\\/www.ysb.ca\\\/fr\\\/#\\\/schema\\\/logo\\\/image\\\/\",\"url\":\"https:\\\/\\\/www.ysb.ca\\\/wp-content\\\/uploads\\\/2020\\\/09\\\/ysb-logo.png\",\"contentUrl\":\"https:\\\/\\\/www.ysb.ca\\\/wp-content\\\/uploads\\\/2020\\\/09\\\/ysb-logo.png\",\"width\":238,\"height\":94,\"caption\":\"Youth Services Jeunesse\"},\"image\":{\"@id\":\"https:\\\/\\\/www.ysb.ca\\\/fr\\\/#\\\/schema\\\/logo\\\/image\\\/\"},\"sameAs\":[\"https:\\\/\\\/www.instagram.com\\\/ysb.bsj\\\/\",\"https:\\\/\\\/www.youtube.com\\\/user\\\/YSBOttawa\"]}]}<\/script>\n<!-- \/ Yoast SEO plugin. -->","yoast_head_json":{"title":"Programme de logement de transition pour jeunes femmes - Youth Services Jeunesse","robots":{"index":"index","follow":"follow","max-snippet":"max-snippet:-1","max-image-preview":"max-image-preview:large","max-video-preview":"max-video-preview:-1"},"canonical":"https:\/\/www.ysb.ca\/fr\/services\/services-communautaires-logement\/logement-service-urgence\/programme-logement-transition-jeunes-femmes\/","og_locale":"fr_FR","og_type":"article","og_title":"Programme de logement de transition pour jeunes femmes - Youth Services Jeunesse","og_description":"[vc_row fullwidth=\u00a0\u00bbtrue\u00a0\u00bb][vc_column][\/vc_column][\/vc_row][vc_row css=\u00a0\u00bb.vc_custom_1507648219554{padding-top: 80px !important;}\u00a0\u00bb][vc_column][vc_column_text css=\u00a0\u00bb.vc_custom_1516904328640{margin-bottom: 0px !important;}\u00a0\u00bb]Le Programme de logement de transition offre aux jeunes qui s\u2019identifient comme femmes ou queer*, \u00e2g\u00e9s de 16 \u00e0 20 ans, des appartements avec services de soutien, mi-autonomes, abordables et partiellement meubl\u00e9s pour une p\u00e9riode maximale de un an. Un personnel est disponible jour ou nuit pour offrir [&hellip;]","og_url":"https:\/\/www.ysb.ca\/fr\/services\/services-communautaires-logement\/logement-service-urgence\/programme-logement-transition-jeunes-femmes\/","og_site_name":"Youth Services Jeunesse","article_modified_time":"2018-02-23T22:00:22+00:00","twitter_card":"summary_large_image","twitter_misc":{"Dur\u00e9e de lecture estim\u00e9e":"3 minutes"},"schema":{"@context":"https:\/\/schema.org","@graph":[{"@type":"WebPage","@id":"https:\/\/www.ysb.ca\/fr\/services\/services-communautaires-logement\/logement-service-urgence\/programme-logement-transition-jeunes-femmes\/","url":"https:\/\/www.ysb.ca\/fr\/services\/services-communautaires-logement\/logement-service-urgence\/programme-logement-transition-jeunes-femmes\/","name":"Programme de logement de transition pour jeunes femmes - Youth Services Jeunesse","isPartOf":{"@id":"https:\/\/www.ysb.ca\/fr\/#website"},"datePublished":"2017-09-29T15:22:27+00:00","dateModified":"2018-02-23T22:00:22+00:00","breadcrumb":{"@id":"https:\/\/www.ysb.ca\/fr\/services\/services-communautaires-logement\/logement-service-urgence\/programme-logement-transition-jeunes-femmes\/#breadcrumb"},"inLanguage":"fr-FR","potentialAction":[{"@type":"ReadAction","target":["https:\/\/www.ysb.ca\/fr\/services\/services-communautaires-logement\/logement-service-urgence\/programme-logement-transition-jeunes-femmes\/"]}]},{"@type":"BreadcrumbList","@id":"https:\/\/www.ysb.ca\/fr\/services\/services-communautaires-logement\/logement-service-urgence\/programme-logement-transition-jeunes-femmes\/#breadcrumb","itemListElement":[{"@type":"ListItem","position":1,"name":"Home","item":"https:\/\/www.ysb.ca\/fr\/"},{"@type":"ListItem","position":2,"name":"Services","item":"https:\/\/www.ysb.ca\/fr\/services\/"},{"@type":"ListItem","position":3,"name":"Services communautaires et de logement","item":"https:\/\/www.ysb.ca\/fr\/services\/services-communautaires-logement\/"},{"@type":"ListItem","position":4,"name":"Logement et service d&#8217;urgence","item":"https:\/\/www.ysb.ca\/fr\/services\/services-communautaires-logement\/logement-service-urgence\/"},{"@type":"ListItem","position":5,"name":"Programme de logement de transition pour jeunes femmes"}]},{"@type":"WebSite","@id":"https:\/\/www.ysb.ca\/fr\/#website","url":"https:\/\/www.ysb.ca\/fr\/","name":"Youth Services Jeunesse","description":"Ottawa Youth Services Jeunesse","publisher":{"@id":"https:\/\/www.ysb.ca\/fr\/#organization"},"potentialAction":[{"@type":"SearchAction","target":{"@type":"EntryPoint","urlTemplate":"https:\/\/www.ysb.ca\/fr\/?s={search_term_string}"},"query-input":{"@type":"PropertyValueSpecification","valueRequired":true,"valueName":"search_term_string"}}],"inLanguage":"fr-FR"},{"@type":"Organization","@id":"https:\/\/www.ysb.ca\/fr\/#organization","name":"Youth Services Jeunesse","url":"https:\/\/www.ysb.ca\/fr\/","logo":{"@type":"ImageObject","inLanguage":"fr-FR","@id":"https:\/\/www.ysb.ca\/fr\/#\/schema\/logo\/image\/","url":"https:\/\/www.ysb.ca\/wp-content\/uploads\/2020\/09\/ysb-logo.png","contentUrl":"https:\/\/www.ysb.ca\/wp-content\/uploads\/2020\/09\/ysb-logo.png","width":238,"height":94,"caption":"Youth Services Jeunesse"},"image":{"@id":"https:\/\/www.ysb.ca\/fr\/#\/schema\/logo\/image\/"},"sameAs":["https:\/\/www.instagram.com\/ysb.bsj\/","https:\/\/www.youtube.com\/user\/YSBOttawa"]}]}},"_links":{"self":[{"href":"https:\/\/www.ysb.ca\/fr\/wp-json\/wp\/v2\/pages\/1715","targetHints":{"allow":["GET"]}}],"collection":[{"href":"https:\/\/www.ysb.ca\/fr\/wp-json\/wp\/v2\/pages"}],"about":[{"href":"https:\/\/www.ysb.ca\/fr\/wp-json\/wp\/v2\/types\/page"}],"author":[{"embeddable":true,"href":"https:\/\/www.ysb.ca\/fr\/wp-json\/wp\/v2\/users\/1"}],"replies":[{"embeddable":true,"href":"https:\/\/www.ysb.ca\/fr\/wp-json\/wp\/v2\/comments?post=1715"}],"version-history":[{"count":4,"href":"https:\/\/www.ysb.ca\/fr\/wp-json\/wp\/v2\/pages\/1715\/revisions"}],"predecessor-version":[{"id":2421,"href":"https:\/\/www.ysb.ca\/fr\/wp-json\/wp\/v2\/pages\/1715\/revisions\/2421"}],"up":[{"embeddable":true,"href":"https:\/\/www.ysb.ca\/fr\/wp-json\/wp\/v2\/pages\/1721"}],"wp:attachment":[{"href":"https:\/\/www.ysb.ca\/fr\/wp-json\/wp\/v2\/media?parent=1715"}],"curies":[{"name":"wp","href":"https:\/\/api.w.org\/{rel}","templated":true}]}}