
{"id":1714,"date":"2017-09-29T11:26:05","date_gmt":"2017-09-29T15:26:05","guid":{"rendered":"http:\/\/www.ysb.ca\/long-term-housing-program\/"},"modified":"2019-09-11T12:15:01","modified_gmt":"2019-09-11T16:15:01","slug":"logement-long-terme","status":"publish","type":"page","link":"https:\/\/www.ysb.ca\/fr\/services\/services-communautaires-logement\/logement-service-urgence\/logement-long-terme\/","title":{"rendered":"Programme de logement \u00e0 long terme"},"content":{"rendered":"<div class=\"wpb-content-wrapper\">[vc_row fullwidth=\u00a0\u00bbtrue\u00a0\u00bb][vc_column]\n        <div class=\"ysb-banner-wrapper\" style=\"background-image: url(https:\/\/www.ysb.ca\/wp-content\/uploads\/2017\/09\/comandhousing.jpg);\">\n         \n            <div class=\"ysb-title-wrapper mk-animate-element bottom-to-top mk-in-viewport\" style=\"background-image: url();\">\n\t\t\t\t<h1 class=\"ysb-banner-title\">Programme de logement \u00e0 long terme<\/h1>\n\t\t\t\t\n\t\t\t<\/div>\n         \n        <\/div>[\/vc_column][\/vc_row][vc_row][vc_column][vc_column_text css=\u00a0\u00bb.vc_custom_1516824549070{margin-bottom: 0px !important;padding-top: 80px !important;}\u00a0\u00bb]Le programme de logement \u00e0 long terme est un point de d\u00e9part vers la v\u00e9ritable ind\u00e9pendance. Reconnaissant le fait que les jeunes qui ont v\u00e9cu d\u2019importantes difficult\u00e9s au cours de leur enfance ou de leur adolescence n\u00e9cessitent souvent plus qu\u2019un simple toit au-dessus de leur t\u00eate, ce programme offre aux participants l\u2019acc\u00e8s \u00e0 un logement abordable et aux services dont ils ont besoin pour faire la transition vers la vie autonome.<\/p>\n<p>Chaque locataire est assign\u00e9 \u00e0 un responsable de cas qui travaille avec eux pour cerner leurs besoins et les jumeler aux services appropri\u00e9s. Les conseillers offrent un soutien en mati\u00e8re d\u2019intervention en cas de crise, du counseling individuel, des envois en consultation vers d\u2019autres services communautaires et de l\u2019aide \u00e0 \u00e9tablir et \u00e0 atteindre des buts personnels.<\/p>\n<p>Chaque \u00e9difice est dot\u00e9 d\u2019une \u00c9quipe de ressources \u00e0 l\u2019intention des locataires qui travaille dans le but de fournir des occasions aux locataires de participer avec leurs pairs \u00e0 un environnement qui respecte et accueille la diversit\u00e9. Les activit\u00e9s peuvent comprendre des c\u00e9l\u00e9brations saisonni\u00e8res, des sports, des soir\u00e9es de cin\u00e9ma, des cuisines communautaires, des c\u00e9l\u00e9brations culturelles, des spectacles transformistes, des soir\u00e9es queer, du jardinage communautaire et l\u2019engagement des jeunes.<\/p>\n<p>Le programme de logement \u00e0 long terme a des unit\u00e9s \u00e0 une chambre \u00e0 coucher, \u00e0 deux chambres \u00e0 coucher et studios disponibles dans des \u00e9difices situ\u00e9s dans l\u2019Est, dans l\u2019Ouest et dans le centre d\u2019Ottawa. Tous les \u00e9difices sont accessibles via le transport en commun. Le loyer est abordable ou index\u00e9 au revenu (\u00e0 but non lucratif).[\/vc_column_text][\/vc_column][\/vc_row][vc_row][vc_column][mk_padding_divider size=\u00a0\u00bb24&Prime;][\/vc_column][\/vc_row][vc_row css=\u00a0\u00bb.vc_custom_1507652427589{padding-bottom: 60px !important;}\u00a0\u00bb][vc_column][vc_column_text css=\u00a0\u00bb.vc_custom_1568218499154{margin-bottom: 0px !important;}\u00a0\u00bb]\n<h2>Comment acc\u00e9der au programme<\/h2>\n<p><strong>S&rsquo;informer en-ligne<\/strong><br \/>\nVeuillez <a href=\"https:\/\/www.ysb.ca\/fr\/services\/services-communautaires-logement\/logement-service-urgence\/demande-programme-logement\/\"><strong>cliquer <\/strong><strong>ICI<\/strong> <\/a>pour conna\u00eetre le processus d&rsquo;application.<\/p>\n<p><strong>S&rsquo;informer en personne<\/strong><br \/>\nLes jeunes de 16 \u00e0 21 ans qui ont besoin de soutien pour vivre de fa\u00e7on autonome peuvent obtenir de plus amples renseignements au sujet du programme et comment faire demande en communiquant avec la coordonnatrice du programme en personne \u00e0 <a href=\"https:\/\/www.ysb.ca\/fr\/services\/services-communautaires-logement\/centre-ville-halte-accueil\/\">l&rsquo;Halte-accueil du centre-ville<\/a> ou par t\u00e9l\u00e9phone au num\u00e9ro ci-bas. Les formulaires de demande en papier sont disponible sur le site.<\/p>\n<p><strong>613-241-7788 ou <a href=\"mailto:info@ysb.ca\">info@ysb.ca<\/a><\/strong>[\/vc_column_text][\/vc_column][\/vc_row]\n<\/div>","protected":false},"excerpt":{"rendered":"<p>[vc_row fullwidth=\u00a0\u00bbtrue\u00a0\u00bb][vc_column][\/vc_column][\/vc_row][vc_row][vc_column][vc_column_text css=\u00a0\u00bb.vc_custom_1516824549070{margin-bottom: 0px !important;padding-top: 80px !important;}\u00a0\u00bb]Le programme de logement \u00e0 long terme est un point de d\u00e9part vers la v\u00e9ritable ind\u00e9pendance. Reconnaissant le fait que les jeunes qui ont v\u00e9cu d\u2019importantes difficult\u00e9s au cours de leur enfance ou de leur adolescence n\u00e9cessitent souvent plus qu\u2019un simple toit au-dessus de leur t\u00eate, ce programme offre [&hellip;]<\/p>\n","protected":false},"author":1,"featured_media":0,"parent":1721,"menu_order":181,"comment_status":"closed","ping_status":"closed","template":"","meta":{"rs_blank_template":"","rs_page_bg_color":"","slide_template_v7":"","footnotes":""},"class_list":["post-1714","page","type-page","status-publish","hentry"],"yoast_head":"<!-- This site is optimized with the Yoast SEO plugin v27.5 - https:\/\/yoast.com\/product\/yoast-seo-wordpress\/ -->\n<title>Programme de logement \u00e0 long terme - Youth Services Jeunesse<\/title>\n<meta name=\"robots\" content=\"index, follow, max-snippet:-1, max-image-preview:large, max-video-preview:-1\" \/>\n<link rel=\"canonical\" href=\"https:\/\/www.ysb.ca\/fr\/services\/services-communautaires-logement\/logement-service-urgence\/logement-long-terme\/\" \/>\n<meta property=\"og:locale\" content=\"fr_FR\" \/>\n<meta property=\"og:type\" content=\"article\" \/>\n<meta property=\"og:title\" content=\"Programme de logement \u00e0 long terme - Youth Services Jeunesse\" \/>\n<meta property=\"og:description\" content=\"[vc_row fullwidth=\u00a0\u00bbtrue\u00a0\u00bb][vc_column][\/vc_column][\/vc_row][vc_row][vc_column][vc_column_text css=\u00a0\u00bb.vc_custom_1516824549070{margin-bottom: 0px !important;padding-top: 80px !important;}\u00a0\u00bb]Le programme de logement \u00e0 long terme est un point de d\u00e9part vers la v\u00e9ritable ind\u00e9pendance. Reconnaissant le fait que les jeunes qui ont v\u00e9cu d\u2019importantes difficult\u00e9s au cours de leur enfance ou de leur adolescence n\u00e9cessitent souvent plus qu\u2019un simple toit au-dessus de leur t\u00eate, ce programme offre [&hellip;]\" \/>\n<meta property=\"og:url\" content=\"https:\/\/www.ysb.ca\/fr\/services\/services-communautaires-logement\/logement-service-urgence\/logement-long-terme\/\" \/>\n<meta property=\"og:site_name\" content=\"Youth Services Jeunesse\" \/>\n<meta property=\"article:modified_time\" content=\"2019-09-11T16:15:01+00:00\" \/>\n<meta name=\"twitter:card\" content=\"summary_large_image\" \/>\n<meta name=\"twitter:label1\" content=\"Dur\u00e9e de lecture estim\u00e9e\" \/>\n\t<meta name=\"twitter:data1\" content=\"2 minutes\" \/>\n<script type=\"application\/ld+json\" class=\"yoast-schema-graph\">{\"@context\":\"https:\\\/\\\/schema.org\",\"@graph\":[{\"@type\":\"WebPage\",\"@id\":\"https:\\\/\\\/www.ysb.ca\\\/fr\\\/services\\\/services-communautaires-logement\\\/logement-service-urgence\\\/logement-long-terme\\\/\",\"url\":\"https:\\\/\\\/www.ysb.ca\\\/fr\\\/services\\\/services-communautaires-logement\\\/logement-service-urgence\\\/logement-long-terme\\\/\",\"name\":\"Programme de logement \u00e0 long terme - Youth Services Jeunesse\",\"isPartOf\":{\"@id\":\"https:\\\/\\\/www.ysb.ca\\\/fr\\\/#website\"},\"datePublished\":\"2017-09-29T15:26:05+00:00\",\"dateModified\":\"2019-09-11T16:15:01+00:00\",\"breadcrumb\":{\"@id\":\"https:\\\/\\\/www.ysb.ca\\\/fr\\\/services\\\/services-communautaires-logement\\\/logement-service-urgence\\\/logement-long-terme\\\/#breadcrumb\"},\"inLanguage\":\"fr-FR\",\"potentialAction\":[{\"@type\":\"ReadAction\",\"target\":[\"https:\\\/\\\/www.ysb.ca\\\/fr\\\/services\\\/services-communautaires-logement\\\/logement-service-urgence\\\/logement-long-terme\\\/\"]}]},{\"@type\":\"BreadcrumbList\",\"@id\":\"https:\\\/\\\/www.ysb.ca\\\/fr\\\/services\\\/services-communautaires-logement\\\/logement-service-urgence\\\/logement-long-terme\\\/#breadcrumb\",\"itemListElement\":[{\"@type\":\"ListItem\",\"position\":1,\"name\":\"Home\",\"item\":\"https:\\\/\\\/www.ysb.ca\\\/fr\\\/\"},{\"@type\":\"ListItem\",\"position\":2,\"name\":\"Services\",\"item\":\"https:\\\/\\\/www.ysb.ca\\\/fr\\\/services\\\/\"},{\"@type\":\"ListItem\",\"position\":3,\"name\":\"Services communautaires et de logement\",\"item\":\"https:\\\/\\\/www.ysb.ca\\\/fr\\\/services\\\/services-communautaires-logement\\\/\"},{\"@type\":\"ListItem\",\"position\":4,\"name\":\"Logement et service d&#8217;urgence\",\"item\":\"https:\\\/\\\/www.ysb.ca\\\/fr\\\/services\\\/services-communautaires-logement\\\/logement-service-urgence\\\/\"},{\"@type\":\"ListItem\",\"position\":5,\"name\":\"Programme de logement \u00e0 long terme\"}]},{\"@type\":\"WebSite\",\"@id\":\"https:\\\/\\\/www.ysb.ca\\\/fr\\\/#website\",\"url\":\"https:\\\/\\\/www.ysb.ca\\\/fr\\\/\",\"name\":\"Youth Services Jeunesse\",\"description\":\"Ottawa Youth Services Jeunesse\",\"publisher\":{\"@id\":\"https:\\\/\\\/www.ysb.ca\\\/fr\\\/#organization\"},\"potentialAction\":[{\"@type\":\"SearchAction\",\"target\":{\"@type\":\"EntryPoint\",\"urlTemplate\":\"https:\\\/\\\/www.ysb.ca\\\/fr\\\/?s={search_term_string}\"},\"query-input\":{\"@type\":\"PropertyValueSpecification\",\"valueRequired\":true,\"valueName\":\"search_term_string\"}}],\"inLanguage\":\"fr-FR\"},{\"@type\":\"Organization\",\"@id\":\"https:\\\/\\\/www.ysb.ca\\\/fr\\\/#organization\",\"name\":\"Youth Services Jeunesse\",\"url\":\"https:\\\/\\\/www.ysb.ca\\\/fr\\\/\",\"logo\":{\"@type\":\"ImageObject\",\"inLanguage\":\"fr-FR\",\"@id\":\"https:\\\/\\\/www.ysb.ca\\\/fr\\\/#\\\/schema\\\/logo\\\/image\\\/\",\"url\":\"https:\\\/\\\/www.ysb.ca\\\/wp-content\\\/uploads\\\/2020\\\/09\\\/ysb-logo.png\",\"contentUrl\":\"https:\\\/\\\/www.ysb.ca\\\/wp-content\\\/uploads\\\/2020\\\/09\\\/ysb-logo.png\",\"width\":238,\"height\":94,\"caption\":\"Youth Services Jeunesse\"},\"image\":{\"@id\":\"https:\\\/\\\/www.ysb.ca\\\/fr\\\/#\\\/schema\\\/logo\\\/image\\\/\"},\"sameAs\":[\"https:\\\/\\\/www.instagram.com\\\/ysb.bsj\\\/\",\"https:\\\/\\\/www.youtube.com\\\/user\\\/YSBOttawa\"]}]}<\/script>\n<!-- \/ Yoast SEO plugin. -->","yoast_head_json":{"title":"Programme de logement \u00e0 long terme - Youth Services Jeunesse","robots":{"index":"index","follow":"follow","max-snippet":"max-snippet:-1","max-image-preview":"max-image-preview:large","max-video-preview":"max-video-preview:-1"},"canonical":"https:\/\/www.ysb.ca\/fr\/services\/services-communautaires-logement\/logement-service-urgence\/logement-long-terme\/","og_locale":"fr_FR","og_type":"article","og_title":"Programme de logement \u00e0 long terme - Youth Services Jeunesse","og_description":"[vc_row fullwidth=\u00a0\u00bbtrue\u00a0\u00bb][vc_column][\/vc_column][\/vc_row][vc_row][vc_column][vc_column_text css=\u00a0\u00bb.vc_custom_1516824549070{margin-bottom: 0px !important;padding-top: 80px !important;}\u00a0\u00bb]Le programme de logement \u00e0 long terme est un point de d\u00e9part vers la v\u00e9ritable ind\u00e9pendance. Reconnaissant le fait que les jeunes qui ont v\u00e9cu d\u2019importantes difficult\u00e9s au cours de leur enfance ou de leur adolescence n\u00e9cessitent souvent plus qu\u2019un simple toit au-dessus de leur t\u00eate, ce programme offre [&hellip;]","og_url":"https:\/\/www.ysb.ca\/fr\/services\/services-communautaires-logement\/logement-service-urgence\/logement-long-terme\/","og_site_name":"Youth Services Jeunesse","article_modified_time":"2019-09-11T16:15:01+00:00","twitter_card":"summary_large_image","twitter_misc":{"Dur\u00e9e de lecture estim\u00e9e":"2 minutes"},"schema":{"@context":"https:\/\/schema.org","@graph":[{"@type":"WebPage","@id":"https:\/\/www.ysb.ca\/fr\/services\/services-communautaires-logement\/logement-service-urgence\/logement-long-terme\/","url":"https:\/\/www.ysb.ca\/fr\/services\/services-communautaires-logement\/logement-service-urgence\/logement-long-terme\/","name":"Programme de logement \u00e0 long terme - Youth Services Jeunesse","isPartOf":{"@id":"https:\/\/www.ysb.ca\/fr\/#website"},"datePublished":"2017-09-29T15:26:05+00:00","dateModified":"2019-09-11T16:15:01+00:00","breadcrumb":{"@id":"https:\/\/www.ysb.ca\/fr\/services\/services-communautaires-logement\/logement-service-urgence\/logement-long-terme\/#breadcrumb"},"inLanguage":"fr-FR","potentialAction":[{"@type":"ReadAction","target":["https:\/\/www.ysb.ca\/fr\/services\/services-communautaires-logement\/logement-service-urgence\/logement-long-terme\/"]}]},{"@type":"BreadcrumbList","@id":"https:\/\/www.ysb.ca\/fr\/services\/services-communautaires-logement\/logement-service-urgence\/logement-long-terme\/#breadcrumb","itemListElement":[{"@type":"ListItem","position":1,"name":"Home","item":"https:\/\/www.ysb.ca\/fr\/"},{"@type":"ListItem","position":2,"name":"Services","item":"https:\/\/www.ysb.ca\/fr\/services\/"},{"@type":"ListItem","position":3,"name":"Services communautaires et de logement","item":"https:\/\/www.ysb.ca\/fr\/services\/services-communautaires-logement\/"},{"@type":"ListItem","position":4,"name":"Logement et service d&#8217;urgence","item":"https:\/\/www.ysb.ca\/fr\/services\/services-communautaires-logement\/logement-service-urgence\/"},{"@type":"ListItem","position":5,"name":"Programme de logement \u00e0 long terme"}]},{"@type":"WebSite","@id":"https:\/\/www.ysb.ca\/fr\/#website","url":"https:\/\/www.ysb.ca\/fr\/","name":"Youth Services Jeunesse","description":"Ottawa Youth Services Jeunesse","publisher":{"@id":"https:\/\/www.ysb.ca\/fr\/#organization"},"potentialAction":[{"@type":"SearchAction","target":{"@type":"EntryPoint","urlTemplate":"https:\/\/www.ysb.ca\/fr\/?s={search_term_string}"},"query-input":{"@type":"PropertyValueSpecification","valueRequired":true,"valueName":"search_term_string"}}],"inLanguage":"fr-FR"},{"@type":"Organization","@id":"https:\/\/www.ysb.ca\/fr\/#organization","name":"Youth Services Jeunesse","url":"https:\/\/www.ysb.ca\/fr\/","logo":{"@type":"ImageObject","inLanguage":"fr-FR","@id":"https:\/\/www.ysb.ca\/fr\/#\/schema\/logo\/image\/","url":"https:\/\/www.ysb.ca\/wp-content\/uploads\/2020\/09\/ysb-logo.png","contentUrl":"https:\/\/www.ysb.ca\/wp-content\/uploads\/2020\/09\/ysb-logo.png","width":238,"height":94,"caption":"Youth Services Jeunesse"},"image":{"@id":"https:\/\/www.ysb.ca\/fr\/#\/schema\/logo\/image\/"},"sameAs":["https:\/\/www.instagram.com\/ysb.bsj\/","https:\/\/www.youtube.com\/user\/YSBOttawa"]}]}},"_links":{"self":[{"href":"https:\/\/www.ysb.ca\/fr\/wp-json\/wp\/v2\/pages\/1714","targetHints":{"allow":["GET"]}}],"collection":[{"href":"https:\/\/www.ysb.ca\/fr\/wp-json\/wp\/v2\/pages"}],"about":[{"href":"https:\/\/www.ysb.ca\/fr\/wp-json\/wp\/v2\/types\/page"}],"author":[{"embeddable":true,"href":"https:\/\/www.ysb.ca\/fr\/wp-json\/wp\/v2\/users\/1"}],"replies":[{"embeddable":true,"href":"https:\/\/www.ysb.ca\/fr\/wp-json\/wp\/v2\/comments?post=1714"}],"version-history":[{"count":5,"href":"https:\/\/www.ysb.ca\/fr\/wp-json\/wp\/v2\/pages\/1714\/revisions"}],"predecessor-version":[{"id":4620,"href":"https:\/\/www.ysb.ca\/fr\/wp-json\/wp\/v2\/pages\/1714\/revisions\/4620"}],"up":[{"embeddable":true,"href":"https:\/\/www.ysb.ca\/fr\/wp-json\/wp\/v2\/pages\/1721"}],"wp:attachment":[{"href":"https:\/\/www.ysb.ca\/fr\/wp-json\/wp\/v2\/media?parent=1714"}],"curies":[{"name":"wp","href":"https:\/\/api.w.org\/{rel}","templated":true}]}}