
{"id":1696,"date":"2017-09-29T12:17:33","date_gmt":"2017-09-29T16:17:33","guid":{"rendered":"http:\/\/www.ysb.ca\/about-us\/"},"modified":"2024-10-07T14:27:44","modified_gmt":"2024-10-07T18:27:44","slug":"fondation-bienfaisance","status":"publish","type":"page","link":"https:\/\/www.ysb.ca\/fr\/fondation-bienfaisance-bsj\/fondation-bienfaisance\/","title":{"rendered":"La fondation de bienfaisance"},"content":{"rendered":"<div class=\"wpb-content-wrapper\">[vc_row fullwidth=\u00a0\u00bbtrue\u00a0\u00bb][vc_column]\n        <div class=\"ysb-banner-wrapper\" style=\"background-image: url(https:\/\/www.ysb.ca\/wp-content\/uploads\/2018\/08\/foundationlandingpage.jpg);\">\n         \n            <div class=\"ysb-title-wrapper mk-animate-element bottom-to-top mk-in-viewport\" style=\"background-image: url();\">\n\t\t\t\t<h1 class=\"ysb-banner-title\">La fondation de bienfaisance<\/h1>\n\t\t\t\t\n\t\t\t<\/div>\n         \n        <\/div>[\/vc_column][\/vc_row][vc_row css=\u00a0\u00bb.vc_custom_1507753131231{padding-top: 80px !important;}\u00a0\u00bb][vc_column][vc_column_text css=\u00a0\u00bb.vc_custom_1539719522697{margin-bottom: 0px !important;}\u00a0\u00bb]\n<h2 style=\"text-align: center;\">Au sujet de la Fondation de bienfaisance du BSJ<\/h2>\n<div>La Fondation de bienfaisance du Bureau des services \u00e0 la jeunesse (BSJ) est fi\u00e8re d\u2019appuyer l\u2019important travail qu\u2019accomplit le BSJ quotidiennement dans notre communaut\u00e9. En \u00e9tablissant des partenariats avec des personnes et des entit\u00e9s bienveillantes, dont des membres communautaires, des entreprises philanthropes, des fondations g\u00e9n\u00e9reuses et des jeunes engag\u00e9s, la Fondation du BSJ amasse des fonds pour s\u2019assurer que chaque jeune qui a besoin de notre soutien est en mesure d\u2019y acc\u00e9der.<\/div>\n<p>Les programmes \u00e0 l\u2019intention des jeunes \u00e9tant offerts dans cinq domaines de service principaux, et \u00e0 de multiples emplacements dans toute la ville, le BSJ aide des milliers de jeunes chaque ann\u00e9e \u00e0 aborder tout probl\u00e8me qui porte atteinte \u00e0 leur bien-\u00eatre physique, sexuel, mental et social. Le personnel guide les jeunes dans des questions li\u00e9es au logement, \u00e0 la sant\u00e9 mentale et physique, \u00e0 la r\u00e9int\u00e9gration communautaire, \u00e0 l\u2019\u00e9ducation, \u00e0 l\u2019emploi et plus encore.<\/p>\n<p>Nous avons \u00e9tabli un certain nombre de priorit\u00e9s de financement, y compris :<\/p>\n<ul>\n<li>Reconstruire les Services du centre-ville et la halte-accueil, o\u00f9 les programmes \u00e0 l\u2019intention des jeunes de la rue sont offerts;<\/li>\n<li>Appuyer les programmes de sant\u00e9 mentale \u00e0 l\u2019intention des jeunes;<\/li>\n<li>Financer les programmes d\u2019emploi qui aident les jeunes \u00e0 trouer leur premier emploi;<\/li>\n<li>\u00c9largir la prestation de services de logement et d\u2019abri afin de pouvoir aider les jeunes de la rue; et<\/li>\n<li>Soutenir les programmes de r\u00e9int\u00e9gration communautaire \u00e0 l\u2019intention des jeunes qui ont des d\u00e9m\u00eal\u00e9es avec la justice.<\/li>\n<\/ul>\n<p>Ensemble, ces programmes et services habilitent les jeunes \u00e0 faire des choix aujourd\u2019hui qui peuvent les aider \u00e0 se tailler un meilleur avenir. C\u2019est bien ce que fait votre don. Veuillez nous aider \u00e0 faire un impact.<\/p>\n<p>La Fondation de bienfaisance du BSJ est un organisme de bienfaisance enregistr\u00e9 (84053 4853 RR0001).[\/vc_column_text][\/vc_column][\/vc_row][vc_row][vc_column][mk_padding_divider size=\u00a0\u00bb24&Prime;][\/vc_column][\/vc_row][vc_row][vc_column][vc_column_text css=\u00a0\u00bb.vc_custom_1539719731932{margin-bottom: 0px !important;}\u00a0\u00bb]\n<h2 style=\"text-align: center;\">Fondation de bienfaisance<\/h2>\n<h4 style=\"text-align: center;\">Fondation de bienfaisance du Bureau des services \u00e0 la jeunesse d\u2019Ottawa<\/h4>\n[\/vc_column_text][\/vc_column][\/vc_row][vc_row][vc_column width=\u00a0\u00bb1\/2&Prime;][vc_column_text css=\u00a0\u00bb.vc_custom_1539720306022{margin-bottom: 0px !important;}\u00a0\u00bb]\n<p style=\"text-align: center;\"><strong> Patti Murphy, <\/strong><strong>Directrice g\u00e9n\u00e9rale<br \/>\n<\/strong>613-729-0577 x 1262<br \/>\n<a href=\"mailto:pmurphy@ysb.ca\">pmurphy@ysb.ca<\/a><\/p>\n<p style=\"text-align: center;\"><strong>Ana Popescu, <\/strong><strong>Administratrice de base de donn\u00e9es<\/strong><strong><br \/>\n<\/strong>613-729-0577 x 1203<br \/>\n<a href=\"mailto:apopescu@ysb.ca\">apopescu@ysb.ca<\/a><\/p>\n[\/vc_column_text][\/vc_column][vc_column width=\u00a0\u00bb1\/2&Prime;][vc_column_text css=\u00a0\u00bb.vc_custom_1720444990751{margin-bottom: 0px !important;}\u00a0\u00bb]\n<p style=\"text-align: center;\"><strong>Rachel Lessard, sp\u00e9cialiste des \u00e9v\u00e9nements et de l\u2019engagement communautaire<\/strong><br \/>\n613-729-0577 x 50245<br \/>\n<a href=\"mailto:drapoch@ysb.ca\">rlessard@ysb.ca<\/a><\/p>\n[\/vc_column_text][vc_column_text css=\u00a0\u00bb.vc_custom_1728325599868{margin-bottom: 0px !important;}\u00a0\u00bb]\n<p style=\"text-align: center;\"><strong>Nicole Gonato, Charg\u00e9e de collecte de fonds<\/strong><br \/>\n613-729-0577 x 50260<br \/>\n<a href=\"mailto:ngonato@ysb.ca\">ngonato@ysb.ca<\/a><\/p>\n[\/vc_column_text][\/vc_column][\/vc_row]\n<\/div>","protected":false},"excerpt":{"rendered":"<p>[vc_row fullwidth=\u00a0\u00bbtrue\u00a0\u00bb][vc_column][\/vc_column][\/vc_row][vc_row css=\u00a0\u00bb.vc_custom_1507753131231{padding-top: 80px !important;}\u00a0\u00bb][vc_column][vc_column_text css=\u00a0\u00bb.vc_custom_1539719522697{margin-bottom: 0px !important;}\u00a0\u00bb] Au sujet de la Fondation de bienfaisance du BSJ La Fondation de bienfaisance du Bureau des services \u00e0 la jeunesse (BSJ) est fi\u00e8re d\u2019appuyer l\u2019important travail qu\u2019accomplit le BSJ quotidiennement dans notre communaut\u00e9. En \u00e9tablissant des partenariats avec des personnes et des entit\u00e9s bienveillantes, dont des membres [&hellip;]<\/p>\n","protected":false},"author":1,"featured_media":0,"parent":1699,"menu_order":150,"comment_status":"closed","ping_status":"closed","template":"","meta":{"rs_blank_template":"","rs_page_bg_color":"","slide_template_v7":"","footnotes":""},"class_list":["post-1696","page","type-page","status-publish","hentry"],"yoast_head":"<!-- This site is optimized with the Yoast SEO plugin v27.4 - https:\/\/yoast.com\/product\/yoast-seo-wordpress\/ -->\n<title>La fondation de bienfaisance - Youth Services Jeunesse<\/title>\n<meta name=\"robots\" content=\"index, follow, max-snippet:-1, max-image-preview:large, max-video-preview:-1\" \/>\n<link rel=\"canonical\" href=\"https:\/\/www.ysb.ca\/fr\/fondation-bienfaisance-bsj\/fondation-bienfaisance\/\" \/>\n<meta property=\"og:locale\" content=\"fr_FR\" \/>\n<meta property=\"og:type\" content=\"article\" \/>\n<meta property=\"og:title\" content=\"La fondation de bienfaisance - Youth Services Jeunesse\" \/>\n<meta property=\"og:description\" content=\"[vc_row fullwidth=\u00a0\u00bbtrue\u00a0\u00bb][vc_column][\/vc_column][\/vc_row][vc_row css=\u00a0\u00bb.vc_custom_1507753131231{padding-top: 80px !important;}\u00a0\u00bb][vc_column][vc_column_text css=\u00a0\u00bb.vc_custom_1539719522697{margin-bottom: 0px !important;}\u00a0\u00bb] Au sujet de la Fondation de bienfaisance du BSJ La Fondation de bienfaisance du Bureau des services \u00e0 la jeunesse (BSJ) est fi\u00e8re d\u2019appuyer l\u2019important travail qu\u2019accomplit le BSJ quotidiennement dans notre communaut\u00e9. En \u00e9tablissant des partenariats avec des personnes et des entit\u00e9s bienveillantes, dont des membres [&hellip;]\" \/>\n<meta property=\"og:url\" content=\"https:\/\/www.ysb.ca\/fr\/fondation-bienfaisance-bsj\/fondation-bienfaisance\/\" \/>\n<meta property=\"og:site_name\" content=\"Youth Services Jeunesse\" \/>\n<meta property=\"article:modified_time\" content=\"2024-10-07T18:27:44+00:00\" \/>\n<meta name=\"twitter:card\" content=\"summary_large_image\" \/>\n<meta name=\"twitter:label1\" content=\"Dur\u00e9e de lecture estim\u00e9e\" \/>\n\t<meta name=\"twitter:data1\" content=\"2 minutes\" \/>\n<script type=\"application\/ld+json\" class=\"yoast-schema-graph\">{\"@context\":\"https:\\\/\\\/schema.org\",\"@graph\":[{\"@type\":\"WebPage\",\"@id\":\"https:\\\/\\\/www.ysb.ca\\\/fr\\\/fondation-bienfaisance-bsj\\\/fondation-bienfaisance\\\/\",\"url\":\"https:\\\/\\\/www.ysb.ca\\\/fr\\\/fondation-bienfaisance-bsj\\\/fondation-bienfaisance\\\/\",\"name\":\"La fondation de bienfaisance - Youth Services Jeunesse\",\"isPartOf\":{\"@id\":\"https:\\\/\\\/www.ysb.ca\\\/fr\\\/#website\"},\"datePublished\":\"2017-09-29T16:17:33+00:00\",\"dateModified\":\"2024-10-07T18:27:44+00:00\",\"breadcrumb\":{\"@id\":\"https:\\\/\\\/www.ysb.ca\\\/fr\\\/fondation-bienfaisance-bsj\\\/fondation-bienfaisance\\\/#breadcrumb\"},\"inLanguage\":\"fr-FR\",\"potentialAction\":[{\"@type\":\"ReadAction\",\"target\":[\"https:\\\/\\\/www.ysb.ca\\\/fr\\\/fondation-bienfaisance-bsj\\\/fondation-bienfaisance\\\/\"]}]},{\"@type\":\"BreadcrumbList\",\"@id\":\"https:\\\/\\\/www.ysb.ca\\\/fr\\\/fondation-bienfaisance-bsj\\\/fondation-bienfaisance\\\/#breadcrumb\",\"itemListElement\":[{\"@type\":\"ListItem\",\"position\":1,\"name\":\"Home\",\"item\":\"https:\\\/\\\/www.ysb.ca\\\/fr\\\/\"},{\"@type\":\"ListItem\",\"position\":2,\"name\":\"Fondation de bienfaisance du BSJ\",\"item\":\"https:\\\/\\\/www.ysb.ca\\\/fr\\\/fondation-bienfaisance-bsj\\\/\"},{\"@type\":\"ListItem\",\"position\":3,\"name\":\"La fondation de bienfaisance\"}]},{\"@type\":\"WebSite\",\"@id\":\"https:\\\/\\\/www.ysb.ca\\\/fr\\\/#website\",\"url\":\"https:\\\/\\\/www.ysb.ca\\\/fr\\\/\",\"name\":\"Youth Services Jeunesse\",\"description\":\"Ottawa Youth Services Jeunesse\",\"publisher\":{\"@id\":\"https:\\\/\\\/www.ysb.ca\\\/fr\\\/#organization\"},\"potentialAction\":[{\"@type\":\"SearchAction\",\"target\":{\"@type\":\"EntryPoint\",\"urlTemplate\":\"https:\\\/\\\/www.ysb.ca\\\/fr\\\/?s={search_term_string}\"},\"query-input\":{\"@type\":\"PropertyValueSpecification\",\"valueRequired\":true,\"valueName\":\"search_term_string\"}}],\"inLanguage\":\"fr-FR\"},{\"@type\":\"Organization\",\"@id\":\"https:\\\/\\\/www.ysb.ca\\\/fr\\\/#organization\",\"name\":\"Youth Services Jeunesse\",\"url\":\"https:\\\/\\\/www.ysb.ca\\\/fr\\\/\",\"logo\":{\"@type\":\"ImageObject\",\"inLanguage\":\"fr-FR\",\"@id\":\"https:\\\/\\\/www.ysb.ca\\\/fr\\\/#\\\/schema\\\/logo\\\/image\\\/\",\"url\":\"https:\\\/\\\/www.ysb.ca\\\/wp-content\\\/uploads\\\/2020\\\/09\\\/ysb-logo.png\",\"contentUrl\":\"https:\\\/\\\/www.ysb.ca\\\/wp-content\\\/uploads\\\/2020\\\/09\\\/ysb-logo.png\",\"width\":238,\"height\":94,\"caption\":\"Youth Services Jeunesse\"},\"image\":{\"@id\":\"https:\\\/\\\/www.ysb.ca\\\/fr\\\/#\\\/schema\\\/logo\\\/image\\\/\"},\"sameAs\":[\"https:\\\/\\\/www.instagram.com\\\/ysb.bsj\\\/\",\"https:\\\/\\\/www.youtube.com\\\/user\\\/YSBOttawa\"]}]}<\/script>\n<!-- \/ Yoast SEO plugin. -->","yoast_head_json":{"title":"La fondation de bienfaisance - Youth Services Jeunesse","robots":{"index":"index","follow":"follow","max-snippet":"max-snippet:-1","max-image-preview":"max-image-preview:large","max-video-preview":"max-video-preview:-1"},"canonical":"https:\/\/www.ysb.ca\/fr\/fondation-bienfaisance-bsj\/fondation-bienfaisance\/","og_locale":"fr_FR","og_type":"article","og_title":"La fondation de bienfaisance - Youth Services Jeunesse","og_description":"[vc_row fullwidth=\u00a0\u00bbtrue\u00a0\u00bb][vc_column][\/vc_column][\/vc_row][vc_row css=\u00a0\u00bb.vc_custom_1507753131231{padding-top: 80px !important;}\u00a0\u00bb][vc_column][vc_column_text css=\u00a0\u00bb.vc_custom_1539719522697{margin-bottom: 0px !important;}\u00a0\u00bb] Au sujet de la Fondation de bienfaisance du BSJ La Fondation de bienfaisance du Bureau des services \u00e0 la jeunesse (BSJ) est fi\u00e8re d\u2019appuyer l\u2019important travail qu\u2019accomplit le BSJ quotidiennement dans notre communaut\u00e9. En \u00e9tablissant des partenariats avec des personnes et des entit\u00e9s bienveillantes, dont des membres [&hellip;]","og_url":"https:\/\/www.ysb.ca\/fr\/fondation-bienfaisance-bsj\/fondation-bienfaisance\/","og_site_name":"Youth Services Jeunesse","article_modified_time":"2024-10-07T18:27:44+00:00","twitter_card":"summary_large_image","twitter_misc":{"Dur\u00e9e de lecture estim\u00e9e":"2 minutes"},"schema":{"@context":"https:\/\/schema.org","@graph":[{"@type":"WebPage","@id":"https:\/\/www.ysb.ca\/fr\/fondation-bienfaisance-bsj\/fondation-bienfaisance\/","url":"https:\/\/www.ysb.ca\/fr\/fondation-bienfaisance-bsj\/fondation-bienfaisance\/","name":"La fondation de bienfaisance - Youth Services Jeunesse","isPartOf":{"@id":"https:\/\/www.ysb.ca\/fr\/#website"},"datePublished":"2017-09-29T16:17:33+00:00","dateModified":"2024-10-07T18:27:44+00:00","breadcrumb":{"@id":"https:\/\/www.ysb.ca\/fr\/fondation-bienfaisance-bsj\/fondation-bienfaisance\/#breadcrumb"},"inLanguage":"fr-FR","potentialAction":[{"@type":"ReadAction","target":["https:\/\/www.ysb.ca\/fr\/fondation-bienfaisance-bsj\/fondation-bienfaisance\/"]}]},{"@type":"BreadcrumbList","@id":"https:\/\/www.ysb.ca\/fr\/fondation-bienfaisance-bsj\/fondation-bienfaisance\/#breadcrumb","itemListElement":[{"@type":"ListItem","position":1,"name":"Home","item":"https:\/\/www.ysb.ca\/fr\/"},{"@type":"ListItem","position":2,"name":"Fondation de bienfaisance du BSJ","item":"https:\/\/www.ysb.ca\/fr\/fondation-bienfaisance-bsj\/"},{"@type":"ListItem","position":3,"name":"La fondation de bienfaisance"}]},{"@type":"WebSite","@id":"https:\/\/www.ysb.ca\/fr\/#website","url":"https:\/\/www.ysb.ca\/fr\/","name":"Youth Services Jeunesse","description":"Ottawa Youth Services Jeunesse","publisher":{"@id":"https:\/\/www.ysb.ca\/fr\/#organization"},"potentialAction":[{"@type":"SearchAction","target":{"@type":"EntryPoint","urlTemplate":"https:\/\/www.ysb.ca\/fr\/?s={search_term_string}"},"query-input":{"@type":"PropertyValueSpecification","valueRequired":true,"valueName":"search_term_string"}}],"inLanguage":"fr-FR"},{"@type":"Organization","@id":"https:\/\/www.ysb.ca\/fr\/#organization","name":"Youth Services Jeunesse","url":"https:\/\/www.ysb.ca\/fr\/","logo":{"@type":"ImageObject","inLanguage":"fr-FR","@id":"https:\/\/www.ysb.ca\/fr\/#\/schema\/logo\/image\/","url":"https:\/\/www.ysb.ca\/wp-content\/uploads\/2020\/09\/ysb-logo.png","contentUrl":"https:\/\/www.ysb.ca\/wp-content\/uploads\/2020\/09\/ysb-logo.png","width":238,"height":94,"caption":"Youth Services Jeunesse"},"image":{"@id":"https:\/\/www.ysb.ca\/fr\/#\/schema\/logo\/image\/"},"sameAs":["https:\/\/www.instagram.com\/ysb.bsj\/","https:\/\/www.youtube.com\/user\/YSBOttawa"]}]}},"_links":{"self":[{"href":"https:\/\/www.ysb.ca\/fr\/wp-json\/wp\/v2\/pages\/1696","targetHints":{"allow":["GET"]}}],"collection":[{"href":"https:\/\/www.ysb.ca\/fr\/wp-json\/wp\/v2\/pages"}],"about":[{"href":"https:\/\/www.ysb.ca\/fr\/wp-json\/wp\/v2\/types\/page"}],"author":[{"embeddable":true,"href":"https:\/\/www.ysb.ca\/fr\/wp-json\/wp\/v2\/users\/1"}],"replies":[{"embeddable":true,"href":"https:\/\/www.ysb.ca\/fr\/wp-json\/wp\/v2\/comments?post=1696"}],"version-history":[{"count":5,"href":"https:\/\/www.ysb.ca\/fr\/wp-json\/wp\/v2\/pages\/1696\/revisions"}],"predecessor-version":[{"id":11800,"href":"https:\/\/www.ysb.ca\/fr\/wp-json\/wp\/v2\/pages\/1696\/revisions\/11800"}],"up":[{"embeddable":true,"href":"https:\/\/www.ysb.ca\/fr\/wp-json\/wp\/v2\/pages\/1699"}],"wp:attachment":[{"href":"https:\/\/www.ysb.ca\/fr\/wp-json\/wp\/v2\/media?parent=1696"}],"curies":[{"name":"wp","href":"https:\/\/api.w.org\/{rel}","templated":true}]}}