
{"id":1691,"date":"2017-09-29T12:20:10","date_gmt":"2017-09-29T16:20:10","guid":{"rendered":"http:\/\/www.ysb.ca\/our-expertise\/"},"modified":"2018-01-24T14:37:27","modified_gmt":"2018-01-24T19:37:27","slug":"notre-expertise","status":"publish","type":"page","link":"https:\/\/www.ysb.ca\/fr\/notre-impacte\/notre-expertise\/","title":{"rendered":"Notre expertise"},"content":{"rendered":"<div class=\"wpb-content-wrapper\">[vc_row fullwidth=\u00a0\u00bbtrue\u00a0\u00bb][vc_column]\n        <div class=\"ysb-banner-wrapper\" style=\"background-image: url(https:\/\/www.ysb.ca\/wp-content\/uploads\/2017\/09\/ourimpact.jpg);\">\n         \n            <div class=\"ysb-title-wrapper mk-animate-element bottom-to-top mk-in-viewport\" style=\"background-image: url();\">\n\t\t\t\t<h1 class=\"ysb-banner-title\">Notre expertise<\/h1>\n\t\t\t\t\n\t\t\t<\/div>\n         \n        <\/div>[\/vc_column][\/vc_row][vc_row css=\u00a0\u00bb.vc_custom_1507749543113{padding-top: 80px !important;padding-bottom: 60px !important;}\u00a0\u00bb][vc_column][vc_column_text css=\u00a0\u00bb.vc_custom_1516822642585{margin-bottom: 0px !important;}\u00a0\u00bb]Le Bureau des services \u00e0 la jeunesse d\u2019Ottawa est un chef de file communautaire dans la r\u00e9gion d\u2019Ottawa, habilitant les jeunes \u00e0 faire des choix aujourd\u2019hui qui peuvent les aider \u00e0 se tailler un meilleur avenir. Nous sommes fortement engag\u00e9s dans les questions qui touchent les jeunes et nous travaillons en partenariat avec des organismes de services aux jeunes dans le but de fournir de meilleurs programmes et services \u00e0\u00a0l\u2019intention des jeunes et de leur famille.<\/p>\n<p>Notre r\u00f4le directeur est palpable dans nos connexions solides avec les associations de services aux jeunes et les importants organismes de bienfaisance. Par exemple, le BSJ est membre de Sant\u00e9 mentale pour enfants Ontario, et est une agence de sant\u00e9 mentale accredit\u00e9. Nous sommes membre fondateur du R\u00e9seau des services de justice p\u00e9nale pour adolescents d\u2019Ottawa, si\u00e9geons au conseil d\u2019administration de l\u2019Alliance pour r\u00e9soudre la question des sans abri, et sommes membre du cabinet de campagne de Centraide Ottawa. Nous sommes \u00e9galement membre du conseil d&rsquo;administration du Inner City Health et du R\u00e9gistre de logement social d&rsquo;Ottawa.<\/p>\n<p>Notre expertise est \u00e9galement reconnue par les nombreux groupes et organismes de services locaux qui nous consid\u00e8rent des membres actifs :<\/p>\n<ul>\n<li>Groupe de travail du Programme d\u2019approche judiciaire pour les personnes ayant un trouble de sant\u00e9 mentale;<\/li>\n<li>Pr\u00e9vention du suicide Ottawa;<\/li>\n<li>R\u00e9seau des jeunes Somaliens;<\/li>\n<li>Fournisseurs de services aux jeunes LGBTQ;<\/li>\n<li>Conseil sur la pr\u00e9vention du VIH et l\u2019\u00e9ducation;<\/li>\n<li>Coalition d\u2019Ottawa sur le VIH\/sida;<\/li>\n<li>Groupe de r\u00e9f\u00e9rences sur l\u2019emploi;<\/li>\n<li>Services d\u2019appoint.<\/li>\n<\/ul>\n<p>De plus, les groupes de travail internes du BSJ se concentrent sur des domaines comme l\u2019engagement des jeunes, la diversit\u00e9 dans les lieux de travail et l\u2019assurance de la qualit\u00e9. Nos vastes connaissances sont fond\u00e9es sur l\u2019exp\u00e9rience que nous accumulons gr\u00e2ce \u00e0 notre travail aupr\u00e8s des milliers de jeunes qui se pr\u00e9sentent au BSJ chaque mois, ainsi que sur notre \u00e9ducation et notre formation permanentes. De plus, nous travaillons en partenariat avec l\u2019Universit\u00e9 d\u2019Ottawa dans le but d\u2019apprendre \u00e0 partir des donn\u00e9es que nous recueillons et de mener des projets de recherche mixtes, nous aidant ainsi \u00e0 d\u00e9velopper sans cesse notre expertise.[\/vc_column_text][\/vc_column][\/vc_row]\n<\/div>","protected":false},"excerpt":{"rendered":"<p>[vc_row fullwidth=\u00a0\u00bbtrue\u00a0\u00bb][vc_column][\/vc_column][\/vc_row][vc_row css=\u00a0\u00bb.vc_custom_1507749543113{padding-top: 80px !important;padding-bottom: 60px !important;}\u00a0\u00bb][vc_column][vc_column_text css=\u00a0\u00bb.vc_custom_1516822642585{margin-bottom: 0px !important;}\u00a0\u00bb]Le Bureau des services \u00e0 la jeunesse d\u2019Ottawa est un chef de file communautaire dans la r\u00e9gion d\u2019Ottawa, habilitant les jeunes \u00e0 faire des choix aujourd\u2019hui qui peuvent les aider \u00e0 se tailler un meilleur avenir. Nous sommes fortement engag\u00e9s dans les questions qui touchent les [&hellip;]<\/p>\n","protected":false},"author":1,"featured_media":0,"parent":1693,"menu_order":139,"comment_status":"closed","ping_status":"closed","template":"","meta":{"rs_blank_template":"","rs_page_bg_color":"","slide_template_v7":"","footnotes":""},"class_list":["post-1691","page","type-page","status-publish","hentry"],"yoast_head":"<!-- This site is optimized with the Yoast SEO plugin v27.5 - https:\/\/yoast.com\/product\/yoast-seo-wordpress\/ -->\n<title>Notre expertise - Youth Services Jeunesse<\/title>\n<meta name=\"robots\" content=\"index, follow, max-snippet:-1, max-image-preview:large, max-video-preview:-1\" \/>\n<link rel=\"canonical\" href=\"https:\/\/www.ysb.ca\/fr\/notre-impacte\/notre-expertise\/\" \/>\n<meta property=\"og:locale\" content=\"fr_FR\" \/>\n<meta property=\"og:type\" content=\"article\" \/>\n<meta property=\"og:title\" content=\"Notre expertise - Youth Services Jeunesse\" \/>\n<meta property=\"og:description\" content=\"[vc_row fullwidth=\u00a0\u00bbtrue\u00a0\u00bb][vc_column][\/vc_column][\/vc_row][vc_row css=\u00a0\u00bb.vc_custom_1507749543113{padding-top: 80px !important;padding-bottom: 60px !important;}\u00a0\u00bb][vc_column][vc_column_text css=\u00a0\u00bb.vc_custom_1516822642585{margin-bottom: 0px !important;}\u00a0\u00bb]Le Bureau des services \u00e0 la jeunesse d\u2019Ottawa est un chef de file communautaire dans la r\u00e9gion d\u2019Ottawa, habilitant les jeunes \u00e0 faire des choix aujourd\u2019hui qui peuvent les aider \u00e0 se tailler un meilleur avenir. Nous sommes fortement engag\u00e9s dans les questions qui touchent les [&hellip;]\" \/>\n<meta property=\"og:url\" content=\"https:\/\/www.ysb.ca\/fr\/notre-impacte\/notre-expertise\/\" \/>\n<meta property=\"og:site_name\" content=\"Youth Services Jeunesse\" \/>\n<meta property=\"article:modified_time\" content=\"2018-01-24T19:37:27+00:00\" \/>\n<meta name=\"twitter:card\" content=\"summary_large_image\" \/>\n<meta name=\"twitter:label1\" content=\"Dur\u00e9e de lecture estim\u00e9e\" \/>\n\t<meta name=\"twitter:data1\" content=\"2 minutes\" \/>\n<script type=\"application\/ld+json\" class=\"yoast-schema-graph\">{\"@context\":\"https:\\\/\\\/schema.org\",\"@graph\":[{\"@type\":\"WebPage\",\"@id\":\"https:\\\/\\\/www.ysb.ca\\\/fr\\\/notre-impacte\\\/notre-expertise\\\/\",\"url\":\"https:\\\/\\\/www.ysb.ca\\\/fr\\\/notre-impacte\\\/notre-expertise\\\/\",\"name\":\"Notre expertise - Youth Services Jeunesse\",\"isPartOf\":{\"@id\":\"https:\\\/\\\/www.ysb.ca\\\/fr\\\/#website\"},\"datePublished\":\"2017-09-29T16:20:10+00:00\",\"dateModified\":\"2018-01-24T19:37:27+00:00\",\"breadcrumb\":{\"@id\":\"https:\\\/\\\/www.ysb.ca\\\/fr\\\/notre-impacte\\\/notre-expertise\\\/#breadcrumb\"},\"inLanguage\":\"fr-FR\",\"potentialAction\":[{\"@type\":\"ReadAction\",\"target\":[\"https:\\\/\\\/www.ysb.ca\\\/fr\\\/notre-impacte\\\/notre-expertise\\\/\"]}]},{\"@type\":\"BreadcrumbList\",\"@id\":\"https:\\\/\\\/www.ysb.ca\\\/fr\\\/notre-impacte\\\/notre-expertise\\\/#breadcrumb\",\"itemListElement\":[{\"@type\":\"ListItem\",\"position\":1,\"name\":\"Home\",\"item\":\"https:\\\/\\\/www.ysb.ca\\\/fr\\\/\"},{\"@type\":\"ListItem\",\"position\":2,\"name\":\"Notre impact\",\"item\":\"https:\\\/\\\/www.ysb.ca\\\/fr\\\/notre-impacte\\\/\"},{\"@type\":\"ListItem\",\"position\":3,\"name\":\"Notre expertise\"}]},{\"@type\":\"WebSite\",\"@id\":\"https:\\\/\\\/www.ysb.ca\\\/fr\\\/#website\",\"url\":\"https:\\\/\\\/www.ysb.ca\\\/fr\\\/\",\"name\":\"Youth Services Jeunesse\",\"description\":\"Ottawa Youth Services Jeunesse\",\"publisher\":{\"@id\":\"https:\\\/\\\/www.ysb.ca\\\/fr\\\/#organization\"},\"potentialAction\":[{\"@type\":\"SearchAction\",\"target\":{\"@type\":\"EntryPoint\",\"urlTemplate\":\"https:\\\/\\\/www.ysb.ca\\\/fr\\\/?s={search_term_string}\"},\"query-input\":{\"@type\":\"PropertyValueSpecification\",\"valueRequired\":true,\"valueName\":\"search_term_string\"}}],\"inLanguage\":\"fr-FR\"},{\"@type\":\"Organization\",\"@id\":\"https:\\\/\\\/www.ysb.ca\\\/fr\\\/#organization\",\"name\":\"Youth Services Jeunesse\",\"url\":\"https:\\\/\\\/www.ysb.ca\\\/fr\\\/\",\"logo\":{\"@type\":\"ImageObject\",\"inLanguage\":\"fr-FR\",\"@id\":\"https:\\\/\\\/www.ysb.ca\\\/fr\\\/#\\\/schema\\\/logo\\\/image\\\/\",\"url\":\"https:\\\/\\\/www.ysb.ca\\\/wp-content\\\/uploads\\\/2020\\\/09\\\/ysb-logo.png\",\"contentUrl\":\"https:\\\/\\\/www.ysb.ca\\\/wp-content\\\/uploads\\\/2020\\\/09\\\/ysb-logo.png\",\"width\":238,\"height\":94,\"caption\":\"Youth Services Jeunesse\"},\"image\":{\"@id\":\"https:\\\/\\\/www.ysb.ca\\\/fr\\\/#\\\/schema\\\/logo\\\/image\\\/\"},\"sameAs\":[\"https:\\\/\\\/www.instagram.com\\\/ysb.bsj\\\/\",\"https:\\\/\\\/www.youtube.com\\\/user\\\/YSBOttawa\"]}]}<\/script>\n<!-- \/ Yoast SEO plugin. -->","yoast_head_json":{"title":"Notre expertise - Youth Services Jeunesse","robots":{"index":"index","follow":"follow","max-snippet":"max-snippet:-1","max-image-preview":"max-image-preview:large","max-video-preview":"max-video-preview:-1"},"canonical":"https:\/\/www.ysb.ca\/fr\/notre-impacte\/notre-expertise\/","og_locale":"fr_FR","og_type":"article","og_title":"Notre expertise - Youth Services Jeunesse","og_description":"[vc_row fullwidth=\u00a0\u00bbtrue\u00a0\u00bb][vc_column][\/vc_column][\/vc_row][vc_row css=\u00a0\u00bb.vc_custom_1507749543113{padding-top: 80px !important;padding-bottom: 60px !important;}\u00a0\u00bb][vc_column][vc_column_text css=\u00a0\u00bb.vc_custom_1516822642585{margin-bottom: 0px !important;}\u00a0\u00bb]Le Bureau des services \u00e0 la jeunesse d\u2019Ottawa est un chef de file communautaire dans la r\u00e9gion d\u2019Ottawa, habilitant les jeunes \u00e0 faire des choix aujourd\u2019hui qui peuvent les aider \u00e0 se tailler un meilleur avenir. Nous sommes fortement engag\u00e9s dans les questions qui touchent les [&hellip;]","og_url":"https:\/\/www.ysb.ca\/fr\/notre-impacte\/notre-expertise\/","og_site_name":"Youth Services Jeunesse","article_modified_time":"2018-01-24T19:37:27+00:00","twitter_card":"summary_large_image","twitter_misc":{"Dur\u00e9e de lecture estim\u00e9e":"2 minutes"},"schema":{"@context":"https:\/\/schema.org","@graph":[{"@type":"WebPage","@id":"https:\/\/www.ysb.ca\/fr\/notre-impacte\/notre-expertise\/","url":"https:\/\/www.ysb.ca\/fr\/notre-impacte\/notre-expertise\/","name":"Notre expertise - Youth Services Jeunesse","isPartOf":{"@id":"https:\/\/www.ysb.ca\/fr\/#website"},"datePublished":"2017-09-29T16:20:10+00:00","dateModified":"2018-01-24T19:37:27+00:00","breadcrumb":{"@id":"https:\/\/www.ysb.ca\/fr\/notre-impacte\/notre-expertise\/#breadcrumb"},"inLanguage":"fr-FR","potentialAction":[{"@type":"ReadAction","target":["https:\/\/www.ysb.ca\/fr\/notre-impacte\/notre-expertise\/"]}]},{"@type":"BreadcrumbList","@id":"https:\/\/www.ysb.ca\/fr\/notre-impacte\/notre-expertise\/#breadcrumb","itemListElement":[{"@type":"ListItem","position":1,"name":"Home","item":"https:\/\/www.ysb.ca\/fr\/"},{"@type":"ListItem","position":2,"name":"Notre impact","item":"https:\/\/www.ysb.ca\/fr\/notre-impacte\/"},{"@type":"ListItem","position":3,"name":"Notre expertise"}]},{"@type":"WebSite","@id":"https:\/\/www.ysb.ca\/fr\/#website","url":"https:\/\/www.ysb.ca\/fr\/","name":"Youth Services Jeunesse","description":"Ottawa Youth Services Jeunesse","publisher":{"@id":"https:\/\/www.ysb.ca\/fr\/#organization"},"potentialAction":[{"@type":"SearchAction","target":{"@type":"EntryPoint","urlTemplate":"https:\/\/www.ysb.ca\/fr\/?s={search_term_string}"},"query-input":{"@type":"PropertyValueSpecification","valueRequired":true,"valueName":"search_term_string"}}],"inLanguage":"fr-FR"},{"@type":"Organization","@id":"https:\/\/www.ysb.ca\/fr\/#organization","name":"Youth Services Jeunesse","url":"https:\/\/www.ysb.ca\/fr\/","logo":{"@type":"ImageObject","inLanguage":"fr-FR","@id":"https:\/\/www.ysb.ca\/fr\/#\/schema\/logo\/image\/","url":"https:\/\/www.ysb.ca\/wp-content\/uploads\/2020\/09\/ysb-logo.png","contentUrl":"https:\/\/www.ysb.ca\/wp-content\/uploads\/2020\/09\/ysb-logo.png","width":238,"height":94,"caption":"Youth Services Jeunesse"},"image":{"@id":"https:\/\/www.ysb.ca\/fr\/#\/schema\/logo\/image\/"},"sameAs":["https:\/\/www.instagram.com\/ysb.bsj\/","https:\/\/www.youtube.com\/user\/YSBOttawa"]}]}},"_links":{"self":[{"href":"https:\/\/www.ysb.ca\/fr\/wp-json\/wp\/v2\/pages\/1691","targetHints":{"allow":["GET"]}}],"collection":[{"href":"https:\/\/www.ysb.ca\/fr\/wp-json\/wp\/v2\/pages"}],"about":[{"href":"https:\/\/www.ysb.ca\/fr\/wp-json\/wp\/v2\/types\/page"}],"author":[{"embeddable":true,"href":"https:\/\/www.ysb.ca\/fr\/wp-json\/wp\/v2\/users\/1"}],"replies":[{"embeddable":true,"href":"https:\/\/www.ysb.ca\/fr\/wp-json\/wp\/v2\/comments?post=1691"}],"version-history":[{"count":1,"href":"https:\/\/www.ysb.ca\/fr\/wp-json\/wp\/v2\/pages\/1691\/revisions"}],"predecessor-version":[{"id":1957,"href":"https:\/\/www.ysb.ca\/fr\/wp-json\/wp\/v2\/pages\/1691\/revisions\/1957"}],"up":[{"embeddable":true,"href":"https:\/\/www.ysb.ca\/fr\/wp-json\/wp\/v2\/pages\/1693"}],"wp:attachment":[{"href":"https:\/\/www.ysb.ca\/fr\/wp-json\/wp\/v2\/media?parent=1691"}],"curies":[{"name":"wp","href":"https:\/\/api.w.org\/{rel}","templated":true}]}}