
{"id":1690,"date":"2017-09-29T12:20:27","date_gmt":"2017-09-29T16:20:27","guid":{"rendered":"http:\/\/www.ysb.ca\/our-reach\/"},"modified":"2018-01-24T14:39:39","modified_gmt":"2018-01-24T19:39:39","slug":"notre-portee","status":"publish","type":"page","link":"https:\/\/www.ysb.ca\/fr\/notre-impacte\/notre-portee\/","title":{"rendered":"Notre port\u00e9e"},"content":{"rendered":"<div class=\"wpb-content-wrapper\">[vc_row fullwidth=\u00a0\u00bbtrue\u00a0\u00bb][vc_column]\n        <div class=\"ysb-banner-wrapper\" style=\"background-image: url(https:\/\/www.ysb.ca\/wp-content\/uploads\/2017\/09\/ourimpact.jpg);\">\n         \n            <div class=\"ysb-title-wrapper mk-animate-element bottom-to-top mk-in-viewport\" style=\"background-image: url();\">\n\t\t\t\t<h1 class=\"ysb-banner-title\">Notre port\u00e9e<\/h1>\n\t\t\t\t\n\t\t\t<\/div>\n         \n        <\/div>[\/vc_column][\/vc_row][vc_row css=\u00a0\u00bb.vc_custom_1507749379779{padding-top: 80px !important;}\u00a0\u00bb][vc_column][vc_column_text css=\u00a0\u00bb.vc_custom_1516822711950{margin-bottom: 0px !important;}\u00a0\u00bb]Chaque mois, plus de 2 500 jeunes et familles comptent sur le Bureau des services \u00e0 la jeunesse d\u2019Ottawa pour les aider \u00e0 composer avec les questions difficiles auxquelles ils font face\u2014des questions comme la pauvret\u00e9, le mauvais traitement, la violence familiale, la d\u00e9pression, la toxicomanie et le probl\u00e8me des sans-abri. Avec le soutien de 350 professionnels soucieux \u0153uvrant dans 20 emplacements partout dans la ville d\u2019Ottawa, nous sommes en mesure de composer avec l\u2019\u00e9tendue et la complexit\u00e9 de ces questions.<\/p>\n<p>Nous aidons les jeunes de la localit\u00e9 \u00e0 trouver leur force, leur d\u00e9termination et leurs r\u00eaves depuis 1960, et nous avons une strat\u00e9gie ambitieuse en place dans le but de continuer \u00e0 r\u00e9pondre \u00e0 l\u2019\u00e9volution des besoins pour nos programmes dans les domaines des services communautaires, de la sant\u00e9 mentale, de l\u2019engagement des jeunes, de l\u2019emploi et de la justice pour les jeunes.[\/vc_column_text][\/vc_column][\/vc_row][vc_row][vc_column][mk_padding_divider size=\u00a0\u00bb24&Prime;][\/vc_column][\/vc_row][vc_row][vc_column][vc_column_text css=\u00a0\u00bb.vc_custom_1516822725603{margin-bottom: 0px !important;}\u00a0\u00bb]\n<h2>Services communautaires<\/h2>\n<ul>\n<li>Chaque ann\u00e9e, plus de 1 200 jeunes comptent sur nous pour les aider \u00e0 subvenir \u00e0 leurs besoins les plus fondamentaux\u2014nourriture, abri et s\u00e9curit\u00e9\u2014et \u00e0 les maintenir.<\/li>\n<li>En un an seulement, les abris pour jeunes femmes et jeunes hommes ont offert 20 000 nuit\u00e9es d\u2019abri aux jeunes ayant besoin d\u2019un endroit s\u00e9curitaire.<\/li>\n<li>Plus de 80% des jeunes desservis par notre Programme de logement et de tutelle \u00e9vitent de devenir sans abri apr\u00e8s voir travaill\u00e9 avec notre personnel sur des aptitudes \u00e0 la vie quotidienne, la r\u00e9solution de conflits, l\u2019\u00e9tablissement d\u2019un budget et le logement<\/li>\n<\/ul>\n[\/vc_column_text][\/vc_column][\/vc_row][vc_row][vc_column][mk_padding_divider size=\u00a0\u00bb24&Prime;][\/vc_column][\/vc_row][vc_row][vc_column][vc_column_text css=\u00a0\u00bb.vc_custom_1516822736728{margin-bottom: 0px !important;}\u00a0\u00bb]\n<h2>Sant\u00e9 mentale<\/h2>\n<ul>\n<li>Des milliers de jeunes dans la r\u00e9gion d\u2019Ottawa aux prises avec des probl\u00e8mes de sant\u00e9 mentale se pr\u00e9sentent \u00e0 nous chaque ann\u00e9e.<\/li>\n<li>Au moyen de notre Ligne d\u2019intervention en cas de crise jour ou nuit, de notre \u00e9quipe mobile et de notre unit\u00e9 en \u00e9tablissement, nous sommes en mesure d\u2019appuyer les jeunes et les familles pendant les p\u00e9riodes les plus critiques et vuln\u00e9rable.<\/li>\n<\/ul>\n[\/vc_column_text][\/vc_column][\/vc_row][vc_row][vc_column][mk_padding_divider size=\u00a0\u00bb24&Prime;][\/vc_column][\/vc_row][vc_row][vc_column][vc_column_text css=\u00a0\u00bb.vc_custom_1516822749770{margin-bottom: 0px !important;}\u00a0\u00bb]\n<h2>Engagement des jeunes<\/h2>\n<ul>\n<li>L\u2019engagement des jeunes dans notre organisme et la vie civique les aident \u00e0 trouver la force interne.<\/li>\n<li>En si\u00e9geant aux comit\u00e9s consultatifs des jeunes du BSJ, les jeunes d\u00e9veloppent des aptitudes \u00e0 la direction et deviennent engag\u00e9s dans leur communaut\u00e9.<\/li>\n<li>L\u2019an dernier, nous avons fourni des occasions pour la voix des jeunes au sein du BSJ, au moyen de 31 ateliers de formation, de 5 \u00e9v\u00e9nements \u00e0\u00a0l\u2019intention des jeunes, de 6 tables rondes, de 144 r\u00e9unions de comit\u00e9s consultatifs des jeunes, de 11 Foires d\u2019information et de sant\u00e9, de 16 forums et conf\u00e9rences, et de 25 r\u00e9unions communautaires.<\/li>\n<\/ul>\n[\/vc_column_text][\/vc_column][\/vc_row][vc_row][vc_column][mk_padding_divider size=\u00a0\u00bb24&Prime;][\/vc_column][\/vc_row][vc_row][vc_column][vc_column_text css=\u00a0\u00bb.vc_custom_1516822763430{margin-bottom: 0px !important;}\u00a0\u00bb]\n<h2>Emploi<\/h2>\n<ul>\n<li>Nous avons aid\u00e9 des milliers de jeunes \u00e0 acqu\u00e9rir une exp\u00e9rience de travail inestimable et \u00e0 obtenir des placements.<\/li>\n<li>Nos Services d\u2019emploi affichent un taux de r\u00e9ussite impressionnant de 79 % chez les jeunes qui acc\u00e8dent aux services et se trouvent un emploi.<\/li>\n<\/ul>\n[\/vc_column_text][\/vc_column][\/vc_row][vc_row][vc_column][mk_padding_divider size=\u00a0\u00bb24&Prime;][\/vc_column][\/vc_row][vc_row css=\u00a0\u00bb.vc_custom_1507749333942{padding-bottom: 60px !important;}\u00a0\u00bb][vc_column][vc_column_text css=\u00a0\u00bb.vc_custom_1516822775044{margin-bottom: 0px !important;}\u00a0\u00bb]\n<h2>Justice pour les jeunes<\/h2>\n<ul>\n<li>Chaque jour, nous offrons un soutien sp\u00e9cialis\u00e9 aux jeunes sous garde pour les aider \u00e0 apprendre de nouvelles aptitudes et \u00e0 faire des choix positifs.<\/li>\n<li>Nous offrons du counseling en gestion de la col\u00e8re et en r\u00e9int\u00e9gration communautaire aux jeunes sous garde.<\/li>\n<\/ul>\n[\/vc_column_text][\/vc_column][\/vc_row]\n<\/div>","protected":false},"excerpt":{"rendered":"<p>[vc_row fullwidth=\u00a0\u00bbtrue\u00a0\u00bb][vc_column][\/vc_column][\/vc_row][vc_row css=\u00a0\u00bb.vc_custom_1507749379779{padding-top: 80px !important;}\u00a0\u00bb][vc_column][vc_column_text css=\u00a0\u00bb.vc_custom_1516822711950{margin-bottom: 0px !important;}\u00a0\u00bb]Chaque mois, plus de 2 500 jeunes et familles comptent sur le Bureau des services \u00e0 la jeunesse d\u2019Ottawa pour les aider \u00e0 composer avec les questions difficiles auxquelles ils font face\u2014des questions comme la pauvret\u00e9, le mauvais traitement, la violence familiale, la d\u00e9pression, la toxicomanie et le [&hellip;]<\/p>\n","protected":false},"author":1,"featured_media":0,"parent":1693,"menu_order":137,"comment_status":"closed","ping_status":"closed","template":"","meta":{"rs_blank_template":"","rs_page_bg_color":"","slide_template_v7":"","footnotes":""},"class_list":["post-1690","page","type-page","status-publish","hentry"],"yoast_head":"<!-- This site is optimized with the Yoast SEO plugin v27.3 - https:\/\/yoast.com\/product\/yoast-seo-wordpress\/ -->\n<title>Notre port\u00e9e - Youth Services Jeunesse<\/title>\n<meta name=\"robots\" content=\"index, follow, max-snippet:-1, max-image-preview:large, max-video-preview:-1\" \/>\n<link rel=\"canonical\" href=\"https:\/\/www.ysb.ca\/fr\/notre-impacte\/notre-portee\/\" \/>\n<meta property=\"og:locale\" content=\"fr_FR\" \/>\n<meta property=\"og:type\" content=\"article\" \/>\n<meta property=\"og:title\" content=\"Notre port\u00e9e - Youth Services Jeunesse\" \/>\n<meta property=\"og:description\" content=\"[vc_row fullwidth=\u00a0\u00bbtrue\u00a0\u00bb][vc_column][\/vc_column][\/vc_row][vc_row css=\u00a0\u00bb.vc_custom_1507749379779{padding-top: 80px !important;}\u00a0\u00bb][vc_column][vc_column_text css=\u00a0\u00bb.vc_custom_1516822711950{margin-bottom: 0px !important;}\u00a0\u00bb]Chaque mois, plus de 2 500 jeunes et familles comptent sur le Bureau des services \u00e0 la jeunesse d\u2019Ottawa pour les aider \u00e0 composer avec les questions difficiles auxquelles ils font face\u2014des questions comme la pauvret\u00e9, le mauvais traitement, la violence familiale, la d\u00e9pression, la toxicomanie et le [&hellip;]\" \/>\n<meta property=\"og:url\" content=\"https:\/\/www.ysb.ca\/fr\/notre-impacte\/notre-portee\/\" \/>\n<meta property=\"og:site_name\" content=\"Youth Services Jeunesse\" \/>\n<meta property=\"article:modified_time\" content=\"2018-01-24T19:39:39+00:00\" \/>\n<meta name=\"twitter:card\" content=\"summary_large_image\" \/>\n<meta name=\"twitter:label1\" content=\"Dur\u00e9e de lecture estim\u00e9e\" \/>\n\t<meta name=\"twitter:data1\" content=\"4 minutes\" \/>\n<script type=\"application\/ld+json\" class=\"yoast-schema-graph\">{\"@context\":\"https:\\\/\\\/schema.org\",\"@graph\":[{\"@type\":\"WebPage\",\"@id\":\"https:\\\/\\\/www.ysb.ca\\\/fr\\\/notre-impacte\\\/notre-portee\\\/\",\"url\":\"https:\\\/\\\/www.ysb.ca\\\/fr\\\/notre-impacte\\\/notre-portee\\\/\",\"name\":\"Notre port\u00e9e - Youth Services Jeunesse\",\"isPartOf\":{\"@id\":\"https:\\\/\\\/www.ysb.ca\\\/fr\\\/#website\"},\"datePublished\":\"2017-09-29T16:20:27+00:00\",\"dateModified\":\"2018-01-24T19:39:39+00:00\",\"breadcrumb\":{\"@id\":\"https:\\\/\\\/www.ysb.ca\\\/fr\\\/notre-impacte\\\/notre-portee\\\/#breadcrumb\"},\"inLanguage\":\"fr-FR\",\"potentialAction\":[{\"@type\":\"ReadAction\",\"target\":[\"https:\\\/\\\/www.ysb.ca\\\/fr\\\/notre-impacte\\\/notre-portee\\\/\"]}]},{\"@type\":\"BreadcrumbList\",\"@id\":\"https:\\\/\\\/www.ysb.ca\\\/fr\\\/notre-impacte\\\/notre-portee\\\/#breadcrumb\",\"itemListElement\":[{\"@type\":\"ListItem\",\"position\":1,\"name\":\"Home\",\"item\":\"https:\\\/\\\/www.ysb.ca\\\/fr\\\/\"},{\"@type\":\"ListItem\",\"position\":2,\"name\":\"Notre impact\",\"item\":\"https:\\\/\\\/www.ysb.ca\\\/fr\\\/notre-impacte\\\/\"},{\"@type\":\"ListItem\",\"position\":3,\"name\":\"Notre port\u00e9e\"}]},{\"@type\":\"WebSite\",\"@id\":\"https:\\\/\\\/www.ysb.ca\\\/fr\\\/#website\",\"url\":\"https:\\\/\\\/www.ysb.ca\\\/fr\\\/\",\"name\":\"Youth Services Jeunesse\",\"description\":\"Ottawa Youth Services Jeunesse\",\"publisher\":{\"@id\":\"https:\\\/\\\/www.ysb.ca\\\/fr\\\/#organization\"},\"potentialAction\":[{\"@type\":\"SearchAction\",\"target\":{\"@type\":\"EntryPoint\",\"urlTemplate\":\"https:\\\/\\\/www.ysb.ca\\\/fr\\\/?s={search_term_string}\"},\"query-input\":{\"@type\":\"PropertyValueSpecification\",\"valueRequired\":true,\"valueName\":\"search_term_string\"}}],\"inLanguage\":\"fr-FR\"},{\"@type\":\"Organization\",\"@id\":\"https:\\\/\\\/www.ysb.ca\\\/fr\\\/#organization\",\"name\":\"Youth Services Jeunesse\",\"url\":\"https:\\\/\\\/www.ysb.ca\\\/fr\\\/\",\"logo\":{\"@type\":\"ImageObject\",\"inLanguage\":\"fr-FR\",\"@id\":\"https:\\\/\\\/www.ysb.ca\\\/fr\\\/#\\\/schema\\\/logo\\\/image\\\/\",\"url\":\"https:\\\/\\\/www.ysb.ca\\\/wp-content\\\/uploads\\\/2020\\\/09\\\/ysb-logo.png\",\"contentUrl\":\"https:\\\/\\\/www.ysb.ca\\\/wp-content\\\/uploads\\\/2020\\\/09\\\/ysb-logo.png\",\"width\":238,\"height\":94,\"caption\":\"Youth Services Jeunesse\"},\"image\":{\"@id\":\"https:\\\/\\\/www.ysb.ca\\\/fr\\\/#\\\/schema\\\/logo\\\/image\\\/\"},\"sameAs\":[\"https:\\\/\\\/www.instagram.com\\\/ysb.bsj\\\/\",\"https:\\\/\\\/www.youtube.com\\\/user\\\/YSBOttawa\"]}]}<\/script>\n<!-- \/ Yoast SEO plugin. -->","yoast_head_json":{"title":"Notre port\u00e9e - Youth Services Jeunesse","robots":{"index":"index","follow":"follow","max-snippet":"max-snippet:-1","max-image-preview":"max-image-preview:large","max-video-preview":"max-video-preview:-1"},"canonical":"https:\/\/www.ysb.ca\/fr\/notre-impacte\/notre-portee\/","og_locale":"fr_FR","og_type":"article","og_title":"Notre port\u00e9e - Youth Services Jeunesse","og_description":"[vc_row fullwidth=\u00a0\u00bbtrue\u00a0\u00bb][vc_column][\/vc_column][\/vc_row][vc_row css=\u00a0\u00bb.vc_custom_1507749379779{padding-top: 80px !important;}\u00a0\u00bb][vc_column][vc_column_text css=\u00a0\u00bb.vc_custom_1516822711950{margin-bottom: 0px !important;}\u00a0\u00bb]Chaque mois, plus de 2 500 jeunes et familles comptent sur le Bureau des services \u00e0 la jeunesse d\u2019Ottawa pour les aider \u00e0 composer avec les questions difficiles auxquelles ils font face\u2014des questions comme la pauvret\u00e9, le mauvais traitement, la violence familiale, la d\u00e9pression, la toxicomanie et le [&hellip;]","og_url":"https:\/\/www.ysb.ca\/fr\/notre-impacte\/notre-portee\/","og_site_name":"Youth Services Jeunesse","article_modified_time":"2018-01-24T19:39:39+00:00","twitter_card":"summary_large_image","twitter_misc":{"Dur\u00e9e de lecture estim\u00e9e":"4 minutes"},"schema":{"@context":"https:\/\/schema.org","@graph":[{"@type":"WebPage","@id":"https:\/\/www.ysb.ca\/fr\/notre-impacte\/notre-portee\/","url":"https:\/\/www.ysb.ca\/fr\/notre-impacte\/notre-portee\/","name":"Notre port\u00e9e - Youth Services Jeunesse","isPartOf":{"@id":"https:\/\/www.ysb.ca\/fr\/#website"},"datePublished":"2017-09-29T16:20:27+00:00","dateModified":"2018-01-24T19:39:39+00:00","breadcrumb":{"@id":"https:\/\/www.ysb.ca\/fr\/notre-impacte\/notre-portee\/#breadcrumb"},"inLanguage":"fr-FR","potentialAction":[{"@type":"ReadAction","target":["https:\/\/www.ysb.ca\/fr\/notre-impacte\/notre-portee\/"]}]},{"@type":"BreadcrumbList","@id":"https:\/\/www.ysb.ca\/fr\/notre-impacte\/notre-portee\/#breadcrumb","itemListElement":[{"@type":"ListItem","position":1,"name":"Home","item":"https:\/\/www.ysb.ca\/fr\/"},{"@type":"ListItem","position":2,"name":"Notre impact","item":"https:\/\/www.ysb.ca\/fr\/notre-impacte\/"},{"@type":"ListItem","position":3,"name":"Notre port\u00e9e"}]},{"@type":"WebSite","@id":"https:\/\/www.ysb.ca\/fr\/#website","url":"https:\/\/www.ysb.ca\/fr\/","name":"Youth Services Jeunesse","description":"Ottawa Youth Services Jeunesse","publisher":{"@id":"https:\/\/www.ysb.ca\/fr\/#organization"},"potentialAction":[{"@type":"SearchAction","target":{"@type":"EntryPoint","urlTemplate":"https:\/\/www.ysb.ca\/fr\/?s={search_term_string}"},"query-input":{"@type":"PropertyValueSpecification","valueRequired":true,"valueName":"search_term_string"}}],"inLanguage":"fr-FR"},{"@type":"Organization","@id":"https:\/\/www.ysb.ca\/fr\/#organization","name":"Youth Services Jeunesse","url":"https:\/\/www.ysb.ca\/fr\/","logo":{"@type":"ImageObject","inLanguage":"fr-FR","@id":"https:\/\/www.ysb.ca\/fr\/#\/schema\/logo\/image\/","url":"https:\/\/www.ysb.ca\/wp-content\/uploads\/2020\/09\/ysb-logo.png","contentUrl":"https:\/\/www.ysb.ca\/wp-content\/uploads\/2020\/09\/ysb-logo.png","width":238,"height":94,"caption":"Youth Services Jeunesse"},"image":{"@id":"https:\/\/www.ysb.ca\/fr\/#\/schema\/logo\/image\/"},"sameAs":["https:\/\/www.instagram.com\/ysb.bsj\/","https:\/\/www.youtube.com\/user\/YSBOttawa"]}]}},"_links":{"self":[{"href":"https:\/\/www.ysb.ca\/fr\/wp-json\/wp\/v2\/pages\/1690","targetHints":{"allow":["GET"]}}],"collection":[{"href":"https:\/\/www.ysb.ca\/fr\/wp-json\/wp\/v2\/pages"}],"about":[{"href":"https:\/\/www.ysb.ca\/fr\/wp-json\/wp\/v2\/types\/page"}],"author":[{"embeddable":true,"href":"https:\/\/www.ysb.ca\/fr\/wp-json\/wp\/v2\/users\/1"}],"replies":[{"embeddable":true,"href":"https:\/\/www.ysb.ca\/fr\/wp-json\/wp\/v2\/comments?post=1690"}],"version-history":[{"count":1,"href":"https:\/\/www.ysb.ca\/fr\/wp-json\/wp\/v2\/pages\/1690\/revisions"}],"predecessor-version":[{"id":1958,"href":"https:\/\/www.ysb.ca\/fr\/wp-json\/wp\/v2\/pages\/1690\/revisions\/1958"}],"up":[{"embeddable":true,"href":"https:\/\/www.ysb.ca\/fr\/wp-json\/wp\/v2\/pages\/1693"}],"wp:attachment":[{"href":"https:\/\/www.ysb.ca\/fr\/wp-json\/wp\/v2\/media?parent=1690"}],"curies":[{"name":"wp","href":"https:\/\/api.w.org\/{rel}","templated":true}]}}