
{"id":1670,"date":"2017-12-04T13:21:52","date_gmt":"2017-12-04T18:21:52","guid":{"rendered":"http:\/\/www.ysb.ca\/privacy-information\/"},"modified":"2025-07-04T11:47:07","modified_gmt":"2025-07-04T15:47:07","slug":"politique-respect-vie-privee","status":"publish","type":"page","link":"https:\/\/www.ysb.ca\/fr\/politique-respect-vie-privee\/","title":{"rendered":"Politique sur le respect de la vie priv\u00e9e"},"content":{"rendered":"<div class=\"wpb-content-wrapper\">[vc_row css=\u00a0\u00bb.vc_custom_1518809885595{padding-top: 40px !important;}\u00a0\u00bb][vc_column][vc_column_text css=\u00a0\u00bb.vc_custom_1751643986292{margin-bottom: 0px !important;}\u00a0\u00bb]\n<h2 style=\"text-align: center;\">Politique sur le respect de la vie priv\u00e9e<\/h2>\n<p>Veuillez lire les informations suivantes, de nature l\u00e9gale, avec attention. En acc\u00e9dant au site Internet et toutes ses composantes vous d\u00e9clarez que vous avez compris et acquiescez aux conditions telles que stipul\u00e9es.<\/p>\n<p>Les informations contenues dans le site comprennent des liens, cat\u00e9gories et descriptions dont le but est d&rsquo;informer les utilisateurs et ne remplacent en aucun temps le counselling formel. Toute personne ayant des questions de cette nature devrait toujours faire appel \u00e0 un professionnel.<\/p>\n<p>Le Bureau des services \u00e0 la jeunesse ne fait pas de repr\u00e9sentations, engagements, pr\u00e9tentions, promesses ou garanties quant \u00e0 l&rsquo;amplitude, l&rsquo;exactitude ou la pr\u00e9cision des r\u00e9sultats de recherche, informations, liens ou banni\u00e8res de publicit\u00e9 contenus sur le site ou sur ceux des tiers partis. Le Bureau des services \u00e0 la jeunesse ne sanctionne ni ne recommande les services ou produit offerts par les annonceurs sur ce site.<\/p>\n<p>En aucun temps, le Bureau des services \u00e0 la jeunesse est-il responsable des dommages directs, indirects, accidentels, particuliers ou cons\u00e9quents, qui peuvent survenir suite \u00e0 l&rsquo;usage du site.<\/p>\n<p>Aucun mat\u00e9riel provenant du site ne peut \u00eatre copi\u00e9, reproduit, republi\u00e9, t\u00e9l\u00e9charg\u00e9, affich\u00e9, transmis ou distribu\u00e9 d&rsquo;aucune fa\u00e7on, sauf si les t\u00e9l\u00e9chargements ou copies visent un usage personnel, non commercial, en autant que vous ne supprimez aucun droit d&rsquo;auteur, de reproduction ou autre avis de propri\u00e9t\u00e9. La modification de ce mat\u00e9riel ou l&rsquo;usage de celui-ci pour toute autre raison est en violation des droits de reproductions et autres droits de propri\u00e9t\u00e9. Toute modification ou usage autre que personnel est prohib\u00e9.<\/p>\n<p>Tout usage non autoris\u00e9 de ces images peut contrevenir \u00e0 des lois sur les droits de propri\u00e9t\u00e9, les marques de commerce ou r\u00e8glements et statuts en communication.<\/p>\n<h4 style=\"text-align: center;\"><a href=\"https:\/\/www.ysb.ca\/wp-content\/uploads\/2025\/07\/confidentiality-fr.pdf\">Renseignements personnels sur la sant\u00e9 des clients : Caract\u00e8re priv\u00e9 et confidentiel<\/a><\/h4>\n<p>Au BSJ, nous croyons au respect et \u00e0 la protection de votre vie priv\u00e9e. Nous aimerions partager avec vous comment et quand nous recueillons, utilisons et divulguons vos renseignements personnels sur la sant\u00e9.<\/p>\n<p>Veuillez <a href=\"https:\/\/www.ysb.ca\/wp-content\/uploads\/2025\/07\/confidentiality-fr.pdf\">cliquer ici<\/a> ou sur l&rsquo;image ci-dessous pour vous renseigner sur comment et quand nous recueillons, utilisons et divulguons vos renseignements personnels sur la sant\u00e9.[\/vc_column_text][\/vc_column][\/vc_row][vc_row][vc_column][mk_image src=\u00a0\u00bbhttps:\/\/www.ysb.ca\/wp-content\/uploads\/2019\/05\/confidentiality-fre_page_1.jpg\u00a0\u00bb image_size=\u00a0\u00bbmedium\u00a0\u00bb link=\u00a0\u00bbhttps:\/\/www.ysb.ca\/wp-content\/uploads\/2025\/07\/confidentiality-fr.pdf\u00a0\u00bb][\/vc_column][\/vc_row][vc_row][vc_column][mk_padding_divider size=\u00a0\u00bb24&Prime;][\/vc_column][\/vc_row]\n<\/div>","protected":false},"excerpt":{"rendered":"<p>[vc_row css=\u00a0\u00bb.vc_custom_1518809885595{padding-top: 40px !important;}\u00a0\u00bb][vc_column][vc_column_text css=\u00a0\u00bb.vc_custom_1751643986292{margin-bottom: 0px !important;}\u00a0\u00bb] Politique sur le respect de la vie priv\u00e9e Veuillez lire les informations suivantes, de nature l\u00e9gale, avec attention. En acc\u00e9dant au site Internet et toutes ses composantes vous d\u00e9clarez que vous avez compris et acquiescez aux conditions telles que stipul\u00e9es. Les informations contenues dans le site comprennent des [&hellip;]<\/p>\n","protected":false},"author":1,"featured_media":0,"parent":0,"menu_order":134,"comment_status":"closed","ping_status":"closed","template":"","meta":{"rs_blank_template":"","rs_page_bg_color":"","slide_template_v7":"","footnotes":""},"class_list":["post-1670","page","type-page","status-publish","hentry"],"yoast_head":"<!-- This site is optimized with the Yoast SEO plugin v27.4 - https:\/\/yoast.com\/product\/yoast-seo-wordpress\/ -->\n<title>Politique sur le respect de la vie priv\u00e9e - Youth Services Jeunesse<\/title>\n<meta name=\"robots\" content=\"index, follow, max-snippet:-1, max-image-preview:large, max-video-preview:-1\" \/>\n<link rel=\"canonical\" href=\"https:\/\/www.ysb.ca\/fr\/politique-respect-vie-privee\/\" \/>\n<meta property=\"og:locale\" content=\"fr_FR\" \/>\n<meta property=\"og:type\" content=\"article\" \/>\n<meta property=\"og:title\" content=\"Politique sur le respect de la vie priv\u00e9e - Youth Services Jeunesse\" \/>\n<meta property=\"og:description\" content=\"[vc_row css=\u00a0\u00bb.vc_custom_1518809885595{padding-top: 40px !important;}\u00a0\u00bb][vc_column][vc_column_text css=\u00a0\u00bb.vc_custom_1751643986292{margin-bottom: 0px !important;}\u00a0\u00bb] Politique sur le respect de la vie priv\u00e9e Veuillez lire les informations suivantes, de nature l\u00e9gale, avec attention. En acc\u00e9dant au site Internet et toutes ses composantes vous d\u00e9clarez que vous avez compris et acquiescez aux conditions telles que stipul\u00e9es. Les informations contenues dans le site comprennent des [&hellip;]\" \/>\n<meta property=\"og:url\" content=\"https:\/\/www.ysb.ca\/fr\/politique-respect-vie-privee\/\" \/>\n<meta property=\"og:site_name\" content=\"Youth Services Jeunesse\" \/>\n<meta property=\"article:modified_time\" content=\"2025-07-04T15:47:07+00:00\" \/>\n<meta name=\"twitter:card\" content=\"summary_large_image\" \/>\n<meta name=\"twitter:label1\" content=\"Dur\u00e9e de lecture estim\u00e9e\" \/>\n\t<meta name=\"twitter:data1\" content=\"2 minutes\" \/>\n<script type=\"application\/ld+json\" class=\"yoast-schema-graph\">{\"@context\":\"https:\\\/\\\/schema.org\",\"@graph\":[{\"@type\":\"WebPage\",\"@id\":\"https:\\\/\\\/www.ysb.ca\\\/fr\\\/politique-respect-vie-privee\\\/\",\"url\":\"https:\\\/\\\/www.ysb.ca\\\/fr\\\/politique-respect-vie-privee\\\/\",\"name\":\"Politique sur le respect de la vie priv\u00e9e - Youth Services Jeunesse\",\"isPartOf\":{\"@id\":\"https:\\\/\\\/www.ysb.ca\\\/fr\\\/#website\"},\"datePublished\":\"2017-12-04T18:21:52+00:00\",\"dateModified\":\"2025-07-04T15:47:07+00:00\",\"breadcrumb\":{\"@id\":\"https:\\\/\\\/www.ysb.ca\\\/fr\\\/politique-respect-vie-privee\\\/#breadcrumb\"},\"inLanguage\":\"fr-FR\",\"potentialAction\":[{\"@type\":\"ReadAction\",\"target\":[\"https:\\\/\\\/www.ysb.ca\\\/fr\\\/politique-respect-vie-privee\\\/\"]}]},{\"@type\":\"BreadcrumbList\",\"@id\":\"https:\\\/\\\/www.ysb.ca\\\/fr\\\/politique-respect-vie-privee\\\/#breadcrumb\",\"itemListElement\":[{\"@type\":\"ListItem\",\"position\":1,\"name\":\"Home\",\"item\":\"https:\\\/\\\/www.ysb.ca\\\/fr\\\/\"},{\"@type\":\"ListItem\",\"position\":2,\"name\":\"Politique sur le respect de la vie priv\u00e9e\"}]},{\"@type\":\"WebSite\",\"@id\":\"https:\\\/\\\/www.ysb.ca\\\/fr\\\/#website\",\"url\":\"https:\\\/\\\/www.ysb.ca\\\/fr\\\/\",\"name\":\"Youth Services Jeunesse\",\"description\":\"Ottawa Youth Services Jeunesse\",\"publisher\":{\"@id\":\"https:\\\/\\\/www.ysb.ca\\\/fr\\\/#organization\"},\"potentialAction\":[{\"@type\":\"SearchAction\",\"target\":{\"@type\":\"EntryPoint\",\"urlTemplate\":\"https:\\\/\\\/www.ysb.ca\\\/fr\\\/?s={search_term_string}\"},\"query-input\":{\"@type\":\"PropertyValueSpecification\",\"valueRequired\":true,\"valueName\":\"search_term_string\"}}],\"inLanguage\":\"fr-FR\"},{\"@type\":\"Organization\",\"@id\":\"https:\\\/\\\/www.ysb.ca\\\/fr\\\/#organization\",\"name\":\"Youth Services Jeunesse\",\"url\":\"https:\\\/\\\/www.ysb.ca\\\/fr\\\/\",\"logo\":{\"@type\":\"ImageObject\",\"inLanguage\":\"fr-FR\",\"@id\":\"https:\\\/\\\/www.ysb.ca\\\/fr\\\/#\\\/schema\\\/logo\\\/image\\\/\",\"url\":\"https:\\\/\\\/www.ysb.ca\\\/wp-content\\\/uploads\\\/2020\\\/09\\\/ysb-logo.png\",\"contentUrl\":\"https:\\\/\\\/www.ysb.ca\\\/wp-content\\\/uploads\\\/2020\\\/09\\\/ysb-logo.png\",\"width\":238,\"height\":94,\"caption\":\"Youth Services Jeunesse\"},\"image\":{\"@id\":\"https:\\\/\\\/www.ysb.ca\\\/fr\\\/#\\\/schema\\\/logo\\\/image\\\/\"},\"sameAs\":[\"https:\\\/\\\/www.instagram.com\\\/ysb.bsj\\\/\",\"https:\\\/\\\/www.youtube.com\\\/user\\\/YSBOttawa\"]}]}<\/script>\n<!-- \/ Yoast SEO plugin. -->","yoast_head_json":{"title":"Politique sur le respect de la vie priv\u00e9e - Youth Services Jeunesse","robots":{"index":"index","follow":"follow","max-snippet":"max-snippet:-1","max-image-preview":"max-image-preview:large","max-video-preview":"max-video-preview:-1"},"canonical":"https:\/\/www.ysb.ca\/fr\/politique-respect-vie-privee\/","og_locale":"fr_FR","og_type":"article","og_title":"Politique sur le respect de la vie priv\u00e9e - Youth Services Jeunesse","og_description":"[vc_row css=\u00a0\u00bb.vc_custom_1518809885595{padding-top: 40px !important;}\u00a0\u00bb][vc_column][vc_column_text css=\u00a0\u00bb.vc_custom_1751643986292{margin-bottom: 0px !important;}\u00a0\u00bb] Politique sur le respect de la vie priv\u00e9e Veuillez lire les informations suivantes, de nature l\u00e9gale, avec attention. En acc\u00e9dant au site Internet et toutes ses composantes vous d\u00e9clarez que vous avez compris et acquiescez aux conditions telles que stipul\u00e9es. Les informations contenues dans le site comprennent des [&hellip;]","og_url":"https:\/\/www.ysb.ca\/fr\/politique-respect-vie-privee\/","og_site_name":"Youth Services Jeunesse","article_modified_time":"2025-07-04T15:47:07+00:00","twitter_card":"summary_large_image","twitter_misc":{"Dur\u00e9e de lecture estim\u00e9e":"2 minutes"},"schema":{"@context":"https:\/\/schema.org","@graph":[{"@type":"WebPage","@id":"https:\/\/www.ysb.ca\/fr\/politique-respect-vie-privee\/","url":"https:\/\/www.ysb.ca\/fr\/politique-respect-vie-privee\/","name":"Politique sur le respect de la vie priv\u00e9e - Youth Services Jeunesse","isPartOf":{"@id":"https:\/\/www.ysb.ca\/fr\/#website"},"datePublished":"2017-12-04T18:21:52+00:00","dateModified":"2025-07-04T15:47:07+00:00","breadcrumb":{"@id":"https:\/\/www.ysb.ca\/fr\/politique-respect-vie-privee\/#breadcrumb"},"inLanguage":"fr-FR","potentialAction":[{"@type":"ReadAction","target":["https:\/\/www.ysb.ca\/fr\/politique-respect-vie-privee\/"]}]},{"@type":"BreadcrumbList","@id":"https:\/\/www.ysb.ca\/fr\/politique-respect-vie-privee\/#breadcrumb","itemListElement":[{"@type":"ListItem","position":1,"name":"Home","item":"https:\/\/www.ysb.ca\/fr\/"},{"@type":"ListItem","position":2,"name":"Politique sur le respect de la vie priv\u00e9e"}]},{"@type":"WebSite","@id":"https:\/\/www.ysb.ca\/fr\/#website","url":"https:\/\/www.ysb.ca\/fr\/","name":"Youth Services Jeunesse","description":"Ottawa Youth Services Jeunesse","publisher":{"@id":"https:\/\/www.ysb.ca\/fr\/#organization"},"potentialAction":[{"@type":"SearchAction","target":{"@type":"EntryPoint","urlTemplate":"https:\/\/www.ysb.ca\/fr\/?s={search_term_string}"},"query-input":{"@type":"PropertyValueSpecification","valueRequired":true,"valueName":"search_term_string"}}],"inLanguage":"fr-FR"},{"@type":"Organization","@id":"https:\/\/www.ysb.ca\/fr\/#organization","name":"Youth Services Jeunesse","url":"https:\/\/www.ysb.ca\/fr\/","logo":{"@type":"ImageObject","inLanguage":"fr-FR","@id":"https:\/\/www.ysb.ca\/fr\/#\/schema\/logo\/image\/","url":"https:\/\/www.ysb.ca\/wp-content\/uploads\/2020\/09\/ysb-logo.png","contentUrl":"https:\/\/www.ysb.ca\/wp-content\/uploads\/2020\/09\/ysb-logo.png","width":238,"height":94,"caption":"Youth Services Jeunesse"},"image":{"@id":"https:\/\/www.ysb.ca\/fr\/#\/schema\/logo\/image\/"},"sameAs":["https:\/\/www.instagram.com\/ysb.bsj\/","https:\/\/www.youtube.com\/user\/YSBOttawa"]}]}},"_links":{"self":[{"href":"https:\/\/www.ysb.ca\/fr\/wp-json\/wp\/v2\/pages\/1670","targetHints":{"allow":["GET"]}}],"collection":[{"href":"https:\/\/www.ysb.ca\/fr\/wp-json\/wp\/v2\/pages"}],"about":[{"href":"https:\/\/www.ysb.ca\/fr\/wp-json\/wp\/v2\/types\/page"}],"author":[{"embeddable":true,"href":"https:\/\/www.ysb.ca\/fr\/wp-json\/wp\/v2\/users\/1"}],"replies":[{"embeddable":true,"href":"https:\/\/www.ysb.ca\/fr\/wp-json\/wp\/v2\/comments?post=1670"}],"version-history":[{"count":7,"href":"https:\/\/www.ysb.ca\/fr\/wp-json\/wp\/v2\/pages\/1670\/revisions"}],"predecessor-version":[{"id":12752,"href":"https:\/\/www.ysb.ca\/fr\/wp-json\/wp\/v2\/pages\/1670\/revisions\/12752"}],"wp:attachment":[{"href":"https:\/\/www.ysb.ca\/fr\/wp-json\/wp\/v2\/media?parent=1670"}],"curies":[{"name":"wp","href":"https:\/\/api.w.org\/{rel}","templated":true}]}}