
{"id":1668,"date":"2017-09-29T10:30:37","date_gmt":"2017-09-29T14:30:37","guid":{"rendered":"http:\/\/www.ysb.ca\/for-youth\/youth-engagement\/"},"modified":"2026-03-20T12:06:06","modified_gmt":"2026-03-20T16:06:06","slug":"comites-consultatifs","status":"publish","type":"page","link":"https:\/\/www.ysb.ca\/fr\/pour-les-jeunes\/comites-consultatifs\/","title":{"rendered":"Comit\u00e9s consultatifs des jeunes"},"content":{"rendered":"<div class=\"wpb-content-wrapper\">[vc_row fullwidth=\u00a0\u00bbtrue\u00a0\u00bb][vc_column]\n        <div class=\"ysb-banner-wrapper\" style=\"background-image: url(https:\/\/www.ysb.ca\/wp-content\/uploads\/2018\/08\/engagementlandingpage.jpg);\">\n         \n            <div class=\"ysb-title-wrapper mk-animate-element bottom-to-top mk-in-viewport\" style=\"background-image: url();\">\n\t\t\t\t<h1 class=\"ysb-banner-title\">Comit\u00e9s consultatifs des jeunes<\/h1>\n\t\t\t\t\n\t\t\t<\/div>\n         \n        <\/div>[\/vc_column][\/vc_row][vc_row css=\u00a0\u00bb.vc_custom_1507298372351{padding-top: 80px !important;}\u00a0\u00bb][vc_column][vc_column_text css=\u00a0\u00bb.vc_custom_1516746877583{margin-bottom: 0px !important;}\u00a0\u00bb]Au BSJ, nous appr\u00e9cions votre opinion sur les enjeux qui sont importants pour vous. Nous cherchons \u00e9galement comment vous aider \u00e0 atteindre votre plein potentiel. Nos programmes d\u2019engagement pour les jeunes vous aideront \u00e0 acqu\u00e9rir la confiance, des comp\u00e9tences en leadership et une voix solide et ind\u00e9pendante \u2014 tout en sensibilisant la communaut\u00e9 aux probl\u00e8mes des jeunes.[\/vc_column_text][\/vc_column][\/vc_row][vc_row][vc_column][mk_padding_divider size=\u00a0\u00bb24&Prime;][\/vc_column][\/vc_row][vc_row][vc_column width=\u00a0\u00bb1\/4&Prime;][mk_image src=\u00a0\u00bbhttps:\/\/www.ysb.ca\/wp-content\/uploads\/2026\/03\/spectrum-logo-1.png\u00a0\u00bb image_size=\u00a0\u00bbfull\u00a0\u00bb][\/vc_column][vc_column width=\u00a0\u00bb3\/4&Prime;][vc_column_text margin_bottom=\u00a0\u00bb0&Prime; css=\u00a0\u00bb.vc_custom_1774022761347{margin-bottom: 0px !important;}\u00a0\u00bb]\n<h2><a href=\"https:\/\/www.ysb.ca\/fr\/pour-les-jeunes\/comites-consultatifs\/spectrum-lgbtq\/\"><u>Spectrum: Programme <\/u>2SLGBTQIA+<\/a><\/h2>\n<p>Le programme Spectrum est un groupe de discussion et d&rsquo;activit\u00e9es, qui oeuvre \u00e0 d\u00e9veloper les leadership des jeunes personnes de 12 \u00e0 25 ans s&rsquo;identifient comme \u00e9tant membre de cette communat\u00e9.<\/p>\n<p><a href=\"https:\/\/www.ysb.ca\/fr\/pour-les-jeunes\/comites-consultatifs\/spectrum-lgbtq\/\">En savoir plus<\/a>[\/vc_column_text][\/vc_column][\/vc_row][vc_row][vc_column][vc_column_text css=\u00a0\u00bb.vc_custom_1774020754537{margin-bottom: 0px !important;}\u00a0\u00bb]\n<h1>Comit\u00e9s consultatifs de jeunesse\u00a0:<\/h1>\n[\/vc_column_text][\/vc_column][\/vc_row][vc_row][vc_column width=\u00a0\u00bb1\/4&Prime;][mk_image src=\u00a0\u00bbhttps:\/\/www.ysb.ca\/wp-content\/uploads\/2025\/11\/qyacsimplelogo.png\u00a0\u00bb image_size=\u00a0\u00bbfull\u00a0\u00bb][\/vc_column][vc_column width=\u00a0\u00bb3\/4&Prime;][vc_column_text css=\u00a0\u00bb.vc_custom_1774022500372{margin-bottom: 0px !important;}\u00a0\u00bb]\n<h2>QYAC (Comit\u00e9 d&rsquo;action pour les jeunes 2SLGBTQIA+)<\/h2>\n<p>Ce travaille en partenariat avec le Bureau des services \u00e0 la jeunesse, s\u2019effor\u00e7ant de donner aux jeunes personnes queer et trans les moyens d\u2019avoir une voix forte et active au sein de notre communaut\u00e9. Nous cr\u00e9ons et proposons des activit\u00e9s, des \u00e9v\u00e9nements, des ateliers et des ressources qui \u00e9duquent et fournissent un espace (r) s\u00fbr pour se r\u00e9unir, partager, apprendre, se connecter et \u00e9prouver un sentiment de fiert\u00e9 au sein de notre communaut\u00e9.<\/p>\n<p><a href=\"https:\/\/www.ysb.ca\/fr\/pour-les-jeunes\/comites-consultatifs\/queer-youth-action-committee-qyac\/\">En savoir plus<\/a>[\/vc_column_text][\/vc_column][\/vc_row][vc_row][vc_column width=\u00a0\u00bb1\/4&Prime;][mk_image src=\u00a0\u00bbhttps:\/\/www.ysb.ca\/wp-content\/uploads\/2025\/11\/purple-sisters-new-logo-png-002.png\u00a0\u00bb image_size=\u00a0\u00bbfull\u00a0\u00bb][\/vc_column][vc_column width=\u00a0\u00bb3\/4&Prime;][vc_column_text css=\u00a0\u00bb.vc_custom_1774022252675{margin-bottom: 0px !important;}\u00a0\u00bb]\n<h2>Purple Sisters (Comit\u00e9 consultatif des jeunes femmes violettes)<\/h2>\n<p>Ce groupe attire l\u2019attention aux besoins des jeunes femmes dans la communaut\u00e9\u2014comme l\u2019aide pour aborder les questions du mauvais traitement ou des injustices en milieu de travail, ainsi que les syst\u00e8mes juridique et scolaire. Il fait en sorte que ces besoins ne sont pas mis de c\u00f4t\u00e9 en faveur de questions plus r\u00e9centes ou mieux publicis\u00e9es.<\/p>\n<p><a href=\"https:\/\/www.ysb.ca\/fr\/pour-les-jeunes\/comites-consultatifs\/jeunes-femmes-violettes\/\">En savoir plus<\/a>[\/vc_column_text][\/vc_column][\/vc_row][vc_section][vc_row][vc_column width=\u00a0\u00bb1\/4&Prime;][mk_image src=\u00a0\u00bbhttps:\/\/www.ysb.ca\/wp-content\/uploads\/2025\/11\/eyac-social-media-logo-.png\u00a0\u00bb][\/vc_column][vc_column width=\u00a0\u00bb3\/4&Prime;][vc_column_text css=\u00a0\u00bb.vc_custom_1774020965421{margin-bottom: 0px !important;}\u00a0\u00bb]\n<h2>EYAC (Comit\u00e9 consultatif ethnoculturel de la jeunesse)<\/h2>\n<p>Ce groupe travaille avec les dirigeants communautaires et les organismes de services aux jeunes pour faire en sorte que l\u2019on r\u00e9ponde aux besoins des jeunes immigrants et de leur famille, et que leur transition \u00e0 la soci\u00e9t\u00e9 canadienne se fasse sans heurt.<\/p>\n<p><a href=\"https:\/\/www.ysb.ca\/fr\/pour-les-jeunes\/comites-consultatifs\/comite-ethnoculturel\/\">En savoir plus<\/a>[\/vc_column_text][\/vc_column][\/vc_row][\/vc_section][vc_section][vc_row][vc_column][mk_padding_divider][\/vc_column][\/vc_row][vc_row][vc_column][vc_column_text css=\u00a0\u00bb.vc_custom_1774021753038{margin-bottom: 0px !important;}\u00a0\u00bb]\n<h2>Associations de jeunes locataires :<\/h2>\n<p>Les associations de jeunes locataires organisent des r\u00e9unions hebdomadaires dynamiques dans trois immeubles d\u2019habitation \u00e0 long terme de YSB. Elles contribuent \u00e0 cr\u00e9er des communaut\u00e9s plus s\u00e9curitaires, encouragent le leadership des jeunes et aident les locataires \u00e0 d\u00e9fendre les enjeux et les id\u00e9es qui leur tiennent \u00e0 c\u0153ur. Barbecues, f\u00eates saisonni\u00e8res, activit\u00e9s artistiques, conf\u00e9renciers invit\u00e9s, discussions ouvertes anim\u00e9es par les jeunes, s\u00e9ances d\u2019information et ateliers de comp\u00e9tences pratiques permettent aux jeunes locataires de s\u2019\u00e9panouir et d\u2019am\u00e9liorer la vie communautaire dans les immeubles de YSB !<\/p>\n<p>Responsable adulte : Sumayyah Bunche <a title=\"mailto:sbunche@ysb.ca\" href=\"mailto:sbunche@ysb.ca\" data-linkindex=\"0\" data-ogsc=\"\">sbunche@ysb.ca<\/a>[\/vc_column_text][\/vc_column][\/vc_row][vc_row][vc_column][mk_padding_divider][\/vc_column][\/vc_row][\/vc_section]\n<\/div>","protected":false},"excerpt":{"rendered":"<p>[vc_row fullwidth=\u00a0\u00bbtrue\u00a0\u00bb][vc_column][\/vc_column][\/vc_row][vc_row css=\u00a0\u00bb.vc_custom_1507298372351{padding-top: 80px !important;}\u00a0\u00bb][vc_column][vc_column_text css=\u00a0\u00bb.vc_custom_1516746877583{margin-bottom: 0px !important;}\u00a0\u00bb]Au BSJ, nous appr\u00e9cions votre opinion sur les enjeux qui sont importants pour vous. Nous cherchons \u00e9galement comment vous aider \u00e0 atteindre votre plein potentiel. Nos programmes d\u2019engagement pour les jeunes vous aideront \u00e0 acqu\u00e9rir la confiance, des comp\u00e9tences en leadership et une voix solide et ind\u00e9pendante \u2014 [&hellip;]<\/p>\n","protected":false},"author":1,"featured_media":0,"parent":1665,"menu_order":232,"comment_status":"closed","ping_status":"closed","template":"","meta":{"rs_blank_template":"","rs_page_bg_color":"","slide_template_v7":"","footnotes":""},"class_list":["post-1668","page","type-page","status-publish","hentry"],"yoast_head":"<!-- This site is optimized with the Yoast SEO plugin v27.5 - https:\/\/yoast.com\/product\/yoast-seo-wordpress\/ -->\n<title>Comit\u00e9s consultatifs des jeunes - Youth Services Jeunesse<\/title>\n<meta name=\"robots\" content=\"index, follow, max-snippet:-1, max-image-preview:large, max-video-preview:-1\" \/>\n<link rel=\"canonical\" href=\"https:\/\/www.ysb.ca\/fr\/pour-les-jeunes\/comites-consultatifs\/\" \/>\n<meta property=\"og:locale\" content=\"fr_FR\" \/>\n<meta property=\"og:type\" content=\"article\" \/>\n<meta property=\"og:title\" content=\"Comit\u00e9s consultatifs des jeunes - Youth Services Jeunesse\" \/>\n<meta property=\"og:description\" content=\"[vc_row fullwidth=\u00a0\u00bbtrue\u00a0\u00bb][vc_column][\/vc_column][\/vc_row][vc_row css=\u00a0\u00bb.vc_custom_1507298372351{padding-top: 80px !important;}\u00a0\u00bb][vc_column][vc_column_text css=\u00a0\u00bb.vc_custom_1516746877583{margin-bottom: 0px !important;}\u00a0\u00bb]Au BSJ, nous appr\u00e9cions votre opinion sur les enjeux qui sont importants pour vous. Nous cherchons \u00e9galement comment vous aider \u00e0 atteindre votre plein potentiel. Nos programmes d\u2019engagement pour les jeunes vous aideront \u00e0 acqu\u00e9rir la confiance, des comp\u00e9tences en leadership et une voix solide et ind\u00e9pendante \u2014 [&hellip;]\" \/>\n<meta property=\"og:url\" content=\"https:\/\/www.ysb.ca\/fr\/pour-les-jeunes\/comites-consultatifs\/\" \/>\n<meta property=\"og:site_name\" content=\"Youth Services Jeunesse\" \/>\n<meta property=\"article:modified_time\" content=\"2026-03-20T16:06:06+00:00\" \/>\n<meta name=\"twitter:card\" content=\"summary_large_image\" \/>\n<meta name=\"twitter:label1\" content=\"Dur\u00e9e de lecture estim\u00e9e\" \/>\n\t<meta name=\"twitter:data1\" content=\"3 minutes\" \/>\n<script type=\"application\/ld+json\" class=\"yoast-schema-graph\">{\"@context\":\"https:\\\/\\\/schema.org\",\"@graph\":[{\"@type\":\"WebPage\",\"@id\":\"https:\\\/\\\/www.ysb.ca\\\/fr\\\/pour-les-jeunes\\\/comites-consultatifs\\\/\",\"url\":\"https:\\\/\\\/www.ysb.ca\\\/fr\\\/pour-les-jeunes\\\/comites-consultatifs\\\/\",\"name\":\"Comit\u00e9s consultatifs des jeunes - Youth Services Jeunesse\",\"isPartOf\":{\"@id\":\"https:\\\/\\\/www.ysb.ca\\\/fr\\\/#website\"},\"datePublished\":\"2017-09-29T14:30:37+00:00\",\"dateModified\":\"2026-03-20T16:06:06+00:00\",\"breadcrumb\":{\"@id\":\"https:\\\/\\\/www.ysb.ca\\\/fr\\\/pour-les-jeunes\\\/comites-consultatifs\\\/#breadcrumb\"},\"inLanguage\":\"fr-FR\",\"potentialAction\":[{\"@type\":\"ReadAction\",\"target\":[\"https:\\\/\\\/www.ysb.ca\\\/fr\\\/pour-les-jeunes\\\/comites-consultatifs\\\/\"]}]},{\"@type\":\"BreadcrumbList\",\"@id\":\"https:\\\/\\\/www.ysb.ca\\\/fr\\\/pour-les-jeunes\\\/comites-consultatifs\\\/#breadcrumb\",\"itemListElement\":[{\"@type\":\"ListItem\",\"position\":1,\"name\":\"Home\",\"item\":\"https:\\\/\\\/www.ysb.ca\\\/fr\\\/\"},{\"@type\":\"ListItem\",\"position\":2,\"name\":\"Pour les jeunes\",\"item\":\"https:\\\/\\\/www.ysb.ca\\\/fr\\\/pour-les-jeunes\\\/\"},{\"@type\":\"ListItem\",\"position\":3,\"name\":\"Comit\u00e9s consultatifs des jeunes\"}]},{\"@type\":\"WebSite\",\"@id\":\"https:\\\/\\\/www.ysb.ca\\\/fr\\\/#website\",\"url\":\"https:\\\/\\\/www.ysb.ca\\\/fr\\\/\",\"name\":\"Youth Services Jeunesse\",\"description\":\"Ottawa Youth Services Jeunesse\",\"publisher\":{\"@id\":\"https:\\\/\\\/www.ysb.ca\\\/fr\\\/#organization\"},\"potentialAction\":[{\"@type\":\"SearchAction\",\"target\":{\"@type\":\"EntryPoint\",\"urlTemplate\":\"https:\\\/\\\/www.ysb.ca\\\/fr\\\/?s={search_term_string}\"},\"query-input\":{\"@type\":\"PropertyValueSpecification\",\"valueRequired\":true,\"valueName\":\"search_term_string\"}}],\"inLanguage\":\"fr-FR\"},{\"@type\":\"Organization\",\"@id\":\"https:\\\/\\\/www.ysb.ca\\\/fr\\\/#organization\",\"name\":\"Youth Services Jeunesse\",\"url\":\"https:\\\/\\\/www.ysb.ca\\\/fr\\\/\",\"logo\":{\"@type\":\"ImageObject\",\"inLanguage\":\"fr-FR\",\"@id\":\"https:\\\/\\\/www.ysb.ca\\\/fr\\\/#\\\/schema\\\/logo\\\/image\\\/\",\"url\":\"https:\\\/\\\/www.ysb.ca\\\/wp-content\\\/uploads\\\/2020\\\/09\\\/ysb-logo.png\",\"contentUrl\":\"https:\\\/\\\/www.ysb.ca\\\/wp-content\\\/uploads\\\/2020\\\/09\\\/ysb-logo.png\",\"width\":238,\"height\":94,\"caption\":\"Youth Services Jeunesse\"},\"image\":{\"@id\":\"https:\\\/\\\/www.ysb.ca\\\/fr\\\/#\\\/schema\\\/logo\\\/image\\\/\"},\"sameAs\":[\"https:\\\/\\\/www.instagram.com\\\/ysb.bsj\\\/\",\"https:\\\/\\\/www.youtube.com\\\/user\\\/YSBOttawa\"]}]}<\/script>\n<!-- \/ Yoast SEO plugin. -->","yoast_head_json":{"title":"Comit\u00e9s consultatifs des jeunes - Youth Services Jeunesse","robots":{"index":"index","follow":"follow","max-snippet":"max-snippet:-1","max-image-preview":"max-image-preview:large","max-video-preview":"max-video-preview:-1"},"canonical":"https:\/\/www.ysb.ca\/fr\/pour-les-jeunes\/comites-consultatifs\/","og_locale":"fr_FR","og_type":"article","og_title":"Comit\u00e9s consultatifs des jeunes - Youth Services Jeunesse","og_description":"[vc_row fullwidth=\u00a0\u00bbtrue\u00a0\u00bb][vc_column][\/vc_column][\/vc_row][vc_row css=\u00a0\u00bb.vc_custom_1507298372351{padding-top: 80px !important;}\u00a0\u00bb][vc_column][vc_column_text css=\u00a0\u00bb.vc_custom_1516746877583{margin-bottom: 0px !important;}\u00a0\u00bb]Au BSJ, nous appr\u00e9cions votre opinion sur les enjeux qui sont importants pour vous. Nous cherchons \u00e9galement comment vous aider \u00e0 atteindre votre plein potentiel. Nos programmes d\u2019engagement pour les jeunes vous aideront \u00e0 acqu\u00e9rir la confiance, des comp\u00e9tences en leadership et une voix solide et ind\u00e9pendante \u2014 [&hellip;]","og_url":"https:\/\/www.ysb.ca\/fr\/pour-les-jeunes\/comites-consultatifs\/","og_site_name":"Youth Services Jeunesse","article_modified_time":"2026-03-20T16:06:06+00:00","twitter_card":"summary_large_image","twitter_misc":{"Dur\u00e9e de lecture estim\u00e9e":"3 minutes"},"schema":{"@context":"https:\/\/schema.org","@graph":[{"@type":"WebPage","@id":"https:\/\/www.ysb.ca\/fr\/pour-les-jeunes\/comites-consultatifs\/","url":"https:\/\/www.ysb.ca\/fr\/pour-les-jeunes\/comites-consultatifs\/","name":"Comit\u00e9s consultatifs des jeunes - Youth Services Jeunesse","isPartOf":{"@id":"https:\/\/www.ysb.ca\/fr\/#website"},"datePublished":"2017-09-29T14:30:37+00:00","dateModified":"2026-03-20T16:06:06+00:00","breadcrumb":{"@id":"https:\/\/www.ysb.ca\/fr\/pour-les-jeunes\/comites-consultatifs\/#breadcrumb"},"inLanguage":"fr-FR","potentialAction":[{"@type":"ReadAction","target":["https:\/\/www.ysb.ca\/fr\/pour-les-jeunes\/comites-consultatifs\/"]}]},{"@type":"BreadcrumbList","@id":"https:\/\/www.ysb.ca\/fr\/pour-les-jeunes\/comites-consultatifs\/#breadcrumb","itemListElement":[{"@type":"ListItem","position":1,"name":"Home","item":"https:\/\/www.ysb.ca\/fr\/"},{"@type":"ListItem","position":2,"name":"Pour les jeunes","item":"https:\/\/www.ysb.ca\/fr\/pour-les-jeunes\/"},{"@type":"ListItem","position":3,"name":"Comit\u00e9s consultatifs des jeunes"}]},{"@type":"WebSite","@id":"https:\/\/www.ysb.ca\/fr\/#website","url":"https:\/\/www.ysb.ca\/fr\/","name":"Youth Services Jeunesse","description":"Ottawa Youth Services Jeunesse","publisher":{"@id":"https:\/\/www.ysb.ca\/fr\/#organization"},"potentialAction":[{"@type":"SearchAction","target":{"@type":"EntryPoint","urlTemplate":"https:\/\/www.ysb.ca\/fr\/?s={search_term_string}"},"query-input":{"@type":"PropertyValueSpecification","valueRequired":true,"valueName":"search_term_string"}}],"inLanguage":"fr-FR"},{"@type":"Organization","@id":"https:\/\/www.ysb.ca\/fr\/#organization","name":"Youth Services Jeunesse","url":"https:\/\/www.ysb.ca\/fr\/","logo":{"@type":"ImageObject","inLanguage":"fr-FR","@id":"https:\/\/www.ysb.ca\/fr\/#\/schema\/logo\/image\/","url":"https:\/\/www.ysb.ca\/wp-content\/uploads\/2020\/09\/ysb-logo.png","contentUrl":"https:\/\/www.ysb.ca\/wp-content\/uploads\/2020\/09\/ysb-logo.png","width":238,"height":94,"caption":"Youth Services Jeunesse"},"image":{"@id":"https:\/\/www.ysb.ca\/fr\/#\/schema\/logo\/image\/"},"sameAs":["https:\/\/www.instagram.com\/ysb.bsj\/","https:\/\/www.youtube.com\/user\/YSBOttawa"]}]}},"_links":{"self":[{"href":"https:\/\/www.ysb.ca\/fr\/wp-json\/wp\/v2\/pages\/1668","targetHints":{"allow":["GET"]}}],"collection":[{"href":"https:\/\/www.ysb.ca\/fr\/wp-json\/wp\/v2\/pages"}],"about":[{"href":"https:\/\/www.ysb.ca\/fr\/wp-json\/wp\/v2\/types\/page"}],"author":[{"embeddable":true,"href":"https:\/\/www.ysb.ca\/fr\/wp-json\/wp\/v2\/users\/1"}],"replies":[{"embeddable":true,"href":"https:\/\/www.ysb.ca\/fr\/wp-json\/wp\/v2\/comments?post=1668"}],"version-history":[{"count":14,"href":"https:\/\/www.ysb.ca\/fr\/wp-json\/wp\/v2\/pages\/1668\/revisions"}],"predecessor-version":[{"id":14241,"href":"https:\/\/www.ysb.ca\/fr\/wp-json\/wp\/v2\/pages\/1668\/revisions\/14241"}],"up":[{"embeddable":true,"href":"https:\/\/www.ysb.ca\/fr\/wp-json\/wp\/v2\/pages\/1665"}],"wp:attachment":[{"href":"https:\/\/www.ysb.ca\/fr\/wp-json\/wp\/v2\/media?parent=1668"}],"curies":[{"name":"wp","href":"https:\/\/api.w.org\/{rel}","templated":true}]}}