
{"id":14355,"date":"2026-04-23T16:36:53","date_gmt":"2026-04-23T20:36:53","guid":{"rendered":"https:\/\/www.ysb.ca\/?page_id=14355"},"modified":"2026-04-23T16:36:53","modified_gmt":"2026-04-23T20:36:53","slug":"commentaires","status":"publish","type":"page","link":"https:\/\/www.ysb.ca\/fr\/home\/commentaires\/","title":{"rendered":"Commentaires des participants du BSJ"},"content":{"rendered":"<div class=\"wpb-content-wrapper\">[vc_row fullwidth=\u00a0\u00bbtrue\u00a0\u00bb][vc_column]\n        <div class=\"ysb-banner-wrapper\" style=\"background-image: url(https:\/\/www.ysb.ca\/wp-content\/uploads\/2026\/04\/dsdi-border-scaled.jpg);\">\n         \n            <div class=\"ysb-title-wrapper mk-animate-element bottom-to-top mk-in-viewport\" style=\"background-image: url();\">\n\t\t\t\t<h1 class=\"ysb-banner-title\">Commentaires des participants du BSJ<\/h1>\n\t\t\t\t\n\t\t\t<\/div>\n         \n        <\/div>[\/vc_column][\/vc_row][vc_row][vc_column][mk_padding_divider][\/vc_column][\/vc_row][vc_row css=\u00a0\u00bb.vc_custom_1518809885595{padding-top: 40px !important;}\u00a0\u00bb][vc_column][vc_column_text margin_bottom=\u00a0\u00bb0&Prime; css=\u00a0\u00bb.vc_custom_1776976607217{margin-bottom: 0px !important;}\u00a0\u00bb]Votre avis compte beaucoup pour nous. Vos commentaires nous aident \u00e0 comprendre nos points forts et \u00e0 savoir o\u00f9\u00a0nous pouvons nous am\u00e9liorer.<\/p>\n<p>Nous invitons r\u00e9guli\u00e8rement nos clients \u00e0 partager leur exp\u00e9rience afin d&rsquo;am\u00e9liorer nos services et de nous assurer qu&rsquo;ils r\u00e9pondent \u00e0 vos besoins. Nous recueillons vos commentaires par le biais de sondages, de conversations ou d&rsquo;autres occasions de participation.<\/p>\n<p>Toutes les r\u00e9ponses sont analys\u00e9es attentivement et servent \u00e0 orienter l&rsquo;am\u00e9lioration des services, la planification et la formation du personnel. Dans la mesure du possible, nous vous faisons part de vos commentaires et des changements que nous mettons en \u0153uvre. Vos commentaires sont confidentiels et contribuent grandement \u00e0 fa\u00e7onner les services que nous offrons.<\/p>\n<blockquote><p>Veuillez choisir le formulaire de commentaires correspondant aux services que vous avez utilis\u00e9s\u00a0:<\/p>\n<ul>\n<li>\n<h3><a href=\"https:\/\/forms.office.com\/r\/w8fV5jqfBC\">Services communautaires\u00a0: refuges<\/a><\/h3>\n<\/li>\n<li>\n<h3><a href=\"https:\/\/forms.office.com\/r\/1xEB66rAad\">Services communautaires\u00a0: logement<\/a><\/h3>\n<\/li>\n<li>\n<h3><a href=\"https:\/\/forms.office.com\/r\/w8fV5jqfBC\">Services de sant\u00e9 mentale<\/a><\/h3>\n<\/li>\n<\/ul>\n<\/blockquote>\n<p><em>Souhaitez-vous vous impliquer dans d&rsquo;autres aspects de YSB\u00a0? <\/em><\/p>\n<p><em>De nombreuses possibilit\u00e9s s&rsquo;offrent \u00e0 vous ! Communiquez avec nous au 613-729-1000 ou \u00e0 l\u2019adresse\u00a0<a href=\"mailto:info@ysb.ca\">info@ysb.ca<\/a> si vous souhaitez participer. Voici quelques suggestions\u00a0: participer \u00e0 un groupe de discussion, partager votre t\u00e9moignage sur notre site web ou par d\u2019autres moyens, si\u00e9ger \u00e0 un comit\u00e9 consultatif, participer \u00e0 nos activit\u00e9s de collecte de fonds, contribuer \u00e0 nos projets de plaidoyer, apporter votre aide administrative b\u00e9n\u00e9vole, etc.<\/em><\/p>\n<p><strong>Merci d\u2019avoir pris le temps de nous faire part de vos commentaires\u00a0!<\/strong>[\/vc_column_text][\/vc_column][\/vc_row][vc_row][vc_column][mk_padding_divider size=\u00a0\u00bb60&Prime;][\/vc_column][\/vc_row]\n<\/div>","protected":false},"excerpt":{"rendered":"<p>[vc_row fullwidth=\u00a0\u00bbtrue\u00a0\u00bb][vc_column][\/vc_column][\/vc_row][vc_row][vc_column][mk_padding_divider][\/vc_column][\/vc_row][vc_row css=\u00a0\u00bb.vc_custom_1518809885595{padding-top: 40px !important;}\u00a0\u00bb][vc_column][vc_column_text margin_bottom=\u00a0\u00bb0&Prime; css=\u00a0\u00bb.vc_custom_1776976607217{margin-bottom: 0px !important;}\u00a0\u00bb]Votre avis compte beaucoup pour nous. Vos commentaires nous aident \u00e0 comprendre nos points forts et \u00e0 savoir o\u00f9\u00a0nous pouvons nous am\u00e9liorer. Nous invitons r\u00e9guli\u00e8rement nos clients \u00e0 partager leur exp\u00e9rience afin d&rsquo;am\u00e9liorer nos services et de nous assurer qu&rsquo;ils r\u00e9pondent \u00e0 vos besoins. Nous recueillons vos [&hellip;]<\/p>\n","protected":false},"author":2,"featured_media":0,"parent":1762,"menu_order":71,"comment_status":"closed","ping_status":"closed","template":"","meta":{"rs_blank_template":"","rs_page_bg_color":"","slide_template_v7":"","footnotes":""},"class_list":["post-14355","page","type-page","status-publish","hentry"],"yoast_head":"<!-- This site is optimized with the Yoast SEO plugin v27.4 - https:\/\/yoast.com\/product\/yoast-seo-wordpress\/ -->\n<title>Commentaires des participants du BSJ - Youth Services Jeunesse<\/title>\n<meta name=\"robots\" content=\"index, follow, max-snippet:-1, max-image-preview:large, max-video-preview:-1\" \/>\n<link rel=\"canonical\" href=\"https:\/\/www.ysb.ca\/fr\/home\/commentaires\/\" \/>\n<meta property=\"og:locale\" content=\"fr_FR\" \/>\n<meta property=\"og:type\" content=\"article\" \/>\n<meta property=\"og:title\" content=\"Commentaires des participants du BSJ - Youth Services Jeunesse\" \/>\n<meta property=\"og:description\" content=\"[vc_row fullwidth=\u00a0\u00bbtrue\u00a0\u00bb][vc_column][\/vc_column][\/vc_row][vc_row][vc_column][mk_padding_divider][\/vc_column][\/vc_row][vc_row css=\u00a0\u00bb.vc_custom_1518809885595{padding-top: 40px !important;}\u00a0\u00bb][vc_column][vc_column_text margin_bottom=\u00a0\u00bb0&Prime; css=\u00a0\u00bb.vc_custom_1776976607217{margin-bottom: 0px !important;}\u00a0\u00bb]Votre avis compte beaucoup pour nous. Vos commentaires nous aident \u00e0 comprendre nos points forts et \u00e0 savoir o\u00f9\u00a0nous pouvons nous am\u00e9liorer. Nous invitons r\u00e9guli\u00e8rement nos clients \u00e0 partager leur exp\u00e9rience afin d&rsquo;am\u00e9liorer nos services et de nous assurer qu&rsquo;ils r\u00e9pondent \u00e0 vos besoins. Nous recueillons vos [&hellip;]\" \/>\n<meta property=\"og:url\" content=\"https:\/\/www.ysb.ca\/fr\/home\/commentaires\/\" \/>\n<meta property=\"og:site_name\" content=\"Youth Services Jeunesse\" \/>\n<meta name=\"twitter:card\" content=\"summary_large_image\" \/>\n<meta name=\"twitter:label1\" content=\"Dur\u00e9e de lecture estim\u00e9e\" \/>\n\t<meta name=\"twitter:data1\" content=\"2 minutes\" \/>\n<script type=\"application\/ld+json\" class=\"yoast-schema-graph\">{\"@context\":\"https:\\\/\\\/schema.org\",\"@graph\":[{\"@type\":\"WebPage\",\"@id\":\"https:\\\/\\\/www.ysb.ca\\\/fr\\\/home\\\/commentaires\\\/\",\"url\":\"https:\\\/\\\/www.ysb.ca\\\/fr\\\/home\\\/commentaires\\\/\",\"name\":\"Commentaires des participants du BSJ - Youth Services Jeunesse\",\"isPartOf\":{\"@id\":\"https:\\\/\\\/www.ysb.ca\\\/fr\\\/#website\"},\"datePublished\":\"2026-04-23T20:36:53+00:00\",\"breadcrumb\":{\"@id\":\"https:\\\/\\\/www.ysb.ca\\\/fr\\\/home\\\/commentaires\\\/#breadcrumb\"},\"inLanguage\":\"fr-FR\",\"potentialAction\":[{\"@type\":\"ReadAction\",\"target\":[\"https:\\\/\\\/www.ysb.ca\\\/fr\\\/home\\\/commentaires\\\/\"]}]},{\"@type\":\"BreadcrumbList\",\"@id\":\"https:\\\/\\\/www.ysb.ca\\\/fr\\\/home\\\/commentaires\\\/#breadcrumb\",\"itemListElement\":[{\"@type\":\"ListItem\",\"position\":1,\"name\":\"Home\",\"item\":\"https:\\\/\\\/www.ysb.ca\\\/fr\\\/\"},{\"@type\":\"ListItem\",\"position\":2,\"name\":\"Home\",\"item\":\"https:\\\/\\\/www.ysb.ca\\\/fr\\\/\"},{\"@type\":\"ListItem\",\"position\":3,\"name\":\"Commentaires des participants du BSJ\"}]},{\"@type\":\"WebSite\",\"@id\":\"https:\\\/\\\/www.ysb.ca\\\/fr\\\/#website\",\"url\":\"https:\\\/\\\/www.ysb.ca\\\/fr\\\/\",\"name\":\"Youth Services Jeunesse\",\"description\":\"Ottawa Youth Services Jeunesse\",\"publisher\":{\"@id\":\"https:\\\/\\\/www.ysb.ca\\\/fr\\\/#organization\"},\"potentialAction\":[{\"@type\":\"SearchAction\",\"target\":{\"@type\":\"EntryPoint\",\"urlTemplate\":\"https:\\\/\\\/www.ysb.ca\\\/fr\\\/?s={search_term_string}\"},\"query-input\":{\"@type\":\"PropertyValueSpecification\",\"valueRequired\":true,\"valueName\":\"search_term_string\"}}],\"inLanguage\":\"fr-FR\"},{\"@type\":\"Organization\",\"@id\":\"https:\\\/\\\/www.ysb.ca\\\/fr\\\/#organization\",\"name\":\"Youth Services Jeunesse\",\"url\":\"https:\\\/\\\/www.ysb.ca\\\/fr\\\/\",\"logo\":{\"@type\":\"ImageObject\",\"inLanguage\":\"fr-FR\",\"@id\":\"https:\\\/\\\/www.ysb.ca\\\/fr\\\/#\\\/schema\\\/logo\\\/image\\\/\",\"url\":\"https:\\\/\\\/www.ysb.ca\\\/wp-content\\\/uploads\\\/2020\\\/09\\\/ysb-logo.png\",\"contentUrl\":\"https:\\\/\\\/www.ysb.ca\\\/wp-content\\\/uploads\\\/2020\\\/09\\\/ysb-logo.png\",\"width\":238,\"height\":94,\"caption\":\"Youth Services Jeunesse\"},\"image\":{\"@id\":\"https:\\\/\\\/www.ysb.ca\\\/fr\\\/#\\\/schema\\\/logo\\\/image\\\/\"},\"sameAs\":[\"https:\\\/\\\/www.instagram.com\\\/ysb.bsj\\\/\",\"https:\\\/\\\/www.youtube.com\\\/user\\\/YSBOttawa\"]}]}<\/script>\n<!-- \/ Yoast SEO plugin. -->","yoast_head_json":{"title":"Commentaires des participants du BSJ - Youth Services Jeunesse","robots":{"index":"index","follow":"follow","max-snippet":"max-snippet:-1","max-image-preview":"max-image-preview:large","max-video-preview":"max-video-preview:-1"},"canonical":"https:\/\/www.ysb.ca\/fr\/home\/commentaires\/","og_locale":"fr_FR","og_type":"article","og_title":"Commentaires des participants du BSJ - Youth Services Jeunesse","og_description":"[vc_row fullwidth=\u00a0\u00bbtrue\u00a0\u00bb][vc_column][\/vc_column][\/vc_row][vc_row][vc_column][mk_padding_divider][\/vc_column][\/vc_row][vc_row css=\u00a0\u00bb.vc_custom_1518809885595{padding-top: 40px !important;}\u00a0\u00bb][vc_column][vc_column_text margin_bottom=\u00a0\u00bb0&Prime; css=\u00a0\u00bb.vc_custom_1776976607217{margin-bottom: 0px !important;}\u00a0\u00bb]Votre avis compte beaucoup pour nous. Vos commentaires nous aident \u00e0 comprendre nos points forts et \u00e0 savoir o\u00f9\u00a0nous pouvons nous am\u00e9liorer. Nous invitons r\u00e9guli\u00e8rement nos clients \u00e0 partager leur exp\u00e9rience afin d&rsquo;am\u00e9liorer nos services et de nous assurer qu&rsquo;ils r\u00e9pondent \u00e0 vos besoins. Nous recueillons vos [&hellip;]","og_url":"https:\/\/www.ysb.ca\/fr\/home\/commentaires\/","og_site_name":"Youth Services Jeunesse","twitter_card":"summary_large_image","twitter_misc":{"Dur\u00e9e de lecture estim\u00e9e":"2 minutes"},"schema":{"@context":"https:\/\/schema.org","@graph":[{"@type":"WebPage","@id":"https:\/\/www.ysb.ca\/fr\/home\/commentaires\/","url":"https:\/\/www.ysb.ca\/fr\/home\/commentaires\/","name":"Commentaires des participants du BSJ - Youth Services Jeunesse","isPartOf":{"@id":"https:\/\/www.ysb.ca\/fr\/#website"},"datePublished":"2026-04-23T20:36:53+00:00","breadcrumb":{"@id":"https:\/\/www.ysb.ca\/fr\/home\/commentaires\/#breadcrumb"},"inLanguage":"fr-FR","potentialAction":[{"@type":"ReadAction","target":["https:\/\/www.ysb.ca\/fr\/home\/commentaires\/"]}]},{"@type":"BreadcrumbList","@id":"https:\/\/www.ysb.ca\/fr\/home\/commentaires\/#breadcrumb","itemListElement":[{"@type":"ListItem","position":1,"name":"Home","item":"https:\/\/www.ysb.ca\/fr\/"},{"@type":"ListItem","position":2,"name":"Home","item":"https:\/\/www.ysb.ca\/fr\/"},{"@type":"ListItem","position":3,"name":"Commentaires des participants du BSJ"}]},{"@type":"WebSite","@id":"https:\/\/www.ysb.ca\/fr\/#website","url":"https:\/\/www.ysb.ca\/fr\/","name":"Youth Services Jeunesse","description":"Ottawa Youth Services Jeunesse","publisher":{"@id":"https:\/\/www.ysb.ca\/fr\/#organization"},"potentialAction":[{"@type":"SearchAction","target":{"@type":"EntryPoint","urlTemplate":"https:\/\/www.ysb.ca\/fr\/?s={search_term_string}"},"query-input":{"@type":"PropertyValueSpecification","valueRequired":true,"valueName":"search_term_string"}}],"inLanguage":"fr-FR"},{"@type":"Organization","@id":"https:\/\/www.ysb.ca\/fr\/#organization","name":"Youth Services Jeunesse","url":"https:\/\/www.ysb.ca\/fr\/","logo":{"@type":"ImageObject","inLanguage":"fr-FR","@id":"https:\/\/www.ysb.ca\/fr\/#\/schema\/logo\/image\/","url":"https:\/\/www.ysb.ca\/wp-content\/uploads\/2020\/09\/ysb-logo.png","contentUrl":"https:\/\/www.ysb.ca\/wp-content\/uploads\/2020\/09\/ysb-logo.png","width":238,"height":94,"caption":"Youth Services Jeunesse"},"image":{"@id":"https:\/\/www.ysb.ca\/fr\/#\/schema\/logo\/image\/"},"sameAs":["https:\/\/www.instagram.com\/ysb.bsj\/","https:\/\/www.youtube.com\/user\/YSBOttawa"]}]}},"_links":{"self":[{"href":"https:\/\/www.ysb.ca\/fr\/wp-json\/wp\/v2\/pages\/14355","targetHints":{"allow":["GET"]}}],"collection":[{"href":"https:\/\/www.ysb.ca\/fr\/wp-json\/wp\/v2\/pages"}],"about":[{"href":"https:\/\/www.ysb.ca\/fr\/wp-json\/wp\/v2\/types\/page"}],"author":[{"embeddable":true,"href":"https:\/\/www.ysb.ca\/fr\/wp-json\/wp\/v2\/users\/2"}],"replies":[{"embeddable":true,"href":"https:\/\/www.ysb.ca\/fr\/wp-json\/wp\/v2\/comments?post=14355"}],"version-history":[{"count":3,"href":"https:\/\/www.ysb.ca\/fr\/wp-json\/wp\/v2\/pages\/14355\/revisions"}],"predecessor-version":[{"id":14394,"href":"https:\/\/www.ysb.ca\/fr\/wp-json\/wp\/v2\/pages\/14355\/revisions\/14394"}],"up":[{"embeddable":true,"href":"https:\/\/www.ysb.ca\/fr\/wp-json\/wp\/v2\/pages\/1762"}],"wp:attachment":[{"href":"https:\/\/www.ysb.ca\/fr\/wp-json\/wp\/v2\/media?parent=14355"}],"curies":[{"name":"wp","href":"https:\/\/api.w.org\/{rel}","templated":true}]}}