
{"id":13846,"date":"2026-01-05T12:00:59","date_gmt":"2026-01-05T17:00:59","guid":{"rendered":"https:\/\/www.ysb.ca\/?page_id=13846"},"modified":"2026-01-30T10:33:19","modified_gmt":"2026-01-30T15:33:19","slug":"lacces-coordonne","status":"publish","type":"page","link":"https:\/\/www.ysb.ca\/fr\/lacces-coordonne\/","title":{"rendered":"L\u2019Acc\u00e8s coordonn\u00e9"},"content":{"rendered":"<div class=\"wpb-content-wrapper\">[vc_row fullwidth=\u00a0\u00bbtrue\u00a0\u00bb][vc_column]\n        <div class=\"ysb-banner-wrapper\" style=\"background-image: url(https:\/\/www.ysb.ca\/wp-content\/uploads\/2026\/01\/coordinated-access-banner-1-scaled.jpg);\">\n         \n            <div class=\"ysb-title-wrapper mk-animate-element bottom-to-top mk-in-viewport\" style=\"background-image: url();\">\n\t\t\t\t<h1 class=\"ysb-banner-title\">L\u2019Acc\u00e8s coordonn\u00e9<\/h1>\n\t\t\t\t\n\t\t\t<\/div>\n         \n        <\/div>[\/vc_column][\/vc_row][vc_row css=\u00a0\u00bb.vc_custom_1507298372351{padding-top: 80px !important;}\u00a0\u00bb][vc_column][vc_column_text css=\u00a0\u00bb.vc_custom_1767576595599{margin-bottom: 0px !important;}\u00a0\u00bb]<span lang=\"fr-CA\" data-olk-copy-source=\"MessageBody\">L\u2019Acc\u00e8s coordonn\u00e9 et services de r\u00e9f\u00e9rence pour les enfants d\u2019Ottawa (OCCARS) est un m\u00e9canisme communautaire con\u00e7u pour soutenir les professionnels dans leur travail aupr\u00e8s des enfants, des jeunes et de leurs familles.<\/span><\/p>\n<p><span data-olk-copy-source=\"MessageBody\">Ce n\u2019est pas un service en soi, mais plut\u00f4t un moyen de rassembler les intervenants afin de formuler des recommandations et de faire des aiguillages pour que les familles puissent recevoir les soutiens dont elles ont besoin. Ce m\u00e9canisme est r\u00e9serv\u00e9 uniquement aux situations complexes n\u00e9cessitant une coordination et une planification concert\u00e9e.<\/span>[\/vc_column_text][\/vc_column][\/vc_row][vc_row][vc_column][\/vc_column][\/vc_row][vc_row][vc_column][mk_padding_divider size=\u00a0\u00bb35&Prime;][vc_column_text css=\u00a0\u00bb.vc_custom_1767723250250{margin-bottom: 0px !important;}\u00a0\u00bb]\n<h3><strong>Processus de r\u00e9f\u00e9rence:<\/strong><\/h3>\n<p><span lang=\"fr-CA\" data-olk-copy-source=\"MessageBody\">1. Un professionnel (personnel scolaire, travailleur social, organisme communautaire, etc.) remplit la demande avec votre contribution et rassemble les documents n\u00e9cessaires.<\/span><\/p>\n<p><span lang=\"fr-CA\">2. Le dossier est examin\u00e9.\u00a0 Les demandes ne sont pas toutes pr\u00e9sent\u00e9es au comit\u00e9; certaines sont \u00e9valu\u00e9es par l\u2019\u00e9quipe de l\u2019Acc\u00e8s coordonn\u00e9 et peuvent \u00eatre trait\u00e9es plus rapidement.<\/span><\/p>\n<p><span lang=\"fr-CA\">3. Lorsqu\u2019une pr\u00e9sentation est pr\u00e9vue, le comit\u00e9 \u00e9coute, pose des questions, puis formule des recommandations ou propose des aiguillages.<\/span><\/p>\n<p><span lang=\"fr-CA\">4. Les recommandations sont remises au professionnel, qui les passera en revue avec vous et vous soutiendra dans les prochaines \u00e9tapes.<\/span><\/p>\n<p><em><span lang=\"fr-CA\">\u00a0<\/span><span lang=\"fr-CA\">Vous \u00eates toujours invit\u00e9(e) \u00e0 assister \u00e0 la pr\u00e9sentation devant le comit\u00e9, mais ce n\u2019est pas obligatoire.<\/span><\/em><\/p>\n<p style=\"text-align: center;\"><a href=\"https:\/\/www.ysb.ca\/wp-content\/uploads\/2026\/01\/liste-de-verification-traveilleur-referent.docx\"><strong>Acc\u00e9dez ici \u00e0 la liste de v\u00e9rification du travailleur r\u00e9f\u00e9rent<\/strong><\/a><\/p>\n<h3><b><span lang=\"fr-CA\" data-olk-copy-source=\"MessageBody\"><br \/>\nLe comit\u00e9 de l\u2019acc\u00e8s coordonn\u00e9 s\u2019engage \u00e0:<\/span><\/b><\/h3>\n<ul>\n<li><span lang=\"fr-CA\">Soutenir les enfants, jeunes et familles lorsque les services communautaires n\u2019ont pas r\u00e9pondu \u00e0 leurs besoins.<\/span><\/li>\n<li><span lang=\"fr-CA\">Aider les familles \u00e0 trouver les bons services au bon moment.<\/span><\/li>\n<li><span lang=\"fr-CA\">S\u2019assurer que les recommandations sont les moins intrusives et les plus utiles pour votre enfant.<\/span><\/li>\n<\/ul>\n<p>&nbsp;<\/p>\n<h3><strong>Les comit\u00e9s r\u00e9unissent des repr\u00e9sentants de ces organismes partenaires:<\/strong><\/h3>\n<ul>\n<li><a href=\"https:\/\/centrelecap.ca\/\"><span lang=\"fr-CA\">Centre Le CAP<\/span><\/a><\/li>\n<li><a href=\"https:\/\/www.cheo.on.ca\/fr\/index.aspx\"><span lang=\"fr-CA\">CHEO<\/span><\/a><\/li>\n<li><a href=\"https:\/\/casott.on.ca\/fr\/\"><span lang=\"fr-CA\">Soci\u00e9t\u00e9 de l\u2019aide \u00e0 l\u2019enfance d\u2019Ottawa<\/span><\/a><\/li>\n<li><a href=\"https:\/\/crossroadschildren.ca\/fr\/\"><span lang=\"fr-CA\">Crossroads Children\u2019s Mental Health Centre<\/span><\/a><\/li>\n<li><a href=\"https:\/\/www.ecolecatholique.ca\/\"><span lang=\"fr-CA\">Conseil des \u00e9coles catholiques du Centre-Est<\/span><\/a><\/li>\n<li><a href=\"https:\/\/cepeo.on.ca\/\"><span lang=\"fr-CA\">Conseil des \u00e9coles publiques de l\u2019Est de l\u2019Ontario<\/span><\/a><\/li>\n<li><a href=\"https:\/\/www.ocsb.ca\/\">Ottawa Catholic School Board<\/a><\/li>\n<li><a href=\"https:\/\/www.ocdsb.ca\/\">Ottawa Carleton District School Board<\/a><\/li>\n<li><a href=\"https:\/\/www.robertssmartcentre.com\/fr\/\"><span lang=\"fr-CA\">Centre Roberts\/Smart<\/span><\/a><\/li>\n<li><a href=\"https:\/\/www.leroyal.ca\/\"><span lang=\"fr-CA\">Centre de sant\u00e9 mentale Royale<\/span><\/a><\/li>\n<li><a href=\"https:\/\/scsonline.ca\/\"><span lang=\"fr-CA\">Coordination des services et support<\/span><\/a><\/li>\n<li><a href=\"https:\/\/www.ysb.ca\/fr\/\"><span lang=\"fr-CA\">Bureau des services \u00e0 la jeunesse d\u2019Ottawa<\/span><\/a><\/li>\n<li><a href=\"https:\/\/fr.youturn.ca\/\"><span lang=\"fr-CA\">YouTurn : Services d\u2019appui \u00e0\u00a0 la jeunesse<\/span><\/a><\/li>\n<\/ul>\n<h3><b><span lang=\"fr-CA\"><br \/>\nContactez-nous:<\/span><\/b><\/h3>\n<p><span lang=\"fr-CA\">Services de r\u00e9f\u00e9rences et l\u2019Acc\u00e8s coordonn\u00e9 pour enfants d\u2019Ottawa<br \/>\n<\/span>1355 Rue Bank Suite, 300<br \/>\nOttawa, ON, K1H 8K7<\/p>\n<p><span lang=\"fr-CA\">Courriel:\u00a0<a title=\"mailto:info@coordinatedaccess.ca\" href=\"mailto:info@coordinatedaccess.ca\" data-linkindex=\"1\" data-ogsc=\"\">info@coordinatedaccess.ca<\/a><br \/>\n<\/span>T\u00e9l\u00e9copieur: 613-288-0426[\/vc_column_text][mk_padding_divider][vc_column_text css=\u00a0\u00bb.vc_custom_1767577033428{margin-bottom: 0px !important;}\u00a0\u00bb]\n<h3><strong>Formulaires et ressources:<\/strong><\/h3>\n[\/vc_column_text][mk_padding_divider][vc_row_inner][vc_column_inner width=\u00a0\u00bb1\/4&Prime;][mk_button size=\u00a0\u00bbmedium\u00a0\u00bb url=\u00a0\u00bbhttps:\/\/www.ysb.ca\/wp-content\/uploads\/2026\/01\/mh-application-french.pdf\u00a0\u00bb target=\u00a0\u00bb_blank\u00a0\u00bb align=\u00a0\u00bbcenter\u00a0\u00bb fullwidth=\u00a0\u00bbtrue\u00a0\u00bb]Formulaire d&rsquo;application[\/mk_button][\/vc_column_inner][vc_column_inner width=\u00a0\u00bb1\/4&Prime;][mk_button size=\u00a0\u00bbmedium\u00a0\u00bb letter_spacing=\u00a0\u00bb0&Prime; url=\u00a0\u00bbhttps:\/\/www.ysb.ca\/wp-content\/uploads\/2026\/01\/guide-parent.fr_-1.docx\u00a0\u00bb target=\u00a0\u00bb_blank\u00a0\u00bb align=\u00a0\u00bbcenter\u00a0\u00bb fullwidth=\u00a0\u00bbtrue\u00a0\u00bb margin_top=\u00a0\u00bb0&Prime; margin_bottom=\u00a0\u00bb15&Prime; margin_right=\u00a0\u00bb15&Prime;]Guide parental[\/mk_button][\/vc_column_inner][vc_column_inner width=\u00a0\u00bb1\/4&Prime;][mk_button size=\u00a0\u00bbmedium\u00a0\u00bb url=\u00a0\u00bbhttps:\/\/www.ysb.ca\/wp-content\/uploads\/2026\/01\/demande-subsequente.pdf\u00a0\u00bb target=\u00a0\u00bb_blank\u00a0\u00bb align=\u00a0\u00bbcenter\u00a0\u00bb fullwidth=\u00a0\u00bbtrue\u00a0\u00bb]Demande subsequente[\/mk_button][\/vc_column_inner][vc_column_inner width=\u00a0\u00bb1\/4&Prime;][mk_button size=\u00a0\u00bbmedium\u00a0\u00bb url=\u00a0\u00bbhttps:\/\/www.ysb.ca\/wp-content\/uploads\/2026\/01\/liste-de-verification-traveilleur-referent.docx\u00a0\u00bb target=\u00a0\u00bb_blank\u00a0\u00bb align=\u00a0\u00bbcenter\u00a0\u00bb fullwidth=\u00a0\u00bbtrue\u00a0\u00bb]Liste de verification[\/mk_button][\/vc_column_inner][\/vc_row_inner][\/vc_column][\/vc_row][vc_row][vc_column][mk_padding_divider][\/vc_column][\/vc_row]\n<\/div>","protected":false},"excerpt":{"rendered":"<p>[vc_row fullwidth=\u00a0\u00bbtrue\u00a0\u00bb][vc_column][\/vc_column][\/vc_row][vc_row css=\u00a0\u00bb.vc_custom_1507298372351{padding-top: 80px !important;}\u00a0\u00bb][vc_column][vc_column_text css=\u00a0\u00bb.vc_custom_1767576595599{margin-bottom: 0px !important;}\u00a0\u00bb]L\u2019Acc\u00e8s coordonn\u00e9 et services de r\u00e9f\u00e9rence pour les enfants d\u2019Ottawa (OCCARS) est un m\u00e9canisme communautaire con\u00e7u pour soutenir les professionnels dans leur travail aupr\u00e8s des enfants, des jeunes et de leurs familles. Ce n\u2019est pas un service en soi, mais plut\u00f4t un moyen de rassembler les intervenants afin [&hellip;]<\/p>\n","protected":false},"author":13,"featured_media":0,"parent":0,"menu_order":232,"comment_status":"closed","ping_status":"closed","template":"","meta":{"rs_blank_template":"","rs_page_bg_color":"","slide_template_v7":"","footnotes":""},"class_list":["post-13846","page","type-page","status-publish","hentry"],"yoast_head":"<!-- This site is optimized with the Yoast SEO plugin v27.4 - https:\/\/yoast.com\/product\/yoast-seo-wordpress\/ -->\n<title>L\u2019Acc\u00e8s coordonn\u00e9 - Youth Services Jeunesse<\/title>\n<meta name=\"robots\" content=\"index, follow, max-snippet:-1, max-image-preview:large, max-video-preview:-1\" \/>\n<link rel=\"canonical\" href=\"https:\/\/www.ysb.ca\/fr\/lacces-coordonne\/\" \/>\n<meta property=\"og:locale\" content=\"fr_FR\" \/>\n<meta property=\"og:type\" content=\"article\" \/>\n<meta property=\"og:title\" content=\"L\u2019Acc\u00e8s coordonn\u00e9 - Youth Services Jeunesse\" \/>\n<meta property=\"og:description\" content=\"[vc_row fullwidth=\u00a0\u00bbtrue\u00a0\u00bb][vc_column][\/vc_column][\/vc_row][vc_row css=\u00a0\u00bb.vc_custom_1507298372351{padding-top: 80px !important;}\u00a0\u00bb][vc_column][vc_column_text css=\u00a0\u00bb.vc_custom_1767576595599{margin-bottom: 0px !important;}\u00a0\u00bb]L\u2019Acc\u00e8s coordonn\u00e9 et services de r\u00e9f\u00e9rence pour les enfants d\u2019Ottawa (OCCARS) est un m\u00e9canisme communautaire con\u00e7u pour soutenir les professionnels dans leur travail aupr\u00e8s des enfants, des jeunes et de leurs familles. Ce n\u2019est pas un service en soi, mais plut\u00f4t un moyen de rassembler les intervenants afin [&hellip;]\" \/>\n<meta property=\"og:url\" content=\"https:\/\/www.ysb.ca\/fr\/lacces-coordonne\/\" \/>\n<meta property=\"og:site_name\" content=\"Youth Services Jeunesse\" \/>\n<meta property=\"article:modified_time\" content=\"2026-01-30T15:33:19+00:00\" \/>\n<meta name=\"twitter:card\" content=\"summary_large_image\" \/>\n<meta name=\"twitter:label1\" content=\"Dur\u00e9e de lecture estim\u00e9e\" \/>\n\t<meta name=\"twitter:data1\" content=\"2 minutes\" \/>\n<script type=\"application\/ld+json\" class=\"yoast-schema-graph\">{\"@context\":\"https:\\\/\\\/schema.org\",\"@graph\":[{\"@type\":\"WebPage\",\"@id\":\"https:\\\/\\\/www.ysb.ca\\\/fr\\\/lacces-coordonne\\\/\",\"url\":\"https:\\\/\\\/www.ysb.ca\\\/fr\\\/lacces-coordonne\\\/\",\"name\":\"L\u2019Acc\u00e8s coordonn\u00e9 - Youth Services Jeunesse\",\"isPartOf\":{\"@id\":\"https:\\\/\\\/www.ysb.ca\\\/fr\\\/#website\"},\"datePublished\":\"2026-01-05T17:00:59+00:00\",\"dateModified\":\"2026-01-30T15:33:19+00:00\",\"breadcrumb\":{\"@id\":\"https:\\\/\\\/www.ysb.ca\\\/fr\\\/lacces-coordonne\\\/#breadcrumb\"},\"inLanguage\":\"fr-FR\",\"potentialAction\":[{\"@type\":\"ReadAction\",\"target\":[\"https:\\\/\\\/www.ysb.ca\\\/fr\\\/lacces-coordonne\\\/\"]}]},{\"@type\":\"BreadcrumbList\",\"@id\":\"https:\\\/\\\/www.ysb.ca\\\/fr\\\/lacces-coordonne\\\/#breadcrumb\",\"itemListElement\":[{\"@type\":\"ListItem\",\"position\":1,\"name\":\"Home\",\"item\":\"https:\\\/\\\/www.ysb.ca\\\/fr\\\/\"},{\"@type\":\"ListItem\",\"position\":2,\"name\":\"L\u2019Acc\u00e8s coordonn\u00e9\"}]},{\"@type\":\"WebSite\",\"@id\":\"https:\\\/\\\/www.ysb.ca\\\/fr\\\/#website\",\"url\":\"https:\\\/\\\/www.ysb.ca\\\/fr\\\/\",\"name\":\"Youth Services Jeunesse\",\"description\":\"Ottawa Youth Services Jeunesse\",\"publisher\":{\"@id\":\"https:\\\/\\\/www.ysb.ca\\\/fr\\\/#organization\"},\"potentialAction\":[{\"@type\":\"SearchAction\",\"target\":{\"@type\":\"EntryPoint\",\"urlTemplate\":\"https:\\\/\\\/www.ysb.ca\\\/fr\\\/?s={search_term_string}\"},\"query-input\":{\"@type\":\"PropertyValueSpecification\",\"valueRequired\":true,\"valueName\":\"search_term_string\"}}],\"inLanguage\":\"fr-FR\"},{\"@type\":\"Organization\",\"@id\":\"https:\\\/\\\/www.ysb.ca\\\/fr\\\/#organization\",\"name\":\"Youth Services Jeunesse\",\"url\":\"https:\\\/\\\/www.ysb.ca\\\/fr\\\/\",\"logo\":{\"@type\":\"ImageObject\",\"inLanguage\":\"fr-FR\",\"@id\":\"https:\\\/\\\/www.ysb.ca\\\/fr\\\/#\\\/schema\\\/logo\\\/image\\\/\",\"url\":\"https:\\\/\\\/www.ysb.ca\\\/wp-content\\\/uploads\\\/2020\\\/09\\\/ysb-logo.png\",\"contentUrl\":\"https:\\\/\\\/www.ysb.ca\\\/wp-content\\\/uploads\\\/2020\\\/09\\\/ysb-logo.png\",\"width\":238,\"height\":94,\"caption\":\"Youth Services Jeunesse\"},\"image\":{\"@id\":\"https:\\\/\\\/www.ysb.ca\\\/fr\\\/#\\\/schema\\\/logo\\\/image\\\/\"},\"sameAs\":[\"https:\\\/\\\/www.instagram.com\\\/ysb.bsj\\\/\",\"https:\\\/\\\/www.youtube.com\\\/user\\\/YSBOttawa\"]}]}<\/script>\n<!-- \/ Yoast SEO plugin. -->","yoast_head_json":{"title":"L\u2019Acc\u00e8s coordonn\u00e9 - Youth Services Jeunesse","robots":{"index":"index","follow":"follow","max-snippet":"max-snippet:-1","max-image-preview":"max-image-preview:large","max-video-preview":"max-video-preview:-1"},"canonical":"https:\/\/www.ysb.ca\/fr\/lacces-coordonne\/","og_locale":"fr_FR","og_type":"article","og_title":"L\u2019Acc\u00e8s coordonn\u00e9 - Youth Services Jeunesse","og_description":"[vc_row fullwidth=\u00a0\u00bbtrue\u00a0\u00bb][vc_column][\/vc_column][\/vc_row][vc_row css=\u00a0\u00bb.vc_custom_1507298372351{padding-top: 80px !important;}\u00a0\u00bb][vc_column][vc_column_text css=\u00a0\u00bb.vc_custom_1767576595599{margin-bottom: 0px !important;}\u00a0\u00bb]L\u2019Acc\u00e8s coordonn\u00e9 et services de r\u00e9f\u00e9rence pour les enfants d\u2019Ottawa (OCCARS) est un m\u00e9canisme communautaire con\u00e7u pour soutenir les professionnels dans leur travail aupr\u00e8s des enfants, des jeunes et de leurs familles. Ce n\u2019est pas un service en soi, mais plut\u00f4t un moyen de rassembler les intervenants afin [&hellip;]","og_url":"https:\/\/www.ysb.ca\/fr\/lacces-coordonne\/","og_site_name":"Youth Services Jeunesse","article_modified_time":"2026-01-30T15:33:19+00:00","twitter_card":"summary_large_image","twitter_misc":{"Dur\u00e9e de lecture estim\u00e9e":"2 minutes"},"schema":{"@context":"https:\/\/schema.org","@graph":[{"@type":"WebPage","@id":"https:\/\/www.ysb.ca\/fr\/lacces-coordonne\/","url":"https:\/\/www.ysb.ca\/fr\/lacces-coordonne\/","name":"L\u2019Acc\u00e8s coordonn\u00e9 - Youth Services Jeunesse","isPartOf":{"@id":"https:\/\/www.ysb.ca\/fr\/#website"},"datePublished":"2026-01-05T17:00:59+00:00","dateModified":"2026-01-30T15:33:19+00:00","breadcrumb":{"@id":"https:\/\/www.ysb.ca\/fr\/lacces-coordonne\/#breadcrumb"},"inLanguage":"fr-FR","potentialAction":[{"@type":"ReadAction","target":["https:\/\/www.ysb.ca\/fr\/lacces-coordonne\/"]}]},{"@type":"BreadcrumbList","@id":"https:\/\/www.ysb.ca\/fr\/lacces-coordonne\/#breadcrumb","itemListElement":[{"@type":"ListItem","position":1,"name":"Home","item":"https:\/\/www.ysb.ca\/fr\/"},{"@type":"ListItem","position":2,"name":"L\u2019Acc\u00e8s coordonn\u00e9"}]},{"@type":"WebSite","@id":"https:\/\/www.ysb.ca\/fr\/#website","url":"https:\/\/www.ysb.ca\/fr\/","name":"Youth Services Jeunesse","description":"Ottawa Youth Services Jeunesse","publisher":{"@id":"https:\/\/www.ysb.ca\/fr\/#organization"},"potentialAction":[{"@type":"SearchAction","target":{"@type":"EntryPoint","urlTemplate":"https:\/\/www.ysb.ca\/fr\/?s={search_term_string}"},"query-input":{"@type":"PropertyValueSpecification","valueRequired":true,"valueName":"search_term_string"}}],"inLanguage":"fr-FR"},{"@type":"Organization","@id":"https:\/\/www.ysb.ca\/fr\/#organization","name":"Youth Services Jeunesse","url":"https:\/\/www.ysb.ca\/fr\/","logo":{"@type":"ImageObject","inLanguage":"fr-FR","@id":"https:\/\/www.ysb.ca\/fr\/#\/schema\/logo\/image\/","url":"https:\/\/www.ysb.ca\/wp-content\/uploads\/2020\/09\/ysb-logo.png","contentUrl":"https:\/\/www.ysb.ca\/wp-content\/uploads\/2020\/09\/ysb-logo.png","width":238,"height":94,"caption":"Youth Services Jeunesse"},"image":{"@id":"https:\/\/www.ysb.ca\/fr\/#\/schema\/logo\/image\/"},"sameAs":["https:\/\/www.instagram.com\/ysb.bsj\/","https:\/\/www.youtube.com\/user\/YSBOttawa"]}]}},"_links":{"self":[{"href":"https:\/\/www.ysb.ca\/fr\/wp-json\/wp\/v2\/pages\/13846","targetHints":{"allow":["GET"]}}],"collection":[{"href":"https:\/\/www.ysb.ca\/fr\/wp-json\/wp\/v2\/pages"}],"about":[{"href":"https:\/\/www.ysb.ca\/fr\/wp-json\/wp\/v2\/types\/page"}],"author":[{"embeddable":true,"href":"https:\/\/www.ysb.ca\/fr\/wp-json\/wp\/v2\/users\/13"}],"replies":[{"embeddable":true,"href":"https:\/\/www.ysb.ca\/fr\/wp-json\/wp\/v2\/comments?post=13846"}],"version-history":[{"count":7,"href":"https:\/\/www.ysb.ca\/fr\/wp-json\/wp\/v2\/pages\/13846\/revisions"}],"predecessor-version":[{"id":13954,"href":"https:\/\/www.ysb.ca\/fr\/wp-json\/wp\/v2\/pages\/13846\/revisions\/13954"}],"wp:attachment":[{"href":"https:\/\/www.ysb.ca\/fr\/wp-json\/wp\/v2\/media?parent=13846"}],"curies":[{"name":"wp","href":"https:\/\/api.w.org\/{rel}","templated":true}]}}