
{"id":12602,"date":"2025-06-12T11:49:15","date_gmt":"2025-06-12T15:49:15","guid":{"rendered":"https:\/\/www.ysb.ca\/?page_id=12602"},"modified":"2025-06-12T12:00:21","modified_gmt":"2025-06-12T16:00:21","slug":"programme-de-reorientation-dabris","status":"publish","type":"page","link":"https:\/\/www.ysb.ca\/fr\/services\/services-communautaires-logement\/programme-de-reorientation-dabris\/","title":{"rendered":"Programme de r\u00e9orientation d&rsquo;abris pour les jeunes"},"content":{"rendered":"<div class=\"wpb-content-wrapper\">[vc_row fullwidth=\u00a0\u00bbtrue\u00a0\u00bb][vc_column]\n        <div class=\"ysb-banner-wrapper\" style=\"background-image: url(https:\/\/www.ysb.ca\/wp-content\/uploads\/2025\/06\/youth-shelter-diversion25-scaled.jpg);\">\n         \n            <div class=\"ysb-title-wrapper mk-animate-element bottom-to-top mk-in-viewport\" style=\"background-image: url();\">\n\t\t\t\t<h1 class=\"ysb-banner-title\">Programme de r\u00e9orientation d'abris<\/h1>\n\t\t\t\t\n\t\t\t<\/div>\n         \n        <\/div>[\/vc_column][\/vc_row][vc_row css=\u00a0\u00bb.vc_custom_1507646817085{padding-top: 80px !important;}\u00a0\u00bb][vc_column][vc_column_text css=\u00a0\u00bb.vc_custom_1749742146448{margin-bottom: 0px !important;}\u00a0\u00bb]\n<h2>Aider les jeunes \u00e0 explorer des alternatives s\u00e9curitaires aux refuges.<\/h2>\n<p>Le programme de r\u00e9orientation d&rsquo;abris pour les jeunes du BSJ offre un soutien imm\u00e9diat aux jeunes \u00e2g\u00e9es de 16 \u00e0 24 ans qui vivent une instabilit\u00e9 r\u00e9sidentielle. Ce programme vise \u00e0 aider les jeunes \u00e0 \u00e9viter d\u2019entrer dans le syst\u00e8me d\u2019h\u00e9bergement d\u2019urgence en explorant d\u2019abord des solutions de rechange s\u00e9curitaires, adapt\u00e9es \u00e0 leur situation.<\/p>\n<p>La r\u00e9orientation ne consiste pas \u00e0 refuser l\u2019acc\u00e8s \u00e0 un refuge. Il s\u2019agit plut\u00f4t d\u2019examiner toutes les options possibles avant d\u2019avoir recours \u00e0 un h\u00e9bergement d\u2019urgence. Si l\u2019acc\u00e8s \u00e0 un refuge s&rsquo;av\u00e8re \u00eatre la meilleure option, notre \u00e9quipe facilitera une transition fluide vers l\u2019admission et le soutien appropri\u00e9.<\/p>\n<p>Gr\u00e2ce \u00e0 des conversations individuelles abord\u00e9 avec compassion, notre personnel collabore avec les jeunes pour comprendre leurs besoins, identifier leurs forces et \u00e9laborer des plans personnalis\u00e9s. Cela peut inclure la m\u00e9diation de relations familiales, la reconnexion avec des r\u00e9seaux de soutien \u00e9largis, la recherche de logements temporaires ou l\u2019acc\u00e8s \u00e0 d\u2019autres ressources communautaires.<\/p>\n<p>En partenariat avec le jeune, nous participons \u00e0 l\u2019\u00e9tablissement d\u2019objectifs et \u00e0 la planification, ce qui lui permet de r\u00e9pondre \u00e0 ses besoins de base imm\u00e9diats tout en travaillant \u00e0 une stabilit\u00e9 et une autonomie \u00e0 long terme.<\/p>\n<p>Notre programme de r\u00e9orientation s\u2019engage \u00e0 offrir un environnement s\u00e9curitaire, inclusif et sans jugement, qui respecte la diversit\u00e9 des origines, des identit\u00e9s et des exp\u00e9riences v\u00e9cues de tous les jeunes, y compris les jeunes LGBTQ2S+.[\/vc_column_text][\/vc_column][\/vc_row][vc_row][vc_column][mk_padding_divider size=\u00a0\u00bb24&Prime;][\/vc_column][\/vc_row][vc_row css=\u00a0\u00bb.vc_custom_1507646963728{padding-bottom: 60px !important;}\u00a0\u00bb][vc_column][vc_column_text css=\u00a0\u00bb.vc_custom_1749743348017{margin-bottom: 0px !important;}\u00a0\u00bb]\n<h2>Comment acc\u00e9der au programme<\/h2>\n<p>Les jeunes \u00e0 la recherche de soutien peuvent contacter directement notre \u00e9quipe de r\u00e9orientation :<\/p>\n<p>Du lundi au vendredi, de 9 h \u00e0 17 h<br \/>\n613-807-5387<\/p>\n<p><a href=\"mailto:diversion@ysb.ca\"><span data-olk-copy-source=\"MessageBody\">diversion@ysb.ca<\/span><\/a>[\/vc_column_text][\/vc_column][\/vc_row]\n<\/div>","protected":false},"excerpt":{"rendered":"<p>[vc_row fullwidth=\u00a0\u00bbtrue\u00a0\u00bb][vc_column][\/vc_column][\/vc_row][vc_row css=\u00a0\u00bb.vc_custom_1507646817085{padding-top: 80px !important;}\u00a0\u00bb][vc_column][vc_column_text css=\u00a0\u00bb.vc_custom_1749742146448{margin-bottom: 0px !important;}\u00a0\u00bb] Aider les jeunes \u00e0 explorer des alternatives s\u00e9curitaires aux refuges. Le programme de r\u00e9orientation d&rsquo;abris pour les jeunes du BSJ offre un soutien imm\u00e9diat aux jeunes \u00e2g\u00e9es de 16 \u00e0 24 ans qui vivent une instabilit\u00e9 r\u00e9sidentielle. Ce programme vise \u00e0 aider les jeunes \u00e0 \u00e9viter d\u2019entrer [&hellip;]<\/p>\n","protected":false},"author":13,"featured_media":0,"parent":1727,"menu_order":10,"comment_status":"closed","ping_status":"closed","template":"","meta":{"rs_blank_template":"","rs_page_bg_color":"","slide_template_v7":"","footnotes":""},"class_list":["post-12602","page","type-page","status-publish","hentry"],"yoast_head":"<!-- This site is optimized with the Yoast SEO plugin v27.5 - https:\/\/yoast.com\/product\/yoast-seo-wordpress\/ -->\n<title>Programme de r\u00e9orientation d&#039;abris pour les jeunes - Youth Services Jeunesse<\/title>\n<meta name=\"robots\" content=\"index, follow, max-snippet:-1, max-image-preview:large, max-video-preview:-1\" \/>\n<link rel=\"canonical\" href=\"https:\/\/www.ysb.ca\/fr\/services\/services-communautaires-logement\/programme-de-reorientation-dabris\/\" \/>\n<meta property=\"og:locale\" content=\"fr_FR\" \/>\n<meta property=\"og:type\" content=\"article\" \/>\n<meta property=\"og:title\" content=\"Programme de r\u00e9orientation d&#039;abris pour les jeunes - Youth Services Jeunesse\" \/>\n<meta property=\"og:description\" content=\"[vc_row fullwidth=\u00a0\u00bbtrue\u00a0\u00bb][vc_column][\/vc_column][\/vc_row][vc_row css=\u00a0\u00bb.vc_custom_1507646817085{padding-top: 80px !important;}\u00a0\u00bb][vc_column][vc_column_text css=\u00a0\u00bb.vc_custom_1749742146448{margin-bottom: 0px !important;}\u00a0\u00bb] Aider les jeunes \u00e0 explorer des alternatives s\u00e9curitaires aux refuges. Le programme de r\u00e9orientation d&rsquo;abris pour les jeunes du BSJ offre un soutien imm\u00e9diat aux jeunes \u00e2g\u00e9es de 16 \u00e0 24 ans qui vivent une instabilit\u00e9 r\u00e9sidentielle. Ce programme vise \u00e0 aider les jeunes \u00e0 \u00e9viter d\u2019entrer [&hellip;]\" \/>\n<meta property=\"og:url\" content=\"https:\/\/www.ysb.ca\/fr\/services\/services-communautaires-logement\/programme-de-reorientation-dabris\/\" \/>\n<meta property=\"og:site_name\" content=\"Youth Services Jeunesse\" \/>\n<meta property=\"article:modified_time\" content=\"2025-06-12T16:00:21+00:00\" \/>\n<meta name=\"twitter:card\" content=\"summary_large_image\" \/>\n<meta name=\"twitter:label1\" content=\"Dur\u00e9e de lecture estim\u00e9e\" \/>\n\t<meta name=\"twitter:data1\" content=\"2 minutes\" \/>\n<script type=\"application\/ld+json\" class=\"yoast-schema-graph\">{\"@context\":\"https:\\\/\\\/schema.org\",\"@graph\":[{\"@type\":\"WebPage\",\"@id\":\"https:\\\/\\\/www.ysb.ca\\\/fr\\\/services\\\/services-communautaires-logement\\\/programme-de-reorientation-dabris\\\/\",\"url\":\"https:\\\/\\\/www.ysb.ca\\\/fr\\\/services\\\/services-communautaires-logement\\\/programme-de-reorientation-dabris\\\/\",\"name\":\"Programme de r\u00e9orientation d'abris pour les jeunes - Youth Services Jeunesse\",\"isPartOf\":{\"@id\":\"https:\\\/\\\/www.ysb.ca\\\/fr\\\/#website\"},\"datePublished\":\"2025-06-12T15:49:15+00:00\",\"dateModified\":\"2025-06-12T16:00:21+00:00\",\"breadcrumb\":{\"@id\":\"https:\\\/\\\/www.ysb.ca\\\/fr\\\/services\\\/services-communautaires-logement\\\/programme-de-reorientation-dabris\\\/#breadcrumb\"},\"inLanguage\":\"fr-FR\",\"potentialAction\":[{\"@type\":\"ReadAction\",\"target\":[\"https:\\\/\\\/www.ysb.ca\\\/fr\\\/services\\\/services-communautaires-logement\\\/programme-de-reorientation-dabris\\\/\"]}]},{\"@type\":\"BreadcrumbList\",\"@id\":\"https:\\\/\\\/www.ysb.ca\\\/fr\\\/services\\\/services-communautaires-logement\\\/programme-de-reorientation-dabris\\\/#breadcrumb\",\"itemListElement\":[{\"@type\":\"ListItem\",\"position\":1,\"name\":\"Home\",\"item\":\"https:\\\/\\\/www.ysb.ca\\\/fr\\\/\"},{\"@type\":\"ListItem\",\"position\":2,\"name\":\"Services\",\"item\":\"https:\\\/\\\/www.ysb.ca\\\/fr\\\/services\\\/\"},{\"@type\":\"ListItem\",\"position\":3,\"name\":\"Services communautaires et de logement\",\"item\":\"https:\\\/\\\/www.ysb.ca\\\/fr\\\/services\\\/services-communautaires-logement\\\/\"},{\"@type\":\"ListItem\",\"position\":4,\"name\":\"Programme de r\u00e9orientation d&#8217;abris pour les jeunes\"}]},{\"@type\":\"WebSite\",\"@id\":\"https:\\\/\\\/www.ysb.ca\\\/fr\\\/#website\",\"url\":\"https:\\\/\\\/www.ysb.ca\\\/fr\\\/\",\"name\":\"Youth Services Jeunesse\",\"description\":\"Ottawa Youth Services Jeunesse\",\"publisher\":{\"@id\":\"https:\\\/\\\/www.ysb.ca\\\/fr\\\/#organization\"},\"potentialAction\":[{\"@type\":\"SearchAction\",\"target\":{\"@type\":\"EntryPoint\",\"urlTemplate\":\"https:\\\/\\\/www.ysb.ca\\\/fr\\\/?s={search_term_string}\"},\"query-input\":{\"@type\":\"PropertyValueSpecification\",\"valueRequired\":true,\"valueName\":\"search_term_string\"}}],\"inLanguage\":\"fr-FR\"},{\"@type\":\"Organization\",\"@id\":\"https:\\\/\\\/www.ysb.ca\\\/fr\\\/#organization\",\"name\":\"Youth Services Jeunesse\",\"url\":\"https:\\\/\\\/www.ysb.ca\\\/fr\\\/\",\"logo\":{\"@type\":\"ImageObject\",\"inLanguage\":\"fr-FR\",\"@id\":\"https:\\\/\\\/www.ysb.ca\\\/fr\\\/#\\\/schema\\\/logo\\\/image\\\/\",\"url\":\"https:\\\/\\\/www.ysb.ca\\\/wp-content\\\/uploads\\\/2020\\\/09\\\/ysb-logo.png\",\"contentUrl\":\"https:\\\/\\\/www.ysb.ca\\\/wp-content\\\/uploads\\\/2020\\\/09\\\/ysb-logo.png\",\"width\":238,\"height\":94,\"caption\":\"Youth Services Jeunesse\"},\"image\":{\"@id\":\"https:\\\/\\\/www.ysb.ca\\\/fr\\\/#\\\/schema\\\/logo\\\/image\\\/\"},\"sameAs\":[\"https:\\\/\\\/www.instagram.com\\\/ysb.bsj\\\/\",\"https:\\\/\\\/www.youtube.com\\\/user\\\/YSBOttawa\"]}]}<\/script>\n<!-- \/ Yoast SEO plugin. -->","yoast_head_json":{"title":"Programme de r\u00e9orientation d'abris pour les jeunes - Youth Services Jeunesse","robots":{"index":"index","follow":"follow","max-snippet":"max-snippet:-1","max-image-preview":"max-image-preview:large","max-video-preview":"max-video-preview:-1"},"canonical":"https:\/\/www.ysb.ca\/fr\/services\/services-communautaires-logement\/programme-de-reorientation-dabris\/","og_locale":"fr_FR","og_type":"article","og_title":"Programme de r\u00e9orientation d'abris pour les jeunes - Youth Services Jeunesse","og_description":"[vc_row fullwidth=\u00a0\u00bbtrue\u00a0\u00bb][vc_column][\/vc_column][\/vc_row][vc_row css=\u00a0\u00bb.vc_custom_1507646817085{padding-top: 80px !important;}\u00a0\u00bb][vc_column][vc_column_text css=\u00a0\u00bb.vc_custom_1749742146448{margin-bottom: 0px !important;}\u00a0\u00bb] Aider les jeunes \u00e0 explorer des alternatives s\u00e9curitaires aux refuges. Le programme de r\u00e9orientation d&rsquo;abris pour les jeunes du BSJ offre un soutien imm\u00e9diat aux jeunes \u00e2g\u00e9es de 16 \u00e0 24 ans qui vivent une instabilit\u00e9 r\u00e9sidentielle. Ce programme vise \u00e0 aider les jeunes \u00e0 \u00e9viter d\u2019entrer [&hellip;]","og_url":"https:\/\/www.ysb.ca\/fr\/services\/services-communautaires-logement\/programme-de-reorientation-dabris\/","og_site_name":"Youth Services Jeunesse","article_modified_time":"2025-06-12T16:00:21+00:00","twitter_card":"summary_large_image","twitter_misc":{"Dur\u00e9e de lecture estim\u00e9e":"2 minutes"},"schema":{"@context":"https:\/\/schema.org","@graph":[{"@type":"WebPage","@id":"https:\/\/www.ysb.ca\/fr\/services\/services-communautaires-logement\/programme-de-reorientation-dabris\/","url":"https:\/\/www.ysb.ca\/fr\/services\/services-communautaires-logement\/programme-de-reorientation-dabris\/","name":"Programme de r\u00e9orientation d'abris pour les jeunes - Youth Services Jeunesse","isPartOf":{"@id":"https:\/\/www.ysb.ca\/fr\/#website"},"datePublished":"2025-06-12T15:49:15+00:00","dateModified":"2025-06-12T16:00:21+00:00","breadcrumb":{"@id":"https:\/\/www.ysb.ca\/fr\/services\/services-communautaires-logement\/programme-de-reorientation-dabris\/#breadcrumb"},"inLanguage":"fr-FR","potentialAction":[{"@type":"ReadAction","target":["https:\/\/www.ysb.ca\/fr\/services\/services-communautaires-logement\/programme-de-reorientation-dabris\/"]}]},{"@type":"BreadcrumbList","@id":"https:\/\/www.ysb.ca\/fr\/services\/services-communautaires-logement\/programme-de-reorientation-dabris\/#breadcrumb","itemListElement":[{"@type":"ListItem","position":1,"name":"Home","item":"https:\/\/www.ysb.ca\/fr\/"},{"@type":"ListItem","position":2,"name":"Services","item":"https:\/\/www.ysb.ca\/fr\/services\/"},{"@type":"ListItem","position":3,"name":"Services communautaires et de logement","item":"https:\/\/www.ysb.ca\/fr\/services\/services-communautaires-logement\/"},{"@type":"ListItem","position":4,"name":"Programme de r\u00e9orientation d&#8217;abris pour les jeunes"}]},{"@type":"WebSite","@id":"https:\/\/www.ysb.ca\/fr\/#website","url":"https:\/\/www.ysb.ca\/fr\/","name":"Youth Services Jeunesse","description":"Ottawa Youth Services Jeunesse","publisher":{"@id":"https:\/\/www.ysb.ca\/fr\/#organization"},"potentialAction":[{"@type":"SearchAction","target":{"@type":"EntryPoint","urlTemplate":"https:\/\/www.ysb.ca\/fr\/?s={search_term_string}"},"query-input":{"@type":"PropertyValueSpecification","valueRequired":true,"valueName":"search_term_string"}}],"inLanguage":"fr-FR"},{"@type":"Organization","@id":"https:\/\/www.ysb.ca\/fr\/#organization","name":"Youth Services Jeunesse","url":"https:\/\/www.ysb.ca\/fr\/","logo":{"@type":"ImageObject","inLanguage":"fr-FR","@id":"https:\/\/www.ysb.ca\/fr\/#\/schema\/logo\/image\/","url":"https:\/\/www.ysb.ca\/wp-content\/uploads\/2020\/09\/ysb-logo.png","contentUrl":"https:\/\/www.ysb.ca\/wp-content\/uploads\/2020\/09\/ysb-logo.png","width":238,"height":94,"caption":"Youth Services Jeunesse"},"image":{"@id":"https:\/\/www.ysb.ca\/fr\/#\/schema\/logo\/image\/"},"sameAs":["https:\/\/www.instagram.com\/ysb.bsj\/","https:\/\/www.youtube.com\/user\/YSBOttawa"]}]}},"_links":{"self":[{"href":"https:\/\/www.ysb.ca\/fr\/wp-json\/wp\/v2\/pages\/12602","targetHints":{"allow":["GET"]}}],"collection":[{"href":"https:\/\/www.ysb.ca\/fr\/wp-json\/wp\/v2\/pages"}],"about":[{"href":"https:\/\/www.ysb.ca\/fr\/wp-json\/wp\/v2\/types\/page"}],"author":[{"embeddable":true,"href":"https:\/\/www.ysb.ca\/fr\/wp-json\/wp\/v2\/users\/13"}],"replies":[{"embeddable":true,"href":"https:\/\/www.ysb.ca\/fr\/wp-json\/wp\/v2\/comments?post=12602"}],"version-history":[{"count":2,"href":"https:\/\/www.ysb.ca\/fr\/wp-json\/wp\/v2\/pages\/12602\/revisions"}],"predecessor-version":[{"id":12607,"href":"https:\/\/www.ysb.ca\/fr\/wp-json\/wp\/v2\/pages\/12602\/revisions\/12607"}],"up":[{"embeddable":true,"href":"https:\/\/www.ysb.ca\/fr\/wp-json\/wp\/v2\/pages\/1727"}],"wp:attachment":[{"href":"https:\/\/www.ysb.ca\/fr\/wp-json\/wp\/v2\/media?parent=12602"}],"curies":[{"name":"wp","href":"https:\/\/api.w.org\/{rel}","templated":true}]}}