
{"id":12486,"date":"2025-05-23T12:32:54","date_gmt":"2025-05-23T16:32:54","guid":{"rendered":"https:\/\/www.ysb.ca\/rise-and-thrive\/billets\/"},"modified":"2025-06-02T12:57:52","modified_gmt":"2025-06-02T16:57:52","slug":"billets","status":"publish","type":"page","link":"https:\/\/www.ysb.ca\/fr\/rise-and-thrive\/billets\/","title":{"rendered":"Billets"},"content":{"rendered":"\t\t<div data-elementor-type=\"wp-page\" data-elementor-id=\"12486\" class=\"elementor elementor-12486 elementor-12304\" data-elementor-post-type=\"page\">\n\t\t\t\t<a class=\"elementor-element elementor-element-03e8de7 e-con-full e-flex e-con e-parent\" data-id=\"03e8de7\" data-element_type=\"container\" data-e-type=\"container\" data-settings=\"{&quot;background_background&quot;:&quot;classic&quot;}\" href=\"https:\/\/www.ysb.ca\/fr\/rise-and-thrive\/\">\n\t\t<div class=\"elementor-element elementor-element-398a2c4 e-flex e-con-boxed e-con e-child\" data-id=\"398a2c4\" data-element_type=\"container\" data-e-type=\"container\">\n\t\t\t\t\t<div class=\"e-con-inner\">\n\t\t<div class=\"elementor-element elementor-element-69f713e e-con-full e-flex e-con e-child\" data-id=\"69f713e\" data-element_type=\"container\" data-e-type=\"container\">\n\t\t\t\t<div class=\"elementor-element elementor-element-46fbdc2 elementor-widget elementor-widget-image\" data-id=\"46fbdc2\" data-element_type=\"widget\" data-e-type=\"widget\" data-widget_type=\"image.default\">\n\t\t\t\t<div class=\"elementor-widget-container\">\n\t\t\t\t\t\t\t\t\t\t\t\t\t\t\t<img fetchpriority=\"high\" decoding=\"async\" width=\"1024\" height=\"481\" src=\"https:\/\/www.ysb.ca\/wp-content\/uploads\/2025\/05\/transparent-rise-thrive-fr-1024x481.png\" class=\"attachment-large size-large wp-image-9780\" alt=\"Rise and Thrive logo\" srcset=\"https:\/\/www.ysb.ca\/wp-content\/uploads\/2025\/05\/transparent-rise-thrive-fr-1024x481.png 1024w, https:\/\/www.ysb.ca\/wp-content\/uploads\/2025\/05\/transparent-rise-thrive-fr-300x141.png 300w, https:\/\/www.ysb.ca\/wp-content\/uploads\/2025\/05\/transparent-rise-thrive-fr-768x360.png 768w, https:\/\/www.ysb.ca\/wp-content\/uploads\/2025\/05\/transparent-rise-thrive-fr-1536x721.png 1536w, https:\/\/www.ysb.ca\/wp-content\/uploads\/2025\/05\/transparent-rise-thrive-fr.png 2001w\" sizes=\"(max-width: 1024px) 100vw, 1024px\" \/>\t\t\t\t\t\t\t\t\t\t\t\t\t\t\t<\/div>\n\t\t\t\t<\/div>\n\t\t\t\t<div class=\"elementor-element elementor-element-5bc4072 elementor-widget elementor-widget-heading\" data-id=\"5bc4072\" data-element_type=\"widget\" data-e-type=\"widget\" data-widget_type=\"heading.default\">\n\t\t\t\t<div class=\"elementor-widget-container\">\n\t\t\t\t\t<h3 class=\"elementor-heading-title elementor-size-default\">Un \u00e9v\u00e8nement petit d\u00e9jeuner aux grands effets qui a pour objectif le soutien aux services du BSJ en mati\u00e8re de sant\u00e9 mentale pour les jeunes<br><br>Missur pied avec fiert\u00e9 par\nla Fondation du BSJ<br><br>16 octobre 2025, 7 h 30 \u00e0 9 h<br><br>\u00c9difice de l\u2019horticulture <br>1525, rue Princess Patricia (Lansdowne)<\/h3>\t\t\t\t<\/div>\n\t\t\t\t<\/div>\n\t\t\t\t<\/div>\n\t\t<div class=\"elementor-element elementor-element-13c3b34 e-con-full e-flex e-con e-child\" data-id=\"13c3b34\" data-element_type=\"container\" data-e-type=\"container\">\n\t\t\t\t<div class=\"elementor-element elementor-element-369a37f elementor-widget elementor-widget-image\" data-id=\"369a37f\" data-element_type=\"widget\" data-e-type=\"widget\" data-widget_type=\"image.default\">\n\t\t\t\t<div class=\"elementor-widget-container\">\n\t\t\t\t\t\t\t\t\t\t\t\t\t\t\t<img decoding=\"async\" width=\"1639\" height=\"2000\" src=\"https:\/\/www.ysb.ca\/wp-content\/uploads\/2025\/04\/rt-new-youth-website.png\" class=\"attachment-full size-full wp-image-12317\" alt=\"\" srcset=\"https:\/\/www.ysb.ca\/wp-content\/uploads\/2025\/04\/rt-new-youth-website.png 1639w, https:\/\/www.ysb.ca\/wp-content\/uploads\/2025\/04\/rt-new-youth-website-246x300.png 246w, https:\/\/www.ysb.ca\/wp-content\/uploads\/2025\/04\/rt-new-youth-website-839x1024.png 839w, https:\/\/www.ysb.ca\/wp-content\/uploads\/2025\/04\/rt-new-youth-website-768x937.png 768w, https:\/\/www.ysb.ca\/wp-content\/uploads\/2025\/04\/rt-new-youth-website-1259x1536.png 1259w\" sizes=\"(max-width: 1639px) 100vw, 1639px\" \/>\t\t\t\t\t\t\t\t\t\t\t\t\t\t\t<\/div>\n\t\t\t\t<\/div>\n\t\t\t\t<\/div>\n\t\t\t\t\t<\/div>\n\t\t\t\t<\/div>\n\t\t\t\t<\/a>\n\t\t<div class=\"elementor-element elementor-element-50f2572 e-flex e-con-boxed e-con e-parent\" data-id=\"50f2572\" data-element_type=\"container\" data-e-type=\"container\">\n\t\t\t\t\t<div class=\"e-con-inner\">\n\t\t<div class=\"elementor-element elementor-element-42dd91b e-con-full e-flex e-con e-child\" data-id=\"42dd91b\" data-element_type=\"container\" data-e-type=\"container\">\n\t\t\t\t<div class=\"elementor-element elementor-element-a47cfb2 elementor-widget elementor-widget-heading\" data-id=\"a47cfb2\" data-element_type=\"widget\" data-e-type=\"widget\" data-widget_type=\"heading.default\">\n\t\t\t\t<div class=\"elementor-widget-container\">\n\t\t\t\t\t<h2 class=\"elementor-heading-title elementor-size-default\">\u00c9V\u00c9NEMENT PETIT-D\u00c9JEUNER DE LA FONDATION YSB<\/h2>\t\t\t\t<\/div>\n\t\t\t\t<\/div>\n\t\t\t\t<div class=\"elementor-element elementor-element-b85be3f elementor-widget elementor-widget-text-editor\" data-id=\"b85be3f\" data-element_type=\"widget\" data-e-type=\"widget\" data-widget_type=\"text-editor.default\">\n\t\t\t\t<div class=\"elementor-widget-container\">\n\t\t\t\t\t\t\t\t\t<p>Lorsque vous participez au Rise &amp; Thrive votre soutien garantit aux jeunes un acc\u00e8s continu aux services de sant\u00e9 mentale du BSJ dans le but de renforcer leur r\u00e9sistance, leur sant\u00e9 et leur r\u00e9silience.<\/p>\n<p>* Veuillez noter que les achats de table et les billets ne sont pas d\u00e9ductibles des imp\u00f4ts. Mais, les dons suppl\u00e9mentaires le sont \u00e9galement.<\/p>\n\t\t\t\t\t\t\t\t<\/div>\n\t\t\t\t<\/div>\n\t\t<div class=\"elementor-element elementor-element-d01a16b e-con-full e-flex e-con e-child\" data-id=\"d01a16b\" data-element_type=\"container\" data-e-type=\"container\" data-settings=\"{&quot;background_background&quot;:&quot;classic&quot;}\">\n\t\t\t\t<div class=\"elementor-element elementor-element-691f9ce elementor-widget elementor-widget-heading\" data-id=\"691f9ce\" data-element_type=\"widget\" data-e-type=\"widget\" data-widget_type=\"heading.default\">\n\t\t\t\t<div class=\"elementor-widget-container\">\n\t\t\t\t\t<h2 class=\"elementor-heading-title elementor-size-default\">16 octobre de 7h30 \u00e0 9h00<\/h2>\t\t\t\t<\/div>\n\t\t\t\t<\/div>\n\t\t\t\t<\/div>\n\t\t\t\t<\/div>\n\t\t\t\t\t<\/div>\n\t\t\t\t<\/div>\n\t\t<div class=\"elementor-element elementor-element-088418c e-flex e-con-boxed e-con e-parent\" data-id=\"088418c\" data-element_type=\"container\" data-e-type=\"container\">\n\t\t\t\t\t<div class=\"e-con-inner\">\n\t\t\t\t<div class=\"elementor-element elementor-element-dc5a6da elementor-widget elementor-widget-html\" data-id=\"dc5a6da\" data-element_type=\"widget\" data-e-type=\"widget\" data-widget_type=\"html.default\">\n\t\t\t\t<div class=\"elementor-widget-container\">\n\t\t\t\t\t<!-- Start form embed --><br><script src=\"https:\/\/sky.blackbaudcdn.net\/static\/reg-form-loader\/5\/main.js\"><\/script><br><!--<br>  If you embed multiple forms on your page, only copy one of the <script> lines.<br>  Otherwise, multiple copies of the form will appear.<br>--><br><div\r\n  data-blackbaud-registration-form\r\n  data-blackbaud-registration-form-envid=\"p-ffCqHzygk0mDVb6rvEO9mg\"\r\n  data-blackbaud-registration-form-id=\"11fd2051-1664-4238-823c-b29fce5a374a\"\r\n  data-blackbaud-registration-form-zone=\"can\"\r\n  data-blackbaud-registration-form-header-height=\"0\">\r\n  <!--\r\n    If your page has a header\/overlay, then you can set this\r\n    'data-blackbaud-registration-form-header-height' value\r\n    to your header height so that the payment form will\r\n    scroll to the proper location when opened.\r\n  -->\r\n<\/div><br><!-- End form embed -->\t\t\t\t<\/div>\n\t\t\t\t<\/div>\n\t\t\t\t\t<\/div>\n\t\t\t\t<\/div>\n\t\t\t\t<\/div>\n\t\t","protected":false},"excerpt":{"rendered":"<p>Un \u00e9v\u00e8nement petit d\u00e9jeuner aux grands effets qui a pour objectif le soutien aux services du BSJ en mati\u00e8re de sant\u00e9 mentale pour les jeunes Missur pied avec fiert\u00e9 par la Fondation du BSJ 16 octobre 2025, 7 h 30 \u00e0 9 h \u00c9difice de l\u2019horticulture 1525, rue Princess Patricia (Lansdowne) \u00c9V\u00c9NEMENT PETIT-D\u00c9JEUNER DE LA [&hellip;]<\/p>\n","protected":false},"author":3,"featured_media":0,"parent":12453,"menu_order":0,"comment_status":"closed","ping_status":"closed","template":"elementor_header_footer","meta":{"rs_blank_template":"","rs_page_bg_color":"","slide_template_v7":"","footnotes":""},"class_list":["post-12486","page","type-page","status-publish","hentry"],"yoast_head":"<!-- This site is optimized with the Yoast SEO plugin v27.4 - https:\/\/yoast.com\/product\/yoast-seo-wordpress\/ -->\n<title>Billets - Youth Services Jeunesse<\/title>\n<meta name=\"robots\" content=\"index, follow, max-snippet:-1, max-image-preview:large, max-video-preview:-1\" \/>\n<link rel=\"canonical\" href=\"https:\/\/www.ysb.ca\/fr\/rise-and-thrive\/billets\/\" \/>\n<meta property=\"og:locale\" content=\"fr_FR\" \/>\n<meta property=\"og:type\" content=\"article\" \/>\n<meta property=\"og:title\" content=\"Billets - Youth Services Jeunesse\" \/>\n<meta property=\"og:description\" content=\"Un \u00e9v\u00e8nement petit d\u00e9jeuner aux grands effets qui a pour objectif le soutien aux services du BSJ en mati\u00e8re de sant\u00e9 mentale pour les jeunes Missur pied avec fiert\u00e9 par la Fondation du BSJ 16 octobre 2025, 7 h 30 \u00e0 9 h \u00c9difice de l\u2019horticulture 1525, rue Princess Patricia (Lansdowne) \u00c9V\u00c9NEMENT PETIT-D\u00c9JEUNER DE LA [&hellip;]\" \/>\n<meta property=\"og:url\" content=\"https:\/\/www.ysb.ca\/fr\/rise-and-thrive\/billets\/\" \/>\n<meta property=\"og:site_name\" content=\"Youth Services Jeunesse\" \/>\n<meta property=\"article:modified_time\" content=\"2025-06-02T16:57:52+00:00\" \/>\n<meta property=\"og:image\" content=\"https:\/\/www.ysb.ca\/wp-content\/uploads\/2025\/05\/transparent-rise-thrive-fr.png\" \/>\n\t<meta property=\"og:image:width\" content=\"2001\" \/>\n\t<meta property=\"og:image:height\" content=\"939\" \/>\n\t<meta property=\"og:image:type\" content=\"image\/png\" \/>\n<meta name=\"twitter:card\" content=\"summary_large_image\" \/>\n<meta name=\"twitter:label1\" content=\"Dur\u00e9e de lecture estim\u00e9e\" \/>\n\t<meta name=\"twitter:data1\" content=\"2 minutes\" \/>\n<script type=\"application\/ld+json\" class=\"yoast-schema-graph\">{\"@context\":\"https:\\\/\\\/schema.org\",\"@graph\":[{\"@type\":\"WebPage\",\"@id\":\"https:\\\/\\\/www.ysb.ca\\\/fr\\\/rise-and-thrive\\\/billets\\\/\",\"url\":\"https:\\\/\\\/www.ysb.ca\\\/fr\\\/rise-and-thrive\\\/billets\\\/\",\"name\":\"Billets - Youth Services Jeunesse\",\"isPartOf\":{\"@id\":\"https:\\\/\\\/www.ysb.ca\\\/fr\\\/#website\"},\"primaryImageOfPage\":{\"@id\":\"https:\\\/\\\/www.ysb.ca\\\/fr\\\/rise-and-thrive\\\/billets\\\/#primaryimage\"},\"image\":{\"@id\":\"https:\\\/\\\/www.ysb.ca\\\/fr\\\/rise-and-thrive\\\/billets\\\/#primaryimage\"},\"thumbnailUrl\":\"https:\\\/\\\/www.ysb.ca\\\/wp-content\\\/uploads\\\/2025\\\/05\\\/transparent-rise-thrive-fr-1024x481.png\",\"datePublished\":\"2025-05-23T16:32:54+00:00\",\"dateModified\":\"2025-06-02T16:57:52+00:00\",\"breadcrumb\":{\"@id\":\"https:\\\/\\\/www.ysb.ca\\\/fr\\\/rise-and-thrive\\\/billets\\\/#breadcrumb\"},\"inLanguage\":\"fr-FR\",\"potentialAction\":[{\"@type\":\"ReadAction\",\"target\":[\"https:\\\/\\\/www.ysb.ca\\\/fr\\\/rise-and-thrive\\\/billets\\\/\"]}]},{\"@type\":\"ImageObject\",\"inLanguage\":\"fr-FR\",\"@id\":\"https:\\\/\\\/www.ysb.ca\\\/fr\\\/rise-and-thrive\\\/billets\\\/#primaryimage\",\"url\":\"https:\\\/\\\/www.ysb.ca\\\/wp-content\\\/uploads\\\/2025\\\/05\\\/transparent-rise-thrive-fr-1024x481.png\",\"contentUrl\":\"https:\\\/\\\/www.ysb.ca\\\/wp-content\\\/uploads\\\/2025\\\/05\\\/transparent-rise-thrive-fr-1024x481.png\"},{\"@type\":\"BreadcrumbList\",\"@id\":\"https:\\\/\\\/www.ysb.ca\\\/fr\\\/rise-and-thrive\\\/billets\\\/#breadcrumb\",\"itemListElement\":[{\"@type\":\"ListItem\",\"position\":1,\"name\":\"Home\",\"item\":\"https:\\\/\\\/www.ysb.ca\\\/fr\\\/\"},{\"@type\":\"ListItem\",\"position\":2,\"name\":\"Rise and Thrive\",\"item\":\"https:\\\/\\\/www.ysb.ca\\\/fr\\\/rise-and-thrive\\\/\"},{\"@type\":\"ListItem\",\"position\":3,\"name\":\"Billets\"}]},{\"@type\":\"WebSite\",\"@id\":\"https:\\\/\\\/www.ysb.ca\\\/fr\\\/#website\",\"url\":\"https:\\\/\\\/www.ysb.ca\\\/fr\\\/\",\"name\":\"Youth Services Jeunesse\",\"description\":\"Ottawa Youth Services Jeunesse\",\"publisher\":{\"@id\":\"https:\\\/\\\/www.ysb.ca\\\/fr\\\/#organization\"},\"potentialAction\":[{\"@type\":\"SearchAction\",\"target\":{\"@type\":\"EntryPoint\",\"urlTemplate\":\"https:\\\/\\\/www.ysb.ca\\\/fr\\\/?s={search_term_string}\"},\"query-input\":{\"@type\":\"PropertyValueSpecification\",\"valueRequired\":true,\"valueName\":\"search_term_string\"}}],\"inLanguage\":\"fr-FR\"},{\"@type\":\"Organization\",\"@id\":\"https:\\\/\\\/www.ysb.ca\\\/fr\\\/#organization\",\"name\":\"Youth Services Jeunesse\",\"url\":\"https:\\\/\\\/www.ysb.ca\\\/fr\\\/\",\"logo\":{\"@type\":\"ImageObject\",\"inLanguage\":\"fr-FR\",\"@id\":\"https:\\\/\\\/www.ysb.ca\\\/fr\\\/#\\\/schema\\\/logo\\\/image\\\/\",\"url\":\"https:\\\/\\\/www.ysb.ca\\\/wp-content\\\/uploads\\\/2020\\\/09\\\/ysb-logo.png\",\"contentUrl\":\"https:\\\/\\\/www.ysb.ca\\\/wp-content\\\/uploads\\\/2020\\\/09\\\/ysb-logo.png\",\"width\":238,\"height\":94,\"caption\":\"Youth Services Jeunesse\"},\"image\":{\"@id\":\"https:\\\/\\\/www.ysb.ca\\\/fr\\\/#\\\/schema\\\/logo\\\/image\\\/\"},\"sameAs\":[\"https:\\\/\\\/www.instagram.com\\\/ysb.bsj\\\/\",\"https:\\\/\\\/www.youtube.com\\\/user\\\/YSBOttawa\"]}]}<\/script>\n<!-- \/ Yoast SEO plugin. -->","yoast_head_json":{"title":"Billets - Youth Services Jeunesse","robots":{"index":"index","follow":"follow","max-snippet":"max-snippet:-1","max-image-preview":"max-image-preview:large","max-video-preview":"max-video-preview:-1"},"canonical":"https:\/\/www.ysb.ca\/fr\/rise-and-thrive\/billets\/","og_locale":"fr_FR","og_type":"article","og_title":"Billets - Youth Services Jeunesse","og_description":"Un \u00e9v\u00e8nement petit d\u00e9jeuner aux grands effets qui a pour objectif le soutien aux services du BSJ en mati\u00e8re de sant\u00e9 mentale pour les jeunes Missur pied avec fiert\u00e9 par la Fondation du BSJ 16 octobre 2025, 7 h 30 \u00e0 9 h \u00c9difice de l\u2019horticulture 1525, rue Princess Patricia (Lansdowne) \u00c9V\u00c9NEMENT PETIT-D\u00c9JEUNER DE LA [&hellip;]","og_url":"https:\/\/www.ysb.ca\/fr\/rise-and-thrive\/billets\/","og_site_name":"Youth Services Jeunesse","article_modified_time":"2025-06-02T16:57:52+00:00","og_image":[{"width":2001,"height":939,"url":"https:\/\/www.ysb.ca\/wp-content\/uploads\/2025\/05\/transparent-rise-thrive-fr.png","type":"image\/png"}],"twitter_card":"summary_large_image","twitter_misc":{"Dur\u00e9e de lecture estim\u00e9e":"2 minutes"},"schema":{"@context":"https:\/\/schema.org","@graph":[{"@type":"WebPage","@id":"https:\/\/www.ysb.ca\/fr\/rise-and-thrive\/billets\/","url":"https:\/\/www.ysb.ca\/fr\/rise-and-thrive\/billets\/","name":"Billets - Youth Services Jeunesse","isPartOf":{"@id":"https:\/\/www.ysb.ca\/fr\/#website"},"primaryImageOfPage":{"@id":"https:\/\/www.ysb.ca\/fr\/rise-and-thrive\/billets\/#primaryimage"},"image":{"@id":"https:\/\/www.ysb.ca\/fr\/rise-and-thrive\/billets\/#primaryimage"},"thumbnailUrl":"https:\/\/www.ysb.ca\/wp-content\/uploads\/2025\/05\/transparent-rise-thrive-fr-1024x481.png","datePublished":"2025-05-23T16:32:54+00:00","dateModified":"2025-06-02T16:57:52+00:00","breadcrumb":{"@id":"https:\/\/www.ysb.ca\/fr\/rise-and-thrive\/billets\/#breadcrumb"},"inLanguage":"fr-FR","potentialAction":[{"@type":"ReadAction","target":["https:\/\/www.ysb.ca\/fr\/rise-and-thrive\/billets\/"]}]},{"@type":"ImageObject","inLanguage":"fr-FR","@id":"https:\/\/www.ysb.ca\/fr\/rise-and-thrive\/billets\/#primaryimage","url":"https:\/\/www.ysb.ca\/wp-content\/uploads\/2025\/05\/transparent-rise-thrive-fr-1024x481.png","contentUrl":"https:\/\/www.ysb.ca\/wp-content\/uploads\/2025\/05\/transparent-rise-thrive-fr-1024x481.png"},{"@type":"BreadcrumbList","@id":"https:\/\/www.ysb.ca\/fr\/rise-and-thrive\/billets\/#breadcrumb","itemListElement":[{"@type":"ListItem","position":1,"name":"Home","item":"https:\/\/www.ysb.ca\/fr\/"},{"@type":"ListItem","position":2,"name":"Rise and Thrive","item":"https:\/\/www.ysb.ca\/fr\/rise-and-thrive\/"},{"@type":"ListItem","position":3,"name":"Billets"}]},{"@type":"WebSite","@id":"https:\/\/www.ysb.ca\/fr\/#website","url":"https:\/\/www.ysb.ca\/fr\/","name":"Youth Services Jeunesse","description":"Ottawa Youth Services Jeunesse","publisher":{"@id":"https:\/\/www.ysb.ca\/fr\/#organization"},"potentialAction":[{"@type":"SearchAction","target":{"@type":"EntryPoint","urlTemplate":"https:\/\/www.ysb.ca\/fr\/?s={search_term_string}"},"query-input":{"@type":"PropertyValueSpecification","valueRequired":true,"valueName":"search_term_string"}}],"inLanguage":"fr-FR"},{"@type":"Organization","@id":"https:\/\/www.ysb.ca\/fr\/#organization","name":"Youth Services Jeunesse","url":"https:\/\/www.ysb.ca\/fr\/","logo":{"@type":"ImageObject","inLanguage":"fr-FR","@id":"https:\/\/www.ysb.ca\/fr\/#\/schema\/logo\/image\/","url":"https:\/\/www.ysb.ca\/wp-content\/uploads\/2020\/09\/ysb-logo.png","contentUrl":"https:\/\/www.ysb.ca\/wp-content\/uploads\/2020\/09\/ysb-logo.png","width":238,"height":94,"caption":"Youth Services Jeunesse"},"image":{"@id":"https:\/\/www.ysb.ca\/fr\/#\/schema\/logo\/image\/"},"sameAs":["https:\/\/www.instagram.com\/ysb.bsj\/","https:\/\/www.youtube.com\/user\/YSBOttawa"]}]}},"_links":{"self":[{"href":"https:\/\/www.ysb.ca\/fr\/wp-json\/wp\/v2\/pages\/12486","targetHints":{"allow":["GET"]}}],"collection":[{"href":"https:\/\/www.ysb.ca\/fr\/wp-json\/wp\/v2\/pages"}],"about":[{"href":"https:\/\/www.ysb.ca\/fr\/wp-json\/wp\/v2\/types\/page"}],"author":[{"embeddable":true,"href":"https:\/\/www.ysb.ca\/fr\/wp-json\/wp\/v2\/users\/3"}],"replies":[{"embeddable":true,"href":"https:\/\/www.ysb.ca\/fr\/wp-json\/wp\/v2\/comments?post=12486"}],"version-history":[{"count":7,"href":"https:\/\/www.ysb.ca\/fr\/wp-json\/wp\/v2\/pages\/12486\/revisions"}],"predecessor-version":[{"id":12560,"href":"https:\/\/www.ysb.ca\/fr\/wp-json\/wp\/v2\/pages\/12486\/revisions\/12560"}],"up":[{"embeddable":true,"href":"https:\/\/www.ysb.ca\/fr\/wp-json\/wp\/v2\/pages\/12453"}],"wp:attachment":[{"href":"https:\/\/www.ysb.ca\/fr\/wp-json\/wp\/v2\/media?parent=12486"}],"curies":[{"name":"wp","href":"https:\/\/api.w.org\/{rel}","templated":true}]}}